{"id":1609225,"date":"2026-04-04T12:34:53","date_gmt":"2026-04-04T10:34:53","guid":{"rendered":"https:\/\/dev6.erresse-shop.it\/shop\/non%20class\u00e9\/alessi-plisse-chauffe-brioche-noir\/"},"modified":"2025-09-14T06:20:17","modified_gmt":"2025-09-14T04:20:17","slug":"alessi-plisse-chauffe-brioche-noir","status":"publish","type":"product","link":"https:\/\/dev6.erresse-shop.it\/fr\/shop\/petits-electromenagers\/grille-pains\/alessi-plisse-chauffe-brioche-noir\/","title":{"rendered":"ALESSI Plisse Chauffe-brioche noir"},"content":{"rendered":"<p>Le chauffe-brioche Pliss\u00e9 d\u2019Alessi est un accessoire petit mais indispensable, parfait pour r\u00e9chauffer croissants, brioches et g\u00e2teaux et pour garder au chaud le pain grill\u00e9. Absolument g\u00e9nial ! La grille en acier inoxydable s\u2019adapte simplement \u00e0 l\u2019appareil et est con\u00e7ue pour les grille-pain Pliss\u00e9 de taille standard.<\/p>\n<p>Les tissus pliss\u00e9s iconiques de la haute couture habillent la s\u00e9rie de petits appareils \u00e9lectrom\u00e9nagers dessin\u00e9e par Michele De Lucchi. La collection Pliss\u00e8 conf\u00e8re \u00e0 l\u2019environnement domestique une touche de l\u00e9g\u00e8ret\u00e9 raffin\u00e9e.<\/p>\n<p>Caract\u00e9ristiques\u00a0:<\/p>\n<p>Hauteur (cm) : 10,5<br \/>\nLongueur (cm)\u00a0:\u00a026<br \/>\nLargeur (cm) : 5,5<\/p>\n","protected":false},"excerpt":{"rendered":"<p>Le chauffe-brioche Pliss\u00e9 d\u2019Alessi est un accessoire petit mais indispensable, parfait pour r\u00e9chauffer croissants, brioches et g\u00e2teaux et pour garder au chaud le pain grill\u00e9. Absolument g\u00e9nial ! La grille en acier inoxydable s\u2019adapte simplement \u00e0 l\u2019appareil et est con\u00e7ue pour les grille-pain Pliss\u00e9 de taille standard. Les tissus pliss\u00e9s iconiques de la haute couture [&hellip;]<\/p>\n","protected":false},"featured_media":6290308,"template":"","meta":{"_acf_changed":false},"product_cat":[12068,12055],"product_tag":[],"class_list":{"0":"post-1609225","1":"product","2":"type-product","3":"status-publish","4":"has-post-thumbnail","6":"product_cat-grille-pains","7":"product_cat-petits-electromenagers","9":"first","10":"instock","11":"taxable","12":"shipping-taxable","13":"purchasable","14":"product-type-simple","swatches":"rey-swatches","show_selected":"","stretch_labels":"rey-swatches--stretch-labels"},"acf":[],"yoast_head":"<!-- This site is optimized with the Yoast SEO plugin v25.4 - https:\/\/yoast.com\/wordpress\/plugins\/seo\/ -->\n<title>ALESSI Plisse Chauffe-brioche noir - dev6 Erresse<\/title>\n<meta name=\"description\" content=\"Le chauffe-brioche Pliss\u00e9 d\u2019Alessi est un accessoire petit mais indispensable, parfait pour r\u00e9chauffer croissants, brioches et g\u00e2teaux et pour garder au\" \/>\n<meta name=\"robots\" content=\"noindex, follow, max-snippet:-1, max-image-preview:large, max-video-preview:-1\" \/>\n<meta property=\"og:locale\" content=\"fr_FR\" \/>\n<meta property=\"og:type\" content=\"article\" \/>\n<meta property=\"og:title\" content=\"ALESSI Plisse Chauffe-brioche noir - dev6 Erresse\" \/>\n<meta property=\"og:description\" content=\"Le chauffe-brioche Pliss\u00e9 d\u2019Alessi est un accessoire petit mais indispensable, parfait pour r\u00e9chauffer croissants, brioches et g\u00e2teaux et pour garder au\" \/>\n<meta property=\"og:url\" content=\"https:\/\/dev6.erresse-shop.it\/fr\/shop\/petits-electromenagers\/grille-pains\/alessi-plisse-chauffe-brioche-noir\/\" \/>\n<meta property=\"og:site_name\" content=\"dev6 Erresse\" \/>\n<meta property=\"og:image\" content=\"https:\/\/interpim.erresse-shop.it\/Import\/Prodotti\/alessi-plisse-scalda-brioche-nero1.jpg\" \/><meta property=\"og:image\" content=\"https:\/\/interpim.erresse-shop.it\/Import\/Prodotti\/alessi-plisse-scalda-brioche-nero1.jpg\" \/>\n\t<meta property=\"og:image:width\" content=\"1024\" \/>\n\t<meta property=\"og:image:height\" content=\"1024\" \/>\n\t<meta property=\"og:image:type\" content=\"image\/jpeg\" \/>\n<meta name=\"twitter:card\" content=\"summary_large_image\" \/>\n<meta name=\"twitter:image\" content=\"https:\/\/interpim.erresse-shop.it\/Import\/Prodotti\/alessi-plisse-scalda-brioche-nero1.jpg\" \/>\n<script type=\"application\/ld+json\" class=\"yoast-schema-graph\">{\"@context\":\"https:\/\/schema.org\",\"@graph\":[{\"@type\":\"WebPage\",\"@id\":\"https:\/\/dev6.erresse-shop.it\/fr\/shop\/petits-electromenagers\/grille-pains\/alessi-plisse-chauffe-brioche-noir\/\",\"url\":\"https:\/\/dev6.erresse-shop.it\/fr\/shop\/petits-electromenagers\/grille-pains\/alessi-plisse-chauffe-brioche-noir\/\",\"name\":\"ALESSI Plisse Chauffe-brioche noir - dev6 Erresse\",\"isPartOf\":{\"@id\":\"https:\/\/dev6.erresse-shop.it\/#website\"},\"primaryImageOfPage\":{\"@id\":\"https:\/\/dev6.erresse-shop.it\/fr\/shop\/petits-electromenagers\/grille-pains\/alessi-plisse-chauffe-brioche-noir\/#primaryimage\"},\"image\":{\"@id\":\"https:\/\/dev6.erresse-shop.it\/fr\/shop\/petits-electromenagers\/grille-pains\/alessi-plisse-chauffe-brioche-noir\/#primaryimage\"},\"thumbnailUrl\":\"https:\/\/i0.wp.com\/interpim.erresse-shop.it\/Import\/Prodotti\/alessi-plisse-scalda-brioche-nero1.jpg?ssl=1\",\"datePublished\":\"2026-04-04T10:34:53+00:00\",\"description\":\"Le chauffe-brioche Pliss\u00e9 d\u2019Alessi est un accessoire petit mais indispensable, parfait pour r\u00e9chauffer croissants, brioches et g\u00e2teaux et pour garder au\",\"breadcrumb\":{\"@id\":\"https:\/\/dev6.erresse-shop.it\/fr\/shop\/petits-electromenagers\/grille-pains\/alessi-plisse-chauffe-brioche-noir\/#breadcrumb\"},\"inLanguage\":\"fr-FR\",\"potentialAction\":[{\"@type\":\"ReadAction\",\"target\":[\"https:\/\/dev6.erresse-shop.it\/fr\/shop\/petits-electromenagers\/grille-pains\/alessi-plisse-chauffe-brioche-noir\/\"]}]},{\"@type\":\"ImageObject\",\"inLanguage\":\"fr-FR\",\"@id\":\"https:\/\/dev6.erresse-shop.it\/fr\/shop\/petits-electromenagers\/grille-pains\/alessi-plisse-chauffe-brioche-noir\/#primaryimage\",\"url\":\"https:\/\/i0.wp.com\/interpim.erresse-shop.it\/Import\/Prodotti\/alessi-plisse-scalda-brioche-nero1.jpg?ssl=1\",\"contentUrl\":\"https:\/\/i0.wp.com\/interpim.erresse-shop.it\/Import\/Prodotti\/alessi-plisse-scalda-brioche-nero1.jpg?ssl=1\"},{\"@type\":\"BreadcrumbList\",\"@id\":\"https:\/\/dev6.erresse-shop.it\/fr\/shop\/petits-electromenagers\/grille-pains\/alessi-plisse-chauffe-brioche-noir\/#breadcrumb\",\"itemListElement\":[{\"@type\":\"ListItem\",\"position\":1,\"name\":\"Home\",\"item\":\"https:\/\/dev6.erresse-shop.it\/\"},{\"@type\":\"ListItem\",\"position\":2,\"name\":\"Boutique\",\"item\":\"https:\/\/dev6.erresse-shop.it\/shop\/\"},{\"@type\":\"ListItem\",\"position\":3,\"name\":\"ALESSI Plisse Chauffe-brioche noir\"}]},{\"@type\":\"WebSite\",\"@id\":\"https:\/\/dev6.erresse-shop.it\/#website\",\"url\":\"https:\/\/dev6.erresse-shop.it\/\",\"name\":\"Erresse Shop\",\"description\":\"\",\"publisher\":{\"@id\":\"https:\/\/dev6.erresse-shop.it\/#organization\"},\"potentialAction\":[{\"@type\":\"SearchAction\",\"target\":{\"@type\":\"EntryPoint\",\"urlTemplate\":\"https:\/\/dev6.erresse-shop.it\/?s={search_term_string}\"},\"query-input\":{\"@type\":\"PropertyValueSpecification\",\"valueRequired\":true,\"valueName\":\"search_term_string\"}}],\"inLanguage\":\"fr-FR\"},{\"@type\":\"Organization\",\"@id\":\"https:\/\/dev6.erresse-shop.it\/#organization\",\"name\":\"Erresse Shop\",\"url\":\"https:\/\/dev6.erresse-shop.it\/\",\"logo\":{\"@type\":\"ImageObject\",\"inLanguage\":\"fr-FR\",\"@id\":\"https:\/\/dev6.erresse-shop.it\/#\/schema\/logo\/image\/\",\"url\":\"https:\/\/dev6.erresse-shop.it\/wp-content\/uploads\/2025\/01\/LOGO-ERRESSE-CLASSICO.svg\",\"contentUrl\":\"https:\/\/dev6.erresse-shop.it\/wp-content\/uploads\/2025\/01\/LOGO-ERRESSE-CLASSICO.svg\",\"caption\":\"Erresse Shop\"},\"image\":{\"@id\":\"https:\/\/dev6.erresse-shop.it\/#\/schema\/logo\/image\/\"}}]}<\/script>\n<!-- \/ Yoast SEO plugin. -->","yoast_head_json":{"title":"ALESSI Plisse Chauffe-brioche noir - dev6 Erresse","description":"Le chauffe-brioche Pliss\u00e9 d\u2019Alessi est un accessoire petit mais indispensable, parfait pour r\u00e9chauffer croissants, brioches et g\u00e2teaux et pour garder au","robots":{"index":"noindex","follow":"follow","max-snippet":"max-snippet:-1","max-image-preview":"max-image-preview:large","max-video-preview":"max-video-preview:-1"},"og_locale":"fr_FR","og_type":"article","og_title":"ALESSI Plisse Chauffe-brioche noir - dev6 Erresse","og_description":"Le chauffe-brioche Pliss\u00e9 d\u2019Alessi est un accessoire petit mais indispensable, parfait pour r\u00e9chauffer croissants, brioches et g\u00e2teaux et pour garder au","og_url":"https:\/\/dev6.erresse-shop.it\/fr\/shop\/petits-electromenagers\/grille-pains\/alessi-plisse-chauffe-brioche-noir\/","og_site_name":"dev6 Erresse","og_image":[{"url":"https:\/\/interpim.erresse-shop.it\/Import\/Prodotti\/alessi-plisse-scalda-brioche-nero1.jpg","type":"","width":"","height":""},{"url":"https:\/\/interpim.erresse-shop.it\/Import\/Prodotti\/alessi-plisse-scalda-brioche-nero1.jpg","width":1024,"height":1024,"type":"image\/jpeg"}],"twitter_card":"summary_large_image","twitter_image":"https:\/\/interpim.erresse-shop.it\/Import\/Prodotti\/alessi-plisse-scalda-brioche-nero1.jpg","schema":{"@context":"https:\/\/schema.org","@graph":[{"@type":"WebPage","@id":"https:\/\/dev6.erresse-shop.it\/fr\/shop\/petits-electromenagers\/grille-pains\/alessi-plisse-chauffe-brioche-noir\/","url":"https:\/\/dev6.erresse-shop.it\/fr\/shop\/petits-electromenagers\/grille-pains\/alessi-plisse-chauffe-brioche-noir\/","name":"ALESSI Plisse Chauffe-brioche noir - dev6 Erresse","isPartOf":{"@id":"https:\/\/dev6.erresse-shop.it\/#website"},"primaryImageOfPage":{"@id":"https:\/\/dev6.erresse-shop.it\/fr\/shop\/petits-electromenagers\/grille-pains\/alessi-plisse-chauffe-brioche-noir\/#primaryimage"},"image":{"@id":"https:\/\/dev6.erresse-shop.it\/fr\/shop\/petits-electromenagers\/grille-pains\/alessi-plisse-chauffe-brioche-noir\/#primaryimage"},"thumbnailUrl":"https:\/\/i0.wp.com\/interpim.erresse-shop.it\/Import\/Prodotti\/alessi-plisse-scalda-brioche-nero1.jpg?ssl=1","datePublished":"2026-04-04T10:34:53+00:00","description":"Le chauffe-brioche Pliss\u00e9 d\u2019Alessi est un accessoire petit mais indispensable, parfait pour r\u00e9chauffer croissants, brioches et g\u00e2teaux et pour garder au","breadcrumb":{"@id":"https:\/\/dev6.erresse-shop.it\/fr\/shop\/petits-electromenagers\/grille-pains\/alessi-plisse-chauffe-brioche-noir\/#breadcrumb"},"inLanguage":"fr-FR","potentialAction":[{"@type":"ReadAction","target":["https:\/\/dev6.erresse-shop.it\/fr\/shop\/petits-electromenagers\/grille-pains\/alessi-plisse-chauffe-brioche-noir\/"]}]},{"@type":"ImageObject","inLanguage":"fr-FR","@id":"https:\/\/dev6.erresse-shop.it\/fr\/shop\/petits-electromenagers\/grille-pains\/alessi-plisse-chauffe-brioche-noir\/#primaryimage","url":"https:\/\/i0.wp.com\/interpim.erresse-shop.it\/Import\/Prodotti\/alessi-plisse-scalda-brioche-nero1.jpg?ssl=1","contentUrl":"https:\/\/i0.wp.com\/interpim.erresse-shop.it\/Import\/Prodotti\/alessi-plisse-scalda-brioche-nero1.jpg?ssl=1"},{"@type":"BreadcrumbList","@id":"https:\/\/dev6.erresse-shop.it\/fr\/shop\/petits-electromenagers\/grille-pains\/alessi-plisse-chauffe-brioche-noir\/#breadcrumb","itemListElement":[{"@type":"ListItem","position":1,"name":"Home","item":"https:\/\/dev6.erresse-shop.it\/"},{"@type":"ListItem","position":2,"name":"Boutique","item":"https:\/\/dev6.erresse-shop.it\/shop\/"},{"@type":"ListItem","position":3,"name":"ALESSI Plisse Chauffe-brioche noir"}]},{"@type":"WebSite","@id":"https:\/\/dev6.erresse-shop.it\/#website","url":"https:\/\/dev6.erresse-shop.it\/","name":"Erresse Shop","description":"","publisher":{"@id":"https:\/\/dev6.erresse-shop.it\/#organization"},"potentialAction":[{"@type":"SearchAction","target":{"@type":"EntryPoint","urlTemplate":"https:\/\/dev6.erresse-shop.it\/?s={search_term_string}"},"query-input":{"@type":"PropertyValueSpecification","valueRequired":true,"valueName":"search_term_string"}}],"inLanguage":"fr-FR"},{"@type":"Organization","@id":"https:\/\/dev6.erresse-shop.it\/#organization","name":"Erresse Shop","url":"https:\/\/dev6.erresse-shop.it\/","logo":{"@type":"ImageObject","inLanguage":"fr-FR","@id":"https:\/\/dev6.erresse-shop.it\/#\/schema\/logo\/image\/","url":"https:\/\/dev6.erresse-shop.it\/wp-content\/uploads\/2025\/01\/LOGO-ERRESSE-CLASSICO.svg","contentUrl":"https:\/\/dev6.erresse-shop.it\/wp-content\/uploads\/2025\/01\/LOGO-ERRESSE-CLASSICO.svg","caption":"Erresse Shop"},"image":{"@id":"https:\/\/dev6.erresse-shop.it\/#\/schema\/logo\/image\/"}}]}},"df_price":15,"df_sale_price":"","df_regular_price":15,"df_image_link":"https:\/\/i0.wp.com\/interpim.erresse-shop.it\/Import\/Prodotti\/alessi-plisse-scalda-brioche-nero1.jpg?resize=300,300&ssl=1","fifu_image_url":"https:\/\/interpim.erresse-shop.it\/Import\/Prodotti\/alessi-plisse-scalda-brioche-nero1.jpg","_links":{"self":[{"href":"https:\/\/dev6.erresse-shop.it\/fr\/wp-json\/wp\/v2\/product\/1609225","targetHints":{"allow":["GET"]}}],"collection":[{"href":"https:\/\/dev6.erresse-shop.it\/fr\/wp-json\/wp\/v2\/product"}],"about":[{"href":"https:\/\/dev6.erresse-shop.it\/fr\/wp-json\/wp\/v2\/types\/product"}],"wp:featuredmedia":[{"embeddable":true,"href":"https:\/\/dev6.erresse-shop.it\/fr\/wp-json\/wp\/v2\/media\/6290308"}],"wp:attachment":[{"href":"https:\/\/dev6.erresse-shop.it\/fr\/wp-json\/wp\/v2\/media?parent=1609225"}],"wp:term":[{"taxonomy":"product_cat","embeddable":true,"href":"https:\/\/dev6.erresse-shop.it\/fr\/wp-json\/wp\/v2\/product_cat?post=1609225"},{"taxonomy":"product_tag","embeddable":true,"href":"https:\/\/dev6.erresse-shop.it\/fr\/wp-json\/wp\/v2\/product_tag?post=1609225"}],"curies":[{"name":"wp","href":"https:\/\/api.w.org\/{rel}","templated":true}]}}