{"id":1609215,"date":"2026-04-10T13:13:39","date_gmt":"2026-04-10T11:13:39","guid":{"rendered":"https:\/\/dev6.erresse-shop.it\/shop\/non%20class\u00e9\/alessi-plisse-presse-agrumes-electrique-rouge\/"},"modified":"2025-07-19T04:06:20","modified_gmt":"2025-07-19T02:06:20","slug":"alessi-plisse-presse-agrumes-electrique-rouge","status":"publish","type":"product","link":"https:\/\/dev6.erresse-shop.it\/fr\/shop\/petits-electromenagers\/presse-agrumes\/alessi-plisse-presse-agrumes-electrique-rouge\/","title":{"rendered":"ALESSI Pliss\u00e9 Presse-agrumes \u00e9lectrique Rouge"},"content":{"rendered":"<p>Le presse-agrumes \u00e9lectrique design Pliss\u00e9 est bien plus qu\u2019un simple appareil \u00e9lectrom\u00e9nager : c\u2019est une petite architecture domestique qui ajoute une touche d\u2019\u00e9l\u00e9gance \u00e0 votre cuisine. Son design raffin\u00e9 repr\u00e9sente un mariage heureux entre la mode et le design, transformant chaque pression en une exp\u00e9rience haute couture. Pratique \u00e0 utiliser et facile \u00e0 nettoyer, le presse-agrumes Pliss\u00e9 devient un objet indispensable pour ceux qui aiment s\u2019entourer de beaut\u00e9 et prendre soin de chaque d\u00e9tail de leur maison. Ajoutez une touche de style et prenez soin de vous avec le presse-agrumes \u00e9lectrique design Pliss\u00e9.<\/p>\n<p>Presse-agrumes \u00e9lectrique en r\u00e9sine thermoplastique<\/p>\n<p>Caract\u00e9ristiques\u00a0:<\/p>\n<p>Diam\u00e8tre (cm) : 18,50<br \/>\nHauteur (cm): 28:00<\/p>\n<p>Not for sale outside Europe<\/p>\n","protected":false},"excerpt":{"rendered":"<p>Le presse-agrumes \u00e9lectrique design Pliss\u00e9 est bien plus qu\u2019un simple appareil \u00e9lectrom\u00e9nager : c\u2019est une petite architecture domestique qui ajoute une touche d\u2019\u00e9l\u00e9gance \u00e0 votre cuisine. Son design raffin\u00e9 repr\u00e9sente un mariage heureux entre la mode et le design, transformant chaque pression en une exp\u00e9rience haute couture. Pratique \u00e0 utiliser et facile \u00e0 nettoyer, le [&hellip;]<\/p>\n","protected":false},"featured_media":6331910,"template":"","meta":{"_acf_changed":false},"product_cat":[12055,12067],"product_tag":[],"class_list":{"0":"post-1609215","1":"product","2":"type-product","3":"status-publish","4":"has-post-thumbnail","6":"product_cat-petits-electromenagers","7":"product_cat-presse-agrumes","9":"first","10":"instock","11":"sale","12":"taxable","13":"shipping-taxable","14":"purchasable","15":"product-type-simple","swatches":"rey-swatches","show_selected":"","stretch_labels":"rey-swatches--stretch-labels"},"acf":[],"yoast_head":"<!-- This site is optimized with the Yoast SEO plugin v25.4 - https:\/\/yoast.com\/wordpress\/plugins\/seo\/ -->\n<title>ALESSI Pliss\u00e9 Presse-agrumes \u00e9lectrique Rouge - dev6 Erresse<\/title>\n<meta name=\"description\" content=\"Le presse-agrumes \u00e9lectrique design Pliss\u00e9 est bien plus qu\u2019un simple appareil \u00e9lectrom\u00e9nager : c\u2019est une petite architecture domestique qui ajoute une\" \/>\n<meta name=\"robots\" content=\"noindex, follow, max-snippet:-1, max-image-preview:large, max-video-preview:-1\" \/>\n<meta property=\"og:locale\" content=\"fr_FR\" \/>\n<meta property=\"og:type\" content=\"article\" \/>\n<meta property=\"og:title\" content=\"ALESSI Pliss\u00e9 Presse-agrumes \u00e9lectrique Rouge - dev6 Erresse\" \/>\n<meta property=\"og:description\" content=\"Le presse-agrumes \u00e9lectrique design Pliss\u00e9 est bien plus qu\u2019un simple appareil \u00e9lectrom\u00e9nager : c\u2019est une petite architecture domestique qui ajoute une\" \/>\n<meta property=\"og:url\" content=\"https:\/\/dev6.erresse-shop.it\/fr\/shop\/petits-electromenagers\/presse-agrumes\/alessi-plisse-presse-agrumes-electrique-rouge\/\" \/>\n<meta property=\"og:site_name\" content=\"dev6 Erresse\" \/>\n<meta property=\"og:image\" content=\"https:\/\/interpim.erresse-shop.it\/Import\/Prodotti\/alessi-plisse-spremiagrumi-elettrico-rosso.jpg\" \/><meta property=\"og:image\" content=\"https:\/\/interpim.erresse-shop.it\/Import\/Prodotti\/alessi-plisse-spremiagrumi-elettrico-rosso.jpg\" \/>\n\t<meta property=\"og:image:width\" content=\"1024\" \/>\n\t<meta property=\"og:image:height\" content=\"1024\" \/>\n\t<meta property=\"og:image:type\" content=\"image\/jpeg\" \/>\n<meta name=\"twitter:card\" content=\"summary_large_image\" \/>\n<meta name=\"twitter:image\" content=\"https:\/\/interpim.erresse-shop.it\/Import\/Prodotti\/alessi-plisse-spremiagrumi-elettrico-rosso.jpg\" \/>\n<script type=\"application\/ld+json\" class=\"yoast-schema-graph\">{\"@context\":\"https:\/\/schema.org\",\"@graph\":[{\"@type\":\"WebPage\",\"@id\":\"https:\/\/dev6.erresse-shop.it\/fr\/shop\/petits-electromenagers\/presse-agrumes\/alessi-plisse-presse-agrumes-electrique-rouge\/\",\"url\":\"https:\/\/dev6.erresse-shop.it\/fr\/shop\/petits-electromenagers\/presse-agrumes\/alessi-plisse-presse-agrumes-electrique-rouge\/\",\"name\":\"ALESSI Pliss\u00e9 Presse-agrumes \u00e9lectrique Rouge - dev6 Erresse\",\"isPartOf\":{\"@id\":\"https:\/\/dev6.erresse-shop.it\/#website\"},\"primaryImageOfPage\":{\"@id\":\"https:\/\/dev6.erresse-shop.it\/fr\/shop\/petits-electromenagers\/presse-agrumes\/alessi-plisse-presse-agrumes-electrique-rouge\/#primaryimage\"},\"image\":{\"@id\":\"https:\/\/dev6.erresse-shop.it\/fr\/shop\/petits-electromenagers\/presse-agrumes\/alessi-plisse-presse-agrumes-electrique-rouge\/#primaryimage\"},\"thumbnailUrl\":\"https:\/\/i0.wp.com\/interpim.erresse-shop.it\/Import\/Prodotti\/alessi-plisse-spremiagrumi-elettrico-rosso.jpg?ssl=1\",\"datePublished\":\"2026-04-10T11:13:39+00:00\",\"description\":\"Le presse-agrumes \u00e9lectrique design Pliss\u00e9 est bien plus qu\u2019un simple appareil \u00e9lectrom\u00e9nager : c\u2019est une petite architecture domestique qui ajoute une\",\"breadcrumb\":{\"@id\":\"https:\/\/dev6.erresse-shop.it\/fr\/shop\/petits-electromenagers\/presse-agrumes\/alessi-plisse-presse-agrumes-electrique-rouge\/#breadcrumb\"},\"inLanguage\":\"fr-FR\",\"potentialAction\":[{\"@type\":\"ReadAction\",\"target\":[\"https:\/\/dev6.erresse-shop.it\/fr\/shop\/petits-electromenagers\/presse-agrumes\/alessi-plisse-presse-agrumes-electrique-rouge\/\"]}]},{\"@type\":\"ImageObject\",\"inLanguage\":\"fr-FR\",\"@id\":\"https:\/\/dev6.erresse-shop.it\/fr\/shop\/petits-electromenagers\/presse-agrumes\/alessi-plisse-presse-agrumes-electrique-rouge\/#primaryimage\",\"url\":\"https:\/\/i0.wp.com\/interpim.erresse-shop.it\/Import\/Prodotti\/alessi-plisse-spremiagrumi-elettrico-rosso.jpg?ssl=1\",\"contentUrl\":\"https:\/\/i0.wp.com\/interpim.erresse-shop.it\/Import\/Prodotti\/alessi-plisse-spremiagrumi-elettrico-rosso.jpg?ssl=1\"},{\"@type\":\"BreadcrumbList\",\"@id\":\"https:\/\/dev6.erresse-shop.it\/fr\/shop\/petits-electromenagers\/presse-agrumes\/alessi-plisse-presse-agrumes-electrique-rouge\/#breadcrumb\",\"itemListElement\":[{\"@type\":\"ListItem\",\"position\":1,\"name\":\"Home\",\"item\":\"https:\/\/dev6.erresse-shop.it\/\"},{\"@type\":\"ListItem\",\"position\":2,\"name\":\"Boutique\",\"item\":\"https:\/\/dev6.erresse-shop.it\/shop\/\"},{\"@type\":\"ListItem\",\"position\":3,\"name\":\"ALESSI Pliss\u00e9 Presse-agrumes \u00e9lectrique Rouge\"}]},{\"@type\":\"WebSite\",\"@id\":\"https:\/\/dev6.erresse-shop.it\/#website\",\"url\":\"https:\/\/dev6.erresse-shop.it\/\",\"name\":\"Erresse Shop\",\"description\":\"\",\"publisher\":{\"@id\":\"https:\/\/dev6.erresse-shop.it\/#organization\"},\"potentialAction\":[{\"@type\":\"SearchAction\",\"target\":{\"@type\":\"EntryPoint\",\"urlTemplate\":\"https:\/\/dev6.erresse-shop.it\/?s={search_term_string}\"},\"query-input\":{\"@type\":\"PropertyValueSpecification\",\"valueRequired\":true,\"valueName\":\"search_term_string\"}}],\"inLanguage\":\"fr-FR\"},{\"@type\":\"Organization\",\"@id\":\"https:\/\/dev6.erresse-shop.it\/#organization\",\"name\":\"Erresse Shop\",\"url\":\"https:\/\/dev6.erresse-shop.it\/\",\"logo\":{\"@type\":\"ImageObject\",\"inLanguage\":\"fr-FR\",\"@id\":\"https:\/\/dev6.erresse-shop.it\/#\/schema\/logo\/image\/\",\"url\":\"https:\/\/dev6.erresse-shop.it\/wp-content\/uploads\/2025\/01\/LOGO-ERRESSE-CLASSICO.svg\",\"contentUrl\":\"https:\/\/dev6.erresse-shop.it\/wp-content\/uploads\/2025\/01\/LOGO-ERRESSE-CLASSICO.svg\",\"caption\":\"Erresse Shop\"},\"image\":{\"@id\":\"https:\/\/dev6.erresse-shop.it\/#\/schema\/logo\/image\/\"}}]}<\/script>\n<!-- \/ Yoast SEO plugin. -->","yoast_head_json":{"title":"ALESSI Pliss\u00e9 Presse-agrumes \u00e9lectrique Rouge - dev6 Erresse","description":"Le presse-agrumes \u00e9lectrique design Pliss\u00e9 est bien plus qu\u2019un simple appareil \u00e9lectrom\u00e9nager : c\u2019est une petite architecture domestique qui ajoute une","robots":{"index":"noindex","follow":"follow","max-snippet":"max-snippet:-1","max-image-preview":"max-image-preview:large","max-video-preview":"max-video-preview:-1"},"og_locale":"fr_FR","og_type":"article","og_title":"ALESSI Pliss\u00e9 Presse-agrumes \u00e9lectrique Rouge - dev6 Erresse","og_description":"Le presse-agrumes \u00e9lectrique design Pliss\u00e9 est bien plus qu\u2019un simple appareil \u00e9lectrom\u00e9nager : c\u2019est une petite architecture domestique qui ajoute une","og_url":"https:\/\/dev6.erresse-shop.it\/fr\/shop\/petits-electromenagers\/presse-agrumes\/alessi-plisse-presse-agrumes-electrique-rouge\/","og_site_name":"dev6 Erresse","og_image":[{"url":"https:\/\/interpim.erresse-shop.it\/Import\/Prodotti\/alessi-plisse-spremiagrumi-elettrico-rosso.jpg","type":"","width":"","height":""},{"url":"https:\/\/interpim.erresse-shop.it\/Import\/Prodotti\/alessi-plisse-spremiagrumi-elettrico-rosso.jpg","width":1024,"height":1024,"type":"image\/jpeg"}],"twitter_card":"summary_large_image","twitter_image":"https:\/\/interpim.erresse-shop.it\/Import\/Prodotti\/alessi-plisse-spremiagrumi-elettrico-rosso.jpg","schema":{"@context":"https:\/\/schema.org","@graph":[{"@type":"WebPage","@id":"https:\/\/dev6.erresse-shop.it\/fr\/shop\/petits-electromenagers\/presse-agrumes\/alessi-plisse-presse-agrumes-electrique-rouge\/","url":"https:\/\/dev6.erresse-shop.it\/fr\/shop\/petits-electromenagers\/presse-agrumes\/alessi-plisse-presse-agrumes-electrique-rouge\/","name":"ALESSI Pliss\u00e9 Presse-agrumes \u00e9lectrique Rouge - dev6 Erresse","isPartOf":{"@id":"https:\/\/dev6.erresse-shop.it\/#website"},"primaryImageOfPage":{"@id":"https:\/\/dev6.erresse-shop.it\/fr\/shop\/petits-electromenagers\/presse-agrumes\/alessi-plisse-presse-agrumes-electrique-rouge\/#primaryimage"},"image":{"@id":"https:\/\/dev6.erresse-shop.it\/fr\/shop\/petits-electromenagers\/presse-agrumes\/alessi-plisse-presse-agrumes-electrique-rouge\/#primaryimage"},"thumbnailUrl":"https:\/\/i0.wp.com\/interpim.erresse-shop.it\/Import\/Prodotti\/alessi-plisse-spremiagrumi-elettrico-rosso.jpg?ssl=1","datePublished":"2026-04-10T11:13:39+00:00","description":"Le presse-agrumes \u00e9lectrique design Pliss\u00e9 est bien plus qu\u2019un simple appareil \u00e9lectrom\u00e9nager : c\u2019est une petite architecture domestique qui ajoute une","breadcrumb":{"@id":"https:\/\/dev6.erresse-shop.it\/fr\/shop\/petits-electromenagers\/presse-agrumes\/alessi-plisse-presse-agrumes-electrique-rouge\/#breadcrumb"},"inLanguage":"fr-FR","potentialAction":[{"@type":"ReadAction","target":["https:\/\/dev6.erresse-shop.it\/fr\/shop\/petits-electromenagers\/presse-agrumes\/alessi-plisse-presse-agrumes-electrique-rouge\/"]}]},{"@type":"ImageObject","inLanguage":"fr-FR","@id":"https:\/\/dev6.erresse-shop.it\/fr\/shop\/petits-electromenagers\/presse-agrumes\/alessi-plisse-presse-agrumes-electrique-rouge\/#primaryimage","url":"https:\/\/i0.wp.com\/interpim.erresse-shop.it\/Import\/Prodotti\/alessi-plisse-spremiagrumi-elettrico-rosso.jpg?ssl=1","contentUrl":"https:\/\/i0.wp.com\/interpim.erresse-shop.it\/Import\/Prodotti\/alessi-plisse-spremiagrumi-elettrico-rosso.jpg?ssl=1"},{"@type":"BreadcrumbList","@id":"https:\/\/dev6.erresse-shop.it\/fr\/shop\/petits-electromenagers\/presse-agrumes\/alessi-plisse-presse-agrumes-electrique-rouge\/#breadcrumb","itemListElement":[{"@type":"ListItem","position":1,"name":"Home","item":"https:\/\/dev6.erresse-shop.it\/"},{"@type":"ListItem","position":2,"name":"Boutique","item":"https:\/\/dev6.erresse-shop.it\/shop\/"},{"@type":"ListItem","position":3,"name":"ALESSI Pliss\u00e9 Presse-agrumes \u00e9lectrique Rouge"}]},{"@type":"WebSite","@id":"https:\/\/dev6.erresse-shop.it\/#website","url":"https:\/\/dev6.erresse-shop.it\/","name":"Erresse Shop","description":"","publisher":{"@id":"https:\/\/dev6.erresse-shop.it\/#organization"},"potentialAction":[{"@type":"SearchAction","target":{"@type":"EntryPoint","urlTemplate":"https:\/\/dev6.erresse-shop.it\/?s={search_term_string}"},"query-input":{"@type":"PropertyValueSpecification","valueRequired":true,"valueName":"search_term_string"}}],"inLanguage":"fr-FR"},{"@type":"Organization","@id":"https:\/\/dev6.erresse-shop.it\/#organization","name":"Erresse Shop","url":"https:\/\/dev6.erresse-shop.it\/","logo":{"@type":"ImageObject","inLanguage":"fr-FR","@id":"https:\/\/dev6.erresse-shop.it\/#\/schema\/logo\/image\/","url":"https:\/\/dev6.erresse-shop.it\/wp-content\/uploads\/2025\/01\/LOGO-ERRESSE-CLASSICO.svg","contentUrl":"https:\/\/dev6.erresse-shop.it\/wp-content\/uploads\/2025\/01\/LOGO-ERRESSE-CLASSICO.svg","caption":"Erresse Shop"},"image":{"@id":"https:\/\/dev6.erresse-shop.it\/#\/schema\/logo\/image\/"}}]}},"df_price":99.95,"df_sale_price":99.95,"df_regular_price":115,"df_image_link":"https:\/\/i0.wp.com\/interpim.erresse-shop.it\/Import\/Prodotti\/alessi-plisse-spremiagrumi-elettrico-rosso.jpg?resize=300,300&ssl=1","fifu_image_url":"https:\/\/interpim.erresse-shop.it\/Import\/Prodotti\/alessi-plisse-spremiagrumi-elettrico-rosso.jpg","_links":{"self":[{"href":"https:\/\/dev6.erresse-shop.it\/fr\/wp-json\/wp\/v2\/product\/1609215","targetHints":{"allow":["GET"]}}],"collection":[{"href":"https:\/\/dev6.erresse-shop.it\/fr\/wp-json\/wp\/v2\/product"}],"about":[{"href":"https:\/\/dev6.erresse-shop.it\/fr\/wp-json\/wp\/v2\/types\/product"}],"wp:featuredmedia":[{"embeddable":true,"href":"https:\/\/dev6.erresse-shop.it\/fr\/wp-json\/wp\/v2\/media\/6331910"}],"wp:attachment":[{"href":"https:\/\/dev6.erresse-shop.it\/fr\/wp-json\/wp\/v2\/media?parent=1609215"}],"wp:term":[{"taxonomy":"product_cat","embeddable":true,"href":"https:\/\/dev6.erresse-shop.it\/fr\/wp-json\/wp\/v2\/product_cat?post=1609215"},{"taxonomy":"product_tag","embeddable":true,"href":"https:\/\/dev6.erresse-shop.it\/fr\/wp-json\/wp\/v2\/product_tag?post=1609215"}],"curies":[{"name":"wp","href":"https:\/\/api.w.org\/{rel}","templated":true}]}}