{"id":1609209,"date":"2026-04-12T12:35:07","date_gmt":"2026-04-12T10:35:07","guid":{"rendered":"https:\/\/dev6.erresse-shop.it\/shop\/non%20class\u00e9\/alessi-plisse-machine-a-cappuccino-a-induction-rouge\/"},"modified":"2025-09-14T06:19:55","modified_gmt":"2025-09-14T04:19:55","slug":"alessi-plisse-machine-a-cappuccino-a-induction-rouge","status":"publish","type":"product","link":"https:\/\/dev6.erresse-shop.it\/fr\/shop\/petits-electromenagers\/mousseurs-a-lait\/alessi-plisse-machine-a-cappuccino-a-induction-rouge\/","title":{"rendered":"ALESSI Pliss\u00e9 Machine \u00e0 cappuccino \u00e0 induction rouge"},"content":{"rendered":"<p>Le drap\u00e9 l\u00e9ger du Pliss\u00e9 enveloppe un corps en acier scintillant : dans une juxtaposition astucieuse de diff\u00e9rentes g\u00e9om\u00e9tries et mat\u00e9riaux, prend forme la machine \u00e0 cappuccino \u00e0 induction multifonctionnelle con\u00e7ue par Michele De Lucchi. Des performances technologiques \u00e9lev\u00e9es et un design fascinant pour un nouvel appareil \u00e9lectrom\u00e9nager qui \u00e9largit la collection con\u00e7ue par l\u2019architecte pour Alessi<\/p>\n<p>Cafeti\u00e8re \u00e0 cappuccino multifonction \u00e0 induction en r\u00e9sine thermoplastique. Pichet en acier inoxydable 18\/10.<\/p>\n<p>Caract\u00e9ristiques\u00a0:<\/p>\n<p>Capacit\u00e9 (cl): 35,00<br \/>\nHauteur (cm): 22,50<br \/>\nLongueur (cm): 17,00<br \/>\nLargeur (cm): 12.oo<\/p>\n","protected":false},"excerpt":{"rendered":"<p>Le drap\u00e9 l\u00e9ger du Pliss\u00e9 enveloppe un corps en acier scintillant : dans une juxtaposition astucieuse de diff\u00e9rentes g\u00e9om\u00e9tries et mat\u00e9riaux, prend forme la machine \u00e0 cappuccino \u00e0 induction multifonctionnelle con\u00e7ue par Michele De Lucchi. Des performances technologiques \u00e9lev\u00e9es et un design fascinant pour un nouvel appareil \u00e9lectrom\u00e9nager qui \u00e9largit la collection con\u00e7ue par l\u2019architecte [&hellip;]<\/p>\n","protected":false},"featured_media":6373526,"template":"","meta":{"_acf_changed":false},"product_cat":[12091,12055],"product_tag":[],"class_list":{"0":"post-1609209","1":"product","2":"type-product","3":"status-publish","4":"has-post-thumbnail","6":"product_cat-mousseurs-a-lait","7":"product_cat-petits-electromenagers","9":"first","10":"instock","11":"sale","12":"taxable","13":"shipping-taxable","14":"purchasable","15":"product-type-simple","swatches":"rey-swatches","show_selected":"","stretch_labels":"rey-swatches--stretch-labels"},"acf":[],"yoast_head":"<!-- This site is optimized with the Yoast SEO plugin v25.4 - https:\/\/yoast.com\/wordpress\/plugins\/seo\/ -->\n<title>ALESSI Pliss\u00e9 Machine \u00e0 cappuccino \u00e0 induction rouge - dev6 Erresse<\/title>\n<meta name=\"description\" content=\"Le drap\u00e9 l\u00e9ger du Pliss\u00e9 enveloppe un corps en acier scintillant : dans une juxtaposition astucieuse de diff\u00e9rentes g\u00e9om\u00e9tries et mat\u00e9riaux, prend forme\" \/>\n<meta name=\"robots\" content=\"noindex, follow, max-snippet:-1, max-image-preview:large, max-video-preview:-1\" \/>\n<meta property=\"og:locale\" content=\"fr_FR\" \/>\n<meta property=\"og:type\" content=\"article\" \/>\n<meta property=\"og:title\" content=\"ALESSI Pliss\u00e9 Machine \u00e0 cappuccino \u00e0 induction rouge - dev6 Erresse\" \/>\n<meta property=\"og:description\" content=\"Le drap\u00e9 l\u00e9ger du Pliss\u00e9 enveloppe un corps en acier scintillant : dans une juxtaposition astucieuse de diff\u00e9rentes g\u00e9om\u00e9tries et mat\u00e9riaux, prend forme\" \/>\n<meta property=\"og:url\" content=\"https:\/\/dev6.erresse-shop.it\/fr\/shop\/petits-electromenagers\/mousseurs-a-lait\/alessi-plisse-machine-a-cappuccino-a-induction-rouge\/\" \/>\n<meta property=\"og:site_name\" content=\"dev6 Erresse\" \/>\n<meta property=\"og:image\" content=\"https:\/\/interpim.erresse-shop.it\/Import\/Prodotti\/alessi-plisse-cappuccinatore-ad-induzione-rosso.jpg\" \/><meta property=\"og:image\" content=\"https:\/\/interpim.erresse-shop.it\/Import\/Prodotti\/alessi-plisse-cappuccinatore-ad-induzione-rosso.jpg\" \/>\n\t<meta property=\"og:image:width\" content=\"1024\" \/>\n\t<meta property=\"og:image:height\" content=\"1024\" \/>\n\t<meta property=\"og:image:type\" content=\"image\/jpeg\" \/>\n<meta name=\"twitter:card\" content=\"summary_large_image\" \/>\n<meta name=\"twitter:image\" content=\"https:\/\/interpim.erresse-shop.it\/Import\/Prodotti\/alessi-plisse-cappuccinatore-ad-induzione-rosso.jpg\" \/>\n<script type=\"application\/ld+json\" class=\"yoast-schema-graph\">{\"@context\":\"https:\/\/schema.org\",\"@graph\":[{\"@type\":\"WebPage\",\"@id\":\"https:\/\/dev6.erresse-shop.it\/fr\/shop\/petits-electromenagers\/mousseurs-a-lait\/alessi-plisse-machine-a-cappuccino-a-induction-rouge\/\",\"url\":\"https:\/\/dev6.erresse-shop.it\/fr\/shop\/petits-electromenagers\/mousseurs-a-lait\/alessi-plisse-machine-a-cappuccino-a-induction-rouge\/\",\"name\":\"ALESSI Pliss\u00e9 Machine \u00e0 cappuccino \u00e0 induction rouge - dev6 Erresse\",\"isPartOf\":{\"@id\":\"https:\/\/dev6.erresse-shop.it\/#website\"},\"primaryImageOfPage\":{\"@id\":\"https:\/\/dev6.erresse-shop.it\/fr\/shop\/petits-electromenagers\/mousseurs-a-lait\/alessi-plisse-machine-a-cappuccino-a-induction-rouge\/#primaryimage\"},\"image\":{\"@id\":\"https:\/\/dev6.erresse-shop.it\/fr\/shop\/petits-electromenagers\/mousseurs-a-lait\/alessi-plisse-machine-a-cappuccino-a-induction-rouge\/#primaryimage\"},\"thumbnailUrl\":\"https:\/\/i3.wp.com\/interpim.erresse-shop.it\/Import\/Prodotti\/alessi-plisse-cappuccinatore-ad-induzione-rosso.jpg?ssl=1\",\"datePublished\":\"2026-04-12T10:35:07+00:00\",\"description\":\"Le drap\u00e9 l\u00e9ger du Pliss\u00e9 enveloppe un corps en acier scintillant : dans une juxtaposition astucieuse de diff\u00e9rentes g\u00e9om\u00e9tries et mat\u00e9riaux, prend forme\",\"breadcrumb\":{\"@id\":\"https:\/\/dev6.erresse-shop.it\/fr\/shop\/petits-electromenagers\/mousseurs-a-lait\/alessi-plisse-machine-a-cappuccino-a-induction-rouge\/#breadcrumb\"},\"inLanguage\":\"fr-FR\",\"potentialAction\":[{\"@type\":\"ReadAction\",\"target\":[\"https:\/\/dev6.erresse-shop.it\/fr\/shop\/petits-electromenagers\/mousseurs-a-lait\/alessi-plisse-machine-a-cappuccino-a-induction-rouge\/\"]}]},{\"@type\":\"ImageObject\",\"inLanguage\":\"fr-FR\",\"@id\":\"https:\/\/dev6.erresse-shop.it\/fr\/shop\/petits-electromenagers\/mousseurs-a-lait\/alessi-plisse-machine-a-cappuccino-a-induction-rouge\/#primaryimage\",\"url\":\"https:\/\/i3.wp.com\/interpim.erresse-shop.it\/Import\/Prodotti\/alessi-plisse-cappuccinatore-ad-induzione-rosso.jpg?ssl=1\",\"contentUrl\":\"https:\/\/i3.wp.com\/interpim.erresse-shop.it\/Import\/Prodotti\/alessi-plisse-cappuccinatore-ad-induzione-rosso.jpg?ssl=1\"},{\"@type\":\"BreadcrumbList\",\"@id\":\"https:\/\/dev6.erresse-shop.it\/fr\/shop\/petits-electromenagers\/mousseurs-a-lait\/alessi-plisse-machine-a-cappuccino-a-induction-rouge\/#breadcrumb\",\"itemListElement\":[{\"@type\":\"ListItem\",\"position\":1,\"name\":\"Home\",\"item\":\"https:\/\/dev6.erresse-shop.it\/\"},{\"@type\":\"ListItem\",\"position\":2,\"name\":\"Boutique\",\"item\":\"https:\/\/dev6.erresse-shop.it\/shop\/\"},{\"@type\":\"ListItem\",\"position\":3,\"name\":\"ALESSI Pliss\u00e9 Machine \u00e0 cappuccino \u00e0 induction rouge\"}]},{\"@type\":\"WebSite\",\"@id\":\"https:\/\/dev6.erresse-shop.it\/#website\",\"url\":\"https:\/\/dev6.erresse-shop.it\/\",\"name\":\"Erresse Shop\",\"description\":\"\",\"publisher\":{\"@id\":\"https:\/\/dev6.erresse-shop.it\/#organization\"},\"potentialAction\":[{\"@type\":\"SearchAction\",\"target\":{\"@type\":\"EntryPoint\",\"urlTemplate\":\"https:\/\/dev6.erresse-shop.it\/?s={search_term_string}\"},\"query-input\":{\"@type\":\"PropertyValueSpecification\",\"valueRequired\":true,\"valueName\":\"search_term_string\"}}],\"inLanguage\":\"fr-FR\"},{\"@type\":\"Organization\",\"@id\":\"https:\/\/dev6.erresse-shop.it\/#organization\",\"name\":\"Erresse Shop\",\"url\":\"https:\/\/dev6.erresse-shop.it\/\",\"logo\":{\"@type\":\"ImageObject\",\"inLanguage\":\"fr-FR\",\"@id\":\"https:\/\/dev6.erresse-shop.it\/#\/schema\/logo\/image\/\",\"url\":\"https:\/\/dev6.erresse-shop.it\/wp-content\/uploads\/2025\/01\/LOGO-ERRESSE-CLASSICO.svg\",\"contentUrl\":\"https:\/\/dev6.erresse-shop.it\/wp-content\/uploads\/2025\/01\/LOGO-ERRESSE-CLASSICO.svg\",\"caption\":\"Erresse Shop\"},\"image\":{\"@id\":\"https:\/\/dev6.erresse-shop.it\/#\/schema\/logo\/image\/\"}}]}<\/script>\n<!-- \/ Yoast SEO plugin. -->","yoast_head_json":{"title":"ALESSI Pliss\u00e9 Machine \u00e0 cappuccino \u00e0 induction rouge - dev6 Erresse","description":"Le drap\u00e9 l\u00e9ger du Pliss\u00e9 enveloppe un corps en acier scintillant : dans une juxtaposition astucieuse de diff\u00e9rentes g\u00e9om\u00e9tries et mat\u00e9riaux, prend forme","robots":{"index":"noindex","follow":"follow","max-snippet":"max-snippet:-1","max-image-preview":"max-image-preview:large","max-video-preview":"max-video-preview:-1"},"og_locale":"fr_FR","og_type":"article","og_title":"ALESSI Pliss\u00e9 Machine \u00e0 cappuccino \u00e0 induction rouge - dev6 Erresse","og_description":"Le drap\u00e9 l\u00e9ger du Pliss\u00e9 enveloppe un corps en acier scintillant : dans une juxtaposition astucieuse de diff\u00e9rentes g\u00e9om\u00e9tries et mat\u00e9riaux, prend forme","og_url":"https:\/\/dev6.erresse-shop.it\/fr\/shop\/petits-electromenagers\/mousseurs-a-lait\/alessi-plisse-machine-a-cappuccino-a-induction-rouge\/","og_site_name":"dev6 Erresse","og_image":[{"url":"https:\/\/interpim.erresse-shop.it\/Import\/Prodotti\/alessi-plisse-cappuccinatore-ad-induzione-rosso.jpg","type":"","width":"","height":""},{"url":"https:\/\/interpim.erresse-shop.it\/Import\/Prodotti\/alessi-plisse-cappuccinatore-ad-induzione-rosso.jpg","width":1024,"height":1024,"type":"image\/jpeg"}],"twitter_card":"summary_large_image","twitter_image":"https:\/\/interpim.erresse-shop.it\/Import\/Prodotti\/alessi-plisse-cappuccinatore-ad-induzione-rosso.jpg","schema":{"@context":"https:\/\/schema.org","@graph":[{"@type":"WebPage","@id":"https:\/\/dev6.erresse-shop.it\/fr\/shop\/petits-electromenagers\/mousseurs-a-lait\/alessi-plisse-machine-a-cappuccino-a-induction-rouge\/","url":"https:\/\/dev6.erresse-shop.it\/fr\/shop\/petits-electromenagers\/mousseurs-a-lait\/alessi-plisse-machine-a-cappuccino-a-induction-rouge\/","name":"ALESSI Pliss\u00e9 Machine \u00e0 cappuccino \u00e0 induction rouge - dev6 Erresse","isPartOf":{"@id":"https:\/\/dev6.erresse-shop.it\/#website"},"primaryImageOfPage":{"@id":"https:\/\/dev6.erresse-shop.it\/fr\/shop\/petits-electromenagers\/mousseurs-a-lait\/alessi-plisse-machine-a-cappuccino-a-induction-rouge\/#primaryimage"},"image":{"@id":"https:\/\/dev6.erresse-shop.it\/fr\/shop\/petits-electromenagers\/mousseurs-a-lait\/alessi-plisse-machine-a-cappuccino-a-induction-rouge\/#primaryimage"},"thumbnailUrl":"https:\/\/i3.wp.com\/interpim.erresse-shop.it\/Import\/Prodotti\/alessi-plisse-cappuccinatore-ad-induzione-rosso.jpg?ssl=1","datePublished":"2026-04-12T10:35:07+00:00","description":"Le drap\u00e9 l\u00e9ger du Pliss\u00e9 enveloppe un corps en acier scintillant : dans une juxtaposition astucieuse de diff\u00e9rentes g\u00e9om\u00e9tries et mat\u00e9riaux, prend forme","breadcrumb":{"@id":"https:\/\/dev6.erresse-shop.it\/fr\/shop\/petits-electromenagers\/mousseurs-a-lait\/alessi-plisse-machine-a-cappuccino-a-induction-rouge\/#breadcrumb"},"inLanguage":"fr-FR","potentialAction":[{"@type":"ReadAction","target":["https:\/\/dev6.erresse-shop.it\/fr\/shop\/petits-electromenagers\/mousseurs-a-lait\/alessi-plisse-machine-a-cappuccino-a-induction-rouge\/"]}]},{"@type":"ImageObject","inLanguage":"fr-FR","@id":"https:\/\/dev6.erresse-shop.it\/fr\/shop\/petits-electromenagers\/mousseurs-a-lait\/alessi-plisse-machine-a-cappuccino-a-induction-rouge\/#primaryimage","url":"https:\/\/i3.wp.com\/interpim.erresse-shop.it\/Import\/Prodotti\/alessi-plisse-cappuccinatore-ad-induzione-rosso.jpg?ssl=1","contentUrl":"https:\/\/i3.wp.com\/interpim.erresse-shop.it\/Import\/Prodotti\/alessi-plisse-cappuccinatore-ad-induzione-rosso.jpg?ssl=1"},{"@type":"BreadcrumbList","@id":"https:\/\/dev6.erresse-shop.it\/fr\/shop\/petits-electromenagers\/mousseurs-a-lait\/alessi-plisse-machine-a-cappuccino-a-induction-rouge\/#breadcrumb","itemListElement":[{"@type":"ListItem","position":1,"name":"Home","item":"https:\/\/dev6.erresse-shop.it\/"},{"@type":"ListItem","position":2,"name":"Boutique","item":"https:\/\/dev6.erresse-shop.it\/shop\/"},{"@type":"ListItem","position":3,"name":"ALESSI Pliss\u00e9 Machine \u00e0 cappuccino \u00e0 induction rouge"}]},{"@type":"WebSite","@id":"https:\/\/dev6.erresse-shop.it\/#website","url":"https:\/\/dev6.erresse-shop.it\/","name":"Erresse Shop","description":"","publisher":{"@id":"https:\/\/dev6.erresse-shop.it\/#organization"},"potentialAction":[{"@type":"SearchAction","target":{"@type":"EntryPoint","urlTemplate":"https:\/\/dev6.erresse-shop.it\/?s={search_term_string}"},"query-input":{"@type":"PropertyValueSpecification","valueRequired":true,"valueName":"search_term_string"}}],"inLanguage":"fr-FR"},{"@type":"Organization","@id":"https:\/\/dev6.erresse-shop.it\/#organization","name":"Erresse Shop","url":"https:\/\/dev6.erresse-shop.it\/","logo":{"@type":"ImageObject","inLanguage":"fr-FR","@id":"https:\/\/dev6.erresse-shop.it\/#\/schema\/logo\/image\/","url":"https:\/\/dev6.erresse-shop.it\/wp-content\/uploads\/2025\/01\/LOGO-ERRESSE-CLASSICO.svg","contentUrl":"https:\/\/dev6.erresse-shop.it\/wp-content\/uploads\/2025\/01\/LOGO-ERRESSE-CLASSICO.svg","caption":"Erresse Shop"},"image":{"@id":"https:\/\/dev6.erresse-shop.it\/#\/schema\/logo\/image\/"}}]}},"df_price":121.5,"df_sale_price":121.5,"df_regular_price":135,"df_image_link":"https:\/\/i3.wp.com\/interpim.erresse-shop.it\/Import\/Prodotti\/alessi-plisse-cappuccinatore-ad-induzione-rosso.jpg?resize=300,300&ssl=1","fifu_image_url":"https:\/\/interpim.erresse-shop.it\/Import\/Prodotti\/alessi-plisse-cappuccinatore-ad-induzione-rosso.jpg","_links":{"self":[{"href":"https:\/\/dev6.erresse-shop.it\/fr\/wp-json\/wp\/v2\/product\/1609209","targetHints":{"allow":["GET"]}}],"collection":[{"href":"https:\/\/dev6.erresse-shop.it\/fr\/wp-json\/wp\/v2\/product"}],"about":[{"href":"https:\/\/dev6.erresse-shop.it\/fr\/wp-json\/wp\/v2\/types\/product"}],"wp:featuredmedia":[{"embeddable":true,"href":"https:\/\/dev6.erresse-shop.it\/fr\/wp-json\/wp\/v2\/media\/6373526"}],"wp:attachment":[{"href":"https:\/\/dev6.erresse-shop.it\/fr\/wp-json\/wp\/v2\/media?parent=1609209"}],"wp:term":[{"taxonomy":"product_cat","embeddable":true,"href":"https:\/\/dev6.erresse-shop.it\/fr\/wp-json\/wp\/v2\/product_cat?post=1609209"},{"taxonomy":"product_tag","embeddable":true,"href":"https:\/\/dev6.erresse-shop.it\/fr\/wp-json\/wp\/v2\/product_tag?post=1609209"}],"curies":[{"name":"wp","href":"https:\/\/api.w.org\/{rel}","templated":true}]}}