{"id":1609199,"date":"2026-04-12T12:35:07","date_gmt":"2026-04-12T10:35:07","guid":{"rendered":"https:\/\/dev6.erresse-shop.it\/shop\/non%20class\u00e9\/alessi-plisse-melangeur-a-immersion-noir\/"},"modified":"2025-07-04T19:09:42","modified_gmt":"2025-07-04T17:09:42","slug":"alessi-plisse-melangeur-a-immersion-noir","status":"publish","type":"product","link":"https:\/\/dev6.erresse-shop.it\/fr\/shop\/petits-electromenagers\/mixeurs\/alessi-plisse-melangeur-a-immersion-noir\/","title":{"rendered":"ALESSI Pliss\u00e9 M\u00e9langeur \u00e0 immersion Noir"},"content":{"rendered":"<p>Le mixeur plongeant de la s\u00e9rie Pliss\u00e9 arbore un design sophistiqu\u00e9 tel un tissu de haute couture sophistiqu\u00e9. Facile et pratique \u00e0 utiliser, id\u00e9al pour acc\u00e9l\u00e9rer les temps de cuisson<\/p>\n<p>M\u00e9langeur \u00e0 immersion pour r\u00e9sine thermoplastique. Verre gradu\u00e9 en r\u00e9sine thermoplastique (PCTG).<\/p>\n<p>Caract\u00e9ristiques\u00a0:<\/p>\n<p>Diam\u00e8tre (cm)\u00a0:\u00a07,00<br \/>\nHauteur (cm)\u00a0:\u00a034,00<\/p>\n","protected":false},"excerpt":{"rendered":"<p>Le mixeur plongeant de la s\u00e9rie Pliss\u00e9 arbore un design sophistiqu\u00e9 tel un tissu de haute couture sophistiqu\u00e9. Facile et pratique \u00e0 utiliser, id\u00e9al pour acc\u00e9l\u00e9rer les temps de cuisson M\u00e9langeur \u00e0 immersion pour r\u00e9sine thermoplastique. Verre gradu\u00e9 en r\u00e9sine thermoplastique (PCTG). Caract\u00e9ristiques\u00a0: Diam\u00e8tre (cm)\u00a0:\u00a07,00 Hauteur (cm)\u00a0:\u00a034,00<\/p>\n","protected":false},"featured_media":6373506,"template":"","meta":{"_acf_changed":false},"product_cat":[12061,12055],"product_tag":[],"class_list":{"0":"post-1609199","1":"product","2":"type-product","3":"status-publish","4":"has-post-thumbnail","6":"product_cat-mixeurs","7":"product_cat-petits-electromenagers","9":"first","10":"instock","11":"sale","12":"taxable","13":"shipping-taxable","14":"purchasable","15":"product-type-simple","swatches":"rey-swatches","show_selected":"","stretch_labels":"rey-swatches--stretch-labels"},"acf":[],"yoast_head":"<!-- This site is optimized with the Yoast SEO plugin v25.4 - https:\/\/yoast.com\/wordpress\/plugins\/seo\/ -->\n<title>ALESSI Pliss\u00e9 M\u00e9langeur \u00e0 immersion Noir - dev6 Erresse<\/title>\n<meta name=\"description\" content=\"Le mixeur plongeant de la s\u00e9rie Pliss\u00e9 arbore un design sophistiqu\u00e9 tel un tissu de haute couture sophistiqu\u00e9. Facile et pratique \u00e0 utiliser, id\u00e9al pour\" \/>\n<meta name=\"robots\" content=\"noindex, follow, max-snippet:-1, max-image-preview:large, max-video-preview:-1\" \/>\n<meta property=\"og:locale\" content=\"fr_FR\" \/>\n<meta property=\"og:type\" content=\"article\" \/>\n<meta property=\"og:title\" content=\"ALESSI Pliss\u00e9 M\u00e9langeur \u00e0 immersion Noir - dev6 Erresse\" \/>\n<meta property=\"og:description\" content=\"Le mixeur plongeant de la s\u00e9rie Pliss\u00e9 arbore un design sophistiqu\u00e9 tel un tissu de haute couture sophistiqu\u00e9. Facile et pratique \u00e0 utiliser, id\u00e9al pour\" \/>\n<meta property=\"og:url\" content=\"https:\/\/dev6.erresse-shop.it\/fr\/shop\/petits-electromenagers\/mixeurs\/alessi-plisse-melangeur-a-immersion-noir\/\" \/>\n<meta property=\"og:site_name\" content=\"dev6 Erresse\" \/>\n<meta property=\"og:image\" content=\"https:\/\/interpim.erresse-shop.it\/Import\/Prodotti\/alessi-plisse-frullatore-ad-immersione-nero.jpg\" \/><meta property=\"og:image\" content=\"https:\/\/interpim.erresse-shop.it\/Import\/Prodotti\/alessi-plisse-frullatore-ad-immersione-nero.jpg\" \/>\n\t<meta property=\"og:image:width\" content=\"1024\" \/>\n\t<meta property=\"og:image:height\" content=\"1024\" \/>\n\t<meta property=\"og:image:type\" content=\"image\/jpeg\" \/>\n<meta name=\"twitter:card\" content=\"summary_large_image\" \/>\n<meta name=\"twitter:image\" content=\"https:\/\/interpim.erresse-shop.it\/Import\/Prodotti\/alessi-plisse-frullatore-ad-immersione-nero.jpg\" \/>\n<script type=\"application\/ld+json\" class=\"yoast-schema-graph\">{\"@context\":\"https:\/\/schema.org\",\"@graph\":[{\"@type\":\"WebPage\",\"@id\":\"https:\/\/dev6.erresse-shop.it\/fr\/shop\/petits-electromenagers\/mixeurs\/alessi-plisse-melangeur-a-immersion-noir\/\",\"url\":\"https:\/\/dev6.erresse-shop.it\/fr\/shop\/petits-electromenagers\/mixeurs\/alessi-plisse-melangeur-a-immersion-noir\/\",\"name\":\"ALESSI Pliss\u00e9 M\u00e9langeur \u00e0 immersion Noir - dev6 Erresse\",\"isPartOf\":{\"@id\":\"https:\/\/dev6.erresse-shop.it\/#website\"},\"primaryImageOfPage\":{\"@id\":\"https:\/\/dev6.erresse-shop.it\/fr\/shop\/petits-electromenagers\/mixeurs\/alessi-plisse-melangeur-a-immersion-noir\/#primaryimage\"},\"image\":{\"@id\":\"https:\/\/dev6.erresse-shop.it\/fr\/shop\/petits-electromenagers\/mixeurs\/alessi-plisse-melangeur-a-immersion-noir\/#primaryimage\"},\"thumbnailUrl\":\"https:\/\/i3.wp.com\/interpim.erresse-shop.it\/Import\/Prodotti\/alessi-plisse-frullatore-ad-immersione-nero.jpg?ssl=1\",\"datePublished\":\"2026-04-12T10:35:07+00:00\",\"description\":\"Le mixeur plongeant de la s\u00e9rie Pliss\u00e9 arbore un design sophistiqu\u00e9 tel un tissu de haute couture sophistiqu\u00e9. Facile et pratique \u00e0 utiliser, id\u00e9al pour\",\"breadcrumb\":{\"@id\":\"https:\/\/dev6.erresse-shop.it\/fr\/shop\/petits-electromenagers\/mixeurs\/alessi-plisse-melangeur-a-immersion-noir\/#breadcrumb\"},\"inLanguage\":\"fr-FR\",\"potentialAction\":[{\"@type\":\"ReadAction\",\"target\":[\"https:\/\/dev6.erresse-shop.it\/fr\/shop\/petits-electromenagers\/mixeurs\/alessi-plisse-melangeur-a-immersion-noir\/\"]}]},{\"@type\":\"ImageObject\",\"inLanguage\":\"fr-FR\",\"@id\":\"https:\/\/dev6.erresse-shop.it\/fr\/shop\/petits-electromenagers\/mixeurs\/alessi-plisse-melangeur-a-immersion-noir\/#primaryimage\",\"url\":\"https:\/\/i3.wp.com\/interpim.erresse-shop.it\/Import\/Prodotti\/alessi-plisse-frullatore-ad-immersione-nero.jpg?ssl=1\",\"contentUrl\":\"https:\/\/i3.wp.com\/interpim.erresse-shop.it\/Import\/Prodotti\/alessi-plisse-frullatore-ad-immersione-nero.jpg?ssl=1\"},{\"@type\":\"BreadcrumbList\",\"@id\":\"https:\/\/dev6.erresse-shop.it\/fr\/shop\/petits-electromenagers\/mixeurs\/alessi-plisse-melangeur-a-immersion-noir\/#breadcrumb\",\"itemListElement\":[{\"@type\":\"ListItem\",\"position\":1,\"name\":\"Home\",\"item\":\"https:\/\/dev6.erresse-shop.it\/\"},{\"@type\":\"ListItem\",\"position\":2,\"name\":\"Boutique\",\"item\":\"https:\/\/dev6.erresse-shop.it\/shop\/\"},{\"@type\":\"ListItem\",\"position\":3,\"name\":\"ALESSI Pliss\u00e9 M\u00e9langeur \u00e0 immersion Noir\"}]},{\"@type\":\"WebSite\",\"@id\":\"https:\/\/dev6.erresse-shop.it\/#website\",\"url\":\"https:\/\/dev6.erresse-shop.it\/\",\"name\":\"Erresse Shop\",\"description\":\"\",\"publisher\":{\"@id\":\"https:\/\/dev6.erresse-shop.it\/#organization\"},\"potentialAction\":[{\"@type\":\"SearchAction\",\"target\":{\"@type\":\"EntryPoint\",\"urlTemplate\":\"https:\/\/dev6.erresse-shop.it\/?s={search_term_string}\"},\"query-input\":{\"@type\":\"PropertyValueSpecification\",\"valueRequired\":true,\"valueName\":\"search_term_string\"}}],\"inLanguage\":\"fr-FR\"},{\"@type\":\"Organization\",\"@id\":\"https:\/\/dev6.erresse-shop.it\/#organization\",\"name\":\"Erresse Shop\",\"url\":\"https:\/\/dev6.erresse-shop.it\/\",\"logo\":{\"@type\":\"ImageObject\",\"inLanguage\":\"fr-FR\",\"@id\":\"https:\/\/dev6.erresse-shop.it\/#\/schema\/logo\/image\/\",\"url\":\"https:\/\/dev6.erresse-shop.it\/wp-content\/uploads\/2025\/01\/LOGO-ERRESSE-CLASSICO.svg\",\"contentUrl\":\"https:\/\/dev6.erresse-shop.it\/wp-content\/uploads\/2025\/01\/LOGO-ERRESSE-CLASSICO.svg\",\"caption\":\"Erresse Shop\"},\"image\":{\"@id\":\"https:\/\/dev6.erresse-shop.it\/#\/schema\/logo\/image\/\"}}]}<\/script>\n<!-- \/ Yoast SEO plugin. -->","yoast_head_json":{"title":"ALESSI Pliss\u00e9 M\u00e9langeur \u00e0 immersion Noir - dev6 Erresse","description":"Le mixeur plongeant de la s\u00e9rie Pliss\u00e9 arbore un design sophistiqu\u00e9 tel un tissu de haute couture sophistiqu\u00e9. Facile et pratique \u00e0 utiliser, id\u00e9al pour","robots":{"index":"noindex","follow":"follow","max-snippet":"max-snippet:-1","max-image-preview":"max-image-preview:large","max-video-preview":"max-video-preview:-1"},"og_locale":"fr_FR","og_type":"article","og_title":"ALESSI Pliss\u00e9 M\u00e9langeur \u00e0 immersion Noir - dev6 Erresse","og_description":"Le mixeur plongeant de la s\u00e9rie Pliss\u00e9 arbore un design sophistiqu\u00e9 tel un tissu de haute couture sophistiqu\u00e9. Facile et pratique \u00e0 utiliser, id\u00e9al pour","og_url":"https:\/\/dev6.erresse-shop.it\/fr\/shop\/petits-electromenagers\/mixeurs\/alessi-plisse-melangeur-a-immersion-noir\/","og_site_name":"dev6 Erresse","og_image":[{"url":"https:\/\/interpim.erresse-shop.it\/Import\/Prodotti\/alessi-plisse-frullatore-ad-immersione-nero.jpg","type":"","width":"","height":""},{"url":"https:\/\/interpim.erresse-shop.it\/Import\/Prodotti\/alessi-plisse-frullatore-ad-immersione-nero.jpg","width":1024,"height":1024,"type":"image\/jpeg"}],"twitter_card":"summary_large_image","twitter_image":"https:\/\/interpim.erresse-shop.it\/Import\/Prodotti\/alessi-plisse-frullatore-ad-immersione-nero.jpg","schema":{"@context":"https:\/\/schema.org","@graph":[{"@type":"WebPage","@id":"https:\/\/dev6.erresse-shop.it\/fr\/shop\/petits-electromenagers\/mixeurs\/alessi-plisse-melangeur-a-immersion-noir\/","url":"https:\/\/dev6.erresse-shop.it\/fr\/shop\/petits-electromenagers\/mixeurs\/alessi-plisse-melangeur-a-immersion-noir\/","name":"ALESSI Pliss\u00e9 M\u00e9langeur \u00e0 immersion Noir - dev6 Erresse","isPartOf":{"@id":"https:\/\/dev6.erresse-shop.it\/#website"},"primaryImageOfPage":{"@id":"https:\/\/dev6.erresse-shop.it\/fr\/shop\/petits-electromenagers\/mixeurs\/alessi-plisse-melangeur-a-immersion-noir\/#primaryimage"},"image":{"@id":"https:\/\/dev6.erresse-shop.it\/fr\/shop\/petits-electromenagers\/mixeurs\/alessi-plisse-melangeur-a-immersion-noir\/#primaryimage"},"thumbnailUrl":"https:\/\/i3.wp.com\/interpim.erresse-shop.it\/Import\/Prodotti\/alessi-plisse-frullatore-ad-immersione-nero.jpg?ssl=1","datePublished":"2026-04-12T10:35:07+00:00","description":"Le mixeur plongeant de la s\u00e9rie Pliss\u00e9 arbore un design sophistiqu\u00e9 tel un tissu de haute couture sophistiqu\u00e9. Facile et pratique \u00e0 utiliser, id\u00e9al pour","breadcrumb":{"@id":"https:\/\/dev6.erresse-shop.it\/fr\/shop\/petits-electromenagers\/mixeurs\/alessi-plisse-melangeur-a-immersion-noir\/#breadcrumb"},"inLanguage":"fr-FR","potentialAction":[{"@type":"ReadAction","target":["https:\/\/dev6.erresse-shop.it\/fr\/shop\/petits-electromenagers\/mixeurs\/alessi-plisse-melangeur-a-immersion-noir\/"]}]},{"@type":"ImageObject","inLanguage":"fr-FR","@id":"https:\/\/dev6.erresse-shop.it\/fr\/shop\/petits-electromenagers\/mixeurs\/alessi-plisse-melangeur-a-immersion-noir\/#primaryimage","url":"https:\/\/i3.wp.com\/interpim.erresse-shop.it\/Import\/Prodotti\/alessi-plisse-frullatore-ad-immersione-nero.jpg?ssl=1","contentUrl":"https:\/\/i3.wp.com\/interpim.erresse-shop.it\/Import\/Prodotti\/alessi-plisse-frullatore-ad-immersione-nero.jpg?ssl=1"},{"@type":"BreadcrumbList","@id":"https:\/\/dev6.erresse-shop.it\/fr\/shop\/petits-electromenagers\/mixeurs\/alessi-plisse-melangeur-a-immersion-noir\/#breadcrumb","itemListElement":[{"@type":"ListItem","position":1,"name":"Home","item":"https:\/\/dev6.erresse-shop.it\/"},{"@type":"ListItem","position":2,"name":"Boutique","item":"https:\/\/dev6.erresse-shop.it\/shop\/"},{"@type":"ListItem","position":3,"name":"ALESSI Pliss\u00e9 M\u00e9langeur \u00e0 immersion Noir"}]},{"@type":"WebSite","@id":"https:\/\/dev6.erresse-shop.it\/#website","url":"https:\/\/dev6.erresse-shop.it\/","name":"Erresse Shop","description":"","publisher":{"@id":"https:\/\/dev6.erresse-shop.it\/#organization"},"potentialAction":[{"@type":"SearchAction","target":{"@type":"EntryPoint","urlTemplate":"https:\/\/dev6.erresse-shop.it\/?s={search_term_string}"},"query-input":{"@type":"PropertyValueSpecification","valueRequired":true,"valueName":"search_term_string"}}],"inLanguage":"fr-FR"},{"@type":"Organization","@id":"https:\/\/dev6.erresse-shop.it\/#organization","name":"Erresse Shop","url":"https:\/\/dev6.erresse-shop.it\/","logo":{"@type":"ImageObject","inLanguage":"fr-FR","@id":"https:\/\/dev6.erresse-shop.it\/#\/schema\/logo\/image\/","url":"https:\/\/dev6.erresse-shop.it\/wp-content\/uploads\/2025\/01\/LOGO-ERRESSE-CLASSICO.svg","contentUrl":"https:\/\/dev6.erresse-shop.it\/wp-content\/uploads\/2025\/01\/LOGO-ERRESSE-CLASSICO.svg","caption":"Erresse Shop"},"image":{"@id":"https:\/\/dev6.erresse-shop.it\/#\/schema\/logo\/image\/"}}]}},"df_price":94.5,"df_sale_price":94.5,"df_regular_price":105,"df_image_link":"https:\/\/i3.wp.com\/interpim.erresse-shop.it\/Import\/Prodotti\/alessi-plisse-frullatore-ad-immersione-nero.jpg?resize=300,300&ssl=1","fifu_image_url":"https:\/\/interpim.erresse-shop.it\/Import\/Prodotti\/alessi-plisse-frullatore-ad-immersione-nero.jpg","_links":{"self":[{"href":"https:\/\/dev6.erresse-shop.it\/fr\/wp-json\/wp\/v2\/product\/1609199","targetHints":{"allow":["GET"]}}],"collection":[{"href":"https:\/\/dev6.erresse-shop.it\/fr\/wp-json\/wp\/v2\/product"}],"about":[{"href":"https:\/\/dev6.erresse-shop.it\/fr\/wp-json\/wp\/v2\/types\/product"}],"wp:featuredmedia":[{"embeddable":true,"href":"https:\/\/dev6.erresse-shop.it\/fr\/wp-json\/wp\/v2\/media\/6373506"}],"wp:attachment":[{"href":"https:\/\/dev6.erresse-shop.it\/fr\/wp-json\/wp\/v2\/media?parent=1609199"}],"wp:term":[{"taxonomy":"product_cat","embeddable":true,"href":"https:\/\/dev6.erresse-shop.it\/fr\/wp-json\/wp\/v2\/product_cat?post=1609199"},{"taxonomy":"product_tag","embeddable":true,"href":"https:\/\/dev6.erresse-shop.it\/fr\/wp-json\/wp\/v2\/product_tag?post=1609199"}],"curies":[{"name":"wp","href":"https:\/\/api.w.org\/{rel}","templated":true}]}}