{"id":1609195,"date":"2026-04-12T12:35:07","date_gmt":"2026-04-12T10:35:07","guid":{"rendered":"https:\/\/dev6.erresse-shop.it\/shop\/non%20class\u00e9\/alessi-plisse-grille-pain-rouge\/"},"modified":"2025-07-04T19:09:32","modified_gmt":"2025-07-04T17:09:32","slug":"alessi-plisse-grille-pain-rouge","status":"publish","type":"product","link":"https:\/\/dev6.erresse-shop.it\/fr\/shop\/petits-electromenagers\/grille-pains\/alessi-plisse-grille-pain-rouge\/","title":{"rendered":"ALESSI Pliss\u00e9 Grille-pain Rouge"},"content":{"rendered":"<p>D\u00e9couvrez le grille-pain design de la collection Pliss\u00e9 : une \u0153uvre d\u2019art sophistiqu\u00e9e pour vos plans de travail de cuisine. Les plis \u00e9l\u00e9gants rappellent l\u2019univers de la haute couture, transformant votre cuisine en d\u00e9fil\u00e9 de haute couture. Dot\u00e9 de multiples fonctions pour une utilisation facile et s\u00fbre, ce grille-pain offre 6 niveaux de brunissement, parfaits pour cr\u00e9er de d\u00e9licieux petits-d\u00e9jeuners, brunchs et ap\u00e9ritifs. Il pla\u00eet \u00e0 l\u2019\u0153il avant m\u00eame au go\u00fbt, ajoutant une touche d\u2019originalit\u00e9 \u00e0 votre cuisine. Achetez-le maintenant et profitez du plaisir de pr\u00e9parer des d\u00e9lices pour chaque occasion.<\/p>\n<p>Grille-pain en r\u00e9sine thermoplastique.<\/p>\n<p>Caract\u00e9ristiques\u00a0:<\/p>\n<p>Hauteur (cm)\u00a0:\u00a025,00<br \/>\nLongueur (cm)\u00a0:\u00a034,00<br \/>\nLargeur (cm)\u00a0:\u00a018,50<\/p>\n","protected":false},"excerpt":{"rendered":"<p>D\u00e9couvrez le grille-pain design de la collection Pliss\u00e9 : une \u0153uvre d\u2019art sophistiqu\u00e9e pour vos plans de travail de cuisine. Les plis \u00e9l\u00e9gants rappellent l\u2019univers de la haute couture, transformant votre cuisine en d\u00e9fil\u00e9 de haute couture. Dot\u00e9 de multiples fonctions pour une utilisation facile et s\u00fbre, ce grille-pain offre 6 niveaux de brunissement, parfaits [&hellip;]<\/p>\n","protected":false},"featured_media":6373498,"template":"","meta":{"_acf_changed":false},"product_cat":[12068,12055],"product_tag":[],"class_list":{"0":"post-1609195","1":"product","2":"type-product","3":"status-publish","4":"has-post-thumbnail","6":"product_cat-grille-pains","7":"product_cat-petits-electromenagers","9":"first","10":"instock","11":"sale","12":"taxable","13":"shipping-taxable","14":"purchasable","15":"product-type-simple","swatches":"rey-swatches","show_selected":"","stretch_labels":"rey-swatches--stretch-labels"},"acf":[],"yoast_head":"<!-- This site is optimized with the Yoast SEO plugin v25.4 - https:\/\/yoast.com\/wordpress\/plugins\/seo\/ -->\n<title>ALESSI Pliss\u00e9 Grille-pain Rouge - dev6 Erresse<\/title>\n<meta name=\"description\" content=\"D\u00e9couvrez le grille-pain design de la collection Pliss\u00e9 : une \u0153uvre d\u2019art sophistiqu\u00e9e pour vos plans de travail de cuisine. Les plis \u00e9l\u00e9gants rappellent\" \/>\n<meta name=\"robots\" content=\"noindex, follow, max-snippet:-1, max-image-preview:large, max-video-preview:-1\" \/>\n<meta property=\"og:locale\" content=\"fr_FR\" \/>\n<meta property=\"og:type\" content=\"article\" \/>\n<meta property=\"og:title\" content=\"ALESSI Pliss\u00e9 Grille-pain Rouge - dev6 Erresse\" \/>\n<meta property=\"og:description\" content=\"D\u00e9couvrez le grille-pain design de la collection Pliss\u00e9 : une \u0153uvre d\u2019art sophistiqu\u00e9e pour vos plans de travail de cuisine. Les plis \u00e9l\u00e9gants rappellent\" \/>\n<meta property=\"og:url\" content=\"https:\/\/dev6.erresse-shop.it\/fr\/shop\/petits-electromenagers\/grille-pains\/alessi-plisse-grille-pain-rouge\/\" \/>\n<meta property=\"og:site_name\" content=\"dev6 Erresse\" \/>\n<meta property=\"og:image\" content=\"https:\/\/interpim.erresse-shop.it\/Import\/Prodotti\/alessi-plisse-tostapane-rosso.jpg\" \/><meta property=\"og:image\" content=\"https:\/\/interpim.erresse-shop.it\/Import\/Prodotti\/alessi-plisse-tostapane-rosso.jpg\" \/>\n\t<meta property=\"og:image:width\" content=\"1024\" \/>\n\t<meta property=\"og:image:height\" content=\"1024\" \/>\n\t<meta property=\"og:image:type\" content=\"image\/jpeg\" \/>\n<meta name=\"twitter:card\" content=\"summary_large_image\" \/>\n<meta name=\"twitter:image\" content=\"https:\/\/interpim.erresse-shop.it\/Import\/Prodotti\/alessi-plisse-tostapane-rosso.jpg\" \/>\n<script type=\"application\/ld+json\" class=\"yoast-schema-graph\">{\"@context\":\"https:\/\/schema.org\",\"@graph\":[{\"@type\":\"WebPage\",\"@id\":\"https:\/\/dev6.erresse-shop.it\/fr\/shop\/petits-electromenagers\/grille-pains\/alessi-plisse-grille-pain-rouge\/\",\"url\":\"https:\/\/dev6.erresse-shop.it\/fr\/shop\/petits-electromenagers\/grille-pains\/alessi-plisse-grille-pain-rouge\/\",\"name\":\"ALESSI Pliss\u00e9 Grille-pain Rouge - dev6 Erresse\",\"isPartOf\":{\"@id\":\"https:\/\/dev6.erresse-shop.it\/#website\"},\"primaryImageOfPage\":{\"@id\":\"https:\/\/dev6.erresse-shop.it\/fr\/shop\/petits-electromenagers\/grille-pains\/alessi-plisse-grille-pain-rouge\/#primaryimage\"},\"image\":{\"@id\":\"https:\/\/dev6.erresse-shop.it\/fr\/shop\/petits-electromenagers\/grille-pains\/alessi-plisse-grille-pain-rouge\/#primaryimage\"},\"thumbnailUrl\":\"https:\/\/i2.wp.com\/interpim.erresse-shop.it\/Import\/Prodotti\/alessi-plisse-tostapane-rosso.jpg?ssl=1\",\"datePublished\":\"2026-04-12T10:35:07+00:00\",\"description\":\"D\u00e9couvrez le grille-pain design de la collection Pliss\u00e9 : une \u0153uvre d\u2019art sophistiqu\u00e9e pour vos plans de travail de cuisine. Les plis \u00e9l\u00e9gants rappellent\",\"breadcrumb\":{\"@id\":\"https:\/\/dev6.erresse-shop.it\/fr\/shop\/petits-electromenagers\/grille-pains\/alessi-plisse-grille-pain-rouge\/#breadcrumb\"},\"inLanguage\":\"fr-FR\",\"potentialAction\":[{\"@type\":\"ReadAction\",\"target\":[\"https:\/\/dev6.erresse-shop.it\/fr\/shop\/petits-electromenagers\/grille-pains\/alessi-plisse-grille-pain-rouge\/\"]}]},{\"@type\":\"ImageObject\",\"inLanguage\":\"fr-FR\",\"@id\":\"https:\/\/dev6.erresse-shop.it\/fr\/shop\/petits-electromenagers\/grille-pains\/alessi-plisse-grille-pain-rouge\/#primaryimage\",\"url\":\"https:\/\/i2.wp.com\/interpim.erresse-shop.it\/Import\/Prodotti\/alessi-plisse-tostapane-rosso.jpg?ssl=1\",\"contentUrl\":\"https:\/\/i2.wp.com\/interpim.erresse-shop.it\/Import\/Prodotti\/alessi-plisse-tostapane-rosso.jpg?ssl=1\"},{\"@type\":\"BreadcrumbList\",\"@id\":\"https:\/\/dev6.erresse-shop.it\/fr\/shop\/petits-electromenagers\/grille-pains\/alessi-plisse-grille-pain-rouge\/#breadcrumb\",\"itemListElement\":[{\"@type\":\"ListItem\",\"position\":1,\"name\":\"Home\",\"item\":\"https:\/\/dev6.erresse-shop.it\/\"},{\"@type\":\"ListItem\",\"position\":2,\"name\":\"Boutique\",\"item\":\"https:\/\/dev6.erresse-shop.it\/shop\/\"},{\"@type\":\"ListItem\",\"position\":3,\"name\":\"ALESSI Pliss\u00e9 Grille-pain Rouge\"}]},{\"@type\":\"WebSite\",\"@id\":\"https:\/\/dev6.erresse-shop.it\/#website\",\"url\":\"https:\/\/dev6.erresse-shop.it\/\",\"name\":\"Erresse Shop\",\"description\":\"\",\"publisher\":{\"@id\":\"https:\/\/dev6.erresse-shop.it\/#organization\"},\"potentialAction\":[{\"@type\":\"SearchAction\",\"target\":{\"@type\":\"EntryPoint\",\"urlTemplate\":\"https:\/\/dev6.erresse-shop.it\/?s={search_term_string}\"},\"query-input\":{\"@type\":\"PropertyValueSpecification\",\"valueRequired\":true,\"valueName\":\"search_term_string\"}}],\"inLanguage\":\"fr-FR\"},{\"@type\":\"Organization\",\"@id\":\"https:\/\/dev6.erresse-shop.it\/#organization\",\"name\":\"Erresse Shop\",\"url\":\"https:\/\/dev6.erresse-shop.it\/\",\"logo\":{\"@type\":\"ImageObject\",\"inLanguage\":\"fr-FR\",\"@id\":\"https:\/\/dev6.erresse-shop.it\/#\/schema\/logo\/image\/\",\"url\":\"https:\/\/dev6.erresse-shop.it\/wp-content\/uploads\/2025\/01\/LOGO-ERRESSE-CLASSICO.svg\",\"contentUrl\":\"https:\/\/dev6.erresse-shop.it\/wp-content\/uploads\/2025\/01\/LOGO-ERRESSE-CLASSICO.svg\",\"caption\":\"Erresse Shop\"},\"image\":{\"@id\":\"https:\/\/dev6.erresse-shop.it\/#\/schema\/logo\/image\/\"}}]}<\/script>\n<!-- \/ Yoast SEO plugin. -->","yoast_head_json":{"title":"ALESSI Pliss\u00e9 Grille-pain Rouge - dev6 Erresse","description":"D\u00e9couvrez le grille-pain design de la collection Pliss\u00e9 : une \u0153uvre d\u2019art sophistiqu\u00e9e pour vos plans de travail de cuisine. Les plis \u00e9l\u00e9gants rappellent","robots":{"index":"noindex","follow":"follow","max-snippet":"max-snippet:-1","max-image-preview":"max-image-preview:large","max-video-preview":"max-video-preview:-1"},"og_locale":"fr_FR","og_type":"article","og_title":"ALESSI Pliss\u00e9 Grille-pain Rouge - dev6 Erresse","og_description":"D\u00e9couvrez le grille-pain design de la collection Pliss\u00e9 : une \u0153uvre d\u2019art sophistiqu\u00e9e pour vos plans de travail de cuisine. Les plis \u00e9l\u00e9gants rappellent","og_url":"https:\/\/dev6.erresse-shop.it\/fr\/shop\/petits-electromenagers\/grille-pains\/alessi-plisse-grille-pain-rouge\/","og_site_name":"dev6 Erresse","og_image":[{"url":"https:\/\/interpim.erresse-shop.it\/Import\/Prodotti\/alessi-plisse-tostapane-rosso.jpg","type":"","width":"","height":""},{"url":"https:\/\/interpim.erresse-shop.it\/Import\/Prodotti\/alessi-plisse-tostapane-rosso.jpg","width":1024,"height":1024,"type":"image\/jpeg"}],"twitter_card":"summary_large_image","twitter_image":"https:\/\/interpim.erresse-shop.it\/Import\/Prodotti\/alessi-plisse-tostapane-rosso.jpg","schema":{"@context":"https:\/\/schema.org","@graph":[{"@type":"WebPage","@id":"https:\/\/dev6.erresse-shop.it\/fr\/shop\/petits-electromenagers\/grille-pains\/alessi-plisse-grille-pain-rouge\/","url":"https:\/\/dev6.erresse-shop.it\/fr\/shop\/petits-electromenagers\/grille-pains\/alessi-plisse-grille-pain-rouge\/","name":"ALESSI Pliss\u00e9 Grille-pain Rouge - dev6 Erresse","isPartOf":{"@id":"https:\/\/dev6.erresse-shop.it\/#website"},"primaryImageOfPage":{"@id":"https:\/\/dev6.erresse-shop.it\/fr\/shop\/petits-electromenagers\/grille-pains\/alessi-plisse-grille-pain-rouge\/#primaryimage"},"image":{"@id":"https:\/\/dev6.erresse-shop.it\/fr\/shop\/petits-electromenagers\/grille-pains\/alessi-plisse-grille-pain-rouge\/#primaryimage"},"thumbnailUrl":"https:\/\/i2.wp.com\/interpim.erresse-shop.it\/Import\/Prodotti\/alessi-plisse-tostapane-rosso.jpg?ssl=1","datePublished":"2026-04-12T10:35:07+00:00","description":"D\u00e9couvrez le grille-pain design de la collection Pliss\u00e9 : une \u0153uvre d\u2019art sophistiqu\u00e9e pour vos plans de travail de cuisine. Les plis \u00e9l\u00e9gants rappellent","breadcrumb":{"@id":"https:\/\/dev6.erresse-shop.it\/fr\/shop\/petits-electromenagers\/grille-pains\/alessi-plisse-grille-pain-rouge\/#breadcrumb"},"inLanguage":"fr-FR","potentialAction":[{"@type":"ReadAction","target":["https:\/\/dev6.erresse-shop.it\/fr\/shop\/petits-electromenagers\/grille-pains\/alessi-plisse-grille-pain-rouge\/"]}]},{"@type":"ImageObject","inLanguage":"fr-FR","@id":"https:\/\/dev6.erresse-shop.it\/fr\/shop\/petits-electromenagers\/grille-pains\/alessi-plisse-grille-pain-rouge\/#primaryimage","url":"https:\/\/i2.wp.com\/interpim.erresse-shop.it\/Import\/Prodotti\/alessi-plisse-tostapane-rosso.jpg?ssl=1","contentUrl":"https:\/\/i2.wp.com\/interpim.erresse-shop.it\/Import\/Prodotti\/alessi-plisse-tostapane-rosso.jpg?ssl=1"},{"@type":"BreadcrumbList","@id":"https:\/\/dev6.erresse-shop.it\/fr\/shop\/petits-electromenagers\/grille-pains\/alessi-plisse-grille-pain-rouge\/#breadcrumb","itemListElement":[{"@type":"ListItem","position":1,"name":"Home","item":"https:\/\/dev6.erresse-shop.it\/"},{"@type":"ListItem","position":2,"name":"Boutique","item":"https:\/\/dev6.erresse-shop.it\/shop\/"},{"@type":"ListItem","position":3,"name":"ALESSI Pliss\u00e9 Grille-pain Rouge"}]},{"@type":"WebSite","@id":"https:\/\/dev6.erresse-shop.it\/#website","url":"https:\/\/dev6.erresse-shop.it\/","name":"Erresse Shop","description":"","publisher":{"@id":"https:\/\/dev6.erresse-shop.it\/#organization"},"potentialAction":[{"@type":"SearchAction","target":{"@type":"EntryPoint","urlTemplate":"https:\/\/dev6.erresse-shop.it\/?s={search_term_string}"},"query-input":{"@type":"PropertyValueSpecification","valueRequired":true,"valueName":"search_term_string"}}],"inLanguage":"fr-FR"},{"@type":"Organization","@id":"https:\/\/dev6.erresse-shop.it\/#organization","name":"Erresse Shop","url":"https:\/\/dev6.erresse-shop.it\/","logo":{"@type":"ImageObject","inLanguage":"fr-FR","@id":"https:\/\/dev6.erresse-shop.it\/#\/schema\/logo\/image\/","url":"https:\/\/dev6.erresse-shop.it\/wp-content\/uploads\/2025\/01\/LOGO-ERRESSE-CLASSICO.svg","contentUrl":"https:\/\/dev6.erresse-shop.it\/wp-content\/uploads\/2025\/01\/LOGO-ERRESSE-CLASSICO.svg","caption":"Erresse Shop"},"image":{"@id":"https:\/\/dev6.erresse-shop.it\/#\/schema\/logo\/image\/"}}]}},"df_price":94.5,"df_sale_price":94.5,"df_regular_price":105,"df_image_link":"https:\/\/i2.wp.com\/interpim.erresse-shop.it\/Import\/Prodotti\/alessi-plisse-tostapane-rosso.jpg?resize=300,300&ssl=1","fifu_image_url":"https:\/\/interpim.erresse-shop.it\/Import\/Prodotti\/alessi-plisse-tostapane-rosso.jpg","_links":{"self":[{"href":"https:\/\/dev6.erresse-shop.it\/fr\/wp-json\/wp\/v2\/product\/1609195","targetHints":{"allow":["GET"]}}],"collection":[{"href":"https:\/\/dev6.erresse-shop.it\/fr\/wp-json\/wp\/v2\/product"}],"about":[{"href":"https:\/\/dev6.erresse-shop.it\/fr\/wp-json\/wp\/v2\/types\/product"}],"wp:featuredmedia":[{"embeddable":true,"href":"https:\/\/dev6.erresse-shop.it\/fr\/wp-json\/wp\/v2\/media\/6373498"}],"wp:attachment":[{"href":"https:\/\/dev6.erresse-shop.it\/fr\/wp-json\/wp\/v2\/media?parent=1609195"}],"wp:term":[{"taxonomy":"product_cat","embeddable":true,"href":"https:\/\/dev6.erresse-shop.it\/fr\/wp-json\/wp\/v2\/product_cat?post=1609195"},{"taxonomy":"product_tag","embeddable":true,"href":"https:\/\/dev6.erresse-shop.it\/fr\/wp-json\/wp\/v2\/product_tag?post=1609195"}],"curies":[{"name":"wp","href":"https:\/\/api.w.org\/{rel}","templated":true}]}}