{"id":1609191,"date":"2026-04-04T12:32:24","date_gmt":"2026-04-04T10:32:24","guid":{"rendered":"https:\/\/dev6.erresse-shop.it\/shop\/non%20class\u00e9\/alessi-plisse-balance-de-cuisine-numerique-noir\/"},"modified":"2025-07-04T19:09:22","modified_gmt":"2025-07-04T17:09:22","slug":"alessi-plisse-balance-de-cuisine-numerique-noir","status":"publish","type":"product","link":"https:\/\/dev6.erresse-shop.it\/fr\/shop\/petits-electromenagers\/balances\/alessi-plisse-balance-de-cuisine-numerique-noir\/","title":{"rendered":"ALESSI Pliss\u00e9 Balance de cuisine num\u00e9rique Noir"},"content":{"rendered":"<p>De Michele De Lucchi vient un nouveau membre de la famille Pliss\u00e9 : la balance de cuisine num\u00e9rique. Les lignes pr\u00e9cises et \u00e9l\u00e9gantes de la d\u00e9coration embellissent un objet aux hautes performances fonctionnelles. Un syst\u00e8me innovant permet d\u2019accrocher la balance au mur, la transformant ainsi en \u00e9l\u00e9ment d\u00e9coratif. Un nouveau geste pour un objet qui devient le protagoniste du paysage domestique.<\/p>\n<p>Balance de cuisine num\u00e9rique en r\u00e9sine thermoplastique et verre tremp\u00e9. A suspendre avec support mural. Batterie rechargeable.<\/p>\n<p>Caract\u00e9ristiques\u00a0:<\/p>\n<p>Diam\u00e8tre (cm)\u00a0:\u00a027,50<br \/>\nHauteur (cm)\u00a0:\u00a02,80<\/p>\n","protected":false},"excerpt":{"rendered":"<p>De Michele De Lucchi vient un nouveau membre de la famille Pliss\u00e9 : la balance de cuisine num\u00e9rique. Les lignes pr\u00e9cises et \u00e9l\u00e9gantes de la d\u00e9coration embellissent un objet aux hautes performances fonctionnelles. Un syst\u00e8me innovant permet d\u2019accrocher la balance au mur, la transformant ainsi en \u00e9l\u00e9ment d\u00e9coratif. Un nouveau geste pour un objet qui [&hellip;]<\/p>\n","protected":false},"featured_media":6290222,"template":"","meta":{"_acf_changed":false},"product_cat":[12077,12055],"product_tag":[],"class_list":{"0":"post-1609191","1":"product","2":"type-product","3":"status-publish","4":"has-post-thumbnail","6":"product_cat-balances","7":"product_cat-petits-electromenagers","9":"first","10":"instock","11":"sale","12":"taxable","13":"shipping-taxable","14":"purchasable","15":"product-type-simple","swatches":"rey-swatches","show_selected":"","stretch_labels":"rey-swatches--stretch-labels"},"acf":[],"yoast_head":"<!-- This site is optimized with the Yoast SEO plugin v25.4 - https:\/\/yoast.com\/wordpress\/plugins\/seo\/ -->\n<title>ALESSI Pliss\u00e9 Balance de cuisine num\u00e9rique Noir - dev6 Erresse<\/title>\n<meta name=\"description\" content=\"De Michele De Lucchi vient un nouveau membre de la famille Pliss\u00e9 : la balance de cuisine num\u00e9rique. Les lignes pr\u00e9cises et \u00e9l\u00e9gantes de la d\u00e9coration\" \/>\n<meta name=\"robots\" content=\"noindex, follow, max-snippet:-1, max-image-preview:large, max-video-preview:-1\" \/>\n<meta property=\"og:locale\" content=\"fr_FR\" \/>\n<meta property=\"og:type\" content=\"article\" \/>\n<meta property=\"og:title\" content=\"ALESSI Pliss\u00e9 Balance de cuisine num\u00e9rique Noir - dev6 Erresse\" \/>\n<meta property=\"og:description\" content=\"De Michele De Lucchi vient un nouveau membre de la famille Pliss\u00e9 : la balance de cuisine num\u00e9rique. Les lignes pr\u00e9cises et \u00e9l\u00e9gantes de la d\u00e9coration\" \/>\n<meta property=\"og:url\" content=\"https:\/\/dev6.erresse-shop.it\/fr\/shop\/petits-electromenagers\/balances\/alessi-plisse-balance-de-cuisine-numerique-noir\/\" \/>\n<meta property=\"og:site_name\" content=\"dev6 Erresse\" \/>\n<meta property=\"og:image\" content=\"https:\/\/interpim.erresse-shop.it\/Import\/Prodotti\/alessi-plisse-bilancia-da-cucina-digitale-nero.jpg\" \/><meta property=\"og:image\" content=\"https:\/\/interpim.erresse-shop.it\/Import\/Prodotti\/alessi-plisse-bilancia-da-cucina-digitale-nero.jpg\" \/>\n\t<meta property=\"og:image:width\" content=\"1024\" \/>\n\t<meta property=\"og:image:height\" content=\"1024\" \/>\n\t<meta property=\"og:image:type\" content=\"image\/jpeg\" \/>\n<meta name=\"twitter:card\" content=\"summary_large_image\" \/>\n<meta name=\"twitter:image\" content=\"https:\/\/interpim.erresse-shop.it\/Import\/Prodotti\/alessi-plisse-bilancia-da-cucina-digitale-nero.jpg\" \/>\n<script type=\"application\/ld+json\" class=\"yoast-schema-graph\">{\"@context\":\"https:\/\/schema.org\",\"@graph\":[{\"@type\":\"WebPage\",\"@id\":\"https:\/\/dev6.erresse-shop.it\/fr\/shop\/petits-electromenagers\/balances\/alessi-plisse-balance-de-cuisine-numerique-noir\/\",\"url\":\"https:\/\/dev6.erresse-shop.it\/fr\/shop\/petits-electromenagers\/balances\/alessi-plisse-balance-de-cuisine-numerique-noir\/\",\"name\":\"ALESSI Pliss\u00e9 Balance de cuisine num\u00e9rique Noir - dev6 Erresse\",\"isPartOf\":{\"@id\":\"https:\/\/dev6.erresse-shop.it\/#website\"},\"primaryImageOfPage\":{\"@id\":\"https:\/\/dev6.erresse-shop.it\/fr\/shop\/petits-electromenagers\/balances\/alessi-plisse-balance-de-cuisine-numerique-noir\/#primaryimage\"},\"image\":{\"@id\":\"https:\/\/dev6.erresse-shop.it\/fr\/shop\/petits-electromenagers\/balances\/alessi-plisse-balance-de-cuisine-numerique-noir\/#primaryimage\"},\"thumbnailUrl\":\"https:\/\/i0.wp.com\/interpim.erresse-shop.it\/Import\/Prodotti\/alessi-plisse-bilancia-da-cucina-digitale-nero.jpg?ssl=1\",\"datePublished\":\"2026-04-04T10:32:24+00:00\",\"description\":\"De Michele De Lucchi vient un nouveau membre de la famille Pliss\u00e9 : la balance de cuisine num\u00e9rique. Les lignes pr\u00e9cises et \u00e9l\u00e9gantes de la d\u00e9coration\",\"breadcrumb\":{\"@id\":\"https:\/\/dev6.erresse-shop.it\/fr\/shop\/petits-electromenagers\/balances\/alessi-plisse-balance-de-cuisine-numerique-noir\/#breadcrumb\"},\"inLanguage\":\"fr-FR\",\"potentialAction\":[{\"@type\":\"ReadAction\",\"target\":[\"https:\/\/dev6.erresse-shop.it\/fr\/shop\/petits-electromenagers\/balances\/alessi-plisse-balance-de-cuisine-numerique-noir\/\"]}]},{\"@type\":\"ImageObject\",\"inLanguage\":\"fr-FR\",\"@id\":\"https:\/\/dev6.erresse-shop.it\/fr\/shop\/petits-electromenagers\/balances\/alessi-plisse-balance-de-cuisine-numerique-noir\/#primaryimage\",\"url\":\"https:\/\/i0.wp.com\/interpim.erresse-shop.it\/Import\/Prodotti\/alessi-plisse-bilancia-da-cucina-digitale-nero.jpg?ssl=1\",\"contentUrl\":\"https:\/\/i0.wp.com\/interpim.erresse-shop.it\/Import\/Prodotti\/alessi-plisse-bilancia-da-cucina-digitale-nero.jpg?ssl=1\"},{\"@type\":\"BreadcrumbList\",\"@id\":\"https:\/\/dev6.erresse-shop.it\/fr\/shop\/petits-electromenagers\/balances\/alessi-plisse-balance-de-cuisine-numerique-noir\/#breadcrumb\",\"itemListElement\":[{\"@type\":\"ListItem\",\"position\":1,\"name\":\"Home\",\"item\":\"https:\/\/dev6.erresse-shop.it\/\"},{\"@type\":\"ListItem\",\"position\":2,\"name\":\"Boutique\",\"item\":\"https:\/\/dev6.erresse-shop.it\/shop\/\"},{\"@type\":\"ListItem\",\"position\":3,\"name\":\"ALESSI Pliss\u00e9 Balance de cuisine num\u00e9rique Noir\"}]},{\"@type\":\"WebSite\",\"@id\":\"https:\/\/dev6.erresse-shop.it\/#website\",\"url\":\"https:\/\/dev6.erresse-shop.it\/\",\"name\":\"Erresse Shop\",\"description\":\"\",\"publisher\":{\"@id\":\"https:\/\/dev6.erresse-shop.it\/#organization\"},\"potentialAction\":[{\"@type\":\"SearchAction\",\"target\":{\"@type\":\"EntryPoint\",\"urlTemplate\":\"https:\/\/dev6.erresse-shop.it\/?s={search_term_string}\"},\"query-input\":{\"@type\":\"PropertyValueSpecification\",\"valueRequired\":true,\"valueName\":\"search_term_string\"}}],\"inLanguage\":\"fr-FR\"},{\"@type\":\"Organization\",\"@id\":\"https:\/\/dev6.erresse-shop.it\/#organization\",\"name\":\"Erresse Shop\",\"url\":\"https:\/\/dev6.erresse-shop.it\/\",\"logo\":{\"@type\":\"ImageObject\",\"inLanguage\":\"fr-FR\",\"@id\":\"https:\/\/dev6.erresse-shop.it\/#\/schema\/logo\/image\/\",\"url\":\"https:\/\/dev6.erresse-shop.it\/wp-content\/uploads\/2025\/01\/LOGO-ERRESSE-CLASSICO.svg\",\"contentUrl\":\"https:\/\/dev6.erresse-shop.it\/wp-content\/uploads\/2025\/01\/LOGO-ERRESSE-CLASSICO.svg\",\"caption\":\"Erresse Shop\"},\"image\":{\"@id\":\"https:\/\/dev6.erresse-shop.it\/#\/schema\/logo\/image\/\"}}]}<\/script>\n<!-- \/ Yoast SEO plugin. -->","yoast_head_json":{"title":"ALESSI Pliss\u00e9 Balance de cuisine num\u00e9rique Noir - dev6 Erresse","description":"De Michele De Lucchi vient un nouveau membre de la famille Pliss\u00e9 : la balance de cuisine num\u00e9rique. Les lignes pr\u00e9cises et \u00e9l\u00e9gantes de la d\u00e9coration","robots":{"index":"noindex","follow":"follow","max-snippet":"max-snippet:-1","max-image-preview":"max-image-preview:large","max-video-preview":"max-video-preview:-1"},"og_locale":"fr_FR","og_type":"article","og_title":"ALESSI Pliss\u00e9 Balance de cuisine num\u00e9rique Noir - dev6 Erresse","og_description":"De Michele De Lucchi vient un nouveau membre de la famille Pliss\u00e9 : la balance de cuisine num\u00e9rique. Les lignes pr\u00e9cises et \u00e9l\u00e9gantes de la d\u00e9coration","og_url":"https:\/\/dev6.erresse-shop.it\/fr\/shop\/petits-electromenagers\/balances\/alessi-plisse-balance-de-cuisine-numerique-noir\/","og_site_name":"dev6 Erresse","og_image":[{"url":"https:\/\/interpim.erresse-shop.it\/Import\/Prodotti\/alessi-plisse-bilancia-da-cucina-digitale-nero.jpg","type":"","width":"","height":""},{"url":"https:\/\/interpim.erresse-shop.it\/Import\/Prodotti\/alessi-plisse-bilancia-da-cucina-digitale-nero.jpg","width":1024,"height":1024,"type":"image\/jpeg"}],"twitter_card":"summary_large_image","twitter_image":"https:\/\/interpim.erresse-shop.it\/Import\/Prodotti\/alessi-plisse-bilancia-da-cucina-digitale-nero.jpg","schema":{"@context":"https:\/\/schema.org","@graph":[{"@type":"WebPage","@id":"https:\/\/dev6.erresse-shop.it\/fr\/shop\/petits-electromenagers\/balances\/alessi-plisse-balance-de-cuisine-numerique-noir\/","url":"https:\/\/dev6.erresse-shop.it\/fr\/shop\/petits-electromenagers\/balances\/alessi-plisse-balance-de-cuisine-numerique-noir\/","name":"ALESSI Pliss\u00e9 Balance de cuisine num\u00e9rique Noir - dev6 Erresse","isPartOf":{"@id":"https:\/\/dev6.erresse-shop.it\/#website"},"primaryImageOfPage":{"@id":"https:\/\/dev6.erresse-shop.it\/fr\/shop\/petits-electromenagers\/balances\/alessi-plisse-balance-de-cuisine-numerique-noir\/#primaryimage"},"image":{"@id":"https:\/\/dev6.erresse-shop.it\/fr\/shop\/petits-electromenagers\/balances\/alessi-plisse-balance-de-cuisine-numerique-noir\/#primaryimage"},"thumbnailUrl":"https:\/\/i0.wp.com\/interpim.erresse-shop.it\/Import\/Prodotti\/alessi-plisse-bilancia-da-cucina-digitale-nero.jpg?ssl=1","datePublished":"2026-04-04T10:32:24+00:00","description":"De Michele De Lucchi vient un nouveau membre de la famille Pliss\u00e9 : la balance de cuisine num\u00e9rique. Les lignes pr\u00e9cises et \u00e9l\u00e9gantes de la d\u00e9coration","breadcrumb":{"@id":"https:\/\/dev6.erresse-shop.it\/fr\/shop\/petits-electromenagers\/balances\/alessi-plisse-balance-de-cuisine-numerique-noir\/#breadcrumb"},"inLanguage":"fr-FR","potentialAction":[{"@type":"ReadAction","target":["https:\/\/dev6.erresse-shop.it\/fr\/shop\/petits-electromenagers\/balances\/alessi-plisse-balance-de-cuisine-numerique-noir\/"]}]},{"@type":"ImageObject","inLanguage":"fr-FR","@id":"https:\/\/dev6.erresse-shop.it\/fr\/shop\/petits-electromenagers\/balances\/alessi-plisse-balance-de-cuisine-numerique-noir\/#primaryimage","url":"https:\/\/i0.wp.com\/interpim.erresse-shop.it\/Import\/Prodotti\/alessi-plisse-bilancia-da-cucina-digitale-nero.jpg?ssl=1","contentUrl":"https:\/\/i0.wp.com\/interpim.erresse-shop.it\/Import\/Prodotti\/alessi-plisse-bilancia-da-cucina-digitale-nero.jpg?ssl=1"},{"@type":"BreadcrumbList","@id":"https:\/\/dev6.erresse-shop.it\/fr\/shop\/petits-electromenagers\/balances\/alessi-plisse-balance-de-cuisine-numerique-noir\/#breadcrumb","itemListElement":[{"@type":"ListItem","position":1,"name":"Home","item":"https:\/\/dev6.erresse-shop.it\/"},{"@type":"ListItem","position":2,"name":"Boutique","item":"https:\/\/dev6.erresse-shop.it\/shop\/"},{"@type":"ListItem","position":3,"name":"ALESSI Pliss\u00e9 Balance de cuisine num\u00e9rique Noir"}]},{"@type":"WebSite","@id":"https:\/\/dev6.erresse-shop.it\/#website","url":"https:\/\/dev6.erresse-shop.it\/","name":"Erresse Shop","description":"","publisher":{"@id":"https:\/\/dev6.erresse-shop.it\/#organization"},"potentialAction":[{"@type":"SearchAction","target":{"@type":"EntryPoint","urlTemplate":"https:\/\/dev6.erresse-shop.it\/?s={search_term_string}"},"query-input":{"@type":"PropertyValueSpecification","valueRequired":true,"valueName":"search_term_string"}}],"inLanguage":"fr-FR"},{"@type":"Organization","@id":"https:\/\/dev6.erresse-shop.it\/#organization","name":"Erresse Shop","url":"https:\/\/dev6.erresse-shop.it\/","logo":{"@type":"ImageObject","inLanguage":"fr-FR","@id":"https:\/\/dev6.erresse-shop.it\/#\/schema\/logo\/image\/","url":"https:\/\/dev6.erresse-shop.it\/wp-content\/uploads\/2025\/01\/LOGO-ERRESSE-CLASSICO.svg","contentUrl":"https:\/\/dev6.erresse-shop.it\/wp-content\/uploads\/2025\/01\/LOGO-ERRESSE-CLASSICO.svg","caption":"Erresse Shop"},"image":{"@id":"https:\/\/dev6.erresse-shop.it\/#\/schema\/logo\/image\/"}}]}},"df_price":63,"df_sale_price":63,"df_regular_price":70,"df_image_link":"https:\/\/i0.wp.com\/interpim.erresse-shop.it\/Import\/Prodotti\/alessi-plisse-bilancia-da-cucina-digitale-nero.jpg?resize=300,300&ssl=1","fifu_image_url":"https:\/\/interpim.erresse-shop.it\/Import\/Prodotti\/alessi-plisse-bilancia-da-cucina-digitale-nero.jpg","_links":{"self":[{"href":"https:\/\/dev6.erresse-shop.it\/fr\/wp-json\/wp\/v2\/product\/1609191","targetHints":{"allow":["GET"]}}],"collection":[{"href":"https:\/\/dev6.erresse-shop.it\/fr\/wp-json\/wp\/v2\/product"}],"about":[{"href":"https:\/\/dev6.erresse-shop.it\/fr\/wp-json\/wp\/v2\/types\/product"}],"wp:featuredmedia":[{"embeddable":true,"href":"https:\/\/dev6.erresse-shop.it\/fr\/wp-json\/wp\/v2\/media\/6290222"}],"wp:attachment":[{"href":"https:\/\/dev6.erresse-shop.it\/fr\/wp-json\/wp\/v2\/media?parent=1609191"}],"wp:term":[{"taxonomy":"product_cat","embeddable":true,"href":"https:\/\/dev6.erresse-shop.it\/fr\/wp-json\/wp\/v2\/product_cat?post=1609191"},{"taxonomy":"product_tag","embeddable":true,"href":"https:\/\/dev6.erresse-shop.it\/fr\/wp-json\/wp\/v2\/product_tag?post=1609191"}],"curies":[{"name":"wp","href":"https:\/\/api.w.org\/{rel}","templated":true}]}}