{"id":1609175,"date":"2026-04-12T12:32:36","date_gmt":"2026-04-12T10:32:36","guid":{"rendered":"https:\/\/dev6.erresse-shop.it\/shop\/non%20class\u00e9\/stockli-gril-a-raclette-cheeseboard-v8\/"},"modified":"2025-09-14T06:18:58","modified_gmt":"2025-09-14T04:18:58","slug":"stockli-gril-a-raclette-cheeseboard-v8","status":"publish","type":"product","link":"https:\/\/dev6.erresse-shop.it\/fr\/shop\/petits-electromenagers\/grilles-et-barbecues\/stockli-gril-a-raclette-cheeseboard-v8\/","title":{"rendered":"STOCKLI Gril \u00e0 raclette Cheeseboard V8"},"content":{"rendered":"<p>Vous avez choisi un produit de qualit\u00e9 de St\u00f6ckli, qui vous donnera satisfaction pendant de nombreuses ann\u00e9es.<\/p>\n<p>L\u2019appareil \u00abCheeseboard V8 Grill\u00bb est dot\u00e9 d\u2019une plaque de gril brevet\u00e9e nouvellement d\u00e9velopp\u00e9e. En effet, un pare-\u00e9claboussures a \u00e9t\u00e9 appliqu\u00e9 \u00e0 gauche et \u00e0 droite de la plaque qui, en r\u00e9duisant les \u00e9claboussures de graisse et de jus, r\u00e9duit \u00e9galement la formation de fum\u00e9e.<br \/>\nCe plateau \u00e0 fromages dispose \u00e9galement d\u2019un plateau de support qui peut \u00eatre utilis\u00e9 pour de courtes pauses pendant le repas. En effet, il est possible de poser confortablement la po\u00eale sur le plateau.<\/p>\n<p>Sp\u00e9cifications techniques<\/p>\n<p>Dimensions (L x H x P) : 50 x 13,6 x 20,3 cm<br \/>\nCouleur : Noir<br \/>\nNombre maximum de personnes : 8<br \/>\nTemp\u00e9rature r\u00e9glable\u00a0: Oui<br \/>\nPlaque de gril antiadh\u00e9sive\u00a0: Oui<br \/>\nTension standard et prise 230 V Schuko<\/p>\n<p>Not for sale outside Europe<\/p>\n","protected":false},"excerpt":{"rendered":"<p>Vous avez choisi un produit de qualit\u00e9 de St\u00f6ckli, qui vous donnera satisfaction pendant de nombreuses ann\u00e9es. L\u2019appareil \u00abCheeseboard V8 Grill\u00bb est dot\u00e9 d\u2019une plaque de gril brevet\u00e9e nouvellement d\u00e9velopp\u00e9e. En effet, un pare-\u00e9claboussures a \u00e9t\u00e9 appliqu\u00e9 \u00e0 gauche et \u00e0 droite de la plaque qui, en r\u00e9duisant les \u00e9claboussures de graisse et de jus, [&hellip;]<\/p>\n","protected":false},"featured_media":6373445,"template":"","meta":{"_acf_changed":false},"product_cat":[12087,12055],"product_tag":[],"class_list":{"0":"post-1609175","1":"product","2":"type-product","3":"status-publish","4":"has-post-thumbnail","6":"product_cat-grilles-et-barbecues","7":"product_cat-petits-electromenagers","9":"first","10":"instock","11":"sale","12":"taxable","13":"shipping-taxable","14":"purchasable","15":"product-type-simple","swatches":"rey-swatches","show_selected":"","stretch_labels":"rey-swatches--stretch-labels"},"acf":[],"yoast_head":"<!-- This site is optimized with the Yoast SEO plugin v25.4 - https:\/\/yoast.com\/wordpress\/plugins\/seo\/ -->\n<title>STOCKLI Gril \u00e0 raclette Cheeseboard V8 - dev6 Erresse<\/title>\n<meta name=\"description\" content=\"Vous avez choisi un produit de qualit\u00e9 de St\u00f6ckli, qui vous donnera satisfaction pendant de nombreuses ann\u00e9es. L\u2019appareil \u00abCheeseboard V8 Grill\u00bb est dot\u00e9\" \/>\n<meta name=\"robots\" content=\"noindex, follow, max-snippet:-1, max-image-preview:large, max-video-preview:-1\" \/>\n<meta property=\"og:locale\" content=\"fr_FR\" \/>\n<meta property=\"og:type\" content=\"article\" \/>\n<meta property=\"og:title\" content=\"STOCKLI Gril \u00e0 raclette Cheeseboard V8 - dev6 Erresse\" \/>\n<meta property=\"og:description\" content=\"Vous avez choisi un produit de qualit\u00e9 de St\u00f6ckli, qui vous donnera satisfaction pendant de nombreuses ann\u00e9es. L\u2019appareil \u00abCheeseboard V8 Grill\u00bb est dot\u00e9\" \/>\n<meta property=\"og:url\" content=\"https:\/\/dev6.erresse-shop.it\/fr\/shop\/petits-electromenagers\/grilles-et-barbecues\/stockli-gril-a-raclette-cheeseboard-v8\/\" \/>\n<meta property=\"og:site_name\" content=\"dev6 Erresse\" \/>\n<meta property=\"og:image\" content=\"https:\/\/interpim.erresse-shop.it\/Import\/Prodotti\/stockli-cheeseboard-v8-grill-griglia-per-raclette.jpg\" \/><meta property=\"og:image\" content=\"https:\/\/interpim.erresse-shop.it\/Import\/Prodotti\/stockli-cheeseboard-v8-grill-griglia-per-raclette.jpg\" \/>\n\t<meta property=\"og:image:width\" content=\"1024\" \/>\n\t<meta property=\"og:image:height\" content=\"1024\" \/>\n\t<meta property=\"og:image:type\" content=\"image\/jpeg\" \/>\n<meta name=\"twitter:card\" content=\"summary_large_image\" \/>\n<meta name=\"twitter:image\" content=\"https:\/\/interpim.erresse-shop.it\/Import\/Prodotti\/stockli-cheeseboard-v8-grill-griglia-per-raclette.jpg\" \/>\n<script type=\"application\/ld+json\" class=\"yoast-schema-graph\">{\"@context\":\"https:\/\/schema.org\",\"@graph\":[{\"@type\":\"WebPage\",\"@id\":\"https:\/\/dev6.erresse-shop.it\/fr\/shop\/petits-electromenagers\/grilles-et-barbecues\/stockli-gril-a-raclette-cheeseboard-v8\/\",\"url\":\"https:\/\/dev6.erresse-shop.it\/fr\/shop\/petits-electromenagers\/grilles-et-barbecues\/stockli-gril-a-raclette-cheeseboard-v8\/\",\"name\":\"STOCKLI Gril \u00e0 raclette Cheeseboard V8 - dev6 Erresse\",\"isPartOf\":{\"@id\":\"https:\/\/dev6.erresse-shop.it\/#website\"},\"primaryImageOfPage\":{\"@id\":\"https:\/\/dev6.erresse-shop.it\/fr\/shop\/petits-electromenagers\/grilles-et-barbecues\/stockli-gril-a-raclette-cheeseboard-v8\/#primaryimage\"},\"image\":{\"@id\":\"https:\/\/dev6.erresse-shop.it\/fr\/shop\/petits-electromenagers\/grilles-et-barbecues\/stockli-gril-a-raclette-cheeseboard-v8\/#primaryimage\"},\"thumbnailUrl\":\"https:\/\/i3.wp.com\/interpim.erresse-shop.it\/Import\/Prodotti\/stockli-cheeseboard-v8-grill-griglia-per-raclette.jpg?ssl=1\",\"datePublished\":\"2026-04-12T10:32:36+00:00\",\"description\":\"Vous avez choisi un produit de qualit\u00e9 de St\u00f6ckli, qui vous donnera satisfaction pendant de nombreuses ann\u00e9es. L\u2019appareil \u00abCheeseboard V8 Grill\u00bb est dot\u00e9\",\"breadcrumb\":{\"@id\":\"https:\/\/dev6.erresse-shop.it\/fr\/shop\/petits-electromenagers\/grilles-et-barbecues\/stockli-gril-a-raclette-cheeseboard-v8\/#breadcrumb\"},\"inLanguage\":\"fr-FR\",\"potentialAction\":[{\"@type\":\"ReadAction\",\"target\":[\"https:\/\/dev6.erresse-shop.it\/fr\/shop\/petits-electromenagers\/grilles-et-barbecues\/stockli-gril-a-raclette-cheeseboard-v8\/\"]}]},{\"@type\":\"ImageObject\",\"inLanguage\":\"fr-FR\",\"@id\":\"https:\/\/dev6.erresse-shop.it\/fr\/shop\/petits-electromenagers\/grilles-et-barbecues\/stockli-gril-a-raclette-cheeseboard-v8\/#primaryimage\",\"url\":\"https:\/\/i3.wp.com\/interpim.erresse-shop.it\/Import\/Prodotti\/stockli-cheeseboard-v8-grill-griglia-per-raclette.jpg?ssl=1\",\"contentUrl\":\"https:\/\/i3.wp.com\/interpim.erresse-shop.it\/Import\/Prodotti\/stockli-cheeseboard-v8-grill-griglia-per-raclette.jpg?ssl=1\"},{\"@type\":\"BreadcrumbList\",\"@id\":\"https:\/\/dev6.erresse-shop.it\/fr\/shop\/petits-electromenagers\/grilles-et-barbecues\/stockli-gril-a-raclette-cheeseboard-v8\/#breadcrumb\",\"itemListElement\":[{\"@type\":\"ListItem\",\"position\":1,\"name\":\"Home\",\"item\":\"https:\/\/dev6.erresse-shop.it\/\"},{\"@type\":\"ListItem\",\"position\":2,\"name\":\"Boutique\",\"item\":\"https:\/\/dev6.erresse-shop.it\/shop\/\"},{\"@type\":\"ListItem\",\"position\":3,\"name\":\"STOCKLI Gril \u00e0 raclette Cheeseboard V8\"}]},{\"@type\":\"WebSite\",\"@id\":\"https:\/\/dev6.erresse-shop.it\/#website\",\"url\":\"https:\/\/dev6.erresse-shop.it\/\",\"name\":\"Erresse Shop\",\"description\":\"\",\"publisher\":{\"@id\":\"https:\/\/dev6.erresse-shop.it\/#organization\"},\"potentialAction\":[{\"@type\":\"SearchAction\",\"target\":{\"@type\":\"EntryPoint\",\"urlTemplate\":\"https:\/\/dev6.erresse-shop.it\/?s={search_term_string}\"},\"query-input\":{\"@type\":\"PropertyValueSpecification\",\"valueRequired\":true,\"valueName\":\"search_term_string\"}}],\"inLanguage\":\"fr-FR\"},{\"@type\":\"Organization\",\"@id\":\"https:\/\/dev6.erresse-shop.it\/#organization\",\"name\":\"Erresse Shop\",\"url\":\"https:\/\/dev6.erresse-shop.it\/\",\"logo\":{\"@type\":\"ImageObject\",\"inLanguage\":\"fr-FR\",\"@id\":\"https:\/\/dev6.erresse-shop.it\/#\/schema\/logo\/image\/\",\"url\":\"https:\/\/dev6.erresse-shop.it\/wp-content\/uploads\/2025\/01\/LOGO-ERRESSE-CLASSICO.svg\",\"contentUrl\":\"https:\/\/dev6.erresse-shop.it\/wp-content\/uploads\/2025\/01\/LOGO-ERRESSE-CLASSICO.svg\",\"caption\":\"Erresse Shop\"},\"image\":{\"@id\":\"https:\/\/dev6.erresse-shop.it\/#\/schema\/logo\/image\/\"}}]}<\/script>\n<!-- \/ Yoast SEO plugin. -->","yoast_head_json":{"title":"STOCKLI Gril \u00e0 raclette Cheeseboard V8 - dev6 Erresse","description":"Vous avez choisi un produit de qualit\u00e9 de St\u00f6ckli, qui vous donnera satisfaction pendant de nombreuses ann\u00e9es. L\u2019appareil \u00abCheeseboard V8 Grill\u00bb est dot\u00e9","robots":{"index":"noindex","follow":"follow","max-snippet":"max-snippet:-1","max-image-preview":"max-image-preview:large","max-video-preview":"max-video-preview:-1"},"og_locale":"fr_FR","og_type":"article","og_title":"STOCKLI Gril \u00e0 raclette Cheeseboard V8 - dev6 Erresse","og_description":"Vous avez choisi un produit de qualit\u00e9 de St\u00f6ckli, qui vous donnera satisfaction pendant de nombreuses ann\u00e9es. L\u2019appareil \u00abCheeseboard V8 Grill\u00bb est dot\u00e9","og_url":"https:\/\/dev6.erresse-shop.it\/fr\/shop\/petits-electromenagers\/grilles-et-barbecues\/stockli-gril-a-raclette-cheeseboard-v8\/","og_site_name":"dev6 Erresse","og_image":[{"url":"https:\/\/interpim.erresse-shop.it\/Import\/Prodotti\/stockli-cheeseboard-v8-grill-griglia-per-raclette.jpg","type":"","width":"","height":""},{"url":"https:\/\/interpim.erresse-shop.it\/Import\/Prodotti\/stockli-cheeseboard-v8-grill-griglia-per-raclette.jpg","width":1024,"height":1024,"type":"image\/jpeg"}],"twitter_card":"summary_large_image","twitter_image":"https:\/\/interpim.erresse-shop.it\/Import\/Prodotti\/stockli-cheeseboard-v8-grill-griglia-per-raclette.jpg","schema":{"@context":"https:\/\/schema.org","@graph":[{"@type":"WebPage","@id":"https:\/\/dev6.erresse-shop.it\/fr\/shop\/petits-electromenagers\/grilles-et-barbecues\/stockli-gril-a-raclette-cheeseboard-v8\/","url":"https:\/\/dev6.erresse-shop.it\/fr\/shop\/petits-electromenagers\/grilles-et-barbecues\/stockli-gril-a-raclette-cheeseboard-v8\/","name":"STOCKLI Gril \u00e0 raclette Cheeseboard V8 - dev6 Erresse","isPartOf":{"@id":"https:\/\/dev6.erresse-shop.it\/#website"},"primaryImageOfPage":{"@id":"https:\/\/dev6.erresse-shop.it\/fr\/shop\/petits-electromenagers\/grilles-et-barbecues\/stockli-gril-a-raclette-cheeseboard-v8\/#primaryimage"},"image":{"@id":"https:\/\/dev6.erresse-shop.it\/fr\/shop\/petits-electromenagers\/grilles-et-barbecues\/stockli-gril-a-raclette-cheeseboard-v8\/#primaryimage"},"thumbnailUrl":"https:\/\/i3.wp.com\/interpim.erresse-shop.it\/Import\/Prodotti\/stockli-cheeseboard-v8-grill-griglia-per-raclette.jpg?ssl=1","datePublished":"2026-04-12T10:32:36+00:00","description":"Vous avez choisi un produit de qualit\u00e9 de St\u00f6ckli, qui vous donnera satisfaction pendant de nombreuses ann\u00e9es. L\u2019appareil \u00abCheeseboard V8 Grill\u00bb est dot\u00e9","breadcrumb":{"@id":"https:\/\/dev6.erresse-shop.it\/fr\/shop\/petits-electromenagers\/grilles-et-barbecues\/stockli-gril-a-raclette-cheeseboard-v8\/#breadcrumb"},"inLanguage":"fr-FR","potentialAction":[{"@type":"ReadAction","target":["https:\/\/dev6.erresse-shop.it\/fr\/shop\/petits-electromenagers\/grilles-et-barbecues\/stockli-gril-a-raclette-cheeseboard-v8\/"]}]},{"@type":"ImageObject","inLanguage":"fr-FR","@id":"https:\/\/dev6.erresse-shop.it\/fr\/shop\/petits-electromenagers\/grilles-et-barbecues\/stockli-gril-a-raclette-cheeseboard-v8\/#primaryimage","url":"https:\/\/i3.wp.com\/interpim.erresse-shop.it\/Import\/Prodotti\/stockli-cheeseboard-v8-grill-griglia-per-raclette.jpg?ssl=1","contentUrl":"https:\/\/i3.wp.com\/interpim.erresse-shop.it\/Import\/Prodotti\/stockli-cheeseboard-v8-grill-griglia-per-raclette.jpg?ssl=1"},{"@type":"BreadcrumbList","@id":"https:\/\/dev6.erresse-shop.it\/fr\/shop\/petits-electromenagers\/grilles-et-barbecues\/stockli-gril-a-raclette-cheeseboard-v8\/#breadcrumb","itemListElement":[{"@type":"ListItem","position":1,"name":"Home","item":"https:\/\/dev6.erresse-shop.it\/"},{"@type":"ListItem","position":2,"name":"Boutique","item":"https:\/\/dev6.erresse-shop.it\/shop\/"},{"@type":"ListItem","position":3,"name":"STOCKLI Gril \u00e0 raclette Cheeseboard V8"}]},{"@type":"WebSite","@id":"https:\/\/dev6.erresse-shop.it\/#website","url":"https:\/\/dev6.erresse-shop.it\/","name":"Erresse Shop","description":"","publisher":{"@id":"https:\/\/dev6.erresse-shop.it\/#organization"},"potentialAction":[{"@type":"SearchAction","target":{"@type":"EntryPoint","urlTemplate":"https:\/\/dev6.erresse-shop.it\/?s={search_term_string}"},"query-input":{"@type":"PropertyValueSpecification","valueRequired":true,"valueName":"search_term_string"}}],"inLanguage":"fr-FR"},{"@type":"Organization","@id":"https:\/\/dev6.erresse-shop.it\/#organization","name":"Erresse Shop","url":"https:\/\/dev6.erresse-shop.it\/","logo":{"@type":"ImageObject","inLanguage":"fr-FR","@id":"https:\/\/dev6.erresse-shop.it\/#\/schema\/logo\/image\/","url":"https:\/\/dev6.erresse-shop.it\/wp-content\/uploads\/2025\/01\/LOGO-ERRESSE-CLASSICO.svg","contentUrl":"https:\/\/dev6.erresse-shop.it\/wp-content\/uploads\/2025\/01\/LOGO-ERRESSE-CLASSICO.svg","caption":"Erresse Shop"},"image":{"@id":"https:\/\/dev6.erresse-shop.it\/#\/schema\/logo\/image\/"}}]}},"df_price":139,"df_sale_price":139,"df_regular_price":169,"df_image_link":"https:\/\/i3.wp.com\/interpim.erresse-shop.it\/Import\/Prodotti\/stockli-cheeseboard-v8-grill-griglia-per-raclette.jpg?resize=300,300&ssl=1","fifu_image_url":"https:\/\/interpim.erresse-shop.it\/Import\/Prodotti\/stockli-cheeseboard-v8-grill-griglia-per-raclette.jpg","_links":{"self":[{"href":"https:\/\/dev6.erresse-shop.it\/fr\/wp-json\/wp\/v2\/product\/1609175","targetHints":{"allow":["GET"]}}],"collection":[{"href":"https:\/\/dev6.erresse-shop.it\/fr\/wp-json\/wp\/v2\/product"}],"about":[{"href":"https:\/\/dev6.erresse-shop.it\/fr\/wp-json\/wp\/v2\/types\/product"}],"wp:featuredmedia":[{"embeddable":true,"href":"https:\/\/dev6.erresse-shop.it\/fr\/wp-json\/wp\/v2\/media\/6373445"}],"wp:attachment":[{"href":"https:\/\/dev6.erresse-shop.it\/fr\/wp-json\/wp\/v2\/media?parent=1609175"}],"wp:term":[{"taxonomy":"product_cat","embeddable":true,"href":"https:\/\/dev6.erresse-shop.it\/fr\/wp-json\/wp\/v2\/product_cat?post=1609175"},{"taxonomy":"product_tag","embeddable":true,"href":"https:\/\/dev6.erresse-shop.it\/fr\/wp-json\/wp\/v2\/product_tag?post=1609175"}],"curies":[{"name":"wp","href":"https:\/\/api.w.org\/{rel}","templated":true}]}}