{"id":1609169,"date":"2026-04-10T13:11:09","date_gmt":"2026-04-10T11:11:09","guid":{"rendered":"https:\/\/dev6.erresse-shop.it\/shop\/non%20class\u00e9\/stockli-titlis-big-fondue-set-21-cm\/"},"modified":"2025-09-14T06:18:46","modified_gmt":"2025-09-14T04:18:46","slug":"stockli-titlis-big-fondue-set-21-cm","status":"publish","type":"product","link":"https:\/\/dev6.erresse-shop.it\/fr\/shop\/cuisine\/stockli-titlis-big-fondue-set-21-cm\/","title":{"rendered":"STOCKLI Titlis Big Fondue Set 21 cm"},"content":{"rendered":"<p>Partager ensemble, se sentir bien ensemble<\/p>\n<p>Inspir\u00e9 du paysage alpin \u00e0 couper le souffle et du sommet enneig\u00e9 du mont Titlis en Suisse centrale, cet ensemble innovant porte son nom. A l\u2019image du massif montagneux, il attire le regard et invite \u00e0 d\u00e9guster une d\u00e9licieuse fondue ! Ce n\u2019est pas seulement une exp\u00e9rience fantastique lorsque les flocons de neige dansent dehors. C\u00e9l\u00e9br\u00e9 en plein air lors d\u2019une chaude soir\u00e9e d\u2019\u00e9t\u00e9, il fait sourire tous les invit\u00e9s. Essayez-le, vous serez surpris !<\/p>\n<p>Caquelon et r\u00e9chaud \u00e9maill\u00e9s en fonte robuste. Poign\u00e9es et base en h\u00eatre massif. Ils cr\u00e9ent un contraste harmonieux avec l\u2019\u00e9l\u00e9gante couleur noire et conf\u00e8rent \u00e0 l\u2019ensemble un caract\u00e8re incomparable. La marmite compatible induction peut \u00eatre plac\u00e9e dans le r\u00e9chaud pour un gain de place, avec br\u00fbleur de s\u00e9curit\u00e9 en p\u00e2te. Comprend 6 fourchettes \u00e0 fondue au fromage avec manches en bois. Capacit\u00e9 3,2 litres pour 6 personnes.<\/p>\n<p>Sp\u00e9cifications techniques<\/p>\n<p>Type de br\u00fbleur\u00a0: p\u00e2te combustible<br \/>\nDiam\u00e8tre : 21 cm<br \/>\nType de fondue : Fromage<br \/>\nCouleur : Noir<br \/>\nNombre maximum de personnes : 6<br \/>\nPoids\u00a0: 5,1 kg<\/p>\n","protected":false},"excerpt":{"rendered":"<p>Partager ensemble, se sentir bien ensemble Inspir\u00e9 du paysage alpin \u00e0 couper le souffle et du sommet enneig\u00e9 du mont Titlis en Suisse centrale, cet ensemble innovant porte son nom. A l\u2019image du massif montagneux, il attire le regard et invite \u00e0 d\u00e9guster une d\u00e9licieuse fondue ! Ce n\u2019est pas seulement une exp\u00e9rience fantastique lorsque [&hellip;]<\/p>\n","protected":false},"featured_media":6331782,"template":"","meta":{"_acf_changed":false},"product_cat":[11992],"product_tag":[],"class_list":{"0":"post-1609169","1":"product","2":"type-product","3":"status-publish","4":"has-post-thumbnail","6":"product_cat-cuisine","8":"first","9":"instock","10":"sale","11":"taxable","12":"shipping-taxable","13":"purchasable","14":"product-type-simple","swatches":"rey-swatches","show_selected":"","stretch_labels":"rey-swatches--stretch-labels"},"acf":[],"yoast_head":"<!-- This site is optimized with the Yoast SEO plugin v25.4 - https:\/\/yoast.com\/wordpress\/plugins\/seo\/ -->\n<title>STOCKLI Titlis Big Fondue Set 21 cm - dev6 Erresse<\/title>\n<meta name=\"description\" content=\"Partager ensemble, se sentir bien ensemble Inspir\u00e9 du paysage alpin \u00e0 couper le souffle et du sommet enneig\u00e9 du mont Titlis en Suisse centrale, cet\" \/>\n<meta name=\"robots\" content=\"noindex, follow, max-snippet:-1, max-image-preview:large, max-video-preview:-1\" \/>\n<meta property=\"og:locale\" content=\"fr_FR\" \/>\n<meta property=\"og:type\" content=\"article\" \/>\n<meta property=\"og:title\" content=\"STOCKLI Titlis Big Fondue Set 21 cm - dev6 Erresse\" \/>\n<meta property=\"og:description\" content=\"Partager ensemble, se sentir bien ensemble Inspir\u00e9 du paysage alpin \u00e0 couper le souffle et du sommet enneig\u00e9 du mont Titlis en Suisse centrale, cet\" \/>\n<meta property=\"og:url\" content=\"https:\/\/dev6.erresse-shop.it\/fr\/shop\/cuisine\/stockli-titlis-big-fondue-set-21-cm\/\" \/>\n<meta property=\"og:site_name\" content=\"dev6 Erresse\" \/>\n<meta property=\"og:image\" content=\"https:\/\/interpim.erresse-shop.it\/Import\/Prodotti\/stockli-set-fonduta-di-formaggio-titlis-big-21-cm.jpg\" \/><meta property=\"og:image\" content=\"https:\/\/interpim.erresse-shop.it\/Import\/Prodotti\/stockli-set-fonduta-di-formaggio-titlis-big-21-cm.jpg\" \/>\n\t<meta property=\"og:image:width\" content=\"1024\" \/>\n\t<meta property=\"og:image:height\" content=\"1024\" \/>\n\t<meta property=\"og:image:type\" content=\"image\/jpeg\" \/>\n<meta name=\"twitter:card\" content=\"summary_large_image\" \/>\n<meta name=\"twitter:image\" content=\"https:\/\/interpim.erresse-shop.it\/Import\/Prodotti\/stockli-set-fonduta-di-formaggio-titlis-big-21-cm.jpg\" \/>\n<script type=\"application\/ld+json\" class=\"yoast-schema-graph\">{\"@context\":\"https:\/\/schema.org\",\"@graph\":[{\"@type\":\"WebPage\",\"@id\":\"https:\/\/dev6.erresse-shop.it\/fr\/shop\/cuisine\/stockli-titlis-big-fondue-set-21-cm\/\",\"url\":\"https:\/\/dev6.erresse-shop.it\/fr\/shop\/cuisine\/stockli-titlis-big-fondue-set-21-cm\/\",\"name\":\"STOCKLI Titlis Big Fondue Set 21 cm - dev6 Erresse\",\"isPartOf\":{\"@id\":\"https:\/\/dev6.erresse-shop.it\/#website\"},\"primaryImageOfPage\":{\"@id\":\"https:\/\/dev6.erresse-shop.it\/fr\/shop\/cuisine\/stockli-titlis-big-fondue-set-21-cm\/#primaryimage\"},\"image\":{\"@id\":\"https:\/\/dev6.erresse-shop.it\/fr\/shop\/cuisine\/stockli-titlis-big-fondue-set-21-cm\/#primaryimage\"},\"thumbnailUrl\":\"https:\/\/i3.wp.com\/interpim.erresse-shop.it\/Import\/Prodotti\/stockli-set-fonduta-di-formaggio-titlis-big-21-cm.jpg?ssl=1\",\"datePublished\":\"2026-04-10T11:11:09+00:00\",\"description\":\"Partager ensemble, se sentir bien ensemble Inspir\u00e9 du paysage alpin \u00e0 couper le souffle et du sommet enneig\u00e9 du mont Titlis en Suisse centrale, cet\",\"breadcrumb\":{\"@id\":\"https:\/\/dev6.erresse-shop.it\/fr\/shop\/cuisine\/stockli-titlis-big-fondue-set-21-cm\/#breadcrumb\"},\"inLanguage\":\"fr-FR\",\"potentialAction\":[{\"@type\":\"ReadAction\",\"target\":[\"https:\/\/dev6.erresse-shop.it\/fr\/shop\/cuisine\/stockli-titlis-big-fondue-set-21-cm\/\"]}]},{\"@type\":\"ImageObject\",\"inLanguage\":\"fr-FR\",\"@id\":\"https:\/\/dev6.erresse-shop.it\/fr\/shop\/cuisine\/stockli-titlis-big-fondue-set-21-cm\/#primaryimage\",\"url\":\"https:\/\/i3.wp.com\/interpim.erresse-shop.it\/Import\/Prodotti\/stockli-set-fonduta-di-formaggio-titlis-big-21-cm.jpg?ssl=1\",\"contentUrl\":\"https:\/\/i3.wp.com\/interpim.erresse-shop.it\/Import\/Prodotti\/stockli-set-fonduta-di-formaggio-titlis-big-21-cm.jpg?ssl=1\"},{\"@type\":\"BreadcrumbList\",\"@id\":\"https:\/\/dev6.erresse-shop.it\/fr\/shop\/cuisine\/stockli-titlis-big-fondue-set-21-cm\/#breadcrumb\",\"itemListElement\":[{\"@type\":\"ListItem\",\"position\":1,\"name\":\"Home\",\"item\":\"https:\/\/dev6.erresse-shop.it\/\"},{\"@type\":\"ListItem\",\"position\":2,\"name\":\"Boutique\",\"item\":\"https:\/\/dev6.erresse-shop.it\/shop\/\"},{\"@type\":\"ListItem\",\"position\":3,\"name\":\"STOCKLI Titlis Big Fondue Set 21 cm\"}]},{\"@type\":\"WebSite\",\"@id\":\"https:\/\/dev6.erresse-shop.it\/#website\",\"url\":\"https:\/\/dev6.erresse-shop.it\/\",\"name\":\"Erresse Shop\",\"description\":\"\",\"publisher\":{\"@id\":\"https:\/\/dev6.erresse-shop.it\/#organization\"},\"potentialAction\":[{\"@type\":\"SearchAction\",\"target\":{\"@type\":\"EntryPoint\",\"urlTemplate\":\"https:\/\/dev6.erresse-shop.it\/?s={search_term_string}\"},\"query-input\":{\"@type\":\"PropertyValueSpecification\",\"valueRequired\":true,\"valueName\":\"search_term_string\"}}],\"inLanguage\":\"fr-FR\"},{\"@type\":\"Organization\",\"@id\":\"https:\/\/dev6.erresse-shop.it\/#organization\",\"name\":\"Erresse Shop\",\"url\":\"https:\/\/dev6.erresse-shop.it\/\",\"logo\":{\"@type\":\"ImageObject\",\"inLanguage\":\"fr-FR\",\"@id\":\"https:\/\/dev6.erresse-shop.it\/#\/schema\/logo\/image\/\",\"url\":\"https:\/\/dev6.erresse-shop.it\/wp-content\/uploads\/2025\/01\/LOGO-ERRESSE-CLASSICO.svg\",\"contentUrl\":\"https:\/\/dev6.erresse-shop.it\/wp-content\/uploads\/2025\/01\/LOGO-ERRESSE-CLASSICO.svg\",\"caption\":\"Erresse Shop\"},\"image\":{\"@id\":\"https:\/\/dev6.erresse-shop.it\/#\/schema\/logo\/image\/\"}}]}<\/script>\n<!-- \/ Yoast SEO plugin. -->","yoast_head_json":{"title":"STOCKLI Titlis Big Fondue Set 21 cm - dev6 Erresse","description":"Partager ensemble, se sentir bien ensemble Inspir\u00e9 du paysage alpin \u00e0 couper le souffle et du sommet enneig\u00e9 du mont Titlis en Suisse centrale, cet","robots":{"index":"noindex","follow":"follow","max-snippet":"max-snippet:-1","max-image-preview":"max-image-preview:large","max-video-preview":"max-video-preview:-1"},"og_locale":"fr_FR","og_type":"article","og_title":"STOCKLI Titlis Big Fondue Set 21 cm - dev6 Erresse","og_description":"Partager ensemble, se sentir bien ensemble Inspir\u00e9 du paysage alpin \u00e0 couper le souffle et du sommet enneig\u00e9 du mont Titlis en Suisse centrale, cet","og_url":"https:\/\/dev6.erresse-shop.it\/fr\/shop\/cuisine\/stockli-titlis-big-fondue-set-21-cm\/","og_site_name":"dev6 Erresse","og_image":[{"url":"https:\/\/interpim.erresse-shop.it\/Import\/Prodotti\/stockli-set-fonduta-di-formaggio-titlis-big-21-cm.jpg","type":"","width":"","height":""},{"url":"https:\/\/interpim.erresse-shop.it\/Import\/Prodotti\/stockli-set-fonduta-di-formaggio-titlis-big-21-cm.jpg","width":1024,"height":1024,"type":"image\/jpeg"}],"twitter_card":"summary_large_image","twitter_image":"https:\/\/interpim.erresse-shop.it\/Import\/Prodotti\/stockli-set-fonduta-di-formaggio-titlis-big-21-cm.jpg","schema":{"@context":"https:\/\/schema.org","@graph":[{"@type":"WebPage","@id":"https:\/\/dev6.erresse-shop.it\/fr\/shop\/cuisine\/stockli-titlis-big-fondue-set-21-cm\/","url":"https:\/\/dev6.erresse-shop.it\/fr\/shop\/cuisine\/stockli-titlis-big-fondue-set-21-cm\/","name":"STOCKLI Titlis Big Fondue Set 21 cm - dev6 Erresse","isPartOf":{"@id":"https:\/\/dev6.erresse-shop.it\/#website"},"primaryImageOfPage":{"@id":"https:\/\/dev6.erresse-shop.it\/fr\/shop\/cuisine\/stockli-titlis-big-fondue-set-21-cm\/#primaryimage"},"image":{"@id":"https:\/\/dev6.erresse-shop.it\/fr\/shop\/cuisine\/stockli-titlis-big-fondue-set-21-cm\/#primaryimage"},"thumbnailUrl":"https:\/\/i3.wp.com\/interpim.erresse-shop.it\/Import\/Prodotti\/stockli-set-fonduta-di-formaggio-titlis-big-21-cm.jpg?ssl=1","datePublished":"2026-04-10T11:11:09+00:00","description":"Partager ensemble, se sentir bien ensemble Inspir\u00e9 du paysage alpin \u00e0 couper le souffle et du sommet enneig\u00e9 du mont Titlis en Suisse centrale, cet","breadcrumb":{"@id":"https:\/\/dev6.erresse-shop.it\/fr\/shop\/cuisine\/stockli-titlis-big-fondue-set-21-cm\/#breadcrumb"},"inLanguage":"fr-FR","potentialAction":[{"@type":"ReadAction","target":["https:\/\/dev6.erresse-shop.it\/fr\/shop\/cuisine\/stockli-titlis-big-fondue-set-21-cm\/"]}]},{"@type":"ImageObject","inLanguage":"fr-FR","@id":"https:\/\/dev6.erresse-shop.it\/fr\/shop\/cuisine\/stockli-titlis-big-fondue-set-21-cm\/#primaryimage","url":"https:\/\/i3.wp.com\/interpim.erresse-shop.it\/Import\/Prodotti\/stockli-set-fonduta-di-formaggio-titlis-big-21-cm.jpg?ssl=1","contentUrl":"https:\/\/i3.wp.com\/interpim.erresse-shop.it\/Import\/Prodotti\/stockli-set-fonduta-di-formaggio-titlis-big-21-cm.jpg?ssl=1"},{"@type":"BreadcrumbList","@id":"https:\/\/dev6.erresse-shop.it\/fr\/shop\/cuisine\/stockli-titlis-big-fondue-set-21-cm\/#breadcrumb","itemListElement":[{"@type":"ListItem","position":1,"name":"Home","item":"https:\/\/dev6.erresse-shop.it\/"},{"@type":"ListItem","position":2,"name":"Boutique","item":"https:\/\/dev6.erresse-shop.it\/shop\/"},{"@type":"ListItem","position":3,"name":"STOCKLI Titlis Big Fondue Set 21 cm"}]},{"@type":"WebSite","@id":"https:\/\/dev6.erresse-shop.it\/#website","url":"https:\/\/dev6.erresse-shop.it\/","name":"Erresse Shop","description":"","publisher":{"@id":"https:\/\/dev6.erresse-shop.it\/#organization"},"potentialAction":[{"@type":"SearchAction","target":{"@type":"EntryPoint","urlTemplate":"https:\/\/dev6.erresse-shop.it\/?s={search_term_string}"},"query-input":{"@type":"PropertyValueSpecification","valueRequired":true,"valueName":"search_term_string"}}],"inLanguage":"fr-FR"},{"@type":"Organization","@id":"https:\/\/dev6.erresse-shop.it\/#organization","name":"Erresse Shop","url":"https:\/\/dev6.erresse-shop.it\/","logo":{"@type":"ImageObject","inLanguage":"fr-FR","@id":"https:\/\/dev6.erresse-shop.it\/#\/schema\/logo\/image\/","url":"https:\/\/dev6.erresse-shop.it\/wp-content\/uploads\/2025\/01\/LOGO-ERRESSE-CLASSICO.svg","contentUrl":"https:\/\/dev6.erresse-shop.it\/wp-content\/uploads\/2025\/01\/LOGO-ERRESSE-CLASSICO.svg","caption":"Erresse Shop"},"image":{"@id":"https:\/\/dev6.erresse-shop.it\/#\/schema\/logo\/image\/"}}]}},"df_price":139,"df_sale_price":139,"df_regular_price":177,"df_image_link":"https:\/\/i3.wp.com\/interpim.erresse-shop.it\/Import\/Prodotti\/stockli-set-fonduta-di-formaggio-titlis-big-21-cm.jpg?resize=300,300&ssl=1","fifu_image_url":"https:\/\/interpim.erresse-shop.it\/Import\/Prodotti\/stockli-set-fonduta-di-formaggio-titlis-big-21-cm.jpg","_links":{"self":[{"href":"https:\/\/dev6.erresse-shop.it\/fr\/wp-json\/wp\/v2\/product\/1609169","targetHints":{"allow":["GET"]}}],"collection":[{"href":"https:\/\/dev6.erresse-shop.it\/fr\/wp-json\/wp\/v2\/product"}],"about":[{"href":"https:\/\/dev6.erresse-shop.it\/fr\/wp-json\/wp\/v2\/types\/product"}],"wp:featuredmedia":[{"embeddable":true,"href":"https:\/\/dev6.erresse-shop.it\/fr\/wp-json\/wp\/v2\/media\/6331782"}],"wp:attachment":[{"href":"https:\/\/dev6.erresse-shop.it\/fr\/wp-json\/wp\/v2\/media?parent=1609169"}],"wp:term":[{"taxonomy":"product_cat","embeddable":true,"href":"https:\/\/dev6.erresse-shop.it\/fr\/wp-json\/wp\/v2\/product_cat?post=1609169"},{"taxonomy":"product_tag","embeddable":true,"href":"https:\/\/dev6.erresse-shop.it\/fr\/wp-json\/wp\/v2\/product_tag?post=1609169"}],"curies":[{"name":"wp","href":"https:\/\/api.w.org\/{rel}","templated":true}]}}