{"id":1609159,"date":"2026-04-12T12:32:36","date_gmt":"2026-04-12T10:32:36","guid":{"rendered":"https:\/\/dev6.erresse-shop.it\/shop\/non%20class\u00e9\/miyabi-5000-mcd-gyutoh-24-cm\/"},"modified":"2025-09-14T06:18:34","modified_gmt":"2025-09-14T04:18:34","slug":"miyabi-5000-mcd-gyutoh-24-cm","status":"publish","type":"product","link":"https:\/\/dev6.erresse-shop.it\/fr\/shop\/cuisine\/couteaux\/couteaux-de-cuisine\/miyabi-5000-mcd-gyutoh-24-cm\/","title":{"rendered":"MIYABI 5000 MCD Gyutoh 24 cm"},"content":{"rendered":"<p>Le couteau Miyabi Black 5000MCD est une v\u00e9ritable \u0153uvre d\u2019art. La lame est fabriqu\u00e9e en acier \u00e0 poudre micro-carbure MC66, durci \u00e0 la glace jusqu\u2019\u00e0 un impressionnant 66 HRC. De cette fa\u00e7on, vous obtenez un tranchant exceptionnellement tranchant et durable. La lame est envelopp\u00e9e de 132 couches d\u2019acier suppl\u00e9mentaires, cr\u00e9ant un magnifique motif damass\u00e9 floral. Le manche de la s\u00e9rie Miyabi Black est fabriqu\u00e9 en bois de fr\u00eane noir unique en son genre. Le grain et la couleur du bois de fr\u00eane noir contrastent avec le motif damass\u00e9 de la lame. Le manche est r\u00e9alis\u00e9 en forme traditionnelle de \u00ab D \u00bb, qui offre une ergonomie optimale pour une coupe sans effort. Fabriqu\u00e9 \u00e0 la main \u00e0 Seki, Japon<\/p>\n<p>La lame est compos\u00e9e de 133 couches d\u2019acier, qui cr\u00e9ent un motif damass\u00e9 floral<br \/>\nL\u2019acier micro-carbure MC66 est durci \u00e0 66 HRC<br \/>\nPoign\u00e9e en D en beau bois de fr\u00eane noir<br \/>\nAff\u00fbt\u00e9 avec la m\u00e9thode traditionnelle Honbazuke en trois \u00e9tapes<br \/>\nFabriqu\u00e9 \u00e0 la main \u00e0 Seki, au Japon<\/p>\n<p>CARACT\u00c9RISTIQUES<\/p>\n<p>Couleur : Marron<br \/>\nMat\u00e9riau : MC63<br \/>\nType de manche : soie cach\u00e9e<br \/>\nType de bord : lisse<br \/>\nFinition des bords : aff\u00fbtage Honbazuke<br \/>\nM\u00e9thode de fabrication : soud\u00e9e<br \/>\nDuret\u00e9 de la lame (HRC) : 63 HRC<br \/>\nCouleur du manche : marron-noir<br \/>\nMat\u00e9riau du manche : \u00e9rable noir<\/p>\n<p>DIMENSIONS<\/p>\n<p>Poids net\u00a0:0,22 kg<br \/>\nLongueur du produit\u00a0:37,70 cm<br \/>\nLargeur du produit\u00a0:2,20 cm<br \/>\nHauteur du produit\u00a0:5,30 cm<br \/>\nLongueur de la lame :24,00 cm<br \/>\nLongueur du manche :13,70 cm<br \/>\nLargeur de la poign\u00e9e\u00a0:2,30 cm<br \/>\nLargeur de la lame\u00a0:0,20 cm<br \/>\n\u00c9paisseur de la lame\u00a0:0,20 cm<\/p>\n","protected":false},"excerpt":{"rendered":"<p>Le couteau Miyabi Black 5000MCD est une v\u00e9ritable \u0153uvre d\u2019art. La lame est fabriqu\u00e9e en acier \u00e0 poudre micro-carbure MC66, durci \u00e0 la glace jusqu\u2019\u00e0 un impressionnant 66 HRC. De cette fa\u00e7on, vous obtenez un tranchant exceptionnellement tranchant et durable. La lame est envelopp\u00e9e de 132 couches d\u2019acier suppl\u00e9mentaires, cr\u00e9ant un magnifique motif damass\u00e9 floral. [&hellip;]<\/p>\n","protected":false},"featured_media":6373370,"template":"","meta":{"_acf_changed":false},"product_cat":[11997],"product_tag":[],"class_list":{"0":"post-1609159","1":"product","2":"type-product","3":"status-publish","4":"has-post-thumbnail","6":"product_cat-couteaux-de-cuisine","8":"first","9":"instock","10":"sale","11":"taxable","12":"shipping-taxable","13":"purchasable","14":"product-type-simple","swatches":"rey-swatches","show_selected":"","stretch_labels":"rey-swatches--stretch-labels"},"acf":[],"yoast_head":"<!-- This site is optimized with the Yoast SEO plugin v25.4 - https:\/\/yoast.com\/wordpress\/plugins\/seo\/ -->\n<title>MIYABI 5000 MCD Gyutoh 24 cm - dev6 Erresse<\/title>\n<meta name=\"description\" content=\"Le couteau Miyabi Black 5000MCD est une v\u00e9ritable \u0153uvre d\u2019art. La lame est fabriqu\u00e9e en acier \u00e0 poudre micro-carbure MC66, durci \u00e0 la glace jusqu\u2019\u00e0 un\" \/>\n<meta name=\"robots\" content=\"noindex, follow, max-snippet:-1, max-image-preview:large, max-video-preview:-1\" \/>\n<meta property=\"og:locale\" content=\"fr_FR\" \/>\n<meta property=\"og:type\" content=\"article\" \/>\n<meta property=\"og:title\" content=\"MIYABI 5000 MCD Gyutoh 24 cm - dev6 Erresse\" \/>\n<meta property=\"og:description\" content=\"Le couteau Miyabi Black 5000MCD est une v\u00e9ritable \u0153uvre d\u2019art. La lame est fabriqu\u00e9e en acier \u00e0 poudre micro-carbure MC66, durci \u00e0 la glace jusqu\u2019\u00e0 un\" \/>\n<meta property=\"og:url\" content=\"https:\/\/dev6.erresse-shop.it\/fr\/shop\/cuisine\/couteaux\/couteaux-de-cuisine\/miyabi-5000-mcd-gyutoh-24-cm\/\" \/>\n<meta property=\"og:site_name\" content=\"dev6 Erresse\" \/>\n<meta property=\"og:image\" content=\"https:\/\/interpim.erresse-shop.it\/Import\/Prodotti\/miyabi-5000-mcd-gyutoh-24-cm.jpg\" \/><meta property=\"og:image\" content=\"https:\/\/interpim.erresse-shop.it\/Import\/Prodotti\/miyabi-5000-mcd-gyutoh-24-cm.jpg\" \/>\n\t<meta property=\"og:image:width\" content=\"1024\" \/>\n\t<meta property=\"og:image:height\" content=\"1024\" \/>\n\t<meta property=\"og:image:type\" content=\"image\/jpeg\" \/>\n<meta name=\"twitter:card\" content=\"summary_large_image\" \/>\n<meta name=\"twitter:image\" content=\"https:\/\/interpim.erresse-shop.it\/Import\/Prodotti\/miyabi-5000-mcd-gyutoh-24-cm.jpg\" \/>\n<script type=\"application\/ld+json\" class=\"yoast-schema-graph\">{\"@context\":\"https:\/\/schema.org\",\"@graph\":[{\"@type\":\"WebPage\",\"@id\":\"https:\/\/dev6.erresse-shop.it\/fr\/shop\/cuisine\/couteaux\/couteaux-de-cuisine\/miyabi-5000-mcd-gyutoh-24-cm\/\",\"url\":\"https:\/\/dev6.erresse-shop.it\/fr\/shop\/cuisine\/couteaux\/couteaux-de-cuisine\/miyabi-5000-mcd-gyutoh-24-cm\/\",\"name\":\"MIYABI 5000 MCD Gyutoh 24 cm - dev6 Erresse\",\"isPartOf\":{\"@id\":\"https:\/\/dev6.erresse-shop.it\/#website\"},\"primaryImageOfPage\":{\"@id\":\"https:\/\/dev6.erresse-shop.it\/fr\/shop\/cuisine\/couteaux\/couteaux-de-cuisine\/miyabi-5000-mcd-gyutoh-24-cm\/#primaryimage\"},\"image\":{\"@id\":\"https:\/\/dev6.erresse-shop.it\/fr\/shop\/cuisine\/couteaux\/couteaux-de-cuisine\/miyabi-5000-mcd-gyutoh-24-cm\/#primaryimage\"},\"thumbnailUrl\":\"https:\/\/i2.wp.com\/interpim.erresse-shop.it\/Import\/Prodotti\/miyabi-5000-mcd-gyutoh-24-cm.jpg?ssl=1\",\"datePublished\":\"2026-04-12T10:32:36+00:00\",\"description\":\"Le couteau Miyabi Black 5000MCD est une v\u00e9ritable \u0153uvre d\u2019art. La lame est fabriqu\u00e9e en acier \u00e0 poudre micro-carbure MC66, durci \u00e0 la glace jusqu\u2019\u00e0 un\",\"breadcrumb\":{\"@id\":\"https:\/\/dev6.erresse-shop.it\/fr\/shop\/cuisine\/couteaux\/couteaux-de-cuisine\/miyabi-5000-mcd-gyutoh-24-cm\/#breadcrumb\"},\"inLanguage\":\"fr-FR\",\"potentialAction\":[{\"@type\":\"ReadAction\",\"target\":[\"https:\/\/dev6.erresse-shop.it\/fr\/shop\/cuisine\/couteaux\/couteaux-de-cuisine\/miyabi-5000-mcd-gyutoh-24-cm\/\"]}]},{\"@type\":\"ImageObject\",\"inLanguage\":\"fr-FR\",\"@id\":\"https:\/\/dev6.erresse-shop.it\/fr\/shop\/cuisine\/couteaux\/couteaux-de-cuisine\/miyabi-5000-mcd-gyutoh-24-cm\/#primaryimage\",\"url\":\"https:\/\/i2.wp.com\/interpim.erresse-shop.it\/Import\/Prodotti\/miyabi-5000-mcd-gyutoh-24-cm.jpg?ssl=1\",\"contentUrl\":\"https:\/\/i2.wp.com\/interpim.erresse-shop.it\/Import\/Prodotti\/miyabi-5000-mcd-gyutoh-24-cm.jpg?ssl=1\"},{\"@type\":\"BreadcrumbList\",\"@id\":\"https:\/\/dev6.erresse-shop.it\/fr\/shop\/cuisine\/couteaux\/couteaux-de-cuisine\/miyabi-5000-mcd-gyutoh-24-cm\/#breadcrumb\",\"itemListElement\":[{\"@type\":\"ListItem\",\"position\":1,\"name\":\"Home\",\"item\":\"https:\/\/dev6.erresse-shop.it\/\"},{\"@type\":\"ListItem\",\"position\":2,\"name\":\"Boutique\",\"item\":\"https:\/\/dev6.erresse-shop.it\/shop\/\"},{\"@type\":\"ListItem\",\"position\":3,\"name\":\"MIYABI 5000 MCD Gyutoh 24 cm\"}]},{\"@type\":\"WebSite\",\"@id\":\"https:\/\/dev6.erresse-shop.it\/#website\",\"url\":\"https:\/\/dev6.erresse-shop.it\/\",\"name\":\"Erresse Shop\",\"description\":\"\",\"publisher\":{\"@id\":\"https:\/\/dev6.erresse-shop.it\/#organization\"},\"potentialAction\":[{\"@type\":\"SearchAction\",\"target\":{\"@type\":\"EntryPoint\",\"urlTemplate\":\"https:\/\/dev6.erresse-shop.it\/?s={search_term_string}\"},\"query-input\":{\"@type\":\"PropertyValueSpecification\",\"valueRequired\":true,\"valueName\":\"search_term_string\"}}],\"inLanguage\":\"fr-FR\"},{\"@type\":\"Organization\",\"@id\":\"https:\/\/dev6.erresse-shop.it\/#organization\",\"name\":\"Erresse Shop\",\"url\":\"https:\/\/dev6.erresse-shop.it\/\",\"logo\":{\"@type\":\"ImageObject\",\"inLanguage\":\"fr-FR\",\"@id\":\"https:\/\/dev6.erresse-shop.it\/#\/schema\/logo\/image\/\",\"url\":\"https:\/\/dev6.erresse-shop.it\/wp-content\/uploads\/2025\/01\/LOGO-ERRESSE-CLASSICO.svg\",\"contentUrl\":\"https:\/\/dev6.erresse-shop.it\/wp-content\/uploads\/2025\/01\/LOGO-ERRESSE-CLASSICO.svg\",\"caption\":\"Erresse Shop\"},\"image\":{\"@id\":\"https:\/\/dev6.erresse-shop.it\/#\/schema\/logo\/image\/\"}}]}<\/script>\n<!-- \/ Yoast SEO plugin. -->","yoast_head_json":{"title":"MIYABI 5000 MCD Gyutoh 24 cm - dev6 Erresse","description":"Le couteau Miyabi Black 5000MCD est une v\u00e9ritable \u0153uvre d\u2019art. La lame est fabriqu\u00e9e en acier \u00e0 poudre micro-carbure MC66, durci \u00e0 la glace jusqu\u2019\u00e0 un","robots":{"index":"noindex","follow":"follow","max-snippet":"max-snippet:-1","max-image-preview":"max-image-preview:large","max-video-preview":"max-video-preview:-1"},"og_locale":"fr_FR","og_type":"article","og_title":"MIYABI 5000 MCD Gyutoh 24 cm - dev6 Erresse","og_description":"Le couteau Miyabi Black 5000MCD est une v\u00e9ritable \u0153uvre d\u2019art. La lame est fabriqu\u00e9e en acier \u00e0 poudre micro-carbure MC66, durci \u00e0 la glace jusqu\u2019\u00e0 un","og_url":"https:\/\/dev6.erresse-shop.it\/fr\/shop\/cuisine\/couteaux\/couteaux-de-cuisine\/miyabi-5000-mcd-gyutoh-24-cm\/","og_site_name":"dev6 Erresse","og_image":[{"url":"https:\/\/interpim.erresse-shop.it\/Import\/Prodotti\/miyabi-5000-mcd-gyutoh-24-cm.jpg","type":"","width":"","height":""},{"url":"https:\/\/interpim.erresse-shop.it\/Import\/Prodotti\/miyabi-5000-mcd-gyutoh-24-cm.jpg","width":1024,"height":1024,"type":"image\/jpeg"}],"twitter_card":"summary_large_image","twitter_image":"https:\/\/interpim.erresse-shop.it\/Import\/Prodotti\/miyabi-5000-mcd-gyutoh-24-cm.jpg","schema":{"@context":"https:\/\/schema.org","@graph":[{"@type":"WebPage","@id":"https:\/\/dev6.erresse-shop.it\/fr\/shop\/cuisine\/couteaux\/couteaux-de-cuisine\/miyabi-5000-mcd-gyutoh-24-cm\/","url":"https:\/\/dev6.erresse-shop.it\/fr\/shop\/cuisine\/couteaux\/couteaux-de-cuisine\/miyabi-5000-mcd-gyutoh-24-cm\/","name":"MIYABI 5000 MCD Gyutoh 24 cm - dev6 Erresse","isPartOf":{"@id":"https:\/\/dev6.erresse-shop.it\/#website"},"primaryImageOfPage":{"@id":"https:\/\/dev6.erresse-shop.it\/fr\/shop\/cuisine\/couteaux\/couteaux-de-cuisine\/miyabi-5000-mcd-gyutoh-24-cm\/#primaryimage"},"image":{"@id":"https:\/\/dev6.erresse-shop.it\/fr\/shop\/cuisine\/couteaux\/couteaux-de-cuisine\/miyabi-5000-mcd-gyutoh-24-cm\/#primaryimage"},"thumbnailUrl":"https:\/\/i2.wp.com\/interpim.erresse-shop.it\/Import\/Prodotti\/miyabi-5000-mcd-gyutoh-24-cm.jpg?ssl=1","datePublished":"2026-04-12T10:32:36+00:00","description":"Le couteau Miyabi Black 5000MCD est une v\u00e9ritable \u0153uvre d\u2019art. La lame est fabriqu\u00e9e en acier \u00e0 poudre micro-carbure MC66, durci \u00e0 la glace jusqu\u2019\u00e0 un","breadcrumb":{"@id":"https:\/\/dev6.erresse-shop.it\/fr\/shop\/cuisine\/couteaux\/couteaux-de-cuisine\/miyabi-5000-mcd-gyutoh-24-cm\/#breadcrumb"},"inLanguage":"fr-FR","potentialAction":[{"@type":"ReadAction","target":["https:\/\/dev6.erresse-shop.it\/fr\/shop\/cuisine\/couteaux\/couteaux-de-cuisine\/miyabi-5000-mcd-gyutoh-24-cm\/"]}]},{"@type":"ImageObject","inLanguage":"fr-FR","@id":"https:\/\/dev6.erresse-shop.it\/fr\/shop\/cuisine\/couteaux\/couteaux-de-cuisine\/miyabi-5000-mcd-gyutoh-24-cm\/#primaryimage","url":"https:\/\/i2.wp.com\/interpim.erresse-shop.it\/Import\/Prodotti\/miyabi-5000-mcd-gyutoh-24-cm.jpg?ssl=1","contentUrl":"https:\/\/i2.wp.com\/interpim.erresse-shop.it\/Import\/Prodotti\/miyabi-5000-mcd-gyutoh-24-cm.jpg?ssl=1"},{"@type":"BreadcrumbList","@id":"https:\/\/dev6.erresse-shop.it\/fr\/shop\/cuisine\/couteaux\/couteaux-de-cuisine\/miyabi-5000-mcd-gyutoh-24-cm\/#breadcrumb","itemListElement":[{"@type":"ListItem","position":1,"name":"Home","item":"https:\/\/dev6.erresse-shop.it\/"},{"@type":"ListItem","position":2,"name":"Boutique","item":"https:\/\/dev6.erresse-shop.it\/shop\/"},{"@type":"ListItem","position":3,"name":"MIYABI 5000 MCD Gyutoh 24 cm"}]},{"@type":"WebSite","@id":"https:\/\/dev6.erresse-shop.it\/#website","url":"https:\/\/dev6.erresse-shop.it\/","name":"Erresse Shop","description":"","publisher":{"@id":"https:\/\/dev6.erresse-shop.it\/#organization"},"potentialAction":[{"@type":"SearchAction","target":{"@type":"EntryPoint","urlTemplate":"https:\/\/dev6.erresse-shop.it\/?s={search_term_string}"},"query-input":{"@type":"PropertyValueSpecification","valueRequired":true,"valueName":"search_term_string"}}],"inLanguage":"fr-FR"},{"@type":"Organization","@id":"https:\/\/dev6.erresse-shop.it\/#organization","name":"Erresse Shop","url":"https:\/\/dev6.erresse-shop.it\/","logo":{"@type":"ImageObject","inLanguage":"fr-FR","@id":"https:\/\/dev6.erresse-shop.it\/#\/schema\/logo\/image\/","url":"https:\/\/dev6.erresse-shop.it\/wp-content\/uploads\/2025\/01\/LOGO-ERRESSE-CLASSICO.svg","contentUrl":"https:\/\/dev6.erresse-shop.it\/wp-content\/uploads\/2025\/01\/LOGO-ERRESSE-CLASSICO.svg","caption":"Erresse Shop"},"image":{"@id":"https:\/\/dev6.erresse-shop.it\/#\/schema\/logo\/image\/"}}]}},"df_price":319,"df_sale_price":319,"df_regular_price":479,"df_image_link":"https:\/\/i2.wp.com\/interpim.erresse-shop.it\/Import\/Prodotti\/miyabi-5000-mcd-gyutoh-24-cm.jpg?resize=300,300&ssl=1","fifu_image_url":"https:\/\/interpim.erresse-shop.it\/Import\/Prodotti\/miyabi-5000-mcd-gyutoh-24-cm.jpg","_links":{"self":[{"href":"https:\/\/dev6.erresse-shop.it\/fr\/wp-json\/wp\/v2\/product\/1609159","targetHints":{"allow":["GET"]}}],"collection":[{"href":"https:\/\/dev6.erresse-shop.it\/fr\/wp-json\/wp\/v2\/product"}],"about":[{"href":"https:\/\/dev6.erresse-shop.it\/fr\/wp-json\/wp\/v2\/types\/product"}],"wp:featuredmedia":[{"embeddable":true,"href":"https:\/\/dev6.erresse-shop.it\/fr\/wp-json\/wp\/v2\/media\/6373370"}],"wp:attachment":[{"href":"https:\/\/dev6.erresse-shop.it\/fr\/wp-json\/wp\/v2\/media?parent=1609159"}],"wp:term":[{"taxonomy":"product_cat","embeddable":true,"href":"https:\/\/dev6.erresse-shop.it\/fr\/wp-json\/wp\/v2\/product_cat?post=1609159"},{"taxonomy":"product_tag","embeddable":true,"href":"https:\/\/dev6.erresse-shop.it\/fr\/wp-json\/wp\/v2\/product_tag?post=1609159"}],"curies":[{"name":"wp","href":"https:\/\/api.w.org\/{rel}","templated":true}]}}