{"id":1609155,"date":"2026-04-12T12:32:36","date_gmt":"2026-04-12T10:32:36","guid":{"rendered":"https:\/\/dev6.erresse-shop.it\/shop\/non%20class\u00e9\/berkel-kit-de-lames-pour-home-line-plus-250\/"},"modified":"2025-09-14T06:18:26","modified_gmt":"2025-09-14T04:18:26","slug":"berkel-kit-de-lames-pour-home-line-plus-250","status":"publish","type":"product","link":"https:\/\/dev6.erresse-shop.it\/fr\/shop\/petits-electromenagers\/trancheuses\/berkel-kit-de-lames-pour-home-line-plus-250\/","title":{"rendered":"BERKEL Kit de lames pour Home Line Plus 250"},"content":{"rendered":"<p>Avec le kit de lames dentel\u00e9es Berkel pour Home Line PLUS 250, il est possible de trancher diff\u00e9rents types de produits en toute s\u00e9curit\u00e9 en quelques \u00e9tapes simples. Gr\u00e2ce au nouveau kit, il sera possible de passer d\u2019une lame lisse \u00e0 une lame dentel\u00e9e en peu de temps, facilitant ainsi un nettoyage en profondeur de la lame et du dos de la lame.<\/p>\n<p>Le kit est compos\u00e9 et d\u00e9j\u00e0 assembl\u00e9 par :<\/p>\n<p>\u2013 Lame en acier tremp\u00e9 fabriqu\u00e9e en Italie avec dentelure invers\u00e9e pour une coupe plus d\u00e9licate<\/p>\n<p>\u2013 Extracteur de lame, qui permet de retirer la lame de la trancheuse en toute s\u00e9curit\u00e9 puis de la replacer \u00e0 l\u2019int\u00e9rieur de l\u2019emballage<\/p>\n<p>La lame dentel\u00e9e cr\u00e9e des tranches tr\u00e8s fines, sans ruiner la qualit\u00e9. Id\u00e9al pour couper les produits les plus durs, tels que\u00a0:<\/p>\n<p>\u2013 Saucisses assaisonn\u00e9es<\/p>\n<p>\u2013 Diff\u00e9rents types de pain avec la cro\u00fbte la plus croustillante<\/p>\n<p>\u2013 Certains types de fruits \u00e0 peau plus dure et \u00e0 peau plus fine comme les tomates<\/p>\n<p>Non compatible avec la ligne domestique<\/p>\n","protected":false},"excerpt":{"rendered":"<p>Avec le kit de lames dentel\u00e9es Berkel pour Home Line PLUS 250, il est possible de trancher diff\u00e9rents types de produits en toute s\u00e9curit\u00e9 en quelques \u00e9tapes simples. Gr\u00e2ce au nouveau kit, il sera possible de passer d\u2019une lame lisse \u00e0 une lame dentel\u00e9e en peu de temps, facilitant ainsi un nettoyage en profondeur de [&hellip;]<\/p>\n","protected":false},"featured_media":6373355,"template":"","meta":{"_acf_changed":false},"product_cat":[12055,12073],"product_tag":[],"class_list":{"0":"post-1609155","1":"product","2":"type-product","3":"status-publish","4":"has-post-thumbnail","6":"product_cat-petits-electromenagers","7":"product_cat-trancheuses","9":"first","10":"instock","11":"sale","12":"taxable","13":"shipping-taxable","14":"purchasable","15":"product-type-simple","swatches":"rey-swatches","show_selected":"","stretch_labels":"rey-swatches--stretch-labels"},"acf":[],"yoast_head":"<!-- This site is optimized with the Yoast SEO plugin v25.4 - https:\/\/yoast.com\/wordpress\/plugins\/seo\/ -->\n<title>BERKEL Kit de lames pour Home Line Plus 250 - dev6 Erresse<\/title>\n<meta name=\"description\" content=\"Avec le kit de lames dentel\u00e9es Berkel pour Home Line PLUS 250, il est possible de trancher diff\u00e9rents types de produits en toute s\u00e9curit\u00e9 en quelques\" \/>\n<meta name=\"robots\" content=\"noindex, follow, max-snippet:-1, max-image-preview:large, max-video-preview:-1\" \/>\n<meta property=\"og:locale\" content=\"fr_FR\" \/>\n<meta property=\"og:type\" content=\"article\" \/>\n<meta property=\"og:title\" content=\"BERKEL Kit de lames pour Home Line Plus 250 - dev6 Erresse\" \/>\n<meta property=\"og:description\" content=\"Avec le kit de lames dentel\u00e9es Berkel pour Home Line PLUS 250, il est possible de trancher diff\u00e9rents types de produits en toute s\u00e9curit\u00e9 en quelques\" \/>\n<meta property=\"og:url\" content=\"https:\/\/dev6.erresse-shop.it\/fr\/shop\/petits-electromenagers\/trancheuses\/berkel-kit-de-lames-pour-home-line-plus-250\/\" \/>\n<meta property=\"og:site_name\" content=\"dev6 Erresse\" \/>\n<meta property=\"og:image\" content=\"https:\/\/interpim.erresse-shop.it\/Import\/Prodotti\/berkel-kit-lama-per-home-line-plus-250.jpg\" \/><meta property=\"og:image\" content=\"https:\/\/interpim.erresse-shop.it\/Import\/Prodotti\/berkel-kit-lama-per-home-line-plus-250.jpg\" \/>\n\t<meta property=\"og:image:width\" content=\"1024\" \/>\n\t<meta property=\"og:image:height\" content=\"1024\" \/>\n\t<meta property=\"og:image:type\" content=\"image\/jpeg\" \/>\n<meta name=\"twitter:card\" content=\"summary_large_image\" \/>\n<meta name=\"twitter:image\" content=\"https:\/\/interpim.erresse-shop.it\/Import\/Prodotti\/berkel-kit-lama-per-home-line-plus-250.jpg\" \/>\n<script type=\"application\/ld+json\" class=\"yoast-schema-graph\">{\"@context\":\"https:\/\/schema.org\",\"@graph\":[{\"@type\":\"WebPage\",\"@id\":\"https:\/\/dev6.erresse-shop.it\/fr\/shop\/petits-electromenagers\/trancheuses\/berkel-kit-de-lames-pour-home-line-plus-250\/\",\"url\":\"https:\/\/dev6.erresse-shop.it\/fr\/shop\/petits-electromenagers\/trancheuses\/berkel-kit-de-lames-pour-home-line-plus-250\/\",\"name\":\"BERKEL Kit de lames pour Home Line Plus 250 - dev6 Erresse\",\"isPartOf\":{\"@id\":\"https:\/\/dev6.erresse-shop.it\/#website\"},\"primaryImageOfPage\":{\"@id\":\"https:\/\/dev6.erresse-shop.it\/fr\/shop\/petits-electromenagers\/trancheuses\/berkel-kit-de-lames-pour-home-line-plus-250\/#primaryimage\"},\"image\":{\"@id\":\"https:\/\/dev6.erresse-shop.it\/fr\/shop\/petits-electromenagers\/trancheuses\/berkel-kit-de-lames-pour-home-line-plus-250\/#primaryimage\"},\"thumbnailUrl\":\"https:\/\/i0.wp.com\/interpim.erresse-shop.it\/Import\/Prodotti\/berkel-kit-lama-per-home-line-plus-250.jpg?ssl=1\",\"datePublished\":\"2026-04-12T10:32:36+00:00\",\"description\":\"Avec le kit de lames dentel\u00e9es Berkel pour Home Line PLUS 250, il est possible de trancher diff\u00e9rents types de produits en toute s\u00e9curit\u00e9 en quelques\",\"breadcrumb\":{\"@id\":\"https:\/\/dev6.erresse-shop.it\/fr\/shop\/petits-electromenagers\/trancheuses\/berkel-kit-de-lames-pour-home-line-plus-250\/#breadcrumb\"},\"inLanguage\":\"fr-FR\",\"potentialAction\":[{\"@type\":\"ReadAction\",\"target\":[\"https:\/\/dev6.erresse-shop.it\/fr\/shop\/petits-electromenagers\/trancheuses\/berkel-kit-de-lames-pour-home-line-plus-250\/\"]}]},{\"@type\":\"ImageObject\",\"inLanguage\":\"fr-FR\",\"@id\":\"https:\/\/dev6.erresse-shop.it\/fr\/shop\/petits-electromenagers\/trancheuses\/berkel-kit-de-lames-pour-home-line-plus-250\/#primaryimage\",\"url\":\"https:\/\/i0.wp.com\/interpim.erresse-shop.it\/Import\/Prodotti\/berkel-kit-lama-per-home-line-plus-250.jpg?ssl=1\",\"contentUrl\":\"https:\/\/i0.wp.com\/interpim.erresse-shop.it\/Import\/Prodotti\/berkel-kit-lama-per-home-line-plus-250.jpg?ssl=1\"},{\"@type\":\"BreadcrumbList\",\"@id\":\"https:\/\/dev6.erresse-shop.it\/fr\/shop\/petits-electromenagers\/trancheuses\/berkel-kit-de-lames-pour-home-line-plus-250\/#breadcrumb\",\"itemListElement\":[{\"@type\":\"ListItem\",\"position\":1,\"name\":\"Home\",\"item\":\"https:\/\/dev6.erresse-shop.it\/\"},{\"@type\":\"ListItem\",\"position\":2,\"name\":\"Boutique\",\"item\":\"https:\/\/dev6.erresse-shop.it\/shop\/\"},{\"@type\":\"ListItem\",\"position\":3,\"name\":\"BERKEL Kit de lames pour Home Line Plus 250\"}]},{\"@type\":\"WebSite\",\"@id\":\"https:\/\/dev6.erresse-shop.it\/#website\",\"url\":\"https:\/\/dev6.erresse-shop.it\/\",\"name\":\"Erresse Shop\",\"description\":\"\",\"publisher\":{\"@id\":\"https:\/\/dev6.erresse-shop.it\/#organization\"},\"potentialAction\":[{\"@type\":\"SearchAction\",\"target\":{\"@type\":\"EntryPoint\",\"urlTemplate\":\"https:\/\/dev6.erresse-shop.it\/?s={search_term_string}\"},\"query-input\":{\"@type\":\"PropertyValueSpecification\",\"valueRequired\":true,\"valueName\":\"search_term_string\"}}],\"inLanguage\":\"fr-FR\"},{\"@type\":\"Organization\",\"@id\":\"https:\/\/dev6.erresse-shop.it\/#organization\",\"name\":\"Erresse Shop\",\"url\":\"https:\/\/dev6.erresse-shop.it\/\",\"logo\":{\"@type\":\"ImageObject\",\"inLanguage\":\"fr-FR\",\"@id\":\"https:\/\/dev6.erresse-shop.it\/#\/schema\/logo\/image\/\",\"url\":\"https:\/\/dev6.erresse-shop.it\/wp-content\/uploads\/2025\/01\/LOGO-ERRESSE-CLASSICO.svg\",\"contentUrl\":\"https:\/\/dev6.erresse-shop.it\/wp-content\/uploads\/2025\/01\/LOGO-ERRESSE-CLASSICO.svg\",\"caption\":\"Erresse Shop\"},\"image\":{\"@id\":\"https:\/\/dev6.erresse-shop.it\/#\/schema\/logo\/image\/\"}}]}<\/script>\n<!-- \/ Yoast SEO plugin. -->","yoast_head_json":{"title":"BERKEL Kit de lames pour Home Line Plus 250 - dev6 Erresse","description":"Avec le kit de lames dentel\u00e9es Berkel pour Home Line PLUS 250, il est possible de trancher diff\u00e9rents types de produits en toute s\u00e9curit\u00e9 en quelques","robots":{"index":"noindex","follow":"follow","max-snippet":"max-snippet:-1","max-image-preview":"max-image-preview:large","max-video-preview":"max-video-preview:-1"},"og_locale":"fr_FR","og_type":"article","og_title":"BERKEL Kit de lames pour Home Line Plus 250 - dev6 Erresse","og_description":"Avec le kit de lames dentel\u00e9es Berkel pour Home Line PLUS 250, il est possible de trancher diff\u00e9rents types de produits en toute s\u00e9curit\u00e9 en quelques","og_url":"https:\/\/dev6.erresse-shop.it\/fr\/shop\/petits-electromenagers\/trancheuses\/berkel-kit-de-lames-pour-home-line-plus-250\/","og_site_name":"dev6 Erresse","og_image":[{"url":"https:\/\/interpim.erresse-shop.it\/Import\/Prodotti\/berkel-kit-lama-per-home-line-plus-250.jpg","type":"","width":"","height":""},{"url":"https:\/\/interpim.erresse-shop.it\/Import\/Prodotti\/berkel-kit-lama-per-home-line-plus-250.jpg","width":1024,"height":1024,"type":"image\/jpeg"}],"twitter_card":"summary_large_image","twitter_image":"https:\/\/interpim.erresse-shop.it\/Import\/Prodotti\/berkel-kit-lama-per-home-line-plus-250.jpg","schema":{"@context":"https:\/\/schema.org","@graph":[{"@type":"WebPage","@id":"https:\/\/dev6.erresse-shop.it\/fr\/shop\/petits-electromenagers\/trancheuses\/berkel-kit-de-lames-pour-home-line-plus-250\/","url":"https:\/\/dev6.erresse-shop.it\/fr\/shop\/petits-electromenagers\/trancheuses\/berkel-kit-de-lames-pour-home-line-plus-250\/","name":"BERKEL Kit de lames pour Home Line Plus 250 - dev6 Erresse","isPartOf":{"@id":"https:\/\/dev6.erresse-shop.it\/#website"},"primaryImageOfPage":{"@id":"https:\/\/dev6.erresse-shop.it\/fr\/shop\/petits-electromenagers\/trancheuses\/berkel-kit-de-lames-pour-home-line-plus-250\/#primaryimage"},"image":{"@id":"https:\/\/dev6.erresse-shop.it\/fr\/shop\/petits-electromenagers\/trancheuses\/berkel-kit-de-lames-pour-home-line-plus-250\/#primaryimage"},"thumbnailUrl":"https:\/\/i0.wp.com\/interpim.erresse-shop.it\/Import\/Prodotti\/berkel-kit-lama-per-home-line-plus-250.jpg?ssl=1","datePublished":"2026-04-12T10:32:36+00:00","description":"Avec le kit de lames dentel\u00e9es Berkel pour Home Line PLUS 250, il est possible de trancher diff\u00e9rents types de produits en toute s\u00e9curit\u00e9 en quelques","breadcrumb":{"@id":"https:\/\/dev6.erresse-shop.it\/fr\/shop\/petits-electromenagers\/trancheuses\/berkel-kit-de-lames-pour-home-line-plus-250\/#breadcrumb"},"inLanguage":"fr-FR","potentialAction":[{"@type":"ReadAction","target":["https:\/\/dev6.erresse-shop.it\/fr\/shop\/petits-electromenagers\/trancheuses\/berkel-kit-de-lames-pour-home-line-plus-250\/"]}]},{"@type":"ImageObject","inLanguage":"fr-FR","@id":"https:\/\/dev6.erresse-shop.it\/fr\/shop\/petits-electromenagers\/trancheuses\/berkel-kit-de-lames-pour-home-line-plus-250\/#primaryimage","url":"https:\/\/i0.wp.com\/interpim.erresse-shop.it\/Import\/Prodotti\/berkel-kit-lama-per-home-line-plus-250.jpg?ssl=1","contentUrl":"https:\/\/i0.wp.com\/interpim.erresse-shop.it\/Import\/Prodotti\/berkel-kit-lama-per-home-line-plus-250.jpg?ssl=1"},{"@type":"BreadcrumbList","@id":"https:\/\/dev6.erresse-shop.it\/fr\/shop\/petits-electromenagers\/trancheuses\/berkel-kit-de-lames-pour-home-line-plus-250\/#breadcrumb","itemListElement":[{"@type":"ListItem","position":1,"name":"Home","item":"https:\/\/dev6.erresse-shop.it\/"},{"@type":"ListItem","position":2,"name":"Boutique","item":"https:\/\/dev6.erresse-shop.it\/shop\/"},{"@type":"ListItem","position":3,"name":"BERKEL Kit de lames pour Home Line Plus 250"}]},{"@type":"WebSite","@id":"https:\/\/dev6.erresse-shop.it\/#website","url":"https:\/\/dev6.erresse-shop.it\/","name":"Erresse Shop","description":"","publisher":{"@id":"https:\/\/dev6.erresse-shop.it\/#organization"},"potentialAction":[{"@type":"SearchAction","target":{"@type":"EntryPoint","urlTemplate":"https:\/\/dev6.erresse-shop.it\/?s={search_term_string}"},"query-input":{"@type":"PropertyValueSpecification","valueRequired":true,"valueName":"search_term_string"}}],"inLanguage":"fr-FR"},{"@type":"Organization","@id":"https:\/\/dev6.erresse-shop.it\/#organization","name":"Erresse Shop","url":"https:\/\/dev6.erresse-shop.it\/","logo":{"@type":"ImageObject","inLanguage":"fr-FR","@id":"https:\/\/dev6.erresse-shop.it\/#\/schema\/logo\/image\/","url":"https:\/\/dev6.erresse-shop.it\/wp-content\/uploads\/2025\/01\/LOGO-ERRESSE-CLASSICO.svg","contentUrl":"https:\/\/dev6.erresse-shop.it\/wp-content\/uploads\/2025\/01\/LOGO-ERRESSE-CLASSICO.svg","caption":"Erresse Shop"},"image":{"@id":"https:\/\/dev6.erresse-shop.it\/#\/schema\/logo\/image\/"}}]}},"df_price":119,"df_sale_price":119,"df_regular_price":169,"df_image_link":"https:\/\/i0.wp.com\/interpim.erresse-shop.it\/Import\/Prodotti\/berkel-kit-lama-per-home-line-plus-250.jpg?resize=300,300&ssl=1","fifu_image_url":"https:\/\/interpim.erresse-shop.it\/Import\/Prodotti\/berkel-kit-lama-per-home-line-plus-250.jpg","_links":{"self":[{"href":"https:\/\/dev6.erresse-shop.it\/fr\/wp-json\/wp\/v2\/product\/1609155","targetHints":{"allow":["GET"]}}],"collection":[{"href":"https:\/\/dev6.erresse-shop.it\/fr\/wp-json\/wp\/v2\/product"}],"about":[{"href":"https:\/\/dev6.erresse-shop.it\/fr\/wp-json\/wp\/v2\/types\/product"}],"wp:featuredmedia":[{"embeddable":true,"href":"https:\/\/dev6.erresse-shop.it\/fr\/wp-json\/wp\/v2\/media\/6373355"}],"wp:attachment":[{"href":"https:\/\/dev6.erresse-shop.it\/fr\/wp-json\/wp\/v2\/media?parent=1609155"}],"wp:term":[{"taxonomy":"product_cat","embeddable":true,"href":"https:\/\/dev6.erresse-shop.it\/fr\/wp-json\/wp\/v2\/product_cat?post=1609155"},{"taxonomy":"product_tag","embeddable":true,"href":"https:\/\/dev6.erresse-shop.it\/fr\/wp-json\/wp\/v2\/product_tag?post=1609155"}],"curies":[{"name":"wp","href":"https:\/\/api.w.org\/{rel}","templated":true}]}}