{"id":1609147,"date":"2026-04-12T12:32:36","date_gmt":"2026-04-12T10:32:36","guid":{"rendered":"https:\/\/dev6.erresse-shop.it\/shop\/non%20class\u00e9\/jura-machine-a-cafe-giga-x10-dark-inox\/"},"modified":"2025-11-30T17:52:28","modified_gmt":"2025-11-30T16:52:28","slug":"jura-machine-a-cafe-giga-x10-dark-inox","status":"publish","type":"product","link":"https:\/\/dev6.erresse-shop.it\/fr\/shop\/petits-electromenagers\/machines-cafe\/automatique\/jura-machine-a-cafe-giga-x10-dark-inox\/","title":{"rendered":"JURA Machine \u00e0 caf\u00e9 GIGA X10 Dark Inox"},"content":{"rendered":"<p>La machine professionnelle pour les sp\u00e9cialit\u00e9s de caf\u00e9 chaudes et froides. Polyvalent, robuste, fiable.<\/p>\n<p>Le X10 \u00e9tablit de nouvelles normes en mati\u00e8re de vari\u00e9t\u00e9 et de fra\u00eecheur. Tout cela gr\u00e2ce aux 35 sp\u00e9cialit\u00e9s de caf\u00e9 qu\u2019elle propose, dont neuf sont extraites \u00e0 froid. L\u2019extraction \u00e0 froid enti\u00e8rement automatique est la marque de fabrique du X10 et vous permet d\u2019apporter la fra\u00eecheur du Cold Brew au secteur professionnel.<\/p>\n<p>Infusion \u00e0 froid par simple pression sur un bouton<\/p>\n<p>Avec Cold Brew, le X10 apporte le go\u00fbt frais du caf\u00e9 au bureau et dans les zones libre-service. Sur simple pression d\u2019un bouton, vous obtenez du caf\u00e9 moulu extrait \u00e0 froid sans capsules : tout cela est possible gr\u00e2ce au proc\u00e9d\u00e9 d\u2019extraction \u00e0 froid d\u00e9velopp\u00e9 par JURA. Pendant le processus d\u2019extraction, l\u2019eau froide coule \u00e0 travers le caf\u00e9 fra\u00eechement moulu, \u00e0 haute pression, en pulsant \u00e0 un rythme lent. Les ar\u00f4mes fruit\u00e9s sont ainsi mieux absorb\u00e9s par l\u2019eau, pour une boisson fra\u00eeche naturelle et \u00e9nergisante.<\/p>\n<p>Des sp\u00e9cialit\u00e9s pour tous les go\u00fbts<\/p>\n<p>La vari\u00e9t\u00e9 est la principale caract\u00e9ristique du X10. Con\u00e7ue pour offrir un go\u00fbt extraordinaire, la machine \u00e0 caf\u00e9 automatique professionnelle convainc avec ses 35 sp\u00e9cialit\u00e9s de caf\u00e9. Des classiques du caf\u00e9 comme l\u2019espresso et le cappuccino, aux sp\u00e9cialit\u00e9s de caf\u00e9 au lait comme le latte macchiato, en passant par le bien-aim\u00e9 Cold Brew, il y en a pour tous les go\u00fbts. Comme toujours, le nouveau bec verseur central combin\u00e9 distribuera le caf\u00e9 dans votre tasse par simple pression sur un bouton. Le X10 red\u00e9finit la pause-caf\u00e9 dans les bureaux et les espaces libre-service, avec une port\u00e9e jamais vue auparavant.<\/p>\n<p>\u00c9l\u00e9gant et robuste<\/p>\n<p>La forme suit la fonction \u2013 tel est le principe du X10, qui se caract\u00e9rise par des lignes \u00e9pur\u00e9es et un guidage direct de l\u2019utilisateur. Il est facile \u00e0 utiliser, gr\u00e2ce au bec r\u00e9glable en hauteur qui combine les becs verseurs d\u2019eau chaude, de lait et de caf\u00e9. La nouvelle fa\u00e7ade en Dark Inox souligne le caract\u00e8re professionnel et l\u2019\u00e9l\u00e9gance intemporelle de la machine \u00e0 caf\u00e9 automatique. L\u2019\u00e9cran 3,5\u2033 du X10 est pratique et intuitif. Int\u00e9gr\u00e9 \u00e0 la fa\u00e7ade et compl\u00e9t\u00e9 par des boutons physiques, l\u2019\u00e9cran rend cette machine \u00e0 caf\u00e9 automatique professionnelle extr\u00eamement claire.<\/p>\n<p>Prise en charge des m\u00e9thodes de paiement modernes<\/p>\n<p>Le X10 peut \u00eatre int\u00e9gr\u00e9 \u00e0 l\u2019interface JURA MDB. De cette fa\u00e7on, il peut prendre en charge les syst\u00e8mes de paiement les plus populaires pour une flexibilit\u00e9 et une simplicit\u00e9 maximales. Syst\u00e8mes de paiement POS, batch ou mobile : les possibilit\u00e9s sont nombreuses. Une autre option est le JURA Pocket Pilot. Logiciel gratuit de JURA qui combine le paiement sans contact avec un syst\u00e8me de facturation et d\u2019administration.<\/p>\n<p>Sp\u00e9cifications techniques<\/p>\n<p>Capacit\u00e9 du r\u00e9servoir d\u2019eau : 5 l<br \/>\nCapacit\u00e9 du r\u00e9servoir \u00e0 grains de caf\u00e9 : 500 g<br \/>\nR\u00e9cipient \u00e0 marc de caf\u00e9\u00a0: (portions environ) 40<br \/>\nLongueur du c\u00e2ble\u00a0: 1,2 m<br \/>\nTension \/ Puissance : 230 V ~ \/ 1450 W<br \/>\nConsommation en veille\u00a0: \u2264 0,5\u00a0W<br \/>\nPoids\u00a0: 14 kg<br \/>\nDimensions (L \u00d7 H \u00d7 P)\u00a0:\u00a0 37,3\u00a0\u00d7\u00a047\u00a0\u00d7\u00a046,1 cm<\/p>\n","protected":false},"excerpt":{"rendered":"<p>La machine professionnelle pour les sp\u00e9cialit\u00e9s de caf\u00e9 chaudes et froides. Polyvalent, robuste, fiable. Le X10 \u00e9tablit de nouvelles normes en mati\u00e8re de vari\u00e9t\u00e9 et de fra\u00eecheur. Tout cela gr\u00e2ce aux 35 sp\u00e9cialit\u00e9s de caf\u00e9 qu\u2019elle propose, dont neuf sont extraites \u00e0 froid. L\u2019extraction \u00e0 froid enti\u00e8rement automatique est la marque de fabrique du X10 [&hellip;]<\/p>\n","protected":false},"featured_media":6373318,"template":"","meta":{"_acf_changed":false},"product_cat":[12076,12063,12055],"product_tag":[],"class_list":{"0":"post-1609147","1":"product","2":"type-product","3":"status-publish","4":"has-post-thumbnail","6":"product_cat-automatique","7":"product_cat-machines-cafe","8":"product_cat-petits-electromenagers","10":"first","11":"instock","12":"sale","13":"taxable","14":"shipping-taxable","15":"purchasable","16":"product-type-simple","swatches":"rey-swatches","show_selected":"","stretch_labels":"rey-swatches--stretch-labels"},"acf":[],"yoast_head":"<!-- This site is optimized with the Yoast SEO plugin v25.4 - https:\/\/yoast.com\/wordpress\/plugins\/seo\/ -->\n<title>JURA Machine \u00e0 caf\u00e9 GIGA X10 Dark Inox - dev6 Erresse<\/title>\n<meta name=\"description\" content=\"La machine professionnelle pour les sp\u00e9cialit\u00e9s de caf\u00e9 chaudes et froides. Polyvalent, robuste, fiable. Le X10 \u00e9tablit de nouvelles normes en mati\u00e8re de\" \/>\n<meta name=\"robots\" content=\"noindex, follow, max-snippet:-1, max-image-preview:large, max-video-preview:-1\" \/>\n<meta property=\"og:locale\" content=\"fr_FR\" \/>\n<meta property=\"og:type\" content=\"article\" \/>\n<meta property=\"og:title\" content=\"JURA Machine \u00e0 caf\u00e9 GIGA X10 Dark Inox - dev6 Erresse\" \/>\n<meta property=\"og:description\" content=\"La machine professionnelle pour les sp\u00e9cialit\u00e9s de caf\u00e9 chaudes et froides. Polyvalent, robuste, fiable. Le X10 \u00e9tablit de nouvelles normes en mati\u00e8re de\" \/>\n<meta property=\"og:url\" content=\"https:\/\/dev6.erresse-shop.it\/fr\/shop\/petits-electromenagers\/machines-cafe\/automatique\/jura-machine-a-cafe-giga-x10-dark-inox\/\" \/>\n<meta property=\"og:site_name\" content=\"dev6 Erresse\" \/>\n<meta property=\"og:image\" content=\"https:\/\/interpim.erresse-shop.it\/Import\/Prodotti\/jura-macchina-da-caffe-giga-x10-dark-inox.jpg\" \/><meta property=\"og:image\" content=\"https:\/\/interpim.erresse-shop.it\/Import\/Prodotti\/jura-macchina-da-caffe-giga-x10-dark-inox.jpg\" \/>\n\t<meta property=\"og:image:width\" content=\"1024\" \/>\n\t<meta property=\"og:image:height\" content=\"1024\" \/>\n\t<meta property=\"og:image:type\" content=\"image\/jpeg\" \/>\n<meta name=\"twitter:card\" content=\"summary_large_image\" \/>\n<meta name=\"twitter:image\" content=\"https:\/\/interpim.erresse-shop.it\/Import\/Prodotti\/jura-macchina-da-caffe-giga-x10-dark-inox.jpg\" \/>\n<script type=\"application\/ld+json\" class=\"yoast-schema-graph\">{\"@context\":\"https:\/\/schema.org\",\"@graph\":[{\"@type\":\"WebPage\",\"@id\":\"https:\/\/dev6.erresse-shop.it\/fr\/shop\/petits-electromenagers\/machines-cafe\/automatique\/jura-machine-a-cafe-giga-x10-dark-inox\/\",\"url\":\"https:\/\/dev6.erresse-shop.it\/fr\/shop\/petits-electromenagers\/machines-cafe\/automatique\/jura-machine-a-cafe-giga-x10-dark-inox\/\",\"name\":\"JURA Machine \u00e0 caf\u00e9 GIGA X10 Dark Inox - dev6 Erresse\",\"isPartOf\":{\"@id\":\"https:\/\/dev6.erresse-shop.it\/#website\"},\"primaryImageOfPage\":{\"@id\":\"https:\/\/dev6.erresse-shop.it\/fr\/shop\/petits-electromenagers\/machines-cafe\/automatique\/jura-machine-a-cafe-giga-x10-dark-inox\/#primaryimage\"},\"image\":{\"@id\":\"https:\/\/dev6.erresse-shop.it\/fr\/shop\/petits-electromenagers\/machines-cafe\/automatique\/jura-machine-a-cafe-giga-x10-dark-inox\/#primaryimage\"},\"thumbnailUrl\":\"https:\/\/i0.wp.com\/interpim.erresse-shop.it\/Import\/Prodotti\/jura-macchina-da-caffe-giga-x10-dark-inox.jpg?ssl=1\",\"datePublished\":\"2026-04-12T10:32:36+00:00\",\"description\":\"La machine professionnelle pour les sp\u00e9cialit\u00e9s de caf\u00e9 chaudes et froides. Polyvalent, robuste, fiable. Le X10 \u00e9tablit de nouvelles normes en mati\u00e8re de\",\"breadcrumb\":{\"@id\":\"https:\/\/dev6.erresse-shop.it\/fr\/shop\/petits-electromenagers\/machines-cafe\/automatique\/jura-machine-a-cafe-giga-x10-dark-inox\/#breadcrumb\"},\"inLanguage\":\"fr-FR\",\"potentialAction\":[{\"@type\":\"ReadAction\",\"target\":[\"https:\/\/dev6.erresse-shop.it\/fr\/shop\/petits-electromenagers\/machines-cafe\/automatique\/jura-machine-a-cafe-giga-x10-dark-inox\/\"]}]},{\"@type\":\"ImageObject\",\"inLanguage\":\"fr-FR\",\"@id\":\"https:\/\/dev6.erresse-shop.it\/fr\/shop\/petits-electromenagers\/machines-cafe\/automatique\/jura-machine-a-cafe-giga-x10-dark-inox\/#primaryimage\",\"url\":\"https:\/\/i0.wp.com\/interpim.erresse-shop.it\/Import\/Prodotti\/jura-macchina-da-caffe-giga-x10-dark-inox.jpg?ssl=1\",\"contentUrl\":\"https:\/\/i0.wp.com\/interpim.erresse-shop.it\/Import\/Prodotti\/jura-macchina-da-caffe-giga-x10-dark-inox.jpg?ssl=1\"},{\"@type\":\"BreadcrumbList\",\"@id\":\"https:\/\/dev6.erresse-shop.it\/fr\/shop\/petits-electromenagers\/machines-cafe\/automatique\/jura-machine-a-cafe-giga-x10-dark-inox\/#breadcrumb\",\"itemListElement\":[{\"@type\":\"ListItem\",\"position\":1,\"name\":\"Home\",\"item\":\"https:\/\/dev6.erresse-shop.it\/\"},{\"@type\":\"ListItem\",\"position\":2,\"name\":\"Boutique\",\"item\":\"https:\/\/dev6.erresse-shop.it\/shop\/\"},{\"@type\":\"ListItem\",\"position\":3,\"name\":\"JURA Machine \u00e0 caf\u00e9 GIGA X10 Dark Inox\"}]},{\"@type\":\"WebSite\",\"@id\":\"https:\/\/dev6.erresse-shop.it\/#website\",\"url\":\"https:\/\/dev6.erresse-shop.it\/\",\"name\":\"Erresse Shop\",\"description\":\"\",\"publisher\":{\"@id\":\"https:\/\/dev6.erresse-shop.it\/#organization\"},\"potentialAction\":[{\"@type\":\"SearchAction\",\"target\":{\"@type\":\"EntryPoint\",\"urlTemplate\":\"https:\/\/dev6.erresse-shop.it\/?s={search_term_string}\"},\"query-input\":{\"@type\":\"PropertyValueSpecification\",\"valueRequired\":true,\"valueName\":\"search_term_string\"}}],\"inLanguage\":\"fr-FR\"},{\"@type\":\"Organization\",\"@id\":\"https:\/\/dev6.erresse-shop.it\/#organization\",\"name\":\"Erresse Shop\",\"url\":\"https:\/\/dev6.erresse-shop.it\/\",\"logo\":{\"@type\":\"ImageObject\",\"inLanguage\":\"fr-FR\",\"@id\":\"https:\/\/dev6.erresse-shop.it\/#\/schema\/logo\/image\/\",\"url\":\"https:\/\/dev6.erresse-shop.it\/wp-content\/uploads\/2025\/01\/LOGO-ERRESSE-CLASSICO.svg\",\"contentUrl\":\"https:\/\/dev6.erresse-shop.it\/wp-content\/uploads\/2025\/01\/LOGO-ERRESSE-CLASSICO.svg\",\"caption\":\"Erresse Shop\"},\"image\":{\"@id\":\"https:\/\/dev6.erresse-shop.it\/#\/schema\/logo\/image\/\"}}]}<\/script>\n<!-- \/ Yoast SEO plugin. -->","yoast_head_json":{"title":"JURA Machine \u00e0 caf\u00e9 GIGA X10 Dark Inox - dev6 Erresse","description":"La machine professionnelle pour les sp\u00e9cialit\u00e9s de caf\u00e9 chaudes et froides. Polyvalent, robuste, fiable. Le X10 \u00e9tablit de nouvelles normes en mati\u00e8re de","robots":{"index":"noindex","follow":"follow","max-snippet":"max-snippet:-1","max-image-preview":"max-image-preview:large","max-video-preview":"max-video-preview:-1"},"og_locale":"fr_FR","og_type":"article","og_title":"JURA Machine \u00e0 caf\u00e9 GIGA X10 Dark Inox - dev6 Erresse","og_description":"La machine professionnelle pour les sp\u00e9cialit\u00e9s de caf\u00e9 chaudes et froides. Polyvalent, robuste, fiable. Le X10 \u00e9tablit de nouvelles normes en mati\u00e8re de","og_url":"https:\/\/dev6.erresse-shop.it\/fr\/shop\/petits-electromenagers\/machines-cafe\/automatique\/jura-machine-a-cafe-giga-x10-dark-inox\/","og_site_name":"dev6 Erresse","og_image":[{"url":"https:\/\/interpim.erresse-shop.it\/Import\/Prodotti\/jura-macchina-da-caffe-giga-x10-dark-inox.jpg","type":"","width":"","height":""},{"url":"https:\/\/interpim.erresse-shop.it\/Import\/Prodotti\/jura-macchina-da-caffe-giga-x10-dark-inox.jpg","width":1024,"height":1024,"type":"image\/jpeg"}],"twitter_card":"summary_large_image","twitter_image":"https:\/\/interpim.erresse-shop.it\/Import\/Prodotti\/jura-macchina-da-caffe-giga-x10-dark-inox.jpg","schema":{"@context":"https:\/\/schema.org","@graph":[{"@type":"WebPage","@id":"https:\/\/dev6.erresse-shop.it\/fr\/shop\/petits-electromenagers\/machines-cafe\/automatique\/jura-machine-a-cafe-giga-x10-dark-inox\/","url":"https:\/\/dev6.erresse-shop.it\/fr\/shop\/petits-electromenagers\/machines-cafe\/automatique\/jura-machine-a-cafe-giga-x10-dark-inox\/","name":"JURA Machine \u00e0 caf\u00e9 GIGA X10 Dark Inox - dev6 Erresse","isPartOf":{"@id":"https:\/\/dev6.erresse-shop.it\/#website"},"primaryImageOfPage":{"@id":"https:\/\/dev6.erresse-shop.it\/fr\/shop\/petits-electromenagers\/machines-cafe\/automatique\/jura-machine-a-cafe-giga-x10-dark-inox\/#primaryimage"},"image":{"@id":"https:\/\/dev6.erresse-shop.it\/fr\/shop\/petits-electromenagers\/machines-cafe\/automatique\/jura-machine-a-cafe-giga-x10-dark-inox\/#primaryimage"},"thumbnailUrl":"https:\/\/i0.wp.com\/interpim.erresse-shop.it\/Import\/Prodotti\/jura-macchina-da-caffe-giga-x10-dark-inox.jpg?ssl=1","datePublished":"2026-04-12T10:32:36+00:00","description":"La machine professionnelle pour les sp\u00e9cialit\u00e9s de caf\u00e9 chaudes et froides. Polyvalent, robuste, fiable. Le X10 \u00e9tablit de nouvelles normes en mati\u00e8re de","breadcrumb":{"@id":"https:\/\/dev6.erresse-shop.it\/fr\/shop\/petits-electromenagers\/machines-cafe\/automatique\/jura-machine-a-cafe-giga-x10-dark-inox\/#breadcrumb"},"inLanguage":"fr-FR","potentialAction":[{"@type":"ReadAction","target":["https:\/\/dev6.erresse-shop.it\/fr\/shop\/petits-electromenagers\/machines-cafe\/automatique\/jura-machine-a-cafe-giga-x10-dark-inox\/"]}]},{"@type":"ImageObject","inLanguage":"fr-FR","@id":"https:\/\/dev6.erresse-shop.it\/fr\/shop\/petits-electromenagers\/machines-cafe\/automatique\/jura-machine-a-cafe-giga-x10-dark-inox\/#primaryimage","url":"https:\/\/i0.wp.com\/interpim.erresse-shop.it\/Import\/Prodotti\/jura-macchina-da-caffe-giga-x10-dark-inox.jpg?ssl=1","contentUrl":"https:\/\/i0.wp.com\/interpim.erresse-shop.it\/Import\/Prodotti\/jura-macchina-da-caffe-giga-x10-dark-inox.jpg?ssl=1"},{"@type":"BreadcrumbList","@id":"https:\/\/dev6.erresse-shop.it\/fr\/shop\/petits-electromenagers\/machines-cafe\/automatique\/jura-machine-a-cafe-giga-x10-dark-inox\/#breadcrumb","itemListElement":[{"@type":"ListItem","position":1,"name":"Home","item":"https:\/\/dev6.erresse-shop.it\/"},{"@type":"ListItem","position":2,"name":"Boutique","item":"https:\/\/dev6.erresse-shop.it\/shop\/"},{"@type":"ListItem","position":3,"name":"JURA Machine \u00e0 caf\u00e9 GIGA X10 Dark Inox"}]},{"@type":"WebSite","@id":"https:\/\/dev6.erresse-shop.it\/#website","url":"https:\/\/dev6.erresse-shop.it\/","name":"Erresse Shop","description":"","publisher":{"@id":"https:\/\/dev6.erresse-shop.it\/#organization"},"potentialAction":[{"@type":"SearchAction","target":{"@type":"EntryPoint","urlTemplate":"https:\/\/dev6.erresse-shop.it\/?s={search_term_string}"},"query-input":{"@type":"PropertyValueSpecification","valueRequired":true,"valueName":"search_term_string"}}],"inLanguage":"fr-FR"},{"@type":"Organization","@id":"https:\/\/dev6.erresse-shop.it\/#organization","name":"Erresse Shop","url":"https:\/\/dev6.erresse-shop.it\/","logo":{"@type":"ImageObject","inLanguage":"fr-FR","@id":"https:\/\/dev6.erresse-shop.it\/#\/schema\/logo\/image\/","url":"https:\/\/dev6.erresse-shop.it\/wp-content\/uploads\/2025\/01\/LOGO-ERRESSE-CLASSICO.svg","contentUrl":"https:\/\/dev6.erresse-shop.it\/wp-content\/uploads\/2025\/01\/LOGO-ERRESSE-CLASSICO.svg","caption":"Erresse Shop"},"image":{"@id":"https:\/\/dev6.erresse-shop.it\/#\/schema\/logo\/image\/"}}]}},"df_price":2699,"df_sale_price":2699,"df_regular_price":3199,"df_image_link":"https:\/\/i0.wp.com\/interpim.erresse-shop.it\/Import\/Prodotti\/jura-macchina-da-caffe-giga-x10-dark-inox.jpg?resize=300,300&ssl=1","fifu_image_url":"https:\/\/interpim.erresse-shop.it\/Import\/Prodotti\/jura-macchina-da-caffe-giga-x10-dark-inox.jpg","_links":{"self":[{"href":"https:\/\/dev6.erresse-shop.it\/fr\/wp-json\/wp\/v2\/product\/1609147","targetHints":{"allow":["GET"]}}],"collection":[{"href":"https:\/\/dev6.erresse-shop.it\/fr\/wp-json\/wp\/v2\/product"}],"about":[{"href":"https:\/\/dev6.erresse-shop.it\/fr\/wp-json\/wp\/v2\/types\/product"}],"wp:featuredmedia":[{"embeddable":true,"href":"https:\/\/dev6.erresse-shop.it\/fr\/wp-json\/wp\/v2\/media\/6373318"}],"wp:attachment":[{"href":"https:\/\/dev6.erresse-shop.it\/fr\/wp-json\/wp\/v2\/media?parent=1609147"}],"wp:term":[{"taxonomy":"product_cat","embeddable":true,"href":"https:\/\/dev6.erresse-shop.it\/fr\/wp-json\/wp\/v2\/product_cat?post=1609147"},{"taxonomy":"product_tag","embeddable":true,"href":"https:\/\/dev6.erresse-shop.it\/fr\/wp-json\/wp\/v2\/product_tag?post=1609147"}],"curies":[{"name":"wp","href":"https:\/\/api.w.org\/{rel}","templated":true}]}}