{"id":1609137,"date":"2026-04-12T12:30:20","date_gmt":"2026-04-12T10:30:20","guid":{"rendered":"https:\/\/dev6.erresse-shop.it\/shop\/non%20class\u00e9\/santos-four-a-pizza-o-160\/"},"modified":"2025-07-04T19:07:32","modified_gmt":"2025-07-04T17:07:32","slug":"santos-four-a-pizza-o-160","status":"publish","type":"product","link":"https:\/\/dev6.erresse-shop.it\/fr\/shop\/petits-electromenagers\/fours\/santos-four-a-pizza-o-160\/","title":{"rendered":"SANTOS Four \u00e0 pizza O-160"},"content":{"rendered":"<p>Le nouveau four \u00e0 pizza SANTOS O-160 noir est le compl\u00e9ment id\u00e9al de votre cuisine ext\u00e9rieure. Avec une puissance de chauffe de 7,5 kW, vous atteindrez les temp\u00e9ratures id\u00e9ales pour cuire des pizzas croustillantes. La pierre \u00e0 pizza de 37 cm de diam\u00e8tre incluse dans la livraison est suffisante pour une grande pizza que vous pouvez garnir de ce que vous pr\u00e9f\u00e9rez.<\/p>\n<p>Une nouveaut\u00e9 absolue du four \u00e0 pizza SANTOS est le plateau tournant innovant. Cela vous permet de faire pivoter votre pizza en toute s\u00e9curit\u00e9 pour un brunissement parfait \u00e0 360\u00b0. Le bouton r\u00e9sistant \u00e0 la chaleur avec roulement \u00e0 billes est situ\u00e9 sous le four \u00e0 pizza et peut donc \u00eatre utilis\u00e9 sans accident m\u00eame pendant le fonctionnement.<\/p>\n<p>Sp\u00e9cifications techniques<\/p>\n<p>Mat\u00e9riau : Acier<br \/>\nDimensions : (L x H x P) 56,2 x 37 x 70,32 cm<br \/>\nHauteur d\u2019ouverture 9 cm \/ Largeur 50 cm<br \/>\nPoids : 22,3 kg<br \/>\nR\u00e9gulateur de gaz : 1,5 kg\/heure 50 mbar<br \/>\nConduite de gaz : 80 cm<br \/>\nDimensions de la pierre \u00e0 pizza : \u2300 37 x H 1,2 cm<\/p>\n<p>Remarque\u00a0: ne convient pas \u00e0 une utilisation en int\u00e9rieur, ne convient pas \u00e0 une utilisation avec du gaz naturel<\/p>\n<p>Ne pas vendre en dehors de l\u2019Europe<\/p>\n","protected":false},"excerpt":{"rendered":"<p>Le nouveau four \u00e0 pizza SANTOS O-160 noir est le compl\u00e9ment id\u00e9al de votre cuisine ext\u00e9rieure. Avec une puissance de chauffe de 7,5 kW, vous atteindrez les temp\u00e9ratures id\u00e9ales pour cuire des pizzas croustillantes. La pierre \u00e0 pizza de 37 cm de diam\u00e8tre incluse dans la livraison est suffisante pour une grande pizza que vous [&hellip;]<\/p>\n","protected":false},"featured_media":6373271,"template":"","meta":{"_acf_changed":false},"product_cat":[12085,12055],"product_tag":[],"class_list":{"0":"post-1609137","1":"product","2":"type-product","3":"status-publish","4":"has-post-thumbnail","6":"product_cat-fours","7":"product_cat-petits-electromenagers","9":"first","10":"instock","11":"sale","12":"taxable","13":"shipping-taxable","14":"purchasable","15":"product-type-simple","swatches":"rey-swatches","show_selected":"","stretch_labels":"rey-swatches--stretch-labels"},"acf":[],"yoast_head":"<!-- This site is optimized with the Yoast SEO plugin v25.4 - https:\/\/yoast.com\/wordpress\/plugins\/seo\/ -->\n<title>SANTOS Four \u00e0 pizza O-160 - dev6 Erresse<\/title>\n<meta name=\"description\" content=\"Le nouveau four \u00e0 pizza SANTOS O-160 noir est le compl\u00e9ment id\u00e9al de votre cuisine ext\u00e9rieure. Avec une puissance de chauffe de 7,5 kW, vous atteindrez\" \/>\n<meta name=\"robots\" content=\"noindex, follow, max-snippet:-1, max-image-preview:large, max-video-preview:-1\" \/>\n<meta property=\"og:locale\" content=\"fr_FR\" \/>\n<meta property=\"og:type\" content=\"article\" \/>\n<meta property=\"og:title\" content=\"SANTOS Four \u00e0 pizza O-160 - dev6 Erresse\" \/>\n<meta property=\"og:description\" content=\"Le nouveau four \u00e0 pizza SANTOS O-160 noir est le compl\u00e9ment id\u00e9al de votre cuisine ext\u00e9rieure. Avec une puissance de chauffe de 7,5 kW, vous atteindrez\" \/>\n<meta property=\"og:url\" content=\"https:\/\/dev6.erresse-shop.it\/fr\/shop\/petits-electromenagers\/fours\/santos-four-a-pizza-o-160\/\" \/>\n<meta property=\"og:site_name\" content=\"dev6 Erresse\" \/>\n<meta property=\"og:image\" content=\"https:\/\/interpim.erresse-shop.it\/Import\/Prodotti\/santos-forno-per-pizza-o-160.jpg\" \/><meta property=\"og:image\" content=\"https:\/\/interpim.erresse-shop.it\/Import\/Prodotti\/santos-forno-per-pizza-o-160.jpg\" \/>\n\t<meta property=\"og:image:width\" content=\"1024\" \/>\n\t<meta property=\"og:image:height\" content=\"1024\" \/>\n\t<meta property=\"og:image:type\" content=\"image\/jpeg\" \/>\n<meta name=\"twitter:card\" content=\"summary_large_image\" \/>\n<meta name=\"twitter:image\" content=\"https:\/\/interpim.erresse-shop.it\/Import\/Prodotti\/santos-forno-per-pizza-o-160.jpg\" \/>\n<script type=\"application\/ld+json\" class=\"yoast-schema-graph\">{\"@context\":\"https:\/\/schema.org\",\"@graph\":[{\"@type\":\"WebPage\",\"@id\":\"https:\/\/dev6.erresse-shop.it\/fr\/shop\/petits-electromenagers\/fours\/santos-four-a-pizza-o-160\/\",\"url\":\"https:\/\/dev6.erresse-shop.it\/fr\/shop\/petits-electromenagers\/fours\/santos-four-a-pizza-o-160\/\",\"name\":\"SANTOS Four \u00e0 pizza O-160 - dev6 Erresse\",\"isPartOf\":{\"@id\":\"https:\/\/dev6.erresse-shop.it\/#website\"},\"primaryImageOfPage\":{\"@id\":\"https:\/\/dev6.erresse-shop.it\/fr\/shop\/petits-electromenagers\/fours\/santos-four-a-pizza-o-160\/#primaryimage\"},\"image\":{\"@id\":\"https:\/\/dev6.erresse-shop.it\/fr\/shop\/petits-electromenagers\/fours\/santos-four-a-pizza-o-160\/#primaryimage\"},\"thumbnailUrl\":\"https:\/\/i0.wp.com\/interpim.erresse-shop.it\/Import\/Prodotti\/santos-forno-per-pizza-o-160.jpg?ssl=1\",\"datePublished\":\"2026-04-12T10:30:20+00:00\",\"description\":\"Le nouveau four \u00e0 pizza SANTOS O-160 noir est le compl\u00e9ment id\u00e9al de votre cuisine ext\u00e9rieure. Avec une puissance de chauffe de 7,5 kW, vous atteindrez\",\"breadcrumb\":{\"@id\":\"https:\/\/dev6.erresse-shop.it\/fr\/shop\/petits-electromenagers\/fours\/santos-four-a-pizza-o-160\/#breadcrumb\"},\"inLanguage\":\"fr-FR\",\"potentialAction\":[{\"@type\":\"ReadAction\",\"target\":[\"https:\/\/dev6.erresse-shop.it\/fr\/shop\/petits-electromenagers\/fours\/santos-four-a-pizza-o-160\/\"]}]},{\"@type\":\"ImageObject\",\"inLanguage\":\"fr-FR\",\"@id\":\"https:\/\/dev6.erresse-shop.it\/fr\/shop\/petits-electromenagers\/fours\/santos-four-a-pizza-o-160\/#primaryimage\",\"url\":\"https:\/\/i0.wp.com\/interpim.erresse-shop.it\/Import\/Prodotti\/santos-forno-per-pizza-o-160.jpg?ssl=1\",\"contentUrl\":\"https:\/\/i0.wp.com\/interpim.erresse-shop.it\/Import\/Prodotti\/santos-forno-per-pizza-o-160.jpg?ssl=1\"},{\"@type\":\"BreadcrumbList\",\"@id\":\"https:\/\/dev6.erresse-shop.it\/fr\/shop\/petits-electromenagers\/fours\/santos-four-a-pizza-o-160\/#breadcrumb\",\"itemListElement\":[{\"@type\":\"ListItem\",\"position\":1,\"name\":\"Home\",\"item\":\"https:\/\/dev6.erresse-shop.it\/\"},{\"@type\":\"ListItem\",\"position\":2,\"name\":\"Boutique\",\"item\":\"https:\/\/dev6.erresse-shop.it\/shop\/\"},{\"@type\":\"ListItem\",\"position\":3,\"name\":\"SANTOS Four \u00e0 pizza O-160\"}]},{\"@type\":\"WebSite\",\"@id\":\"https:\/\/dev6.erresse-shop.it\/#website\",\"url\":\"https:\/\/dev6.erresse-shop.it\/\",\"name\":\"Erresse Shop\",\"description\":\"\",\"publisher\":{\"@id\":\"https:\/\/dev6.erresse-shop.it\/#organization\"},\"potentialAction\":[{\"@type\":\"SearchAction\",\"target\":{\"@type\":\"EntryPoint\",\"urlTemplate\":\"https:\/\/dev6.erresse-shop.it\/?s={search_term_string}\"},\"query-input\":{\"@type\":\"PropertyValueSpecification\",\"valueRequired\":true,\"valueName\":\"search_term_string\"}}],\"inLanguage\":\"fr-FR\"},{\"@type\":\"Organization\",\"@id\":\"https:\/\/dev6.erresse-shop.it\/#organization\",\"name\":\"Erresse Shop\",\"url\":\"https:\/\/dev6.erresse-shop.it\/\",\"logo\":{\"@type\":\"ImageObject\",\"inLanguage\":\"fr-FR\",\"@id\":\"https:\/\/dev6.erresse-shop.it\/#\/schema\/logo\/image\/\",\"url\":\"https:\/\/dev6.erresse-shop.it\/wp-content\/uploads\/2025\/01\/LOGO-ERRESSE-CLASSICO.svg\",\"contentUrl\":\"https:\/\/dev6.erresse-shop.it\/wp-content\/uploads\/2025\/01\/LOGO-ERRESSE-CLASSICO.svg\",\"caption\":\"Erresse Shop\"},\"image\":{\"@id\":\"https:\/\/dev6.erresse-shop.it\/#\/schema\/logo\/image\/\"}}]}<\/script>\n<!-- \/ Yoast SEO plugin. -->","yoast_head_json":{"title":"SANTOS Four \u00e0 pizza O-160 - dev6 Erresse","description":"Le nouveau four \u00e0 pizza SANTOS O-160 noir est le compl\u00e9ment id\u00e9al de votre cuisine ext\u00e9rieure. Avec une puissance de chauffe de 7,5 kW, vous atteindrez","robots":{"index":"noindex","follow":"follow","max-snippet":"max-snippet:-1","max-image-preview":"max-image-preview:large","max-video-preview":"max-video-preview:-1"},"og_locale":"fr_FR","og_type":"article","og_title":"SANTOS Four \u00e0 pizza O-160 - dev6 Erresse","og_description":"Le nouveau four \u00e0 pizza SANTOS O-160 noir est le compl\u00e9ment id\u00e9al de votre cuisine ext\u00e9rieure. Avec une puissance de chauffe de 7,5 kW, vous atteindrez","og_url":"https:\/\/dev6.erresse-shop.it\/fr\/shop\/petits-electromenagers\/fours\/santos-four-a-pizza-o-160\/","og_site_name":"dev6 Erresse","og_image":[{"url":"https:\/\/interpim.erresse-shop.it\/Import\/Prodotti\/santos-forno-per-pizza-o-160.jpg","type":"","width":"","height":""},{"url":"https:\/\/interpim.erresse-shop.it\/Import\/Prodotti\/santos-forno-per-pizza-o-160.jpg","width":1024,"height":1024,"type":"image\/jpeg"}],"twitter_card":"summary_large_image","twitter_image":"https:\/\/interpim.erresse-shop.it\/Import\/Prodotti\/santos-forno-per-pizza-o-160.jpg","schema":{"@context":"https:\/\/schema.org","@graph":[{"@type":"WebPage","@id":"https:\/\/dev6.erresse-shop.it\/fr\/shop\/petits-electromenagers\/fours\/santos-four-a-pizza-o-160\/","url":"https:\/\/dev6.erresse-shop.it\/fr\/shop\/petits-electromenagers\/fours\/santos-four-a-pizza-o-160\/","name":"SANTOS Four \u00e0 pizza O-160 - dev6 Erresse","isPartOf":{"@id":"https:\/\/dev6.erresse-shop.it\/#website"},"primaryImageOfPage":{"@id":"https:\/\/dev6.erresse-shop.it\/fr\/shop\/petits-electromenagers\/fours\/santos-four-a-pizza-o-160\/#primaryimage"},"image":{"@id":"https:\/\/dev6.erresse-shop.it\/fr\/shop\/petits-electromenagers\/fours\/santos-four-a-pizza-o-160\/#primaryimage"},"thumbnailUrl":"https:\/\/i0.wp.com\/interpim.erresse-shop.it\/Import\/Prodotti\/santos-forno-per-pizza-o-160.jpg?ssl=1","datePublished":"2026-04-12T10:30:20+00:00","description":"Le nouveau four \u00e0 pizza SANTOS O-160 noir est le compl\u00e9ment id\u00e9al de votre cuisine ext\u00e9rieure. Avec une puissance de chauffe de 7,5 kW, vous atteindrez","breadcrumb":{"@id":"https:\/\/dev6.erresse-shop.it\/fr\/shop\/petits-electromenagers\/fours\/santos-four-a-pizza-o-160\/#breadcrumb"},"inLanguage":"fr-FR","potentialAction":[{"@type":"ReadAction","target":["https:\/\/dev6.erresse-shop.it\/fr\/shop\/petits-electromenagers\/fours\/santos-four-a-pizza-o-160\/"]}]},{"@type":"ImageObject","inLanguage":"fr-FR","@id":"https:\/\/dev6.erresse-shop.it\/fr\/shop\/petits-electromenagers\/fours\/santos-four-a-pizza-o-160\/#primaryimage","url":"https:\/\/i0.wp.com\/interpim.erresse-shop.it\/Import\/Prodotti\/santos-forno-per-pizza-o-160.jpg?ssl=1","contentUrl":"https:\/\/i0.wp.com\/interpim.erresse-shop.it\/Import\/Prodotti\/santos-forno-per-pizza-o-160.jpg?ssl=1"},{"@type":"BreadcrumbList","@id":"https:\/\/dev6.erresse-shop.it\/fr\/shop\/petits-electromenagers\/fours\/santos-four-a-pizza-o-160\/#breadcrumb","itemListElement":[{"@type":"ListItem","position":1,"name":"Home","item":"https:\/\/dev6.erresse-shop.it\/"},{"@type":"ListItem","position":2,"name":"Boutique","item":"https:\/\/dev6.erresse-shop.it\/shop\/"},{"@type":"ListItem","position":3,"name":"SANTOS Four \u00e0 pizza O-160"}]},{"@type":"WebSite","@id":"https:\/\/dev6.erresse-shop.it\/#website","url":"https:\/\/dev6.erresse-shop.it\/","name":"Erresse Shop","description":"","publisher":{"@id":"https:\/\/dev6.erresse-shop.it\/#organization"},"potentialAction":[{"@type":"SearchAction","target":{"@type":"EntryPoint","urlTemplate":"https:\/\/dev6.erresse-shop.it\/?s={search_term_string}"},"query-input":{"@type":"PropertyValueSpecification","valueRequired":true,"valueName":"search_term_string"}}],"inLanguage":"fr-FR"},{"@type":"Organization","@id":"https:\/\/dev6.erresse-shop.it\/#organization","name":"Erresse Shop","url":"https:\/\/dev6.erresse-shop.it\/","logo":{"@type":"ImageObject","inLanguage":"fr-FR","@id":"https:\/\/dev6.erresse-shop.it\/#\/schema\/logo\/image\/","url":"https:\/\/dev6.erresse-shop.it\/wp-content\/uploads\/2025\/01\/LOGO-ERRESSE-CLASSICO.svg","contentUrl":"https:\/\/dev6.erresse-shop.it\/wp-content\/uploads\/2025\/01\/LOGO-ERRESSE-CLASSICO.svg","caption":"Erresse Shop"},"image":{"@id":"https:\/\/dev6.erresse-shop.it\/#\/schema\/logo\/image\/"}}]}},"df_price":419,"df_sale_price":419,"df_regular_price":449,"df_image_link":"https:\/\/i0.wp.com\/interpim.erresse-shop.it\/Import\/Prodotti\/santos-forno-per-pizza-o-160.jpg?resize=300,300&ssl=1","fifu_image_url":"https:\/\/interpim.erresse-shop.it\/Import\/Prodotti\/santos-forno-per-pizza-o-160.jpg","_links":{"self":[{"href":"https:\/\/dev6.erresse-shop.it\/fr\/wp-json\/wp\/v2\/product\/1609137","targetHints":{"allow":["GET"]}}],"collection":[{"href":"https:\/\/dev6.erresse-shop.it\/fr\/wp-json\/wp\/v2\/product"}],"about":[{"href":"https:\/\/dev6.erresse-shop.it\/fr\/wp-json\/wp\/v2\/types\/product"}],"wp:featuredmedia":[{"embeddable":true,"href":"https:\/\/dev6.erresse-shop.it\/fr\/wp-json\/wp\/v2\/media\/6373271"}],"wp:attachment":[{"href":"https:\/\/dev6.erresse-shop.it\/fr\/wp-json\/wp\/v2\/media?parent=1609137"}],"wp:term":[{"taxonomy":"product_cat","embeddable":true,"href":"https:\/\/dev6.erresse-shop.it\/fr\/wp-json\/wp\/v2\/product_cat?post=1609137"},{"taxonomy":"product_tag","embeddable":true,"href":"https:\/\/dev6.erresse-shop.it\/fr\/wp-json\/wp\/v2\/product_tag?post=1609137"}],"curies":[{"name":"wp","href":"https:\/\/api.w.org\/{rel}","templated":true}]}}