{"id":1609135,"date":"2026-04-12T12:30:20","date_gmt":"2026-04-12T10:30:20","guid":{"rendered":"https:\/\/dev6.erresse-shop.it\/shop\/non%20class\u00e9\/santos-four-a-pizza-o-120\/"},"modified":"2025-09-14T06:17:56","modified_gmt":"2025-09-14T04:17:56","slug":"santos-four-a-pizza-o-120","status":"publish","type":"product","link":"https:\/\/dev6.erresse-shop.it\/fr\/shop\/petits-electromenagers\/fours\/santos-four-a-pizza-o-120\/","title":{"rendered":"SANTOS Four \u00e0 pizza O-120"},"content":{"rendered":"<p>Le nouveau four \u00e0 pizza SANTOS O-120 noir est le compl\u00e9ment id\u00e9al de votre cuisine ext\u00e9rieure. Avec une puissance de chauffe de 4,4 KW vous pourrez atteindre des temp\u00e9ratures id\u00e9ales pour cuire des pizzas croustillantes. La pierre \u00e0 pizza de 30,5 cm de diam\u00e8tre incluse dans la livraison est suffisante pour une pizza que vous pouvez garnir de ce que vous pr\u00e9f\u00e9rez.<\/p>\n<p>Une nouveaut\u00e9 absolue du four \u00e0 pizza SANTOS est le plateau tournant innovant. Cela vous permet de faire pivoter votre pizza en toute s\u00e9curit\u00e9 pour un brunissement parfait \u00e0 360\u00b0. Le bouton r\u00e9sistant \u00e0 la chaleur avec roulement \u00e0 billes est situ\u00e9 sous le four \u00e0 pizza et peut donc \u00eatre utilis\u00e9 sans accident m\u00eame pendant le fonctionnement.<\/p>\n<p>Sp\u00e9cifications techniques<\/p>\n<p>Mat\u00e9riau : Acier<br \/>\nDimensions : (L x H x P) 35,9 x 34,7 x 64,7 cm<br \/>\nHauteur d\u2019ouverture 6,5 cm \/ Largeur 36 cm<br \/>\nPoids : 11,3 kg<br \/>\nR\u00e9gulateur de gaz : 1,5 kg\/heure 50 mbar<br \/>\nConduite de gaz : 80 cm<br \/>\nDimensions de la pierre \u00e0 pizza : \u2300 30,5 x H 1,2 cm<\/p>\n<p>Remarque\u00a0: ne convient pas \u00e0 une utilisation en int\u00e9rieur, ne convient pas \u00e0 une utilisation avec du gaz naturel<\/p>\n<p>Not for sale outside Europe<\/p>\n","protected":false},"excerpt":{"rendered":"<p>Le nouveau four \u00e0 pizza SANTOS O-120 noir est le compl\u00e9ment id\u00e9al de votre cuisine ext\u00e9rieure. Avec une puissance de chauffe de 4,4 KW vous pourrez atteindre des temp\u00e9ratures id\u00e9ales pour cuire des pizzas croustillantes. La pierre \u00e0 pizza de 30,5 cm de diam\u00e8tre incluse dans la livraison est suffisante pour une pizza que vous [&hellip;]<\/p>\n","protected":false},"featured_media":6373258,"template":"","meta":{"_acf_changed":false},"product_cat":[12085,12055],"product_tag":[],"class_list":{"0":"post-1609135","1":"product","2":"type-product","3":"status-publish","4":"has-post-thumbnail","6":"product_cat-fours","7":"product_cat-petits-electromenagers","9":"first","10":"instock","11":"sale","12":"taxable","13":"shipping-taxable","14":"purchasable","15":"product-type-simple","swatches":"rey-swatches","show_selected":"","stretch_labels":"rey-swatches--stretch-labels"},"acf":[],"yoast_head":"<!-- This site is optimized with the Yoast SEO plugin v25.4 - https:\/\/yoast.com\/wordpress\/plugins\/seo\/ -->\n<title>SANTOS Four \u00e0 pizza O-120 - dev6 Erresse<\/title>\n<meta name=\"description\" content=\"Le nouveau four \u00e0 pizza SANTOS O-120 noir est le compl\u00e9ment id\u00e9al de votre cuisine ext\u00e9rieure. Avec une puissance de chauffe de 4,4 KW vous pourrez\" \/>\n<meta name=\"robots\" content=\"noindex, follow, max-snippet:-1, max-image-preview:large, max-video-preview:-1\" \/>\n<meta property=\"og:locale\" content=\"fr_FR\" \/>\n<meta property=\"og:type\" content=\"article\" \/>\n<meta property=\"og:title\" content=\"SANTOS Four \u00e0 pizza O-120 - dev6 Erresse\" \/>\n<meta property=\"og:description\" content=\"Le nouveau four \u00e0 pizza SANTOS O-120 noir est le compl\u00e9ment id\u00e9al de votre cuisine ext\u00e9rieure. Avec une puissance de chauffe de 4,4 KW vous pourrez\" \/>\n<meta property=\"og:url\" content=\"https:\/\/dev6.erresse-shop.it\/fr\/shop\/petits-electromenagers\/fours\/santos-four-a-pizza-o-120\/\" \/>\n<meta property=\"og:site_name\" content=\"dev6 Erresse\" \/>\n<meta property=\"og:image\" content=\"https:\/\/interpim.erresse-shop.it\/Import\/Prodotti\/santos-forno-per-pizza-o-120.jpg\" \/><meta property=\"og:image\" content=\"https:\/\/interpim.erresse-shop.it\/Import\/Prodotti\/santos-forno-per-pizza-o-120.jpg\" \/>\n\t<meta property=\"og:image:width\" content=\"1024\" \/>\n\t<meta property=\"og:image:height\" content=\"1024\" \/>\n\t<meta property=\"og:image:type\" content=\"image\/jpeg\" \/>\n<meta name=\"twitter:card\" content=\"summary_large_image\" \/>\n<meta name=\"twitter:image\" content=\"https:\/\/interpim.erresse-shop.it\/Import\/Prodotti\/santos-forno-per-pizza-o-120.jpg\" \/>\n<script type=\"application\/ld+json\" class=\"yoast-schema-graph\">{\"@context\":\"https:\/\/schema.org\",\"@graph\":[{\"@type\":\"WebPage\",\"@id\":\"https:\/\/dev6.erresse-shop.it\/fr\/shop\/petits-electromenagers\/fours\/santos-four-a-pizza-o-120\/\",\"url\":\"https:\/\/dev6.erresse-shop.it\/fr\/shop\/petits-electromenagers\/fours\/santos-four-a-pizza-o-120\/\",\"name\":\"SANTOS Four \u00e0 pizza O-120 - dev6 Erresse\",\"isPartOf\":{\"@id\":\"https:\/\/dev6.erresse-shop.it\/#website\"},\"primaryImageOfPage\":{\"@id\":\"https:\/\/dev6.erresse-shop.it\/fr\/shop\/petits-electromenagers\/fours\/santos-four-a-pizza-o-120\/#primaryimage\"},\"image\":{\"@id\":\"https:\/\/dev6.erresse-shop.it\/fr\/shop\/petits-electromenagers\/fours\/santos-four-a-pizza-o-120\/#primaryimage\"},\"thumbnailUrl\":\"https:\/\/i2.wp.com\/interpim.erresse-shop.it\/Import\/Prodotti\/santos-forno-per-pizza-o-120.jpg?ssl=1\",\"datePublished\":\"2026-04-12T10:30:20+00:00\",\"description\":\"Le nouveau four \u00e0 pizza SANTOS O-120 noir est le compl\u00e9ment id\u00e9al de votre cuisine ext\u00e9rieure. Avec une puissance de chauffe de 4,4 KW vous pourrez\",\"breadcrumb\":{\"@id\":\"https:\/\/dev6.erresse-shop.it\/fr\/shop\/petits-electromenagers\/fours\/santos-four-a-pizza-o-120\/#breadcrumb\"},\"inLanguage\":\"fr-FR\",\"potentialAction\":[{\"@type\":\"ReadAction\",\"target\":[\"https:\/\/dev6.erresse-shop.it\/fr\/shop\/petits-electromenagers\/fours\/santos-four-a-pizza-o-120\/\"]}]},{\"@type\":\"ImageObject\",\"inLanguage\":\"fr-FR\",\"@id\":\"https:\/\/dev6.erresse-shop.it\/fr\/shop\/petits-electromenagers\/fours\/santos-four-a-pizza-o-120\/#primaryimage\",\"url\":\"https:\/\/i2.wp.com\/interpim.erresse-shop.it\/Import\/Prodotti\/santos-forno-per-pizza-o-120.jpg?ssl=1\",\"contentUrl\":\"https:\/\/i2.wp.com\/interpim.erresse-shop.it\/Import\/Prodotti\/santos-forno-per-pizza-o-120.jpg?ssl=1\"},{\"@type\":\"BreadcrumbList\",\"@id\":\"https:\/\/dev6.erresse-shop.it\/fr\/shop\/petits-electromenagers\/fours\/santos-four-a-pizza-o-120\/#breadcrumb\",\"itemListElement\":[{\"@type\":\"ListItem\",\"position\":1,\"name\":\"Home\",\"item\":\"https:\/\/dev6.erresse-shop.it\/\"},{\"@type\":\"ListItem\",\"position\":2,\"name\":\"Boutique\",\"item\":\"https:\/\/dev6.erresse-shop.it\/shop\/\"},{\"@type\":\"ListItem\",\"position\":3,\"name\":\"SANTOS Four \u00e0 pizza O-120\"}]},{\"@type\":\"WebSite\",\"@id\":\"https:\/\/dev6.erresse-shop.it\/#website\",\"url\":\"https:\/\/dev6.erresse-shop.it\/\",\"name\":\"Erresse Shop\",\"description\":\"\",\"publisher\":{\"@id\":\"https:\/\/dev6.erresse-shop.it\/#organization\"},\"potentialAction\":[{\"@type\":\"SearchAction\",\"target\":{\"@type\":\"EntryPoint\",\"urlTemplate\":\"https:\/\/dev6.erresse-shop.it\/?s={search_term_string}\"},\"query-input\":{\"@type\":\"PropertyValueSpecification\",\"valueRequired\":true,\"valueName\":\"search_term_string\"}}],\"inLanguage\":\"fr-FR\"},{\"@type\":\"Organization\",\"@id\":\"https:\/\/dev6.erresse-shop.it\/#organization\",\"name\":\"Erresse Shop\",\"url\":\"https:\/\/dev6.erresse-shop.it\/\",\"logo\":{\"@type\":\"ImageObject\",\"inLanguage\":\"fr-FR\",\"@id\":\"https:\/\/dev6.erresse-shop.it\/#\/schema\/logo\/image\/\",\"url\":\"https:\/\/dev6.erresse-shop.it\/wp-content\/uploads\/2025\/01\/LOGO-ERRESSE-CLASSICO.svg\",\"contentUrl\":\"https:\/\/dev6.erresse-shop.it\/wp-content\/uploads\/2025\/01\/LOGO-ERRESSE-CLASSICO.svg\",\"caption\":\"Erresse Shop\"},\"image\":{\"@id\":\"https:\/\/dev6.erresse-shop.it\/#\/schema\/logo\/image\/\"}}]}<\/script>\n<!-- \/ Yoast SEO plugin. -->","yoast_head_json":{"title":"SANTOS Four \u00e0 pizza O-120 - dev6 Erresse","description":"Le nouveau four \u00e0 pizza SANTOS O-120 noir est le compl\u00e9ment id\u00e9al de votre cuisine ext\u00e9rieure. Avec une puissance de chauffe de 4,4 KW vous pourrez","robots":{"index":"noindex","follow":"follow","max-snippet":"max-snippet:-1","max-image-preview":"max-image-preview:large","max-video-preview":"max-video-preview:-1"},"og_locale":"fr_FR","og_type":"article","og_title":"SANTOS Four \u00e0 pizza O-120 - dev6 Erresse","og_description":"Le nouveau four \u00e0 pizza SANTOS O-120 noir est le compl\u00e9ment id\u00e9al de votre cuisine ext\u00e9rieure. Avec une puissance de chauffe de 4,4 KW vous pourrez","og_url":"https:\/\/dev6.erresse-shop.it\/fr\/shop\/petits-electromenagers\/fours\/santos-four-a-pizza-o-120\/","og_site_name":"dev6 Erresse","og_image":[{"url":"https:\/\/interpim.erresse-shop.it\/Import\/Prodotti\/santos-forno-per-pizza-o-120.jpg","type":"","width":"","height":""},{"url":"https:\/\/interpim.erresse-shop.it\/Import\/Prodotti\/santos-forno-per-pizza-o-120.jpg","width":1024,"height":1024,"type":"image\/jpeg"}],"twitter_card":"summary_large_image","twitter_image":"https:\/\/interpim.erresse-shop.it\/Import\/Prodotti\/santos-forno-per-pizza-o-120.jpg","schema":{"@context":"https:\/\/schema.org","@graph":[{"@type":"WebPage","@id":"https:\/\/dev6.erresse-shop.it\/fr\/shop\/petits-electromenagers\/fours\/santos-four-a-pizza-o-120\/","url":"https:\/\/dev6.erresse-shop.it\/fr\/shop\/petits-electromenagers\/fours\/santos-four-a-pizza-o-120\/","name":"SANTOS Four \u00e0 pizza O-120 - dev6 Erresse","isPartOf":{"@id":"https:\/\/dev6.erresse-shop.it\/#website"},"primaryImageOfPage":{"@id":"https:\/\/dev6.erresse-shop.it\/fr\/shop\/petits-electromenagers\/fours\/santos-four-a-pizza-o-120\/#primaryimage"},"image":{"@id":"https:\/\/dev6.erresse-shop.it\/fr\/shop\/petits-electromenagers\/fours\/santos-four-a-pizza-o-120\/#primaryimage"},"thumbnailUrl":"https:\/\/i2.wp.com\/interpim.erresse-shop.it\/Import\/Prodotti\/santos-forno-per-pizza-o-120.jpg?ssl=1","datePublished":"2026-04-12T10:30:20+00:00","description":"Le nouveau four \u00e0 pizza SANTOS O-120 noir est le compl\u00e9ment id\u00e9al de votre cuisine ext\u00e9rieure. Avec une puissance de chauffe de 4,4 KW vous pourrez","breadcrumb":{"@id":"https:\/\/dev6.erresse-shop.it\/fr\/shop\/petits-electromenagers\/fours\/santos-four-a-pizza-o-120\/#breadcrumb"},"inLanguage":"fr-FR","potentialAction":[{"@type":"ReadAction","target":["https:\/\/dev6.erresse-shop.it\/fr\/shop\/petits-electromenagers\/fours\/santos-four-a-pizza-o-120\/"]}]},{"@type":"ImageObject","inLanguage":"fr-FR","@id":"https:\/\/dev6.erresse-shop.it\/fr\/shop\/petits-electromenagers\/fours\/santos-four-a-pizza-o-120\/#primaryimage","url":"https:\/\/i2.wp.com\/interpim.erresse-shop.it\/Import\/Prodotti\/santos-forno-per-pizza-o-120.jpg?ssl=1","contentUrl":"https:\/\/i2.wp.com\/interpim.erresse-shop.it\/Import\/Prodotti\/santos-forno-per-pizza-o-120.jpg?ssl=1"},{"@type":"BreadcrumbList","@id":"https:\/\/dev6.erresse-shop.it\/fr\/shop\/petits-electromenagers\/fours\/santos-four-a-pizza-o-120\/#breadcrumb","itemListElement":[{"@type":"ListItem","position":1,"name":"Home","item":"https:\/\/dev6.erresse-shop.it\/"},{"@type":"ListItem","position":2,"name":"Boutique","item":"https:\/\/dev6.erresse-shop.it\/shop\/"},{"@type":"ListItem","position":3,"name":"SANTOS Four \u00e0 pizza O-120"}]},{"@type":"WebSite","@id":"https:\/\/dev6.erresse-shop.it\/#website","url":"https:\/\/dev6.erresse-shop.it\/","name":"Erresse Shop","description":"","publisher":{"@id":"https:\/\/dev6.erresse-shop.it\/#organization"},"potentialAction":[{"@type":"SearchAction","target":{"@type":"EntryPoint","urlTemplate":"https:\/\/dev6.erresse-shop.it\/?s={search_term_string}"},"query-input":{"@type":"PropertyValueSpecification","valueRequired":true,"valueName":"search_term_string"}}],"inLanguage":"fr-FR"},{"@type":"Organization","@id":"https:\/\/dev6.erresse-shop.it\/#organization","name":"Erresse Shop","url":"https:\/\/dev6.erresse-shop.it\/","logo":{"@type":"ImageObject","inLanguage":"fr-FR","@id":"https:\/\/dev6.erresse-shop.it\/#\/schema\/logo\/image\/","url":"https:\/\/dev6.erresse-shop.it\/wp-content\/uploads\/2025\/01\/LOGO-ERRESSE-CLASSICO.svg","contentUrl":"https:\/\/dev6.erresse-shop.it\/wp-content\/uploads\/2025\/01\/LOGO-ERRESSE-CLASSICO.svg","caption":"Erresse Shop"},"image":{"@id":"https:\/\/dev6.erresse-shop.it\/#\/schema\/logo\/image\/"}}]}},"df_price":279,"df_sale_price":279,"df_regular_price":299,"df_image_link":"https:\/\/i2.wp.com\/interpim.erresse-shop.it\/Import\/Prodotti\/santos-forno-per-pizza-o-120.jpg?resize=300,300&ssl=1","fifu_image_url":"https:\/\/interpim.erresse-shop.it\/Import\/Prodotti\/santos-forno-per-pizza-o-120.jpg","_links":{"self":[{"href":"https:\/\/dev6.erresse-shop.it\/fr\/wp-json\/wp\/v2\/product\/1609135","targetHints":{"allow":["GET"]}}],"collection":[{"href":"https:\/\/dev6.erresse-shop.it\/fr\/wp-json\/wp\/v2\/product"}],"about":[{"href":"https:\/\/dev6.erresse-shop.it\/fr\/wp-json\/wp\/v2\/types\/product"}],"wp:featuredmedia":[{"embeddable":true,"href":"https:\/\/dev6.erresse-shop.it\/fr\/wp-json\/wp\/v2\/media\/6373258"}],"wp:attachment":[{"href":"https:\/\/dev6.erresse-shop.it\/fr\/wp-json\/wp\/v2\/media?parent=1609135"}],"wp:term":[{"taxonomy":"product_cat","embeddable":true,"href":"https:\/\/dev6.erresse-shop.it\/fr\/wp-json\/wp\/v2\/product_cat?post=1609135"},{"taxonomy":"product_tag","embeddable":true,"href":"https:\/\/dev6.erresse-shop.it\/fr\/wp-json\/wp\/v2\/product_tag?post=1609135"}],"curies":[{"name":"wp","href":"https:\/\/api.w.org\/{rel}","templated":true}]}}