{"id":1609131,"date":"2026-04-12T12:30:20","date_gmt":"2026-04-12T10:30:20","guid":{"rendered":"https:\/\/dev6.erresse-shop.it\/shop\/non%20class\u00e9\/g3-ferrari-four-a-pizza-pizza-pro-2-minuti\/"},"modified":"2025-09-14T06:17:48","modified_gmt":"2025-09-14T04:17:48","slug":"g3-ferrari-four-a-pizza-pizza-pro-2-minuti","status":"publish","type":"product","link":"https:\/\/dev6.erresse-shop.it\/fr\/shop\/petits-electromenagers\/fours\/g3-ferrari-four-a-pizza-pizza-pro-2-minuti\/","title":{"rendered":"G3 FERRARI Four \u00e0 pizza Pizza Pro 2 Minuti"},"content":{"rendered":"<p>Four \u00e0 pizza<\/p>\n<p>Avec le four \u00e0 pizza Pizza PRO 2 minutes, la perfection de la pizza est \u00e0 port\u00e9e de main.<\/p>\n<p>La combinaison de haute temp\u00e9rature (jusqu\u2019\u00e0 450\u00b0C) et de pierre r\u00e9fractaire assure une cuisson rapide et uniforme, et avec la r\u00e9gulation s\u00e9par\u00e9e de la temp\u00e9rature au-dessus et en dessous, vous avez un contr\u00f4le total sur la cuisson de la pizza, pour obtenir toujours une base parfum\u00e9e et une pizza bien cuite : faites cuire une pizza napolitaine parfaite en seulement 2 minutes !<\/p>\n<p>L\u2019\u00e9cran num\u00e9rique offre une grande polyvalence : il est \u00e9quip\u00e9 de 6 programmes pour cuire tout type de pizza et bien plus encore : de la napolitaine \u00e0 la fine et croustillante, de la pizza \u00e0 la po\u00eale \u00e0 la pizza surgel\u00e9e, ainsi que des recettes DIY.<\/p>\n<p>En plus de la pierre r\u00e9fractaire amovible, une grande pelle en aluminium pour la cuisson et le livre de recettes exclusif du chef napolitain Valerio La Rosa sont inclus.<\/p>\n<p>Le four \u00e0 pizza Pizza PRO 2 minutes est enti\u00e8rement \u00e9lectrique pour cuire \u00e0 la maison des pizzas aussi bonnes que dans une pizzeria, et c\u2019est aussi le meilleur en termes de s\u00e9curit\u00e9 : con\u00e7u avec un syst\u00e8me de refroidissement par ventilation forc\u00e9e et une porte avec une ouverture \u00e0 3 niveaux fen\u00eatre isolante, ses parois sont toujours froides m\u00eame lorsqu\u2019elle est utilis\u00e9e \u00e0 temp\u00e9rature maximale.<\/p>\n<p>Sp\u00e9cifications techniques<\/p>\n<p>Double r\u00e9sistance, sup\u00e9rieure 1200W et inf\u00e9rieure 500W<br \/>\nTemp\u00e9rature 80\u00b0 \u2013 450\u00b0C, Minuterie 60 minutes<br \/>\nAffichage num\u00e9rique avec 6 programmes : manuel, napolitain, fin, po\u00eale, pizza ronde, surgel\u00e9<br \/>\nContr\u00f4le de temp\u00e9rature diff\u00e9renci\u00e9 au-dessus et au-dessous<br \/>\nLampe d\u2019int\u00e9rieur<br \/>\nParois froides avec syst\u00e8me de refroidissement par ventilation forc\u00e9e<br \/>\nPorte avec triple verre borosilicat\u00e9 pour une isolation maximale<br \/>\nAccessoires : pierre r\u00e9fractaire 32\u00d732 cm, pelle en aluminium \u00d830 cm<br \/>\nAlimentation : AC 220-240V ~ 50-60Hz<br \/>\nPuissance : 1600-1850W<br \/>\nDimensions (L x H x P) : 44 x 28,2 x 47,5 cm<br \/>\nPoids : 12,2 kg<\/p>\n<p>Ne pas vendre en dehors de l\u2019Europe<\/p>\n","protected":false},"excerpt":{"rendered":"<p>Four \u00e0 pizza Avec le four \u00e0 pizza Pizza PRO 2 minutes, la perfection de la pizza est \u00e0 port\u00e9e de main. La combinaison de haute temp\u00e9rature (jusqu\u2019\u00e0 450\u00b0C) et de pierre r\u00e9fractaire assure une cuisson rapide et uniforme, et avec la r\u00e9gulation s\u00e9par\u00e9e de la temp\u00e9rature au-dessus et en dessous, vous avez un contr\u00f4le [&hellip;]<\/p>\n","protected":false},"featured_media":6373225,"template":"","meta":{"_acf_changed":false},"product_cat":[12085,12055],"product_tag":[],"class_list":{"0":"post-1609131","1":"product","2":"type-product","3":"status-publish","4":"has-post-thumbnail","6":"product_cat-fours","7":"product_cat-petits-electromenagers","9":"first","10":"instock","11":"sale","12":"taxable","13":"shipping-taxable","14":"purchasable","15":"product-type-simple","swatches":"rey-swatches","show_selected":"","stretch_labels":"rey-swatches--stretch-labels"},"acf":[],"yoast_head":"<!-- This site is optimized with the Yoast SEO plugin v25.4 - https:\/\/yoast.com\/wordpress\/plugins\/seo\/ -->\n<title>G3 FERRARI Four \u00e0 pizza Pizza Pro 2 Minuti - dev6 Erresse<\/title>\n<meta name=\"description\" content=\"Four \u00e0 pizza Avec le four \u00e0 pizza Pizza PRO 2 minutes, la perfection de la pizza est \u00e0 port\u00e9e de main. La combinaison de haute temp\u00e9rature (jusqu\u2019\u00e0 450\u00b0C)\" \/>\n<meta name=\"robots\" content=\"noindex, follow, max-snippet:-1, max-image-preview:large, max-video-preview:-1\" \/>\n<meta property=\"og:locale\" content=\"fr_FR\" \/>\n<meta property=\"og:type\" content=\"article\" \/>\n<meta property=\"og:title\" content=\"G3 FERRARI Four \u00e0 pizza Pizza Pro 2 Minuti - dev6 Erresse\" \/>\n<meta property=\"og:description\" content=\"Four \u00e0 pizza Avec le four \u00e0 pizza Pizza PRO 2 minutes, la perfection de la pizza est \u00e0 port\u00e9e de main. La combinaison de haute temp\u00e9rature (jusqu\u2019\u00e0 450\u00b0C)\" \/>\n<meta property=\"og:url\" content=\"https:\/\/dev6.erresse-shop.it\/fr\/shop\/petits-electromenagers\/fours\/g3-ferrari-four-a-pizza-pizza-pro-2-minuti\/\" \/>\n<meta property=\"og:site_name\" content=\"dev6 Erresse\" \/>\n<meta property=\"og:image\" content=\"https:\/\/interpim.erresse-shop.it\/Import\/Prodotti\/g3-ferrari-forno-pizza-pro-2-minuti.jpg\" \/><meta property=\"og:image\" content=\"https:\/\/interpim.erresse-shop.it\/Import\/Prodotti\/g3-ferrari-forno-pizza-pro-2-minuti.jpg\" \/>\n\t<meta property=\"og:image:width\" content=\"1024\" \/>\n\t<meta property=\"og:image:height\" content=\"1024\" \/>\n\t<meta property=\"og:image:type\" content=\"image\/jpeg\" \/>\n<meta name=\"twitter:card\" content=\"summary_large_image\" \/>\n<meta name=\"twitter:image\" content=\"https:\/\/interpim.erresse-shop.it\/Import\/Prodotti\/g3-ferrari-forno-pizza-pro-2-minuti.jpg\" \/>\n<script type=\"application\/ld+json\" class=\"yoast-schema-graph\">{\"@context\":\"https:\/\/schema.org\",\"@graph\":[{\"@type\":\"WebPage\",\"@id\":\"https:\/\/dev6.erresse-shop.it\/fr\/shop\/petits-electromenagers\/fours\/g3-ferrari-four-a-pizza-pizza-pro-2-minuti\/\",\"url\":\"https:\/\/dev6.erresse-shop.it\/fr\/shop\/petits-electromenagers\/fours\/g3-ferrari-four-a-pizza-pizza-pro-2-minuti\/\",\"name\":\"G3 FERRARI Four \u00e0 pizza Pizza Pro 2 Minuti - dev6 Erresse\",\"isPartOf\":{\"@id\":\"https:\/\/dev6.erresse-shop.it\/#website\"},\"primaryImageOfPage\":{\"@id\":\"https:\/\/dev6.erresse-shop.it\/fr\/shop\/petits-electromenagers\/fours\/g3-ferrari-four-a-pizza-pizza-pro-2-minuti\/#primaryimage\"},\"image\":{\"@id\":\"https:\/\/dev6.erresse-shop.it\/fr\/shop\/petits-electromenagers\/fours\/g3-ferrari-four-a-pizza-pizza-pro-2-minuti\/#primaryimage\"},\"thumbnailUrl\":\"https:\/\/i3.wp.com\/interpim.erresse-shop.it\/Import\/Prodotti\/g3-ferrari-forno-pizza-pro-2-minuti.jpg?ssl=1\",\"datePublished\":\"2026-04-12T10:30:20+00:00\",\"description\":\"Four \u00e0 pizza Avec le four \u00e0 pizza Pizza PRO 2 minutes, la perfection de la pizza est \u00e0 port\u00e9e de main. La combinaison de haute temp\u00e9rature (jusqu\u2019\u00e0 450\u00b0C)\",\"breadcrumb\":{\"@id\":\"https:\/\/dev6.erresse-shop.it\/fr\/shop\/petits-electromenagers\/fours\/g3-ferrari-four-a-pizza-pizza-pro-2-minuti\/#breadcrumb\"},\"inLanguage\":\"fr-FR\",\"potentialAction\":[{\"@type\":\"ReadAction\",\"target\":[\"https:\/\/dev6.erresse-shop.it\/fr\/shop\/petits-electromenagers\/fours\/g3-ferrari-four-a-pizza-pizza-pro-2-minuti\/\"]}]},{\"@type\":\"ImageObject\",\"inLanguage\":\"fr-FR\",\"@id\":\"https:\/\/dev6.erresse-shop.it\/fr\/shop\/petits-electromenagers\/fours\/g3-ferrari-four-a-pizza-pizza-pro-2-minuti\/#primaryimage\",\"url\":\"https:\/\/i3.wp.com\/interpim.erresse-shop.it\/Import\/Prodotti\/g3-ferrari-forno-pizza-pro-2-minuti.jpg?ssl=1\",\"contentUrl\":\"https:\/\/i3.wp.com\/interpim.erresse-shop.it\/Import\/Prodotti\/g3-ferrari-forno-pizza-pro-2-minuti.jpg?ssl=1\"},{\"@type\":\"BreadcrumbList\",\"@id\":\"https:\/\/dev6.erresse-shop.it\/fr\/shop\/petits-electromenagers\/fours\/g3-ferrari-four-a-pizza-pizza-pro-2-minuti\/#breadcrumb\",\"itemListElement\":[{\"@type\":\"ListItem\",\"position\":1,\"name\":\"Home\",\"item\":\"https:\/\/dev6.erresse-shop.it\/\"},{\"@type\":\"ListItem\",\"position\":2,\"name\":\"Boutique\",\"item\":\"https:\/\/dev6.erresse-shop.it\/shop\/\"},{\"@type\":\"ListItem\",\"position\":3,\"name\":\"G3 FERRARI Four \u00e0 pizza Pizza Pro 2 Minuti\"}]},{\"@type\":\"WebSite\",\"@id\":\"https:\/\/dev6.erresse-shop.it\/#website\",\"url\":\"https:\/\/dev6.erresse-shop.it\/\",\"name\":\"Erresse Shop\",\"description\":\"\",\"publisher\":{\"@id\":\"https:\/\/dev6.erresse-shop.it\/#organization\"},\"potentialAction\":[{\"@type\":\"SearchAction\",\"target\":{\"@type\":\"EntryPoint\",\"urlTemplate\":\"https:\/\/dev6.erresse-shop.it\/?s={search_term_string}\"},\"query-input\":{\"@type\":\"PropertyValueSpecification\",\"valueRequired\":true,\"valueName\":\"search_term_string\"}}],\"inLanguage\":\"fr-FR\"},{\"@type\":\"Organization\",\"@id\":\"https:\/\/dev6.erresse-shop.it\/#organization\",\"name\":\"Erresse Shop\",\"url\":\"https:\/\/dev6.erresse-shop.it\/\",\"logo\":{\"@type\":\"ImageObject\",\"inLanguage\":\"fr-FR\",\"@id\":\"https:\/\/dev6.erresse-shop.it\/#\/schema\/logo\/image\/\",\"url\":\"https:\/\/dev6.erresse-shop.it\/wp-content\/uploads\/2025\/01\/LOGO-ERRESSE-CLASSICO.svg\",\"contentUrl\":\"https:\/\/dev6.erresse-shop.it\/wp-content\/uploads\/2025\/01\/LOGO-ERRESSE-CLASSICO.svg\",\"caption\":\"Erresse Shop\"},\"image\":{\"@id\":\"https:\/\/dev6.erresse-shop.it\/#\/schema\/logo\/image\/\"}}]}<\/script>\n<!-- \/ Yoast SEO plugin. -->","yoast_head_json":{"title":"G3 FERRARI Four \u00e0 pizza Pizza Pro 2 Minuti - dev6 Erresse","description":"Four \u00e0 pizza Avec le four \u00e0 pizza Pizza PRO 2 minutes, la perfection de la pizza est \u00e0 port\u00e9e de main. La combinaison de haute temp\u00e9rature (jusqu\u2019\u00e0 450\u00b0C)","robots":{"index":"noindex","follow":"follow","max-snippet":"max-snippet:-1","max-image-preview":"max-image-preview:large","max-video-preview":"max-video-preview:-1"},"og_locale":"fr_FR","og_type":"article","og_title":"G3 FERRARI Four \u00e0 pizza Pizza Pro 2 Minuti - dev6 Erresse","og_description":"Four \u00e0 pizza Avec le four \u00e0 pizza Pizza PRO 2 minutes, la perfection de la pizza est \u00e0 port\u00e9e de main. La combinaison de haute temp\u00e9rature (jusqu\u2019\u00e0 450\u00b0C)","og_url":"https:\/\/dev6.erresse-shop.it\/fr\/shop\/petits-electromenagers\/fours\/g3-ferrari-four-a-pizza-pizza-pro-2-minuti\/","og_site_name":"dev6 Erresse","og_image":[{"url":"https:\/\/interpim.erresse-shop.it\/Import\/Prodotti\/g3-ferrari-forno-pizza-pro-2-minuti.jpg","type":"","width":"","height":""},{"url":"https:\/\/interpim.erresse-shop.it\/Import\/Prodotti\/g3-ferrari-forno-pizza-pro-2-minuti.jpg","width":1024,"height":1024,"type":"image\/jpeg"}],"twitter_card":"summary_large_image","twitter_image":"https:\/\/interpim.erresse-shop.it\/Import\/Prodotti\/g3-ferrari-forno-pizza-pro-2-minuti.jpg","schema":{"@context":"https:\/\/schema.org","@graph":[{"@type":"WebPage","@id":"https:\/\/dev6.erresse-shop.it\/fr\/shop\/petits-electromenagers\/fours\/g3-ferrari-four-a-pizza-pizza-pro-2-minuti\/","url":"https:\/\/dev6.erresse-shop.it\/fr\/shop\/petits-electromenagers\/fours\/g3-ferrari-four-a-pizza-pizza-pro-2-minuti\/","name":"G3 FERRARI Four \u00e0 pizza Pizza Pro 2 Minuti - dev6 Erresse","isPartOf":{"@id":"https:\/\/dev6.erresse-shop.it\/#website"},"primaryImageOfPage":{"@id":"https:\/\/dev6.erresse-shop.it\/fr\/shop\/petits-electromenagers\/fours\/g3-ferrari-four-a-pizza-pizza-pro-2-minuti\/#primaryimage"},"image":{"@id":"https:\/\/dev6.erresse-shop.it\/fr\/shop\/petits-electromenagers\/fours\/g3-ferrari-four-a-pizza-pizza-pro-2-minuti\/#primaryimage"},"thumbnailUrl":"https:\/\/i3.wp.com\/interpim.erresse-shop.it\/Import\/Prodotti\/g3-ferrari-forno-pizza-pro-2-minuti.jpg?ssl=1","datePublished":"2026-04-12T10:30:20+00:00","description":"Four \u00e0 pizza Avec le four \u00e0 pizza Pizza PRO 2 minutes, la perfection de la pizza est \u00e0 port\u00e9e de main. La combinaison de haute temp\u00e9rature (jusqu\u2019\u00e0 450\u00b0C)","breadcrumb":{"@id":"https:\/\/dev6.erresse-shop.it\/fr\/shop\/petits-electromenagers\/fours\/g3-ferrari-four-a-pizza-pizza-pro-2-minuti\/#breadcrumb"},"inLanguage":"fr-FR","potentialAction":[{"@type":"ReadAction","target":["https:\/\/dev6.erresse-shop.it\/fr\/shop\/petits-electromenagers\/fours\/g3-ferrari-four-a-pizza-pizza-pro-2-minuti\/"]}]},{"@type":"ImageObject","inLanguage":"fr-FR","@id":"https:\/\/dev6.erresse-shop.it\/fr\/shop\/petits-electromenagers\/fours\/g3-ferrari-four-a-pizza-pizza-pro-2-minuti\/#primaryimage","url":"https:\/\/i3.wp.com\/interpim.erresse-shop.it\/Import\/Prodotti\/g3-ferrari-forno-pizza-pro-2-minuti.jpg?ssl=1","contentUrl":"https:\/\/i3.wp.com\/interpim.erresse-shop.it\/Import\/Prodotti\/g3-ferrari-forno-pizza-pro-2-minuti.jpg?ssl=1"},{"@type":"BreadcrumbList","@id":"https:\/\/dev6.erresse-shop.it\/fr\/shop\/petits-electromenagers\/fours\/g3-ferrari-four-a-pizza-pizza-pro-2-minuti\/#breadcrumb","itemListElement":[{"@type":"ListItem","position":1,"name":"Home","item":"https:\/\/dev6.erresse-shop.it\/"},{"@type":"ListItem","position":2,"name":"Boutique","item":"https:\/\/dev6.erresse-shop.it\/shop\/"},{"@type":"ListItem","position":3,"name":"G3 FERRARI Four \u00e0 pizza Pizza Pro 2 Minuti"}]},{"@type":"WebSite","@id":"https:\/\/dev6.erresse-shop.it\/#website","url":"https:\/\/dev6.erresse-shop.it\/","name":"Erresse Shop","description":"","publisher":{"@id":"https:\/\/dev6.erresse-shop.it\/#organization"},"potentialAction":[{"@type":"SearchAction","target":{"@type":"EntryPoint","urlTemplate":"https:\/\/dev6.erresse-shop.it\/?s={search_term_string}"},"query-input":{"@type":"PropertyValueSpecification","valueRequired":true,"valueName":"search_term_string"}}],"inLanguage":"fr-FR"},{"@type":"Organization","@id":"https:\/\/dev6.erresse-shop.it\/#organization","name":"Erresse Shop","url":"https:\/\/dev6.erresse-shop.it\/","logo":{"@type":"ImageObject","inLanguage":"fr-FR","@id":"https:\/\/dev6.erresse-shop.it\/#\/schema\/logo\/image\/","url":"https:\/\/dev6.erresse-shop.it\/wp-content\/uploads\/2025\/01\/LOGO-ERRESSE-CLASSICO.svg","contentUrl":"https:\/\/dev6.erresse-shop.it\/wp-content\/uploads\/2025\/01\/LOGO-ERRESSE-CLASSICO.svg","caption":"Erresse Shop"},"image":{"@id":"https:\/\/dev6.erresse-shop.it\/#\/schema\/logo\/image\/"}}]}},"df_price":209.95,"df_sale_price":209.95,"df_regular_price":249,"df_image_link":"https:\/\/i3.wp.com\/interpim.erresse-shop.it\/Import\/Prodotti\/g3-ferrari-forno-pizza-pro-2-minuti.jpg?resize=300,300&ssl=1","fifu_image_url":"https:\/\/interpim.erresse-shop.it\/Import\/Prodotti\/g3-ferrari-forno-pizza-pro-2-minuti.jpg","_links":{"self":[{"href":"https:\/\/dev6.erresse-shop.it\/fr\/wp-json\/wp\/v2\/product\/1609131","targetHints":{"allow":["GET"]}}],"collection":[{"href":"https:\/\/dev6.erresse-shop.it\/fr\/wp-json\/wp\/v2\/product"}],"about":[{"href":"https:\/\/dev6.erresse-shop.it\/fr\/wp-json\/wp\/v2\/types\/product"}],"wp:featuredmedia":[{"embeddable":true,"href":"https:\/\/dev6.erresse-shop.it\/fr\/wp-json\/wp\/v2\/media\/6373225"}],"wp:attachment":[{"href":"https:\/\/dev6.erresse-shop.it\/fr\/wp-json\/wp\/v2\/media?parent=1609131"}],"wp:term":[{"taxonomy":"product_cat","embeddable":true,"href":"https:\/\/dev6.erresse-shop.it\/fr\/wp-json\/wp\/v2\/product_cat?post=1609131"},{"taxonomy":"product_tag","embeddable":true,"href":"https:\/\/dev6.erresse-shop.it\/fr\/wp-json\/wp\/v2\/product_tag?post=1609131"}],"curies":[{"name":"wp","href":"https:\/\/api.w.org\/{rel}","templated":true}]}}