{"id":1609123,"date":"2026-04-10T13:08:50","date_gmt":"2026-04-10T11:08:50","guid":{"rendered":"https:\/\/dev6.erresse-shop.it\/shop\/non%20class\u00e9\/berkel-couteau-de-cuisine-adhoc-20-cm-noir\/"},"modified":"2025-07-04T19:07:08","modified_gmt":"2025-07-04T17:07:08","slug":"berkel-couteau-de-cuisine-adhoc-20-cm-noir","status":"publish","type":"product","link":"https:\/\/dev6.erresse-shop.it\/fr\/shop\/cuisine\/couteaux\/couteaux-de-cuisine\/berkel-couteau-de-cuisine-adhoc-20-cm-noir\/","title":{"rendered":"BERKEL Couteau de cuisine Adhoc 20 cm Noir"},"content":{"rendered":"<p>Le couteau de qualit\u00e9 professionnelle pour votre cuisine<\/p>\n<p>Gr\u00e2ce \u00e0 sa pointe et sa lame mi-longue, ce couteau est indispensable en cuisine pour couper et \u00e9mincer viandes, poissons, fruits ou l\u00e9gumes.<\/p>\n<p>CARACT\u00c9RISTIQUES<\/p>\n<p>Le couteau de cuisine de la ligne Adhoc Berkel, gr\u00e2ce \u00e0 sa pointe et sa lame de longueur moyenne, est un outil indispensable en cuisine pour couper et hacher de la viande, du poisson, des fruits ou des l\u00e9gumes. Couteau de qualit\u00e9 professionnelle en acier inoxydable, strictement fabriqu\u00e9 en Italie, dot\u00e9 d\u2019un manche noir avec rivets. Parfait pour pr\u00e9parer des recettes gourmandes, en travaillant les ingr\u00e9dients avec une coupe pr\u00e9cise et uniforme.<\/p>\n<p>Lame en acier au chrome-molybd\u00e8ne-vanadium 1.4116-X50 Cr Mo V15 de haute qualit\u00e9<br \/>\nLame d\u00e9coup\u00e9e au laser<br \/>\nPoign\u00e9e compos\u00e9e de joues en r\u00e9sine assembl\u00e9es avec des rivets en acier AISI 304 sans rainures pour \u00e9viter l\u2019accumulation de r\u00e9sidus<br \/>\nNoeud en acier pour assurer une adh\u00e9rence maximale entre la lame et le manche et un \u00e9quilibre parfait du couteau pendant l\u2019utilisation<br \/>\nLogo Berkel grav\u00e9 sur la lame<\/p>\n<p>Poids : 314 gr<br \/>\nMat\u00e9riau de la lame\u00a0: acier inoxydable 1.4116-X50 Cr Mo V15\u00a0; Duret\u00e9 apr\u00e8s T.T : 53-54 HRC ; Carte : Bonne ; Rivets : Acier AISI 304<br \/>\nGrip : poign\u00e9es en r\u00e9sine assembl\u00e9es par rivets<br \/>\nUtilisation et entretien : Nous recommandons fortement le lavage \u00e0 la main \u00e0 l\u2019eau chaude pour garantir l\u2019int\u00e9grit\u00e9 du produit et sa durabilit\u00e9 dans le temps. Dans tous les cas, il est recommand\u00e9 de s\u00e9cher le couteau apr\u00e8s chaque lavage. N\u2019utilisez pas de chiffons ou d\u2019\u00e9ponges abrasives.<\/p>\n","protected":false},"excerpt":{"rendered":"<p>Le couteau de qualit\u00e9 professionnelle pour votre cuisine Gr\u00e2ce \u00e0 sa pointe et sa lame mi-longue, ce couteau est indispensable en cuisine pour couper et \u00e9mincer viandes, poissons, fruits ou l\u00e9gumes. CARACT\u00c9RISTIQUES Le couteau de cuisine de la ligne Adhoc Berkel, gr\u00e2ce \u00e0 sa pointe et sa lame de longueur moyenne, est un outil indispensable [&hellip;]<\/p>\n","protected":false},"featured_media":6331566,"template":"","meta":{"_acf_changed":false},"product_cat":[11997],"product_tag":[],"class_list":{"0":"post-1609123","1":"product","2":"type-product","3":"status-publish","4":"has-post-thumbnail","6":"product_cat-couteaux-de-cuisine","8":"first","9":"instock","10":"sale","11":"taxable","12":"shipping-taxable","13":"purchasable","14":"product-type-simple","swatches":"rey-swatches","show_selected":"","stretch_labels":"rey-swatches--stretch-labels"},"acf":[],"yoast_head":"<!-- This site is optimized with the Yoast SEO plugin v25.4 - https:\/\/yoast.com\/wordpress\/plugins\/seo\/ -->\n<title>BERKEL Couteau de cuisine Adhoc 20 cm Noir - dev6 Erresse<\/title>\n<meta name=\"description\" content=\"Le couteau de qualit\u00e9 professionnelle pour votre cuisine Gr\u00e2ce \u00e0 sa pointe et sa lame mi-longue, ce couteau est indispensable en cuisine pour couper et\" \/>\n<meta name=\"robots\" content=\"noindex, follow, max-snippet:-1, max-image-preview:large, max-video-preview:-1\" \/>\n<meta property=\"og:locale\" content=\"fr_FR\" \/>\n<meta property=\"og:type\" content=\"article\" \/>\n<meta property=\"og:title\" content=\"BERKEL Couteau de cuisine Adhoc 20 cm Noir - dev6 Erresse\" \/>\n<meta property=\"og:description\" content=\"Le couteau de qualit\u00e9 professionnelle pour votre cuisine Gr\u00e2ce \u00e0 sa pointe et sa lame mi-longue, ce couteau est indispensable en cuisine pour couper et\" \/>\n<meta property=\"og:url\" content=\"https:\/\/dev6.erresse-shop.it\/fr\/shop\/cuisine\/couteaux\/couteaux-de-cuisine\/berkel-couteau-de-cuisine-adhoc-20-cm-noir\/\" \/>\n<meta property=\"og:site_name\" content=\"dev6 Erresse\" \/>\n<meta property=\"og:image\" content=\"https:\/\/interpim.erresse-shop.it\/Import\/Prodotti\/berkel-coltello-da-cucina-adhoc-20-cm-nero.jpg\" \/><meta property=\"og:image\" content=\"https:\/\/interpim.erresse-shop.it\/Import\/Prodotti\/berkel-coltello-da-cucina-adhoc-20-cm-nero.jpg\" \/>\n\t<meta property=\"og:image:width\" content=\"1024\" \/>\n\t<meta property=\"og:image:height\" content=\"1024\" \/>\n\t<meta property=\"og:image:type\" content=\"image\/jpeg\" \/>\n<meta name=\"twitter:card\" content=\"summary_large_image\" \/>\n<meta name=\"twitter:image\" content=\"https:\/\/interpim.erresse-shop.it\/Import\/Prodotti\/berkel-coltello-da-cucina-adhoc-20-cm-nero.jpg\" \/>\n<script type=\"application\/ld+json\" class=\"yoast-schema-graph\">{\"@context\":\"https:\/\/schema.org\",\"@graph\":[{\"@type\":\"WebPage\",\"@id\":\"https:\/\/dev6.erresse-shop.it\/fr\/shop\/cuisine\/couteaux\/couteaux-de-cuisine\/berkel-couteau-de-cuisine-adhoc-20-cm-noir\/\",\"url\":\"https:\/\/dev6.erresse-shop.it\/fr\/shop\/cuisine\/couteaux\/couteaux-de-cuisine\/berkel-couteau-de-cuisine-adhoc-20-cm-noir\/\",\"name\":\"BERKEL Couteau de cuisine Adhoc 20 cm Noir - dev6 Erresse\",\"isPartOf\":{\"@id\":\"https:\/\/dev6.erresse-shop.it\/#website\"},\"primaryImageOfPage\":{\"@id\":\"https:\/\/dev6.erresse-shop.it\/fr\/shop\/cuisine\/couteaux\/couteaux-de-cuisine\/berkel-couteau-de-cuisine-adhoc-20-cm-noir\/#primaryimage\"},\"image\":{\"@id\":\"https:\/\/dev6.erresse-shop.it\/fr\/shop\/cuisine\/couteaux\/couteaux-de-cuisine\/berkel-couteau-de-cuisine-adhoc-20-cm-noir\/#primaryimage\"},\"thumbnailUrl\":\"https:\/\/i1.wp.com\/interpim.erresse-shop.it\/Import\/Prodotti\/berkel-coltello-da-cucina-adhoc-20-cm-nero.jpg?ssl=1\",\"datePublished\":\"2026-04-10T11:08:50+00:00\",\"description\":\"Le couteau de qualit\u00e9 professionnelle pour votre cuisine Gr\u00e2ce \u00e0 sa pointe et sa lame mi-longue, ce couteau est indispensable en cuisine pour couper et\",\"breadcrumb\":{\"@id\":\"https:\/\/dev6.erresse-shop.it\/fr\/shop\/cuisine\/couteaux\/couteaux-de-cuisine\/berkel-couteau-de-cuisine-adhoc-20-cm-noir\/#breadcrumb\"},\"inLanguage\":\"fr-FR\",\"potentialAction\":[{\"@type\":\"ReadAction\",\"target\":[\"https:\/\/dev6.erresse-shop.it\/fr\/shop\/cuisine\/couteaux\/couteaux-de-cuisine\/berkel-couteau-de-cuisine-adhoc-20-cm-noir\/\"]}]},{\"@type\":\"ImageObject\",\"inLanguage\":\"fr-FR\",\"@id\":\"https:\/\/dev6.erresse-shop.it\/fr\/shop\/cuisine\/couteaux\/couteaux-de-cuisine\/berkel-couteau-de-cuisine-adhoc-20-cm-noir\/#primaryimage\",\"url\":\"https:\/\/i1.wp.com\/interpim.erresse-shop.it\/Import\/Prodotti\/berkel-coltello-da-cucina-adhoc-20-cm-nero.jpg?ssl=1\",\"contentUrl\":\"https:\/\/i1.wp.com\/interpim.erresse-shop.it\/Import\/Prodotti\/berkel-coltello-da-cucina-adhoc-20-cm-nero.jpg?ssl=1\"},{\"@type\":\"BreadcrumbList\",\"@id\":\"https:\/\/dev6.erresse-shop.it\/fr\/shop\/cuisine\/couteaux\/couteaux-de-cuisine\/berkel-couteau-de-cuisine-adhoc-20-cm-noir\/#breadcrumb\",\"itemListElement\":[{\"@type\":\"ListItem\",\"position\":1,\"name\":\"Home\",\"item\":\"https:\/\/dev6.erresse-shop.it\/\"},{\"@type\":\"ListItem\",\"position\":2,\"name\":\"Boutique\",\"item\":\"https:\/\/dev6.erresse-shop.it\/shop\/\"},{\"@type\":\"ListItem\",\"position\":3,\"name\":\"BERKEL Couteau de cuisine Adhoc 20 cm Noir\"}]},{\"@type\":\"WebSite\",\"@id\":\"https:\/\/dev6.erresse-shop.it\/#website\",\"url\":\"https:\/\/dev6.erresse-shop.it\/\",\"name\":\"Erresse Shop\",\"description\":\"\",\"publisher\":{\"@id\":\"https:\/\/dev6.erresse-shop.it\/#organization\"},\"potentialAction\":[{\"@type\":\"SearchAction\",\"target\":{\"@type\":\"EntryPoint\",\"urlTemplate\":\"https:\/\/dev6.erresse-shop.it\/?s={search_term_string}\"},\"query-input\":{\"@type\":\"PropertyValueSpecification\",\"valueRequired\":true,\"valueName\":\"search_term_string\"}}],\"inLanguage\":\"fr-FR\"},{\"@type\":\"Organization\",\"@id\":\"https:\/\/dev6.erresse-shop.it\/#organization\",\"name\":\"Erresse Shop\",\"url\":\"https:\/\/dev6.erresse-shop.it\/\",\"logo\":{\"@type\":\"ImageObject\",\"inLanguage\":\"fr-FR\",\"@id\":\"https:\/\/dev6.erresse-shop.it\/#\/schema\/logo\/image\/\",\"url\":\"https:\/\/dev6.erresse-shop.it\/wp-content\/uploads\/2025\/01\/LOGO-ERRESSE-CLASSICO.svg\",\"contentUrl\":\"https:\/\/dev6.erresse-shop.it\/wp-content\/uploads\/2025\/01\/LOGO-ERRESSE-CLASSICO.svg\",\"caption\":\"Erresse Shop\"},\"image\":{\"@id\":\"https:\/\/dev6.erresse-shop.it\/#\/schema\/logo\/image\/\"}}]}<\/script>\n<!-- \/ Yoast SEO plugin. -->","yoast_head_json":{"title":"BERKEL Couteau de cuisine Adhoc 20 cm Noir - dev6 Erresse","description":"Le couteau de qualit\u00e9 professionnelle pour votre cuisine Gr\u00e2ce \u00e0 sa pointe et sa lame mi-longue, ce couteau est indispensable en cuisine pour couper et","robots":{"index":"noindex","follow":"follow","max-snippet":"max-snippet:-1","max-image-preview":"max-image-preview:large","max-video-preview":"max-video-preview:-1"},"og_locale":"fr_FR","og_type":"article","og_title":"BERKEL Couteau de cuisine Adhoc 20 cm Noir - dev6 Erresse","og_description":"Le couteau de qualit\u00e9 professionnelle pour votre cuisine Gr\u00e2ce \u00e0 sa pointe et sa lame mi-longue, ce couteau est indispensable en cuisine pour couper et","og_url":"https:\/\/dev6.erresse-shop.it\/fr\/shop\/cuisine\/couteaux\/couteaux-de-cuisine\/berkel-couteau-de-cuisine-adhoc-20-cm-noir\/","og_site_name":"dev6 Erresse","og_image":[{"url":"https:\/\/interpim.erresse-shop.it\/Import\/Prodotti\/berkel-coltello-da-cucina-adhoc-20-cm-nero.jpg","type":"","width":"","height":""},{"url":"https:\/\/interpim.erresse-shop.it\/Import\/Prodotti\/berkel-coltello-da-cucina-adhoc-20-cm-nero.jpg","width":1024,"height":1024,"type":"image\/jpeg"}],"twitter_card":"summary_large_image","twitter_image":"https:\/\/interpim.erresse-shop.it\/Import\/Prodotti\/berkel-coltello-da-cucina-adhoc-20-cm-nero.jpg","schema":{"@context":"https:\/\/schema.org","@graph":[{"@type":"WebPage","@id":"https:\/\/dev6.erresse-shop.it\/fr\/shop\/cuisine\/couteaux\/couteaux-de-cuisine\/berkel-couteau-de-cuisine-adhoc-20-cm-noir\/","url":"https:\/\/dev6.erresse-shop.it\/fr\/shop\/cuisine\/couteaux\/couteaux-de-cuisine\/berkel-couteau-de-cuisine-adhoc-20-cm-noir\/","name":"BERKEL Couteau de cuisine Adhoc 20 cm Noir - dev6 Erresse","isPartOf":{"@id":"https:\/\/dev6.erresse-shop.it\/#website"},"primaryImageOfPage":{"@id":"https:\/\/dev6.erresse-shop.it\/fr\/shop\/cuisine\/couteaux\/couteaux-de-cuisine\/berkel-couteau-de-cuisine-adhoc-20-cm-noir\/#primaryimage"},"image":{"@id":"https:\/\/dev6.erresse-shop.it\/fr\/shop\/cuisine\/couteaux\/couteaux-de-cuisine\/berkel-couteau-de-cuisine-adhoc-20-cm-noir\/#primaryimage"},"thumbnailUrl":"https:\/\/i1.wp.com\/interpim.erresse-shop.it\/Import\/Prodotti\/berkel-coltello-da-cucina-adhoc-20-cm-nero.jpg?ssl=1","datePublished":"2026-04-10T11:08:50+00:00","description":"Le couteau de qualit\u00e9 professionnelle pour votre cuisine Gr\u00e2ce \u00e0 sa pointe et sa lame mi-longue, ce couteau est indispensable en cuisine pour couper et","breadcrumb":{"@id":"https:\/\/dev6.erresse-shop.it\/fr\/shop\/cuisine\/couteaux\/couteaux-de-cuisine\/berkel-couteau-de-cuisine-adhoc-20-cm-noir\/#breadcrumb"},"inLanguage":"fr-FR","potentialAction":[{"@type":"ReadAction","target":["https:\/\/dev6.erresse-shop.it\/fr\/shop\/cuisine\/couteaux\/couteaux-de-cuisine\/berkel-couteau-de-cuisine-adhoc-20-cm-noir\/"]}]},{"@type":"ImageObject","inLanguage":"fr-FR","@id":"https:\/\/dev6.erresse-shop.it\/fr\/shop\/cuisine\/couteaux\/couteaux-de-cuisine\/berkel-couteau-de-cuisine-adhoc-20-cm-noir\/#primaryimage","url":"https:\/\/i1.wp.com\/interpim.erresse-shop.it\/Import\/Prodotti\/berkel-coltello-da-cucina-adhoc-20-cm-nero.jpg?ssl=1","contentUrl":"https:\/\/i1.wp.com\/interpim.erresse-shop.it\/Import\/Prodotti\/berkel-coltello-da-cucina-adhoc-20-cm-nero.jpg?ssl=1"},{"@type":"BreadcrumbList","@id":"https:\/\/dev6.erresse-shop.it\/fr\/shop\/cuisine\/couteaux\/couteaux-de-cuisine\/berkel-couteau-de-cuisine-adhoc-20-cm-noir\/#breadcrumb","itemListElement":[{"@type":"ListItem","position":1,"name":"Home","item":"https:\/\/dev6.erresse-shop.it\/"},{"@type":"ListItem","position":2,"name":"Boutique","item":"https:\/\/dev6.erresse-shop.it\/shop\/"},{"@type":"ListItem","position":3,"name":"BERKEL Couteau de cuisine Adhoc 20 cm Noir"}]},{"@type":"WebSite","@id":"https:\/\/dev6.erresse-shop.it\/#website","url":"https:\/\/dev6.erresse-shop.it\/","name":"Erresse Shop","description":"","publisher":{"@id":"https:\/\/dev6.erresse-shop.it\/#organization"},"potentialAction":[{"@type":"SearchAction","target":{"@type":"EntryPoint","urlTemplate":"https:\/\/dev6.erresse-shop.it\/?s={search_term_string}"},"query-input":{"@type":"PropertyValueSpecification","valueRequired":true,"valueName":"search_term_string"}}],"inLanguage":"fr-FR"},{"@type":"Organization","@id":"https:\/\/dev6.erresse-shop.it\/#organization","name":"Erresse Shop","url":"https:\/\/dev6.erresse-shop.it\/","logo":{"@type":"ImageObject","inLanguage":"fr-FR","@id":"https:\/\/dev6.erresse-shop.it\/#\/schema\/logo\/image\/","url":"https:\/\/dev6.erresse-shop.it\/wp-content\/uploads\/2025\/01\/LOGO-ERRESSE-CLASSICO.svg","contentUrl":"https:\/\/dev6.erresse-shop.it\/wp-content\/uploads\/2025\/01\/LOGO-ERRESSE-CLASSICO.svg","caption":"Erresse Shop"},"image":{"@id":"https:\/\/dev6.erresse-shop.it\/#\/schema\/logo\/image\/"}}]}},"df_price":54,"df_sale_price":54,"df_regular_price":59,"df_image_link":"https:\/\/i1.wp.com\/interpim.erresse-shop.it\/Import\/Prodotti\/berkel-coltello-da-cucina-adhoc-20-cm-nero.jpg?resize=300,300&ssl=1","fifu_image_url":"https:\/\/interpim.erresse-shop.it\/Import\/Prodotti\/berkel-coltello-da-cucina-adhoc-20-cm-nero.jpg","_links":{"self":[{"href":"https:\/\/dev6.erresse-shop.it\/fr\/wp-json\/wp\/v2\/product\/1609123","targetHints":{"allow":["GET"]}}],"collection":[{"href":"https:\/\/dev6.erresse-shop.it\/fr\/wp-json\/wp\/v2\/product"}],"about":[{"href":"https:\/\/dev6.erresse-shop.it\/fr\/wp-json\/wp\/v2\/types\/product"}],"wp:featuredmedia":[{"embeddable":true,"href":"https:\/\/dev6.erresse-shop.it\/fr\/wp-json\/wp\/v2\/media\/6331566"}],"wp:attachment":[{"href":"https:\/\/dev6.erresse-shop.it\/fr\/wp-json\/wp\/v2\/media?parent=1609123"}],"wp:term":[{"taxonomy":"product_cat","embeddable":true,"href":"https:\/\/dev6.erresse-shop.it\/fr\/wp-json\/wp\/v2\/product_cat?post=1609123"},{"taxonomy":"product_tag","embeddable":true,"href":"https:\/\/dev6.erresse-shop.it\/fr\/wp-json\/wp\/v2\/product_tag?post=1609123"}],"curies":[{"name":"wp","href":"https:\/\/api.w.org\/{rel}","templated":true}]}}