{"id":1609121,"date":"2026-04-12T12:30:20","date_gmt":"2026-04-12T10:30:20","guid":{"rendered":"https:\/\/dev6.erresse-shop.it\/shop\/non%20class\u00e9\/berkel-couteau-a-desosser-adhoc-black-16-cm\/"},"modified":"2025-09-14T06:17:40","modified_gmt":"2025-09-14T04:17:40","slug":"berkel-couteau-a-desosser-adhoc-black-16-cm","status":"publish","type":"product","link":"https:\/\/dev6.erresse-shop.it\/fr\/shop\/cuisine\/couteaux\/couteaux-de-cuisine\/berkel-couteau-a-desosser-adhoc-black-16-cm\/","title":{"rendered":"BERKEL Couteau \u00e0 d\u00e9sosser Adhoc Black 16 cm"},"content":{"rendered":"<p>Le couteau pour une boucherie facile<\/p>\n<p>Couteau court et maniable. Id\u00e9al pour enlever la peau, la couenne, les os et les r\u00e9sidus de graisse des morceaux de viande de taille moyenne. Gr\u00e2ce au talon prononc\u00e9, il prot\u00e8ge la main.<\/p>\n<p>CARACT\u00c9RISTIQUES<\/p>\n<p>Lame en acier au chrome-molybd\u00e8ne-vanadium 1.4116-X50 Cr Mo V15 de haute qualit\u00e9<br \/>\nLame d\u00e9coup\u00e9e au laser<br \/>\nPoign\u00e9e compos\u00e9e de joues en r\u00e9sine assembl\u00e9es avec des rivets en acier AISI 304 sans rainures pour \u00e9viter l\u2019accumulation de r\u00e9sidus<br \/>\nNoeud en acier pour assurer une adh\u00e9rence maximale entre la lame et le manche et un \u00e9quilibre parfait du couteau pendant l\u2019utilisation<br \/>\nLogo Berkel grav\u00e9 sur la lame<\/p>\n<p>Poids : 235 gr<br \/>\nMat\u00e9riau de la lame\u00a0: acier inoxydable 1.4116-X50 Cr Mo V15\u00a0; Duret\u00e9 apr\u00e8s T.T : 53-54 HRC ; Carte : Bonne ; Rivets : Acier AISI 304<br \/>\nGrip : poign\u00e9es en r\u00e9sine assembl\u00e9es par rivets<br \/>\nUtilisation et entretien : Nous recommandons fortement le lavage \u00e0 la main \u00e0 l\u2019eau chaude pour garantir l\u2019int\u00e9grit\u00e9 du produit et sa durabilit\u00e9 dans le temps. Dans tous les cas, il est recommand\u00e9 de s\u00e9cher le couteau apr\u00e8s chaque lavage. N\u2019utilisez pas de chiffons ou d\u2019\u00e9ponges abrasives.<\/p>\n","protected":false},"excerpt":{"rendered":"<p>Le couteau pour une boucherie facile Couteau court et maniable. Id\u00e9al pour enlever la peau, la couenne, les os et les r\u00e9sidus de graisse des morceaux de viande de taille moyenne. Gr\u00e2ce au talon prononc\u00e9, il prot\u00e8ge la main. CARACT\u00c9RISTIQUES Lame en acier au chrome-molybd\u00e8ne-vanadium 1.4116-X50 Cr Mo V15 de haute qualit\u00e9 Lame d\u00e9coup\u00e9e au [&hellip;]<\/p>\n","protected":false},"featured_media":6373195,"template":"","meta":{"_acf_changed":false},"product_cat":[11997],"product_tag":[],"class_list":{"0":"post-1609121","1":"product","2":"type-product","3":"status-publish","4":"has-post-thumbnail","6":"product_cat-couteaux-de-cuisine","8":"first","9":"instock","10":"taxable","11":"shipping-taxable","12":"purchasable","13":"product-type-simple","swatches":"rey-swatches","show_selected":"","stretch_labels":"rey-swatches--stretch-labels"},"acf":[],"yoast_head":"<!-- This site is optimized with the Yoast SEO plugin v25.4 - https:\/\/yoast.com\/wordpress\/plugins\/seo\/ -->\n<title>BERKEL Couteau \u00e0 d\u00e9sosser Adhoc Black 16 cm - dev6 Erresse<\/title>\n<meta name=\"description\" content=\"Le couteau pour une boucherie facile Couteau court et maniable. Id\u00e9al pour enlever la peau, la couenne, les os et les r\u00e9sidus de graisse des morceaux de\" \/>\n<meta name=\"robots\" content=\"noindex, follow, max-snippet:-1, max-image-preview:large, max-video-preview:-1\" \/>\n<meta property=\"og:locale\" content=\"fr_FR\" \/>\n<meta property=\"og:type\" content=\"article\" \/>\n<meta property=\"og:title\" content=\"BERKEL Couteau \u00e0 d\u00e9sosser Adhoc Black 16 cm - dev6 Erresse\" \/>\n<meta property=\"og:description\" content=\"Le couteau pour une boucherie facile Couteau court et maniable. Id\u00e9al pour enlever la peau, la couenne, les os et les r\u00e9sidus de graisse des morceaux de\" \/>\n<meta property=\"og:url\" content=\"https:\/\/dev6.erresse-shop.it\/fr\/shop\/cuisine\/couteaux\/couteaux-de-cuisine\/berkel-couteau-a-desosser-adhoc-black-16-cm\/\" \/>\n<meta property=\"og:site_name\" content=\"dev6 Erresse\" \/>\n<meta property=\"og:image\" content=\"https:\/\/interpim.erresse-shop.it\/Import\/Prodotti\/berkel-coltello-disosso-adhoc-nero-16-cm.jpg\" \/><meta property=\"og:image\" content=\"https:\/\/interpim.erresse-shop.it\/Import\/Prodotti\/berkel-coltello-disosso-adhoc-nero-16-cm.jpg\" \/>\n\t<meta property=\"og:image:width\" content=\"1024\" \/>\n\t<meta property=\"og:image:height\" content=\"1024\" \/>\n\t<meta property=\"og:image:type\" content=\"image\/jpeg\" \/>\n<meta name=\"twitter:card\" content=\"summary_large_image\" \/>\n<meta name=\"twitter:image\" content=\"https:\/\/interpim.erresse-shop.it\/Import\/Prodotti\/berkel-coltello-disosso-adhoc-nero-16-cm.jpg\" \/>\n<script type=\"application\/ld+json\" class=\"yoast-schema-graph\">{\"@context\":\"https:\/\/schema.org\",\"@graph\":[{\"@type\":\"WebPage\",\"@id\":\"https:\/\/dev6.erresse-shop.it\/fr\/shop\/cuisine\/couteaux\/couteaux-de-cuisine\/berkel-couteau-a-desosser-adhoc-black-16-cm\/\",\"url\":\"https:\/\/dev6.erresse-shop.it\/fr\/shop\/cuisine\/couteaux\/couteaux-de-cuisine\/berkel-couteau-a-desosser-adhoc-black-16-cm\/\",\"name\":\"BERKEL Couteau \u00e0 d\u00e9sosser Adhoc Black 16 cm - dev6 Erresse\",\"isPartOf\":{\"@id\":\"https:\/\/dev6.erresse-shop.it\/#website\"},\"primaryImageOfPage\":{\"@id\":\"https:\/\/dev6.erresse-shop.it\/fr\/shop\/cuisine\/couteaux\/couteaux-de-cuisine\/berkel-couteau-a-desosser-adhoc-black-16-cm\/#primaryimage\"},\"image\":{\"@id\":\"https:\/\/dev6.erresse-shop.it\/fr\/shop\/cuisine\/couteaux\/couteaux-de-cuisine\/berkel-couteau-a-desosser-adhoc-black-16-cm\/#primaryimage\"},\"thumbnailUrl\":\"https:\/\/i2.wp.com\/interpim.erresse-shop.it\/Import\/Prodotti\/berkel-coltello-disosso-adhoc-nero-16-cm.jpg?ssl=1\",\"datePublished\":\"2026-04-12T10:30:20+00:00\",\"description\":\"Le couteau pour une boucherie facile Couteau court et maniable. Id\u00e9al pour enlever la peau, la couenne, les os et les r\u00e9sidus de graisse des morceaux de\",\"breadcrumb\":{\"@id\":\"https:\/\/dev6.erresse-shop.it\/fr\/shop\/cuisine\/couteaux\/couteaux-de-cuisine\/berkel-couteau-a-desosser-adhoc-black-16-cm\/#breadcrumb\"},\"inLanguage\":\"fr-FR\",\"potentialAction\":[{\"@type\":\"ReadAction\",\"target\":[\"https:\/\/dev6.erresse-shop.it\/fr\/shop\/cuisine\/couteaux\/couteaux-de-cuisine\/berkel-couteau-a-desosser-adhoc-black-16-cm\/\"]}]},{\"@type\":\"ImageObject\",\"inLanguage\":\"fr-FR\",\"@id\":\"https:\/\/dev6.erresse-shop.it\/fr\/shop\/cuisine\/couteaux\/couteaux-de-cuisine\/berkel-couteau-a-desosser-adhoc-black-16-cm\/#primaryimage\",\"url\":\"https:\/\/i2.wp.com\/interpim.erresse-shop.it\/Import\/Prodotti\/berkel-coltello-disosso-adhoc-nero-16-cm.jpg?ssl=1\",\"contentUrl\":\"https:\/\/i2.wp.com\/interpim.erresse-shop.it\/Import\/Prodotti\/berkel-coltello-disosso-adhoc-nero-16-cm.jpg?ssl=1\"},{\"@type\":\"BreadcrumbList\",\"@id\":\"https:\/\/dev6.erresse-shop.it\/fr\/shop\/cuisine\/couteaux\/couteaux-de-cuisine\/berkel-couteau-a-desosser-adhoc-black-16-cm\/#breadcrumb\",\"itemListElement\":[{\"@type\":\"ListItem\",\"position\":1,\"name\":\"Home\",\"item\":\"https:\/\/dev6.erresse-shop.it\/\"},{\"@type\":\"ListItem\",\"position\":2,\"name\":\"Boutique\",\"item\":\"https:\/\/dev6.erresse-shop.it\/shop\/\"},{\"@type\":\"ListItem\",\"position\":3,\"name\":\"BERKEL Couteau \u00e0 d\u00e9sosser Adhoc Black 16 cm\"}]},{\"@type\":\"WebSite\",\"@id\":\"https:\/\/dev6.erresse-shop.it\/#website\",\"url\":\"https:\/\/dev6.erresse-shop.it\/\",\"name\":\"Erresse Shop\",\"description\":\"\",\"publisher\":{\"@id\":\"https:\/\/dev6.erresse-shop.it\/#organization\"},\"potentialAction\":[{\"@type\":\"SearchAction\",\"target\":{\"@type\":\"EntryPoint\",\"urlTemplate\":\"https:\/\/dev6.erresse-shop.it\/?s={search_term_string}\"},\"query-input\":{\"@type\":\"PropertyValueSpecification\",\"valueRequired\":true,\"valueName\":\"search_term_string\"}}],\"inLanguage\":\"fr-FR\"},{\"@type\":\"Organization\",\"@id\":\"https:\/\/dev6.erresse-shop.it\/#organization\",\"name\":\"Erresse Shop\",\"url\":\"https:\/\/dev6.erresse-shop.it\/\",\"logo\":{\"@type\":\"ImageObject\",\"inLanguage\":\"fr-FR\",\"@id\":\"https:\/\/dev6.erresse-shop.it\/#\/schema\/logo\/image\/\",\"url\":\"https:\/\/dev6.erresse-shop.it\/wp-content\/uploads\/2025\/01\/LOGO-ERRESSE-CLASSICO.svg\",\"contentUrl\":\"https:\/\/dev6.erresse-shop.it\/wp-content\/uploads\/2025\/01\/LOGO-ERRESSE-CLASSICO.svg\",\"caption\":\"Erresse Shop\"},\"image\":{\"@id\":\"https:\/\/dev6.erresse-shop.it\/#\/schema\/logo\/image\/\"}}]}<\/script>\n<!-- \/ Yoast SEO plugin. -->","yoast_head_json":{"title":"BERKEL Couteau \u00e0 d\u00e9sosser Adhoc Black 16 cm - dev6 Erresse","description":"Le couteau pour une boucherie facile Couteau court et maniable. Id\u00e9al pour enlever la peau, la couenne, les os et les r\u00e9sidus de graisse des morceaux de","robots":{"index":"noindex","follow":"follow","max-snippet":"max-snippet:-1","max-image-preview":"max-image-preview:large","max-video-preview":"max-video-preview:-1"},"og_locale":"fr_FR","og_type":"article","og_title":"BERKEL Couteau \u00e0 d\u00e9sosser Adhoc Black 16 cm - dev6 Erresse","og_description":"Le couteau pour une boucherie facile Couteau court et maniable. Id\u00e9al pour enlever la peau, la couenne, les os et les r\u00e9sidus de graisse des morceaux de","og_url":"https:\/\/dev6.erresse-shop.it\/fr\/shop\/cuisine\/couteaux\/couteaux-de-cuisine\/berkel-couteau-a-desosser-adhoc-black-16-cm\/","og_site_name":"dev6 Erresse","og_image":[{"url":"https:\/\/interpim.erresse-shop.it\/Import\/Prodotti\/berkel-coltello-disosso-adhoc-nero-16-cm.jpg","type":"","width":"","height":""},{"url":"https:\/\/interpim.erresse-shop.it\/Import\/Prodotti\/berkel-coltello-disosso-adhoc-nero-16-cm.jpg","width":1024,"height":1024,"type":"image\/jpeg"}],"twitter_card":"summary_large_image","twitter_image":"https:\/\/interpim.erresse-shop.it\/Import\/Prodotti\/berkel-coltello-disosso-adhoc-nero-16-cm.jpg","schema":{"@context":"https:\/\/schema.org","@graph":[{"@type":"WebPage","@id":"https:\/\/dev6.erresse-shop.it\/fr\/shop\/cuisine\/couteaux\/couteaux-de-cuisine\/berkel-couteau-a-desosser-adhoc-black-16-cm\/","url":"https:\/\/dev6.erresse-shop.it\/fr\/shop\/cuisine\/couteaux\/couteaux-de-cuisine\/berkel-couteau-a-desosser-adhoc-black-16-cm\/","name":"BERKEL Couteau \u00e0 d\u00e9sosser Adhoc Black 16 cm - dev6 Erresse","isPartOf":{"@id":"https:\/\/dev6.erresse-shop.it\/#website"},"primaryImageOfPage":{"@id":"https:\/\/dev6.erresse-shop.it\/fr\/shop\/cuisine\/couteaux\/couteaux-de-cuisine\/berkel-couteau-a-desosser-adhoc-black-16-cm\/#primaryimage"},"image":{"@id":"https:\/\/dev6.erresse-shop.it\/fr\/shop\/cuisine\/couteaux\/couteaux-de-cuisine\/berkel-couteau-a-desosser-adhoc-black-16-cm\/#primaryimage"},"thumbnailUrl":"https:\/\/i2.wp.com\/interpim.erresse-shop.it\/Import\/Prodotti\/berkel-coltello-disosso-adhoc-nero-16-cm.jpg?ssl=1","datePublished":"2026-04-12T10:30:20+00:00","description":"Le couteau pour une boucherie facile Couteau court et maniable. Id\u00e9al pour enlever la peau, la couenne, les os et les r\u00e9sidus de graisse des morceaux de","breadcrumb":{"@id":"https:\/\/dev6.erresse-shop.it\/fr\/shop\/cuisine\/couteaux\/couteaux-de-cuisine\/berkel-couteau-a-desosser-adhoc-black-16-cm\/#breadcrumb"},"inLanguage":"fr-FR","potentialAction":[{"@type":"ReadAction","target":["https:\/\/dev6.erresse-shop.it\/fr\/shop\/cuisine\/couteaux\/couteaux-de-cuisine\/berkel-couteau-a-desosser-adhoc-black-16-cm\/"]}]},{"@type":"ImageObject","inLanguage":"fr-FR","@id":"https:\/\/dev6.erresse-shop.it\/fr\/shop\/cuisine\/couteaux\/couteaux-de-cuisine\/berkel-couteau-a-desosser-adhoc-black-16-cm\/#primaryimage","url":"https:\/\/i2.wp.com\/interpim.erresse-shop.it\/Import\/Prodotti\/berkel-coltello-disosso-adhoc-nero-16-cm.jpg?ssl=1","contentUrl":"https:\/\/i2.wp.com\/interpim.erresse-shop.it\/Import\/Prodotti\/berkel-coltello-disosso-adhoc-nero-16-cm.jpg?ssl=1"},{"@type":"BreadcrumbList","@id":"https:\/\/dev6.erresse-shop.it\/fr\/shop\/cuisine\/couteaux\/couteaux-de-cuisine\/berkel-couteau-a-desosser-adhoc-black-16-cm\/#breadcrumb","itemListElement":[{"@type":"ListItem","position":1,"name":"Home","item":"https:\/\/dev6.erresse-shop.it\/"},{"@type":"ListItem","position":2,"name":"Boutique","item":"https:\/\/dev6.erresse-shop.it\/shop\/"},{"@type":"ListItem","position":3,"name":"BERKEL Couteau \u00e0 d\u00e9sosser Adhoc Black 16 cm"}]},{"@type":"WebSite","@id":"https:\/\/dev6.erresse-shop.it\/#website","url":"https:\/\/dev6.erresse-shop.it\/","name":"Erresse Shop","description":"","publisher":{"@id":"https:\/\/dev6.erresse-shop.it\/#organization"},"potentialAction":[{"@type":"SearchAction","target":{"@type":"EntryPoint","urlTemplate":"https:\/\/dev6.erresse-shop.it\/?s={search_term_string}"},"query-input":{"@type":"PropertyValueSpecification","valueRequired":true,"valueName":"search_term_string"}}],"inLanguage":"fr-FR"},{"@type":"Organization","@id":"https:\/\/dev6.erresse-shop.it\/#organization","name":"Erresse Shop","url":"https:\/\/dev6.erresse-shop.it\/","logo":{"@type":"ImageObject","inLanguage":"fr-FR","@id":"https:\/\/dev6.erresse-shop.it\/#\/schema\/logo\/image\/","url":"https:\/\/dev6.erresse-shop.it\/wp-content\/uploads\/2025\/01\/LOGO-ERRESSE-CLASSICO.svg","contentUrl":"https:\/\/dev6.erresse-shop.it\/wp-content\/uploads\/2025\/01\/LOGO-ERRESSE-CLASSICO.svg","caption":"Erresse Shop"},"image":{"@id":"https:\/\/dev6.erresse-shop.it\/#\/schema\/logo\/image\/"}}]}},"df_price":42,"df_sale_price":"","df_regular_price":42,"df_image_link":"https:\/\/i2.wp.com\/interpim.erresse-shop.it\/Import\/Prodotti\/berkel-coltello-disosso-adhoc-nero-16-cm.jpg?resize=300,300&ssl=1","fifu_image_url":"https:\/\/interpim.erresse-shop.it\/Import\/Prodotti\/berkel-coltello-disosso-adhoc-nero-16-cm.jpg","_links":{"self":[{"href":"https:\/\/dev6.erresse-shop.it\/fr\/wp-json\/wp\/v2\/product\/1609121","targetHints":{"allow":["GET"]}}],"collection":[{"href":"https:\/\/dev6.erresse-shop.it\/fr\/wp-json\/wp\/v2\/product"}],"about":[{"href":"https:\/\/dev6.erresse-shop.it\/fr\/wp-json\/wp\/v2\/types\/product"}],"wp:featuredmedia":[{"embeddable":true,"href":"https:\/\/dev6.erresse-shop.it\/fr\/wp-json\/wp\/v2\/media\/6373195"}],"wp:attachment":[{"href":"https:\/\/dev6.erresse-shop.it\/fr\/wp-json\/wp\/v2\/media?parent=1609121"}],"wp:term":[{"taxonomy":"product_cat","embeddable":true,"href":"https:\/\/dev6.erresse-shop.it\/fr\/wp-json\/wp\/v2\/product_cat?post=1609121"},{"taxonomy":"product_tag","embeddable":true,"href":"https:\/\/dev6.erresse-shop.it\/fr\/wp-json\/wp\/v2\/product_tag?post=1609121"}],"curies":[{"name":"wp","href":"https:\/\/api.w.org\/{rel}","templated":true}]}}