{"id":1609117,"date":"2026-04-10T13:08:50","date_gmt":"2026-04-10T11:08:50","guid":{"rendered":"https:\/\/dev6.erresse-shop.it\/shop\/non%20class\u00e9\/fratelli-desideri-capsule-collection-tube-chef-christian-milone-il-tesoro-di-norcia\/"},"modified":"2025-09-14T06:17:36","modified_gmt":"2025-09-14T04:17:36","slug":"fratelli-desideri-capsule-collection-tube-chef-christian-milone-il-tesoro-di-norcia","status":"publish","type":"product","link":"https:\/\/dev6.erresse-shop.it\/fr\/shop\/food-fr\/fratelli-desideri-capsule-collection-tube-chef-christian-milone-il-tesoro-di-norcia\/","title":{"rendered":"FRATELLI DESIDERI Capsule Collection Tube Chef Christian Milone Il Tesoro di Norcia"},"content":{"rendered":"<p>LA COLLECTION CAPSULE de CHRISTIAN MILONE<\/p>\n<p>La Capsule Collection est la toute nouvelle ligne de kits repas \u00ab Pr\u00eat \u00e0 manger \u00bb ! D\u00e9di\u00e9e \u00e0 ceux qui ne veulent pas renoncer \u00e0 un bon plat gastronomique, m\u00eame s\u2019ils n\u2019ont pas beaucoup de temps (ou d\u2019envie) pour cuisiner. Il s\u2019agit de recettes qui ont pour d\u00e9nominateur commun un \u00ab tr\u00e9sor \u00bb, c\u2019est-\u00e0-dire l\u2019ingr\u00e9dient par excellence du territoire auquel elles appartiennent, r\u00e9interpr\u00e9t\u00e9 de fa\u00e7on sublime par les grands Chefs \u00e9toil\u00e9s italiens.<\/p>\n<p>Le \u00ab tr\u00e9sor \u00bb de cette recette est la truffe.<\/p>\n<p>Dans cette capsule, vous trouverez des nouilles aux \u0153ufs, un pot de beurre \u00e0 la truffe de Norcia et un peu de caviar de truffe noire \u00e0 utiliser comme touche finale.<\/p>\n<p>C\u2019est une recette \u00e0 laquelle Christian est tr\u00e8s attach\u00e9, car Norcia est l\u2019un de ses lieux de pr\u00e9dilection o\u00f9 il passe du temps avec ses chevaux bien-aim\u00e9s. Les notes de truffe s\u2019imposent \u00e0 la d\u00e9gustation, laissant le palais d\u00e9licieusement surpris et plong\u00e9 dans une note sensorielle enveloppante qui se prolonge en fin de bouche. Outre l\u2019aspect esth\u00e9tique du plat, le caviar de truffe augmente de fa\u00e7on exponentielle l\u2019ascension des ar\u00f4mes.<\/p>\n<p>Comment le cuisiner ? Cuire les nouilles, les arroser de beurre de truffe et terminer par le caviar de truffe. Et le tour est jou\u00e9 !<\/p>\n<p>PR\u00c9PARATION<\/p>\n<p>1. Verser 2,5 litres d\u2019eau dans une casserole, ajouter 25 g de gros sel et porter \u00e0 \u00e9bullition.<\/p>\n<p>2. Lorsque l\u2019eau bout, ajouter les nouilles aux \u0153ufs et faire cuire pendant 5 minutes.<\/p>\n<p>3. Pendant ce temps, verser le pot de beurre \u00e0 la truffe dans une po\u00eale et faire fondre doucement \u00e0 feu tr\u00e8s doux. Une fois le beurre fondu, \u00e9teindre le feu.<\/p>\n<p>4. Au bout de 5 minutes, \u00e9goutter les nouilles en r\u00e9servant un peu d\u2019eau de cuisson.<\/p>\n<p>5. Verser les nouilles dans la po\u00eale avec le beurre et ajouter la moiti\u00e9 du pot de perlage \u00e0 la truffe, en m\u00e9langeant bien le tout (si n\u00e9cessaire, ajouter un peu d\u2019eau de cuisson pour obtenir le bon niveau d\u2019onctuosit\u00e9).<\/p>\n<p>L\u2019ASSIETTE<\/p>\n<p>1. Utiliser des assiettes creuses.<\/p>\n<p>2. Prendre une louche et une fourchette.<\/p>\n<p>3. \u00c0 l\u2019aide d\u2019une fourchette, pr\u00e9lever une portion de nouilles dans la casserole et l\u2019envelopper dans la louche jusqu\u2019\u00e0 ce qu\u2019elle forme un nid.<\/p>\n<p>4. D\u00e9poser d\u00e9licatement le nid au centre du plat.<\/p>\n<p>5. \u00c0 l\u2019aide d\u2019une cuill\u00e8re \u00e0 caf\u00e9, d\u00e9poser la perle de truffe au centre du nid.<\/p>\n<p>6. Essuyer le bord du plat \u00e0 l\u2019aide d\u2019un chiffon pour \u00e9liminer les \u00e9ventuelles traces.<\/p>\n<p>Ingr\u00e9dients<\/p>\n<p>Nouilles aux \u0153ufs 150 g<br \/>\nBeurre \u00e0 la truffe 30 gr.<br \/>\nPerlage \u00e0 la truffe noire 25 gr.<\/p>\n","protected":false},"excerpt":{"rendered":"<p>LA COLLECTION CAPSULE de CHRISTIAN MILONE La Capsule Collection est la toute nouvelle ligne de kits repas \u00ab Pr\u00eat \u00e0 manger \u00bb ! D\u00e9di\u00e9e \u00e0 ceux qui ne veulent pas renoncer \u00e0 un bon plat gastronomique, m\u00eame s\u2019ils n\u2019ont pas beaucoup de temps (ou d\u2019envie) pour cuisiner. Il s\u2019agit de recettes qui ont pour d\u00e9nominateur [&hellip;]<\/p>\n","protected":false},"featured_media":6331535,"template":"","meta":{"_acf_changed":false},"product_cat":[12049],"product_tag":[],"class_list":{"0":"post-1609117","1":"product","2":"type-product","3":"status-publish","4":"has-post-thumbnail","6":"product_cat-food-fr","8":"first","9":"instock","10":"taxable","11":"shipping-taxable","12":"purchasable","13":"product-type-simple","swatches":"rey-swatches","show_selected":"","stretch_labels":"rey-swatches--stretch-labels"},"acf":[],"yoast_head":"<!-- This site is optimized with the Yoast SEO plugin v25.4 - https:\/\/yoast.com\/wordpress\/plugins\/seo\/ -->\n<title>FRATELLI DESIDERI Capsule Collection Tube Chef Christian Milone Il Tesoro di Norcia - dev6 Erresse<\/title>\n<meta name=\"description\" content=\"LA COLLECTION CAPSULE de CHRISTIAN MILONE La Capsule Collection est la toute nouvelle ligne de kits repas \u00ab Pr\u00eat \u00e0 manger \u00bb ! D\u00e9di\u00e9e \u00e0 ceux qui ne veulent\" \/>\n<meta name=\"robots\" content=\"noindex, follow, max-snippet:-1, max-image-preview:large, max-video-preview:-1\" \/>\n<meta property=\"og:locale\" content=\"fr_FR\" \/>\n<meta property=\"og:type\" content=\"article\" \/>\n<meta property=\"og:title\" content=\"FRATELLI DESIDERI Capsule Collection Tube Chef Christian Milone Il Tesoro di Norcia - dev6 Erresse\" \/>\n<meta property=\"og:description\" content=\"LA COLLECTION CAPSULE de CHRISTIAN MILONE La Capsule Collection est la toute nouvelle ligne de kits repas \u00ab Pr\u00eat \u00e0 manger \u00bb ! D\u00e9di\u00e9e \u00e0 ceux qui ne veulent\" \/>\n<meta property=\"og:url\" content=\"https:\/\/dev6.erresse-shop.it\/fr\/shop\/food-fr\/fratelli-desideri-capsule-collection-tube-chef-christian-milone-il-tesoro-di-norcia\/\" \/>\n<meta property=\"og:site_name\" content=\"dev6 Erresse\" \/>\n<meta property=\"og:image\" content=\"https:\/\/interpim.erresse-shop.it\/wp-content\/uploads\/2024\/12\/FRATELLI-DESIDERI-Capsule-Collection-Tube-Chef-Christian-Milone-Il-Tesoro-di-Norcia.jpg\/fratelli-desideri-capsule-collection-tube-chef-christian-milone-il-tesoro-di-norcia.jpg\" \/><meta property=\"og:image\" content=\"https:\/\/interpim.erresse-shop.it\/wp-content\/uploads\/2024\/12\/FRATELLI-DESIDERI-Capsule-Collection-Tube-Chef-Christian-Milone-Il-Tesoro-di-Norcia.jpg\/fratelli-desideri-capsule-collection-tube-chef-christian-milone-il-tesoro-di-norcia.jpg\" \/>\n\t<meta property=\"og:image:width\" content=\"1024\" \/>\n\t<meta property=\"og:image:height\" content=\"1024\" \/>\n\t<meta property=\"og:image:type\" content=\"image\/jpeg\" \/>\n<meta name=\"twitter:card\" content=\"summary_large_image\" \/>\n<meta name=\"twitter:image\" content=\"https:\/\/interpim.erresse-shop.it\/wp-content\/uploads\/2024\/12\/FRATELLI-DESIDERI-Capsule-Collection-Tube-Chef-Christian-Milone-Il-Tesoro-di-Norcia.jpg\/fratelli-desideri-capsule-collection-tube-chef-christian-milone-il-tesoro-di-norcia.jpg\" \/>\n<script type=\"application\/ld+json\" class=\"yoast-schema-graph\">{\"@context\":\"https:\/\/schema.org\",\"@graph\":[{\"@type\":\"WebPage\",\"@id\":\"https:\/\/dev6.erresse-shop.it\/fr\/shop\/food-fr\/fratelli-desideri-capsule-collection-tube-chef-christian-milone-il-tesoro-di-norcia\/\",\"url\":\"https:\/\/dev6.erresse-shop.it\/fr\/shop\/food-fr\/fratelli-desideri-capsule-collection-tube-chef-christian-milone-il-tesoro-di-norcia\/\",\"name\":\"FRATELLI DESIDERI Capsule Collection Tube Chef Christian Milone Il Tesoro di Norcia - dev6 Erresse\",\"isPartOf\":{\"@id\":\"https:\/\/dev6.erresse-shop.it\/#website\"},\"primaryImageOfPage\":{\"@id\":\"https:\/\/dev6.erresse-shop.it\/fr\/shop\/food-fr\/fratelli-desideri-capsule-collection-tube-chef-christian-milone-il-tesoro-di-norcia\/#primaryimage\"},\"image\":{\"@id\":\"https:\/\/dev6.erresse-shop.it\/fr\/shop\/food-fr\/fratelli-desideri-capsule-collection-tube-chef-christian-milone-il-tesoro-di-norcia\/#primaryimage\"},\"thumbnailUrl\":\"https:\/\/i0.wp.com\/interpim.erresse-shop.it\/wp-content\/uploads\/2024\/12\/FRATELLI-DESIDERI-Capsule-Collection-Tube-Chef-Christian-Milone-Il-Tesoro-di-Norcia.jpg\/fratelli-desideri-capsule-collection-tube-chef-christian-milone-il-tesoro-di-norcia.jpg?ssl=1\",\"datePublished\":\"2026-04-10T11:08:50+00:00\",\"description\":\"LA COLLECTION CAPSULE de CHRISTIAN MILONE La Capsule Collection est la toute nouvelle ligne de kits repas \u00ab Pr\u00eat \u00e0 manger \u00bb ! D\u00e9di\u00e9e \u00e0 ceux qui ne veulent\",\"breadcrumb\":{\"@id\":\"https:\/\/dev6.erresse-shop.it\/fr\/shop\/food-fr\/fratelli-desideri-capsule-collection-tube-chef-christian-milone-il-tesoro-di-norcia\/#breadcrumb\"},\"inLanguage\":\"fr-FR\",\"potentialAction\":[{\"@type\":\"ReadAction\",\"target\":[\"https:\/\/dev6.erresse-shop.it\/fr\/shop\/food-fr\/fratelli-desideri-capsule-collection-tube-chef-christian-milone-il-tesoro-di-norcia\/\"]}]},{\"@type\":\"ImageObject\",\"inLanguage\":\"fr-FR\",\"@id\":\"https:\/\/dev6.erresse-shop.it\/fr\/shop\/food-fr\/fratelli-desideri-capsule-collection-tube-chef-christian-milone-il-tesoro-di-norcia\/#primaryimage\",\"url\":\"https:\/\/i0.wp.com\/interpim.erresse-shop.it\/wp-content\/uploads\/2024\/12\/FRATELLI-DESIDERI-Capsule-Collection-Tube-Chef-Christian-Milone-Il-Tesoro-di-Norcia.jpg\/fratelli-desideri-capsule-collection-tube-chef-christian-milone-il-tesoro-di-norcia.jpg?ssl=1\",\"contentUrl\":\"https:\/\/i0.wp.com\/interpim.erresse-shop.it\/wp-content\/uploads\/2024\/12\/FRATELLI-DESIDERI-Capsule-Collection-Tube-Chef-Christian-Milone-Il-Tesoro-di-Norcia.jpg\/fratelli-desideri-capsule-collection-tube-chef-christian-milone-il-tesoro-di-norcia.jpg?ssl=1\"},{\"@type\":\"BreadcrumbList\",\"@id\":\"https:\/\/dev6.erresse-shop.it\/fr\/shop\/food-fr\/fratelli-desideri-capsule-collection-tube-chef-christian-milone-il-tesoro-di-norcia\/#breadcrumb\",\"itemListElement\":[{\"@type\":\"ListItem\",\"position\":1,\"name\":\"Home\",\"item\":\"https:\/\/dev6.erresse-shop.it\/\"},{\"@type\":\"ListItem\",\"position\":2,\"name\":\"Boutique\",\"item\":\"https:\/\/dev6.erresse-shop.it\/shop\/\"},{\"@type\":\"ListItem\",\"position\":3,\"name\":\"FRATELLI DESIDERI Capsule Collection Tube Chef Christian Milone Il Tesoro di Norcia\"}]},{\"@type\":\"WebSite\",\"@id\":\"https:\/\/dev6.erresse-shop.it\/#website\",\"url\":\"https:\/\/dev6.erresse-shop.it\/\",\"name\":\"Erresse Shop\",\"description\":\"\",\"publisher\":{\"@id\":\"https:\/\/dev6.erresse-shop.it\/#organization\"},\"potentialAction\":[{\"@type\":\"SearchAction\",\"target\":{\"@type\":\"EntryPoint\",\"urlTemplate\":\"https:\/\/dev6.erresse-shop.it\/?s={search_term_string}\"},\"query-input\":{\"@type\":\"PropertyValueSpecification\",\"valueRequired\":true,\"valueName\":\"search_term_string\"}}],\"inLanguage\":\"fr-FR\"},{\"@type\":\"Organization\",\"@id\":\"https:\/\/dev6.erresse-shop.it\/#organization\",\"name\":\"Erresse Shop\",\"url\":\"https:\/\/dev6.erresse-shop.it\/\",\"logo\":{\"@type\":\"ImageObject\",\"inLanguage\":\"fr-FR\",\"@id\":\"https:\/\/dev6.erresse-shop.it\/#\/schema\/logo\/image\/\",\"url\":\"https:\/\/dev6.erresse-shop.it\/wp-content\/uploads\/2025\/01\/LOGO-ERRESSE-CLASSICO.svg\",\"contentUrl\":\"https:\/\/dev6.erresse-shop.it\/wp-content\/uploads\/2025\/01\/LOGO-ERRESSE-CLASSICO.svg\",\"caption\":\"Erresse Shop\"},\"image\":{\"@id\":\"https:\/\/dev6.erresse-shop.it\/#\/schema\/logo\/image\/\"}}]}<\/script>\n<!-- \/ Yoast SEO plugin. -->","yoast_head_json":{"title":"FRATELLI DESIDERI Capsule Collection Tube Chef Christian Milone Il Tesoro di Norcia - dev6 Erresse","description":"LA COLLECTION CAPSULE de CHRISTIAN MILONE La Capsule Collection est la toute nouvelle ligne de kits repas \u00ab Pr\u00eat \u00e0 manger \u00bb ! D\u00e9di\u00e9e \u00e0 ceux qui ne veulent","robots":{"index":"noindex","follow":"follow","max-snippet":"max-snippet:-1","max-image-preview":"max-image-preview:large","max-video-preview":"max-video-preview:-1"},"og_locale":"fr_FR","og_type":"article","og_title":"FRATELLI DESIDERI Capsule Collection Tube Chef Christian Milone Il Tesoro di Norcia - dev6 Erresse","og_description":"LA COLLECTION CAPSULE de CHRISTIAN MILONE La Capsule Collection est la toute nouvelle ligne de kits repas \u00ab Pr\u00eat \u00e0 manger \u00bb ! D\u00e9di\u00e9e \u00e0 ceux qui ne veulent","og_url":"https:\/\/dev6.erresse-shop.it\/fr\/shop\/food-fr\/fratelli-desideri-capsule-collection-tube-chef-christian-milone-il-tesoro-di-norcia\/","og_site_name":"dev6 Erresse","og_image":[{"url":"https:\/\/interpim.erresse-shop.it\/wp-content\/uploads\/2024\/12\/FRATELLI-DESIDERI-Capsule-Collection-Tube-Chef-Christian-Milone-Il-Tesoro-di-Norcia.jpg\/fratelli-desideri-capsule-collection-tube-chef-christian-milone-il-tesoro-di-norcia.jpg","type":"","width":"","height":""},{"url":"https:\/\/interpim.erresse-shop.it\/wp-content\/uploads\/2024\/12\/FRATELLI-DESIDERI-Capsule-Collection-Tube-Chef-Christian-Milone-Il-Tesoro-di-Norcia.jpg\/fratelli-desideri-capsule-collection-tube-chef-christian-milone-il-tesoro-di-norcia.jpg","width":1024,"height":1024,"type":"image\/jpeg"}],"twitter_card":"summary_large_image","twitter_image":"https:\/\/interpim.erresse-shop.it\/wp-content\/uploads\/2024\/12\/FRATELLI-DESIDERI-Capsule-Collection-Tube-Chef-Christian-Milone-Il-Tesoro-di-Norcia.jpg\/fratelli-desideri-capsule-collection-tube-chef-christian-milone-il-tesoro-di-norcia.jpg","schema":{"@context":"https:\/\/schema.org","@graph":[{"@type":"WebPage","@id":"https:\/\/dev6.erresse-shop.it\/fr\/shop\/food-fr\/fratelli-desideri-capsule-collection-tube-chef-christian-milone-il-tesoro-di-norcia\/","url":"https:\/\/dev6.erresse-shop.it\/fr\/shop\/food-fr\/fratelli-desideri-capsule-collection-tube-chef-christian-milone-il-tesoro-di-norcia\/","name":"FRATELLI DESIDERI Capsule Collection Tube Chef Christian Milone Il Tesoro di Norcia - dev6 Erresse","isPartOf":{"@id":"https:\/\/dev6.erresse-shop.it\/#website"},"primaryImageOfPage":{"@id":"https:\/\/dev6.erresse-shop.it\/fr\/shop\/food-fr\/fratelli-desideri-capsule-collection-tube-chef-christian-milone-il-tesoro-di-norcia\/#primaryimage"},"image":{"@id":"https:\/\/dev6.erresse-shop.it\/fr\/shop\/food-fr\/fratelli-desideri-capsule-collection-tube-chef-christian-milone-il-tesoro-di-norcia\/#primaryimage"},"thumbnailUrl":"https:\/\/i0.wp.com\/interpim.erresse-shop.it\/wp-content\/uploads\/2024\/12\/FRATELLI-DESIDERI-Capsule-Collection-Tube-Chef-Christian-Milone-Il-Tesoro-di-Norcia.jpg\/fratelli-desideri-capsule-collection-tube-chef-christian-milone-il-tesoro-di-norcia.jpg?ssl=1","datePublished":"2026-04-10T11:08:50+00:00","description":"LA COLLECTION CAPSULE de CHRISTIAN MILONE La Capsule Collection est la toute nouvelle ligne de kits repas \u00ab Pr\u00eat \u00e0 manger \u00bb ! D\u00e9di\u00e9e \u00e0 ceux qui ne veulent","breadcrumb":{"@id":"https:\/\/dev6.erresse-shop.it\/fr\/shop\/food-fr\/fratelli-desideri-capsule-collection-tube-chef-christian-milone-il-tesoro-di-norcia\/#breadcrumb"},"inLanguage":"fr-FR","potentialAction":[{"@type":"ReadAction","target":["https:\/\/dev6.erresse-shop.it\/fr\/shop\/food-fr\/fratelli-desideri-capsule-collection-tube-chef-christian-milone-il-tesoro-di-norcia\/"]}]},{"@type":"ImageObject","inLanguage":"fr-FR","@id":"https:\/\/dev6.erresse-shop.it\/fr\/shop\/food-fr\/fratelli-desideri-capsule-collection-tube-chef-christian-milone-il-tesoro-di-norcia\/#primaryimage","url":"https:\/\/i0.wp.com\/interpim.erresse-shop.it\/wp-content\/uploads\/2024\/12\/FRATELLI-DESIDERI-Capsule-Collection-Tube-Chef-Christian-Milone-Il-Tesoro-di-Norcia.jpg\/fratelli-desideri-capsule-collection-tube-chef-christian-milone-il-tesoro-di-norcia.jpg?ssl=1","contentUrl":"https:\/\/i0.wp.com\/interpim.erresse-shop.it\/wp-content\/uploads\/2024\/12\/FRATELLI-DESIDERI-Capsule-Collection-Tube-Chef-Christian-Milone-Il-Tesoro-di-Norcia.jpg\/fratelli-desideri-capsule-collection-tube-chef-christian-milone-il-tesoro-di-norcia.jpg?ssl=1"},{"@type":"BreadcrumbList","@id":"https:\/\/dev6.erresse-shop.it\/fr\/shop\/food-fr\/fratelli-desideri-capsule-collection-tube-chef-christian-milone-il-tesoro-di-norcia\/#breadcrumb","itemListElement":[{"@type":"ListItem","position":1,"name":"Home","item":"https:\/\/dev6.erresse-shop.it\/"},{"@type":"ListItem","position":2,"name":"Boutique","item":"https:\/\/dev6.erresse-shop.it\/shop\/"},{"@type":"ListItem","position":3,"name":"FRATELLI DESIDERI Capsule Collection Tube Chef Christian Milone Il Tesoro di Norcia"}]},{"@type":"WebSite","@id":"https:\/\/dev6.erresse-shop.it\/#website","url":"https:\/\/dev6.erresse-shop.it\/","name":"Erresse Shop","description":"","publisher":{"@id":"https:\/\/dev6.erresse-shop.it\/#organization"},"potentialAction":[{"@type":"SearchAction","target":{"@type":"EntryPoint","urlTemplate":"https:\/\/dev6.erresse-shop.it\/?s={search_term_string}"},"query-input":{"@type":"PropertyValueSpecification","valueRequired":true,"valueName":"search_term_string"}}],"inLanguage":"fr-FR"},{"@type":"Organization","@id":"https:\/\/dev6.erresse-shop.it\/#organization","name":"Erresse Shop","url":"https:\/\/dev6.erresse-shop.it\/","logo":{"@type":"ImageObject","inLanguage":"fr-FR","@id":"https:\/\/dev6.erresse-shop.it\/#\/schema\/logo\/image\/","url":"https:\/\/dev6.erresse-shop.it\/wp-content\/uploads\/2025\/01\/LOGO-ERRESSE-CLASSICO.svg","contentUrl":"https:\/\/dev6.erresse-shop.it\/wp-content\/uploads\/2025\/01\/LOGO-ERRESSE-CLASSICO.svg","caption":"Erresse Shop"},"image":{"@id":"https:\/\/dev6.erresse-shop.it\/#\/schema\/logo\/image\/"}}]}},"df_price":28,"df_sale_price":"","df_regular_price":28,"df_image_link":"https:\/\/i0.wp.com\/interpim.erresse-shop.it\/wp-content\/uploads\/2024\/12\/FRATELLI-DESIDERI-Capsule-Collection-Tube-Chef-Christian-Milone-Il-Tesoro-di-Norcia.jpg\/fratelli-desideri-capsule-collection-tube-chef-christian-milone-il-tesoro-di-norcia.jpg?resize=300,300&ssl=1","fifu_image_url":"https:\/\/interpim.erresse-shop.it\/wp-content\/uploads\/2024\/12\/FRATELLI-DESIDERI-Capsule-Collection-Tube-Chef-Christian-Milone-Il-Tesoro-di-Norcia.jpg\/fratelli-desideri-capsule-collection-tube-chef-christian-milone-il-tesoro-di-norcia.jpg","_links":{"self":[{"href":"https:\/\/dev6.erresse-shop.it\/fr\/wp-json\/wp\/v2\/product\/1609117","targetHints":{"allow":["GET"]}}],"collection":[{"href":"https:\/\/dev6.erresse-shop.it\/fr\/wp-json\/wp\/v2\/product"}],"about":[{"href":"https:\/\/dev6.erresse-shop.it\/fr\/wp-json\/wp\/v2\/types\/product"}],"wp:featuredmedia":[{"embeddable":true,"href":"https:\/\/dev6.erresse-shop.it\/fr\/wp-json\/wp\/v2\/media\/6331535"}],"wp:attachment":[{"href":"https:\/\/dev6.erresse-shop.it\/fr\/wp-json\/wp\/v2\/media?parent=1609117"}],"wp:term":[{"taxonomy":"product_cat","embeddable":true,"href":"https:\/\/dev6.erresse-shop.it\/fr\/wp-json\/wp\/v2\/product_cat?post=1609117"},{"taxonomy":"product_tag","embeddable":true,"href":"https:\/\/dev6.erresse-shop.it\/fr\/wp-json\/wp\/v2\/product_tag?post=1609117"}],"curies":[{"name":"wp","href":"https:\/\/api.w.org\/{rel}","templated":true}]}}