{"id":1609115,"date":"2026-04-12T14:55:15","date_gmt":"2026-04-12T12:55:15","guid":{"rendered":"https:\/\/dev6.erresse-shop.it\/shop\/non%20class\u00e9\/g3-ferrari-pastaio-deluxe-rouge\/"},"modified":"2025-07-19T04:09:48","modified_gmt":"2025-07-19T02:09:48","slug":"g3-ferrari-pastaio-deluxe-rouge","status":"publish","type":"product","link":"https:\/\/dev6.erresse-shop.it\/fr\/shop\/petits-electromenagers\/petrins\/g3-ferrari-pastaio-deluxe-rouge\/","title":{"rendered":"G3 FERRARI Pastaio Deluxe Rouge"},"content":{"rendered":"<p>Le p\u00e9trin professionnel Pastaio Deluxe repr\u00e9sente le nec plus ultra en mati\u00e8re de commodit\u00e9 dans la cuisine : dot\u00e9 d\u2019un moteur \u00e0 entra\u00eenement direct qui permet d\u2019optimiser le mouvement plan\u00e9taire, cet appareil est en mesure de garantir une consommation d\u2019\u00e9nergie beaucoup plus faible et une dur\u00e9e de vie plus longue que les machines plan\u00e9taires traditionnelles \u00e0 entra\u00eenement par courroie. Pastaio Deluxe dispose de 8 vitesses qui, combin\u00e9es au mouvement plan\u00e9taire des fouets, permettent de couvrir enti\u00e8rement le bol et de m\u00e9langer en douceur, sans grumeaux, ce qui est parfait pour pr\u00e9parer la p\u00e2te \u00e0 pizza, le pain, les g\u00e2teaux et les biscuits. L\u2019ajout d\u2019ingr\u00e9dients pendant la pr\u00e9paration d\u2019une recette est pratique et rapide gr\u00e2ce au grand angle d\u2019inclinaison de la t\u00eate. Les pieds antid\u00e9rapants garantissent une s\u00e9curit\u00e9 et une stabilit\u00e9 maximales \u00e0 tout moment, m\u00eame \u00e0 grande vitesse ou pour m\u00e9langer des p\u00e2tes plus dures. Avec ses formes arrondies qui rappellent la tradition du design italien, la Pasta Maker Deluxe est un v\u00e9ritable meuble qui s\u2019int\u00e8gre parfaitement dans n\u2019importe quelle cuisine. En achetant des accessoires optionnels, il est \u00e9galement possible de hacher la viande, de rouler les p\u00e2tes et de pr\u00e9parer des nouilles et des spaghettis.<\/p>\n<p>Caract\u00e9ristiques techniques<\/p>\n<p>-8 vitesses de fonctionnement<br \/>\n-Moteur \u00e0 entra\u00eenement direct sans courroies pour une efficacit\u00e9 et une fiabilit\u00e9 maximales<br \/>\n-R\u00e9cipient en acier inoxydable de 5,2 litres avec couvercle<br \/>\n-Possibilit\u00e9 de traiter des p\u00e2tes jusqu\u2019\u00e0 2,5 kg (en fonction des aliments \u00e0 m\u00e9langer)<br \/>\n-Pieds avec ventouse pour une plus grande stabilit\u00e9<br \/>\n-Dispositif de s\u00e9curit\u00e9 emp\u00eachant l\u2019utilisation involontaire de l\u2019appareil<br \/>\n-Accessoires inclus : crochet p\u00e9trisseur et batteur en aluminium, fouet en acier inoxydable, couvercle en plastique transparent<br \/>\n-Alimentation \u00e9lectrique : AC 220-240V ~ 50\/60 Hz<br \/>\n-Puissance : 1000-1200 W<br \/>\n-Dimensions (L x H x P) : 340 x 380 x 220 mm<br \/>\n-Poids : 7,4 kg<\/p>\n<p>Non disponible \u00e0 la vente en dehors de l\u2019Europe<\/p>\n","protected":false},"excerpt":{"rendered":"<p>Le p\u00e9trin professionnel Pastaio Deluxe repr\u00e9sente le nec plus ultra en mati\u00e8re de commodit\u00e9 dans la cuisine : dot\u00e9 d\u2019un moteur \u00e0 entra\u00eenement direct qui permet d\u2019optimiser le mouvement plan\u00e9taire, cet appareil est en mesure de garantir une consommation d\u2019\u00e9nergie beaucoup plus faible et une dur\u00e9e de vie plus longue que les machines plan\u00e9taires traditionnelles [&hellip;]<\/p>\n","protected":false},"featured_media":6381567,"template":"","meta":{"_acf_changed":false},"product_cat":[12055,12088],"product_tag":[],"class_list":{"0":"post-1609115","1":"product","2":"type-product","3":"status-publish","4":"has-post-thumbnail","6":"product_cat-petits-electromenagers","7":"product_cat-petrins","9":"first","10":"instock","11":"sale","12":"taxable","13":"shipping-taxable","14":"purchasable","15":"product-type-simple","swatches":"rey-swatches","show_selected":"","stretch_labels":"rey-swatches--stretch-labels"},"acf":[],"yoast_head":"<!-- This site is optimized with the Yoast SEO plugin v25.4 - https:\/\/yoast.com\/wordpress\/plugins\/seo\/ -->\n<title>G3 FERRARI Pastaio Deluxe Rouge - dev6 Erresse<\/title>\n<meta name=\"description\" content=\"Le p\u00e9trin professionnel Pastaio Deluxe repr\u00e9sente le nec plus ultra en mati\u00e8re de commodit\u00e9 dans la cuisine : dot\u00e9 d\u2019un moteur \u00e0 entra\u00eenement direct qui\" \/>\n<meta name=\"robots\" content=\"noindex, follow, max-snippet:-1, max-image-preview:large, max-video-preview:-1\" \/>\n<meta property=\"og:locale\" content=\"fr_FR\" \/>\n<meta property=\"og:type\" content=\"article\" \/>\n<meta property=\"og:title\" content=\"G3 FERRARI Pastaio Deluxe Rouge - dev6 Erresse\" \/>\n<meta property=\"og:description\" content=\"Le p\u00e9trin professionnel Pastaio Deluxe repr\u00e9sente le nec plus ultra en mati\u00e8re de commodit\u00e9 dans la cuisine : dot\u00e9 d\u2019un moteur \u00e0 entra\u00eenement direct qui\" \/>\n<meta property=\"og:url\" content=\"https:\/\/dev6.erresse-shop.it\/fr\/shop\/petits-electromenagers\/petrins\/g3-ferrari-pastaio-deluxe-rouge\/\" \/>\n<meta property=\"og:site_name\" content=\"dev6 Erresse\" \/>\n<meta property=\"og:image\" content=\"https:\/\/interpim.erresse-shop.it\/wp-content\/uploads\/2024\/12\/G3-FERRARI-Pastaio-Deluxe-Rosso.jpg\/g3-ferrari-pastaio-deluxe-rosso.jpg\" \/><meta property=\"og:image\" content=\"https:\/\/interpim.erresse-shop.it\/wp-content\/uploads\/2024\/12\/G3-FERRARI-Pastaio-Deluxe-Rosso.jpg\/g3-ferrari-pastaio-deluxe-rosso.jpg\" \/>\n\t<meta property=\"og:image:width\" content=\"1024\" \/>\n\t<meta property=\"og:image:height\" content=\"1024\" \/>\n\t<meta property=\"og:image:type\" content=\"image\/jpeg\" \/>\n<meta name=\"twitter:card\" content=\"summary_large_image\" \/>\n<meta name=\"twitter:image\" content=\"https:\/\/interpim.erresse-shop.it\/wp-content\/uploads\/2024\/12\/G3-FERRARI-Pastaio-Deluxe-Rosso.jpg\/g3-ferrari-pastaio-deluxe-rosso.jpg\" \/>\n<script type=\"application\/ld+json\" class=\"yoast-schema-graph\">{\"@context\":\"https:\/\/schema.org\",\"@graph\":[{\"@type\":\"WebPage\",\"@id\":\"https:\/\/dev6.erresse-shop.it\/fr\/shop\/petits-electromenagers\/petrins\/g3-ferrari-pastaio-deluxe-rouge\/\",\"url\":\"https:\/\/dev6.erresse-shop.it\/fr\/shop\/petits-electromenagers\/petrins\/g3-ferrari-pastaio-deluxe-rouge\/\",\"name\":\"G3 FERRARI Pastaio Deluxe Rouge - dev6 Erresse\",\"isPartOf\":{\"@id\":\"https:\/\/dev6.erresse-shop.it\/#website\"},\"primaryImageOfPage\":{\"@id\":\"https:\/\/dev6.erresse-shop.it\/fr\/shop\/petits-electromenagers\/petrins\/g3-ferrari-pastaio-deluxe-rouge\/#primaryimage\"},\"image\":{\"@id\":\"https:\/\/dev6.erresse-shop.it\/fr\/shop\/petits-electromenagers\/petrins\/g3-ferrari-pastaio-deluxe-rouge\/#primaryimage\"},\"thumbnailUrl\":\"https:\/\/i2.wp.com\/interpim.erresse-shop.it\/wp-content\/uploads\/2024\/12\/G3-FERRARI-Pastaio-Deluxe-Rosso.jpg\/g3-ferrari-pastaio-deluxe-rosso.jpg?ssl=1\",\"datePublished\":\"2026-04-12T12:55:15+00:00\",\"description\":\"Le p\u00e9trin professionnel Pastaio Deluxe repr\u00e9sente le nec plus ultra en mati\u00e8re de commodit\u00e9 dans la cuisine : dot\u00e9 d\u2019un moteur \u00e0 entra\u00eenement direct qui\",\"breadcrumb\":{\"@id\":\"https:\/\/dev6.erresse-shop.it\/fr\/shop\/petits-electromenagers\/petrins\/g3-ferrari-pastaio-deluxe-rouge\/#breadcrumb\"},\"inLanguage\":\"fr-FR\",\"potentialAction\":[{\"@type\":\"ReadAction\",\"target\":[\"https:\/\/dev6.erresse-shop.it\/fr\/shop\/petits-electromenagers\/petrins\/g3-ferrari-pastaio-deluxe-rouge\/\"]}]},{\"@type\":\"ImageObject\",\"inLanguage\":\"fr-FR\",\"@id\":\"https:\/\/dev6.erresse-shop.it\/fr\/shop\/petits-electromenagers\/petrins\/g3-ferrari-pastaio-deluxe-rouge\/#primaryimage\",\"url\":\"https:\/\/i2.wp.com\/interpim.erresse-shop.it\/wp-content\/uploads\/2024\/12\/G3-FERRARI-Pastaio-Deluxe-Rosso.jpg\/g3-ferrari-pastaio-deluxe-rosso.jpg?ssl=1\",\"contentUrl\":\"https:\/\/i2.wp.com\/interpim.erresse-shop.it\/wp-content\/uploads\/2024\/12\/G3-FERRARI-Pastaio-Deluxe-Rosso.jpg\/g3-ferrari-pastaio-deluxe-rosso.jpg?ssl=1\"},{\"@type\":\"BreadcrumbList\",\"@id\":\"https:\/\/dev6.erresse-shop.it\/fr\/shop\/petits-electromenagers\/petrins\/g3-ferrari-pastaio-deluxe-rouge\/#breadcrumb\",\"itemListElement\":[{\"@type\":\"ListItem\",\"position\":1,\"name\":\"Home\",\"item\":\"https:\/\/dev6.erresse-shop.it\/\"},{\"@type\":\"ListItem\",\"position\":2,\"name\":\"Boutique\",\"item\":\"https:\/\/dev6.erresse-shop.it\/shop\/\"},{\"@type\":\"ListItem\",\"position\":3,\"name\":\"G3 FERRARI Pastaio Deluxe Rouge\"}]},{\"@type\":\"WebSite\",\"@id\":\"https:\/\/dev6.erresse-shop.it\/#website\",\"url\":\"https:\/\/dev6.erresse-shop.it\/\",\"name\":\"Erresse Shop\",\"description\":\"\",\"publisher\":{\"@id\":\"https:\/\/dev6.erresse-shop.it\/#organization\"},\"potentialAction\":[{\"@type\":\"SearchAction\",\"target\":{\"@type\":\"EntryPoint\",\"urlTemplate\":\"https:\/\/dev6.erresse-shop.it\/?s={search_term_string}\"},\"query-input\":{\"@type\":\"PropertyValueSpecification\",\"valueRequired\":true,\"valueName\":\"search_term_string\"}}],\"inLanguage\":\"fr-FR\"},{\"@type\":\"Organization\",\"@id\":\"https:\/\/dev6.erresse-shop.it\/#organization\",\"name\":\"Erresse Shop\",\"url\":\"https:\/\/dev6.erresse-shop.it\/\",\"logo\":{\"@type\":\"ImageObject\",\"inLanguage\":\"fr-FR\",\"@id\":\"https:\/\/dev6.erresse-shop.it\/#\/schema\/logo\/image\/\",\"url\":\"https:\/\/dev6.erresse-shop.it\/wp-content\/uploads\/2025\/01\/LOGO-ERRESSE-CLASSICO.svg\",\"contentUrl\":\"https:\/\/dev6.erresse-shop.it\/wp-content\/uploads\/2025\/01\/LOGO-ERRESSE-CLASSICO.svg\",\"caption\":\"Erresse Shop\"},\"image\":{\"@id\":\"https:\/\/dev6.erresse-shop.it\/#\/schema\/logo\/image\/\"}}]}<\/script>\n<!-- \/ Yoast SEO plugin. -->","yoast_head_json":{"title":"G3 FERRARI Pastaio Deluxe Rouge - dev6 Erresse","description":"Le p\u00e9trin professionnel Pastaio Deluxe repr\u00e9sente le nec plus ultra en mati\u00e8re de commodit\u00e9 dans la cuisine : dot\u00e9 d\u2019un moteur \u00e0 entra\u00eenement direct qui","robots":{"index":"noindex","follow":"follow","max-snippet":"max-snippet:-1","max-image-preview":"max-image-preview:large","max-video-preview":"max-video-preview:-1"},"og_locale":"fr_FR","og_type":"article","og_title":"G3 FERRARI Pastaio Deluxe Rouge - dev6 Erresse","og_description":"Le p\u00e9trin professionnel Pastaio Deluxe repr\u00e9sente le nec plus ultra en mati\u00e8re de commodit\u00e9 dans la cuisine : dot\u00e9 d\u2019un moteur \u00e0 entra\u00eenement direct qui","og_url":"https:\/\/dev6.erresse-shop.it\/fr\/shop\/petits-electromenagers\/petrins\/g3-ferrari-pastaio-deluxe-rouge\/","og_site_name":"dev6 Erresse","og_image":[{"url":"https:\/\/interpim.erresse-shop.it\/wp-content\/uploads\/2024\/12\/G3-FERRARI-Pastaio-Deluxe-Rosso.jpg\/g3-ferrari-pastaio-deluxe-rosso.jpg","type":"","width":"","height":""},{"url":"https:\/\/interpim.erresse-shop.it\/wp-content\/uploads\/2024\/12\/G3-FERRARI-Pastaio-Deluxe-Rosso.jpg\/g3-ferrari-pastaio-deluxe-rosso.jpg","width":1024,"height":1024,"type":"image\/jpeg"}],"twitter_card":"summary_large_image","twitter_image":"https:\/\/interpim.erresse-shop.it\/wp-content\/uploads\/2024\/12\/G3-FERRARI-Pastaio-Deluxe-Rosso.jpg\/g3-ferrari-pastaio-deluxe-rosso.jpg","schema":{"@context":"https:\/\/schema.org","@graph":[{"@type":"WebPage","@id":"https:\/\/dev6.erresse-shop.it\/fr\/shop\/petits-electromenagers\/petrins\/g3-ferrari-pastaio-deluxe-rouge\/","url":"https:\/\/dev6.erresse-shop.it\/fr\/shop\/petits-electromenagers\/petrins\/g3-ferrari-pastaio-deluxe-rouge\/","name":"G3 FERRARI Pastaio Deluxe Rouge - dev6 Erresse","isPartOf":{"@id":"https:\/\/dev6.erresse-shop.it\/#website"},"primaryImageOfPage":{"@id":"https:\/\/dev6.erresse-shop.it\/fr\/shop\/petits-electromenagers\/petrins\/g3-ferrari-pastaio-deluxe-rouge\/#primaryimage"},"image":{"@id":"https:\/\/dev6.erresse-shop.it\/fr\/shop\/petits-electromenagers\/petrins\/g3-ferrari-pastaio-deluxe-rouge\/#primaryimage"},"thumbnailUrl":"https:\/\/i2.wp.com\/interpim.erresse-shop.it\/wp-content\/uploads\/2024\/12\/G3-FERRARI-Pastaio-Deluxe-Rosso.jpg\/g3-ferrari-pastaio-deluxe-rosso.jpg?ssl=1","datePublished":"2026-04-12T12:55:15+00:00","description":"Le p\u00e9trin professionnel Pastaio Deluxe repr\u00e9sente le nec plus ultra en mati\u00e8re de commodit\u00e9 dans la cuisine : dot\u00e9 d\u2019un moteur \u00e0 entra\u00eenement direct qui","breadcrumb":{"@id":"https:\/\/dev6.erresse-shop.it\/fr\/shop\/petits-electromenagers\/petrins\/g3-ferrari-pastaio-deluxe-rouge\/#breadcrumb"},"inLanguage":"fr-FR","potentialAction":[{"@type":"ReadAction","target":["https:\/\/dev6.erresse-shop.it\/fr\/shop\/petits-electromenagers\/petrins\/g3-ferrari-pastaio-deluxe-rouge\/"]}]},{"@type":"ImageObject","inLanguage":"fr-FR","@id":"https:\/\/dev6.erresse-shop.it\/fr\/shop\/petits-electromenagers\/petrins\/g3-ferrari-pastaio-deluxe-rouge\/#primaryimage","url":"https:\/\/i2.wp.com\/interpim.erresse-shop.it\/wp-content\/uploads\/2024\/12\/G3-FERRARI-Pastaio-Deluxe-Rosso.jpg\/g3-ferrari-pastaio-deluxe-rosso.jpg?ssl=1","contentUrl":"https:\/\/i2.wp.com\/interpim.erresse-shop.it\/wp-content\/uploads\/2024\/12\/G3-FERRARI-Pastaio-Deluxe-Rosso.jpg\/g3-ferrari-pastaio-deluxe-rosso.jpg?ssl=1"},{"@type":"BreadcrumbList","@id":"https:\/\/dev6.erresse-shop.it\/fr\/shop\/petits-electromenagers\/petrins\/g3-ferrari-pastaio-deluxe-rouge\/#breadcrumb","itemListElement":[{"@type":"ListItem","position":1,"name":"Home","item":"https:\/\/dev6.erresse-shop.it\/"},{"@type":"ListItem","position":2,"name":"Boutique","item":"https:\/\/dev6.erresse-shop.it\/shop\/"},{"@type":"ListItem","position":3,"name":"G3 FERRARI Pastaio Deluxe Rouge"}]},{"@type":"WebSite","@id":"https:\/\/dev6.erresse-shop.it\/#website","url":"https:\/\/dev6.erresse-shop.it\/","name":"Erresse Shop","description":"","publisher":{"@id":"https:\/\/dev6.erresse-shop.it\/#organization"},"potentialAction":[{"@type":"SearchAction","target":{"@type":"EntryPoint","urlTemplate":"https:\/\/dev6.erresse-shop.it\/?s={search_term_string}"},"query-input":{"@type":"PropertyValueSpecification","valueRequired":true,"valueName":"search_term_string"}}],"inLanguage":"fr-FR"},{"@type":"Organization","@id":"https:\/\/dev6.erresse-shop.it\/#organization","name":"Erresse Shop","url":"https:\/\/dev6.erresse-shop.it\/","logo":{"@type":"ImageObject","inLanguage":"fr-FR","@id":"https:\/\/dev6.erresse-shop.it\/#\/schema\/logo\/image\/","url":"https:\/\/dev6.erresse-shop.it\/wp-content\/uploads\/2025\/01\/LOGO-ERRESSE-CLASSICO.svg","contentUrl":"https:\/\/dev6.erresse-shop.it\/wp-content\/uploads\/2025\/01\/LOGO-ERRESSE-CLASSICO.svg","caption":"Erresse Shop"},"image":{"@id":"https:\/\/dev6.erresse-shop.it\/#\/schema\/logo\/image\/"}}]}},"df_price":229.95,"df_sale_price":229.95,"df_regular_price":279.9,"df_image_link":"https:\/\/i2.wp.com\/interpim.erresse-shop.it\/wp-content\/uploads\/2024\/12\/G3-FERRARI-Pastaio-Deluxe-Rosso.jpg\/g3-ferrari-pastaio-deluxe-rosso.jpg?resize=300,300&ssl=1","fifu_image_url":"https:\/\/interpim.erresse-shop.it\/wp-content\/uploads\/2024\/12\/G3-FERRARI-Pastaio-Deluxe-Rosso.jpg\/g3-ferrari-pastaio-deluxe-rosso.jpg","_links":{"self":[{"href":"https:\/\/dev6.erresse-shop.it\/fr\/wp-json\/wp\/v2\/product\/1609115","targetHints":{"allow":["GET"]}}],"collection":[{"href":"https:\/\/dev6.erresse-shop.it\/fr\/wp-json\/wp\/v2\/product"}],"about":[{"href":"https:\/\/dev6.erresse-shop.it\/fr\/wp-json\/wp\/v2\/types\/product"}],"wp:featuredmedia":[{"embeddable":true,"href":"https:\/\/dev6.erresse-shop.it\/fr\/wp-json\/wp\/v2\/media\/6381567"}],"wp:attachment":[{"href":"https:\/\/dev6.erresse-shop.it\/fr\/wp-json\/wp\/v2\/media?parent=1609115"}],"wp:term":[{"taxonomy":"product_cat","embeddable":true,"href":"https:\/\/dev6.erresse-shop.it\/fr\/wp-json\/wp\/v2\/product_cat?post=1609115"},{"taxonomy":"product_tag","embeddable":true,"href":"https:\/\/dev6.erresse-shop.it\/fr\/wp-json\/wp\/v2\/product_tag?post=1609115"}],"curies":[{"name":"wp","href":"https:\/\/api.w.org\/{rel}","templated":true}]}}