{"id":1609111,"date":"2026-04-12T12:30:20","date_gmt":"2026-04-12T10:30:20","guid":{"rendered":"https:\/\/dev6.erresse-shop.it\/shop\/non%20class\u00e9\/zwilling-set-de-couteaux-gourmet-3\/"},"modified":"2025-09-14T06:17:28","modified_gmt":"2025-09-14T04:17:28","slug":"zwilling-set-de-couteaux-gourmet-3","status":"publish","type":"product","link":"https:\/\/dev6.erresse-shop.it\/fr\/shop\/cuisine\/couteaux\/couteaux-de-cuisine\/zwilling-set-de-couteaux-gourmet-3\/","title":{"rendered":"ZWILLING Set de couteaux Gourmet 3"},"content":{"rendered":"<p>Le set de 3 couteaux de la ligne ZWILLING Gourmet contient les couteaux de cuisine dont vous avez le plus besoin pour pr\u00e9parer vos d\u00e9licieux plats. Vous y trouverez un couteau d\u2019office (longueur de lame 10 cm) pour \u00e9plucher et couper les fruits et l\u00e9gumes et un couteau \u00e0 d\u00e9couper (longueur de lame 16 cm) qui vous permettra de d\u00e9couper facilement tout type de viande. Le set est compl\u00e9t\u00e9 par le couteau de chef (longueur de lame 20 cm) avec lequel vous pouvez trancher, hacher, ciseler ou \u00e9mincer les ingr\u00e9dients. Les lames FRIODUR\u00ae des couteaux de cuisine sont tremp\u00e9es dans la glace et, gr\u00e2ce \u00e0 ce processus, deviennent incroyablement robustes et r\u00e9sistantes \u00e0 la corrosion. De plus, l\u2019utilisation des couteaux est incroyablement facile, car ils sont bien \u00e9quilibr\u00e9s et tr\u00e8s l\u00e9gers, de sorte que cuisiner devient un plaisir !<\/p>\n<p>Acier inoxydable sp\u00e9cial qui rend les lames solides, r\u00e9sistantes \u00e0 la corrosion et flexibles<br \/>\nCouteau parfaitement \u00e9quilibr\u00e9 pour un travail sans effort<br \/>\nManche ergonomique pour un travail sans effort et en toute s\u00e9curit\u00e9, en mati\u00e8re synth\u00e9tique avec design \u00e0 3 rivets et logo ZWILLING\u00ae grav\u00e9 au laser sur le rivet central<br \/>\nFabriqu\u00e9 \u00e0 Solingen<br \/>\nComprend 1 couteau \u00e0 garnir (10 cm), 1 couteau \u00e0 viande (16 cm), 1 couteau de chef (20 cm)<\/p>\n<p>Mat\u00e9riau : acier inoxydable avec formule sp\u00e9cifique<br \/>\nType de bord : lisse<br \/>\nM\u00e9thode de production : d\u00e9coupe au laser<br \/>\nNombre de pi\u00e8ces : 3<br \/>\nCouleur du manche : noir<br \/>\nMat\u00e9riau du manche:plastique<\/p>\n<p>DIMENSIONS<\/p>\n<p>Poids net:0,36 kg<br \/>\nLongueur du produit : 42,00 cm<br \/>\nLargeur du produit : 13,80 cm<br \/>\nHauteur du produit : 3,00 cm<\/p>\n","protected":false},"excerpt":{"rendered":"<p>Le set de 3 couteaux de la ligne ZWILLING Gourmet contient les couteaux de cuisine dont vous avez le plus besoin pour pr\u00e9parer vos d\u00e9licieux plats. Vous y trouverez un couteau d\u2019office (longueur de lame 10 cm) pour \u00e9plucher et couper les fruits et l\u00e9gumes et un couteau \u00e0 d\u00e9couper (longueur de lame 16 cm) [&hellip;]<\/p>\n","protected":false},"featured_media":6373150,"template":"","meta":{"_acf_changed":false},"product_cat":[11997],"product_tag":[],"class_list":{"0":"post-1609111","1":"product","2":"type-product","3":"status-publish","4":"has-post-thumbnail","6":"product_cat-couteaux-de-cuisine","8":"first","9":"instock","10":"sale","11":"taxable","12":"shipping-taxable","13":"purchasable","14":"product-type-simple","swatches":"rey-swatches","show_selected":"","stretch_labels":"rey-swatches--stretch-labels"},"acf":[],"yoast_head":"<!-- This site is optimized with the Yoast SEO plugin v25.4 - https:\/\/yoast.com\/wordpress\/plugins\/seo\/ -->\n<title>ZWILLING Set de couteaux Gourmet 3 - dev6 Erresse<\/title>\n<meta name=\"description\" content=\"Le set de 3 couteaux de la ligne ZWILLING Gourmet contient les couteaux de cuisine dont vous avez le plus besoin pour pr\u00e9parer vos d\u00e9licieux plats. Vous y\" \/>\n<meta name=\"robots\" content=\"noindex, follow, max-snippet:-1, max-image-preview:large, max-video-preview:-1\" \/>\n<meta property=\"og:locale\" content=\"fr_FR\" \/>\n<meta property=\"og:type\" content=\"article\" \/>\n<meta property=\"og:title\" content=\"ZWILLING Set de couteaux Gourmet 3 - dev6 Erresse\" \/>\n<meta property=\"og:description\" content=\"Le set de 3 couteaux de la ligne ZWILLING Gourmet contient les couteaux de cuisine dont vous avez le plus besoin pour pr\u00e9parer vos d\u00e9licieux plats. Vous y\" \/>\n<meta property=\"og:url\" content=\"https:\/\/dev6.erresse-shop.it\/fr\/shop\/cuisine\/couteaux\/couteaux-de-cuisine\/zwilling-set-de-couteaux-gourmet-3\/\" \/>\n<meta property=\"og:site_name\" content=\"dev6 Erresse\" \/>\n<meta property=\"og:image\" content=\"https:\/\/interpim.erresse-shop.it\/Import\/Prodotti\/zwilling-set-3-coltelli-gourmet.jpg\" \/><meta property=\"og:image\" content=\"https:\/\/interpim.erresse-shop.it\/Import\/Prodotti\/zwilling-set-3-coltelli-gourmet.jpg\" \/>\n\t<meta property=\"og:image:width\" content=\"1024\" \/>\n\t<meta property=\"og:image:height\" content=\"1024\" \/>\n\t<meta property=\"og:image:type\" content=\"image\/jpeg\" \/>\n<meta name=\"twitter:card\" content=\"summary_large_image\" \/>\n<meta name=\"twitter:image\" content=\"https:\/\/interpim.erresse-shop.it\/Import\/Prodotti\/zwilling-set-3-coltelli-gourmet.jpg\" \/>\n<script type=\"application\/ld+json\" class=\"yoast-schema-graph\">{\"@context\":\"https:\/\/schema.org\",\"@graph\":[{\"@type\":\"WebPage\",\"@id\":\"https:\/\/dev6.erresse-shop.it\/fr\/shop\/cuisine\/couteaux\/couteaux-de-cuisine\/zwilling-set-de-couteaux-gourmet-3\/\",\"url\":\"https:\/\/dev6.erresse-shop.it\/fr\/shop\/cuisine\/couteaux\/couteaux-de-cuisine\/zwilling-set-de-couteaux-gourmet-3\/\",\"name\":\"ZWILLING Set de couteaux Gourmet 3 - dev6 Erresse\",\"isPartOf\":{\"@id\":\"https:\/\/dev6.erresse-shop.it\/#website\"},\"primaryImageOfPage\":{\"@id\":\"https:\/\/dev6.erresse-shop.it\/fr\/shop\/cuisine\/couteaux\/couteaux-de-cuisine\/zwilling-set-de-couteaux-gourmet-3\/#primaryimage\"},\"image\":{\"@id\":\"https:\/\/dev6.erresse-shop.it\/fr\/shop\/cuisine\/couteaux\/couteaux-de-cuisine\/zwilling-set-de-couteaux-gourmet-3\/#primaryimage\"},\"thumbnailUrl\":\"https:\/\/i3.wp.com\/interpim.erresse-shop.it\/Import\/Prodotti\/zwilling-set-3-coltelli-gourmet.jpg?ssl=1\",\"datePublished\":\"2026-04-12T10:30:20+00:00\",\"description\":\"Le set de 3 couteaux de la ligne ZWILLING Gourmet contient les couteaux de cuisine dont vous avez le plus besoin pour pr\u00e9parer vos d\u00e9licieux plats. Vous y\",\"breadcrumb\":{\"@id\":\"https:\/\/dev6.erresse-shop.it\/fr\/shop\/cuisine\/couteaux\/couteaux-de-cuisine\/zwilling-set-de-couteaux-gourmet-3\/#breadcrumb\"},\"inLanguage\":\"fr-FR\",\"potentialAction\":[{\"@type\":\"ReadAction\",\"target\":[\"https:\/\/dev6.erresse-shop.it\/fr\/shop\/cuisine\/couteaux\/couteaux-de-cuisine\/zwilling-set-de-couteaux-gourmet-3\/\"]}]},{\"@type\":\"ImageObject\",\"inLanguage\":\"fr-FR\",\"@id\":\"https:\/\/dev6.erresse-shop.it\/fr\/shop\/cuisine\/couteaux\/couteaux-de-cuisine\/zwilling-set-de-couteaux-gourmet-3\/#primaryimage\",\"url\":\"https:\/\/i3.wp.com\/interpim.erresse-shop.it\/Import\/Prodotti\/zwilling-set-3-coltelli-gourmet.jpg?ssl=1\",\"contentUrl\":\"https:\/\/i3.wp.com\/interpim.erresse-shop.it\/Import\/Prodotti\/zwilling-set-3-coltelli-gourmet.jpg?ssl=1\"},{\"@type\":\"BreadcrumbList\",\"@id\":\"https:\/\/dev6.erresse-shop.it\/fr\/shop\/cuisine\/couteaux\/couteaux-de-cuisine\/zwilling-set-de-couteaux-gourmet-3\/#breadcrumb\",\"itemListElement\":[{\"@type\":\"ListItem\",\"position\":1,\"name\":\"Home\",\"item\":\"https:\/\/dev6.erresse-shop.it\/\"},{\"@type\":\"ListItem\",\"position\":2,\"name\":\"Boutique\",\"item\":\"https:\/\/dev6.erresse-shop.it\/shop\/\"},{\"@type\":\"ListItem\",\"position\":3,\"name\":\"ZWILLING Set de couteaux Gourmet 3\"}]},{\"@type\":\"WebSite\",\"@id\":\"https:\/\/dev6.erresse-shop.it\/#website\",\"url\":\"https:\/\/dev6.erresse-shop.it\/\",\"name\":\"Erresse Shop\",\"description\":\"\",\"publisher\":{\"@id\":\"https:\/\/dev6.erresse-shop.it\/#organization\"},\"potentialAction\":[{\"@type\":\"SearchAction\",\"target\":{\"@type\":\"EntryPoint\",\"urlTemplate\":\"https:\/\/dev6.erresse-shop.it\/?s={search_term_string}\"},\"query-input\":{\"@type\":\"PropertyValueSpecification\",\"valueRequired\":true,\"valueName\":\"search_term_string\"}}],\"inLanguage\":\"fr-FR\"},{\"@type\":\"Organization\",\"@id\":\"https:\/\/dev6.erresse-shop.it\/#organization\",\"name\":\"Erresse Shop\",\"url\":\"https:\/\/dev6.erresse-shop.it\/\",\"logo\":{\"@type\":\"ImageObject\",\"inLanguage\":\"fr-FR\",\"@id\":\"https:\/\/dev6.erresse-shop.it\/#\/schema\/logo\/image\/\",\"url\":\"https:\/\/dev6.erresse-shop.it\/wp-content\/uploads\/2025\/01\/LOGO-ERRESSE-CLASSICO.svg\",\"contentUrl\":\"https:\/\/dev6.erresse-shop.it\/wp-content\/uploads\/2025\/01\/LOGO-ERRESSE-CLASSICO.svg\",\"caption\":\"Erresse Shop\"},\"image\":{\"@id\":\"https:\/\/dev6.erresse-shop.it\/#\/schema\/logo\/image\/\"}}]}<\/script>\n<!-- \/ Yoast SEO plugin. -->","yoast_head_json":{"title":"ZWILLING Set de couteaux Gourmet 3 - dev6 Erresse","description":"Le set de 3 couteaux de la ligne ZWILLING Gourmet contient les couteaux de cuisine dont vous avez le plus besoin pour pr\u00e9parer vos d\u00e9licieux plats. Vous y","robots":{"index":"noindex","follow":"follow","max-snippet":"max-snippet:-1","max-image-preview":"max-image-preview:large","max-video-preview":"max-video-preview:-1"},"og_locale":"fr_FR","og_type":"article","og_title":"ZWILLING Set de couteaux Gourmet 3 - dev6 Erresse","og_description":"Le set de 3 couteaux de la ligne ZWILLING Gourmet contient les couteaux de cuisine dont vous avez le plus besoin pour pr\u00e9parer vos d\u00e9licieux plats. Vous y","og_url":"https:\/\/dev6.erresse-shop.it\/fr\/shop\/cuisine\/couteaux\/couteaux-de-cuisine\/zwilling-set-de-couteaux-gourmet-3\/","og_site_name":"dev6 Erresse","og_image":[{"url":"https:\/\/interpim.erresse-shop.it\/Import\/Prodotti\/zwilling-set-3-coltelli-gourmet.jpg","type":"","width":"","height":""},{"url":"https:\/\/interpim.erresse-shop.it\/Import\/Prodotti\/zwilling-set-3-coltelli-gourmet.jpg","width":1024,"height":1024,"type":"image\/jpeg"}],"twitter_card":"summary_large_image","twitter_image":"https:\/\/interpim.erresse-shop.it\/Import\/Prodotti\/zwilling-set-3-coltelli-gourmet.jpg","schema":{"@context":"https:\/\/schema.org","@graph":[{"@type":"WebPage","@id":"https:\/\/dev6.erresse-shop.it\/fr\/shop\/cuisine\/couteaux\/couteaux-de-cuisine\/zwilling-set-de-couteaux-gourmet-3\/","url":"https:\/\/dev6.erresse-shop.it\/fr\/shop\/cuisine\/couteaux\/couteaux-de-cuisine\/zwilling-set-de-couteaux-gourmet-3\/","name":"ZWILLING Set de couteaux Gourmet 3 - dev6 Erresse","isPartOf":{"@id":"https:\/\/dev6.erresse-shop.it\/#website"},"primaryImageOfPage":{"@id":"https:\/\/dev6.erresse-shop.it\/fr\/shop\/cuisine\/couteaux\/couteaux-de-cuisine\/zwilling-set-de-couteaux-gourmet-3\/#primaryimage"},"image":{"@id":"https:\/\/dev6.erresse-shop.it\/fr\/shop\/cuisine\/couteaux\/couteaux-de-cuisine\/zwilling-set-de-couteaux-gourmet-3\/#primaryimage"},"thumbnailUrl":"https:\/\/i3.wp.com\/interpim.erresse-shop.it\/Import\/Prodotti\/zwilling-set-3-coltelli-gourmet.jpg?ssl=1","datePublished":"2026-04-12T10:30:20+00:00","description":"Le set de 3 couteaux de la ligne ZWILLING Gourmet contient les couteaux de cuisine dont vous avez le plus besoin pour pr\u00e9parer vos d\u00e9licieux plats. Vous y","breadcrumb":{"@id":"https:\/\/dev6.erresse-shop.it\/fr\/shop\/cuisine\/couteaux\/couteaux-de-cuisine\/zwilling-set-de-couteaux-gourmet-3\/#breadcrumb"},"inLanguage":"fr-FR","potentialAction":[{"@type":"ReadAction","target":["https:\/\/dev6.erresse-shop.it\/fr\/shop\/cuisine\/couteaux\/couteaux-de-cuisine\/zwilling-set-de-couteaux-gourmet-3\/"]}]},{"@type":"ImageObject","inLanguage":"fr-FR","@id":"https:\/\/dev6.erresse-shop.it\/fr\/shop\/cuisine\/couteaux\/couteaux-de-cuisine\/zwilling-set-de-couteaux-gourmet-3\/#primaryimage","url":"https:\/\/i3.wp.com\/interpim.erresse-shop.it\/Import\/Prodotti\/zwilling-set-3-coltelli-gourmet.jpg?ssl=1","contentUrl":"https:\/\/i3.wp.com\/interpim.erresse-shop.it\/Import\/Prodotti\/zwilling-set-3-coltelli-gourmet.jpg?ssl=1"},{"@type":"BreadcrumbList","@id":"https:\/\/dev6.erresse-shop.it\/fr\/shop\/cuisine\/couteaux\/couteaux-de-cuisine\/zwilling-set-de-couteaux-gourmet-3\/#breadcrumb","itemListElement":[{"@type":"ListItem","position":1,"name":"Home","item":"https:\/\/dev6.erresse-shop.it\/"},{"@type":"ListItem","position":2,"name":"Boutique","item":"https:\/\/dev6.erresse-shop.it\/shop\/"},{"@type":"ListItem","position":3,"name":"ZWILLING Set de couteaux Gourmet 3"}]},{"@type":"WebSite","@id":"https:\/\/dev6.erresse-shop.it\/#website","url":"https:\/\/dev6.erresse-shop.it\/","name":"Erresse Shop","description":"","publisher":{"@id":"https:\/\/dev6.erresse-shop.it\/#organization"},"potentialAction":[{"@type":"SearchAction","target":{"@type":"EntryPoint","urlTemplate":"https:\/\/dev6.erresse-shop.it\/?s={search_term_string}"},"query-input":{"@type":"PropertyValueSpecification","valueRequired":true,"valueName":"search_term_string"}}],"inLanguage":"fr-FR"},{"@type":"Organization","@id":"https:\/\/dev6.erresse-shop.it\/#organization","name":"Erresse Shop","url":"https:\/\/dev6.erresse-shop.it\/","logo":{"@type":"ImageObject","inLanguage":"fr-FR","@id":"https:\/\/dev6.erresse-shop.it\/#\/schema\/logo\/image\/","url":"https:\/\/dev6.erresse-shop.it\/wp-content\/uploads\/2025\/01\/LOGO-ERRESSE-CLASSICO.svg","contentUrl":"https:\/\/dev6.erresse-shop.it\/wp-content\/uploads\/2025\/01\/LOGO-ERRESSE-CLASSICO.svg","caption":"Erresse Shop"},"image":{"@id":"https:\/\/dev6.erresse-shop.it\/#\/schema\/logo\/image\/"}}]}},"df_price":89,"df_sale_price":89,"df_regular_price":119,"df_image_link":"https:\/\/i3.wp.com\/interpim.erresse-shop.it\/Import\/Prodotti\/zwilling-set-3-coltelli-gourmet.jpg?resize=300,300&ssl=1","fifu_image_url":"https:\/\/interpim.erresse-shop.it\/Import\/Prodotti\/zwilling-set-3-coltelli-gourmet.jpg","_links":{"self":[{"href":"https:\/\/dev6.erresse-shop.it\/fr\/wp-json\/wp\/v2\/product\/1609111","targetHints":{"allow":["GET"]}}],"collection":[{"href":"https:\/\/dev6.erresse-shop.it\/fr\/wp-json\/wp\/v2\/product"}],"about":[{"href":"https:\/\/dev6.erresse-shop.it\/fr\/wp-json\/wp\/v2\/types\/product"}],"wp:featuredmedia":[{"embeddable":true,"href":"https:\/\/dev6.erresse-shop.it\/fr\/wp-json\/wp\/v2\/media\/6373150"}],"wp:attachment":[{"href":"https:\/\/dev6.erresse-shop.it\/fr\/wp-json\/wp\/v2\/media?parent=1609111"}],"wp:term":[{"taxonomy":"product_cat","embeddable":true,"href":"https:\/\/dev6.erresse-shop.it\/fr\/wp-json\/wp\/v2\/product_cat?post=1609111"},{"taxonomy":"product_tag","embeddable":true,"href":"https:\/\/dev6.erresse-shop.it\/fr\/wp-json\/wp\/v2\/product_tag?post=1609111"}],"curies":[{"name":"wp","href":"https:\/\/api.w.org\/{rel}","templated":true}]}}