{"id":1609109,"date":"2026-04-04T14:49:46","date_gmt":"2026-04-04T12:49:46","guid":{"rendered":"https:\/\/dev6.erresse-shop.it\/shop\/non%20class\u00e9\/fratelli-desideri-masterchef-mistery-box-sunset-rice-di-tracy\/"},"modified":"2025-09-14T07:14:47","modified_gmt":"2025-09-14T05:14:47","slug":"fratelli-desideri-masterchef-mistery-box-sunset-rice-di-tracy","status":"publish","type":"product","link":"https:\/\/dev6.erresse-shop.it\/fr\/shop\/food-fr\/fratelli-desideri-masterchef-mistery-box-sunset-rice-di-tracy\/","title":{"rendered":"FRATELLI DESIDERI Masterchef Mistery Box Sunset Rice di Tracy"},"content":{"rendered":"<p>Imaginez avoir le soleil d\u2019un Africain coucher de soleil dans l\u2019assiette, une lumi\u00e8re chaude et dor\u00e9e qui transpara\u00eet \u00e0 travers les saveurs d\u2019un plat qui raconte des histoires lointaines. Avec cette recette, Tracy nous invite \u00e0 embarquer dans un v\u00e9ritable voyage esth\u00e9tique et sensoriel entre deux continents, alliant tradition et innovation dans une exp\u00e9rience culinaire qui va bien au-del\u00e0 de la simple alimentation. Chaque ingr\u00e9dient est soigneusement choisi pour nous transporter dans un monde o\u00f9 les notes et les saveurs s\u2019entrem\u00ealent dans une danse qui stimule les sens et attise notre curiosit\u00e9.<\/p>\n<p>Les notes enveloppantes du safran, \u00e0 la couleur dor\u00e9e et au parfum incomparable, forment le fond et rehaussent en m\u00eame temps les accents aromatiques de l\u2019ail noir, qui ajoute de la profondeur et une l\u00e9g\u00e8re douceur fum\u00e9e au plat. La combinaison de ces ingr\u00e9dients cr\u00e9e une base qui surprend et ravit, un \u00e9quilibre parfait entre tradition et modernit\u00e9.<\/p>\n<p>Mais la magie ne s\u2019arr\u00eate pas l\u00e0 : les deux poudres de chipotle et de paprika, avec leur intensit\u00e9 et leur polyvalence, donnent des sensations \u00e9pic\u00e9es mais en m\u00eame temps douces \u00e0 la fin, ajoutant cette touche de vivacit\u00e9 qui fait de chaque bouch\u00e9e une exp\u00e9rience unique et m\u00e9morable. . Le piquant se r\u00e9v\u00e8le lentement, augmentant l\u2019intensit\u00e9 et donnant une \u00e9nergie difficile \u00e0 d\u00e9crire avec des mots, mais qui peut \u00eatre ressentie \u00e0 tous les go\u00fbts.<\/p>\n<p>Dans ce plat, Tracy nous propose non seulement une recette, mais nous entra\u00eene dans une aventure sensorielle m\u00ealant couleurs, ar\u00f4mes et saveurs. C\u2019est une invitation \u00e0 d\u00e9couvrir de nouveaux horizons culinaires, \u00e0 embrasser le m\u00e9lange de cultures et de traditions que la gastronomie peut offrir. Chaque \u00e9l\u00e9ment de la recette semble raconter une histoire de terres lointaines, de gens qui, \u00e0 travers la nourriture, se connectent, communiquent et partagent la beaut\u00e9 du monde.<\/p>\n<p>Bienvenue dans le monde magique de Tracy, o\u00f9 chaque plat est une histoire et chaque saveur est une promesse de nouvelles d\u00e9couvertes.<\/p>\n<p>D\u00e9tails du produit\u00a0:<\/p>\n<p>Portions\u00a0: 4 personnes<br \/>\nTemps de pr\u00e9paration\u00a0: 20 min.<br \/>\nDifficult\u00e9\u00a0: Moyenne<\/p>\n","protected":false},"excerpt":{"rendered":"<p>Imaginez avoir le soleil d\u2019un Africain coucher de soleil dans l\u2019assiette, une lumi\u00e8re chaude et dor\u00e9e qui transpara\u00eet \u00e0 travers les saveurs d\u2019un plat qui raconte des histoires lointaines. Avec cette recette, Tracy nous invite \u00e0 embarquer dans un v\u00e9ritable voyage esth\u00e9tique et sensoriel entre deux continents, alliant tradition et innovation dans une exp\u00e9rience culinaire [&hellip;]<\/p>\n","protected":false},"featured_media":6298249,"template":"","meta":{"_acf_changed":false},"product_cat":[12049],"product_tag":[],"class_list":{"0":"post-1609109","1":"product","2":"type-product","3":"status-publish","4":"has-post-thumbnail","6":"product_cat-food-fr","8":"first","9":"instock","10":"taxable","11":"shipping-taxable","12":"purchasable","13":"product-type-simple","swatches":"rey-swatches","show_selected":"","stretch_labels":"rey-swatches--stretch-labels"},"acf":[],"yoast_head":"<!-- This site is optimized with the Yoast SEO plugin v25.4 - https:\/\/yoast.com\/wordpress\/plugins\/seo\/ -->\n<title>FRATELLI DESIDERI Masterchef Mistery Box Sunset Rice di Tracy - dev6 Erresse<\/title>\n<meta name=\"description\" content=\"Imaginez avoir le soleil d\u2019un Africain coucher de soleil dans l\u2019assiette, une lumi\u00e8re chaude et dor\u00e9e qui transpara\u00eet \u00e0 travers les saveurs d\u2019un plat qui\" \/>\n<meta name=\"robots\" content=\"noindex, follow, max-snippet:-1, max-image-preview:large, max-video-preview:-1\" \/>\n<meta property=\"og:locale\" content=\"fr_FR\" \/>\n<meta property=\"og:type\" content=\"article\" \/>\n<meta property=\"og:title\" content=\"FRATELLI DESIDERI Masterchef Mistery Box Sunset Rice di Tracy - dev6 Erresse\" \/>\n<meta property=\"og:description\" content=\"Imaginez avoir le soleil d\u2019un Africain coucher de soleil dans l\u2019assiette, une lumi\u00e8re chaude et dor\u00e9e qui transpara\u00eet \u00e0 travers les saveurs d\u2019un plat qui\" \/>\n<meta property=\"og:url\" content=\"https:\/\/dev6.erresse-shop.it\/fr\/shop\/food-fr\/fratelli-desideri-masterchef-mistery-box-sunset-rice-di-tracy\/\" \/>\n<meta property=\"og:site_name\" content=\"dev6 Erresse\" \/>\n<meta property=\"og:image\" content=\"https:\/\/interpim.erresse-shop.it\/Import\/Prodotti\/fratelli-desideri-masterchef-mistery-box-sunset-rice.jpg\" \/><meta property=\"og:image\" content=\"https:\/\/interpim.erresse-shop.it\/Import\/Prodotti\/fratelli-desideri-masterchef-mistery-box-sunset-rice.jpg\" \/>\n\t<meta property=\"og:image:width\" content=\"1024\" \/>\n\t<meta property=\"og:image:height\" content=\"1024\" \/>\n\t<meta property=\"og:image:type\" content=\"image\/jpeg\" \/>\n<meta name=\"twitter:card\" content=\"summary_large_image\" \/>\n<meta name=\"twitter:image\" content=\"https:\/\/interpim.erresse-shop.it\/Import\/Prodotti\/fratelli-desideri-masterchef-mistery-box-sunset-rice.jpg\" \/>\n<script type=\"application\/ld+json\" class=\"yoast-schema-graph\">{\"@context\":\"https:\/\/schema.org\",\"@graph\":[{\"@type\":\"WebPage\",\"@id\":\"https:\/\/dev6.erresse-shop.it\/fr\/shop\/food-fr\/fratelli-desideri-masterchef-mistery-box-sunset-rice-di-tracy\/\",\"url\":\"https:\/\/dev6.erresse-shop.it\/fr\/shop\/food-fr\/fratelli-desideri-masterchef-mistery-box-sunset-rice-di-tracy\/\",\"name\":\"FRATELLI DESIDERI Masterchef Mistery Box Sunset Rice di Tracy - dev6 Erresse\",\"isPartOf\":{\"@id\":\"https:\/\/dev6.erresse-shop.it\/#website\"},\"primaryImageOfPage\":{\"@id\":\"https:\/\/dev6.erresse-shop.it\/fr\/shop\/food-fr\/fratelli-desideri-masterchef-mistery-box-sunset-rice-di-tracy\/#primaryimage\"},\"image\":{\"@id\":\"https:\/\/dev6.erresse-shop.it\/fr\/shop\/food-fr\/fratelli-desideri-masterchef-mistery-box-sunset-rice-di-tracy\/#primaryimage\"},\"thumbnailUrl\":\"https:\/\/i2.wp.com\/interpim.erresse-shop.it\/Import\/Prodotti\/fratelli-desideri-masterchef-mistery-box-sunset-rice.jpg?ssl=1\",\"datePublished\":\"2026-04-04T12:49:46+00:00\",\"description\":\"Imaginez avoir le soleil d\u2019un Africain coucher de soleil dans l\u2019assiette, une lumi\u00e8re chaude et dor\u00e9e qui transpara\u00eet \u00e0 travers les saveurs d\u2019un plat qui\",\"breadcrumb\":{\"@id\":\"https:\/\/dev6.erresse-shop.it\/fr\/shop\/food-fr\/fratelli-desideri-masterchef-mistery-box-sunset-rice-di-tracy\/#breadcrumb\"},\"inLanguage\":\"fr-FR\",\"potentialAction\":[{\"@type\":\"ReadAction\",\"target\":[\"https:\/\/dev6.erresse-shop.it\/fr\/shop\/food-fr\/fratelli-desideri-masterchef-mistery-box-sunset-rice-di-tracy\/\"]}]},{\"@type\":\"ImageObject\",\"inLanguage\":\"fr-FR\",\"@id\":\"https:\/\/dev6.erresse-shop.it\/fr\/shop\/food-fr\/fratelli-desideri-masterchef-mistery-box-sunset-rice-di-tracy\/#primaryimage\",\"url\":\"https:\/\/i2.wp.com\/interpim.erresse-shop.it\/Import\/Prodotti\/fratelli-desideri-masterchef-mistery-box-sunset-rice.jpg?ssl=1\",\"contentUrl\":\"https:\/\/i2.wp.com\/interpim.erresse-shop.it\/Import\/Prodotti\/fratelli-desideri-masterchef-mistery-box-sunset-rice.jpg?ssl=1\"},{\"@type\":\"BreadcrumbList\",\"@id\":\"https:\/\/dev6.erresse-shop.it\/fr\/shop\/food-fr\/fratelli-desideri-masterchef-mistery-box-sunset-rice-di-tracy\/#breadcrumb\",\"itemListElement\":[{\"@type\":\"ListItem\",\"position\":1,\"name\":\"Home\",\"item\":\"https:\/\/dev6.erresse-shop.it\/\"},{\"@type\":\"ListItem\",\"position\":2,\"name\":\"Boutique\",\"item\":\"https:\/\/dev6.erresse-shop.it\/shop\/\"},{\"@type\":\"ListItem\",\"position\":3,\"name\":\"FRATELLI DESIDERI Masterchef Mistery Box Sunset Rice di Tracy\"}]},{\"@type\":\"WebSite\",\"@id\":\"https:\/\/dev6.erresse-shop.it\/#website\",\"url\":\"https:\/\/dev6.erresse-shop.it\/\",\"name\":\"Erresse Shop\",\"description\":\"\",\"publisher\":{\"@id\":\"https:\/\/dev6.erresse-shop.it\/#organization\"},\"potentialAction\":[{\"@type\":\"SearchAction\",\"target\":{\"@type\":\"EntryPoint\",\"urlTemplate\":\"https:\/\/dev6.erresse-shop.it\/?s={search_term_string}\"},\"query-input\":{\"@type\":\"PropertyValueSpecification\",\"valueRequired\":true,\"valueName\":\"search_term_string\"}}],\"inLanguage\":\"fr-FR\"},{\"@type\":\"Organization\",\"@id\":\"https:\/\/dev6.erresse-shop.it\/#organization\",\"name\":\"Erresse Shop\",\"url\":\"https:\/\/dev6.erresse-shop.it\/\",\"logo\":{\"@type\":\"ImageObject\",\"inLanguage\":\"fr-FR\",\"@id\":\"https:\/\/dev6.erresse-shop.it\/#\/schema\/logo\/image\/\",\"url\":\"https:\/\/dev6.erresse-shop.it\/wp-content\/uploads\/2025\/01\/LOGO-ERRESSE-CLASSICO.svg\",\"contentUrl\":\"https:\/\/dev6.erresse-shop.it\/wp-content\/uploads\/2025\/01\/LOGO-ERRESSE-CLASSICO.svg\",\"caption\":\"Erresse Shop\"},\"image\":{\"@id\":\"https:\/\/dev6.erresse-shop.it\/#\/schema\/logo\/image\/\"}}]}<\/script>\n<!-- \/ Yoast SEO plugin. -->","yoast_head_json":{"title":"FRATELLI DESIDERI Masterchef Mistery Box Sunset Rice di Tracy - dev6 Erresse","description":"Imaginez avoir le soleil d\u2019un Africain coucher de soleil dans l\u2019assiette, une lumi\u00e8re chaude et dor\u00e9e qui transpara\u00eet \u00e0 travers les saveurs d\u2019un plat qui","robots":{"index":"noindex","follow":"follow","max-snippet":"max-snippet:-1","max-image-preview":"max-image-preview:large","max-video-preview":"max-video-preview:-1"},"og_locale":"fr_FR","og_type":"article","og_title":"FRATELLI DESIDERI Masterchef Mistery Box Sunset Rice di Tracy - dev6 Erresse","og_description":"Imaginez avoir le soleil d\u2019un Africain coucher de soleil dans l\u2019assiette, une lumi\u00e8re chaude et dor\u00e9e qui transpara\u00eet \u00e0 travers les saveurs d\u2019un plat qui","og_url":"https:\/\/dev6.erresse-shop.it\/fr\/shop\/food-fr\/fratelli-desideri-masterchef-mistery-box-sunset-rice-di-tracy\/","og_site_name":"dev6 Erresse","og_image":[{"url":"https:\/\/interpim.erresse-shop.it\/Import\/Prodotti\/fratelli-desideri-masterchef-mistery-box-sunset-rice.jpg","type":"","width":"","height":""},{"url":"https:\/\/interpim.erresse-shop.it\/Import\/Prodotti\/fratelli-desideri-masterchef-mistery-box-sunset-rice.jpg","width":1024,"height":1024,"type":"image\/jpeg"}],"twitter_card":"summary_large_image","twitter_image":"https:\/\/interpim.erresse-shop.it\/Import\/Prodotti\/fratelli-desideri-masterchef-mistery-box-sunset-rice.jpg","schema":{"@context":"https:\/\/schema.org","@graph":[{"@type":"WebPage","@id":"https:\/\/dev6.erresse-shop.it\/fr\/shop\/food-fr\/fratelli-desideri-masterchef-mistery-box-sunset-rice-di-tracy\/","url":"https:\/\/dev6.erresse-shop.it\/fr\/shop\/food-fr\/fratelli-desideri-masterchef-mistery-box-sunset-rice-di-tracy\/","name":"FRATELLI DESIDERI Masterchef Mistery Box Sunset Rice di Tracy - dev6 Erresse","isPartOf":{"@id":"https:\/\/dev6.erresse-shop.it\/#website"},"primaryImageOfPage":{"@id":"https:\/\/dev6.erresse-shop.it\/fr\/shop\/food-fr\/fratelli-desideri-masterchef-mistery-box-sunset-rice-di-tracy\/#primaryimage"},"image":{"@id":"https:\/\/dev6.erresse-shop.it\/fr\/shop\/food-fr\/fratelli-desideri-masterchef-mistery-box-sunset-rice-di-tracy\/#primaryimage"},"thumbnailUrl":"https:\/\/i2.wp.com\/interpim.erresse-shop.it\/Import\/Prodotti\/fratelli-desideri-masterchef-mistery-box-sunset-rice.jpg?ssl=1","datePublished":"2026-04-04T12:49:46+00:00","description":"Imaginez avoir le soleil d\u2019un Africain coucher de soleil dans l\u2019assiette, une lumi\u00e8re chaude et dor\u00e9e qui transpara\u00eet \u00e0 travers les saveurs d\u2019un plat qui","breadcrumb":{"@id":"https:\/\/dev6.erresse-shop.it\/fr\/shop\/food-fr\/fratelli-desideri-masterchef-mistery-box-sunset-rice-di-tracy\/#breadcrumb"},"inLanguage":"fr-FR","potentialAction":[{"@type":"ReadAction","target":["https:\/\/dev6.erresse-shop.it\/fr\/shop\/food-fr\/fratelli-desideri-masterchef-mistery-box-sunset-rice-di-tracy\/"]}]},{"@type":"ImageObject","inLanguage":"fr-FR","@id":"https:\/\/dev6.erresse-shop.it\/fr\/shop\/food-fr\/fratelli-desideri-masterchef-mistery-box-sunset-rice-di-tracy\/#primaryimage","url":"https:\/\/i2.wp.com\/interpim.erresse-shop.it\/Import\/Prodotti\/fratelli-desideri-masterchef-mistery-box-sunset-rice.jpg?ssl=1","contentUrl":"https:\/\/i2.wp.com\/interpim.erresse-shop.it\/Import\/Prodotti\/fratelli-desideri-masterchef-mistery-box-sunset-rice.jpg?ssl=1"},{"@type":"BreadcrumbList","@id":"https:\/\/dev6.erresse-shop.it\/fr\/shop\/food-fr\/fratelli-desideri-masterchef-mistery-box-sunset-rice-di-tracy\/#breadcrumb","itemListElement":[{"@type":"ListItem","position":1,"name":"Home","item":"https:\/\/dev6.erresse-shop.it\/"},{"@type":"ListItem","position":2,"name":"Boutique","item":"https:\/\/dev6.erresse-shop.it\/shop\/"},{"@type":"ListItem","position":3,"name":"FRATELLI DESIDERI Masterchef Mistery Box Sunset Rice di Tracy"}]},{"@type":"WebSite","@id":"https:\/\/dev6.erresse-shop.it\/#website","url":"https:\/\/dev6.erresse-shop.it\/","name":"Erresse Shop","description":"","publisher":{"@id":"https:\/\/dev6.erresse-shop.it\/#organization"},"potentialAction":[{"@type":"SearchAction","target":{"@type":"EntryPoint","urlTemplate":"https:\/\/dev6.erresse-shop.it\/?s={search_term_string}"},"query-input":{"@type":"PropertyValueSpecification","valueRequired":true,"valueName":"search_term_string"}}],"inLanguage":"fr-FR"},{"@type":"Organization","@id":"https:\/\/dev6.erresse-shop.it\/#organization","name":"Erresse Shop","url":"https:\/\/dev6.erresse-shop.it\/","logo":{"@type":"ImageObject","inLanguage":"fr-FR","@id":"https:\/\/dev6.erresse-shop.it\/#\/schema\/logo\/image\/","url":"https:\/\/dev6.erresse-shop.it\/wp-content\/uploads\/2025\/01\/LOGO-ERRESSE-CLASSICO.svg","contentUrl":"https:\/\/dev6.erresse-shop.it\/wp-content\/uploads\/2025\/01\/LOGO-ERRESSE-CLASSICO.svg","caption":"Erresse Shop"},"image":{"@id":"https:\/\/dev6.erresse-shop.it\/#\/schema\/logo\/image\/"}}]}},"df_price":48,"df_sale_price":"","df_regular_price":48,"df_image_link":"https:\/\/i2.wp.com\/interpim.erresse-shop.it\/Import\/Prodotti\/fratelli-desideri-masterchef-mistery-box-sunset-rice.jpg?resize=300,300&ssl=1","fifu_image_url":"https:\/\/interpim.erresse-shop.it\/Import\/Prodotti\/fratelli-desideri-masterchef-mistery-box-sunset-rice.jpg","_links":{"self":[{"href":"https:\/\/dev6.erresse-shop.it\/fr\/wp-json\/wp\/v2\/product\/1609109","targetHints":{"allow":["GET"]}}],"collection":[{"href":"https:\/\/dev6.erresse-shop.it\/fr\/wp-json\/wp\/v2\/product"}],"about":[{"href":"https:\/\/dev6.erresse-shop.it\/fr\/wp-json\/wp\/v2\/types\/product"}],"wp:featuredmedia":[{"embeddable":true,"href":"https:\/\/dev6.erresse-shop.it\/fr\/wp-json\/wp\/v2\/media\/6298249"}],"wp:attachment":[{"href":"https:\/\/dev6.erresse-shop.it\/fr\/wp-json\/wp\/v2\/media?parent=1609109"}],"wp:term":[{"taxonomy":"product_cat","embeddable":true,"href":"https:\/\/dev6.erresse-shop.it\/fr\/wp-json\/wp\/v2\/product_cat?post=1609109"},{"taxonomy":"product_tag","embeddable":true,"href":"https:\/\/dev6.erresse-shop.it\/fr\/wp-json\/wp\/v2\/product_tag?post=1609109"}],"curies":[{"name":"wp","href":"https:\/\/api.w.org\/{rel}","templated":true}]}}