{"id":1609107,"date":"2026-04-04T12:27:35","date_gmt":"2026-04-04T10:27:35","guid":{"rendered":"https:\/\/dev6.erresse-shop.it\/shop\/non%20class\u00e9\/fratelli-desideri-masterchef-mistery-box-gli-gnocchetti-di-zio-bricco\/"},"modified":"2025-09-14T06:17:23","modified_gmt":"2025-09-14T04:17:23","slug":"fratelli-desideri-masterchef-mistery-box-gli-gnocchetti-di-zio-bricco","status":"publish","type":"product","link":"https:\/\/dev6.erresse-shop.it\/fr\/shop\/food-fr\/fratelli-desideri-masterchef-mistery-box-gli-gnocchetti-di-zio-bricco\/","title":{"rendered":"FRATELLI DESIDERI Masterchef Mistery Box Gli Gnocchetti di Zio Bricco"},"content":{"rendered":"<p>Enfin, vous pourrez vivre la grande \u00e9motion de cuisiner et de vous amuser directement chez vous avec la Mystery Box unique et originale MasterChef Italia ! Une occasion unique de vous tester en cuisine et de cr\u00e9er des plats comme un vrai chef, avec des ingr\u00e9dients de haute qualit\u00e9 et inspir\u00e9s par la cr\u00e9ativit\u00e9 et la passion qui caract\u00e9risent la c\u00e9l\u00e8bre \u00e9mission de t\u00e9l\u00e9vision.<\/p>\n<p>La personne derri\u00e8re cette surprenante Mystery Box est Francesco Aquila, vainqueur de la dixi\u00e8me \u00e9dition de MasterChef Italia. Son exp\u00e9rience et son talent se refl\u00e8tent parfaitement dans chaque d\u00e9tail de ce forfait exclusif, con\u00e7u pour offrir une exp\u00e9rience gastronomique unique et inoubliable. C\u2019est une v\u00e9ritable explosion de saveurs, qui vous surprendra et vous fera d\u00e9couvrir de nouvelles combinaisons et ar\u00f4mes.<\/p>\n<p>Cette Mystery Box contient une recette exclusive SANS GLUTEN, con\u00e7ue pour vous procurer des sensations en bouche vraiment inattendues. La combinaison d\u2019ingr\u00e9dients soigneusement s\u00e9lectionn\u00e9s fera de chacun de vos plats une exp\u00e9rience sensorielle extraordinaire, capable de surprendre m\u00eame les palais les plus raffin\u00e9s.<\/p>\n<p>Parmi les principaux ingr\u00e9dients de ce chef-d\u2019\u0153uvre culinaire, se distinguent le cassis, par sa fra\u00eecheur et sa l\u00e9g\u00e8ret\u00e9, le cacao d\u2019\u00c9quateur, riche et profond dans ses ar\u00f4mes, et les notes de truffe blanche, qui par leur \u00e9l\u00e9gance et leur intensit\u00e9 compl\u00e8tent la perfection du plat. . Ensemble, ces ingr\u00e9dients cr\u00e9ent une symphonie de saveurs qui captivera vos sens.<\/p>\n<p>Pr\u00eat \u00e0 vous tester avec une recette qui fera briller vos talents culinaires ? Ne manquez pas cette occasion d\u2019apporter l\u2019excitation de MasterChef Italia chez vous avec la Mystery Box con\u00e7ue par Francesco Aquila.<\/p>\n<p>D\u00e9tails du produit\u00a0:<\/p>\n<p>Portions\u00a0: 4 personnes<br \/>\nTemps de pr\u00e9paration\u00a0: 10 min.<br \/>\nDifficult\u00e9\u00a0: Faible<\/p>\n","protected":false},"excerpt":{"rendered":"<p>Enfin, vous pourrez vivre la grande \u00e9motion de cuisiner et de vous amuser directement chez vous avec la Mystery Box unique et originale MasterChef Italia ! Une occasion unique de vous tester en cuisine et de cr\u00e9er des plats comme un vrai chef, avec des ingr\u00e9dients de haute qualit\u00e9 et inspir\u00e9s par la cr\u00e9ativit\u00e9 et [&hellip;]<\/p>\n","protected":false},"featured_media":6289870,"template":"","meta":{"_acf_changed":false},"product_cat":[12049],"product_tag":[],"class_list":{"0":"post-1609107","1":"product","2":"type-product","3":"status-publish","4":"has-post-thumbnail","6":"product_cat-food-fr","8":"first","9":"instock","10":"taxable","11":"shipping-taxable","12":"purchasable","13":"product-type-simple","swatches":"rey-swatches","show_selected":"","stretch_labels":"rey-swatches--stretch-labels"},"acf":[],"yoast_head":"<!-- This site is optimized with the Yoast SEO plugin v25.4 - https:\/\/yoast.com\/wordpress\/plugins\/seo\/ -->\n<title>FRATELLI DESIDERI Masterchef Mistery Box Gli Gnocchetti di Zio Bricco - dev6 Erresse<\/title>\n<meta name=\"description\" content=\"Enfin, vous pourrez vivre la grande \u00e9motion de cuisiner et de vous amuser directement chez vous avec la Mystery Box unique et originale MasterChef Italia\" \/>\n<meta name=\"robots\" content=\"noindex, follow, max-snippet:-1, max-image-preview:large, max-video-preview:-1\" \/>\n<meta property=\"og:locale\" content=\"fr_FR\" \/>\n<meta property=\"og:type\" content=\"article\" \/>\n<meta property=\"og:title\" content=\"FRATELLI DESIDERI Masterchef Mistery Box Gli Gnocchetti di Zio Bricco - dev6 Erresse\" \/>\n<meta property=\"og:description\" content=\"Enfin, vous pourrez vivre la grande \u00e9motion de cuisiner et de vous amuser directement chez vous avec la Mystery Box unique et originale MasterChef Italia\" \/>\n<meta property=\"og:url\" content=\"https:\/\/dev6.erresse-shop.it\/fr\/shop\/food-fr\/fratelli-desideri-masterchef-mistery-box-gli-gnocchetti-di-zio-bricco\/\" \/>\n<meta property=\"og:site_name\" content=\"dev6 Erresse\" \/>\n<meta property=\"og:image\" content=\"https:\/\/interpim.erresse-shop.it\/Import\/Prodotti\/fratelli-desideri-masterchef-mistery-box-gli-gnocchetti-di-zio-bricco.jpg\" \/><meta property=\"og:image\" content=\"https:\/\/interpim.erresse-shop.it\/Import\/Prodotti\/fratelli-desideri-masterchef-mistery-box-gli-gnocchetti-di-zio-bricco.jpg\" \/>\n\t<meta property=\"og:image:width\" content=\"1024\" \/>\n\t<meta property=\"og:image:height\" content=\"1024\" \/>\n\t<meta property=\"og:image:type\" content=\"image\/jpeg\" \/>\n<meta name=\"twitter:card\" content=\"summary_large_image\" \/>\n<meta name=\"twitter:image\" content=\"https:\/\/interpim.erresse-shop.it\/Import\/Prodotti\/fratelli-desideri-masterchef-mistery-box-gli-gnocchetti-di-zio-bricco.jpg\" \/>\n<script type=\"application\/ld+json\" class=\"yoast-schema-graph\">{\"@context\":\"https:\/\/schema.org\",\"@graph\":[{\"@type\":\"WebPage\",\"@id\":\"https:\/\/dev6.erresse-shop.it\/fr\/shop\/food-fr\/fratelli-desideri-masterchef-mistery-box-gli-gnocchetti-di-zio-bricco\/\",\"url\":\"https:\/\/dev6.erresse-shop.it\/fr\/shop\/food-fr\/fratelli-desideri-masterchef-mistery-box-gli-gnocchetti-di-zio-bricco\/\",\"name\":\"FRATELLI DESIDERI Masterchef Mistery Box Gli Gnocchetti di Zio Bricco - dev6 Erresse\",\"isPartOf\":{\"@id\":\"https:\/\/dev6.erresse-shop.it\/#website\"},\"primaryImageOfPage\":{\"@id\":\"https:\/\/dev6.erresse-shop.it\/fr\/shop\/food-fr\/fratelli-desideri-masterchef-mistery-box-gli-gnocchetti-di-zio-bricco\/#primaryimage\"},\"image\":{\"@id\":\"https:\/\/dev6.erresse-shop.it\/fr\/shop\/food-fr\/fratelli-desideri-masterchef-mistery-box-gli-gnocchetti-di-zio-bricco\/#primaryimage\"},\"thumbnailUrl\":\"https:\/\/i2.wp.com\/interpim.erresse-shop.it\/Import\/Prodotti\/fratelli-desideri-masterchef-mistery-box-gli-gnocchetti-di-zio-bricco.jpg?ssl=1\",\"datePublished\":\"2026-04-04T10:27:35+00:00\",\"description\":\"Enfin, vous pourrez vivre la grande \u00e9motion de cuisiner et de vous amuser directement chez vous avec la Mystery Box unique et originale MasterChef Italia\",\"breadcrumb\":{\"@id\":\"https:\/\/dev6.erresse-shop.it\/fr\/shop\/food-fr\/fratelli-desideri-masterchef-mistery-box-gli-gnocchetti-di-zio-bricco\/#breadcrumb\"},\"inLanguage\":\"fr-FR\",\"potentialAction\":[{\"@type\":\"ReadAction\",\"target\":[\"https:\/\/dev6.erresse-shop.it\/fr\/shop\/food-fr\/fratelli-desideri-masterchef-mistery-box-gli-gnocchetti-di-zio-bricco\/\"]}]},{\"@type\":\"ImageObject\",\"inLanguage\":\"fr-FR\",\"@id\":\"https:\/\/dev6.erresse-shop.it\/fr\/shop\/food-fr\/fratelli-desideri-masterchef-mistery-box-gli-gnocchetti-di-zio-bricco\/#primaryimage\",\"url\":\"https:\/\/i2.wp.com\/interpim.erresse-shop.it\/Import\/Prodotti\/fratelli-desideri-masterchef-mistery-box-gli-gnocchetti-di-zio-bricco.jpg?ssl=1\",\"contentUrl\":\"https:\/\/i2.wp.com\/interpim.erresse-shop.it\/Import\/Prodotti\/fratelli-desideri-masterchef-mistery-box-gli-gnocchetti-di-zio-bricco.jpg?ssl=1\"},{\"@type\":\"BreadcrumbList\",\"@id\":\"https:\/\/dev6.erresse-shop.it\/fr\/shop\/food-fr\/fratelli-desideri-masterchef-mistery-box-gli-gnocchetti-di-zio-bricco\/#breadcrumb\",\"itemListElement\":[{\"@type\":\"ListItem\",\"position\":1,\"name\":\"Home\",\"item\":\"https:\/\/dev6.erresse-shop.it\/\"},{\"@type\":\"ListItem\",\"position\":2,\"name\":\"Boutique\",\"item\":\"https:\/\/dev6.erresse-shop.it\/shop\/\"},{\"@type\":\"ListItem\",\"position\":3,\"name\":\"FRATELLI DESIDERI Masterchef Mistery Box Gli Gnocchetti di Zio Bricco\"}]},{\"@type\":\"WebSite\",\"@id\":\"https:\/\/dev6.erresse-shop.it\/#website\",\"url\":\"https:\/\/dev6.erresse-shop.it\/\",\"name\":\"Erresse Shop\",\"description\":\"\",\"publisher\":{\"@id\":\"https:\/\/dev6.erresse-shop.it\/#organization\"},\"potentialAction\":[{\"@type\":\"SearchAction\",\"target\":{\"@type\":\"EntryPoint\",\"urlTemplate\":\"https:\/\/dev6.erresse-shop.it\/?s={search_term_string}\"},\"query-input\":{\"@type\":\"PropertyValueSpecification\",\"valueRequired\":true,\"valueName\":\"search_term_string\"}}],\"inLanguage\":\"fr-FR\"},{\"@type\":\"Organization\",\"@id\":\"https:\/\/dev6.erresse-shop.it\/#organization\",\"name\":\"Erresse Shop\",\"url\":\"https:\/\/dev6.erresse-shop.it\/\",\"logo\":{\"@type\":\"ImageObject\",\"inLanguage\":\"fr-FR\",\"@id\":\"https:\/\/dev6.erresse-shop.it\/#\/schema\/logo\/image\/\",\"url\":\"https:\/\/dev6.erresse-shop.it\/wp-content\/uploads\/2025\/01\/LOGO-ERRESSE-CLASSICO.svg\",\"contentUrl\":\"https:\/\/dev6.erresse-shop.it\/wp-content\/uploads\/2025\/01\/LOGO-ERRESSE-CLASSICO.svg\",\"caption\":\"Erresse Shop\"},\"image\":{\"@id\":\"https:\/\/dev6.erresse-shop.it\/#\/schema\/logo\/image\/\"}}]}<\/script>\n<!-- \/ Yoast SEO plugin. -->","yoast_head_json":{"title":"FRATELLI DESIDERI Masterchef Mistery Box Gli Gnocchetti di Zio Bricco - dev6 Erresse","description":"Enfin, vous pourrez vivre la grande \u00e9motion de cuisiner et de vous amuser directement chez vous avec la Mystery Box unique et originale MasterChef Italia","robots":{"index":"noindex","follow":"follow","max-snippet":"max-snippet:-1","max-image-preview":"max-image-preview:large","max-video-preview":"max-video-preview:-1"},"og_locale":"fr_FR","og_type":"article","og_title":"FRATELLI DESIDERI Masterchef Mistery Box Gli Gnocchetti di Zio Bricco - dev6 Erresse","og_description":"Enfin, vous pourrez vivre la grande \u00e9motion de cuisiner et de vous amuser directement chez vous avec la Mystery Box unique et originale MasterChef Italia","og_url":"https:\/\/dev6.erresse-shop.it\/fr\/shop\/food-fr\/fratelli-desideri-masterchef-mistery-box-gli-gnocchetti-di-zio-bricco\/","og_site_name":"dev6 Erresse","og_image":[{"url":"https:\/\/interpim.erresse-shop.it\/Import\/Prodotti\/fratelli-desideri-masterchef-mistery-box-gli-gnocchetti-di-zio-bricco.jpg","type":"","width":"","height":""},{"url":"https:\/\/interpim.erresse-shop.it\/Import\/Prodotti\/fratelli-desideri-masterchef-mistery-box-gli-gnocchetti-di-zio-bricco.jpg","width":1024,"height":1024,"type":"image\/jpeg"}],"twitter_card":"summary_large_image","twitter_image":"https:\/\/interpim.erresse-shop.it\/Import\/Prodotti\/fratelli-desideri-masterchef-mistery-box-gli-gnocchetti-di-zio-bricco.jpg","schema":{"@context":"https:\/\/schema.org","@graph":[{"@type":"WebPage","@id":"https:\/\/dev6.erresse-shop.it\/fr\/shop\/food-fr\/fratelli-desideri-masterchef-mistery-box-gli-gnocchetti-di-zio-bricco\/","url":"https:\/\/dev6.erresse-shop.it\/fr\/shop\/food-fr\/fratelli-desideri-masterchef-mistery-box-gli-gnocchetti-di-zio-bricco\/","name":"FRATELLI DESIDERI Masterchef Mistery Box Gli Gnocchetti di Zio Bricco - dev6 Erresse","isPartOf":{"@id":"https:\/\/dev6.erresse-shop.it\/#website"},"primaryImageOfPage":{"@id":"https:\/\/dev6.erresse-shop.it\/fr\/shop\/food-fr\/fratelli-desideri-masterchef-mistery-box-gli-gnocchetti-di-zio-bricco\/#primaryimage"},"image":{"@id":"https:\/\/dev6.erresse-shop.it\/fr\/shop\/food-fr\/fratelli-desideri-masterchef-mistery-box-gli-gnocchetti-di-zio-bricco\/#primaryimage"},"thumbnailUrl":"https:\/\/i2.wp.com\/interpim.erresse-shop.it\/Import\/Prodotti\/fratelli-desideri-masterchef-mistery-box-gli-gnocchetti-di-zio-bricco.jpg?ssl=1","datePublished":"2026-04-04T10:27:35+00:00","description":"Enfin, vous pourrez vivre la grande \u00e9motion de cuisiner et de vous amuser directement chez vous avec la Mystery Box unique et originale MasterChef Italia","breadcrumb":{"@id":"https:\/\/dev6.erresse-shop.it\/fr\/shop\/food-fr\/fratelli-desideri-masterchef-mistery-box-gli-gnocchetti-di-zio-bricco\/#breadcrumb"},"inLanguage":"fr-FR","potentialAction":[{"@type":"ReadAction","target":["https:\/\/dev6.erresse-shop.it\/fr\/shop\/food-fr\/fratelli-desideri-masterchef-mistery-box-gli-gnocchetti-di-zio-bricco\/"]}]},{"@type":"ImageObject","inLanguage":"fr-FR","@id":"https:\/\/dev6.erresse-shop.it\/fr\/shop\/food-fr\/fratelli-desideri-masterchef-mistery-box-gli-gnocchetti-di-zio-bricco\/#primaryimage","url":"https:\/\/i2.wp.com\/interpim.erresse-shop.it\/Import\/Prodotti\/fratelli-desideri-masterchef-mistery-box-gli-gnocchetti-di-zio-bricco.jpg?ssl=1","contentUrl":"https:\/\/i2.wp.com\/interpim.erresse-shop.it\/Import\/Prodotti\/fratelli-desideri-masterchef-mistery-box-gli-gnocchetti-di-zio-bricco.jpg?ssl=1"},{"@type":"BreadcrumbList","@id":"https:\/\/dev6.erresse-shop.it\/fr\/shop\/food-fr\/fratelli-desideri-masterchef-mistery-box-gli-gnocchetti-di-zio-bricco\/#breadcrumb","itemListElement":[{"@type":"ListItem","position":1,"name":"Home","item":"https:\/\/dev6.erresse-shop.it\/"},{"@type":"ListItem","position":2,"name":"Boutique","item":"https:\/\/dev6.erresse-shop.it\/shop\/"},{"@type":"ListItem","position":3,"name":"FRATELLI DESIDERI Masterchef Mistery Box Gli Gnocchetti di Zio Bricco"}]},{"@type":"WebSite","@id":"https:\/\/dev6.erresse-shop.it\/#website","url":"https:\/\/dev6.erresse-shop.it\/","name":"Erresse Shop","description":"","publisher":{"@id":"https:\/\/dev6.erresse-shop.it\/#organization"},"potentialAction":[{"@type":"SearchAction","target":{"@type":"EntryPoint","urlTemplate":"https:\/\/dev6.erresse-shop.it\/?s={search_term_string}"},"query-input":{"@type":"PropertyValueSpecification","valueRequired":true,"valueName":"search_term_string"}}],"inLanguage":"fr-FR"},{"@type":"Organization","@id":"https:\/\/dev6.erresse-shop.it\/#organization","name":"Erresse Shop","url":"https:\/\/dev6.erresse-shop.it\/","logo":{"@type":"ImageObject","inLanguage":"fr-FR","@id":"https:\/\/dev6.erresse-shop.it\/#\/schema\/logo\/image\/","url":"https:\/\/dev6.erresse-shop.it\/wp-content\/uploads\/2025\/01\/LOGO-ERRESSE-CLASSICO.svg","contentUrl":"https:\/\/dev6.erresse-shop.it\/wp-content\/uploads\/2025\/01\/LOGO-ERRESSE-CLASSICO.svg","caption":"Erresse Shop"},"image":{"@id":"https:\/\/dev6.erresse-shop.it\/#\/schema\/logo\/image\/"}}]}},"df_price":48,"df_sale_price":"","df_regular_price":48,"df_image_link":"https:\/\/i2.wp.com\/interpim.erresse-shop.it\/Import\/Prodotti\/fratelli-desideri-masterchef-mistery-box-gli-gnocchetti-di-zio-bricco.jpg?resize=300,300&ssl=1","fifu_image_url":"https:\/\/interpim.erresse-shop.it\/Import\/Prodotti\/fratelli-desideri-masterchef-mistery-box-gli-gnocchetti-di-zio-bricco.jpg","_links":{"self":[{"href":"https:\/\/dev6.erresse-shop.it\/fr\/wp-json\/wp\/v2\/product\/1609107","targetHints":{"allow":["GET"]}}],"collection":[{"href":"https:\/\/dev6.erresse-shop.it\/fr\/wp-json\/wp\/v2\/product"}],"about":[{"href":"https:\/\/dev6.erresse-shop.it\/fr\/wp-json\/wp\/v2\/types\/product"}],"wp:featuredmedia":[{"embeddable":true,"href":"https:\/\/dev6.erresse-shop.it\/fr\/wp-json\/wp\/v2\/media\/6289870"}],"wp:attachment":[{"href":"https:\/\/dev6.erresse-shop.it\/fr\/wp-json\/wp\/v2\/media?parent=1609107"}],"wp:term":[{"taxonomy":"product_cat","embeddable":true,"href":"https:\/\/dev6.erresse-shop.it\/fr\/wp-json\/wp\/v2\/product_cat?post=1609107"},{"taxonomy":"product_tag","embeddable":true,"href":"https:\/\/dev6.erresse-shop.it\/fr\/wp-json\/wp\/v2\/product_tag?post=1609107"}],"curies":[{"name":"wp","href":"https:\/\/api.w.org\/{rel}","templated":true}]}}