{"id":1609105,"date":"2026-04-12T12:30:20","date_gmt":"2026-04-12T10:30:20","guid":{"rendered":"https:\/\/dev6.erresse-shop.it\/shop\/non%20class\u00e9\/fratelli-desideri-capsule-collection-tube-il-tesoro-del-gargano-di-felix-lo-basso\/"},"modified":"2025-09-14T06:17:18","modified_gmt":"2025-09-14T04:17:18","slug":"fratelli-desideri-capsule-collection-tube-il-tesoro-del-gargano-di-felix-lo-basso","status":"publish","type":"product","link":"https:\/\/dev6.erresse-shop.it\/fr\/shop\/food-fr\/fratelli-desideri-capsule-collection-tube-il-tesoro-del-gargano-di-felix-lo-basso\/","title":{"rendered":"FRATELLI DESIDERI Capsule Collection Tube Il Tesoro del Gargano di FELIX LO BASSO"},"content":{"rendered":"<p>LA CAPSULE COLLECTION par ANDREA LAROSSA<\/p>\n<p>La Capsule Collection est la toute nouvelle gamme de Kits Repas \u201cPr\u00eat \u00e0 manger\u201d\u00a0!D\u00e9di\u00e9 \u00e0 ceux qui ne veulent pas renoncer \u00e0 un grand plat gastronomique, m\u00eame s\u2019ils n\u2019ont pas beaucoup de temps (ou d\u2019envie) pour cuisiner. Ce sont des recettes qui ont pour d\u00e9nominateur commun un \u00ab tr\u00e9sor \u00bb, c\u2019est-\u00e0-dire l\u2019ingr\u00e9dient par excellence du territoire auquel elles appartiennent, r\u00e9interpr\u00e9t\u00e9 de mani\u00e8re sublime par les grands chefs \u00e9toil\u00e9s italiens.<\/p>\n<p>Un plat traditionnel des Pouilles aussi riche que l\u2019histoire de cette terre ancienne et \u00e9vocatrice. Une \u00e9treinte entre terre et mer scell\u00e9e par la saveur d\u00e9termin\u00e9e des \u00e9pinards, sucr\u00e9e par les courgettes, le tout envelopp\u00e9 dans la saveur marine du bouillon de poisson, des palourdes et de la sauce \u00e0 la salicorne, une plante succulente tr\u00e8s recherch\u00e9e et comestible. Un plat sublime aux saveurs authentiques et inattendues o\u00f9 les Linguine di Garofalo, p\u00e2tes Gragnano IGP, se marient parfaitement avec les condiments \u00e0 base de l\u00e9gumes et de poisson.<\/p>\n<p>LA PR\u00c9PARATION<\/p>\n<p>1.\u00a0Versez 3 litres d\u2019eau dans une casserole, ajoutez 25 g de gros sel, portez \u00e0 \u00e9bullition.<\/p>\n<p>2.\u00a0Lorsque l\u2019eau bout, ajoutez les Linguine Garofalo et laissez cuire 10 minutes.<\/p>\n<p>3.\u00a0Pendant ce temps, versez le pot de sauce courgettes, palourdes et salicornes dans une casserole, feu \u00e9teint.<\/p>\n<p>4.\u00a0Apr\u00e8s 10 minutes, \u00e9gouttez les Linguine Garofalo en gardant un peu de l\u2019eau de cuisson.<\/p>\n<p>5.\u00a0Versez les Linguine Garofalo dans la po\u00eale avec la sauce et m\u00e9langez bien le tout hors du feu (si n\u00e9cessaire, ajoutez un peu d\u2019eau de cuisson pour obtenir le bon niveau d\u2019onctuosit\u00e9).<\/p>\n<p>\u00a0<\/p>\n<p>PLA\u00c7AGE<\/p>\n<p>1.\u00a0Utilisez des assiettes creuses.<\/p>\n<p>2.\u00a0Prenez une louche et une fourchette.<\/p>\n<p>3.\u00a0R\u00e9cup\u00e9rez une portion de Linguine Garofalo de la po\u00eale avec une fourchette et enveloppez-la dans la louche pour cr\u00e9er la forme d\u2019un nid.<\/p>\n<p>4.\u00a0Placez d\u00e9licatement le nid au centre de l\u2019assiette.<\/p>\n<p>5.\u00a0D\u00e9corez le plat en pla\u00e7ant la poudre d\u2019\u00e9pinards dans une passoire et en l\u2019\u00e9talant sur les linguines, selon votre sens esth\u00e9tique.<\/p>\n<p>6.\u00a0Touche finale\u00a0: si vous avez un citron, r\u00e2pez un peu de zeste sur chaque assiette pour donner une note de fra\u00eecheur.<\/p>\n<p>7.\u00a0Nettoyez le bord de la plaque avec un chiffon pour \u00e9liminer toute trace.<\/p>\n<p>\u00a0<\/p>\n<p>D\u00e9tails du produit\u00a0:<\/p>\n<p>Portions\u00a0: 2 personnes<br \/>\nTemps de pr\u00e9paration\u00a0: 10 min.<br \/>\nDifficult\u00e9\u00a0: Faible<\/p>\n","protected":false},"excerpt":{"rendered":"<p>LA CAPSULE COLLECTION par ANDREA LAROSSA La Capsule Collection est la toute nouvelle gamme de Kits Repas \u201cPr\u00eat \u00e0 manger\u201d\u00a0!D\u00e9di\u00e9 \u00e0 ceux qui ne veulent pas renoncer \u00e0 un grand plat gastronomique, m\u00eame s\u2019ils n\u2019ont pas beaucoup de temps (ou d\u2019envie) pour cuisiner. Ce sont des recettes qui ont pour d\u00e9nominateur commun un \u00ab tr\u00e9sor [&hellip;]<\/p>\n","protected":false},"featured_media":6373132,"template":"","meta":{"_acf_changed":false},"product_cat":[12049],"product_tag":[],"class_list":{"0":"post-1609105","1":"product","2":"type-product","3":"status-publish","4":"has-post-thumbnail","6":"product_cat-food-fr","8":"first","9":"instock","10":"taxable","11":"shipping-taxable","12":"purchasable","13":"product-type-simple","swatches":"rey-swatches","show_selected":"","stretch_labels":"rey-swatches--stretch-labels"},"acf":[],"yoast_head":"<!-- This site is optimized with the Yoast SEO plugin v25.4 - https:\/\/yoast.com\/wordpress\/plugins\/seo\/ -->\n<title>FRATELLI DESIDERI Capsule Collection Tube Il Tesoro del Gargano di FELIX LO BASSO - dev6 Erresse<\/title>\n<meta name=\"description\" content=\"LA CAPSULE COLLECTION par ANDREA LAROSSA La Capsule Collection est la toute nouvelle gamme de Kits Repas \u201cPr\u00eat \u00e0 manger\u201d\u00a0!D\u00e9di\u00e9 \u00e0 ceux qui ne veulent pas\" \/>\n<meta name=\"robots\" content=\"noindex, follow, max-snippet:-1, max-image-preview:large, max-video-preview:-1\" \/>\n<meta property=\"og:locale\" content=\"fr_FR\" \/>\n<meta property=\"og:type\" content=\"article\" \/>\n<meta property=\"og:title\" content=\"FRATELLI DESIDERI Capsule Collection Tube Il Tesoro del Gargano di FELIX LO BASSO - dev6 Erresse\" \/>\n<meta property=\"og:description\" content=\"LA CAPSULE COLLECTION par ANDREA LAROSSA La Capsule Collection est la toute nouvelle gamme de Kits Repas \u201cPr\u00eat \u00e0 manger\u201d\u00a0!D\u00e9di\u00e9 \u00e0 ceux qui ne veulent pas\" \/>\n<meta property=\"og:url\" content=\"https:\/\/dev6.erresse-shop.it\/fr\/shop\/food-fr\/fratelli-desideri-capsule-collection-tube-il-tesoro-del-gargano-di-felix-lo-basso\/\" \/>\n<meta property=\"og:site_name\" content=\"dev6 Erresse\" \/>\n<meta property=\"og:image\" content=\"https:\/\/interpim.erresse-shop.it\/Import\/Prodotti\/fratelli-desideri-capsule-collection-tube-il-tesoro-del-gargano.jpg\" \/><meta property=\"og:image\" content=\"https:\/\/interpim.erresse-shop.it\/Import\/Prodotti\/fratelli-desideri-capsule-collection-tube-il-tesoro-del-gargano.jpg\" \/>\n\t<meta property=\"og:image:width\" content=\"1024\" \/>\n\t<meta property=\"og:image:height\" content=\"1024\" \/>\n\t<meta property=\"og:image:type\" content=\"image\/jpeg\" \/>\n<meta name=\"twitter:card\" content=\"summary_large_image\" \/>\n<meta name=\"twitter:image\" content=\"https:\/\/interpim.erresse-shop.it\/Import\/Prodotti\/fratelli-desideri-capsule-collection-tube-il-tesoro-del-gargano.jpg\" \/>\n<script type=\"application\/ld+json\" class=\"yoast-schema-graph\">{\"@context\":\"https:\/\/schema.org\",\"@graph\":[{\"@type\":\"WebPage\",\"@id\":\"https:\/\/dev6.erresse-shop.it\/fr\/shop\/food-fr\/fratelli-desideri-capsule-collection-tube-il-tesoro-del-gargano-di-felix-lo-basso\/\",\"url\":\"https:\/\/dev6.erresse-shop.it\/fr\/shop\/food-fr\/fratelli-desideri-capsule-collection-tube-il-tesoro-del-gargano-di-felix-lo-basso\/\",\"name\":\"FRATELLI DESIDERI Capsule Collection Tube Il Tesoro del Gargano di FELIX LO BASSO - dev6 Erresse\",\"isPartOf\":{\"@id\":\"https:\/\/dev6.erresse-shop.it\/#website\"},\"primaryImageOfPage\":{\"@id\":\"https:\/\/dev6.erresse-shop.it\/fr\/shop\/food-fr\/fratelli-desideri-capsule-collection-tube-il-tesoro-del-gargano-di-felix-lo-basso\/#primaryimage\"},\"image\":{\"@id\":\"https:\/\/dev6.erresse-shop.it\/fr\/shop\/food-fr\/fratelli-desideri-capsule-collection-tube-il-tesoro-del-gargano-di-felix-lo-basso\/#primaryimage\"},\"thumbnailUrl\":\"https:\/\/i2.wp.com\/interpim.erresse-shop.it\/Import\/Prodotti\/fratelli-desideri-capsule-collection-tube-il-tesoro-del-gargano.jpg?ssl=1\",\"datePublished\":\"2026-04-12T10:30:20+00:00\",\"description\":\"LA CAPSULE COLLECTION par ANDREA LAROSSA La Capsule Collection est la toute nouvelle gamme de Kits Repas \u201cPr\u00eat \u00e0 manger\u201d\u00a0!D\u00e9di\u00e9 \u00e0 ceux qui ne veulent pas\",\"breadcrumb\":{\"@id\":\"https:\/\/dev6.erresse-shop.it\/fr\/shop\/food-fr\/fratelli-desideri-capsule-collection-tube-il-tesoro-del-gargano-di-felix-lo-basso\/#breadcrumb\"},\"inLanguage\":\"fr-FR\",\"potentialAction\":[{\"@type\":\"ReadAction\",\"target\":[\"https:\/\/dev6.erresse-shop.it\/fr\/shop\/food-fr\/fratelli-desideri-capsule-collection-tube-il-tesoro-del-gargano-di-felix-lo-basso\/\"]}]},{\"@type\":\"ImageObject\",\"inLanguage\":\"fr-FR\",\"@id\":\"https:\/\/dev6.erresse-shop.it\/fr\/shop\/food-fr\/fratelli-desideri-capsule-collection-tube-il-tesoro-del-gargano-di-felix-lo-basso\/#primaryimage\",\"url\":\"https:\/\/i2.wp.com\/interpim.erresse-shop.it\/Import\/Prodotti\/fratelli-desideri-capsule-collection-tube-il-tesoro-del-gargano.jpg?ssl=1\",\"contentUrl\":\"https:\/\/i2.wp.com\/interpim.erresse-shop.it\/Import\/Prodotti\/fratelli-desideri-capsule-collection-tube-il-tesoro-del-gargano.jpg?ssl=1\"},{\"@type\":\"BreadcrumbList\",\"@id\":\"https:\/\/dev6.erresse-shop.it\/fr\/shop\/food-fr\/fratelli-desideri-capsule-collection-tube-il-tesoro-del-gargano-di-felix-lo-basso\/#breadcrumb\",\"itemListElement\":[{\"@type\":\"ListItem\",\"position\":1,\"name\":\"Home\",\"item\":\"https:\/\/dev6.erresse-shop.it\/\"},{\"@type\":\"ListItem\",\"position\":2,\"name\":\"Boutique\",\"item\":\"https:\/\/dev6.erresse-shop.it\/shop\/\"},{\"@type\":\"ListItem\",\"position\":3,\"name\":\"FRATELLI DESIDERI Capsule Collection Tube Il Tesoro del Gargano di FELIX LO BASSO\"}]},{\"@type\":\"WebSite\",\"@id\":\"https:\/\/dev6.erresse-shop.it\/#website\",\"url\":\"https:\/\/dev6.erresse-shop.it\/\",\"name\":\"Erresse Shop\",\"description\":\"\",\"publisher\":{\"@id\":\"https:\/\/dev6.erresse-shop.it\/#organization\"},\"potentialAction\":[{\"@type\":\"SearchAction\",\"target\":{\"@type\":\"EntryPoint\",\"urlTemplate\":\"https:\/\/dev6.erresse-shop.it\/?s={search_term_string}\"},\"query-input\":{\"@type\":\"PropertyValueSpecification\",\"valueRequired\":true,\"valueName\":\"search_term_string\"}}],\"inLanguage\":\"fr-FR\"},{\"@type\":\"Organization\",\"@id\":\"https:\/\/dev6.erresse-shop.it\/#organization\",\"name\":\"Erresse Shop\",\"url\":\"https:\/\/dev6.erresse-shop.it\/\",\"logo\":{\"@type\":\"ImageObject\",\"inLanguage\":\"fr-FR\",\"@id\":\"https:\/\/dev6.erresse-shop.it\/#\/schema\/logo\/image\/\",\"url\":\"https:\/\/dev6.erresse-shop.it\/wp-content\/uploads\/2025\/01\/LOGO-ERRESSE-CLASSICO.svg\",\"contentUrl\":\"https:\/\/dev6.erresse-shop.it\/wp-content\/uploads\/2025\/01\/LOGO-ERRESSE-CLASSICO.svg\",\"caption\":\"Erresse Shop\"},\"image\":{\"@id\":\"https:\/\/dev6.erresse-shop.it\/#\/schema\/logo\/image\/\"}}]}<\/script>\n<!-- \/ Yoast SEO plugin. -->","yoast_head_json":{"title":"FRATELLI DESIDERI Capsule Collection Tube Il Tesoro del Gargano di FELIX LO BASSO - dev6 Erresse","description":"LA CAPSULE COLLECTION par ANDREA LAROSSA La Capsule Collection est la toute nouvelle gamme de Kits Repas \u201cPr\u00eat \u00e0 manger\u201d\u00a0!D\u00e9di\u00e9 \u00e0 ceux qui ne veulent pas","robots":{"index":"noindex","follow":"follow","max-snippet":"max-snippet:-1","max-image-preview":"max-image-preview:large","max-video-preview":"max-video-preview:-1"},"og_locale":"fr_FR","og_type":"article","og_title":"FRATELLI DESIDERI Capsule Collection Tube Il Tesoro del Gargano di FELIX LO BASSO - dev6 Erresse","og_description":"LA CAPSULE COLLECTION par ANDREA LAROSSA La Capsule Collection est la toute nouvelle gamme de Kits Repas \u201cPr\u00eat \u00e0 manger\u201d\u00a0!D\u00e9di\u00e9 \u00e0 ceux qui ne veulent pas","og_url":"https:\/\/dev6.erresse-shop.it\/fr\/shop\/food-fr\/fratelli-desideri-capsule-collection-tube-il-tesoro-del-gargano-di-felix-lo-basso\/","og_site_name":"dev6 Erresse","og_image":[{"url":"https:\/\/interpim.erresse-shop.it\/Import\/Prodotti\/fratelli-desideri-capsule-collection-tube-il-tesoro-del-gargano.jpg","type":"","width":"","height":""},{"url":"https:\/\/interpim.erresse-shop.it\/Import\/Prodotti\/fratelli-desideri-capsule-collection-tube-il-tesoro-del-gargano.jpg","width":1024,"height":1024,"type":"image\/jpeg"}],"twitter_card":"summary_large_image","twitter_image":"https:\/\/interpim.erresse-shop.it\/Import\/Prodotti\/fratelli-desideri-capsule-collection-tube-il-tesoro-del-gargano.jpg","schema":{"@context":"https:\/\/schema.org","@graph":[{"@type":"WebPage","@id":"https:\/\/dev6.erresse-shop.it\/fr\/shop\/food-fr\/fratelli-desideri-capsule-collection-tube-il-tesoro-del-gargano-di-felix-lo-basso\/","url":"https:\/\/dev6.erresse-shop.it\/fr\/shop\/food-fr\/fratelli-desideri-capsule-collection-tube-il-tesoro-del-gargano-di-felix-lo-basso\/","name":"FRATELLI DESIDERI Capsule Collection Tube Il Tesoro del Gargano di FELIX LO BASSO - dev6 Erresse","isPartOf":{"@id":"https:\/\/dev6.erresse-shop.it\/#website"},"primaryImageOfPage":{"@id":"https:\/\/dev6.erresse-shop.it\/fr\/shop\/food-fr\/fratelli-desideri-capsule-collection-tube-il-tesoro-del-gargano-di-felix-lo-basso\/#primaryimage"},"image":{"@id":"https:\/\/dev6.erresse-shop.it\/fr\/shop\/food-fr\/fratelli-desideri-capsule-collection-tube-il-tesoro-del-gargano-di-felix-lo-basso\/#primaryimage"},"thumbnailUrl":"https:\/\/i2.wp.com\/interpim.erresse-shop.it\/Import\/Prodotti\/fratelli-desideri-capsule-collection-tube-il-tesoro-del-gargano.jpg?ssl=1","datePublished":"2026-04-12T10:30:20+00:00","description":"LA CAPSULE COLLECTION par ANDREA LAROSSA La Capsule Collection est la toute nouvelle gamme de Kits Repas \u201cPr\u00eat \u00e0 manger\u201d\u00a0!D\u00e9di\u00e9 \u00e0 ceux qui ne veulent pas","breadcrumb":{"@id":"https:\/\/dev6.erresse-shop.it\/fr\/shop\/food-fr\/fratelli-desideri-capsule-collection-tube-il-tesoro-del-gargano-di-felix-lo-basso\/#breadcrumb"},"inLanguage":"fr-FR","potentialAction":[{"@type":"ReadAction","target":["https:\/\/dev6.erresse-shop.it\/fr\/shop\/food-fr\/fratelli-desideri-capsule-collection-tube-il-tesoro-del-gargano-di-felix-lo-basso\/"]}]},{"@type":"ImageObject","inLanguage":"fr-FR","@id":"https:\/\/dev6.erresse-shop.it\/fr\/shop\/food-fr\/fratelli-desideri-capsule-collection-tube-il-tesoro-del-gargano-di-felix-lo-basso\/#primaryimage","url":"https:\/\/i2.wp.com\/interpim.erresse-shop.it\/Import\/Prodotti\/fratelli-desideri-capsule-collection-tube-il-tesoro-del-gargano.jpg?ssl=1","contentUrl":"https:\/\/i2.wp.com\/interpim.erresse-shop.it\/Import\/Prodotti\/fratelli-desideri-capsule-collection-tube-il-tesoro-del-gargano.jpg?ssl=1"},{"@type":"BreadcrumbList","@id":"https:\/\/dev6.erresse-shop.it\/fr\/shop\/food-fr\/fratelli-desideri-capsule-collection-tube-il-tesoro-del-gargano-di-felix-lo-basso\/#breadcrumb","itemListElement":[{"@type":"ListItem","position":1,"name":"Home","item":"https:\/\/dev6.erresse-shop.it\/"},{"@type":"ListItem","position":2,"name":"Boutique","item":"https:\/\/dev6.erresse-shop.it\/shop\/"},{"@type":"ListItem","position":3,"name":"FRATELLI DESIDERI Capsule Collection Tube Il Tesoro del Gargano di FELIX LO BASSO"}]},{"@type":"WebSite","@id":"https:\/\/dev6.erresse-shop.it\/#website","url":"https:\/\/dev6.erresse-shop.it\/","name":"Erresse Shop","description":"","publisher":{"@id":"https:\/\/dev6.erresse-shop.it\/#organization"},"potentialAction":[{"@type":"SearchAction","target":{"@type":"EntryPoint","urlTemplate":"https:\/\/dev6.erresse-shop.it\/?s={search_term_string}"},"query-input":{"@type":"PropertyValueSpecification","valueRequired":true,"valueName":"search_term_string"}}],"inLanguage":"fr-FR"},{"@type":"Organization","@id":"https:\/\/dev6.erresse-shop.it\/#organization","name":"Erresse Shop","url":"https:\/\/dev6.erresse-shop.it\/","logo":{"@type":"ImageObject","inLanguage":"fr-FR","@id":"https:\/\/dev6.erresse-shop.it\/#\/schema\/logo\/image\/","url":"https:\/\/dev6.erresse-shop.it\/wp-content\/uploads\/2025\/01\/LOGO-ERRESSE-CLASSICO.svg","contentUrl":"https:\/\/dev6.erresse-shop.it\/wp-content\/uploads\/2025\/01\/LOGO-ERRESSE-CLASSICO.svg","caption":"Erresse Shop"},"image":{"@id":"https:\/\/dev6.erresse-shop.it\/#\/schema\/logo\/image\/"}}]}},"df_price":28,"df_sale_price":"","df_regular_price":28,"df_image_link":"https:\/\/i2.wp.com\/interpim.erresse-shop.it\/Import\/Prodotti\/fratelli-desideri-capsule-collection-tube-il-tesoro-del-gargano.jpg?resize=300,300&ssl=1","fifu_image_url":"https:\/\/interpim.erresse-shop.it\/Import\/Prodotti\/fratelli-desideri-capsule-collection-tube-il-tesoro-del-gargano.jpg","_links":{"self":[{"href":"https:\/\/dev6.erresse-shop.it\/fr\/wp-json\/wp\/v2\/product\/1609105","targetHints":{"allow":["GET"]}}],"collection":[{"href":"https:\/\/dev6.erresse-shop.it\/fr\/wp-json\/wp\/v2\/product"}],"about":[{"href":"https:\/\/dev6.erresse-shop.it\/fr\/wp-json\/wp\/v2\/types\/product"}],"wp:featuredmedia":[{"embeddable":true,"href":"https:\/\/dev6.erresse-shop.it\/fr\/wp-json\/wp\/v2\/media\/6373132"}],"wp:attachment":[{"href":"https:\/\/dev6.erresse-shop.it\/fr\/wp-json\/wp\/v2\/media?parent=1609105"}],"wp:term":[{"taxonomy":"product_cat","embeddable":true,"href":"https:\/\/dev6.erresse-shop.it\/fr\/wp-json\/wp\/v2\/product_cat?post=1609105"},{"taxonomy":"product_tag","embeddable":true,"href":"https:\/\/dev6.erresse-shop.it\/fr\/wp-json\/wp\/v2\/product_tag?post=1609105"}],"curies":[{"name":"wp","href":"https:\/\/api.w.org\/{rel}","templated":true}]}}