{"id":1609087,"date":"2026-04-04T12:25:19","date_gmt":"2026-04-04T10:25:19","guid":{"rendered":"https:\/\/dev6.erresse-shop.it\/shop\/non%20class\u00e9\/zwilling-couteau-a-legumes-8-cm-professional-s-2\/"},"modified":"2025-09-14T06:16:20","modified_gmt":"2025-09-14T04:16:20","slug":"zwilling-couteau-a-legumes-8-cm-professional-s","status":"publish","type":"product","link":"https:\/\/dev6.erresse-shop.it\/fr\/shop\/cuisine\/couteaux\/couteaux-de-cuisine\/zwilling-couteau-a-legumes-8-cm-professional-s\/","title":{"rendered":"ZWILLING Couteau \u00e0 L\u00e9gumes 8 cm Professional S"},"content":{"rendered":"<p>Le couteau \u00e0 l\u00e9gumes polyvalent ZWILLING est d\u00e9j\u00e0 appr\u00e9ci\u00e9 parmi les chefs professionnels du monde entier. Sa lame robuste, son bord lisse et sa pointe stable vous permettent de nettoyer, peler et couper les fruits et l\u00e9gumes habilement et en toute simplicit\u00e9. Le couteau \u00e0 l\u00e9gumes est un compl\u00e9ment indispensable aux couteaux de toute cuisine moderne et soucieuse de sa sant\u00e9. Le couteau SIGMAFORGE\u00ae b\u00e9n\u00e9ficie d\u2019un forgeage fin \u00e0 partir d\u2019une seule pi\u00e8ce d\u2019acier de formule sp\u00e9ciale ZWILLING, qui combine de mani\u00e8re optimale les composants chrome et carbone. La lame FRIODUR\u00ae est soumise \u00e0 un durcissement cryog\u00e9nique sp\u00e9cial, qui conf\u00e8re \u00e0 votre couteau \u00e0 l\u00e9gumes une lame particuli\u00e8rement tranchante, r\u00e9sistante \u00e0 la corrosion et flexible. Une g\u00e9om\u00e9trie impeccable et un bord pr\u00e9cis rendent la coupe des fruits et l\u00e9gumes plus facile et plus rapide. Dot\u00e9 d\u2019un manche en plastique solide et continu, le couteau de 8 cm est confortable \u00e0 tenir m\u00eame pour les travaux de longue dur\u00e9e. Le n\u0153ud emp\u00eache les doigts de glisser, tandis que la surface continue jusqu\u2019\u00e0 la poign\u00e9e assure une utilisation confortable et facile. Le couteau polyvalent compact de la gamme FOUR STAR\u00ae est con\u00e7u pour \u00eatre polyvalent, r\u00e9pondre \u00e0 des besoins importants et est donc id\u00e9al pour la pr\u00e9paration quotidienne des aliments.<\/p>\n<p>Lame trait\u00e9e avec le durcissement cryog\u00e9nique FRIODUR\u00ae pour une r\u00e9sistance exceptionnelle aux bords et \u00e0 la corrosion.<br \/>\nAcier inoxydable de formule sp\u00e9ciale, mat\u00e9riaux ZWILLING avec composition sp\u00e9ciale : ces couteaux sont \u00e0 la fois robustes, r\u00e9sistants \u00e0 la corrosion et flexibles.<br \/>\nCouteau SIGMAFORGE\u00ae \u2013 forgeage fin d\u2019une seule pi\u00e8ce<br \/>\nSurface continue du manche \u00e0 la lame.<br \/>\nManche ergonomique en plastique : Pour une utilisation facile et s\u00fbre du couteau.<\/p>\n","protected":false},"excerpt":{"rendered":"<p>Le couteau \u00e0 l\u00e9gumes polyvalent ZWILLING est d\u00e9j\u00e0 appr\u00e9ci\u00e9 parmi les chefs professionnels du monde entier. Sa lame robuste, son bord lisse et sa pointe stable vous permettent de nettoyer, peler et couper les fruits et l\u00e9gumes habilement et en toute simplicit\u00e9. Le couteau \u00e0 l\u00e9gumes est un compl\u00e9ment indispensable aux couteaux de toute cuisine [&hellip;]<\/p>\n","protected":false},"featured_media":6289807,"template":"","meta":{"_acf_changed":false},"product_cat":[11997],"product_tag":[],"class_list":{"0":"post-1609087","1":"product","2":"type-product","3":"status-publish","4":"has-post-thumbnail","6":"product_cat-couteaux-de-cuisine","8":"first","9":"instock","10":"taxable","11":"shipping-taxable","12":"purchasable","13":"product-type-simple","swatches":"rey-swatches","show_selected":"","stretch_labels":"rey-swatches--stretch-labels"},"acf":[],"yoast_head":"<!-- This site is optimized with the Yoast SEO plugin v25.4 - https:\/\/yoast.com\/wordpress\/plugins\/seo\/ -->\n<title>ZWILLING Couteau \u00e0 L\u00e9gumes 8 cm Professional S - dev6 Erresse<\/title>\n<meta name=\"description\" content=\"Le couteau \u00e0 l\u00e9gumes polyvalent ZWILLING est d\u00e9j\u00e0 appr\u00e9ci\u00e9 parmi les chefs professionnels du monde entier. Sa lame robuste, son bord lisse et sa pointe\" \/>\n<meta name=\"robots\" content=\"noindex, follow, max-snippet:-1, max-image-preview:large, max-video-preview:-1\" \/>\n<meta property=\"og:locale\" content=\"fr_FR\" \/>\n<meta property=\"og:type\" content=\"article\" \/>\n<meta property=\"og:title\" content=\"ZWILLING Couteau \u00e0 L\u00e9gumes 8 cm Professional S - dev6 Erresse\" \/>\n<meta property=\"og:description\" content=\"Le couteau \u00e0 l\u00e9gumes polyvalent ZWILLING est d\u00e9j\u00e0 appr\u00e9ci\u00e9 parmi les chefs professionnels du monde entier. Sa lame robuste, son bord lisse et sa pointe\" \/>\n<meta property=\"og:url\" content=\"https:\/\/dev6.erresse-shop.it\/fr\/shop\/cuisine\/couteaux\/couteaux-de-cuisine\/zwilling-couteau-a-legumes-8-cm-professional-s\/\" \/>\n<meta property=\"og:site_name\" content=\"dev6 Erresse\" \/>\n<meta property=\"og:image\" content=\"https:\/\/interpim.erresse-shop.it\/img-catalogo\/zwilling\/zwilling-coltello-da-verdura-8-cm-professional-s.jpg\" \/><meta property=\"og:image\" content=\"https:\/\/interpim.erresse-shop.it\/img-catalogo\/zwilling\/zwilling-coltello-da-verdura-8-cm-professional-s.jpg\" \/>\n\t<meta property=\"og:image:width\" content=\"1024\" \/>\n\t<meta property=\"og:image:height\" content=\"1024\" \/>\n\t<meta property=\"og:image:type\" content=\"image\/jpeg\" \/>\n<meta name=\"twitter:card\" content=\"summary_large_image\" \/>\n<meta name=\"twitter:image\" content=\"https:\/\/interpim.erresse-shop.it\/img-catalogo\/zwilling\/zwilling-coltello-da-verdura-8-cm-professional-s.jpg\" \/>\n<script type=\"application\/ld+json\" class=\"yoast-schema-graph\">{\"@context\":\"https:\/\/schema.org\",\"@graph\":[{\"@type\":\"WebPage\",\"@id\":\"https:\/\/dev6.erresse-shop.it\/fr\/shop\/cuisine\/couteaux\/couteaux-de-cuisine\/zwilling-couteau-a-legumes-8-cm-professional-s\/\",\"url\":\"https:\/\/dev6.erresse-shop.it\/fr\/shop\/cuisine\/couteaux\/couteaux-de-cuisine\/zwilling-couteau-a-legumes-8-cm-professional-s\/\",\"name\":\"ZWILLING Couteau \u00e0 L\u00e9gumes 8 cm Professional S - dev6 Erresse\",\"isPartOf\":{\"@id\":\"https:\/\/dev6.erresse-shop.it\/#website\"},\"primaryImageOfPage\":{\"@id\":\"https:\/\/dev6.erresse-shop.it\/fr\/shop\/cuisine\/couteaux\/couteaux-de-cuisine\/zwilling-couteau-a-legumes-8-cm-professional-s\/#primaryimage\"},\"image\":{\"@id\":\"https:\/\/dev6.erresse-shop.it\/fr\/shop\/cuisine\/couteaux\/couteaux-de-cuisine\/zwilling-couteau-a-legumes-8-cm-professional-s\/#primaryimage\"},\"thumbnailUrl\":\"https:\/\/i3.wp.com\/interpim.erresse-shop.it\/img-catalogo\/zwilling\/zwilling-coltello-da-verdura-8-cm-professional-s.jpg?ssl=1\",\"datePublished\":\"2026-04-04T10:25:19+00:00\",\"description\":\"Le couteau \u00e0 l\u00e9gumes polyvalent ZWILLING est d\u00e9j\u00e0 appr\u00e9ci\u00e9 parmi les chefs professionnels du monde entier. Sa lame robuste, son bord lisse et sa pointe\",\"breadcrumb\":{\"@id\":\"https:\/\/dev6.erresse-shop.it\/fr\/shop\/cuisine\/couteaux\/couteaux-de-cuisine\/zwilling-couteau-a-legumes-8-cm-professional-s\/#breadcrumb\"},\"inLanguage\":\"fr-FR\",\"potentialAction\":[{\"@type\":\"ReadAction\",\"target\":[\"https:\/\/dev6.erresse-shop.it\/fr\/shop\/cuisine\/couteaux\/couteaux-de-cuisine\/zwilling-couteau-a-legumes-8-cm-professional-s\/\"]}]},{\"@type\":\"ImageObject\",\"inLanguage\":\"fr-FR\",\"@id\":\"https:\/\/dev6.erresse-shop.it\/fr\/shop\/cuisine\/couteaux\/couteaux-de-cuisine\/zwilling-couteau-a-legumes-8-cm-professional-s\/#primaryimage\",\"url\":\"https:\/\/i3.wp.com\/interpim.erresse-shop.it\/img-catalogo\/zwilling\/zwilling-coltello-da-verdura-8-cm-professional-s.jpg?ssl=1\",\"contentUrl\":\"https:\/\/i3.wp.com\/interpim.erresse-shop.it\/img-catalogo\/zwilling\/zwilling-coltello-da-verdura-8-cm-professional-s.jpg?ssl=1\"},{\"@type\":\"BreadcrumbList\",\"@id\":\"https:\/\/dev6.erresse-shop.it\/fr\/shop\/cuisine\/couteaux\/couteaux-de-cuisine\/zwilling-couteau-a-legumes-8-cm-professional-s\/#breadcrumb\",\"itemListElement\":[{\"@type\":\"ListItem\",\"position\":1,\"name\":\"Home\",\"item\":\"https:\/\/dev6.erresse-shop.it\/\"},{\"@type\":\"ListItem\",\"position\":2,\"name\":\"Boutique\",\"item\":\"https:\/\/dev6.erresse-shop.it\/shop\/\"},{\"@type\":\"ListItem\",\"position\":3,\"name\":\"ZWILLING Couteau \u00e0 L\u00e9gumes 8 cm Professional S\"}]},{\"@type\":\"WebSite\",\"@id\":\"https:\/\/dev6.erresse-shop.it\/#website\",\"url\":\"https:\/\/dev6.erresse-shop.it\/\",\"name\":\"Erresse Shop\",\"description\":\"\",\"publisher\":{\"@id\":\"https:\/\/dev6.erresse-shop.it\/#organization\"},\"potentialAction\":[{\"@type\":\"SearchAction\",\"target\":{\"@type\":\"EntryPoint\",\"urlTemplate\":\"https:\/\/dev6.erresse-shop.it\/?s={search_term_string}\"},\"query-input\":{\"@type\":\"PropertyValueSpecification\",\"valueRequired\":true,\"valueName\":\"search_term_string\"}}],\"inLanguage\":\"fr-FR\"},{\"@type\":\"Organization\",\"@id\":\"https:\/\/dev6.erresse-shop.it\/#organization\",\"name\":\"Erresse Shop\",\"url\":\"https:\/\/dev6.erresse-shop.it\/\",\"logo\":{\"@type\":\"ImageObject\",\"inLanguage\":\"fr-FR\",\"@id\":\"https:\/\/dev6.erresse-shop.it\/#\/schema\/logo\/image\/\",\"url\":\"https:\/\/dev6.erresse-shop.it\/wp-content\/uploads\/2025\/01\/LOGO-ERRESSE-CLASSICO.svg\",\"contentUrl\":\"https:\/\/dev6.erresse-shop.it\/wp-content\/uploads\/2025\/01\/LOGO-ERRESSE-CLASSICO.svg\",\"caption\":\"Erresse Shop\"},\"image\":{\"@id\":\"https:\/\/dev6.erresse-shop.it\/#\/schema\/logo\/image\/\"}}]}<\/script>\n<!-- \/ Yoast SEO plugin. -->","yoast_head_json":{"title":"ZWILLING Couteau \u00e0 L\u00e9gumes 8 cm Professional S - dev6 Erresse","description":"Le couteau \u00e0 l\u00e9gumes polyvalent ZWILLING est d\u00e9j\u00e0 appr\u00e9ci\u00e9 parmi les chefs professionnels du monde entier. Sa lame robuste, son bord lisse et sa pointe","robots":{"index":"noindex","follow":"follow","max-snippet":"max-snippet:-1","max-image-preview":"max-image-preview:large","max-video-preview":"max-video-preview:-1"},"og_locale":"fr_FR","og_type":"article","og_title":"ZWILLING Couteau \u00e0 L\u00e9gumes 8 cm Professional S - dev6 Erresse","og_description":"Le couteau \u00e0 l\u00e9gumes polyvalent ZWILLING est d\u00e9j\u00e0 appr\u00e9ci\u00e9 parmi les chefs professionnels du monde entier. Sa lame robuste, son bord lisse et sa pointe","og_url":"https:\/\/dev6.erresse-shop.it\/fr\/shop\/cuisine\/couteaux\/couteaux-de-cuisine\/zwilling-couteau-a-legumes-8-cm-professional-s\/","og_site_name":"dev6 Erresse","og_image":[{"url":"https:\/\/interpim.erresse-shop.it\/img-catalogo\/zwilling\/zwilling-coltello-da-verdura-8-cm-professional-s.jpg","type":"","width":"","height":""},{"url":"https:\/\/interpim.erresse-shop.it\/img-catalogo\/zwilling\/zwilling-coltello-da-verdura-8-cm-professional-s.jpg","width":1024,"height":1024,"type":"image\/jpeg"}],"twitter_card":"summary_large_image","twitter_image":"https:\/\/interpim.erresse-shop.it\/img-catalogo\/zwilling\/zwilling-coltello-da-verdura-8-cm-professional-s.jpg","schema":{"@context":"https:\/\/schema.org","@graph":[{"@type":"WebPage","@id":"https:\/\/dev6.erresse-shop.it\/fr\/shop\/cuisine\/couteaux\/couteaux-de-cuisine\/zwilling-couteau-a-legumes-8-cm-professional-s\/","url":"https:\/\/dev6.erresse-shop.it\/fr\/shop\/cuisine\/couteaux\/couteaux-de-cuisine\/zwilling-couteau-a-legumes-8-cm-professional-s\/","name":"ZWILLING Couteau \u00e0 L\u00e9gumes 8 cm Professional S - dev6 Erresse","isPartOf":{"@id":"https:\/\/dev6.erresse-shop.it\/#website"},"primaryImageOfPage":{"@id":"https:\/\/dev6.erresse-shop.it\/fr\/shop\/cuisine\/couteaux\/couteaux-de-cuisine\/zwilling-couteau-a-legumes-8-cm-professional-s\/#primaryimage"},"image":{"@id":"https:\/\/dev6.erresse-shop.it\/fr\/shop\/cuisine\/couteaux\/couteaux-de-cuisine\/zwilling-couteau-a-legumes-8-cm-professional-s\/#primaryimage"},"thumbnailUrl":"https:\/\/i3.wp.com\/interpim.erresse-shop.it\/img-catalogo\/zwilling\/zwilling-coltello-da-verdura-8-cm-professional-s.jpg?ssl=1","datePublished":"2026-04-04T10:25:19+00:00","description":"Le couteau \u00e0 l\u00e9gumes polyvalent ZWILLING est d\u00e9j\u00e0 appr\u00e9ci\u00e9 parmi les chefs professionnels du monde entier. Sa lame robuste, son bord lisse et sa pointe","breadcrumb":{"@id":"https:\/\/dev6.erresse-shop.it\/fr\/shop\/cuisine\/couteaux\/couteaux-de-cuisine\/zwilling-couteau-a-legumes-8-cm-professional-s\/#breadcrumb"},"inLanguage":"fr-FR","potentialAction":[{"@type":"ReadAction","target":["https:\/\/dev6.erresse-shop.it\/fr\/shop\/cuisine\/couteaux\/couteaux-de-cuisine\/zwilling-couteau-a-legumes-8-cm-professional-s\/"]}]},{"@type":"ImageObject","inLanguage":"fr-FR","@id":"https:\/\/dev6.erresse-shop.it\/fr\/shop\/cuisine\/couteaux\/couteaux-de-cuisine\/zwilling-couteau-a-legumes-8-cm-professional-s\/#primaryimage","url":"https:\/\/i3.wp.com\/interpim.erresse-shop.it\/img-catalogo\/zwilling\/zwilling-coltello-da-verdura-8-cm-professional-s.jpg?ssl=1","contentUrl":"https:\/\/i3.wp.com\/interpim.erresse-shop.it\/img-catalogo\/zwilling\/zwilling-coltello-da-verdura-8-cm-professional-s.jpg?ssl=1"},{"@type":"BreadcrumbList","@id":"https:\/\/dev6.erresse-shop.it\/fr\/shop\/cuisine\/couteaux\/couteaux-de-cuisine\/zwilling-couteau-a-legumes-8-cm-professional-s\/#breadcrumb","itemListElement":[{"@type":"ListItem","position":1,"name":"Home","item":"https:\/\/dev6.erresse-shop.it\/"},{"@type":"ListItem","position":2,"name":"Boutique","item":"https:\/\/dev6.erresse-shop.it\/shop\/"},{"@type":"ListItem","position":3,"name":"ZWILLING Couteau \u00e0 L\u00e9gumes 8 cm Professional S"}]},{"@type":"WebSite","@id":"https:\/\/dev6.erresse-shop.it\/#website","url":"https:\/\/dev6.erresse-shop.it\/","name":"Erresse Shop","description":"","publisher":{"@id":"https:\/\/dev6.erresse-shop.it\/#organization"},"potentialAction":[{"@type":"SearchAction","target":{"@type":"EntryPoint","urlTemplate":"https:\/\/dev6.erresse-shop.it\/?s={search_term_string}"},"query-input":{"@type":"PropertyValueSpecification","valueRequired":true,"valueName":"search_term_string"}}],"inLanguage":"fr-FR"},{"@type":"Organization","@id":"https:\/\/dev6.erresse-shop.it\/#organization","name":"Erresse Shop","url":"https:\/\/dev6.erresse-shop.it\/","logo":{"@type":"ImageObject","inLanguage":"fr-FR","@id":"https:\/\/dev6.erresse-shop.it\/#\/schema\/logo\/image\/","url":"https:\/\/dev6.erresse-shop.it\/wp-content\/uploads\/2025\/01\/LOGO-ERRESSE-CLASSICO.svg","contentUrl":"https:\/\/dev6.erresse-shop.it\/wp-content\/uploads\/2025\/01\/LOGO-ERRESSE-CLASSICO.svg","caption":"Erresse Shop"},"image":{"@id":"https:\/\/dev6.erresse-shop.it\/#\/schema\/logo\/image\/"}}]}},"df_price":47.95,"df_sale_price":"","df_regular_price":47.95,"df_image_link":"https:\/\/i3.wp.com\/interpim.erresse-shop.it\/img-catalogo\/zwilling\/zwilling-coltello-da-verdura-8-cm-professional-s.jpg?resize=300,300&ssl=1","fifu_image_url":"https:\/\/interpim.erresse-shop.it\/img-catalogo\/zwilling\/zwilling-coltello-da-verdura-8-cm-professional-s.jpg","_links":{"self":[{"href":"https:\/\/dev6.erresse-shop.it\/fr\/wp-json\/wp\/v2\/product\/1609087","targetHints":{"allow":["GET"]}}],"collection":[{"href":"https:\/\/dev6.erresse-shop.it\/fr\/wp-json\/wp\/v2\/product"}],"about":[{"href":"https:\/\/dev6.erresse-shop.it\/fr\/wp-json\/wp\/v2\/types\/product"}],"wp:featuredmedia":[{"embeddable":true,"href":"https:\/\/dev6.erresse-shop.it\/fr\/wp-json\/wp\/v2\/media\/6289807"}],"wp:attachment":[{"href":"https:\/\/dev6.erresse-shop.it\/fr\/wp-json\/wp\/v2\/media?parent=1609087"}],"wp:term":[{"taxonomy":"product_cat","embeddable":true,"href":"https:\/\/dev6.erresse-shop.it\/fr\/wp-json\/wp\/v2\/product_cat?post=1609087"},{"taxonomy":"product_tag","embeddable":true,"href":"https:\/\/dev6.erresse-shop.it\/fr\/wp-json\/wp\/v2\/product_tag?post=1609087"}],"curies":[{"name":"wp","href":"https:\/\/api.w.org\/{rel}","templated":true}]}}