{"id":1609079,"date":"2026-04-12T12:28:05","date_gmt":"2026-04-12T10:28:05","guid":{"rendered":"https:\/\/dev6.erresse-shop.it\/shop\/non%20class\u00e9\/yaxell-zen-nakiri-18-cm-2\/"},"modified":"2025-09-14T06:16:00","modified_gmt":"2025-09-14T04:16:00","slug":"yaxell-zen-nakiri-18-cm","status":"publish","type":"product","link":"https:\/\/dev6.erresse-shop.it\/fr\/shop\/cuisine\/couteaux\/couteaux-de-cuisine\/yaxell-zen-nakiri-18-cm\/","title":{"rendered":"YAXELL Zen Nakiri 18 cm"},"content":{"rendered":"<p>Le Yaxell Zen nakiri est un couteau \u00e0 l\u00e9gumes japonais qui a du style. Le nakiri se trouve dans presque toutes les cuisines japonaises. La lame haute et carr\u00e9e est id\u00e9ale pour couper rapidement les l\u00e9gumes, les fruits et les herbes. La hauteur de la lame vous permet de la guider en toute s\u00e9curit\u00e9 le long de vos articulations pendant que vous coupez. C\u2019est sans aucun doute le couteau de choix pour couper finement les carottes, les concombres, les choux et tout autre type de l\u00e9gume.<\/p>\n<p>Lame Yaxell Zen<br \/>\nLa lame est compos\u00e9e de 37 couches d\u2019acier damass\u00e9 et d\u2019un noyau d\u2019acier japonais VG10 durci \u00e0 61HRC. L\u2019acier VG10 est connu pour \u00eatre tr\u00e8s dur et peut \u00eatre facilement aiguis\u00e9. L\u2019effet martel\u00e9 sur la lame est une finition traditionnelle due aux coups de marteau du forgeron lors de la forge de la lame. En plus d\u2019\u00eatre esth\u00e9tiques, les alv\u00e9oles emp\u00eachent les aliments de coller \u00e0 la lame. L\u2019acier damass\u00e9 contraste joliment avec les lignes sombres et claires qui courent sur toute la longueur de la lame. Cette combinaison de type d\u2019acier et de finition permet aux couteaux Yaxell Zen d\u2019\u00eatre \u00e0 la fois efficaces et percutants.<\/p>\n<p>Manche Yaxell Zen<br \/>\nLes poign\u00e9es sont en micarta, un mat\u00e9riau compos\u00e9 de lin impr\u00e9gn\u00e9 de r\u00e9sine \u00e9poxy. Ce mat\u00e9riau est donc tr\u00e8s r\u00e9sistant, peut faire face \u00e0 de nombreuses situations et r\u00e9siste \u00e0 l\u2019eau. Le micarta est connu pour offrir une grande adh\u00e9rence. M\u00eame lorsqu\u2019il est mouill\u00e9. La forme ovale ou ronde du manche offre une prise suffisante, ce qui le rend tr\u00e8s confortable \u00e0 utiliser.<\/p>\n<p>Yaxell : des couteaux de cuisine japonais \u00e0 aimer<br \/>\nDepuis 1932, Yaxell produit des couteaux de cuisine japonais professionnels pour un usage quotidien. Ils le font dans la capitale japonaise du couteau : Seki. Ils y associent des techniques, des conceptions et des mat\u00e9riaux modernes aux connaissances historiques et \u00e0 l\u2019expertise des fabricants traditionnels de sabres et de couteaux. Yaxell estime qu\u2019un couteau de cuisine est un \u00e9l\u00e9ment essentiel de votre vie quotidienne. Un couteau de cuisine doit \u00eatre abordable et fiable, mais il doit aussi vous inspirer et vous enthousiasmer. Pour ce faire, Yaxell a introduit quelques collections qui conviennent \u00e0 tous. Les mat\u00e9riaux utilis\u00e9s permettent d\u2019obtenir un couteau fiable et de qualit\u00e9. Des couteaux que vous aimerez utiliser tous les jours.<\/p>\n<p>Hauteur de la lame 4,5 cm<br \/>\nLongueur de la lame 18 cm<br \/>\nLongueur totale 30,6 cm<br \/>\nPoids 230 g<\/p>\n<p>Fabriqu\u00e9 au Japon<\/p>\n","protected":false},"excerpt":{"rendered":"<p>Le Yaxell Zen nakiri est un couteau \u00e0 l\u00e9gumes japonais qui a du style. Le nakiri se trouve dans presque toutes les cuisines japonaises. La lame haute et carr\u00e9e est id\u00e9ale pour couper rapidement les l\u00e9gumes, les fruits et les herbes. La hauteur de la lame vous permet de la guider en toute s\u00e9curit\u00e9 le [&hellip;]<\/p>\n","protected":false},"featured_media":6373025,"template":"","meta":{"_acf_changed":false},"product_cat":[11997],"product_tag":[],"class_list":{"0":"post-1609079","1":"product","2":"type-product","3":"status-publish","4":"has-post-thumbnail","6":"product_cat-couteaux-de-cuisine","8":"first","9":"instock","10":"taxable","11":"shipping-taxable","12":"purchasable","13":"product-type-simple","swatches":"rey-swatches","show_selected":"","stretch_labels":"rey-swatches--stretch-labels"},"acf":[],"yoast_head":"<!-- This site is optimized with the Yoast SEO plugin v25.4 - https:\/\/yoast.com\/wordpress\/plugins\/seo\/ -->\n<title>YAXELL Zen Nakiri 18 cm - dev6 Erresse<\/title>\n<meta name=\"description\" content=\"Le Yaxell Zen nakiri est un couteau \u00e0 l\u00e9gumes japonais qui a du style. Le nakiri se trouve dans presque toutes les cuisines japonaises. La lame haute et\" \/>\n<meta name=\"robots\" content=\"noindex, follow, max-snippet:-1, max-image-preview:large, max-video-preview:-1\" \/>\n<meta property=\"og:locale\" content=\"fr_FR\" \/>\n<meta property=\"og:type\" content=\"article\" \/>\n<meta property=\"og:title\" content=\"YAXELL Zen Nakiri 18 cm - dev6 Erresse\" \/>\n<meta property=\"og:description\" content=\"Le Yaxell Zen nakiri est un couteau \u00e0 l\u00e9gumes japonais qui a du style. Le nakiri se trouve dans presque toutes les cuisines japonaises. La lame haute et\" \/>\n<meta property=\"og:url\" content=\"https:\/\/dev6.erresse-shop.it\/fr\/shop\/cuisine\/couteaux\/couteaux-de-cuisine\/yaxell-zen-nakiri-18-cm\/\" \/>\n<meta property=\"og:site_name\" content=\"dev6 Erresse\" \/>\n<meta property=\"og:image\" content=\"https:\/\/interpim.erresse-shop.it\/img-catalogo\/yaxell\/yaxell-nikiri-18cm.jpg\" \/><meta property=\"og:image\" content=\"https:\/\/interpim.erresse-shop.it\/img-catalogo\/yaxell\/yaxell-nikiri-18cm.jpg\" \/>\n\t<meta property=\"og:image:width\" content=\"1024\" \/>\n\t<meta property=\"og:image:height\" content=\"1024\" \/>\n\t<meta property=\"og:image:type\" content=\"image\/jpeg\" \/>\n<meta name=\"twitter:card\" content=\"summary_large_image\" \/>\n<meta name=\"twitter:image\" content=\"https:\/\/interpim.erresse-shop.it\/img-catalogo\/yaxell\/yaxell-nikiri-18cm.jpg\" \/>\n<script type=\"application\/ld+json\" class=\"yoast-schema-graph\">{\"@context\":\"https:\/\/schema.org\",\"@graph\":[{\"@type\":\"WebPage\",\"@id\":\"https:\/\/dev6.erresse-shop.it\/fr\/shop\/cuisine\/couteaux\/couteaux-de-cuisine\/yaxell-zen-nakiri-18-cm\/\",\"url\":\"https:\/\/dev6.erresse-shop.it\/fr\/shop\/cuisine\/couteaux\/couteaux-de-cuisine\/yaxell-zen-nakiri-18-cm\/\",\"name\":\"YAXELL Zen Nakiri 18 cm - dev6 Erresse\",\"isPartOf\":{\"@id\":\"https:\/\/dev6.erresse-shop.it\/#website\"},\"primaryImageOfPage\":{\"@id\":\"https:\/\/dev6.erresse-shop.it\/fr\/shop\/cuisine\/couteaux\/couteaux-de-cuisine\/yaxell-zen-nakiri-18-cm\/#primaryimage\"},\"image\":{\"@id\":\"https:\/\/dev6.erresse-shop.it\/fr\/shop\/cuisine\/couteaux\/couteaux-de-cuisine\/yaxell-zen-nakiri-18-cm\/#primaryimage\"},\"thumbnailUrl\":\"https:\/\/i2.wp.com\/interpim.erresse-shop.it\/img-catalogo\/yaxell\/yaxell-nikiri-18cm.jpg?ssl=1\",\"datePublished\":\"2026-04-12T10:28:05+00:00\",\"description\":\"Le Yaxell Zen nakiri est un couteau \u00e0 l\u00e9gumes japonais qui a du style. Le nakiri se trouve dans presque toutes les cuisines japonaises. La lame haute et\",\"breadcrumb\":{\"@id\":\"https:\/\/dev6.erresse-shop.it\/fr\/shop\/cuisine\/couteaux\/couteaux-de-cuisine\/yaxell-zen-nakiri-18-cm\/#breadcrumb\"},\"inLanguage\":\"fr-FR\",\"potentialAction\":[{\"@type\":\"ReadAction\",\"target\":[\"https:\/\/dev6.erresse-shop.it\/fr\/shop\/cuisine\/couteaux\/couteaux-de-cuisine\/yaxell-zen-nakiri-18-cm\/\"]}]},{\"@type\":\"ImageObject\",\"inLanguage\":\"fr-FR\",\"@id\":\"https:\/\/dev6.erresse-shop.it\/fr\/shop\/cuisine\/couteaux\/couteaux-de-cuisine\/yaxell-zen-nakiri-18-cm\/#primaryimage\",\"url\":\"https:\/\/i2.wp.com\/interpim.erresse-shop.it\/img-catalogo\/yaxell\/yaxell-nikiri-18cm.jpg?ssl=1\",\"contentUrl\":\"https:\/\/i2.wp.com\/interpim.erresse-shop.it\/img-catalogo\/yaxell\/yaxell-nikiri-18cm.jpg?ssl=1\"},{\"@type\":\"BreadcrumbList\",\"@id\":\"https:\/\/dev6.erresse-shop.it\/fr\/shop\/cuisine\/couteaux\/couteaux-de-cuisine\/yaxell-zen-nakiri-18-cm\/#breadcrumb\",\"itemListElement\":[{\"@type\":\"ListItem\",\"position\":1,\"name\":\"Home\",\"item\":\"https:\/\/dev6.erresse-shop.it\/\"},{\"@type\":\"ListItem\",\"position\":2,\"name\":\"Boutique\",\"item\":\"https:\/\/dev6.erresse-shop.it\/shop\/\"},{\"@type\":\"ListItem\",\"position\":3,\"name\":\"YAXELL Zen Nakiri 18 cm\"}]},{\"@type\":\"WebSite\",\"@id\":\"https:\/\/dev6.erresse-shop.it\/#website\",\"url\":\"https:\/\/dev6.erresse-shop.it\/\",\"name\":\"Erresse Shop\",\"description\":\"\",\"publisher\":{\"@id\":\"https:\/\/dev6.erresse-shop.it\/#organization\"},\"potentialAction\":[{\"@type\":\"SearchAction\",\"target\":{\"@type\":\"EntryPoint\",\"urlTemplate\":\"https:\/\/dev6.erresse-shop.it\/?s={search_term_string}\"},\"query-input\":{\"@type\":\"PropertyValueSpecification\",\"valueRequired\":true,\"valueName\":\"search_term_string\"}}],\"inLanguage\":\"fr-FR\"},{\"@type\":\"Organization\",\"@id\":\"https:\/\/dev6.erresse-shop.it\/#organization\",\"name\":\"Erresse Shop\",\"url\":\"https:\/\/dev6.erresse-shop.it\/\",\"logo\":{\"@type\":\"ImageObject\",\"inLanguage\":\"fr-FR\",\"@id\":\"https:\/\/dev6.erresse-shop.it\/#\/schema\/logo\/image\/\",\"url\":\"https:\/\/dev6.erresse-shop.it\/wp-content\/uploads\/2025\/01\/LOGO-ERRESSE-CLASSICO.svg\",\"contentUrl\":\"https:\/\/dev6.erresse-shop.it\/wp-content\/uploads\/2025\/01\/LOGO-ERRESSE-CLASSICO.svg\",\"caption\":\"Erresse Shop\"},\"image\":{\"@id\":\"https:\/\/dev6.erresse-shop.it\/#\/schema\/logo\/image\/\"}}]}<\/script>\n<!-- \/ Yoast SEO plugin. -->","yoast_head_json":{"title":"YAXELL Zen Nakiri 18 cm - dev6 Erresse","description":"Le Yaxell Zen nakiri est un couteau \u00e0 l\u00e9gumes japonais qui a du style. Le nakiri se trouve dans presque toutes les cuisines japonaises. La lame haute et","robots":{"index":"noindex","follow":"follow","max-snippet":"max-snippet:-1","max-image-preview":"max-image-preview:large","max-video-preview":"max-video-preview:-1"},"og_locale":"fr_FR","og_type":"article","og_title":"YAXELL Zen Nakiri 18 cm - dev6 Erresse","og_description":"Le Yaxell Zen nakiri est un couteau \u00e0 l\u00e9gumes japonais qui a du style. Le nakiri se trouve dans presque toutes les cuisines japonaises. La lame haute et","og_url":"https:\/\/dev6.erresse-shop.it\/fr\/shop\/cuisine\/couteaux\/couteaux-de-cuisine\/yaxell-zen-nakiri-18-cm\/","og_site_name":"dev6 Erresse","og_image":[{"url":"https:\/\/interpim.erresse-shop.it\/img-catalogo\/yaxell\/yaxell-nikiri-18cm.jpg","type":"","width":"","height":""},{"url":"https:\/\/interpim.erresse-shop.it\/img-catalogo\/yaxell\/yaxell-nikiri-18cm.jpg","width":1024,"height":1024,"type":"image\/jpeg"}],"twitter_card":"summary_large_image","twitter_image":"https:\/\/interpim.erresse-shop.it\/img-catalogo\/yaxell\/yaxell-nikiri-18cm.jpg","schema":{"@context":"https:\/\/schema.org","@graph":[{"@type":"WebPage","@id":"https:\/\/dev6.erresse-shop.it\/fr\/shop\/cuisine\/couteaux\/couteaux-de-cuisine\/yaxell-zen-nakiri-18-cm\/","url":"https:\/\/dev6.erresse-shop.it\/fr\/shop\/cuisine\/couteaux\/couteaux-de-cuisine\/yaxell-zen-nakiri-18-cm\/","name":"YAXELL Zen Nakiri 18 cm - dev6 Erresse","isPartOf":{"@id":"https:\/\/dev6.erresse-shop.it\/#website"},"primaryImageOfPage":{"@id":"https:\/\/dev6.erresse-shop.it\/fr\/shop\/cuisine\/couteaux\/couteaux-de-cuisine\/yaxell-zen-nakiri-18-cm\/#primaryimage"},"image":{"@id":"https:\/\/dev6.erresse-shop.it\/fr\/shop\/cuisine\/couteaux\/couteaux-de-cuisine\/yaxell-zen-nakiri-18-cm\/#primaryimage"},"thumbnailUrl":"https:\/\/i2.wp.com\/interpim.erresse-shop.it\/img-catalogo\/yaxell\/yaxell-nikiri-18cm.jpg?ssl=1","datePublished":"2026-04-12T10:28:05+00:00","description":"Le Yaxell Zen nakiri est un couteau \u00e0 l\u00e9gumes japonais qui a du style. Le nakiri se trouve dans presque toutes les cuisines japonaises. La lame haute et","breadcrumb":{"@id":"https:\/\/dev6.erresse-shop.it\/fr\/shop\/cuisine\/couteaux\/couteaux-de-cuisine\/yaxell-zen-nakiri-18-cm\/#breadcrumb"},"inLanguage":"fr-FR","potentialAction":[{"@type":"ReadAction","target":["https:\/\/dev6.erresse-shop.it\/fr\/shop\/cuisine\/couteaux\/couteaux-de-cuisine\/yaxell-zen-nakiri-18-cm\/"]}]},{"@type":"ImageObject","inLanguage":"fr-FR","@id":"https:\/\/dev6.erresse-shop.it\/fr\/shop\/cuisine\/couteaux\/couteaux-de-cuisine\/yaxell-zen-nakiri-18-cm\/#primaryimage","url":"https:\/\/i2.wp.com\/interpim.erresse-shop.it\/img-catalogo\/yaxell\/yaxell-nikiri-18cm.jpg?ssl=1","contentUrl":"https:\/\/i2.wp.com\/interpim.erresse-shop.it\/img-catalogo\/yaxell\/yaxell-nikiri-18cm.jpg?ssl=1"},{"@type":"BreadcrumbList","@id":"https:\/\/dev6.erresse-shop.it\/fr\/shop\/cuisine\/couteaux\/couteaux-de-cuisine\/yaxell-zen-nakiri-18-cm\/#breadcrumb","itemListElement":[{"@type":"ListItem","position":1,"name":"Home","item":"https:\/\/dev6.erresse-shop.it\/"},{"@type":"ListItem","position":2,"name":"Boutique","item":"https:\/\/dev6.erresse-shop.it\/shop\/"},{"@type":"ListItem","position":3,"name":"YAXELL Zen Nakiri 18 cm"}]},{"@type":"WebSite","@id":"https:\/\/dev6.erresse-shop.it\/#website","url":"https:\/\/dev6.erresse-shop.it\/","name":"Erresse Shop","description":"","publisher":{"@id":"https:\/\/dev6.erresse-shop.it\/#organization"},"potentialAction":[{"@type":"SearchAction","target":{"@type":"EntryPoint","urlTemplate":"https:\/\/dev6.erresse-shop.it\/?s={search_term_string}"},"query-input":{"@type":"PropertyValueSpecification","valueRequired":true,"valueName":"search_term_string"}}],"inLanguage":"fr-FR"},{"@type":"Organization","@id":"https:\/\/dev6.erresse-shop.it\/#organization","name":"Erresse Shop","url":"https:\/\/dev6.erresse-shop.it\/","logo":{"@type":"ImageObject","inLanguage":"fr-FR","@id":"https:\/\/dev6.erresse-shop.it\/#\/schema\/logo\/image\/","url":"https:\/\/dev6.erresse-shop.it\/wp-content\/uploads\/2025\/01\/LOGO-ERRESSE-CLASSICO.svg","contentUrl":"https:\/\/dev6.erresse-shop.it\/wp-content\/uploads\/2025\/01\/LOGO-ERRESSE-CLASSICO.svg","caption":"Erresse Shop"},"image":{"@id":"https:\/\/dev6.erresse-shop.it\/#\/schema\/logo\/image\/"}}]}},"df_price":179,"df_sale_price":"","df_regular_price":179,"df_image_link":"https:\/\/i2.wp.com\/interpim.erresse-shop.it\/img-catalogo\/yaxell\/yaxell-nikiri-18cm.jpg?resize=300,300&ssl=1","fifu_image_url":"https:\/\/interpim.erresse-shop.it\/img-catalogo\/yaxell\/yaxell-nikiri-18cm.jpg","_links":{"self":[{"href":"https:\/\/dev6.erresse-shop.it\/fr\/wp-json\/wp\/v2\/product\/1609079","targetHints":{"allow":["GET"]}}],"collection":[{"href":"https:\/\/dev6.erresse-shop.it\/fr\/wp-json\/wp\/v2\/product"}],"about":[{"href":"https:\/\/dev6.erresse-shop.it\/fr\/wp-json\/wp\/v2\/types\/product"}],"wp:featuredmedia":[{"embeddable":true,"href":"https:\/\/dev6.erresse-shop.it\/fr\/wp-json\/wp\/v2\/media\/6373025"}],"wp:attachment":[{"href":"https:\/\/dev6.erresse-shop.it\/fr\/wp-json\/wp\/v2\/media?parent=1609079"}],"wp:term":[{"taxonomy":"product_cat","embeddable":true,"href":"https:\/\/dev6.erresse-shop.it\/fr\/wp-json\/wp\/v2\/product_cat?post=1609079"},{"taxonomy":"product_tag","embeddable":true,"href":"https:\/\/dev6.erresse-shop.it\/fr\/wp-json\/wp\/v2\/product_tag?post=1609079"}],"curies":[{"name":"wp","href":"https:\/\/api.w.org\/{rel}","templated":true}]}}