{"id":1609045,"date":"2026-04-12T12:25:35","date_gmt":"2026-04-12T10:25:35","guid":{"rendered":"https:\/\/dev6.erresse-shop.it\/shop\/non%20class\u00e9\/yaxell-super-gou-couteau-santoku-165-cm-2\/"},"modified":"2025-09-14T06:14:44","modified_gmt":"2025-09-14T04:14:44","slug":"yaxell-super-gou-couteau-santoku-165-cm","status":"publish","type":"product","link":"https:\/\/dev6.erresse-shop.it\/fr\/shop\/cuisine\/couteaux\/couteaux-de-cuisine\/yaxell-super-gou-couteau-santoku-165-cm\/","title":{"rendered":"YAXELL Super Gou Couteau Santoku 16,5 cm"},"content":{"rendered":"<p>Le Yaxell Super Gou santoku 16,5 cm est un couteau de chef japonais pratique et \u00e9l\u00e9gant avec une lame sp\u00e9ciale. Le santoku est la version japonaise du couteau de chef. La petite lame est parfaite pour hacher les l\u00e9gumes, la viande, le poisson, les oignons, l\u2019ail et, bien s\u00fbr, diff\u00e9rentes sortes d\u2019herbes.<\/p>\n<p>Lame Yaxell Super Gou : 161 couches d\u2019acier damass\u00e9<br \/>\nLes couteaux de cuisine Yaxell Super Gou sont fabriqu\u00e9s \u00e0 partir de 161 couches d\u2019acier Damas. Une quantit\u00e9 \u00e9trange ? Pas du tout ! En effet, chaque c\u00f4t\u00e9 de la lame est compos\u00e9 de 80 couches d\u2019acier Damas inoxydable, entre lesquelles se trouve un noyau d\u2019acier en poudre SG2 tr\u00e8s dur. Cette combinaison permet aux couteaux d\u2019\u00eatre tranchants comme des rasoirs, inoxydables et d\u2019une beaut\u00e9 \u00e9blouissante.<\/p>\n<p>L\u2019acier Damas est compos\u00e9 de deux aciers inoxydables qui sont forg\u00e9s ensemble en couches. Ces deux types d\u2019acier ont une teneur en carbone diff\u00e9rente, ce qui permet \u00e0 l\u2019acier de changer de couleur en fonction de la fa\u00e7on dont il est grav\u00e9. La gravure consiste \u00e0 produire un motif dans l\u2019acier \u00e0 l\u2019aide d\u2019un acide. L\u2019acier inoxydable, qu\u2019il soit de type Damas ou non, n\u2019est g\u00e9n\u00e9ralement pas le type d\u2019acier le plus dur. C\u2019est pourquoi un noyau d\u2019acier pulv\u00e9ris\u00e9 SG2 a \u00e9t\u00e9 ajout\u00e9. Le r\u00e9sultat est un tranchant solide comme le roc avec une duret\u00e9 de 63 HRC ! Le nom de la collection est grav\u00e9 \u00e0 la main sur le c\u00f4t\u00e9 de la lame et sur le dos du manche.<\/p>\n<p>Manche Yaxell Super Gou<br \/>\nEn raison des formes rondes et des trois rivets, ce manche ressemble beaucoup \u00e0 celui d\u2019un couteau de cuisine europ\u00e9en. Cela garantit que le manche n\u2019est pas seulement solide, mais aussi confortable. Le manche est en micarta rouge et noir. Le micarta est un mat\u00e9riau compos\u00e9 de lin, impr\u00e9gn\u00e9 de r\u00e9sine \u00e9poxy. Il s\u2019agit donc d\u2019un mat\u00e9riau tr\u00e8s solide. Il peut r\u00e9sister \u00e0 presque tout et a une grande r\u00e9sistance \u00e0 l\u2019eau. Le micarta est connu pour offrir une grande adh\u00e9rence. M\u00eame lorsqu\u2019il est mouill\u00e9. La forme ovale ou ronde du manche offre une bonne prise en main et est confortable.<\/p>\n","protected":false},"excerpt":{"rendered":"<p>Le Yaxell Super Gou santoku 16,5 cm est un couteau de chef japonais pratique et \u00e9l\u00e9gant avec une lame sp\u00e9ciale. Le santoku est la version japonaise du couteau de chef. La petite lame est parfaite pour hacher les l\u00e9gumes, la viande, le poisson, les oignons, l\u2019ail et, bien s\u00fbr, diff\u00e9rentes sortes d\u2019herbes. Lame Yaxell Super [&hellip;]<\/p>\n","protected":false},"featured_media":6372786,"template":"","meta":{"_acf_changed":false},"product_cat":[11997],"product_tag":[],"class_list":{"0":"post-1609045","1":"product","2":"type-product","3":"status-publish","4":"has-post-thumbnail","6":"product_cat-couteaux-de-cuisine","8":"first","9":"instock","10":"taxable","11":"shipping-taxable","12":"purchasable","13":"product-type-simple","swatches":"rey-swatches","show_selected":"","stretch_labels":"rey-swatches--stretch-labels"},"acf":[],"yoast_head":"<!-- This site is optimized with the Yoast SEO plugin v25.4 - https:\/\/yoast.com\/wordpress\/plugins\/seo\/ -->\n<title>YAXELL Super Gou Couteau Santoku 16,5 cm - dev6 Erresse<\/title>\n<meta name=\"description\" content=\"Le Yaxell Super Gou santoku 16,5 cm est un couteau de chef japonais pratique et \u00e9l\u00e9gant avec une lame sp\u00e9ciale. Le santoku est la version japonaise du\" \/>\n<meta name=\"robots\" content=\"noindex, follow, max-snippet:-1, max-image-preview:large, max-video-preview:-1\" \/>\n<meta property=\"og:locale\" content=\"fr_FR\" \/>\n<meta property=\"og:type\" content=\"article\" \/>\n<meta property=\"og:title\" content=\"YAXELL Super Gou Couteau Santoku 16,5 cm - dev6 Erresse\" \/>\n<meta property=\"og:description\" content=\"Le Yaxell Super Gou santoku 16,5 cm est un couteau de chef japonais pratique et \u00e9l\u00e9gant avec une lame sp\u00e9ciale. Le santoku est la version japonaise du\" \/>\n<meta property=\"og:url\" content=\"https:\/\/dev6.erresse-shop.it\/fr\/shop\/cuisine\/couteaux\/couteaux-de-cuisine\/yaxell-super-gou-couteau-santoku-165-cm\/\" \/>\n<meta property=\"og:site_name\" content=\"dev6 Erresse\" \/>\n<meta property=\"og:image\" content=\"https:\/\/interpim.erresse-shop.it\/img-catalogo\/yaxell\/yaxell-super-gou-coltello-santoku-165-cm.jpg\" \/><meta property=\"og:image\" content=\"https:\/\/interpim.erresse-shop.it\/img-catalogo\/yaxell\/yaxell-super-gou-coltello-santoku-165-cm.jpg\" \/>\n\t<meta property=\"og:image:width\" content=\"1024\" \/>\n\t<meta property=\"og:image:height\" content=\"1024\" \/>\n\t<meta property=\"og:image:type\" content=\"image\/jpeg\" \/>\n<meta name=\"twitter:card\" content=\"summary_large_image\" \/>\n<meta name=\"twitter:image\" content=\"https:\/\/interpim.erresse-shop.it\/img-catalogo\/yaxell\/yaxell-super-gou-coltello-santoku-165-cm.jpg\" \/>\n<script type=\"application\/ld+json\" class=\"yoast-schema-graph\">{\"@context\":\"https:\/\/schema.org\",\"@graph\":[{\"@type\":\"WebPage\",\"@id\":\"https:\/\/dev6.erresse-shop.it\/fr\/shop\/cuisine\/couteaux\/couteaux-de-cuisine\/yaxell-super-gou-couteau-santoku-165-cm\/\",\"url\":\"https:\/\/dev6.erresse-shop.it\/fr\/shop\/cuisine\/couteaux\/couteaux-de-cuisine\/yaxell-super-gou-couteau-santoku-165-cm\/\",\"name\":\"YAXELL Super Gou Couteau Santoku 16,5 cm - dev6 Erresse\",\"isPartOf\":{\"@id\":\"https:\/\/dev6.erresse-shop.it\/#website\"},\"primaryImageOfPage\":{\"@id\":\"https:\/\/dev6.erresse-shop.it\/fr\/shop\/cuisine\/couteaux\/couteaux-de-cuisine\/yaxell-super-gou-couteau-santoku-165-cm\/#primaryimage\"},\"image\":{\"@id\":\"https:\/\/dev6.erresse-shop.it\/fr\/shop\/cuisine\/couteaux\/couteaux-de-cuisine\/yaxell-super-gou-couteau-santoku-165-cm\/#primaryimage\"},\"thumbnailUrl\":\"https:\/\/i0.wp.com\/interpim.erresse-shop.it\/img-catalogo\/yaxell\/yaxell-super-gou-coltello-santoku-165-cm.jpg?ssl=1\",\"datePublished\":\"2026-04-12T10:25:35+00:00\",\"description\":\"Le Yaxell Super Gou santoku 16,5 cm est un couteau de chef japonais pratique et \u00e9l\u00e9gant avec une lame sp\u00e9ciale. Le santoku est la version japonaise du\",\"breadcrumb\":{\"@id\":\"https:\/\/dev6.erresse-shop.it\/fr\/shop\/cuisine\/couteaux\/couteaux-de-cuisine\/yaxell-super-gou-couteau-santoku-165-cm\/#breadcrumb\"},\"inLanguage\":\"fr-FR\",\"potentialAction\":[{\"@type\":\"ReadAction\",\"target\":[\"https:\/\/dev6.erresse-shop.it\/fr\/shop\/cuisine\/couteaux\/couteaux-de-cuisine\/yaxell-super-gou-couteau-santoku-165-cm\/\"]}]},{\"@type\":\"ImageObject\",\"inLanguage\":\"fr-FR\",\"@id\":\"https:\/\/dev6.erresse-shop.it\/fr\/shop\/cuisine\/couteaux\/couteaux-de-cuisine\/yaxell-super-gou-couteau-santoku-165-cm\/#primaryimage\",\"url\":\"https:\/\/i0.wp.com\/interpim.erresse-shop.it\/img-catalogo\/yaxell\/yaxell-super-gou-coltello-santoku-165-cm.jpg?ssl=1\",\"contentUrl\":\"https:\/\/i0.wp.com\/interpim.erresse-shop.it\/img-catalogo\/yaxell\/yaxell-super-gou-coltello-santoku-165-cm.jpg?ssl=1\"},{\"@type\":\"BreadcrumbList\",\"@id\":\"https:\/\/dev6.erresse-shop.it\/fr\/shop\/cuisine\/couteaux\/couteaux-de-cuisine\/yaxell-super-gou-couteau-santoku-165-cm\/#breadcrumb\",\"itemListElement\":[{\"@type\":\"ListItem\",\"position\":1,\"name\":\"Home\",\"item\":\"https:\/\/dev6.erresse-shop.it\/\"},{\"@type\":\"ListItem\",\"position\":2,\"name\":\"Boutique\",\"item\":\"https:\/\/dev6.erresse-shop.it\/shop\/\"},{\"@type\":\"ListItem\",\"position\":3,\"name\":\"YAXELL Super Gou Couteau Santoku 16,5 cm\"}]},{\"@type\":\"WebSite\",\"@id\":\"https:\/\/dev6.erresse-shop.it\/#website\",\"url\":\"https:\/\/dev6.erresse-shop.it\/\",\"name\":\"Erresse Shop\",\"description\":\"\",\"publisher\":{\"@id\":\"https:\/\/dev6.erresse-shop.it\/#organization\"},\"potentialAction\":[{\"@type\":\"SearchAction\",\"target\":{\"@type\":\"EntryPoint\",\"urlTemplate\":\"https:\/\/dev6.erresse-shop.it\/?s={search_term_string}\"},\"query-input\":{\"@type\":\"PropertyValueSpecification\",\"valueRequired\":true,\"valueName\":\"search_term_string\"}}],\"inLanguage\":\"fr-FR\"},{\"@type\":\"Organization\",\"@id\":\"https:\/\/dev6.erresse-shop.it\/#organization\",\"name\":\"Erresse Shop\",\"url\":\"https:\/\/dev6.erresse-shop.it\/\",\"logo\":{\"@type\":\"ImageObject\",\"inLanguage\":\"fr-FR\",\"@id\":\"https:\/\/dev6.erresse-shop.it\/#\/schema\/logo\/image\/\",\"url\":\"https:\/\/dev6.erresse-shop.it\/wp-content\/uploads\/2025\/01\/LOGO-ERRESSE-CLASSICO.svg\",\"contentUrl\":\"https:\/\/dev6.erresse-shop.it\/wp-content\/uploads\/2025\/01\/LOGO-ERRESSE-CLASSICO.svg\",\"caption\":\"Erresse Shop\"},\"image\":{\"@id\":\"https:\/\/dev6.erresse-shop.it\/#\/schema\/logo\/image\/\"}}]}<\/script>\n<!-- \/ Yoast SEO plugin. -->","yoast_head_json":{"title":"YAXELL Super Gou Couteau Santoku 16,5 cm - dev6 Erresse","description":"Le Yaxell Super Gou santoku 16,5 cm est un couteau de chef japonais pratique et \u00e9l\u00e9gant avec une lame sp\u00e9ciale. Le santoku est la version japonaise du","robots":{"index":"noindex","follow":"follow","max-snippet":"max-snippet:-1","max-image-preview":"max-image-preview:large","max-video-preview":"max-video-preview:-1"},"og_locale":"fr_FR","og_type":"article","og_title":"YAXELL Super Gou Couteau Santoku 16,5 cm - dev6 Erresse","og_description":"Le Yaxell Super Gou santoku 16,5 cm est un couteau de chef japonais pratique et \u00e9l\u00e9gant avec une lame sp\u00e9ciale. Le santoku est la version japonaise du","og_url":"https:\/\/dev6.erresse-shop.it\/fr\/shop\/cuisine\/couteaux\/couteaux-de-cuisine\/yaxell-super-gou-couteau-santoku-165-cm\/","og_site_name":"dev6 Erresse","og_image":[{"url":"https:\/\/interpim.erresse-shop.it\/img-catalogo\/yaxell\/yaxell-super-gou-coltello-santoku-165-cm.jpg","type":"","width":"","height":""},{"url":"https:\/\/interpim.erresse-shop.it\/img-catalogo\/yaxell\/yaxell-super-gou-coltello-santoku-165-cm.jpg","width":1024,"height":1024,"type":"image\/jpeg"}],"twitter_card":"summary_large_image","twitter_image":"https:\/\/interpim.erresse-shop.it\/img-catalogo\/yaxell\/yaxell-super-gou-coltello-santoku-165-cm.jpg","schema":{"@context":"https:\/\/schema.org","@graph":[{"@type":"WebPage","@id":"https:\/\/dev6.erresse-shop.it\/fr\/shop\/cuisine\/couteaux\/couteaux-de-cuisine\/yaxell-super-gou-couteau-santoku-165-cm\/","url":"https:\/\/dev6.erresse-shop.it\/fr\/shop\/cuisine\/couteaux\/couteaux-de-cuisine\/yaxell-super-gou-couteau-santoku-165-cm\/","name":"YAXELL Super Gou Couteau Santoku 16,5 cm - dev6 Erresse","isPartOf":{"@id":"https:\/\/dev6.erresse-shop.it\/#website"},"primaryImageOfPage":{"@id":"https:\/\/dev6.erresse-shop.it\/fr\/shop\/cuisine\/couteaux\/couteaux-de-cuisine\/yaxell-super-gou-couteau-santoku-165-cm\/#primaryimage"},"image":{"@id":"https:\/\/dev6.erresse-shop.it\/fr\/shop\/cuisine\/couteaux\/couteaux-de-cuisine\/yaxell-super-gou-couteau-santoku-165-cm\/#primaryimage"},"thumbnailUrl":"https:\/\/i0.wp.com\/interpim.erresse-shop.it\/img-catalogo\/yaxell\/yaxell-super-gou-coltello-santoku-165-cm.jpg?ssl=1","datePublished":"2026-04-12T10:25:35+00:00","description":"Le Yaxell Super Gou santoku 16,5 cm est un couteau de chef japonais pratique et \u00e9l\u00e9gant avec une lame sp\u00e9ciale. Le santoku est la version japonaise du","breadcrumb":{"@id":"https:\/\/dev6.erresse-shop.it\/fr\/shop\/cuisine\/couteaux\/couteaux-de-cuisine\/yaxell-super-gou-couteau-santoku-165-cm\/#breadcrumb"},"inLanguage":"fr-FR","potentialAction":[{"@type":"ReadAction","target":["https:\/\/dev6.erresse-shop.it\/fr\/shop\/cuisine\/couteaux\/couteaux-de-cuisine\/yaxell-super-gou-couteau-santoku-165-cm\/"]}]},{"@type":"ImageObject","inLanguage":"fr-FR","@id":"https:\/\/dev6.erresse-shop.it\/fr\/shop\/cuisine\/couteaux\/couteaux-de-cuisine\/yaxell-super-gou-couteau-santoku-165-cm\/#primaryimage","url":"https:\/\/i0.wp.com\/interpim.erresse-shop.it\/img-catalogo\/yaxell\/yaxell-super-gou-coltello-santoku-165-cm.jpg?ssl=1","contentUrl":"https:\/\/i0.wp.com\/interpim.erresse-shop.it\/img-catalogo\/yaxell\/yaxell-super-gou-coltello-santoku-165-cm.jpg?ssl=1"},{"@type":"BreadcrumbList","@id":"https:\/\/dev6.erresse-shop.it\/fr\/shop\/cuisine\/couteaux\/couteaux-de-cuisine\/yaxell-super-gou-couteau-santoku-165-cm\/#breadcrumb","itemListElement":[{"@type":"ListItem","position":1,"name":"Home","item":"https:\/\/dev6.erresse-shop.it\/"},{"@type":"ListItem","position":2,"name":"Boutique","item":"https:\/\/dev6.erresse-shop.it\/shop\/"},{"@type":"ListItem","position":3,"name":"YAXELL Super Gou Couteau Santoku 16,5 cm"}]},{"@type":"WebSite","@id":"https:\/\/dev6.erresse-shop.it\/#website","url":"https:\/\/dev6.erresse-shop.it\/","name":"Erresse Shop","description":"","publisher":{"@id":"https:\/\/dev6.erresse-shop.it\/#organization"},"potentialAction":[{"@type":"SearchAction","target":{"@type":"EntryPoint","urlTemplate":"https:\/\/dev6.erresse-shop.it\/?s={search_term_string}"},"query-input":{"@type":"PropertyValueSpecification","valueRequired":true,"valueName":"search_term_string"}}],"inLanguage":"fr-FR"},{"@type":"Organization","@id":"https:\/\/dev6.erresse-shop.it\/#organization","name":"Erresse Shop","url":"https:\/\/dev6.erresse-shop.it\/","logo":{"@type":"ImageObject","inLanguage":"fr-FR","@id":"https:\/\/dev6.erresse-shop.it\/#\/schema\/logo\/image\/","url":"https:\/\/dev6.erresse-shop.it\/wp-content\/uploads\/2025\/01\/LOGO-ERRESSE-CLASSICO.svg","contentUrl":"https:\/\/dev6.erresse-shop.it\/wp-content\/uploads\/2025\/01\/LOGO-ERRESSE-CLASSICO.svg","caption":"Erresse Shop"},"image":{"@id":"https:\/\/dev6.erresse-shop.it\/#\/schema\/logo\/image\/"}}]}},"df_price":399,"df_sale_price":"","df_regular_price":399,"df_image_link":"https:\/\/i0.wp.com\/interpim.erresse-shop.it\/img-catalogo\/yaxell\/yaxell-super-gou-coltello-santoku-165-cm.jpg?resize=300,300&ssl=1","fifu_image_url":"https:\/\/interpim.erresse-shop.it\/img-catalogo\/yaxell\/yaxell-super-gou-coltello-santoku-165-cm.jpg","_links":{"self":[{"href":"https:\/\/dev6.erresse-shop.it\/fr\/wp-json\/wp\/v2\/product\/1609045","targetHints":{"allow":["GET"]}}],"collection":[{"href":"https:\/\/dev6.erresse-shop.it\/fr\/wp-json\/wp\/v2\/product"}],"about":[{"href":"https:\/\/dev6.erresse-shop.it\/fr\/wp-json\/wp\/v2\/types\/product"}],"wp:featuredmedia":[{"embeddable":true,"href":"https:\/\/dev6.erresse-shop.it\/fr\/wp-json\/wp\/v2\/media\/6372786"}],"wp:attachment":[{"href":"https:\/\/dev6.erresse-shop.it\/fr\/wp-json\/wp\/v2\/media?parent=1609045"}],"wp:term":[{"taxonomy":"product_cat","embeddable":true,"href":"https:\/\/dev6.erresse-shop.it\/fr\/wp-json\/wp\/v2\/product_cat?post=1609045"},{"taxonomy":"product_tag","embeddable":true,"href":"https:\/\/dev6.erresse-shop.it\/fr\/wp-json\/wp\/v2\/product_tag?post=1609045"}],"curies":[{"name":"wp","href":"https:\/\/api.w.org\/{rel}","templated":true}]}}