{"id":1609037,"date":"2026-04-10T13:04:04","date_gmt":"2026-04-10T11:04:04","guid":{"rendered":"https:\/\/dev6.erresse-shop.it\/shop\/non%20class\u00e9\/la-pavoni-machine-a-cafe-espresso-stradivari-professional-avec-poigne-en-bois\/"},"modified":"2025-07-04T19:03:34","modified_gmt":"2025-07-04T17:03:34","slug":"la-pavoni-machine-a-cafe-espresso-stradivari-professional-avec-poigne-en-bois","status":"publish","type":"product","link":"https:\/\/dev6.erresse-shop.it\/fr\/shop\/petits-electromenagers\/machines-cafe\/a-levier\/la-pavoni-machine-a-cafe-espresso-stradivari-professional-avec-poigne-en-bois\/","title":{"rendered":"LA PAVONI Machine \u00e0 Caf\u00e9 Espresso Stradivari Professional avec Poigne en Bois"},"content":{"rendered":"<p>Attention : pour un r\u00e9sultat optimal, utilisez UNIQUEMENT du caf\u00e9 moulu avec un bon moulin \u00e0 caf\u00e9 (Jolly, Kube Mill, Cylinder \u2013 La Pavoni s\u00e9rie) ou achet\u00e9 directement aupr\u00e8s d\u2019une entreprise de torr\u00e9faction. Dans le cas contraire, l\u2019utilisation de caf\u00e9 de \u201csupermarch\u00e9\u201d ne garantit pas un excellent r\u00e9sultat.<\/p>\n<p>Apr\u00e8s le succ\u00e8s du model\u00a0Europiccola\u00a0(1950) et\u00a0Professional\u00a0(1970) na\u00eet Stradivari (2005), une machine qui synth\u00e9tise les formes les plus pures et la technique la plus fiable gr\u00e2ce \u00e0 l\u2019exp\u00e9rience centenaire de\u00a0La Pavoni.<br \/>\nLe model\u00a0Stradivari\u00a0avec le moulin \u00e0 caf\u00e9 Jolly et \u00e0 la base set sont la r\u00e9ponse fonctionnelle aux exigences du consommateur.<br \/>\nLe model\u00a0Stradivari\u00a0a \u00e9t\u00e9 \u00e9tudie s\u2019inspirant au violon, instrument de musique par excellence, devenu une oeuvre d\u2019art gr\u00e2ce au fameux luthier de Cremona, Antonio Stradivari. La base rappelle la caisse du violon et le levier l\u2019archet. Le r\u00e9sultat c\u2019est d\u2019obtenir une performance et un plaisir esth\u00e9tique et fonctionnel.<\/p>\n<p>Tous les mod\u00e8les \u00e0 levier La Pavoni 230V sont certifi\u00e9s par:\n<\/p>\n<p>Capacit\u00e9 de la chaudi\u00e8re litres 1,6<br \/>\nNombre de tasses de caf\u00e9 distribu\u00e9es 16<br \/>\nD\u00e9bit de vapeur 15 min<br \/>\nPression dans la chaudi\u00e8re 0,7-0,8 bar<br \/>\nTemps moyen de chauffage 5 min<br \/>\nSoupape de s\u00e9curit\u00e9<br \/>\nRobinet vapeur avec dispositif interchang\u00e9able tuyau vapeur \/ Cappuccino Automatic<br \/>\nManom\u00e8tre<br \/>\nIndicateur de niveau de l\u2019eau<br \/>\nInterrupteur on\/off<br \/>\nLampe t\u00e9moin d\u2019allumage<br \/>\nCappuccino Automatic<br \/>\nThermostat de s\u00e9curit\u00e9 qui peut \u00eatre r\u00e9tabli manuellement<br \/>\nPressostat pour garder une pression constante dans la chaudi\u00e8re<br \/>\nR\u00e9sistance 950 W<br \/>\nAlimentation \u00e9lectrique 220-240V 50\/60Hz \u2013 120V 60Hz<\/p>\n","protected":false},"excerpt":{"rendered":"<p>Attention : pour un r\u00e9sultat optimal, utilisez UNIQUEMENT du caf\u00e9 moulu avec un bon moulin \u00e0 caf\u00e9 (Jolly, Kube Mill, Cylinder \u2013 La Pavoni s\u00e9rie) ou achet\u00e9 directement aupr\u00e8s d\u2019une entreprise de torr\u00e9faction. Dans le cas contraire, l\u2019utilisation de caf\u00e9 de \u201csupermarch\u00e9\u201d ne garantit pas un excellent r\u00e9sultat. Apr\u00e8s le succ\u00e8s du model\u00a0Europiccola\u00a0(1950) et\u00a0Professional\u00a0(1970) na\u00eet [&hellip;]<\/p>\n","protected":false},"featured_media":6331097,"template":"","meta":{"_acf_changed":false},"product_cat":[12070,12063,12055],"product_tag":[],"class_list":{"0":"post-1609037","1":"product","2":"type-product","3":"status-publish","4":"has-post-thumbnail","6":"product_cat-a-levier","7":"product_cat-machines-cafe","8":"product_cat-petits-electromenagers","10":"first","11":"instock","12":"taxable","13":"shipping-taxable","14":"product-type-simple","swatches":"rey-swatches","show_selected":"","stretch_labels":"rey-swatches--stretch-labels"},"acf":[],"yoast_head":"<!-- This site is optimized with the Yoast SEO plugin v25.4 - https:\/\/yoast.com\/wordpress\/plugins\/seo\/ -->\n<title>LA PAVONI Machine \u00e0 Caf\u00e9 Espresso Stradivari Professional avec Poigne en Bois - dev6 Erresse<\/title>\n<meta name=\"description\" content=\"Attention : pour un r\u00e9sultat optimal, utilisez UNIQUEMENT du caf\u00e9 moulu avec un bon moulin \u00e0 caf\u00e9 (Jolly, Kube Mill, Cylinder \u2013 La Pavoni s\u00e9rie) ou achet\u00e9\" \/>\n<meta name=\"robots\" content=\"noindex, follow, max-snippet:-1, max-image-preview:large, max-video-preview:-1\" \/>\n<meta property=\"og:locale\" content=\"fr_FR\" \/>\n<meta property=\"og:type\" content=\"article\" \/>\n<meta property=\"og:title\" content=\"LA PAVONI Machine \u00e0 Caf\u00e9 Espresso Stradivari Professional avec Poigne en Bois - dev6 Erresse\" \/>\n<meta property=\"og:description\" content=\"Attention : pour un r\u00e9sultat optimal, utilisez UNIQUEMENT du caf\u00e9 moulu avec un bon moulin \u00e0 caf\u00e9 (Jolly, Kube Mill, Cylinder \u2013 La Pavoni s\u00e9rie) ou achet\u00e9\" \/>\n<meta property=\"og:url\" content=\"https:\/\/dev6.erresse-shop.it\/fr\/shop\/petits-electromenagers\/machines-cafe\/a-levier\/la-pavoni-machine-a-cafe-espresso-stradivari-professional-avec-poigne-en-bois\/\" \/>\n<meta property=\"og:site_name\" content=\"dev6 Erresse\" \/>\n<meta property=\"og:image\" content=\"https:\/\/interpim.erresse-shop.it\/Import\/Prodotti\/la-pavoni-stradivari-professional-con-manici-in-legno.jpg\" \/><meta property=\"og:image\" content=\"https:\/\/interpim.erresse-shop.it\/Import\/Prodotti\/la-pavoni-stradivari-professional-con-manici-in-legno.jpg\" \/>\n\t<meta property=\"og:image:width\" content=\"1024\" \/>\n\t<meta property=\"og:image:height\" content=\"1024\" \/>\n\t<meta property=\"og:image:type\" content=\"image\/jpeg\" \/>\n<meta name=\"twitter:card\" content=\"summary_large_image\" \/>\n<meta name=\"twitter:image\" content=\"https:\/\/interpim.erresse-shop.it\/Import\/Prodotti\/la-pavoni-stradivari-professional-con-manici-in-legno.jpg\" \/>\n<script type=\"application\/ld+json\" class=\"yoast-schema-graph\">{\"@context\":\"https:\/\/schema.org\",\"@graph\":[{\"@type\":\"WebPage\",\"@id\":\"https:\/\/dev6.erresse-shop.it\/fr\/shop\/petits-electromenagers\/machines-cafe\/a-levier\/la-pavoni-machine-a-cafe-espresso-stradivari-professional-avec-poigne-en-bois\/\",\"url\":\"https:\/\/dev6.erresse-shop.it\/fr\/shop\/petits-electromenagers\/machines-cafe\/a-levier\/la-pavoni-machine-a-cafe-espresso-stradivari-professional-avec-poigne-en-bois\/\",\"name\":\"LA PAVONI Machine \u00e0 Caf\u00e9 Espresso Stradivari Professional avec Poigne en Bois - dev6 Erresse\",\"isPartOf\":{\"@id\":\"https:\/\/dev6.erresse-shop.it\/#website\"},\"primaryImageOfPage\":{\"@id\":\"https:\/\/dev6.erresse-shop.it\/fr\/shop\/petits-electromenagers\/machines-cafe\/a-levier\/la-pavoni-machine-a-cafe-espresso-stradivari-professional-avec-poigne-en-bois\/#primaryimage\"},\"image\":{\"@id\":\"https:\/\/dev6.erresse-shop.it\/fr\/shop\/petits-electromenagers\/machines-cafe\/a-levier\/la-pavoni-machine-a-cafe-espresso-stradivari-professional-avec-poigne-en-bois\/#primaryimage\"},\"thumbnailUrl\":\"https:\/\/i2.wp.com\/interpim.erresse-shop.it\/Import\/Prodotti\/la-pavoni-stradivari-professional-con-manici-in-legno.jpg?ssl=1\",\"datePublished\":\"2026-04-10T11:04:04+00:00\",\"description\":\"Attention : pour un r\u00e9sultat optimal, utilisez UNIQUEMENT du caf\u00e9 moulu avec un bon moulin \u00e0 caf\u00e9 (Jolly, Kube Mill, Cylinder \u2013 La Pavoni s\u00e9rie) ou achet\u00e9\",\"breadcrumb\":{\"@id\":\"https:\/\/dev6.erresse-shop.it\/fr\/shop\/petits-electromenagers\/machines-cafe\/a-levier\/la-pavoni-machine-a-cafe-espresso-stradivari-professional-avec-poigne-en-bois\/#breadcrumb\"},\"inLanguage\":\"fr-FR\",\"potentialAction\":[{\"@type\":\"ReadAction\",\"target\":[\"https:\/\/dev6.erresse-shop.it\/fr\/shop\/petits-electromenagers\/machines-cafe\/a-levier\/la-pavoni-machine-a-cafe-espresso-stradivari-professional-avec-poigne-en-bois\/\"]}]},{\"@type\":\"ImageObject\",\"inLanguage\":\"fr-FR\",\"@id\":\"https:\/\/dev6.erresse-shop.it\/fr\/shop\/petits-electromenagers\/machines-cafe\/a-levier\/la-pavoni-machine-a-cafe-espresso-stradivari-professional-avec-poigne-en-bois\/#primaryimage\",\"url\":\"https:\/\/i2.wp.com\/interpim.erresse-shop.it\/Import\/Prodotti\/la-pavoni-stradivari-professional-con-manici-in-legno.jpg?ssl=1\",\"contentUrl\":\"https:\/\/i2.wp.com\/interpim.erresse-shop.it\/Import\/Prodotti\/la-pavoni-stradivari-professional-con-manici-in-legno.jpg?ssl=1\"},{\"@type\":\"BreadcrumbList\",\"@id\":\"https:\/\/dev6.erresse-shop.it\/fr\/shop\/petits-electromenagers\/machines-cafe\/a-levier\/la-pavoni-machine-a-cafe-espresso-stradivari-professional-avec-poigne-en-bois\/#breadcrumb\",\"itemListElement\":[{\"@type\":\"ListItem\",\"position\":1,\"name\":\"Home\",\"item\":\"https:\/\/dev6.erresse-shop.it\/\"},{\"@type\":\"ListItem\",\"position\":2,\"name\":\"Boutique\",\"item\":\"https:\/\/dev6.erresse-shop.it\/shop\/\"},{\"@type\":\"ListItem\",\"position\":3,\"name\":\"LA PAVONI Machine \u00e0 Caf\u00e9 Espresso Stradivari Professional avec Poigne en Bois\"}]},{\"@type\":\"WebSite\",\"@id\":\"https:\/\/dev6.erresse-shop.it\/#website\",\"url\":\"https:\/\/dev6.erresse-shop.it\/\",\"name\":\"Erresse Shop\",\"description\":\"\",\"publisher\":{\"@id\":\"https:\/\/dev6.erresse-shop.it\/#organization\"},\"potentialAction\":[{\"@type\":\"SearchAction\",\"target\":{\"@type\":\"EntryPoint\",\"urlTemplate\":\"https:\/\/dev6.erresse-shop.it\/?s={search_term_string}\"},\"query-input\":{\"@type\":\"PropertyValueSpecification\",\"valueRequired\":true,\"valueName\":\"search_term_string\"}}],\"inLanguage\":\"fr-FR\"},{\"@type\":\"Organization\",\"@id\":\"https:\/\/dev6.erresse-shop.it\/#organization\",\"name\":\"Erresse Shop\",\"url\":\"https:\/\/dev6.erresse-shop.it\/\",\"logo\":{\"@type\":\"ImageObject\",\"inLanguage\":\"fr-FR\",\"@id\":\"https:\/\/dev6.erresse-shop.it\/#\/schema\/logo\/image\/\",\"url\":\"https:\/\/dev6.erresse-shop.it\/wp-content\/uploads\/2025\/01\/LOGO-ERRESSE-CLASSICO.svg\",\"contentUrl\":\"https:\/\/dev6.erresse-shop.it\/wp-content\/uploads\/2025\/01\/LOGO-ERRESSE-CLASSICO.svg\",\"caption\":\"Erresse Shop\"},\"image\":{\"@id\":\"https:\/\/dev6.erresse-shop.it\/#\/schema\/logo\/image\/\"}}]}<\/script>\n<!-- \/ Yoast SEO plugin. -->","yoast_head_json":{"title":"LA PAVONI Machine \u00e0 Caf\u00e9 Espresso Stradivari Professional avec Poigne en Bois - dev6 Erresse","description":"Attention : pour un r\u00e9sultat optimal, utilisez UNIQUEMENT du caf\u00e9 moulu avec un bon moulin \u00e0 caf\u00e9 (Jolly, Kube Mill, Cylinder \u2013 La Pavoni s\u00e9rie) ou achet\u00e9","robots":{"index":"noindex","follow":"follow","max-snippet":"max-snippet:-1","max-image-preview":"max-image-preview:large","max-video-preview":"max-video-preview:-1"},"og_locale":"fr_FR","og_type":"article","og_title":"LA PAVONI Machine \u00e0 Caf\u00e9 Espresso Stradivari Professional avec Poigne en Bois - dev6 Erresse","og_description":"Attention : pour un r\u00e9sultat optimal, utilisez UNIQUEMENT du caf\u00e9 moulu avec un bon moulin \u00e0 caf\u00e9 (Jolly, Kube Mill, Cylinder \u2013 La Pavoni s\u00e9rie) ou achet\u00e9","og_url":"https:\/\/dev6.erresse-shop.it\/fr\/shop\/petits-electromenagers\/machines-cafe\/a-levier\/la-pavoni-machine-a-cafe-espresso-stradivari-professional-avec-poigne-en-bois\/","og_site_name":"dev6 Erresse","og_image":[{"url":"https:\/\/interpim.erresse-shop.it\/Import\/Prodotti\/la-pavoni-stradivari-professional-con-manici-in-legno.jpg","type":"","width":"","height":""},{"url":"https:\/\/interpim.erresse-shop.it\/Import\/Prodotti\/la-pavoni-stradivari-professional-con-manici-in-legno.jpg","width":1024,"height":1024,"type":"image\/jpeg"}],"twitter_card":"summary_large_image","twitter_image":"https:\/\/interpim.erresse-shop.it\/Import\/Prodotti\/la-pavoni-stradivari-professional-con-manici-in-legno.jpg","schema":{"@context":"https:\/\/schema.org","@graph":[{"@type":"WebPage","@id":"https:\/\/dev6.erresse-shop.it\/fr\/shop\/petits-electromenagers\/machines-cafe\/a-levier\/la-pavoni-machine-a-cafe-espresso-stradivari-professional-avec-poigne-en-bois\/","url":"https:\/\/dev6.erresse-shop.it\/fr\/shop\/petits-electromenagers\/machines-cafe\/a-levier\/la-pavoni-machine-a-cafe-espresso-stradivari-professional-avec-poigne-en-bois\/","name":"LA PAVONI Machine \u00e0 Caf\u00e9 Espresso Stradivari Professional avec Poigne en Bois - dev6 Erresse","isPartOf":{"@id":"https:\/\/dev6.erresse-shop.it\/#website"},"primaryImageOfPage":{"@id":"https:\/\/dev6.erresse-shop.it\/fr\/shop\/petits-electromenagers\/machines-cafe\/a-levier\/la-pavoni-machine-a-cafe-espresso-stradivari-professional-avec-poigne-en-bois\/#primaryimage"},"image":{"@id":"https:\/\/dev6.erresse-shop.it\/fr\/shop\/petits-electromenagers\/machines-cafe\/a-levier\/la-pavoni-machine-a-cafe-espresso-stradivari-professional-avec-poigne-en-bois\/#primaryimage"},"thumbnailUrl":"https:\/\/i2.wp.com\/interpim.erresse-shop.it\/Import\/Prodotti\/la-pavoni-stradivari-professional-con-manici-in-legno.jpg?ssl=1","datePublished":"2026-04-10T11:04:04+00:00","description":"Attention : pour un r\u00e9sultat optimal, utilisez UNIQUEMENT du caf\u00e9 moulu avec un bon moulin \u00e0 caf\u00e9 (Jolly, Kube Mill, Cylinder \u2013 La Pavoni s\u00e9rie) ou achet\u00e9","breadcrumb":{"@id":"https:\/\/dev6.erresse-shop.it\/fr\/shop\/petits-electromenagers\/machines-cafe\/a-levier\/la-pavoni-machine-a-cafe-espresso-stradivari-professional-avec-poigne-en-bois\/#breadcrumb"},"inLanguage":"fr-FR","potentialAction":[{"@type":"ReadAction","target":["https:\/\/dev6.erresse-shop.it\/fr\/shop\/petits-electromenagers\/machines-cafe\/a-levier\/la-pavoni-machine-a-cafe-espresso-stradivari-professional-avec-poigne-en-bois\/"]}]},{"@type":"ImageObject","inLanguage":"fr-FR","@id":"https:\/\/dev6.erresse-shop.it\/fr\/shop\/petits-electromenagers\/machines-cafe\/a-levier\/la-pavoni-machine-a-cafe-espresso-stradivari-professional-avec-poigne-en-bois\/#primaryimage","url":"https:\/\/i2.wp.com\/interpim.erresse-shop.it\/Import\/Prodotti\/la-pavoni-stradivari-professional-con-manici-in-legno.jpg?ssl=1","contentUrl":"https:\/\/i2.wp.com\/interpim.erresse-shop.it\/Import\/Prodotti\/la-pavoni-stradivari-professional-con-manici-in-legno.jpg?ssl=1"},{"@type":"BreadcrumbList","@id":"https:\/\/dev6.erresse-shop.it\/fr\/shop\/petits-electromenagers\/machines-cafe\/a-levier\/la-pavoni-machine-a-cafe-espresso-stradivari-professional-avec-poigne-en-bois\/#breadcrumb","itemListElement":[{"@type":"ListItem","position":1,"name":"Home","item":"https:\/\/dev6.erresse-shop.it\/"},{"@type":"ListItem","position":2,"name":"Boutique","item":"https:\/\/dev6.erresse-shop.it\/shop\/"},{"@type":"ListItem","position":3,"name":"LA PAVONI Machine \u00e0 Caf\u00e9 Espresso Stradivari Professional avec Poigne en Bois"}]},{"@type":"WebSite","@id":"https:\/\/dev6.erresse-shop.it\/#website","url":"https:\/\/dev6.erresse-shop.it\/","name":"Erresse Shop","description":"","publisher":{"@id":"https:\/\/dev6.erresse-shop.it\/#organization"},"potentialAction":[{"@type":"SearchAction","target":{"@type":"EntryPoint","urlTemplate":"https:\/\/dev6.erresse-shop.it\/?s={search_term_string}"},"query-input":{"@type":"PropertyValueSpecification","valueRequired":true,"valueName":"search_term_string"}}],"inLanguage":"fr-FR"},{"@type":"Organization","@id":"https:\/\/dev6.erresse-shop.it\/#organization","name":"Erresse Shop","url":"https:\/\/dev6.erresse-shop.it\/","logo":{"@type":"ImageObject","inLanguage":"fr-FR","@id":"https:\/\/dev6.erresse-shop.it\/#\/schema\/logo\/image\/","url":"https:\/\/dev6.erresse-shop.it\/wp-content\/uploads\/2025\/01\/LOGO-ERRESSE-CLASSICO.svg","contentUrl":"https:\/\/dev6.erresse-shop.it\/wp-content\/uploads\/2025\/01\/LOGO-ERRESSE-CLASSICO.svg","caption":"Erresse Shop"},"image":{"@id":"https:\/\/dev6.erresse-shop.it\/#\/schema\/logo\/image\/"}}]}},"df_price":"","df_sale_price":"","df_regular_price":"","df_image_link":"https:\/\/i2.wp.com\/interpim.erresse-shop.it\/Import\/Prodotti\/la-pavoni-stradivari-professional-con-manici-in-legno.jpg?resize=300,300&ssl=1","fifu_image_url":"https:\/\/interpim.erresse-shop.it\/Import\/Prodotti\/la-pavoni-stradivari-professional-con-manici-in-legno.jpg","_links":{"self":[{"href":"https:\/\/dev6.erresse-shop.it\/fr\/wp-json\/wp\/v2\/product\/1609037","targetHints":{"allow":["GET"]}}],"collection":[{"href":"https:\/\/dev6.erresse-shop.it\/fr\/wp-json\/wp\/v2\/product"}],"about":[{"href":"https:\/\/dev6.erresse-shop.it\/fr\/wp-json\/wp\/v2\/types\/product"}],"wp:featuredmedia":[{"embeddable":true,"href":"https:\/\/dev6.erresse-shop.it\/fr\/wp-json\/wp\/v2\/media\/6331097"}],"wp:attachment":[{"href":"https:\/\/dev6.erresse-shop.it\/fr\/wp-json\/wp\/v2\/media?parent=1609037"}],"wp:term":[{"taxonomy":"product_cat","embeddable":true,"href":"https:\/\/dev6.erresse-shop.it\/fr\/wp-json\/wp\/v2\/product_cat?post=1609037"},{"taxonomy":"product_tag","embeddable":true,"href":"https:\/\/dev6.erresse-shop.it\/fr\/wp-json\/wp\/v2\/product_tag?post=1609037"}],"curies":[{"name":"wp","href":"https:\/\/api.w.org\/{rel}","templated":true}]}}