{"id":1609027,"date":"2026-04-12T12:25:35","date_gmt":"2026-04-12T10:25:35","guid":{"rendered":"https:\/\/dev6.erresse-shop.it\/shop\/non%20class\u00e9\/alessi-plisse-bouilloire-electrique-noire-1-7l\/"},"modified":"2025-09-14T06:14:19","modified_gmt":"2025-09-14T04:14:19","slug":"alessi-plisse-bouilloire-electrique-noire-1-7l","status":"publish","type":"product","link":"https:\/\/dev6.erresse-shop.it\/fr\/shop\/petits-electromenagers\/bouilloires-electriques\/alessi-plisse-bouilloire-electrique-noire-1-7l\/","title":{"rendered":"ALESSI Pliss\u00e9 Bouilloire \u00e9lectrique noire 1.7L"},"content":{"rendered":"<p>Con\u00e7ue par Michele De Lucchi, la bouilloire Pliss\u00e9 combine des aspects fonctionnels avec un design plastique et fascinant qui r\u00e9v\u00e8le le parcours architectural du cr\u00e9ateur, ainsi que sa passion pour l\u2019artisanat et la sculpture. Comme un tissu qu\u2019un plissage \u00e9pais transforme en une forme tridimensionnelle, cette bouilloire rappelle une robe de haute couture, un bel objet \u00e0 laisser sur le plan de travail de la cuisine.<\/p>\n<p>Sp\u00e9cification<br \/>\n\u2013 Fiche europ\u00e9enne<br \/>\n\u2013 Capacit\u00e9 : 1,7L<br \/>\n\u2013 Hauteur : 29cm<br \/>\n\u2013 Largeur : 16cm<\/p>\n<p>\u00a0<\/p>\n<p>Not for sale outside from Europe<\/p>\n","protected":false},"excerpt":{"rendered":"<p>Con\u00e7ue par Michele De Lucchi, la bouilloire Pliss\u00e9 combine des aspects fonctionnels avec un design plastique et fascinant qui r\u00e9v\u00e8le le parcours architectural du cr\u00e9ateur, ainsi que sa passion pour l\u2019artisanat et la sculpture. Comme un tissu qu\u2019un plissage \u00e9pais transforme en une forme tridimensionnelle, cette bouilloire rappelle une robe de haute couture, un bel [&hellip;]<\/p>\n","protected":false},"featured_media":6372696,"template":"","meta":{"_acf_changed":false},"product_cat":[12058,12055],"product_tag":[],"class_list":{"0":"post-1609027","1":"product","2":"type-product","3":"status-publish","4":"has-post-thumbnail","6":"product_cat-bouilloires-electriques","7":"product_cat-petits-electromenagers","9":"first","10":"instock","11":"sale","12":"taxable","13":"shipping-taxable","14":"purchasable","15":"product-type-simple","swatches":"rey-swatches","show_selected":"","stretch_labels":"rey-swatches--stretch-labels"},"acf":[],"yoast_head":"<!-- This site is optimized with the Yoast SEO plugin v25.4 - https:\/\/yoast.com\/wordpress\/plugins\/seo\/ -->\n<title>ALESSI Pliss\u00e9 Bouilloire \u00e9lectrique noire 1.7L - dev6 Erresse<\/title>\n<meta name=\"description\" content=\"Con\u00e7ue par Michele De Lucchi, la bouilloire Pliss\u00e9 combine des aspects fonctionnels avec un design plastique et fascinant qui r\u00e9v\u00e8le le parcours\" \/>\n<meta name=\"robots\" content=\"noindex, follow, max-snippet:-1, max-image-preview:large, max-video-preview:-1\" \/>\n<meta property=\"og:locale\" content=\"fr_FR\" \/>\n<meta property=\"og:type\" content=\"article\" \/>\n<meta property=\"og:title\" content=\"ALESSI Pliss\u00e9 Bouilloire \u00e9lectrique noire 1.7L - dev6 Erresse\" \/>\n<meta property=\"og:description\" content=\"Con\u00e7ue par Michele De Lucchi, la bouilloire Pliss\u00e9 combine des aspects fonctionnels avec un design plastique et fascinant qui r\u00e9v\u00e8le le parcours\" \/>\n<meta property=\"og:url\" content=\"https:\/\/dev6.erresse-shop.it\/fr\/shop\/petits-electromenagers\/bouilloires-electriques\/alessi-plisse-bouilloire-electrique-noire-1-7l\/\" \/>\n<meta property=\"og:site_name\" content=\"dev6 Erresse\" \/>\n<meta property=\"og:image\" content=\"https:\/\/interpim.erresse-shop.it\/Import\/Prodotti\/alessi-plisse-bollitore-elettrico-nero-17l.jpg\" \/><meta property=\"og:image\" content=\"https:\/\/interpim.erresse-shop.it\/Import\/Prodotti\/alessi-plisse-bollitore-elettrico-nero-17l.jpg\" \/>\n\t<meta property=\"og:image:width\" content=\"1024\" \/>\n\t<meta property=\"og:image:height\" content=\"1024\" \/>\n\t<meta property=\"og:image:type\" content=\"image\/jpeg\" \/>\n<meta name=\"twitter:card\" content=\"summary_large_image\" \/>\n<meta name=\"twitter:image\" content=\"https:\/\/interpim.erresse-shop.it\/Import\/Prodotti\/alessi-plisse-bollitore-elettrico-nero-17l.jpg\" \/>\n<script type=\"application\/ld+json\" class=\"yoast-schema-graph\">{\"@context\":\"https:\/\/schema.org\",\"@graph\":[{\"@type\":\"WebPage\",\"@id\":\"https:\/\/dev6.erresse-shop.it\/fr\/shop\/petits-electromenagers\/bouilloires-electriques\/alessi-plisse-bouilloire-electrique-noire-1-7l\/\",\"url\":\"https:\/\/dev6.erresse-shop.it\/fr\/shop\/petits-electromenagers\/bouilloires-electriques\/alessi-plisse-bouilloire-electrique-noire-1-7l\/\",\"name\":\"ALESSI Pliss\u00e9 Bouilloire \u00e9lectrique noire 1.7L - dev6 Erresse\",\"isPartOf\":{\"@id\":\"https:\/\/dev6.erresse-shop.it\/#website\"},\"primaryImageOfPage\":{\"@id\":\"https:\/\/dev6.erresse-shop.it\/fr\/shop\/petits-electromenagers\/bouilloires-electriques\/alessi-plisse-bouilloire-electrique-noire-1-7l\/#primaryimage\"},\"image\":{\"@id\":\"https:\/\/dev6.erresse-shop.it\/fr\/shop\/petits-electromenagers\/bouilloires-electriques\/alessi-plisse-bouilloire-electrique-noire-1-7l\/#primaryimage\"},\"thumbnailUrl\":\"https:\/\/i2.wp.com\/interpim.erresse-shop.it\/Import\/Prodotti\/alessi-plisse-bollitore-elettrico-nero-17l.jpg?ssl=1\",\"datePublished\":\"2026-04-12T10:25:35+00:00\",\"description\":\"Con\u00e7ue par Michele De Lucchi, la bouilloire Pliss\u00e9 combine des aspects fonctionnels avec un design plastique et fascinant qui r\u00e9v\u00e8le le parcours\",\"breadcrumb\":{\"@id\":\"https:\/\/dev6.erresse-shop.it\/fr\/shop\/petits-electromenagers\/bouilloires-electriques\/alessi-plisse-bouilloire-electrique-noire-1-7l\/#breadcrumb\"},\"inLanguage\":\"fr-FR\",\"potentialAction\":[{\"@type\":\"ReadAction\",\"target\":[\"https:\/\/dev6.erresse-shop.it\/fr\/shop\/petits-electromenagers\/bouilloires-electriques\/alessi-plisse-bouilloire-electrique-noire-1-7l\/\"]}]},{\"@type\":\"ImageObject\",\"inLanguage\":\"fr-FR\",\"@id\":\"https:\/\/dev6.erresse-shop.it\/fr\/shop\/petits-electromenagers\/bouilloires-electriques\/alessi-plisse-bouilloire-electrique-noire-1-7l\/#primaryimage\",\"url\":\"https:\/\/i2.wp.com\/interpim.erresse-shop.it\/Import\/Prodotti\/alessi-plisse-bollitore-elettrico-nero-17l.jpg?ssl=1\",\"contentUrl\":\"https:\/\/i2.wp.com\/interpim.erresse-shop.it\/Import\/Prodotti\/alessi-plisse-bollitore-elettrico-nero-17l.jpg?ssl=1\"},{\"@type\":\"BreadcrumbList\",\"@id\":\"https:\/\/dev6.erresse-shop.it\/fr\/shop\/petits-electromenagers\/bouilloires-electriques\/alessi-plisse-bouilloire-electrique-noire-1-7l\/#breadcrumb\",\"itemListElement\":[{\"@type\":\"ListItem\",\"position\":1,\"name\":\"Home\",\"item\":\"https:\/\/dev6.erresse-shop.it\/\"},{\"@type\":\"ListItem\",\"position\":2,\"name\":\"Boutique\",\"item\":\"https:\/\/dev6.erresse-shop.it\/shop\/\"},{\"@type\":\"ListItem\",\"position\":3,\"name\":\"ALESSI Pliss\u00e9 Bouilloire \u00e9lectrique noire 1.7L\"}]},{\"@type\":\"WebSite\",\"@id\":\"https:\/\/dev6.erresse-shop.it\/#website\",\"url\":\"https:\/\/dev6.erresse-shop.it\/\",\"name\":\"Erresse Shop\",\"description\":\"\",\"publisher\":{\"@id\":\"https:\/\/dev6.erresse-shop.it\/#organization\"},\"potentialAction\":[{\"@type\":\"SearchAction\",\"target\":{\"@type\":\"EntryPoint\",\"urlTemplate\":\"https:\/\/dev6.erresse-shop.it\/?s={search_term_string}\"},\"query-input\":{\"@type\":\"PropertyValueSpecification\",\"valueRequired\":true,\"valueName\":\"search_term_string\"}}],\"inLanguage\":\"fr-FR\"},{\"@type\":\"Organization\",\"@id\":\"https:\/\/dev6.erresse-shop.it\/#organization\",\"name\":\"Erresse Shop\",\"url\":\"https:\/\/dev6.erresse-shop.it\/\",\"logo\":{\"@type\":\"ImageObject\",\"inLanguage\":\"fr-FR\",\"@id\":\"https:\/\/dev6.erresse-shop.it\/#\/schema\/logo\/image\/\",\"url\":\"https:\/\/dev6.erresse-shop.it\/wp-content\/uploads\/2025\/01\/LOGO-ERRESSE-CLASSICO.svg\",\"contentUrl\":\"https:\/\/dev6.erresse-shop.it\/wp-content\/uploads\/2025\/01\/LOGO-ERRESSE-CLASSICO.svg\",\"caption\":\"Erresse Shop\"},\"image\":{\"@id\":\"https:\/\/dev6.erresse-shop.it\/#\/schema\/logo\/image\/\"}}]}<\/script>\n<!-- \/ Yoast SEO plugin. -->","yoast_head_json":{"title":"ALESSI Pliss\u00e9 Bouilloire \u00e9lectrique noire 1.7L - dev6 Erresse","description":"Con\u00e7ue par Michele De Lucchi, la bouilloire Pliss\u00e9 combine des aspects fonctionnels avec un design plastique et fascinant qui r\u00e9v\u00e8le le parcours","robots":{"index":"noindex","follow":"follow","max-snippet":"max-snippet:-1","max-image-preview":"max-image-preview:large","max-video-preview":"max-video-preview:-1"},"og_locale":"fr_FR","og_type":"article","og_title":"ALESSI Pliss\u00e9 Bouilloire \u00e9lectrique noire 1.7L - dev6 Erresse","og_description":"Con\u00e7ue par Michele De Lucchi, la bouilloire Pliss\u00e9 combine des aspects fonctionnels avec un design plastique et fascinant qui r\u00e9v\u00e8le le parcours","og_url":"https:\/\/dev6.erresse-shop.it\/fr\/shop\/petits-electromenagers\/bouilloires-electriques\/alessi-plisse-bouilloire-electrique-noire-1-7l\/","og_site_name":"dev6 Erresse","og_image":[{"url":"https:\/\/interpim.erresse-shop.it\/Import\/Prodotti\/alessi-plisse-bollitore-elettrico-nero-17l.jpg","type":"","width":"","height":""},{"url":"https:\/\/interpim.erresse-shop.it\/Import\/Prodotti\/alessi-plisse-bollitore-elettrico-nero-17l.jpg","width":1024,"height":1024,"type":"image\/jpeg"}],"twitter_card":"summary_large_image","twitter_image":"https:\/\/interpim.erresse-shop.it\/Import\/Prodotti\/alessi-plisse-bollitore-elettrico-nero-17l.jpg","schema":{"@context":"https:\/\/schema.org","@graph":[{"@type":"WebPage","@id":"https:\/\/dev6.erresse-shop.it\/fr\/shop\/petits-electromenagers\/bouilloires-electriques\/alessi-plisse-bouilloire-electrique-noire-1-7l\/","url":"https:\/\/dev6.erresse-shop.it\/fr\/shop\/petits-electromenagers\/bouilloires-electriques\/alessi-plisse-bouilloire-electrique-noire-1-7l\/","name":"ALESSI Pliss\u00e9 Bouilloire \u00e9lectrique noire 1.7L - dev6 Erresse","isPartOf":{"@id":"https:\/\/dev6.erresse-shop.it\/#website"},"primaryImageOfPage":{"@id":"https:\/\/dev6.erresse-shop.it\/fr\/shop\/petits-electromenagers\/bouilloires-electriques\/alessi-plisse-bouilloire-electrique-noire-1-7l\/#primaryimage"},"image":{"@id":"https:\/\/dev6.erresse-shop.it\/fr\/shop\/petits-electromenagers\/bouilloires-electriques\/alessi-plisse-bouilloire-electrique-noire-1-7l\/#primaryimage"},"thumbnailUrl":"https:\/\/i2.wp.com\/interpim.erresse-shop.it\/Import\/Prodotti\/alessi-plisse-bollitore-elettrico-nero-17l.jpg?ssl=1","datePublished":"2026-04-12T10:25:35+00:00","description":"Con\u00e7ue par Michele De Lucchi, la bouilloire Pliss\u00e9 combine des aspects fonctionnels avec un design plastique et fascinant qui r\u00e9v\u00e8le le parcours","breadcrumb":{"@id":"https:\/\/dev6.erresse-shop.it\/fr\/shop\/petits-electromenagers\/bouilloires-electriques\/alessi-plisse-bouilloire-electrique-noire-1-7l\/#breadcrumb"},"inLanguage":"fr-FR","potentialAction":[{"@type":"ReadAction","target":["https:\/\/dev6.erresse-shop.it\/fr\/shop\/petits-electromenagers\/bouilloires-electriques\/alessi-plisse-bouilloire-electrique-noire-1-7l\/"]}]},{"@type":"ImageObject","inLanguage":"fr-FR","@id":"https:\/\/dev6.erresse-shop.it\/fr\/shop\/petits-electromenagers\/bouilloires-electriques\/alessi-plisse-bouilloire-electrique-noire-1-7l\/#primaryimage","url":"https:\/\/i2.wp.com\/interpim.erresse-shop.it\/Import\/Prodotti\/alessi-plisse-bollitore-elettrico-nero-17l.jpg?ssl=1","contentUrl":"https:\/\/i2.wp.com\/interpim.erresse-shop.it\/Import\/Prodotti\/alessi-plisse-bollitore-elettrico-nero-17l.jpg?ssl=1"},{"@type":"BreadcrumbList","@id":"https:\/\/dev6.erresse-shop.it\/fr\/shop\/petits-electromenagers\/bouilloires-electriques\/alessi-plisse-bouilloire-electrique-noire-1-7l\/#breadcrumb","itemListElement":[{"@type":"ListItem","position":1,"name":"Home","item":"https:\/\/dev6.erresse-shop.it\/"},{"@type":"ListItem","position":2,"name":"Boutique","item":"https:\/\/dev6.erresse-shop.it\/shop\/"},{"@type":"ListItem","position":3,"name":"ALESSI Pliss\u00e9 Bouilloire \u00e9lectrique noire 1.7L"}]},{"@type":"WebSite","@id":"https:\/\/dev6.erresse-shop.it\/#website","url":"https:\/\/dev6.erresse-shop.it\/","name":"Erresse Shop","description":"","publisher":{"@id":"https:\/\/dev6.erresse-shop.it\/#organization"},"potentialAction":[{"@type":"SearchAction","target":{"@type":"EntryPoint","urlTemplate":"https:\/\/dev6.erresse-shop.it\/?s={search_term_string}"},"query-input":{"@type":"PropertyValueSpecification","valueRequired":true,"valueName":"search_term_string"}}],"inLanguage":"fr-FR"},{"@type":"Organization","@id":"https:\/\/dev6.erresse-shop.it\/#organization","name":"Erresse Shop","url":"https:\/\/dev6.erresse-shop.it\/","logo":{"@type":"ImageObject","inLanguage":"fr-FR","@id":"https:\/\/dev6.erresse-shop.it\/#\/schema\/logo\/image\/","url":"https:\/\/dev6.erresse-shop.it\/wp-content\/uploads\/2025\/01\/LOGO-ERRESSE-CLASSICO.svg","contentUrl":"https:\/\/dev6.erresse-shop.it\/wp-content\/uploads\/2025\/01\/LOGO-ERRESSE-CLASSICO.svg","caption":"Erresse Shop"},"image":{"@id":"https:\/\/dev6.erresse-shop.it\/#\/schema\/logo\/image\/"}}]}},"df_price":89.95,"df_sale_price":89.95,"df_regular_price":105,"df_image_link":"https:\/\/i2.wp.com\/interpim.erresse-shop.it\/Import\/Prodotti\/alessi-plisse-bollitore-elettrico-nero-17l.jpg?resize=300,300&ssl=1","fifu_image_url":"https:\/\/interpim.erresse-shop.it\/Import\/Prodotti\/alessi-plisse-bollitore-elettrico-nero-17l.jpg","_links":{"self":[{"href":"https:\/\/dev6.erresse-shop.it\/fr\/wp-json\/wp\/v2\/product\/1609027","targetHints":{"allow":["GET"]}}],"collection":[{"href":"https:\/\/dev6.erresse-shop.it\/fr\/wp-json\/wp\/v2\/product"}],"about":[{"href":"https:\/\/dev6.erresse-shop.it\/fr\/wp-json\/wp\/v2\/types\/product"}],"wp:featuredmedia":[{"embeddable":true,"href":"https:\/\/dev6.erresse-shop.it\/fr\/wp-json\/wp\/v2\/media\/6372696"}],"wp:attachment":[{"href":"https:\/\/dev6.erresse-shop.it\/fr\/wp-json\/wp\/v2\/media?parent=1609027"}],"wp:term":[{"taxonomy":"product_cat","embeddable":true,"href":"https:\/\/dev6.erresse-shop.it\/fr\/wp-json\/wp\/v2\/product_cat?post=1609027"},{"taxonomy":"product_tag","embeddable":true,"href":"https:\/\/dev6.erresse-shop.it\/fr\/wp-json\/wp\/v2\/product_tag?post=1609027"}],"curies":[{"name":"wp","href":"https:\/\/api.w.org\/{rel}","templated":true}]}}