{"id":1609021,"date":"2026-04-12T12:25:35","date_gmt":"2026-04-12T10:25:35","guid":{"rendered":"https:\/\/dev6.erresse-shop.it\/shop\/non%20class\u00e9\/alessi-plisse-bouilloire-electrique-rouge\/"},"modified":"2025-09-14T06:14:07","modified_gmt":"2025-09-14T04:14:07","slug":"alessi-plisse-bouilloire-electrique-rouge","status":"publish","type":"product","link":"https:\/\/dev6.erresse-shop.it\/fr\/shop\/petits-electromenagers\/bouilloires-electriques\/alessi-plisse-bouilloire-electrique-rouge\/","title":{"rendered":"ALESSI Pliss\u00e9 Bouilloire \u00e9lectrique Rouge"},"content":{"rendered":"<p>Con\u00e7ue par Michele De Lucchi, la bouilloire Pliss\u00e9 allie des aspects fonctionnels \u00e0 un design plastique et fascinant qui r\u00e9v\u00e8le le parcours de l\u2019auteur en tant qu\u2019architecte, ainsi que sa passion pour l\u2019artisanat et la sculpture. Tel un tissu qu\u2019un pliss\u00e9 dense transforme en objet tridimensionnel, cette bouilloire rappelle une robe de haute couture, un objet splendide \u00e0 laisser expos\u00e9 sur un comptoir de cuisine.<\/p>\n<p>Caract\u00e9ristiques<\/p>\n<p>Prise europ\u00e9enne<br \/>\nCapacit\u00e9 : 1L<br \/>\nHauteur : 20 cm<br \/>\nLargeur : 16 cm<br \/>\nLongueur : 21 cm<\/p>\n<p>Not for sale outside Europe<\/p>\n","protected":false},"excerpt":{"rendered":"<p>Con\u00e7ue par Michele De Lucchi, la bouilloire Pliss\u00e9 allie des aspects fonctionnels \u00e0 un design plastique et fascinant qui r\u00e9v\u00e8le le parcours de l\u2019auteur en tant qu\u2019architecte, ainsi que sa passion pour l\u2019artisanat et la sculpture. Tel un tissu qu\u2019un pliss\u00e9 dense transforme en objet tridimensionnel, cette bouilloire rappelle une robe de haute couture, un [&hellip;]<\/p>\n","protected":false},"featured_media":6372684,"template":"","meta":{"_acf_changed":false},"product_cat":[12058,12055],"product_tag":[],"class_list":{"0":"post-1609021","1":"product","2":"type-product","3":"status-publish","4":"has-post-thumbnail","6":"product_cat-bouilloires-electriques","7":"product_cat-petits-electromenagers","9":"first","10":"instock","11":"sale","12":"taxable","13":"shipping-taxable","14":"purchasable","15":"product-type-simple","swatches":"rey-swatches","show_selected":"","stretch_labels":"rey-swatches--stretch-labels"},"acf":[],"yoast_head":"<!-- This site is optimized with the Yoast SEO plugin v25.4 - https:\/\/yoast.com\/wordpress\/plugins\/seo\/ -->\n<title>ALESSI Pliss\u00e9 Bouilloire \u00e9lectrique Rouge - dev6 Erresse<\/title>\n<meta name=\"description\" content=\"Con\u00e7ue par Michele De Lucchi, la bouilloire Pliss\u00e9 allie des aspects fonctionnels \u00e0 un design plastique et fascinant qui r\u00e9v\u00e8le le parcours de l\u2019auteur en\" \/>\n<meta name=\"robots\" content=\"noindex, follow, max-snippet:-1, max-image-preview:large, max-video-preview:-1\" \/>\n<meta property=\"og:locale\" content=\"fr_FR\" \/>\n<meta property=\"og:type\" content=\"article\" \/>\n<meta property=\"og:title\" content=\"ALESSI Pliss\u00e9 Bouilloire \u00e9lectrique Rouge - dev6 Erresse\" \/>\n<meta property=\"og:description\" content=\"Con\u00e7ue par Michele De Lucchi, la bouilloire Pliss\u00e9 allie des aspects fonctionnels \u00e0 un design plastique et fascinant qui r\u00e9v\u00e8le le parcours de l\u2019auteur en\" \/>\n<meta property=\"og:url\" content=\"https:\/\/dev6.erresse-shop.it\/fr\/shop\/petits-electromenagers\/bouilloires-electriques\/alessi-plisse-bouilloire-electrique-rouge\/\" \/>\n<meta property=\"og:site_name\" content=\"dev6 Erresse\" \/>\n<meta property=\"og:image\" content=\"https:\/\/interpim.erresse-shop.it\/Import\/Prodotti\/alessi-plisse-bollitore-elettrico-rosso-1l.jpg\" \/><meta property=\"og:image\" content=\"https:\/\/interpim.erresse-shop.it\/Import\/Prodotti\/alessi-plisse-bollitore-elettrico-rosso-1l.jpg\" \/>\n\t<meta property=\"og:image:width\" content=\"1024\" \/>\n\t<meta property=\"og:image:height\" content=\"1024\" \/>\n\t<meta property=\"og:image:type\" content=\"image\/jpeg\" \/>\n<meta name=\"twitter:card\" content=\"summary_large_image\" \/>\n<meta name=\"twitter:image\" content=\"https:\/\/interpim.erresse-shop.it\/Import\/Prodotti\/alessi-plisse-bollitore-elettrico-rosso-1l.jpg\" \/>\n<script type=\"application\/ld+json\" class=\"yoast-schema-graph\">{\"@context\":\"https:\/\/schema.org\",\"@graph\":[{\"@type\":\"WebPage\",\"@id\":\"https:\/\/dev6.erresse-shop.it\/fr\/shop\/petits-electromenagers\/bouilloires-electriques\/alessi-plisse-bouilloire-electrique-rouge\/\",\"url\":\"https:\/\/dev6.erresse-shop.it\/fr\/shop\/petits-electromenagers\/bouilloires-electriques\/alessi-plisse-bouilloire-electrique-rouge\/\",\"name\":\"ALESSI Pliss\u00e9 Bouilloire \u00e9lectrique Rouge - dev6 Erresse\",\"isPartOf\":{\"@id\":\"https:\/\/dev6.erresse-shop.it\/#website\"},\"primaryImageOfPage\":{\"@id\":\"https:\/\/dev6.erresse-shop.it\/fr\/shop\/petits-electromenagers\/bouilloires-electriques\/alessi-plisse-bouilloire-electrique-rouge\/#primaryimage\"},\"image\":{\"@id\":\"https:\/\/dev6.erresse-shop.it\/fr\/shop\/petits-electromenagers\/bouilloires-electriques\/alessi-plisse-bouilloire-electrique-rouge\/#primaryimage\"},\"thumbnailUrl\":\"https:\/\/i3.wp.com\/interpim.erresse-shop.it\/Import\/Prodotti\/alessi-plisse-bollitore-elettrico-rosso-1l.jpg?ssl=1\",\"datePublished\":\"2026-04-12T10:25:35+00:00\",\"description\":\"Con\u00e7ue par Michele De Lucchi, la bouilloire Pliss\u00e9 allie des aspects fonctionnels \u00e0 un design plastique et fascinant qui r\u00e9v\u00e8le le parcours de l\u2019auteur en\",\"breadcrumb\":{\"@id\":\"https:\/\/dev6.erresse-shop.it\/fr\/shop\/petits-electromenagers\/bouilloires-electriques\/alessi-plisse-bouilloire-electrique-rouge\/#breadcrumb\"},\"inLanguage\":\"fr-FR\",\"potentialAction\":[{\"@type\":\"ReadAction\",\"target\":[\"https:\/\/dev6.erresse-shop.it\/fr\/shop\/petits-electromenagers\/bouilloires-electriques\/alessi-plisse-bouilloire-electrique-rouge\/\"]}]},{\"@type\":\"ImageObject\",\"inLanguage\":\"fr-FR\",\"@id\":\"https:\/\/dev6.erresse-shop.it\/fr\/shop\/petits-electromenagers\/bouilloires-electriques\/alessi-plisse-bouilloire-electrique-rouge\/#primaryimage\",\"url\":\"https:\/\/i3.wp.com\/interpim.erresse-shop.it\/Import\/Prodotti\/alessi-plisse-bollitore-elettrico-rosso-1l.jpg?ssl=1\",\"contentUrl\":\"https:\/\/i3.wp.com\/interpim.erresse-shop.it\/Import\/Prodotti\/alessi-plisse-bollitore-elettrico-rosso-1l.jpg?ssl=1\"},{\"@type\":\"BreadcrumbList\",\"@id\":\"https:\/\/dev6.erresse-shop.it\/fr\/shop\/petits-electromenagers\/bouilloires-electriques\/alessi-plisse-bouilloire-electrique-rouge\/#breadcrumb\",\"itemListElement\":[{\"@type\":\"ListItem\",\"position\":1,\"name\":\"Home\",\"item\":\"https:\/\/dev6.erresse-shop.it\/\"},{\"@type\":\"ListItem\",\"position\":2,\"name\":\"Boutique\",\"item\":\"https:\/\/dev6.erresse-shop.it\/shop\/\"},{\"@type\":\"ListItem\",\"position\":3,\"name\":\"ALESSI Pliss\u00e9 Bouilloire \u00e9lectrique Rouge\"}]},{\"@type\":\"WebSite\",\"@id\":\"https:\/\/dev6.erresse-shop.it\/#website\",\"url\":\"https:\/\/dev6.erresse-shop.it\/\",\"name\":\"Erresse Shop\",\"description\":\"\",\"publisher\":{\"@id\":\"https:\/\/dev6.erresse-shop.it\/#organization\"},\"potentialAction\":[{\"@type\":\"SearchAction\",\"target\":{\"@type\":\"EntryPoint\",\"urlTemplate\":\"https:\/\/dev6.erresse-shop.it\/?s={search_term_string}\"},\"query-input\":{\"@type\":\"PropertyValueSpecification\",\"valueRequired\":true,\"valueName\":\"search_term_string\"}}],\"inLanguage\":\"fr-FR\"},{\"@type\":\"Organization\",\"@id\":\"https:\/\/dev6.erresse-shop.it\/#organization\",\"name\":\"Erresse Shop\",\"url\":\"https:\/\/dev6.erresse-shop.it\/\",\"logo\":{\"@type\":\"ImageObject\",\"inLanguage\":\"fr-FR\",\"@id\":\"https:\/\/dev6.erresse-shop.it\/#\/schema\/logo\/image\/\",\"url\":\"https:\/\/dev6.erresse-shop.it\/wp-content\/uploads\/2025\/01\/LOGO-ERRESSE-CLASSICO.svg\",\"contentUrl\":\"https:\/\/dev6.erresse-shop.it\/wp-content\/uploads\/2025\/01\/LOGO-ERRESSE-CLASSICO.svg\",\"caption\":\"Erresse Shop\"},\"image\":{\"@id\":\"https:\/\/dev6.erresse-shop.it\/#\/schema\/logo\/image\/\"}}]}<\/script>\n<!-- \/ Yoast SEO plugin. -->","yoast_head_json":{"title":"ALESSI Pliss\u00e9 Bouilloire \u00e9lectrique Rouge - dev6 Erresse","description":"Con\u00e7ue par Michele De Lucchi, la bouilloire Pliss\u00e9 allie des aspects fonctionnels \u00e0 un design plastique et fascinant qui r\u00e9v\u00e8le le parcours de l\u2019auteur en","robots":{"index":"noindex","follow":"follow","max-snippet":"max-snippet:-1","max-image-preview":"max-image-preview:large","max-video-preview":"max-video-preview:-1"},"og_locale":"fr_FR","og_type":"article","og_title":"ALESSI Pliss\u00e9 Bouilloire \u00e9lectrique Rouge - dev6 Erresse","og_description":"Con\u00e7ue par Michele De Lucchi, la bouilloire Pliss\u00e9 allie des aspects fonctionnels \u00e0 un design plastique et fascinant qui r\u00e9v\u00e8le le parcours de l\u2019auteur en","og_url":"https:\/\/dev6.erresse-shop.it\/fr\/shop\/petits-electromenagers\/bouilloires-electriques\/alessi-plisse-bouilloire-electrique-rouge\/","og_site_name":"dev6 Erresse","og_image":[{"url":"https:\/\/interpim.erresse-shop.it\/Import\/Prodotti\/alessi-plisse-bollitore-elettrico-rosso-1l.jpg","type":"","width":"","height":""},{"url":"https:\/\/interpim.erresse-shop.it\/Import\/Prodotti\/alessi-plisse-bollitore-elettrico-rosso-1l.jpg","width":1024,"height":1024,"type":"image\/jpeg"}],"twitter_card":"summary_large_image","twitter_image":"https:\/\/interpim.erresse-shop.it\/Import\/Prodotti\/alessi-plisse-bollitore-elettrico-rosso-1l.jpg","schema":{"@context":"https:\/\/schema.org","@graph":[{"@type":"WebPage","@id":"https:\/\/dev6.erresse-shop.it\/fr\/shop\/petits-electromenagers\/bouilloires-electriques\/alessi-plisse-bouilloire-electrique-rouge\/","url":"https:\/\/dev6.erresse-shop.it\/fr\/shop\/petits-electromenagers\/bouilloires-electriques\/alessi-plisse-bouilloire-electrique-rouge\/","name":"ALESSI Pliss\u00e9 Bouilloire \u00e9lectrique Rouge - dev6 Erresse","isPartOf":{"@id":"https:\/\/dev6.erresse-shop.it\/#website"},"primaryImageOfPage":{"@id":"https:\/\/dev6.erresse-shop.it\/fr\/shop\/petits-electromenagers\/bouilloires-electriques\/alessi-plisse-bouilloire-electrique-rouge\/#primaryimage"},"image":{"@id":"https:\/\/dev6.erresse-shop.it\/fr\/shop\/petits-electromenagers\/bouilloires-electriques\/alessi-plisse-bouilloire-electrique-rouge\/#primaryimage"},"thumbnailUrl":"https:\/\/i3.wp.com\/interpim.erresse-shop.it\/Import\/Prodotti\/alessi-plisse-bollitore-elettrico-rosso-1l.jpg?ssl=1","datePublished":"2026-04-12T10:25:35+00:00","description":"Con\u00e7ue par Michele De Lucchi, la bouilloire Pliss\u00e9 allie des aspects fonctionnels \u00e0 un design plastique et fascinant qui r\u00e9v\u00e8le le parcours de l\u2019auteur en","breadcrumb":{"@id":"https:\/\/dev6.erresse-shop.it\/fr\/shop\/petits-electromenagers\/bouilloires-electriques\/alessi-plisse-bouilloire-electrique-rouge\/#breadcrumb"},"inLanguage":"fr-FR","potentialAction":[{"@type":"ReadAction","target":["https:\/\/dev6.erresse-shop.it\/fr\/shop\/petits-electromenagers\/bouilloires-electriques\/alessi-plisse-bouilloire-electrique-rouge\/"]}]},{"@type":"ImageObject","inLanguage":"fr-FR","@id":"https:\/\/dev6.erresse-shop.it\/fr\/shop\/petits-electromenagers\/bouilloires-electriques\/alessi-plisse-bouilloire-electrique-rouge\/#primaryimage","url":"https:\/\/i3.wp.com\/interpim.erresse-shop.it\/Import\/Prodotti\/alessi-plisse-bollitore-elettrico-rosso-1l.jpg?ssl=1","contentUrl":"https:\/\/i3.wp.com\/interpim.erresse-shop.it\/Import\/Prodotti\/alessi-plisse-bollitore-elettrico-rosso-1l.jpg?ssl=1"},{"@type":"BreadcrumbList","@id":"https:\/\/dev6.erresse-shop.it\/fr\/shop\/petits-electromenagers\/bouilloires-electriques\/alessi-plisse-bouilloire-electrique-rouge\/#breadcrumb","itemListElement":[{"@type":"ListItem","position":1,"name":"Home","item":"https:\/\/dev6.erresse-shop.it\/"},{"@type":"ListItem","position":2,"name":"Boutique","item":"https:\/\/dev6.erresse-shop.it\/shop\/"},{"@type":"ListItem","position":3,"name":"ALESSI Pliss\u00e9 Bouilloire \u00e9lectrique Rouge"}]},{"@type":"WebSite","@id":"https:\/\/dev6.erresse-shop.it\/#website","url":"https:\/\/dev6.erresse-shop.it\/","name":"Erresse Shop","description":"","publisher":{"@id":"https:\/\/dev6.erresse-shop.it\/#organization"},"potentialAction":[{"@type":"SearchAction","target":{"@type":"EntryPoint","urlTemplate":"https:\/\/dev6.erresse-shop.it\/?s={search_term_string}"},"query-input":{"@type":"PropertyValueSpecification","valueRequired":true,"valueName":"search_term_string"}}],"inLanguage":"fr-FR"},{"@type":"Organization","@id":"https:\/\/dev6.erresse-shop.it\/#organization","name":"Erresse Shop","url":"https:\/\/dev6.erresse-shop.it\/","logo":{"@type":"ImageObject","inLanguage":"fr-FR","@id":"https:\/\/dev6.erresse-shop.it\/#\/schema\/logo\/image\/","url":"https:\/\/dev6.erresse-shop.it\/wp-content\/uploads\/2025\/01\/LOGO-ERRESSE-CLASSICO.svg","contentUrl":"https:\/\/dev6.erresse-shop.it\/wp-content\/uploads\/2025\/01\/LOGO-ERRESSE-CLASSICO.svg","caption":"Erresse Shop"},"image":{"@id":"https:\/\/dev6.erresse-shop.it\/#\/schema\/logo\/image\/"}}]}},"df_price":79.95,"df_sale_price":79.95,"df_regular_price":95,"df_image_link":"https:\/\/i3.wp.com\/interpim.erresse-shop.it\/Import\/Prodotti\/alessi-plisse-bollitore-elettrico-rosso-1l.jpg?resize=300,300&ssl=1","fifu_image_url":"https:\/\/interpim.erresse-shop.it\/Import\/Prodotti\/alessi-plisse-bollitore-elettrico-rosso-1l.jpg","_links":{"self":[{"href":"https:\/\/dev6.erresse-shop.it\/fr\/wp-json\/wp\/v2\/product\/1609021","targetHints":{"allow":["GET"]}}],"collection":[{"href":"https:\/\/dev6.erresse-shop.it\/fr\/wp-json\/wp\/v2\/product"}],"about":[{"href":"https:\/\/dev6.erresse-shop.it\/fr\/wp-json\/wp\/v2\/types\/product"}],"wp:featuredmedia":[{"embeddable":true,"href":"https:\/\/dev6.erresse-shop.it\/fr\/wp-json\/wp\/v2\/media\/6372684"}],"wp:attachment":[{"href":"https:\/\/dev6.erresse-shop.it\/fr\/wp-json\/wp\/v2\/media?parent=1609021"}],"wp:term":[{"taxonomy":"product_cat","embeddable":true,"href":"https:\/\/dev6.erresse-shop.it\/fr\/wp-json\/wp\/v2\/product_cat?post=1609021"},{"taxonomy":"product_tag","embeddable":true,"href":"https:\/\/dev6.erresse-shop.it\/fr\/wp-json\/wp\/v2\/product_tag?post=1609021"}],"curies":[{"name":"wp","href":"https:\/\/api.w.org\/{rel}","templated":true}]}}