{"id":2311565,"date":"2026-04-10T15:33:57","date_gmt":"2026-04-10T13:33:57","guid":{"rendered":"https:\/\/dev6.erresse-shop.it\/shop\/sin%20categor\u00eda\/jura-maquina-de-cafe-s8-dark-inox\/"},"modified":"2025-11-30T17:57:34","modified_gmt":"2025-11-30T16:57:34","slug":"jura-maquina-de-cafe-s8-dark-inox","status":"publish","type":"product","link":"https:\/\/dev6.erresse-shop.it\/es\/shop\/pequenos-electrodomesticos\/maquinas-de-cafe\/automatico\/jura-maquina-de-cafe-s8-dark-inox\/","title":{"rendered":"JURA M\u00e1quina de caf\u00e9 S8 Dark Inox"},"content":{"rendered":"<p class>Innovaci\u00f3n y Placer para una Elegancia ArmoniosaLa elegante S8 cautiva a los amantes del caf\u00e9 y a los entusiastas del dise\u00f1o. Con su dise\u00f1o armonioso, materiales de alta calidad y acabados refinados, la S8 ofrece una experiencia sensorial extraordinaria desde el primer vistazo. Su tecnolog\u00eda innovadora abre nuevos horizontes en la b\u00fasqueda del gusto perfecto.<\/p>\n<p class>Una Espuma Agradablemente Dulce para las Especialidades del MomentoLa funci\u00f3n Sweet Foam aromatiza la espuma de leche durante la preparaci\u00f3n: despu\u00e9s de ser calentada y espumada, la leche se aromatiza uniformemente con el jarabe contenido en el accesorio dedicado. El resultado es una espuma de leche agradablemente dulce y cremosa para una experiencia de sabor totalmente nueva. Para preparar un Sweet Latte y otras especialidades con la S8, basta con presionar un bot\u00f3n. La temperatura se mantiene perfecta gracias a la funci\u00f3n Hot Milk. El uso de la funci\u00f3n Sweet Foam es a\u00fan m\u00e1s agradable gracias a la limpieza autom\u00e1tica del sistema de leche One-Touch, que se activa instant\u00e1neamente con la presi\u00f3n de un bot\u00f3n.<\/p>\n<p class>Tecnolog\u00eda Innovadora para un Sabor Siempre UniformeEl resultado perfecto en taza se obtiene con los mejores ingredientes y una preparaci\u00f3n \u00f3ptima. El molinillo Professional Aroma Grinder de segunda generaci\u00f3n (P.A.G.2) asegura una molienda perfecta, y los niveles de molienda pueden ajustarse en cualquier momento. Antes y despu\u00e9s de la preparaci\u00f3n, el P.A.G.2 permanece en modo espera, lo que mejora el resultado de molienda y la durabilidad del molinillo. El grupo de infusi\u00f3n 3D de octava generaci\u00f3n garantiza condiciones de infusi\u00f3n ideales y una experiencia de sabor incomparable. Esta extraordinaria m\u00e1quina autom\u00e1tica de caf\u00e9 ofrece un sabor excepcional de calidad gourmet durante todo su ciclo de vida.<\/p>\n<p class>Funcionamiento Intuitivo para M\u00e1ximo ConfortLa S8 se caracteriza por una filosof\u00eda de uso innovadora e intuitiva. La gran pantalla t\u00e1ctil de 4.3\u2033 permite explorar f\u00e1cilmente las diferentes funciones y configuraciones mediante desplazamiento. La pantalla muestra gr\u00e1ficos y animaciones para guiarte a trav\u00e9s de cada paso de la preparaci\u00f3n. El dise\u00f1o de la pantalla se integra armoniosamente con el estilo decidido de la S8, mientras que la interfaz simplificada garantiza un uso claro y sencillo de la m\u00e1quina de caf\u00e9 autom\u00e1tica.<\/p>\n<p class>Dise\u00f1o Armonioso y PremiumCon l\u00edneas definidas, materiales de alta calidad y acabados refinados, el dise\u00f1o de la S8 es moderno y permanecer\u00e1 relevante durante a\u00f1os. La S8 combina lo mejor de la clase compacta con las caracter\u00edsticas del segmento premium, creando una mezcla armoniosa y elegante. Porque, al fin y al cabo, el ojo tambi\u00e9n quiere su parte.<\/p>\n<p class>Especialidades de Caf\u00e9 (27 opciones):Espresso, 2\u00d7 Espresso, Caf\u00e9, 2\u00d7 Caf\u00e9, Americano, Lungo, Espresso Doble, Cortado, Sweet Cortado, Espresso Macchiato, Sweet Espresso Macchiato, Cappuccino, Sweet Cappuccino, Cappuccino Extra Shot, Flat White, Sweet Flat White, Flat White Extra Shot, Latte Macchiato, Sweet Latte Macchiato, Latte Macchiato Extra Shot, Sweet Latte, Sweet Latte Extra Shot, Porci\u00f3n de Espuma de Leche, Sweet Porci\u00f3n de Espuma de Leche, Porci\u00f3n de Leche, Sweet Porci\u00f3n de Leche, Agua Caliente.<\/p>\n<p class>Especificaciones T\u00e9cnicas:<\/p>\n<p class>Capacidad del tanque de agua: 1.9 L<\/p>\n<p class>Capacidad del recipiente de caf\u00e9 en grano: 280 g<\/p>\n<p class>Contenedor de restos de caf\u00e9: 16 porciones<\/p>\n<p class>Longitud del cable: 1.1 m<\/p>\n<p class>Voltaje: 230 V ~ \/ 1450 W<\/p>\n<p class>Peso: 9.8 kg<\/p>\n<p class>Dimensiones (L \u00d7 A \u00d7 P): 28 \u00d7 34.8 \u00d7 44.6 cm<\/p>\n<p class>Fabricado en Suiza<\/p>\n","protected":false},"excerpt":{"rendered":"<p>Innovaci\u00f3n y Placer para una Elegancia ArmoniosaLa elegante S8 cautiva a los amantes del caf\u00e9 y a los entusiastas del dise\u00f1o. Con su dise\u00f1o armonioso, materiales de alta calidad y acabados refinados, la S8 ofrece una experiencia sensorial extraordinaria desde el primer vistazo. Su tecnolog\u00eda innovadora abre nuevos horizontes en la b\u00fasqueda del gusto perfecto. [&hellip;]<\/p>\n","protected":false},"featured_media":6340042,"template":"","meta":{"_acf_changed":false},"product_cat":[11968,11955,11947],"product_tag":[],"class_list":{"0":"post-2311565","1":"product","2":"type-product","3":"status-publish","4":"has-post-thumbnail","6":"product_cat-automatico","7":"product_cat-maquinas-de-cafe","8":"product_cat-pequenos-electrodomesticos","10":"first","11":"instock","12":"sale","13":"taxable","14":"shipping-taxable","15":"purchasable","16":"product-type-simple","swatches":"rey-swatches","show_selected":"","stretch_labels":"rey-swatches--stretch-labels"},"acf":[],"yoast_head":"<!-- This site is optimized with the Yoast SEO plugin v25.4 - https:\/\/yoast.com\/wordpress\/plugins\/seo\/ -->\n<title>JURA M\u00e1quina de caf\u00e9 S8 Dark Inox - dev6 Erresse<\/title>\n<meta name=\"description\" content=\"Innovaci\u00f3n y Placer para una Elegancia ArmoniosaLa elegante S8 cautiva a los amantes del caf\u00e9 y a los entusiastas del dise\u00f1o. Con su dise\u00f1o armonioso,\" \/>\n<meta name=\"robots\" content=\"noindex, follow, max-snippet:-1, max-image-preview:large, max-video-preview:-1\" \/>\n<meta property=\"og:locale\" content=\"es_ES\" \/>\n<meta property=\"og:type\" content=\"article\" \/>\n<meta property=\"og:title\" content=\"JURA M\u00e1quina de caf\u00e9 S8 Dark Inox - dev6 Erresse\" \/>\n<meta property=\"og:description\" content=\"Innovaci\u00f3n y Placer para una Elegancia ArmoniosaLa elegante S8 cautiva a los amantes del caf\u00e9 y a los entusiastas del dise\u00f1o. Con su dise\u00f1o armonioso,\" \/>\n<meta property=\"og:url\" content=\"https:\/\/dev6.erresse-shop.it\/es\/shop\/pequenos-electrodomesticos\/maquinas-de-cafe\/automatico\/jura-maquina-de-cafe-s8-dark-inox\/\" \/>\n<meta property=\"og:site_name\" content=\"dev6 Erresse\" \/>\n<meta property=\"og:image\" content=\"https:\/\/interpim.erresse-shop.it\/wp-content\/uploads\/2025\/03\/JURA-Macchina-Da-Caffe-S8-Dark-Inox.jpg\/jura-macchina-da-caffe-s8-dark-inox.jpg\" \/><meta property=\"og:image\" content=\"https:\/\/interpim.erresse-shop.it\/wp-content\/uploads\/2025\/03\/JURA-Macchina-Da-Caffe-S8-Dark-Inox.jpg\/jura-macchina-da-caffe-s8-dark-inox.jpg\" \/>\n\t<meta property=\"og:image:width\" content=\"1024\" \/>\n\t<meta property=\"og:image:height\" content=\"1024\" \/>\n\t<meta property=\"og:image:type\" content=\"image\/jpeg\" \/>\n<meta name=\"twitter:card\" content=\"summary_large_image\" \/>\n<meta name=\"twitter:image\" content=\"https:\/\/interpim.erresse-shop.it\/wp-content\/uploads\/2025\/03\/JURA-Macchina-Da-Caffe-S8-Dark-Inox.jpg\/jura-macchina-da-caffe-s8-dark-inox.jpg\" \/>\n<script type=\"application\/ld+json\" class=\"yoast-schema-graph\">{\"@context\":\"https:\/\/schema.org\",\"@graph\":[{\"@type\":\"WebPage\",\"@id\":\"https:\/\/dev6.erresse-shop.it\/es\/shop\/pequenos-electrodomesticos\/maquinas-de-cafe\/automatico\/jura-maquina-de-cafe-s8-dark-inox\/\",\"url\":\"https:\/\/dev6.erresse-shop.it\/es\/shop\/pequenos-electrodomesticos\/maquinas-de-cafe\/automatico\/jura-maquina-de-cafe-s8-dark-inox\/\",\"name\":\"JURA M\u00e1quina de caf\u00e9 S8 Dark Inox - dev6 Erresse\",\"isPartOf\":{\"@id\":\"https:\/\/dev6.erresse-shop.it\/#website\"},\"primaryImageOfPage\":{\"@id\":\"https:\/\/dev6.erresse-shop.it\/es\/shop\/pequenos-electrodomesticos\/maquinas-de-cafe\/automatico\/jura-maquina-de-cafe-s8-dark-inox\/#primaryimage\"},\"image\":{\"@id\":\"https:\/\/dev6.erresse-shop.it\/es\/shop\/pequenos-electrodomesticos\/maquinas-de-cafe\/automatico\/jura-maquina-de-cafe-s8-dark-inox\/#primaryimage\"},\"thumbnailUrl\":\"https:\/\/i0.wp.com\/interpim.erresse-shop.it\/wp-content\/uploads\/2025\/03\/JURA-Macchina-Da-Caffe-S8-Dark-Inox.jpg\/jura-macchina-da-caffe-s8-dark-inox.jpg?ssl=1\",\"datePublished\":\"2026-04-10T13:33:57+00:00\",\"description\":\"Innovaci\u00f3n y Placer para una Elegancia ArmoniosaLa elegante S8 cautiva a los amantes del caf\u00e9 y a los entusiastas del dise\u00f1o. Con su dise\u00f1o armonioso,\",\"breadcrumb\":{\"@id\":\"https:\/\/dev6.erresse-shop.it\/es\/shop\/pequenos-electrodomesticos\/maquinas-de-cafe\/automatico\/jura-maquina-de-cafe-s8-dark-inox\/#breadcrumb\"},\"inLanguage\":\"es\",\"potentialAction\":[{\"@type\":\"ReadAction\",\"target\":[\"https:\/\/dev6.erresse-shop.it\/es\/shop\/pequenos-electrodomesticos\/maquinas-de-cafe\/automatico\/jura-maquina-de-cafe-s8-dark-inox\/\"]}]},{\"@type\":\"ImageObject\",\"inLanguage\":\"es\",\"@id\":\"https:\/\/dev6.erresse-shop.it\/es\/shop\/pequenos-electrodomesticos\/maquinas-de-cafe\/automatico\/jura-maquina-de-cafe-s8-dark-inox\/#primaryimage\",\"url\":\"https:\/\/i0.wp.com\/interpim.erresse-shop.it\/wp-content\/uploads\/2025\/03\/JURA-Macchina-Da-Caffe-S8-Dark-Inox.jpg\/jura-macchina-da-caffe-s8-dark-inox.jpg?ssl=1\",\"contentUrl\":\"https:\/\/i0.wp.com\/interpim.erresse-shop.it\/wp-content\/uploads\/2025\/03\/JURA-Macchina-Da-Caffe-S8-Dark-Inox.jpg\/jura-macchina-da-caffe-s8-dark-inox.jpg?ssl=1\"},{\"@type\":\"BreadcrumbList\",\"@id\":\"https:\/\/dev6.erresse-shop.it\/es\/shop\/pequenos-electrodomesticos\/maquinas-de-cafe\/automatico\/jura-maquina-de-cafe-s8-dark-inox\/#breadcrumb\",\"itemListElement\":[{\"@type\":\"ListItem\",\"position\":1,\"name\":\"Home\",\"item\":\"https:\/\/dev6.erresse-shop.it\/\"},{\"@type\":\"ListItem\",\"position\":2,\"name\":\"Tienda\",\"item\":\"https:\/\/dev6.erresse-shop.it\/shop\/\"},{\"@type\":\"ListItem\",\"position\":3,\"name\":\"JURA M\u00e1quina de caf\u00e9 S8 Dark Inox\"}]},{\"@type\":\"WebSite\",\"@id\":\"https:\/\/dev6.erresse-shop.it\/#website\",\"url\":\"https:\/\/dev6.erresse-shop.it\/\",\"name\":\"Erresse Shop\",\"description\":\"\",\"publisher\":{\"@id\":\"https:\/\/dev6.erresse-shop.it\/#organization\"},\"potentialAction\":[{\"@type\":\"SearchAction\",\"target\":{\"@type\":\"EntryPoint\",\"urlTemplate\":\"https:\/\/dev6.erresse-shop.it\/?s={search_term_string}\"},\"query-input\":{\"@type\":\"PropertyValueSpecification\",\"valueRequired\":true,\"valueName\":\"search_term_string\"}}],\"inLanguage\":\"es\"},{\"@type\":\"Organization\",\"@id\":\"https:\/\/dev6.erresse-shop.it\/#organization\",\"name\":\"Erresse Shop\",\"url\":\"https:\/\/dev6.erresse-shop.it\/\",\"logo\":{\"@type\":\"ImageObject\",\"inLanguage\":\"es\",\"@id\":\"https:\/\/dev6.erresse-shop.it\/#\/schema\/logo\/image\/\",\"url\":\"https:\/\/dev6.erresse-shop.it\/wp-content\/uploads\/2025\/01\/LOGO-ERRESSE-CLASSICO.svg\",\"contentUrl\":\"https:\/\/dev6.erresse-shop.it\/wp-content\/uploads\/2025\/01\/LOGO-ERRESSE-CLASSICO.svg\",\"caption\":\"Erresse Shop\"},\"image\":{\"@id\":\"https:\/\/dev6.erresse-shop.it\/#\/schema\/logo\/image\/\"}}]}<\/script>\n<!-- \/ Yoast SEO plugin. -->","yoast_head_json":{"title":"JURA M\u00e1quina de caf\u00e9 S8 Dark Inox - dev6 Erresse","description":"Innovaci\u00f3n y Placer para una Elegancia ArmoniosaLa elegante S8 cautiva a los amantes del caf\u00e9 y a los entusiastas del dise\u00f1o. Con su dise\u00f1o armonioso,","robots":{"index":"noindex","follow":"follow","max-snippet":"max-snippet:-1","max-image-preview":"max-image-preview:large","max-video-preview":"max-video-preview:-1"},"og_locale":"es_ES","og_type":"article","og_title":"JURA M\u00e1quina de caf\u00e9 S8 Dark Inox - dev6 Erresse","og_description":"Innovaci\u00f3n y Placer para una Elegancia ArmoniosaLa elegante S8 cautiva a los amantes del caf\u00e9 y a los entusiastas del dise\u00f1o. Con su dise\u00f1o armonioso,","og_url":"https:\/\/dev6.erresse-shop.it\/es\/shop\/pequenos-electrodomesticos\/maquinas-de-cafe\/automatico\/jura-maquina-de-cafe-s8-dark-inox\/","og_site_name":"dev6 Erresse","og_image":[{"url":"https:\/\/interpim.erresse-shop.it\/wp-content\/uploads\/2025\/03\/JURA-Macchina-Da-Caffe-S8-Dark-Inox.jpg\/jura-macchina-da-caffe-s8-dark-inox.jpg","type":"","width":"","height":""},{"url":"https:\/\/interpim.erresse-shop.it\/wp-content\/uploads\/2025\/03\/JURA-Macchina-Da-Caffe-S8-Dark-Inox.jpg\/jura-macchina-da-caffe-s8-dark-inox.jpg","width":1024,"height":1024,"type":"image\/jpeg"}],"twitter_card":"summary_large_image","twitter_image":"https:\/\/interpim.erresse-shop.it\/wp-content\/uploads\/2025\/03\/JURA-Macchina-Da-Caffe-S8-Dark-Inox.jpg\/jura-macchina-da-caffe-s8-dark-inox.jpg","schema":{"@context":"https:\/\/schema.org","@graph":[{"@type":"WebPage","@id":"https:\/\/dev6.erresse-shop.it\/es\/shop\/pequenos-electrodomesticos\/maquinas-de-cafe\/automatico\/jura-maquina-de-cafe-s8-dark-inox\/","url":"https:\/\/dev6.erresse-shop.it\/es\/shop\/pequenos-electrodomesticos\/maquinas-de-cafe\/automatico\/jura-maquina-de-cafe-s8-dark-inox\/","name":"JURA M\u00e1quina de caf\u00e9 S8 Dark Inox - dev6 Erresse","isPartOf":{"@id":"https:\/\/dev6.erresse-shop.it\/#website"},"primaryImageOfPage":{"@id":"https:\/\/dev6.erresse-shop.it\/es\/shop\/pequenos-electrodomesticos\/maquinas-de-cafe\/automatico\/jura-maquina-de-cafe-s8-dark-inox\/#primaryimage"},"image":{"@id":"https:\/\/dev6.erresse-shop.it\/es\/shop\/pequenos-electrodomesticos\/maquinas-de-cafe\/automatico\/jura-maquina-de-cafe-s8-dark-inox\/#primaryimage"},"thumbnailUrl":"https:\/\/i0.wp.com\/interpim.erresse-shop.it\/wp-content\/uploads\/2025\/03\/JURA-Macchina-Da-Caffe-S8-Dark-Inox.jpg\/jura-macchina-da-caffe-s8-dark-inox.jpg?ssl=1","datePublished":"2026-04-10T13:33:57+00:00","description":"Innovaci\u00f3n y Placer para una Elegancia ArmoniosaLa elegante S8 cautiva a los amantes del caf\u00e9 y a los entusiastas del dise\u00f1o. Con su dise\u00f1o armonioso,","breadcrumb":{"@id":"https:\/\/dev6.erresse-shop.it\/es\/shop\/pequenos-electrodomesticos\/maquinas-de-cafe\/automatico\/jura-maquina-de-cafe-s8-dark-inox\/#breadcrumb"},"inLanguage":"es","potentialAction":[{"@type":"ReadAction","target":["https:\/\/dev6.erresse-shop.it\/es\/shop\/pequenos-electrodomesticos\/maquinas-de-cafe\/automatico\/jura-maquina-de-cafe-s8-dark-inox\/"]}]},{"@type":"ImageObject","inLanguage":"es","@id":"https:\/\/dev6.erresse-shop.it\/es\/shop\/pequenos-electrodomesticos\/maquinas-de-cafe\/automatico\/jura-maquina-de-cafe-s8-dark-inox\/#primaryimage","url":"https:\/\/i0.wp.com\/interpim.erresse-shop.it\/wp-content\/uploads\/2025\/03\/JURA-Macchina-Da-Caffe-S8-Dark-Inox.jpg\/jura-macchina-da-caffe-s8-dark-inox.jpg?ssl=1","contentUrl":"https:\/\/i0.wp.com\/interpim.erresse-shop.it\/wp-content\/uploads\/2025\/03\/JURA-Macchina-Da-Caffe-S8-Dark-Inox.jpg\/jura-macchina-da-caffe-s8-dark-inox.jpg?ssl=1"},{"@type":"BreadcrumbList","@id":"https:\/\/dev6.erresse-shop.it\/es\/shop\/pequenos-electrodomesticos\/maquinas-de-cafe\/automatico\/jura-maquina-de-cafe-s8-dark-inox\/#breadcrumb","itemListElement":[{"@type":"ListItem","position":1,"name":"Home","item":"https:\/\/dev6.erresse-shop.it\/"},{"@type":"ListItem","position":2,"name":"Tienda","item":"https:\/\/dev6.erresse-shop.it\/shop\/"},{"@type":"ListItem","position":3,"name":"JURA M\u00e1quina de caf\u00e9 S8 Dark Inox"}]},{"@type":"WebSite","@id":"https:\/\/dev6.erresse-shop.it\/#website","url":"https:\/\/dev6.erresse-shop.it\/","name":"Erresse Shop","description":"","publisher":{"@id":"https:\/\/dev6.erresse-shop.it\/#organization"},"potentialAction":[{"@type":"SearchAction","target":{"@type":"EntryPoint","urlTemplate":"https:\/\/dev6.erresse-shop.it\/?s={search_term_string}"},"query-input":{"@type":"PropertyValueSpecification","valueRequired":true,"valueName":"search_term_string"}}],"inLanguage":"es"},{"@type":"Organization","@id":"https:\/\/dev6.erresse-shop.it\/#organization","name":"Erresse Shop","url":"https:\/\/dev6.erresse-shop.it\/","logo":{"@type":"ImageObject","inLanguage":"es","@id":"https:\/\/dev6.erresse-shop.it\/#\/schema\/logo\/image\/","url":"https:\/\/dev6.erresse-shop.it\/wp-content\/uploads\/2025\/01\/LOGO-ERRESSE-CLASSICO.svg","contentUrl":"https:\/\/dev6.erresse-shop.it\/wp-content\/uploads\/2025\/01\/LOGO-ERRESSE-CLASSICO.svg","caption":"Erresse Shop"},"image":{"@id":"https:\/\/dev6.erresse-shop.it\/#\/schema\/logo\/image\/"}}]}},"df_price":1399.95,"df_sale_price":1399.95,"df_regular_price":1649,"df_image_link":"https:\/\/i0.wp.com\/interpim.erresse-shop.it\/wp-content\/uploads\/2025\/03\/JURA-Macchina-Da-Caffe-S8-Dark-Inox.jpg\/jura-macchina-da-caffe-s8-dark-inox.jpg?resize=300,300&ssl=1","fifu_image_url":"https:\/\/interpim.erresse-shop.it\/wp-content\/uploads\/2025\/03\/JURA-Macchina-Da-Caffe-S8-Dark-Inox.jpg\/jura-macchina-da-caffe-s8-dark-inox.jpg","_links":{"self":[{"href":"https:\/\/dev6.erresse-shop.it\/es\/wp-json\/wp\/v2\/product\/2311565","targetHints":{"allow":["GET"]}}],"collection":[{"href":"https:\/\/dev6.erresse-shop.it\/es\/wp-json\/wp\/v2\/product"}],"about":[{"href":"https:\/\/dev6.erresse-shop.it\/es\/wp-json\/wp\/v2\/types\/product"}],"wp:featuredmedia":[{"embeddable":true,"href":"https:\/\/dev6.erresse-shop.it\/es\/wp-json\/wp\/v2\/media\/6340042"}],"wp:attachment":[{"href":"https:\/\/dev6.erresse-shop.it\/es\/wp-json\/wp\/v2\/media?parent=2311565"}],"wp:term":[{"taxonomy":"product_cat","embeddable":true,"href":"https:\/\/dev6.erresse-shop.it\/es\/wp-json\/wp\/v2\/product_cat?post=2311565"},{"taxonomy":"product_tag","embeddable":true,"href":"https:\/\/dev6.erresse-shop.it\/es\/wp-json\/wp\/v2\/product_tag?post=2311565"}],"curies":[{"name":"wp","href":"https:\/\/api.w.org\/{rel}","templated":true}]}}