{"id":2311563,"date":"2026-04-10T15:33:57","date_gmt":"2026-04-10T13:33:57","guid":{"rendered":"https:\/\/dev6.erresse-shop.it\/shop\/sin%20categor\u00eda\/jura-maquina-de-cafe-j8-twin-diamond-black\/"},"modified":"2026-01-29T19:22:03","modified_gmt":"2026-01-29T18:22:03","slug":"jura-maquina-de-cafe-j8-twin-diamond-black","status":"publish","type":"product","link":"https:\/\/dev6.erresse-shop.it\/es\/shop\/pequenos-electrodomesticos\/maquinas-de-cafe\/automatico\/jura-maquina-de-cafe-j8-twin-diamond-black\/","title":{"rendered":"JURA M\u00e1quina de caf\u00e9  J8 Twin Diamond Black"},"content":{"rendered":"<p class>M\u00e1xima flexibilidad con el doble de rendimiento\u00bfUna especialidad de caf\u00e9 con o sin cafe\u00edna? \u00bfEl espresso de tueste oscuro o la mezcla delicada del lungo? La J8 twin de JURA est\u00e1 equipada con dos molinillos de precisi\u00f3n y combina literalmente dos m\u00e1quinas autom\u00e1ticas de caf\u00e9 en un solo dispositivo. En lugar de forzarte a elegir \u201cesto o aquello\u201d, te permite tener \u201ctanto esto como aquello\u201d.<\/p>\n<p class>Dos molinillos de precisi\u00f3n P.A.G.3&#43;Con la J8 twin, el disfrute del caf\u00e9 se vuelve a\u00fan m\u00e1s flexible. Gracias a la capacidad de usar dos tipos diferentes de caf\u00e9, la m\u00e1quina autom\u00e1tica ofrece m\u00e1s opciones para satisfacer todos los gustos. \u00bfPrefieres caf\u00e9 con cafe\u00edna durante el d\u00eda y descafeinado por la noche? \u00bfO tal vez te gusta usar diferentes tuestes para tus especialidades favoritas? La J8 satisface todos tus deseos. El dise\u00f1o sofisticado permite que la J8 twin se equipe con dos molinillos de caf\u00e9 de alto rendimiento P.A.G.3&#43;. Ambos cuentan con un control activo del grado de molienda, conocido como control de aroma, y garantizan una molienda precisa y constante. El estado de espera entre las preparaciones protege los molinillos, asegurando su longevidad y garantizando un sabor de caf\u00e9 siempre excelente.<\/p>\n<p class>Especialidades personalizadas como nunca antesLa J8 twin prepara 31 especialidades de caf\u00e9 a la perfecci\u00f3n. Los dos molinillos ofrecen la m\u00e1xima flexibilidad para personalizaciones infinitas, permitiendo preparar cada caf\u00e9 seg\u00fan el gusto personal: fuerte o suave, con o sin cafe\u00edna y con la mezcla preferida, siempre reci\u00e9n molida. En resumen, ofrece las ventajas de dos m\u00e1quinas autom\u00e1ticas en un solo dispositivo compacto. Pero eso no es todo: tambi\u00e9n aromatiza y endulza delicadamente la espuma de leche, abriendo puertas a nuevas dimensiones de sabor. La gama de especialidades satisface todos los deseos, desde el espresso cl\u00e1sico hasta el Sweet Latte de moda.<\/p>\n<p class>Solo un toque para satisfacer cualquier deseo de caf\u00e9El Panorama Coffee Panel permite un uso intuitivo para disfrutar de todos los beneficios de la J8 twin. La filosof\u00eda de uso autoexplicativa se basa en criterios l\u00f3gicos estrictos. El Modo F\u00e1cil ofrece la m\u00e1xima flexibilidad al permitir ajustar las especialidades a las tazas preferidas mediante deslizadores dedicados. El uso se facilita a\u00fan m\u00e1s mediante sistemas de asistencia. El control del aroma garantiza la finura de molienda ideal. El Coffee Eye, un sensor inteligente para tazas, garantiza la colocaci\u00f3n correcta de las tazas debajo del dispensador correspondiente seg\u00fan la especialidad seleccionada. Por supuesto, la limpieza y el mantenimiento tambi\u00e9n funcionan con solo presionar un bot\u00f3n.<\/p>\n<p class>Excelente dise\u00f1o y rendimiento destacado en el menor espacioEl rendimiento de dos molinillos en un formato compacto se expresa en un dise\u00f1o elegante y armonioso. Gracias a las formas sencillas, materiales de alta calidad y una excepcional calidad de fabricaci\u00f3n, la J8 twin expresa superioridad y competencia. Desde la configuraci\u00f3n del grado de molienda hasta el dispensador de caf\u00e9 regulable en altura, pasando por las tapas de los molinillos: el amor por los detalles es perceptible en todas partes. La funcionalidad y la forma se fusionan, dando lugar a una unidad simbi\u00f3tica, cuyo centro es el Panorama Coffee Panel. Combinado con detalles sobrios y personalizados, la elecci\u00f3n crom\u00e1tica est\u00e1 en perfecta sinton\u00eda con la elegancia de esta m\u00e1quina autom\u00e1tica extraordinaria.<\/p>\n<p class>Especialidades de caf\u00e9:<\/p>\n<p class>31 opciones de caf\u00e9, incluyendo Espresso, Cappuccino, Lungo, Latte Macchiato y varias opciones con extra shots o dulces.<\/p>\n<p class>Funciones especiales:<\/p>\n<p class>Funci\u00f3n Sweet Foam<\/p>\n<p class>Control activo de la molienda<\/p>\n<p class>Coffee Eye<\/p>\n<p class>Conexi\u00f3n Wi-Fi a la red dom\u00e9stica<\/p>\n<p class>Transmisor Wi-Fi Connect<\/p>\n<p class>Especificaciones t\u00e9cnicas:<\/p>\n<p class>Capacidad del dep\u00f3sito de agua: 1,9 l<\/p>\n<p class>Capacidad del contenedor de caf\u00e9: 2 \u00d7 180 g<\/p>\n<p class>Contenedor de posos de caf\u00e9: 16 porciones<\/p>\n<p class>Longitud del cable: 1,1 m<\/p>\n<p class>Tensi\u00f3n: 230 V \/ 1450 W<\/p>\n<p class>Peso: 11,5 kg<\/p>\n<p class>Dimensiones: 31 \u00d7 36 \u00d7 44,6 cm<\/p>\n<p class>Pa\u00eds de fabricaci\u00f3n: Suiza<\/p>\n<p class>A\u00f1o del modelo: 2023<\/p>\n","protected":false},"excerpt":{"rendered":"<p>M\u00e1xima flexibilidad con el doble de rendimiento\u00bfUna especialidad de caf\u00e9 con o sin cafe\u00edna? \u00bfEl espresso de tueste oscuro o la mezcla delicada del lungo? La J8 twin de JURA est\u00e1 equipada con dos molinillos de precisi\u00f3n y combina literalmente dos m\u00e1quinas autom\u00e1ticas de caf\u00e9 en un solo dispositivo. En lugar de forzarte a elegir [&hellip;]<\/p>\n","protected":false},"featured_media":6340029,"template":"","meta":{"_acf_changed":false},"product_cat":[11968,11955,11947],"product_tag":[],"class_list":{"0":"post-2311563","1":"product","2":"type-product","3":"status-publish","4":"has-post-thumbnail","6":"product_cat-automatico","7":"product_cat-maquinas-de-cafe","8":"product_cat-pequenos-electrodomesticos","10":"first","11":"instock","12":"sale","13":"taxable","14":"shipping-taxable","15":"purchasable","16":"product-type-simple","swatches":"rey-swatches","show_selected":"","stretch_labels":"rey-swatches--stretch-labels"},"acf":[],"yoast_head":"<!-- This site is optimized with the Yoast SEO plugin v25.4 - https:\/\/yoast.com\/wordpress\/plugins\/seo\/ -->\n<title>JURA M\u00e1quina de caf\u00e9 J8 Twin Diamond Black - dev6 Erresse<\/title>\n<meta name=\"description\" content=\"M\u00e1xima flexibilidad con el doble de rendimiento\u00bfUna especialidad de caf\u00e9 con o sin cafe\u00edna? \u00bfEl espresso de tueste oscuro o la mezcla delicada del lungo?\" \/>\n<meta name=\"robots\" content=\"noindex, follow, max-snippet:-1, max-image-preview:large, max-video-preview:-1\" \/>\n<meta property=\"og:locale\" content=\"es_ES\" \/>\n<meta property=\"og:type\" content=\"article\" \/>\n<meta property=\"og:title\" content=\"JURA M\u00e1quina de caf\u00e9 J8 Twin Diamond Black - dev6 Erresse\" \/>\n<meta property=\"og:description\" content=\"M\u00e1xima flexibilidad con el doble de rendimiento\u00bfUna especialidad de caf\u00e9 con o sin cafe\u00edna? \u00bfEl espresso de tueste oscuro o la mezcla delicada del lungo?\" \/>\n<meta property=\"og:url\" content=\"https:\/\/dev6.erresse-shop.it\/es\/shop\/pequenos-electrodomesticos\/maquinas-de-cafe\/automatico\/jura-maquina-de-cafe-j8-twin-diamond-black\/\" \/>\n<meta property=\"og:site_name\" content=\"dev6 Erresse\" \/>\n<meta property=\"og:image\" content=\"https:\/\/interpim.erresse-shop.it\/wp-content\/uploads\/2025\/03\/JURA-Macchina-Da-Caffe-J8-Twin-Diamond-Black.jpg\/jura-macchina-da-caffe-j8-twin-diamond-black.jpg\" \/><meta property=\"og:image\" content=\"https:\/\/interpim.erresse-shop.it\/wp-content\/uploads\/2025\/03\/JURA-Macchina-Da-Caffe-J8-Twin-Diamond-Black.jpg\/jura-macchina-da-caffe-j8-twin-diamond-black.jpg\" \/>\n\t<meta property=\"og:image:width\" content=\"1024\" \/>\n\t<meta property=\"og:image:height\" content=\"1024\" \/>\n\t<meta property=\"og:image:type\" content=\"image\/jpeg\" \/>\n<meta name=\"twitter:card\" content=\"summary_large_image\" \/>\n<meta name=\"twitter:image\" content=\"https:\/\/interpim.erresse-shop.it\/wp-content\/uploads\/2025\/03\/JURA-Macchina-Da-Caffe-J8-Twin-Diamond-Black.jpg\/jura-macchina-da-caffe-j8-twin-diamond-black.jpg\" \/>\n<script type=\"application\/ld+json\" class=\"yoast-schema-graph\">{\"@context\":\"https:\/\/schema.org\",\"@graph\":[{\"@type\":\"WebPage\",\"@id\":\"https:\/\/dev6.erresse-shop.it\/es\/shop\/pequenos-electrodomesticos\/maquinas-de-cafe\/automatico\/jura-maquina-de-cafe-j8-twin-diamond-black\/\",\"url\":\"https:\/\/dev6.erresse-shop.it\/es\/shop\/pequenos-electrodomesticos\/maquinas-de-cafe\/automatico\/jura-maquina-de-cafe-j8-twin-diamond-black\/\",\"name\":\"JURA M\u00e1quina de caf\u00e9 J8 Twin Diamond Black - dev6 Erresse\",\"isPartOf\":{\"@id\":\"https:\/\/dev6.erresse-shop.it\/#website\"},\"primaryImageOfPage\":{\"@id\":\"https:\/\/dev6.erresse-shop.it\/es\/shop\/pequenos-electrodomesticos\/maquinas-de-cafe\/automatico\/jura-maquina-de-cafe-j8-twin-diamond-black\/#primaryimage\"},\"image\":{\"@id\":\"https:\/\/dev6.erresse-shop.it\/es\/shop\/pequenos-electrodomesticos\/maquinas-de-cafe\/automatico\/jura-maquina-de-cafe-j8-twin-diamond-black\/#primaryimage\"},\"thumbnailUrl\":\"https:\/\/i3.wp.com\/interpim.erresse-shop.it\/wp-content\/uploads\/2025\/03\/JURA-Macchina-Da-Caffe-J8-Twin-Diamond-Black.jpg\/jura-macchina-da-caffe-j8-twin-diamond-black.jpg?ssl=1\",\"datePublished\":\"2026-04-10T13:33:57+00:00\",\"description\":\"M\u00e1xima flexibilidad con el doble de rendimiento\u00bfUna especialidad de caf\u00e9 con o sin cafe\u00edna? \u00bfEl espresso de tueste oscuro o la mezcla delicada del lungo?\",\"breadcrumb\":{\"@id\":\"https:\/\/dev6.erresse-shop.it\/es\/shop\/pequenos-electrodomesticos\/maquinas-de-cafe\/automatico\/jura-maquina-de-cafe-j8-twin-diamond-black\/#breadcrumb\"},\"inLanguage\":\"es\",\"potentialAction\":[{\"@type\":\"ReadAction\",\"target\":[\"https:\/\/dev6.erresse-shop.it\/es\/shop\/pequenos-electrodomesticos\/maquinas-de-cafe\/automatico\/jura-maquina-de-cafe-j8-twin-diamond-black\/\"]}]},{\"@type\":\"ImageObject\",\"inLanguage\":\"es\",\"@id\":\"https:\/\/dev6.erresse-shop.it\/es\/shop\/pequenos-electrodomesticos\/maquinas-de-cafe\/automatico\/jura-maquina-de-cafe-j8-twin-diamond-black\/#primaryimage\",\"url\":\"https:\/\/i3.wp.com\/interpim.erresse-shop.it\/wp-content\/uploads\/2025\/03\/JURA-Macchina-Da-Caffe-J8-Twin-Diamond-Black.jpg\/jura-macchina-da-caffe-j8-twin-diamond-black.jpg?ssl=1\",\"contentUrl\":\"https:\/\/i3.wp.com\/interpim.erresse-shop.it\/wp-content\/uploads\/2025\/03\/JURA-Macchina-Da-Caffe-J8-Twin-Diamond-Black.jpg\/jura-macchina-da-caffe-j8-twin-diamond-black.jpg?ssl=1\"},{\"@type\":\"BreadcrumbList\",\"@id\":\"https:\/\/dev6.erresse-shop.it\/es\/shop\/pequenos-electrodomesticos\/maquinas-de-cafe\/automatico\/jura-maquina-de-cafe-j8-twin-diamond-black\/#breadcrumb\",\"itemListElement\":[{\"@type\":\"ListItem\",\"position\":1,\"name\":\"Home\",\"item\":\"https:\/\/dev6.erresse-shop.it\/\"},{\"@type\":\"ListItem\",\"position\":2,\"name\":\"Tienda\",\"item\":\"https:\/\/dev6.erresse-shop.it\/shop\/\"},{\"@type\":\"ListItem\",\"position\":3,\"name\":\"JURA M\u00e1quina de caf\u00e9 J8 Twin Diamond Black\"}]},{\"@type\":\"WebSite\",\"@id\":\"https:\/\/dev6.erresse-shop.it\/#website\",\"url\":\"https:\/\/dev6.erresse-shop.it\/\",\"name\":\"Erresse Shop\",\"description\":\"\",\"publisher\":{\"@id\":\"https:\/\/dev6.erresse-shop.it\/#organization\"},\"potentialAction\":[{\"@type\":\"SearchAction\",\"target\":{\"@type\":\"EntryPoint\",\"urlTemplate\":\"https:\/\/dev6.erresse-shop.it\/?s={search_term_string}\"},\"query-input\":{\"@type\":\"PropertyValueSpecification\",\"valueRequired\":true,\"valueName\":\"search_term_string\"}}],\"inLanguage\":\"es\"},{\"@type\":\"Organization\",\"@id\":\"https:\/\/dev6.erresse-shop.it\/#organization\",\"name\":\"Erresse Shop\",\"url\":\"https:\/\/dev6.erresse-shop.it\/\",\"logo\":{\"@type\":\"ImageObject\",\"inLanguage\":\"es\",\"@id\":\"https:\/\/dev6.erresse-shop.it\/#\/schema\/logo\/image\/\",\"url\":\"https:\/\/dev6.erresse-shop.it\/wp-content\/uploads\/2025\/01\/LOGO-ERRESSE-CLASSICO.svg\",\"contentUrl\":\"https:\/\/dev6.erresse-shop.it\/wp-content\/uploads\/2025\/01\/LOGO-ERRESSE-CLASSICO.svg\",\"caption\":\"Erresse Shop\"},\"image\":{\"@id\":\"https:\/\/dev6.erresse-shop.it\/#\/schema\/logo\/image\/\"}}]}<\/script>\n<!-- \/ Yoast SEO plugin. -->","yoast_head_json":{"title":"JURA M\u00e1quina de caf\u00e9 J8 Twin Diamond Black - dev6 Erresse","description":"M\u00e1xima flexibilidad con el doble de rendimiento\u00bfUna especialidad de caf\u00e9 con o sin cafe\u00edna? \u00bfEl espresso de tueste oscuro o la mezcla delicada del lungo?","robots":{"index":"noindex","follow":"follow","max-snippet":"max-snippet:-1","max-image-preview":"max-image-preview:large","max-video-preview":"max-video-preview:-1"},"og_locale":"es_ES","og_type":"article","og_title":"JURA M\u00e1quina de caf\u00e9 J8 Twin Diamond Black - dev6 Erresse","og_description":"M\u00e1xima flexibilidad con el doble de rendimiento\u00bfUna especialidad de caf\u00e9 con o sin cafe\u00edna? \u00bfEl espresso de tueste oscuro o la mezcla delicada del lungo?","og_url":"https:\/\/dev6.erresse-shop.it\/es\/shop\/pequenos-electrodomesticos\/maquinas-de-cafe\/automatico\/jura-maquina-de-cafe-j8-twin-diamond-black\/","og_site_name":"dev6 Erresse","og_image":[{"url":"https:\/\/interpim.erresse-shop.it\/wp-content\/uploads\/2025\/03\/JURA-Macchina-Da-Caffe-J8-Twin-Diamond-Black.jpg\/jura-macchina-da-caffe-j8-twin-diamond-black.jpg","type":"","width":"","height":""},{"url":"https:\/\/interpim.erresse-shop.it\/wp-content\/uploads\/2025\/03\/JURA-Macchina-Da-Caffe-J8-Twin-Diamond-Black.jpg\/jura-macchina-da-caffe-j8-twin-diamond-black.jpg","width":1024,"height":1024,"type":"image\/jpeg"}],"twitter_card":"summary_large_image","twitter_image":"https:\/\/interpim.erresse-shop.it\/wp-content\/uploads\/2025\/03\/JURA-Macchina-Da-Caffe-J8-Twin-Diamond-Black.jpg\/jura-macchina-da-caffe-j8-twin-diamond-black.jpg","schema":{"@context":"https:\/\/schema.org","@graph":[{"@type":"WebPage","@id":"https:\/\/dev6.erresse-shop.it\/es\/shop\/pequenos-electrodomesticos\/maquinas-de-cafe\/automatico\/jura-maquina-de-cafe-j8-twin-diamond-black\/","url":"https:\/\/dev6.erresse-shop.it\/es\/shop\/pequenos-electrodomesticos\/maquinas-de-cafe\/automatico\/jura-maquina-de-cafe-j8-twin-diamond-black\/","name":"JURA M\u00e1quina de caf\u00e9 J8 Twin Diamond Black - dev6 Erresse","isPartOf":{"@id":"https:\/\/dev6.erresse-shop.it\/#website"},"primaryImageOfPage":{"@id":"https:\/\/dev6.erresse-shop.it\/es\/shop\/pequenos-electrodomesticos\/maquinas-de-cafe\/automatico\/jura-maquina-de-cafe-j8-twin-diamond-black\/#primaryimage"},"image":{"@id":"https:\/\/dev6.erresse-shop.it\/es\/shop\/pequenos-electrodomesticos\/maquinas-de-cafe\/automatico\/jura-maquina-de-cafe-j8-twin-diamond-black\/#primaryimage"},"thumbnailUrl":"https:\/\/i3.wp.com\/interpim.erresse-shop.it\/wp-content\/uploads\/2025\/03\/JURA-Macchina-Da-Caffe-J8-Twin-Diamond-Black.jpg\/jura-macchina-da-caffe-j8-twin-diamond-black.jpg?ssl=1","datePublished":"2026-04-10T13:33:57+00:00","description":"M\u00e1xima flexibilidad con el doble de rendimiento\u00bfUna especialidad de caf\u00e9 con o sin cafe\u00edna? \u00bfEl espresso de tueste oscuro o la mezcla delicada del lungo?","breadcrumb":{"@id":"https:\/\/dev6.erresse-shop.it\/es\/shop\/pequenos-electrodomesticos\/maquinas-de-cafe\/automatico\/jura-maquina-de-cafe-j8-twin-diamond-black\/#breadcrumb"},"inLanguage":"es","potentialAction":[{"@type":"ReadAction","target":["https:\/\/dev6.erresse-shop.it\/es\/shop\/pequenos-electrodomesticos\/maquinas-de-cafe\/automatico\/jura-maquina-de-cafe-j8-twin-diamond-black\/"]}]},{"@type":"ImageObject","inLanguage":"es","@id":"https:\/\/dev6.erresse-shop.it\/es\/shop\/pequenos-electrodomesticos\/maquinas-de-cafe\/automatico\/jura-maquina-de-cafe-j8-twin-diamond-black\/#primaryimage","url":"https:\/\/i3.wp.com\/interpim.erresse-shop.it\/wp-content\/uploads\/2025\/03\/JURA-Macchina-Da-Caffe-J8-Twin-Diamond-Black.jpg\/jura-macchina-da-caffe-j8-twin-diamond-black.jpg?ssl=1","contentUrl":"https:\/\/i3.wp.com\/interpim.erresse-shop.it\/wp-content\/uploads\/2025\/03\/JURA-Macchina-Da-Caffe-J8-Twin-Diamond-Black.jpg\/jura-macchina-da-caffe-j8-twin-diamond-black.jpg?ssl=1"},{"@type":"BreadcrumbList","@id":"https:\/\/dev6.erresse-shop.it\/es\/shop\/pequenos-electrodomesticos\/maquinas-de-cafe\/automatico\/jura-maquina-de-cafe-j8-twin-diamond-black\/#breadcrumb","itemListElement":[{"@type":"ListItem","position":1,"name":"Home","item":"https:\/\/dev6.erresse-shop.it\/"},{"@type":"ListItem","position":2,"name":"Tienda","item":"https:\/\/dev6.erresse-shop.it\/shop\/"},{"@type":"ListItem","position":3,"name":"JURA M\u00e1quina de caf\u00e9 J8 Twin Diamond Black"}]},{"@type":"WebSite","@id":"https:\/\/dev6.erresse-shop.it\/#website","url":"https:\/\/dev6.erresse-shop.it\/","name":"Erresse Shop","description":"","publisher":{"@id":"https:\/\/dev6.erresse-shop.it\/#organization"},"potentialAction":[{"@type":"SearchAction","target":{"@type":"EntryPoint","urlTemplate":"https:\/\/dev6.erresse-shop.it\/?s={search_term_string}"},"query-input":{"@type":"PropertyValueSpecification","valueRequired":true,"valueName":"search_term_string"}}],"inLanguage":"es"},{"@type":"Organization","@id":"https:\/\/dev6.erresse-shop.it\/#organization","name":"Erresse Shop","url":"https:\/\/dev6.erresse-shop.it\/","logo":{"@type":"ImageObject","inLanguage":"es","@id":"https:\/\/dev6.erresse-shop.it\/#\/schema\/logo\/image\/","url":"https:\/\/dev6.erresse-shop.it\/wp-content\/uploads\/2025\/01\/LOGO-ERRESSE-CLASSICO.svg","contentUrl":"https:\/\/dev6.erresse-shop.it\/wp-content\/uploads\/2025\/01\/LOGO-ERRESSE-CLASSICO.svg","caption":"Erresse Shop"},"image":{"@id":"https:\/\/dev6.erresse-shop.it\/#\/schema\/logo\/image\/"}}]}},"df_price":1929,"df_sale_price":1929,"df_regular_price":2649,"df_image_link":"https:\/\/i3.wp.com\/interpim.erresse-shop.it\/wp-content\/uploads\/2025\/03\/JURA-Macchina-Da-Caffe-J8-Twin-Diamond-Black.jpg\/jura-macchina-da-caffe-j8-twin-diamond-black.jpg?resize=300,300&ssl=1","fifu_image_url":"https:\/\/interpim.erresse-shop.it\/wp-content\/uploads\/2025\/03\/JURA-Macchina-Da-Caffe-J8-Twin-Diamond-Black.jpg\/jura-macchina-da-caffe-j8-twin-diamond-black.jpg","_links":{"self":[{"href":"https:\/\/dev6.erresse-shop.it\/es\/wp-json\/wp\/v2\/product\/2311563","targetHints":{"allow":["GET"]}}],"collection":[{"href":"https:\/\/dev6.erresse-shop.it\/es\/wp-json\/wp\/v2\/product"}],"about":[{"href":"https:\/\/dev6.erresse-shop.it\/es\/wp-json\/wp\/v2\/types\/product"}],"wp:featuredmedia":[{"embeddable":true,"href":"https:\/\/dev6.erresse-shop.it\/es\/wp-json\/wp\/v2\/media\/6340029"}],"wp:attachment":[{"href":"https:\/\/dev6.erresse-shop.it\/es\/wp-json\/wp\/v2\/media?parent=2311563"}],"wp:term":[{"taxonomy":"product_cat","embeddable":true,"href":"https:\/\/dev6.erresse-shop.it\/es\/wp-json\/wp\/v2\/product_cat?post=2311563"},{"taxonomy":"product_tag","embeddable":true,"href":"https:\/\/dev6.erresse-shop.it\/es\/wp-json\/wp\/v2\/product_tag?post=2311563"}],"curies":[{"name":"wp","href":"https:\/\/api.w.org\/{rel}","templated":true}]}}