{"id":2311561,"date":"2026-04-12T14:55:15","date_gmt":"2026-04-12T12:55:15","guid":{"rendered":"https:\/\/dev6.erresse-shop.it\/shop\/sin%20categor\u00eda\/jura-maquina-de-cafe-j8-midnight-silver\/"},"modified":"2025-11-30T17:57:30","modified_gmt":"2025-11-30T16:57:30","slug":"jura-maquina-de-cafe-j8-midnight-silver","status":"publish","type":"product","link":"https:\/\/dev6.erresse-shop.it\/es\/shop\/pequenos-electrodomesticos\/maquinas-de-cafe\/automatico\/jura-maquina-de-cafe-j8-midnight-silver\/","title":{"rendered":"JURA M\u00e1quina de caf\u00e9 J8 Midnight Silver"},"content":{"rendered":"<p class>J8 para Especialidades de Caf\u00e9 \u2013 Tambi\u00e9n con Espuma de Leche Dulce<\/p>\n<p class>La nueva generaci\u00f3n de la l\u00ednea J, apreciada en todo el mundo, incorpora una serie de innovaciones tecnol\u00f3gicas para un placer del caf\u00e9 a\u00fan m\u00e1s perfecto. Adem\u00e1s de toda la gama de caf\u00e9s cl\u00e1sicos, la J8 ahora ofrece a\u00fan m\u00e1s especialidades.<\/p>\n<p class>Funci\u00f3n Sweet Foam \u2013 La Nueva Frontera del Placer<\/p>\n<p class>El secreto de la alta cocina radica en el uso de ingredientes frescos y de calidad, preparados de manera magistral. Lo mismo ocurre con las especialidades de caf\u00e9 excepcionales. La nueva funci\u00f3n Sweet Foam aromatiza la espuma de leche durante la preparaci\u00f3n con el accesorio para jarabe, ofreciendo una nueva dimensi\u00f3n de placer. Al seleccionar y dosificar el jarabe, se puede ajustar el sabor y la intensidad exactamente seg\u00fan las preferencias individuales. La J8 prepara as\u00ed tambi\u00e9n deliciosas especialidades de moda, como el Sweet Latte, con solo presionar un bot\u00f3n.<\/p>\n<p class>Coffee Eye \u2013 Un Sensor Inteligente para la Taza<\/p>\n<p class>Ya sea que desee preparar un cl\u00e1sico desde el dispensador central de caf\u00e9 o una especialidad enriquecida con leche y espuma de leche desde el dispensador de cappuccino, el Coffee Eye facilita las cosas. El sensor inteligente detecta la posici\u00f3n de la taza y ajusta autom\u00e1ticamente la gama de especialidades seleccionables en la pantalla seg\u00fan la posici\u00f3n de la taza, facilitando a\u00fan m\u00e1s el uso y haci\u00e9ndolo m\u00e1s intuitivo.<\/p>\n<p class>P.A.G.2&#43; \u2013 Alta Tecnolog\u00eda para un Aroma Excepcional<\/p>\n<p class>El molinillo de caf\u00e9 P.A.G.2&#43; es una clase aparte. Esto se demuestra con su dise\u00f1o sonoro inspirado en la F\u00f3rmula 1. El llamado control de aroma es un control activo del grado de molienda que garantiza resultados excelentes en todo momento. Seg\u00fan el producto seleccionado, la m\u00e1quina recomienda un ajuste de molienda \u201cmedio\u201d o \u201cintenso\u201d. De esta manera, se controla el aroma en la taza. Los ajustes de molienda pueden modificarse en cualquier momento, pero antes y despu\u00e9s de la preparaci\u00f3n, el P.A.G.2&#43; permanece en espera, preserv\u00e1ndolo durante toda su vida \u00fatil. De este modo, la m\u00e1quina autom\u00e1tica para especialidades de caf\u00e9 garantiza un sabor perfecto por m\u00e1s tiempo.<\/p>\n<p class>Dise\u00f1o 360\u00b0 \u2013 Expresi\u00f3n de M\u00e1xima Pericia<\/p>\n<p class>La est\u00e9tica de la J8 se caracteriza por l\u00edneas limpias y sim\u00e9tricas. Los est\u00e1ndares de construcci\u00f3n de la m\u00e1s alta calidad y la precisi\u00f3n en el trabajo de fabricaci\u00f3n reflejan la calidad y la pericia. La nueva interpretaci\u00f3n del dise\u00f1o 360\u00b0 premiado impresiona por su atenci\u00f3n al detalle. La \u00e9nfasis en los granos de caf\u00e9 frescos, la interfaz de usuario atractiva y la iluminaci\u00f3n astuta de la especialidad arom\u00e1tica \u2013 todo se fusiona en un conjunto armonioso, expresando la superioridad de esta m\u00e1quina autom\u00e1tica de caf\u00e9 de alta gama.<\/p>\n<p class>Especialidades Disponibles:<\/p>\n<p>31 opciones, incluyendo Espresso, Caf\u00e9, Americano, Lungo, Espresso doble, Cortado, Cappuccino, Flat White, Latte Macchiato y varias versiones \u201cSweet\u201d para cada bebida (por ejemplo, Sweet Espresso Macchiato, Sweet Cappuccino, etc.).<br \/>\nFunci\u00f3n \u201cSweet Foam\u201d para preparar espuma de leche dulce.<\/p>\n<p class>Especificaciones T\u00e9cnicas:<\/p>\n<p class>Capacidad del tanque de agua: 1.9 l<\/p>\n<p class>Capacidad del recipiente de granos de caf\u00e9: 280 g<\/p>\n<p class>Capacidad del recipiente de posos de caf\u00e9: 16 porciones<\/p>\n<p class>Peso: 10.2 kg<\/p>\n<p class>Dimensiones: 31.8 \u00d7 34.8 \u00d7 44.6 cm<\/p>\n<p class>Potencia: 1450 W<\/p>\n<p class>Modo de ahorro energ\u00e9tico y Zero-Energy Switch<\/p>\n<p class>Detalles adicionales:<\/p>\n<p class>Hecho en Suiza<\/p>\n<p class>A\u00f1o del modelo: 2022<\/p>\n","protected":false},"excerpt":{"rendered":"<p>J8 para Especialidades de Caf\u00e9 \u2013 Tambi\u00e9n con Espuma de Leche Dulce La nueva generaci\u00f3n de la l\u00ednea J, apreciada en todo el mundo, incorpora una serie de innovaciones tecnol\u00f3gicas para un placer del caf\u00e9 a\u00fan m\u00e1s perfecto. Adem\u00e1s de toda la gama de caf\u00e9s cl\u00e1sicos, la J8 ahora ofrece a\u00fan m\u00e1s especialidades. Funci\u00f3n Sweet [&hellip;]<\/p>\n","protected":false},"featured_media":6381651,"template":"","meta":{"_acf_changed":false},"product_cat":[11968,11955,11947],"product_tag":[],"class_list":{"0":"post-2311561","1":"product","2":"type-product","3":"status-publish","4":"has-post-thumbnail","6":"product_cat-automatico","7":"product_cat-maquinas-de-cafe","8":"product_cat-pequenos-electrodomesticos","10":"first","11":"instock","12":"sale","13":"taxable","14":"shipping-taxable","15":"purchasable","16":"product-type-simple","swatches":"rey-swatches","show_selected":"","stretch_labels":"rey-swatches--stretch-labels"},"acf":[],"yoast_head":"<!-- This site is optimized with the Yoast SEO plugin v25.4 - https:\/\/yoast.com\/wordpress\/plugins\/seo\/ -->\n<title>JURA M\u00e1quina de caf\u00e9 J8 Midnight Silver - dev6 Erresse<\/title>\n<meta name=\"description\" content=\"J8 para Especialidades de Caf\u00e9 \u2013 Tambi\u00e9n con Espuma de Leche Dulce La nueva generaci\u00f3n de la l\u00ednea J, apreciada en todo el mundo, incorpora una serie de\" \/>\n<meta name=\"robots\" content=\"noindex, follow, max-snippet:-1, max-image-preview:large, max-video-preview:-1\" \/>\n<meta property=\"og:locale\" content=\"es_ES\" \/>\n<meta property=\"og:type\" content=\"article\" \/>\n<meta property=\"og:title\" content=\"JURA M\u00e1quina de caf\u00e9 J8 Midnight Silver - dev6 Erresse\" \/>\n<meta property=\"og:description\" content=\"J8 para Especialidades de Caf\u00e9 \u2013 Tambi\u00e9n con Espuma de Leche Dulce La nueva generaci\u00f3n de la l\u00ednea J, apreciada en todo el mundo, incorpora una serie de\" \/>\n<meta property=\"og:url\" content=\"https:\/\/dev6.erresse-shop.it\/es\/shop\/pequenos-electrodomesticos\/maquinas-de-cafe\/automatico\/jura-maquina-de-cafe-j8-midnight-silver\/\" \/>\n<meta property=\"og:site_name\" content=\"dev6 Erresse\" \/>\n<meta property=\"og:image\" content=\"https:\/\/interpim.erresse-shop.it\/wp-content\/uploads\/2025\/03\/JURA-Macchina-Da-Caffe-J8-Midnight-Silver.jpg\/jura-macchina-da-caffe-j8-midnight-silver.jpg\" \/><meta property=\"og:image\" content=\"https:\/\/interpim.erresse-shop.it\/wp-content\/uploads\/2025\/03\/JURA-Macchina-Da-Caffe-J8-Midnight-Silver.jpg\/jura-macchina-da-caffe-j8-midnight-silver.jpg\" \/>\n\t<meta property=\"og:image:width\" content=\"1024\" \/>\n\t<meta property=\"og:image:height\" content=\"1024\" \/>\n\t<meta property=\"og:image:type\" content=\"image\/jpeg\" \/>\n<meta name=\"twitter:card\" content=\"summary_large_image\" \/>\n<meta name=\"twitter:image\" content=\"https:\/\/interpim.erresse-shop.it\/wp-content\/uploads\/2025\/03\/JURA-Macchina-Da-Caffe-J8-Midnight-Silver.jpg\/jura-macchina-da-caffe-j8-midnight-silver.jpg\" \/>\n<script type=\"application\/ld+json\" class=\"yoast-schema-graph\">{\"@context\":\"https:\/\/schema.org\",\"@graph\":[{\"@type\":\"WebPage\",\"@id\":\"https:\/\/dev6.erresse-shop.it\/es\/shop\/pequenos-electrodomesticos\/maquinas-de-cafe\/automatico\/jura-maquina-de-cafe-j8-midnight-silver\/\",\"url\":\"https:\/\/dev6.erresse-shop.it\/es\/shop\/pequenos-electrodomesticos\/maquinas-de-cafe\/automatico\/jura-maquina-de-cafe-j8-midnight-silver\/\",\"name\":\"JURA M\u00e1quina de caf\u00e9 J8 Midnight Silver - dev6 Erresse\",\"isPartOf\":{\"@id\":\"https:\/\/dev6.erresse-shop.it\/#website\"},\"primaryImageOfPage\":{\"@id\":\"https:\/\/dev6.erresse-shop.it\/es\/shop\/pequenos-electrodomesticos\/maquinas-de-cafe\/automatico\/jura-maquina-de-cafe-j8-midnight-silver\/#primaryimage\"},\"image\":{\"@id\":\"https:\/\/dev6.erresse-shop.it\/es\/shop\/pequenos-electrodomesticos\/maquinas-de-cafe\/automatico\/jura-maquina-de-cafe-j8-midnight-silver\/#primaryimage\"},\"thumbnailUrl\":\"https:\/\/i0.wp.com\/interpim.erresse-shop.it\/wp-content\/uploads\/2025\/03\/JURA-Macchina-Da-Caffe-J8-Midnight-Silver.jpg\/jura-macchina-da-caffe-j8-midnight-silver.jpg?ssl=1\",\"datePublished\":\"2026-04-12T12:55:15+00:00\",\"description\":\"J8 para Especialidades de Caf\u00e9 \u2013 Tambi\u00e9n con Espuma de Leche Dulce La nueva generaci\u00f3n de la l\u00ednea J, apreciada en todo el mundo, incorpora una serie de\",\"breadcrumb\":{\"@id\":\"https:\/\/dev6.erresse-shop.it\/es\/shop\/pequenos-electrodomesticos\/maquinas-de-cafe\/automatico\/jura-maquina-de-cafe-j8-midnight-silver\/#breadcrumb\"},\"inLanguage\":\"es\",\"potentialAction\":[{\"@type\":\"ReadAction\",\"target\":[\"https:\/\/dev6.erresse-shop.it\/es\/shop\/pequenos-electrodomesticos\/maquinas-de-cafe\/automatico\/jura-maquina-de-cafe-j8-midnight-silver\/\"]}]},{\"@type\":\"ImageObject\",\"inLanguage\":\"es\",\"@id\":\"https:\/\/dev6.erresse-shop.it\/es\/shop\/pequenos-electrodomesticos\/maquinas-de-cafe\/automatico\/jura-maquina-de-cafe-j8-midnight-silver\/#primaryimage\",\"url\":\"https:\/\/i0.wp.com\/interpim.erresse-shop.it\/wp-content\/uploads\/2025\/03\/JURA-Macchina-Da-Caffe-J8-Midnight-Silver.jpg\/jura-macchina-da-caffe-j8-midnight-silver.jpg?ssl=1\",\"contentUrl\":\"https:\/\/i0.wp.com\/interpim.erresse-shop.it\/wp-content\/uploads\/2025\/03\/JURA-Macchina-Da-Caffe-J8-Midnight-Silver.jpg\/jura-macchina-da-caffe-j8-midnight-silver.jpg?ssl=1\"},{\"@type\":\"BreadcrumbList\",\"@id\":\"https:\/\/dev6.erresse-shop.it\/es\/shop\/pequenos-electrodomesticos\/maquinas-de-cafe\/automatico\/jura-maquina-de-cafe-j8-midnight-silver\/#breadcrumb\",\"itemListElement\":[{\"@type\":\"ListItem\",\"position\":1,\"name\":\"Home\",\"item\":\"https:\/\/dev6.erresse-shop.it\/\"},{\"@type\":\"ListItem\",\"position\":2,\"name\":\"Tienda\",\"item\":\"https:\/\/dev6.erresse-shop.it\/shop\/\"},{\"@type\":\"ListItem\",\"position\":3,\"name\":\"JURA M\u00e1quina de caf\u00e9 J8 Midnight Silver\"}]},{\"@type\":\"WebSite\",\"@id\":\"https:\/\/dev6.erresse-shop.it\/#website\",\"url\":\"https:\/\/dev6.erresse-shop.it\/\",\"name\":\"Erresse Shop\",\"description\":\"\",\"publisher\":{\"@id\":\"https:\/\/dev6.erresse-shop.it\/#organization\"},\"potentialAction\":[{\"@type\":\"SearchAction\",\"target\":{\"@type\":\"EntryPoint\",\"urlTemplate\":\"https:\/\/dev6.erresse-shop.it\/?s={search_term_string}\"},\"query-input\":{\"@type\":\"PropertyValueSpecification\",\"valueRequired\":true,\"valueName\":\"search_term_string\"}}],\"inLanguage\":\"es\"},{\"@type\":\"Organization\",\"@id\":\"https:\/\/dev6.erresse-shop.it\/#organization\",\"name\":\"Erresse Shop\",\"url\":\"https:\/\/dev6.erresse-shop.it\/\",\"logo\":{\"@type\":\"ImageObject\",\"inLanguage\":\"es\",\"@id\":\"https:\/\/dev6.erresse-shop.it\/#\/schema\/logo\/image\/\",\"url\":\"https:\/\/dev6.erresse-shop.it\/wp-content\/uploads\/2025\/01\/LOGO-ERRESSE-CLASSICO.svg\",\"contentUrl\":\"https:\/\/dev6.erresse-shop.it\/wp-content\/uploads\/2025\/01\/LOGO-ERRESSE-CLASSICO.svg\",\"caption\":\"Erresse Shop\"},\"image\":{\"@id\":\"https:\/\/dev6.erresse-shop.it\/#\/schema\/logo\/image\/\"}}]}<\/script>\n<!-- \/ Yoast SEO plugin. -->","yoast_head_json":{"title":"JURA M\u00e1quina de caf\u00e9 J8 Midnight Silver - dev6 Erresse","description":"J8 para Especialidades de Caf\u00e9 \u2013 Tambi\u00e9n con Espuma de Leche Dulce La nueva generaci\u00f3n de la l\u00ednea J, apreciada en todo el mundo, incorpora una serie de","robots":{"index":"noindex","follow":"follow","max-snippet":"max-snippet:-1","max-image-preview":"max-image-preview:large","max-video-preview":"max-video-preview:-1"},"og_locale":"es_ES","og_type":"article","og_title":"JURA M\u00e1quina de caf\u00e9 J8 Midnight Silver - dev6 Erresse","og_description":"J8 para Especialidades de Caf\u00e9 \u2013 Tambi\u00e9n con Espuma de Leche Dulce La nueva generaci\u00f3n de la l\u00ednea J, apreciada en todo el mundo, incorpora una serie de","og_url":"https:\/\/dev6.erresse-shop.it\/es\/shop\/pequenos-electrodomesticos\/maquinas-de-cafe\/automatico\/jura-maquina-de-cafe-j8-midnight-silver\/","og_site_name":"dev6 Erresse","og_image":[{"url":"https:\/\/interpim.erresse-shop.it\/wp-content\/uploads\/2025\/03\/JURA-Macchina-Da-Caffe-J8-Midnight-Silver.jpg\/jura-macchina-da-caffe-j8-midnight-silver.jpg","type":"","width":"","height":""},{"url":"https:\/\/interpim.erresse-shop.it\/wp-content\/uploads\/2025\/03\/JURA-Macchina-Da-Caffe-J8-Midnight-Silver.jpg\/jura-macchina-da-caffe-j8-midnight-silver.jpg","width":1024,"height":1024,"type":"image\/jpeg"}],"twitter_card":"summary_large_image","twitter_image":"https:\/\/interpim.erresse-shop.it\/wp-content\/uploads\/2025\/03\/JURA-Macchina-Da-Caffe-J8-Midnight-Silver.jpg\/jura-macchina-da-caffe-j8-midnight-silver.jpg","schema":{"@context":"https:\/\/schema.org","@graph":[{"@type":"WebPage","@id":"https:\/\/dev6.erresse-shop.it\/es\/shop\/pequenos-electrodomesticos\/maquinas-de-cafe\/automatico\/jura-maquina-de-cafe-j8-midnight-silver\/","url":"https:\/\/dev6.erresse-shop.it\/es\/shop\/pequenos-electrodomesticos\/maquinas-de-cafe\/automatico\/jura-maquina-de-cafe-j8-midnight-silver\/","name":"JURA M\u00e1quina de caf\u00e9 J8 Midnight Silver - dev6 Erresse","isPartOf":{"@id":"https:\/\/dev6.erresse-shop.it\/#website"},"primaryImageOfPage":{"@id":"https:\/\/dev6.erresse-shop.it\/es\/shop\/pequenos-electrodomesticos\/maquinas-de-cafe\/automatico\/jura-maquina-de-cafe-j8-midnight-silver\/#primaryimage"},"image":{"@id":"https:\/\/dev6.erresse-shop.it\/es\/shop\/pequenos-electrodomesticos\/maquinas-de-cafe\/automatico\/jura-maquina-de-cafe-j8-midnight-silver\/#primaryimage"},"thumbnailUrl":"https:\/\/i0.wp.com\/interpim.erresse-shop.it\/wp-content\/uploads\/2025\/03\/JURA-Macchina-Da-Caffe-J8-Midnight-Silver.jpg\/jura-macchina-da-caffe-j8-midnight-silver.jpg?ssl=1","datePublished":"2026-04-12T12:55:15+00:00","description":"J8 para Especialidades de Caf\u00e9 \u2013 Tambi\u00e9n con Espuma de Leche Dulce La nueva generaci\u00f3n de la l\u00ednea J, apreciada en todo el mundo, incorpora una serie de","breadcrumb":{"@id":"https:\/\/dev6.erresse-shop.it\/es\/shop\/pequenos-electrodomesticos\/maquinas-de-cafe\/automatico\/jura-maquina-de-cafe-j8-midnight-silver\/#breadcrumb"},"inLanguage":"es","potentialAction":[{"@type":"ReadAction","target":["https:\/\/dev6.erresse-shop.it\/es\/shop\/pequenos-electrodomesticos\/maquinas-de-cafe\/automatico\/jura-maquina-de-cafe-j8-midnight-silver\/"]}]},{"@type":"ImageObject","inLanguage":"es","@id":"https:\/\/dev6.erresse-shop.it\/es\/shop\/pequenos-electrodomesticos\/maquinas-de-cafe\/automatico\/jura-maquina-de-cafe-j8-midnight-silver\/#primaryimage","url":"https:\/\/i0.wp.com\/interpim.erresse-shop.it\/wp-content\/uploads\/2025\/03\/JURA-Macchina-Da-Caffe-J8-Midnight-Silver.jpg\/jura-macchina-da-caffe-j8-midnight-silver.jpg?ssl=1","contentUrl":"https:\/\/i0.wp.com\/interpim.erresse-shop.it\/wp-content\/uploads\/2025\/03\/JURA-Macchina-Da-Caffe-J8-Midnight-Silver.jpg\/jura-macchina-da-caffe-j8-midnight-silver.jpg?ssl=1"},{"@type":"BreadcrumbList","@id":"https:\/\/dev6.erresse-shop.it\/es\/shop\/pequenos-electrodomesticos\/maquinas-de-cafe\/automatico\/jura-maquina-de-cafe-j8-midnight-silver\/#breadcrumb","itemListElement":[{"@type":"ListItem","position":1,"name":"Home","item":"https:\/\/dev6.erresse-shop.it\/"},{"@type":"ListItem","position":2,"name":"Tienda","item":"https:\/\/dev6.erresse-shop.it\/shop\/"},{"@type":"ListItem","position":3,"name":"JURA M\u00e1quina de caf\u00e9 J8 Midnight Silver"}]},{"@type":"WebSite","@id":"https:\/\/dev6.erresse-shop.it\/#website","url":"https:\/\/dev6.erresse-shop.it\/","name":"Erresse Shop","description":"","publisher":{"@id":"https:\/\/dev6.erresse-shop.it\/#organization"},"potentialAction":[{"@type":"SearchAction","target":{"@type":"EntryPoint","urlTemplate":"https:\/\/dev6.erresse-shop.it\/?s={search_term_string}"},"query-input":{"@type":"PropertyValueSpecification","valueRequired":true,"valueName":"search_term_string"}}],"inLanguage":"es"},{"@type":"Organization","@id":"https:\/\/dev6.erresse-shop.it\/#organization","name":"Erresse Shop","url":"https:\/\/dev6.erresse-shop.it\/","logo":{"@type":"ImageObject","inLanguage":"es","@id":"https:\/\/dev6.erresse-shop.it\/#\/schema\/logo\/image\/","url":"https:\/\/dev6.erresse-shop.it\/wp-content\/uploads\/2025\/01\/LOGO-ERRESSE-CLASSICO.svg","contentUrl":"https:\/\/dev6.erresse-shop.it\/wp-content\/uploads\/2025\/01\/LOGO-ERRESSE-CLASSICO.svg","caption":"Erresse Shop"},"image":{"@id":"https:\/\/dev6.erresse-shop.it\/#\/schema\/logo\/image\/"}}]}},"df_price":1579,"df_sale_price":1579,"df_regular_price":1849,"df_image_link":"https:\/\/i0.wp.com\/interpim.erresse-shop.it\/wp-content\/uploads\/2025\/03\/JURA-Macchina-Da-Caffe-J8-Midnight-Silver.jpg\/jura-macchina-da-caffe-j8-midnight-silver.jpg?resize=300,300&ssl=1","fifu_image_url":"https:\/\/interpim.erresse-shop.it\/wp-content\/uploads\/2025\/03\/JURA-Macchina-Da-Caffe-J8-Midnight-Silver.jpg\/jura-macchina-da-caffe-j8-midnight-silver.jpg","_links":{"self":[{"href":"https:\/\/dev6.erresse-shop.it\/es\/wp-json\/wp\/v2\/product\/2311561","targetHints":{"allow":["GET"]}}],"collection":[{"href":"https:\/\/dev6.erresse-shop.it\/es\/wp-json\/wp\/v2\/product"}],"about":[{"href":"https:\/\/dev6.erresse-shop.it\/es\/wp-json\/wp\/v2\/types\/product"}],"wp:featuredmedia":[{"embeddable":true,"href":"https:\/\/dev6.erresse-shop.it\/es\/wp-json\/wp\/v2\/media\/6381651"}],"wp:attachment":[{"href":"https:\/\/dev6.erresse-shop.it\/es\/wp-json\/wp\/v2\/media?parent=2311561"}],"wp:term":[{"taxonomy":"product_cat","embeddable":true,"href":"https:\/\/dev6.erresse-shop.it\/es\/wp-json\/wp\/v2\/product_cat?post=2311561"},{"taxonomy":"product_tag","embeddable":true,"href":"https:\/\/dev6.erresse-shop.it\/es\/wp-json\/wp\/v2\/product_tag?post=2311561"}],"curies":[{"name":"wp","href":"https:\/\/api.w.org\/{rel}","templated":true}]}}