{"id":2311559,"date":"2026-04-04T14:52:35","date_gmt":"2026-04-04T12:52:35","guid":{"rendered":"https:\/\/dev6.erresse-shop.it\/shop\/sin%20categor\u00eda\/jura-maquina-de-cafe-e6-platino\/"},"modified":"2026-01-29T19:22:02","modified_gmt":"2026-01-29T18:22:02","slug":"jura-maquina-de-cafe-e6-platino","status":"publish","type":"product","link":"https:\/\/dev6.erresse-shop.it\/es\/shop\/pequenos-electrodomesticos\/maquinas-de-cafe\/automatico\/jura-maquina-de-cafe-e6-platino\/","title":{"rendered":"JURA M\u00e1quina de caf\u00e9 E6 Platino"},"content":{"rendered":"<p>Para un capuchino perfecto con solo pulsar un bot\u00f3n y mucho m\u00e1s<\/p>\n<p>Capuchino con un toque magistral: Reg\u00e1late el placer insuperable del caf\u00e9 todos los d\u00edas con el E6. Adem\u00e1s de las cl\u00e1sicas especialidades de caf\u00e9 negro, prepara a la perfecci\u00f3n el favorito del p\u00fablico, el capuchino, gracias a la funci\u00f3n Easy Cappuccino.<\/p>\n<p>A\u00fan m\u00e1s aroma para a\u00fan m\u00e1s placer<\/p>\n<p>El molinillo de aroma profesional garantiza un disfrute de caf\u00e9 \u00fanico. Gracias a su geometr\u00eda mejorada, este molinillo de caf\u00e9 es capaz de lograr una calidad de molienda a\u00fan m\u00e1s uniforme, con una fiabilidad constante durante toda la vida de la m\u00e1quina. Esto permite una extracci\u00f3n optimizada del aroma, aumentando su intensidad en un 12,2% respecto a los molinillos de caf\u00e9 tradicionales. Descubre todos los nuevos matices de tu especialidad de caf\u00e9 favorita.<\/p>\n<p>La perfecci\u00f3n del capuchino<\/p>\n<p>Con la probada funci\u00f3n Easy Cappuccino podr\u00e1s disfrutar de un delicioso capuchino con s\u00f3lo tocar un bot\u00f3n. El espumador de leche especialmente dise\u00f1ado para capuchino crea una espuma de leche incre\u00edblemente suave y cremosa, que complementa perfectamente el caf\u00e9 para un disfrute aut\u00e9ntico. Lo \u00faltimo para los amantes del capuchino.<\/p>\n<p>Placer insuperable con la m\u00e1xima simplicidad<\/p>\n<p>La n\u00edtida pantalla a color de 2,8\u2033, los seis botones estrat\u00e9gicamente ubicados y su intuitiva filosof\u00eda de manejo permiten un uso c\u00f3modo de la E6, ya sea para preparar caf\u00e9, configurar preferencias individuales o usar las intuitivas funciones de limpieza. Y, por supuesto, la E6 tambi\u00e9n es compatible con J.O.E.\u00ae: prepare especialidades de caf\u00e9 desde su smartphone, configure y guarde sus preferencias personales o env\u00ede f\u00e1cilmente las diferentes solicitudes de caf\u00e9 de sus clientes directamente a la m\u00e1quina.<\/p>\n<p>Un dise\u00f1o que perdura<\/p>\n<p>Con su elegancia discreta, el dise\u00f1o del E6 refleja la tecnolog\u00eda \u00fanica detr\u00e1s de su fachada atemporal. La geometr\u00eda lineal, embellecida con detalles cromados, expresa de forma clara e inflexible la preparaci\u00f3n de un caf\u00e9 de muy alta calidad y se integra armoniosamente en cualquier entorno. En la selecci\u00f3n de especialidades y en su dise\u00f1o, la E6 renuncia deliberadamente a cualquier exceso que pueda oscurecer su verdadera funcionalidad: preparar la taza de caf\u00e9 perfecta.<\/p>\n<p class>Especialidades disponibles:<\/p>\n<p class>11 opciones: Espresso, Espresso doble, Caf\u00e9, Caf\u00e9 doble, Caf\u00e9 Barista, Lungo Barista, Espresso macchiato, Cappuccino, Cappuccino extra, Porci\u00f3n de espuma de leche, Agua caliente<\/p>\n<p class>Especificaciones t\u00e9cnicas:<\/p>\n<p>Capacidad del dep\u00f3sito de agua: 1,9 l<br \/>\nCapacidad del recipiente para granos de caf\u00e9: 280 g<br \/>\nRecipiente para posos de caf\u00e9: 16 porciones<br \/>\nPeso: 9,1 kg<br \/>\nDimensiones: 28 \u00d7 35,1 \u00d7 44,6 cm<br \/>\nPotencia: 1450 W<\/p>\n<p class>M\u00e1s detalles:<\/p>\n<p class>Pa\u00eds de producci\u00f3n: Portugal<\/p>\n<p>A\u00f1o del modelo: 2022<\/p>\n<p>\u00a0<\/p>\n","protected":false},"excerpt":{"rendered":"<p>Para un capuchino perfecto con solo pulsar un bot\u00f3n y mucho m\u00e1s Capuchino con un toque magistral: Reg\u00e1late el placer insuperable del caf\u00e9 todos los d\u00edas con el E6. Adem\u00e1s de las cl\u00e1sicas especialidades de caf\u00e9 negro, prepara a la perfecci\u00f3n el favorito del p\u00fablico, el capuchino, gracias a la funci\u00f3n Easy Cappuccino. A\u00fan m\u00e1s [&hellip;]<\/p>\n","protected":false},"featured_media":6298370,"template":"","meta":{"_acf_changed":false},"product_cat":[11968,11955,11947],"product_tag":[],"class_list":{"0":"post-2311559","1":"product","2":"type-product","3":"status-publish","4":"has-post-thumbnail","6":"product_cat-automatico","7":"product_cat-maquinas-de-cafe","8":"product_cat-pequenos-electrodomesticos","10":"first","11":"instock","12":"sale","13":"taxable","14":"shipping-taxable","15":"purchasable","16":"product-type-simple","swatches":"rey-swatches","show_selected":"","stretch_labels":"rey-swatches--stretch-labels"},"acf":[],"yoast_head":"<!-- This site is optimized with the Yoast SEO plugin v25.4 - https:\/\/yoast.com\/wordpress\/plugins\/seo\/ -->\n<title>JURA M\u00e1quina de caf\u00e9 E6 Platino - dev6 Erresse<\/title>\n<meta name=\"description\" content=\"Para un capuchino perfecto con solo pulsar un bot\u00f3n y mucho m\u00e1s Capuchino con un toque magistral: Reg\u00e1late el placer insuperable del caf\u00e9 todos los d\u00edas\" \/>\n<meta name=\"robots\" content=\"noindex, follow, max-snippet:-1, max-image-preview:large, max-video-preview:-1\" \/>\n<meta property=\"og:locale\" content=\"es_ES\" \/>\n<meta property=\"og:type\" content=\"article\" \/>\n<meta property=\"og:title\" content=\"JURA M\u00e1quina de caf\u00e9 E6 Platino - dev6 Erresse\" \/>\n<meta property=\"og:description\" content=\"Para un capuchino perfecto con solo pulsar un bot\u00f3n y mucho m\u00e1s Capuchino con un toque magistral: Reg\u00e1late el placer insuperable del caf\u00e9 todos los d\u00edas\" \/>\n<meta property=\"og:url\" content=\"https:\/\/dev6.erresse-shop.it\/es\/shop\/pequenos-electrodomesticos\/maquinas-de-cafe\/automatico\/jura-maquina-de-cafe-e6-platino\/\" \/>\n<meta property=\"og:site_name\" content=\"dev6 Erresse\" \/>\n<meta property=\"og:image\" content=\"https:\/\/interpim.erresse-shop.it\/wp-content\/uploads\/2025\/03\/JURA-Macchina-Da-Caffe-E6-Platino.jpg\/jura-macchina-da-caffe-e6-platino.jpg\" \/><meta property=\"og:image\" content=\"https:\/\/interpim.erresse-shop.it\/wp-content\/uploads\/2025\/03\/JURA-Macchina-Da-Caffe-E6-Platino.jpg\/jura-macchina-da-caffe-e6-platino.jpg\" \/>\n\t<meta property=\"og:image:width\" content=\"1024\" \/>\n\t<meta property=\"og:image:height\" content=\"1024\" \/>\n\t<meta property=\"og:image:type\" content=\"image\/jpeg\" \/>\n<meta name=\"twitter:card\" content=\"summary_large_image\" \/>\n<meta name=\"twitter:image\" content=\"https:\/\/interpim.erresse-shop.it\/wp-content\/uploads\/2025\/03\/JURA-Macchina-Da-Caffe-E6-Platino.jpg\/jura-macchina-da-caffe-e6-platino.jpg\" \/>\n<script type=\"application\/ld+json\" class=\"yoast-schema-graph\">{\"@context\":\"https:\/\/schema.org\",\"@graph\":[{\"@type\":\"WebPage\",\"@id\":\"https:\/\/dev6.erresse-shop.it\/es\/shop\/pequenos-electrodomesticos\/maquinas-de-cafe\/automatico\/jura-maquina-de-cafe-e6-platino\/\",\"url\":\"https:\/\/dev6.erresse-shop.it\/es\/shop\/pequenos-electrodomesticos\/maquinas-de-cafe\/automatico\/jura-maquina-de-cafe-e6-platino\/\",\"name\":\"JURA M\u00e1quina de caf\u00e9 E6 Platino - dev6 Erresse\",\"isPartOf\":{\"@id\":\"https:\/\/dev6.erresse-shop.it\/#website\"},\"primaryImageOfPage\":{\"@id\":\"https:\/\/dev6.erresse-shop.it\/es\/shop\/pequenos-electrodomesticos\/maquinas-de-cafe\/automatico\/jura-maquina-de-cafe-e6-platino\/#primaryimage\"},\"image\":{\"@id\":\"https:\/\/dev6.erresse-shop.it\/es\/shop\/pequenos-electrodomesticos\/maquinas-de-cafe\/automatico\/jura-maquina-de-cafe-e6-platino\/#primaryimage\"},\"thumbnailUrl\":\"https:\/\/i0.wp.com\/interpim.erresse-shop.it\/wp-content\/uploads\/2025\/03\/JURA-Macchina-Da-Caffe-E6-Platino.jpg\/jura-macchina-da-caffe-e6-platino.jpg?ssl=1\",\"datePublished\":\"2026-04-04T12:52:35+00:00\",\"description\":\"Para un capuchino perfecto con solo pulsar un bot\u00f3n y mucho m\u00e1s Capuchino con un toque magistral: Reg\u00e1late el placer insuperable del caf\u00e9 todos los d\u00edas\",\"breadcrumb\":{\"@id\":\"https:\/\/dev6.erresse-shop.it\/es\/shop\/pequenos-electrodomesticos\/maquinas-de-cafe\/automatico\/jura-maquina-de-cafe-e6-platino\/#breadcrumb\"},\"inLanguage\":\"es\",\"potentialAction\":[{\"@type\":\"ReadAction\",\"target\":[\"https:\/\/dev6.erresse-shop.it\/es\/shop\/pequenos-electrodomesticos\/maquinas-de-cafe\/automatico\/jura-maquina-de-cafe-e6-platino\/\"]}]},{\"@type\":\"ImageObject\",\"inLanguage\":\"es\",\"@id\":\"https:\/\/dev6.erresse-shop.it\/es\/shop\/pequenos-electrodomesticos\/maquinas-de-cafe\/automatico\/jura-maquina-de-cafe-e6-platino\/#primaryimage\",\"url\":\"https:\/\/i0.wp.com\/interpim.erresse-shop.it\/wp-content\/uploads\/2025\/03\/JURA-Macchina-Da-Caffe-E6-Platino.jpg\/jura-macchina-da-caffe-e6-platino.jpg?ssl=1\",\"contentUrl\":\"https:\/\/i0.wp.com\/interpim.erresse-shop.it\/wp-content\/uploads\/2025\/03\/JURA-Macchina-Da-Caffe-E6-Platino.jpg\/jura-macchina-da-caffe-e6-platino.jpg?ssl=1\"},{\"@type\":\"BreadcrumbList\",\"@id\":\"https:\/\/dev6.erresse-shop.it\/es\/shop\/pequenos-electrodomesticos\/maquinas-de-cafe\/automatico\/jura-maquina-de-cafe-e6-platino\/#breadcrumb\",\"itemListElement\":[{\"@type\":\"ListItem\",\"position\":1,\"name\":\"Home\",\"item\":\"https:\/\/dev6.erresse-shop.it\/\"},{\"@type\":\"ListItem\",\"position\":2,\"name\":\"Tienda\",\"item\":\"https:\/\/dev6.erresse-shop.it\/shop\/\"},{\"@type\":\"ListItem\",\"position\":3,\"name\":\"JURA M\u00e1quina de caf\u00e9 E6 Platino\"}]},{\"@type\":\"WebSite\",\"@id\":\"https:\/\/dev6.erresse-shop.it\/#website\",\"url\":\"https:\/\/dev6.erresse-shop.it\/\",\"name\":\"Erresse Shop\",\"description\":\"\",\"publisher\":{\"@id\":\"https:\/\/dev6.erresse-shop.it\/#organization\"},\"potentialAction\":[{\"@type\":\"SearchAction\",\"target\":{\"@type\":\"EntryPoint\",\"urlTemplate\":\"https:\/\/dev6.erresse-shop.it\/?s={search_term_string}\"},\"query-input\":{\"@type\":\"PropertyValueSpecification\",\"valueRequired\":true,\"valueName\":\"search_term_string\"}}],\"inLanguage\":\"es\"},{\"@type\":\"Organization\",\"@id\":\"https:\/\/dev6.erresse-shop.it\/#organization\",\"name\":\"Erresse Shop\",\"url\":\"https:\/\/dev6.erresse-shop.it\/\",\"logo\":{\"@type\":\"ImageObject\",\"inLanguage\":\"es\",\"@id\":\"https:\/\/dev6.erresse-shop.it\/#\/schema\/logo\/image\/\",\"url\":\"https:\/\/dev6.erresse-shop.it\/wp-content\/uploads\/2025\/01\/LOGO-ERRESSE-CLASSICO.svg\",\"contentUrl\":\"https:\/\/dev6.erresse-shop.it\/wp-content\/uploads\/2025\/01\/LOGO-ERRESSE-CLASSICO.svg\",\"caption\":\"Erresse Shop\"},\"image\":{\"@id\":\"https:\/\/dev6.erresse-shop.it\/#\/schema\/logo\/image\/\"}}]}<\/script>\n<!-- \/ Yoast SEO plugin. -->","yoast_head_json":{"title":"JURA M\u00e1quina de caf\u00e9 E6 Platino - dev6 Erresse","description":"Para un capuchino perfecto con solo pulsar un bot\u00f3n y mucho m\u00e1s Capuchino con un toque magistral: Reg\u00e1late el placer insuperable del caf\u00e9 todos los d\u00edas","robots":{"index":"noindex","follow":"follow","max-snippet":"max-snippet:-1","max-image-preview":"max-image-preview:large","max-video-preview":"max-video-preview:-1"},"og_locale":"es_ES","og_type":"article","og_title":"JURA M\u00e1quina de caf\u00e9 E6 Platino - dev6 Erresse","og_description":"Para un capuchino perfecto con solo pulsar un bot\u00f3n y mucho m\u00e1s Capuchino con un toque magistral: Reg\u00e1late el placer insuperable del caf\u00e9 todos los d\u00edas","og_url":"https:\/\/dev6.erresse-shop.it\/es\/shop\/pequenos-electrodomesticos\/maquinas-de-cafe\/automatico\/jura-maquina-de-cafe-e6-platino\/","og_site_name":"dev6 Erresse","og_image":[{"url":"https:\/\/interpim.erresse-shop.it\/wp-content\/uploads\/2025\/03\/JURA-Macchina-Da-Caffe-E6-Platino.jpg\/jura-macchina-da-caffe-e6-platino.jpg","type":"","width":"","height":""},{"url":"https:\/\/interpim.erresse-shop.it\/wp-content\/uploads\/2025\/03\/JURA-Macchina-Da-Caffe-E6-Platino.jpg\/jura-macchina-da-caffe-e6-platino.jpg","width":1024,"height":1024,"type":"image\/jpeg"}],"twitter_card":"summary_large_image","twitter_image":"https:\/\/interpim.erresse-shop.it\/wp-content\/uploads\/2025\/03\/JURA-Macchina-Da-Caffe-E6-Platino.jpg\/jura-macchina-da-caffe-e6-platino.jpg","schema":{"@context":"https:\/\/schema.org","@graph":[{"@type":"WebPage","@id":"https:\/\/dev6.erresse-shop.it\/es\/shop\/pequenos-electrodomesticos\/maquinas-de-cafe\/automatico\/jura-maquina-de-cafe-e6-platino\/","url":"https:\/\/dev6.erresse-shop.it\/es\/shop\/pequenos-electrodomesticos\/maquinas-de-cafe\/automatico\/jura-maquina-de-cafe-e6-platino\/","name":"JURA M\u00e1quina de caf\u00e9 E6 Platino - dev6 Erresse","isPartOf":{"@id":"https:\/\/dev6.erresse-shop.it\/#website"},"primaryImageOfPage":{"@id":"https:\/\/dev6.erresse-shop.it\/es\/shop\/pequenos-electrodomesticos\/maquinas-de-cafe\/automatico\/jura-maquina-de-cafe-e6-platino\/#primaryimage"},"image":{"@id":"https:\/\/dev6.erresse-shop.it\/es\/shop\/pequenos-electrodomesticos\/maquinas-de-cafe\/automatico\/jura-maquina-de-cafe-e6-platino\/#primaryimage"},"thumbnailUrl":"https:\/\/i0.wp.com\/interpim.erresse-shop.it\/wp-content\/uploads\/2025\/03\/JURA-Macchina-Da-Caffe-E6-Platino.jpg\/jura-macchina-da-caffe-e6-platino.jpg?ssl=1","datePublished":"2026-04-04T12:52:35+00:00","description":"Para un capuchino perfecto con solo pulsar un bot\u00f3n y mucho m\u00e1s Capuchino con un toque magistral: Reg\u00e1late el placer insuperable del caf\u00e9 todos los d\u00edas","breadcrumb":{"@id":"https:\/\/dev6.erresse-shop.it\/es\/shop\/pequenos-electrodomesticos\/maquinas-de-cafe\/automatico\/jura-maquina-de-cafe-e6-platino\/#breadcrumb"},"inLanguage":"es","potentialAction":[{"@type":"ReadAction","target":["https:\/\/dev6.erresse-shop.it\/es\/shop\/pequenos-electrodomesticos\/maquinas-de-cafe\/automatico\/jura-maquina-de-cafe-e6-platino\/"]}]},{"@type":"ImageObject","inLanguage":"es","@id":"https:\/\/dev6.erresse-shop.it\/es\/shop\/pequenos-electrodomesticos\/maquinas-de-cafe\/automatico\/jura-maquina-de-cafe-e6-platino\/#primaryimage","url":"https:\/\/i0.wp.com\/interpim.erresse-shop.it\/wp-content\/uploads\/2025\/03\/JURA-Macchina-Da-Caffe-E6-Platino.jpg\/jura-macchina-da-caffe-e6-platino.jpg?ssl=1","contentUrl":"https:\/\/i0.wp.com\/interpim.erresse-shop.it\/wp-content\/uploads\/2025\/03\/JURA-Macchina-Da-Caffe-E6-Platino.jpg\/jura-macchina-da-caffe-e6-platino.jpg?ssl=1"},{"@type":"BreadcrumbList","@id":"https:\/\/dev6.erresse-shop.it\/es\/shop\/pequenos-electrodomesticos\/maquinas-de-cafe\/automatico\/jura-maquina-de-cafe-e6-platino\/#breadcrumb","itemListElement":[{"@type":"ListItem","position":1,"name":"Home","item":"https:\/\/dev6.erresse-shop.it\/"},{"@type":"ListItem","position":2,"name":"Tienda","item":"https:\/\/dev6.erresse-shop.it\/shop\/"},{"@type":"ListItem","position":3,"name":"JURA M\u00e1quina de caf\u00e9 E6 Platino"}]},{"@type":"WebSite","@id":"https:\/\/dev6.erresse-shop.it\/#website","url":"https:\/\/dev6.erresse-shop.it\/","name":"Erresse Shop","description":"","publisher":{"@id":"https:\/\/dev6.erresse-shop.it\/#organization"},"potentialAction":[{"@type":"SearchAction","target":{"@type":"EntryPoint","urlTemplate":"https:\/\/dev6.erresse-shop.it\/?s={search_term_string}"},"query-input":{"@type":"PropertyValueSpecification","valueRequired":true,"valueName":"search_term_string"}}],"inLanguage":"es"},{"@type":"Organization","@id":"https:\/\/dev6.erresse-shop.it\/#organization","name":"Erresse Shop","url":"https:\/\/dev6.erresse-shop.it\/","logo":{"@type":"ImageObject","inLanguage":"es","@id":"https:\/\/dev6.erresse-shop.it\/#\/schema\/logo\/image\/","url":"https:\/\/dev6.erresse-shop.it\/wp-content\/uploads\/2025\/01\/LOGO-ERRESSE-CLASSICO.svg","contentUrl":"https:\/\/dev6.erresse-shop.it\/wp-content\/uploads\/2025\/01\/LOGO-ERRESSE-CLASSICO.svg","caption":"Erresse Shop"},"image":{"@id":"https:\/\/dev6.erresse-shop.it\/#\/schema\/logo\/image\/"}}]}},"df_price":859,"df_sale_price":859,"df_regular_price":1199,"df_image_link":"https:\/\/i0.wp.com\/interpim.erresse-shop.it\/wp-content\/uploads\/2025\/03\/JURA-Macchina-Da-Caffe-E6-Platino.jpg\/jura-macchina-da-caffe-e6-platino.jpg?resize=300,300&ssl=1","fifu_image_url":"https:\/\/interpim.erresse-shop.it\/wp-content\/uploads\/2025\/03\/JURA-Macchina-Da-Caffe-E6-Platino.jpg\/jura-macchina-da-caffe-e6-platino.jpg","_links":{"self":[{"href":"https:\/\/dev6.erresse-shop.it\/es\/wp-json\/wp\/v2\/product\/2311559","targetHints":{"allow":["GET"]}}],"collection":[{"href":"https:\/\/dev6.erresse-shop.it\/es\/wp-json\/wp\/v2\/product"}],"about":[{"href":"https:\/\/dev6.erresse-shop.it\/es\/wp-json\/wp\/v2\/types\/product"}],"wp:featuredmedia":[{"embeddable":true,"href":"https:\/\/dev6.erresse-shop.it\/es\/wp-json\/wp\/v2\/media\/6298370"}],"wp:attachment":[{"href":"https:\/\/dev6.erresse-shop.it\/es\/wp-json\/wp\/v2\/media?parent=2311559"}],"wp:term":[{"taxonomy":"product_cat","embeddable":true,"href":"https:\/\/dev6.erresse-shop.it\/es\/wp-json\/wp\/v2\/product_cat?post=2311559"},{"taxonomy":"product_tag","embeddable":true,"href":"https:\/\/dev6.erresse-shop.it\/es\/wp-json\/wp\/v2\/product_tag?post=2311559"}],"curies":[{"name":"wp","href":"https:\/\/api.w.org\/{rel}","templated":true}]}}