{"id":2311429,"date":"2026-04-12T14:46:47","date_gmt":"2026-04-12T12:46:47","guid":{"rendered":"https:\/\/dev6.erresse-shop.it\/shop\/sin%20categor\u00eda\/villeroy-boch-fleur-set-de-6-platos-27-cm-rosa\/"},"modified":"2025-07-05T02:48:22","modified_gmt":"2025-07-05T00:48:22","slug":"villeroy-boch-fleur-set-de-6-platos-27-cm-rosa","status":"publish","type":"product","link":"https:\/\/dev6.erresse-shop.it\/es\/shop\/tabla\/platos\/villeroy-boch-fleur-set-de-6-platos-27-cm-rosa\/","title":{"rendered":"VILLEROY &#038; BOCH Fleur Set de 6 platos 27 cm Rosa"},"content":{"rendered":"<p class=\"p1\">Set de Platos Llanos<\/p>\n<p>Con sus dimensiones de 26,6 cm x 26,6 cm, este plato es ideal para servir platos exquisitos.<br \/>\nVers\u00e1til: El plato llano es ideal para un abundante brunch dominical.<br \/>\nDale un toque creativo a tu d\u00eda a d\u00eda: Sus bonitos art\u00edculos se pueden combinar a la perfecci\u00f3n y ofrecen variedad.<br \/>\nCalidad aut\u00e9ntica: El plato llano de porcelana premium es muy duradero y robusto.<br \/>\nUna interpretaci\u00f3n moderna de la flor: Motivos cl\u00e1sicos se combinan con frescos patrones gr\u00e1ficos y colores vibrantes.<br \/>\nF\u00e1cil de usar: El tiempo de uso ya no es un problema, ya que el plato llano es apto para lavavajillas. Tambi\u00e9n se puede calentar en el microondas.<\/p>\n<p>Material: Porcelana Premium<br \/>\nApto para lavavajillas: s\u00ed<br \/>\nApto para microondas: s\u00ed<\/p>\n<p>Dimensiones:<\/p>\n<p>Di\u00e1metro: 266 mm<br \/>\nAltura: 26 mm<br \/>\nPeso: 699 g<\/p>\n","protected":false},"excerpt":{"rendered":"<p>Set de Platos Llanos Con sus dimensiones de 26,6 cm x 26,6 cm, este plato es ideal para servir platos exquisitos. Vers\u00e1til: El plato llano es ideal para un abundante brunch dominical. Dale un toque creativo a tu d\u00eda a d\u00eda: Sus bonitos art\u00edculos se pueden combinar a la perfecci\u00f3n y ofrecen variedad. Calidad aut\u00e9ntica: [&hellip;]<\/p>\n","protected":false},"featured_media":6381245,"template":"","meta":{"_acf_changed":false},"product_cat":[11906,11887],"product_tag":[],"class_list":{"0":"post-2311429","1":"product","2":"type-product","3":"status-publish","4":"has-post-thumbnail","6":"product_cat-platos","7":"product_cat-tabla","9":"first","10":"instock","11":"taxable","12":"shipping-taxable","13":"product-type-simple","swatches":"rey-swatches","show_selected":"","stretch_labels":"rey-swatches--stretch-labels"},"acf":[],"yoast_head":"<!-- This site is optimized with the Yoast SEO plugin v25.4 - https:\/\/yoast.com\/wordpress\/plugins\/seo\/ -->\n<title>VILLEROY &#038; BOCH Fleur Set de 6 platos 27 cm Rosa - dev6 Erresse<\/title>\n<meta name=\"description\" content=\"Set de Platos Llanos Con sus dimensiones de 26,6 cm x 26,6 cm, este plato es ideal para servir platos exquisitos. Vers\u00e1til: El plato llano es ideal para\" \/>\n<meta name=\"robots\" content=\"noindex, follow, max-snippet:-1, max-image-preview:large, max-video-preview:-1\" \/>\n<meta property=\"og:locale\" content=\"es_ES\" \/>\n<meta property=\"og:type\" content=\"article\" \/>\n<meta property=\"og:title\" content=\"VILLEROY &#038; BOCH Fleur Set de 6 platos 27 cm Rosa - dev6 Erresse\" \/>\n<meta property=\"og:description\" content=\"Set de Platos Llanos Con sus dimensiones de 26,6 cm x 26,6 cm, este plato es ideal para servir platos exquisitos. Vers\u00e1til: El plato llano es ideal para\" \/>\n<meta property=\"og:url\" content=\"https:\/\/dev6.erresse-shop.it\/es\/shop\/tabla\/platos\/villeroy-boch-fleur-set-de-6-platos-27-cm-rosa\/\" \/>\n<meta property=\"og:site_name\" content=\"dev6 Erresse\" \/>\n<meta property=\"og:image\" content=\"https:\/\/interpim.erresse-shop.it\/wp-content\/uploads\/2025\/04\/VILLEROY-BOCH-Fleur-Set-6-Piatti-Piani-27-cm-Rosa.jpg\/villeroy-boch-fleur-set-6-piatti-piani-27-cm-rosa.jpg\" \/><meta property=\"og:image\" content=\"https:\/\/interpim.erresse-shop.it\/wp-content\/uploads\/2025\/04\/VILLEROY-BOCH-Fleur-Set-6-Piatti-Piani-27-cm-Rosa.jpg\/villeroy-boch-fleur-set-6-piatti-piani-27-cm-rosa.jpg\" \/>\n\t<meta property=\"og:image:width\" content=\"1024\" \/>\n\t<meta property=\"og:image:height\" content=\"1024\" \/>\n\t<meta property=\"og:image:type\" content=\"image\/jpeg\" \/>\n<meta name=\"twitter:card\" content=\"summary_large_image\" \/>\n<meta name=\"twitter:image\" content=\"https:\/\/interpim.erresse-shop.it\/wp-content\/uploads\/2025\/04\/VILLEROY-BOCH-Fleur-Set-6-Piatti-Piani-27-cm-Rosa.jpg\/villeroy-boch-fleur-set-6-piatti-piani-27-cm-rosa.jpg\" \/>\n<script type=\"application\/ld+json\" class=\"yoast-schema-graph\">{\"@context\":\"https:\/\/schema.org\",\"@graph\":[{\"@type\":\"WebPage\",\"@id\":\"https:\/\/dev6.erresse-shop.it\/es\/shop\/tabla\/platos\/villeroy-boch-fleur-set-de-6-platos-27-cm-rosa\/\",\"url\":\"https:\/\/dev6.erresse-shop.it\/es\/shop\/tabla\/platos\/villeroy-boch-fleur-set-de-6-platos-27-cm-rosa\/\",\"name\":\"VILLEROY &#038; BOCH Fleur Set de 6 platos 27 cm Rosa - dev6 Erresse\",\"isPartOf\":{\"@id\":\"https:\/\/dev6.erresse-shop.it\/#website\"},\"primaryImageOfPage\":{\"@id\":\"https:\/\/dev6.erresse-shop.it\/es\/shop\/tabla\/platos\/villeroy-boch-fleur-set-de-6-platos-27-cm-rosa\/#primaryimage\"},\"image\":{\"@id\":\"https:\/\/dev6.erresse-shop.it\/es\/shop\/tabla\/platos\/villeroy-boch-fleur-set-de-6-platos-27-cm-rosa\/#primaryimage\"},\"thumbnailUrl\":\"https:\/\/i0.wp.com\/interpim.erresse-shop.it\/wp-content\/uploads\/2025\/04\/VILLEROY-BOCH-Fleur-Set-6-Piatti-Piani-27-cm-Rosa.jpg\/villeroy-boch-fleur-set-6-piatti-piani-27-cm-rosa.jpg?ssl=1\",\"datePublished\":\"2026-04-12T12:46:47+00:00\",\"description\":\"Set de Platos Llanos Con sus dimensiones de 26,6 cm x 26,6 cm, este plato es ideal para servir platos exquisitos. Vers\u00e1til: El plato llano es ideal para\",\"breadcrumb\":{\"@id\":\"https:\/\/dev6.erresse-shop.it\/es\/shop\/tabla\/platos\/villeroy-boch-fleur-set-de-6-platos-27-cm-rosa\/#breadcrumb\"},\"inLanguage\":\"es\",\"potentialAction\":[{\"@type\":\"ReadAction\",\"target\":[\"https:\/\/dev6.erresse-shop.it\/es\/shop\/tabla\/platos\/villeroy-boch-fleur-set-de-6-platos-27-cm-rosa\/\"]}]},{\"@type\":\"ImageObject\",\"inLanguage\":\"es\",\"@id\":\"https:\/\/dev6.erresse-shop.it\/es\/shop\/tabla\/platos\/villeroy-boch-fleur-set-de-6-platos-27-cm-rosa\/#primaryimage\",\"url\":\"https:\/\/i0.wp.com\/interpim.erresse-shop.it\/wp-content\/uploads\/2025\/04\/VILLEROY-BOCH-Fleur-Set-6-Piatti-Piani-27-cm-Rosa.jpg\/villeroy-boch-fleur-set-6-piatti-piani-27-cm-rosa.jpg?ssl=1\",\"contentUrl\":\"https:\/\/i0.wp.com\/interpim.erresse-shop.it\/wp-content\/uploads\/2025\/04\/VILLEROY-BOCH-Fleur-Set-6-Piatti-Piani-27-cm-Rosa.jpg\/villeroy-boch-fleur-set-6-piatti-piani-27-cm-rosa.jpg?ssl=1\"},{\"@type\":\"BreadcrumbList\",\"@id\":\"https:\/\/dev6.erresse-shop.it\/es\/shop\/tabla\/platos\/villeroy-boch-fleur-set-de-6-platos-27-cm-rosa\/#breadcrumb\",\"itemListElement\":[{\"@type\":\"ListItem\",\"position\":1,\"name\":\"Home\",\"item\":\"https:\/\/dev6.erresse-shop.it\/\"},{\"@type\":\"ListItem\",\"position\":2,\"name\":\"Tienda\",\"item\":\"https:\/\/dev6.erresse-shop.it\/shop\/\"},{\"@type\":\"ListItem\",\"position\":3,\"name\":\"VILLEROY &#038; BOCH Fleur Set de 6 platos 27 cm Rosa\"}]},{\"@type\":\"WebSite\",\"@id\":\"https:\/\/dev6.erresse-shop.it\/#website\",\"url\":\"https:\/\/dev6.erresse-shop.it\/\",\"name\":\"Erresse Shop\",\"description\":\"\",\"publisher\":{\"@id\":\"https:\/\/dev6.erresse-shop.it\/#organization\"},\"potentialAction\":[{\"@type\":\"SearchAction\",\"target\":{\"@type\":\"EntryPoint\",\"urlTemplate\":\"https:\/\/dev6.erresse-shop.it\/?s={search_term_string}\"},\"query-input\":{\"@type\":\"PropertyValueSpecification\",\"valueRequired\":true,\"valueName\":\"search_term_string\"}}],\"inLanguage\":\"es\"},{\"@type\":\"Organization\",\"@id\":\"https:\/\/dev6.erresse-shop.it\/#organization\",\"name\":\"Erresse Shop\",\"url\":\"https:\/\/dev6.erresse-shop.it\/\",\"logo\":{\"@type\":\"ImageObject\",\"inLanguage\":\"es\",\"@id\":\"https:\/\/dev6.erresse-shop.it\/#\/schema\/logo\/image\/\",\"url\":\"https:\/\/dev6.erresse-shop.it\/wp-content\/uploads\/2025\/01\/LOGO-ERRESSE-CLASSICO.svg\",\"contentUrl\":\"https:\/\/dev6.erresse-shop.it\/wp-content\/uploads\/2025\/01\/LOGO-ERRESSE-CLASSICO.svg\",\"caption\":\"Erresse Shop\"},\"image\":{\"@id\":\"https:\/\/dev6.erresse-shop.it\/#\/schema\/logo\/image\/\"}}]}<\/script>\n<!-- \/ Yoast SEO plugin. -->","yoast_head_json":{"title":"VILLEROY &#038; BOCH Fleur Set de 6 platos 27 cm Rosa - dev6 Erresse","description":"Set de Platos Llanos Con sus dimensiones de 26,6 cm x 26,6 cm, este plato es ideal para servir platos exquisitos. Vers\u00e1til: El plato llano es ideal para","robots":{"index":"noindex","follow":"follow","max-snippet":"max-snippet:-1","max-image-preview":"max-image-preview:large","max-video-preview":"max-video-preview:-1"},"og_locale":"es_ES","og_type":"article","og_title":"VILLEROY &#038; BOCH Fleur Set de 6 platos 27 cm Rosa - dev6 Erresse","og_description":"Set de Platos Llanos Con sus dimensiones de 26,6 cm x 26,6 cm, este plato es ideal para servir platos exquisitos. Vers\u00e1til: El plato llano es ideal para","og_url":"https:\/\/dev6.erresse-shop.it\/es\/shop\/tabla\/platos\/villeroy-boch-fleur-set-de-6-platos-27-cm-rosa\/","og_site_name":"dev6 Erresse","og_image":[{"url":"https:\/\/interpim.erresse-shop.it\/wp-content\/uploads\/2025\/04\/VILLEROY-BOCH-Fleur-Set-6-Piatti-Piani-27-cm-Rosa.jpg\/villeroy-boch-fleur-set-6-piatti-piani-27-cm-rosa.jpg","type":"","width":"","height":""},{"url":"https:\/\/interpim.erresse-shop.it\/wp-content\/uploads\/2025\/04\/VILLEROY-BOCH-Fleur-Set-6-Piatti-Piani-27-cm-Rosa.jpg\/villeroy-boch-fleur-set-6-piatti-piani-27-cm-rosa.jpg","width":1024,"height":1024,"type":"image\/jpeg"}],"twitter_card":"summary_large_image","twitter_image":"https:\/\/interpim.erresse-shop.it\/wp-content\/uploads\/2025\/04\/VILLEROY-BOCH-Fleur-Set-6-Piatti-Piani-27-cm-Rosa.jpg\/villeroy-boch-fleur-set-6-piatti-piani-27-cm-rosa.jpg","schema":{"@context":"https:\/\/schema.org","@graph":[{"@type":"WebPage","@id":"https:\/\/dev6.erresse-shop.it\/es\/shop\/tabla\/platos\/villeroy-boch-fleur-set-de-6-platos-27-cm-rosa\/","url":"https:\/\/dev6.erresse-shop.it\/es\/shop\/tabla\/platos\/villeroy-boch-fleur-set-de-6-platos-27-cm-rosa\/","name":"VILLEROY &#038; BOCH Fleur Set de 6 platos 27 cm Rosa - dev6 Erresse","isPartOf":{"@id":"https:\/\/dev6.erresse-shop.it\/#website"},"primaryImageOfPage":{"@id":"https:\/\/dev6.erresse-shop.it\/es\/shop\/tabla\/platos\/villeroy-boch-fleur-set-de-6-platos-27-cm-rosa\/#primaryimage"},"image":{"@id":"https:\/\/dev6.erresse-shop.it\/es\/shop\/tabla\/platos\/villeroy-boch-fleur-set-de-6-platos-27-cm-rosa\/#primaryimage"},"thumbnailUrl":"https:\/\/i0.wp.com\/interpim.erresse-shop.it\/wp-content\/uploads\/2025\/04\/VILLEROY-BOCH-Fleur-Set-6-Piatti-Piani-27-cm-Rosa.jpg\/villeroy-boch-fleur-set-6-piatti-piani-27-cm-rosa.jpg?ssl=1","datePublished":"2026-04-12T12:46:47+00:00","description":"Set de Platos Llanos Con sus dimensiones de 26,6 cm x 26,6 cm, este plato es ideal para servir platos exquisitos. Vers\u00e1til: El plato llano es ideal para","breadcrumb":{"@id":"https:\/\/dev6.erresse-shop.it\/es\/shop\/tabla\/platos\/villeroy-boch-fleur-set-de-6-platos-27-cm-rosa\/#breadcrumb"},"inLanguage":"es","potentialAction":[{"@type":"ReadAction","target":["https:\/\/dev6.erresse-shop.it\/es\/shop\/tabla\/platos\/villeroy-boch-fleur-set-de-6-platos-27-cm-rosa\/"]}]},{"@type":"ImageObject","inLanguage":"es","@id":"https:\/\/dev6.erresse-shop.it\/es\/shop\/tabla\/platos\/villeroy-boch-fleur-set-de-6-platos-27-cm-rosa\/#primaryimage","url":"https:\/\/i0.wp.com\/interpim.erresse-shop.it\/wp-content\/uploads\/2025\/04\/VILLEROY-BOCH-Fleur-Set-6-Piatti-Piani-27-cm-Rosa.jpg\/villeroy-boch-fleur-set-6-piatti-piani-27-cm-rosa.jpg?ssl=1","contentUrl":"https:\/\/i0.wp.com\/interpim.erresse-shop.it\/wp-content\/uploads\/2025\/04\/VILLEROY-BOCH-Fleur-Set-6-Piatti-Piani-27-cm-Rosa.jpg\/villeroy-boch-fleur-set-6-piatti-piani-27-cm-rosa.jpg?ssl=1"},{"@type":"BreadcrumbList","@id":"https:\/\/dev6.erresse-shop.it\/es\/shop\/tabla\/platos\/villeroy-boch-fleur-set-de-6-platos-27-cm-rosa\/#breadcrumb","itemListElement":[{"@type":"ListItem","position":1,"name":"Home","item":"https:\/\/dev6.erresse-shop.it\/"},{"@type":"ListItem","position":2,"name":"Tienda","item":"https:\/\/dev6.erresse-shop.it\/shop\/"},{"@type":"ListItem","position":3,"name":"VILLEROY &#038; BOCH Fleur Set de 6 platos 27 cm Rosa"}]},{"@type":"WebSite","@id":"https:\/\/dev6.erresse-shop.it\/#website","url":"https:\/\/dev6.erresse-shop.it\/","name":"Erresse Shop","description":"","publisher":{"@id":"https:\/\/dev6.erresse-shop.it\/#organization"},"potentialAction":[{"@type":"SearchAction","target":{"@type":"EntryPoint","urlTemplate":"https:\/\/dev6.erresse-shop.it\/?s={search_term_string}"},"query-input":{"@type":"PropertyValueSpecification","valueRequired":true,"valueName":"search_term_string"}}],"inLanguage":"es"},{"@type":"Organization","@id":"https:\/\/dev6.erresse-shop.it\/#organization","name":"Erresse Shop","url":"https:\/\/dev6.erresse-shop.it\/","logo":{"@type":"ImageObject","inLanguage":"es","@id":"https:\/\/dev6.erresse-shop.it\/#\/schema\/logo\/image\/","url":"https:\/\/dev6.erresse-shop.it\/wp-content\/uploads\/2025\/01\/LOGO-ERRESSE-CLASSICO.svg","contentUrl":"https:\/\/dev6.erresse-shop.it\/wp-content\/uploads\/2025\/01\/LOGO-ERRESSE-CLASSICO.svg","caption":"Erresse Shop"},"image":{"@id":"https:\/\/dev6.erresse-shop.it\/#\/schema\/logo\/image\/"}}]}},"df_price":"","df_sale_price":"","df_regular_price":"","df_image_link":"https:\/\/i0.wp.com\/interpim.erresse-shop.it\/wp-content\/uploads\/2025\/04\/VILLEROY-BOCH-Fleur-Set-6-Piatti-Piani-27-cm-Rosa.jpg\/villeroy-boch-fleur-set-6-piatti-piani-27-cm-rosa.jpg?resize=300,300&ssl=1","fifu_image_url":"https:\/\/interpim.erresse-shop.it\/wp-content\/uploads\/2025\/04\/VILLEROY-BOCH-Fleur-Set-6-Piatti-Piani-27-cm-Rosa.jpg\/villeroy-boch-fleur-set-6-piatti-piani-27-cm-rosa.jpg","_links":{"self":[{"href":"https:\/\/dev6.erresse-shop.it\/es\/wp-json\/wp\/v2\/product\/2311429","targetHints":{"allow":["GET"]}}],"collection":[{"href":"https:\/\/dev6.erresse-shop.it\/es\/wp-json\/wp\/v2\/product"}],"about":[{"href":"https:\/\/dev6.erresse-shop.it\/es\/wp-json\/wp\/v2\/types\/product"}],"wp:featuredmedia":[{"embeddable":true,"href":"https:\/\/dev6.erresse-shop.it\/es\/wp-json\/wp\/v2\/media\/6381245"}],"wp:attachment":[{"href":"https:\/\/dev6.erresse-shop.it\/es\/wp-json\/wp\/v2\/media?parent=2311429"}],"wp:term":[{"taxonomy":"product_cat","embeddable":true,"href":"https:\/\/dev6.erresse-shop.it\/es\/wp-json\/wp\/v2\/product_cat?post=2311429"},{"taxonomy":"product_tag","embeddable":true,"href":"https:\/\/dev6.erresse-shop.it\/es\/wp-json\/wp\/v2\/product_tag?post=2311429"}],"curies":[{"name":"wp","href":"https:\/\/api.w.org\/{rel}","templated":true}]}}