{"id":2311421,"date":"2026-04-10T15:22:36","date_gmt":"2026-04-10T13:22:36","guid":{"rendered":"https:\/\/dev6.erresse-shop.it\/shop\/sin%20categor\u00eda\/villeroy-boch-fleur-set-de-6-platillos-para-taza-de-espresso-rosa\/"},"modified":"2025-07-05T02:47:55","modified_gmt":"2025-07-05T00:47:55","slug":"villeroy-boch-fleur-set-de-6-platillos-para-taza-de-espresso-rosa","status":"publish","type":"product","link":"https:\/\/dev6.erresse-shop.it\/es\/shop\/tabla\/tazas\/villeroy-boch-fleur-set-de-6-platillos-para-taza-de-espresso-rosa\/","title":{"rendered":"VILLEROY &#038; BOCH Fleur Set de 6 platillos para taza de espresso Rosa"},"content":{"rendered":"<p class=\"p1\">Set de Platillos para Tazas de Espresso<\/p>\n<p>Pr\u00e1ctico plato para tazas de espresso que recoge con elegancia las migas y las gotas<br \/>\nComb\u00ednalo y crea ideas creativas para cada d\u00eda: La colecci\u00f3n te invita a crear algo nuevo cada d\u00eda.<br \/>\nCalidad aut\u00e9ntica: El plato para tazas de espresso es duradero y robusto<br \/>\nLa belleza natural de la flor, reinventada: Colores frescos y formas modernas que hacen que los elementos tradicionales brillen con un esplendor contempor\u00e1neo<br \/>\nF\u00e1cil de usar: El plato para tazas de espresso es apto tanto para lavavajillas como para microondas<\/p>\n<p>Material: Porcelana de primera calidad<br \/>\nApto para lavavajillas: s\u00ed<br \/>\nApto para microondas: s\u00ed<\/p>\n<p>Dimensiones:<\/p>\n<p>Di\u00e1metro: 117 mm<br \/>\nAltura: 20 mm<br \/>\nPeso: 115 g<\/p>\n","protected":false},"excerpt":{"rendered":"<p>Set de Platillos para Tazas de Espresso Pr\u00e1ctico plato para tazas de espresso que recoge con elegancia las migas y las gotas Comb\u00ednalo y crea ideas creativas para cada d\u00eda: La colecci\u00f3n te invita a crear algo nuevo cada d\u00eda. Calidad aut\u00e9ntica: El plato para tazas de espresso es duradero y robusto La belleza natural [&hellip;]<\/p>\n","protected":false},"featured_media":6339594,"template":"","meta":{"_acf_changed":false},"product_cat":[11887,11905],"product_tag":[],"class_list":{"0":"post-2311421","1":"product","2":"type-product","3":"status-publish","4":"has-post-thumbnail","6":"product_cat-tabla","7":"product_cat-tazas","9":"first","10":"instock","11":"taxable","12":"shipping-taxable","13":"product-type-simple","swatches":"rey-swatches","show_selected":"","stretch_labels":"rey-swatches--stretch-labels"},"acf":[],"yoast_head":"<!-- This site is optimized with the Yoast SEO plugin v25.4 - https:\/\/yoast.com\/wordpress\/plugins\/seo\/ -->\n<title>VILLEROY &#038; BOCH Fleur Set de 6 platillos para taza de espresso Rosa - dev6 Erresse<\/title>\n<meta name=\"description\" content=\"Set de Platillos para Tazas de Espresso Pr\u00e1ctico plato para tazas de espresso que recoge con elegancia las migas y las gotas Comb\u00ednalo y crea ideas\" \/>\n<meta name=\"robots\" content=\"noindex, follow, max-snippet:-1, max-image-preview:large, max-video-preview:-1\" \/>\n<meta property=\"og:locale\" content=\"es_ES\" \/>\n<meta property=\"og:type\" content=\"article\" \/>\n<meta property=\"og:title\" content=\"VILLEROY &#038; BOCH Fleur Set de 6 platillos para taza de espresso Rosa - dev6 Erresse\" \/>\n<meta property=\"og:description\" content=\"Set de Platillos para Tazas de Espresso Pr\u00e1ctico plato para tazas de espresso que recoge con elegancia las migas y las gotas Comb\u00ednalo y crea ideas\" \/>\n<meta property=\"og:url\" content=\"https:\/\/dev6.erresse-shop.it\/es\/shop\/tabla\/tazas\/villeroy-boch-fleur-set-de-6-platillos-para-taza-de-espresso-rosa\/\" \/>\n<meta property=\"og:site_name\" content=\"dev6 Erresse\" \/>\n<meta property=\"og:image\" content=\"https:\/\/interpim.erresse-shop.it\/wp-content\/uploads\/2025\/04\/VILLEROY-BOCH-Fleur-Set-6-Piattini-per-Tazzine-da-Caffe-Rosa.jpg\/villeroy-boch-fleur-set-6-piattini-per-tazzine-da-caffe-rosa.jpg\" \/><meta property=\"og:image\" content=\"https:\/\/interpim.erresse-shop.it\/wp-content\/uploads\/2025\/04\/VILLEROY-BOCH-Fleur-Set-6-Piattini-per-Tazzine-da-Caffe-Rosa.jpg\/villeroy-boch-fleur-set-6-piattini-per-tazzine-da-caffe-rosa.jpg\" \/>\n\t<meta property=\"og:image:width\" content=\"1024\" \/>\n\t<meta property=\"og:image:height\" content=\"1024\" \/>\n\t<meta property=\"og:image:type\" content=\"image\/jpeg\" \/>\n<meta name=\"twitter:card\" content=\"summary_large_image\" \/>\n<meta name=\"twitter:image\" content=\"https:\/\/interpim.erresse-shop.it\/wp-content\/uploads\/2025\/04\/VILLEROY-BOCH-Fleur-Set-6-Piattini-per-Tazzine-da-Caffe-Rosa.jpg\/villeroy-boch-fleur-set-6-piattini-per-tazzine-da-caffe-rosa.jpg\" \/>\n<script type=\"application\/ld+json\" class=\"yoast-schema-graph\">{\"@context\":\"https:\/\/schema.org\",\"@graph\":[{\"@type\":\"WebPage\",\"@id\":\"https:\/\/dev6.erresse-shop.it\/es\/shop\/tabla\/tazas\/villeroy-boch-fleur-set-de-6-platillos-para-taza-de-espresso-rosa\/\",\"url\":\"https:\/\/dev6.erresse-shop.it\/es\/shop\/tabla\/tazas\/villeroy-boch-fleur-set-de-6-platillos-para-taza-de-espresso-rosa\/\",\"name\":\"VILLEROY &#038; BOCH Fleur Set de 6 platillos para taza de espresso Rosa - dev6 Erresse\",\"isPartOf\":{\"@id\":\"https:\/\/dev6.erresse-shop.it\/#website\"},\"primaryImageOfPage\":{\"@id\":\"https:\/\/dev6.erresse-shop.it\/es\/shop\/tabla\/tazas\/villeroy-boch-fleur-set-de-6-platillos-para-taza-de-espresso-rosa\/#primaryimage\"},\"image\":{\"@id\":\"https:\/\/dev6.erresse-shop.it\/es\/shop\/tabla\/tazas\/villeroy-boch-fleur-set-de-6-platillos-para-taza-de-espresso-rosa\/#primaryimage\"},\"thumbnailUrl\":\"https:\/\/i2.wp.com\/interpim.erresse-shop.it\/wp-content\/uploads\/2025\/04\/VILLEROY-BOCH-Fleur-Set-6-Piattini-per-Tazzine-da-Caffe-Rosa.jpg\/villeroy-boch-fleur-set-6-piattini-per-tazzine-da-caffe-rosa.jpg?ssl=1\",\"datePublished\":\"2026-04-10T13:22:36+00:00\",\"description\":\"Set de Platillos para Tazas de Espresso Pr\u00e1ctico plato para tazas de espresso que recoge con elegancia las migas y las gotas Comb\u00ednalo y crea ideas\",\"breadcrumb\":{\"@id\":\"https:\/\/dev6.erresse-shop.it\/es\/shop\/tabla\/tazas\/villeroy-boch-fleur-set-de-6-platillos-para-taza-de-espresso-rosa\/#breadcrumb\"},\"inLanguage\":\"es\",\"potentialAction\":[{\"@type\":\"ReadAction\",\"target\":[\"https:\/\/dev6.erresse-shop.it\/es\/shop\/tabla\/tazas\/villeroy-boch-fleur-set-de-6-platillos-para-taza-de-espresso-rosa\/\"]}]},{\"@type\":\"ImageObject\",\"inLanguage\":\"es\",\"@id\":\"https:\/\/dev6.erresse-shop.it\/es\/shop\/tabla\/tazas\/villeroy-boch-fleur-set-de-6-platillos-para-taza-de-espresso-rosa\/#primaryimage\",\"url\":\"https:\/\/i2.wp.com\/interpim.erresse-shop.it\/wp-content\/uploads\/2025\/04\/VILLEROY-BOCH-Fleur-Set-6-Piattini-per-Tazzine-da-Caffe-Rosa.jpg\/villeroy-boch-fleur-set-6-piattini-per-tazzine-da-caffe-rosa.jpg?ssl=1\",\"contentUrl\":\"https:\/\/i2.wp.com\/interpim.erresse-shop.it\/wp-content\/uploads\/2025\/04\/VILLEROY-BOCH-Fleur-Set-6-Piattini-per-Tazzine-da-Caffe-Rosa.jpg\/villeroy-boch-fleur-set-6-piattini-per-tazzine-da-caffe-rosa.jpg?ssl=1\"},{\"@type\":\"BreadcrumbList\",\"@id\":\"https:\/\/dev6.erresse-shop.it\/es\/shop\/tabla\/tazas\/villeroy-boch-fleur-set-de-6-platillos-para-taza-de-espresso-rosa\/#breadcrumb\",\"itemListElement\":[{\"@type\":\"ListItem\",\"position\":1,\"name\":\"Home\",\"item\":\"https:\/\/dev6.erresse-shop.it\/\"},{\"@type\":\"ListItem\",\"position\":2,\"name\":\"Tienda\",\"item\":\"https:\/\/dev6.erresse-shop.it\/shop\/\"},{\"@type\":\"ListItem\",\"position\":3,\"name\":\"VILLEROY &#038; BOCH Fleur Set de 6 platillos para taza de espresso Rosa\"}]},{\"@type\":\"WebSite\",\"@id\":\"https:\/\/dev6.erresse-shop.it\/#website\",\"url\":\"https:\/\/dev6.erresse-shop.it\/\",\"name\":\"Erresse Shop\",\"description\":\"\",\"publisher\":{\"@id\":\"https:\/\/dev6.erresse-shop.it\/#organization\"},\"potentialAction\":[{\"@type\":\"SearchAction\",\"target\":{\"@type\":\"EntryPoint\",\"urlTemplate\":\"https:\/\/dev6.erresse-shop.it\/?s={search_term_string}\"},\"query-input\":{\"@type\":\"PropertyValueSpecification\",\"valueRequired\":true,\"valueName\":\"search_term_string\"}}],\"inLanguage\":\"es\"},{\"@type\":\"Organization\",\"@id\":\"https:\/\/dev6.erresse-shop.it\/#organization\",\"name\":\"Erresse Shop\",\"url\":\"https:\/\/dev6.erresse-shop.it\/\",\"logo\":{\"@type\":\"ImageObject\",\"inLanguage\":\"es\",\"@id\":\"https:\/\/dev6.erresse-shop.it\/#\/schema\/logo\/image\/\",\"url\":\"https:\/\/dev6.erresse-shop.it\/wp-content\/uploads\/2025\/01\/LOGO-ERRESSE-CLASSICO.svg\",\"contentUrl\":\"https:\/\/dev6.erresse-shop.it\/wp-content\/uploads\/2025\/01\/LOGO-ERRESSE-CLASSICO.svg\",\"caption\":\"Erresse Shop\"},\"image\":{\"@id\":\"https:\/\/dev6.erresse-shop.it\/#\/schema\/logo\/image\/\"}}]}<\/script>\n<!-- \/ Yoast SEO plugin. -->","yoast_head_json":{"title":"VILLEROY &#038; BOCH Fleur Set de 6 platillos para taza de espresso Rosa - dev6 Erresse","description":"Set de Platillos para Tazas de Espresso Pr\u00e1ctico plato para tazas de espresso que recoge con elegancia las migas y las gotas Comb\u00ednalo y crea ideas","robots":{"index":"noindex","follow":"follow","max-snippet":"max-snippet:-1","max-image-preview":"max-image-preview:large","max-video-preview":"max-video-preview:-1"},"og_locale":"es_ES","og_type":"article","og_title":"VILLEROY &#038; BOCH Fleur Set de 6 platillos para taza de espresso Rosa - dev6 Erresse","og_description":"Set de Platillos para Tazas de Espresso Pr\u00e1ctico plato para tazas de espresso que recoge con elegancia las migas y las gotas Comb\u00ednalo y crea ideas","og_url":"https:\/\/dev6.erresse-shop.it\/es\/shop\/tabla\/tazas\/villeroy-boch-fleur-set-de-6-platillos-para-taza-de-espresso-rosa\/","og_site_name":"dev6 Erresse","og_image":[{"url":"https:\/\/interpim.erresse-shop.it\/wp-content\/uploads\/2025\/04\/VILLEROY-BOCH-Fleur-Set-6-Piattini-per-Tazzine-da-Caffe-Rosa.jpg\/villeroy-boch-fleur-set-6-piattini-per-tazzine-da-caffe-rosa.jpg","type":"","width":"","height":""},{"url":"https:\/\/interpim.erresse-shop.it\/wp-content\/uploads\/2025\/04\/VILLEROY-BOCH-Fleur-Set-6-Piattini-per-Tazzine-da-Caffe-Rosa.jpg\/villeroy-boch-fleur-set-6-piattini-per-tazzine-da-caffe-rosa.jpg","width":1024,"height":1024,"type":"image\/jpeg"}],"twitter_card":"summary_large_image","twitter_image":"https:\/\/interpim.erresse-shop.it\/wp-content\/uploads\/2025\/04\/VILLEROY-BOCH-Fleur-Set-6-Piattini-per-Tazzine-da-Caffe-Rosa.jpg\/villeroy-boch-fleur-set-6-piattini-per-tazzine-da-caffe-rosa.jpg","schema":{"@context":"https:\/\/schema.org","@graph":[{"@type":"WebPage","@id":"https:\/\/dev6.erresse-shop.it\/es\/shop\/tabla\/tazas\/villeroy-boch-fleur-set-de-6-platillos-para-taza-de-espresso-rosa\/","url":"https:\/\/dev6.erresse-shop.it\/es\/shop\/tabla\/tazas\/villeroy-boch-fleur-set-de-6-platillos-para-taza-de-espresso-rosa\/","name":"VILLEROY &#038; BOCH Fleur Set de 6 platillos para taza de espresso Rosa - dev6 Erresse","isPartOf":{"@id":"https:\/\/dev6.erresse-shop.it\/#website"},"primaryImageOfPage":{"@id":"https:\/\/dev6.erresse-shop.it\/es\/shop\/tabla\/tazas\/villeroy-boch-fleur-set-de-6-platillos-para-taza-de-espresso-rosa\/#primaryimage"},"image":{"@id":"https:\/\/dev6.erresse-shop.it\/es\/shop\/tabla\/tazas\/villeroy-boch-fleur-set-de-6-platillos-para-taza-de-espresso-rosa\/#primaryimage"},"thumbnailUrl":"https:\/\/i2.wp.com\/interpim.erresse-shop.it\/wp-content\/uploads\/2025\/04\/VILLEROY-BOCH-Fleur-Set-6-Piattini-per-Tazzine-da-Caffe-Rosa.jpg\/villeroy-boch-fleur-set-6-piattini-per-tazzine-da-caffe-rosa.jpg?ssl=1","datePublished":"2026-04-10T13:22:36+00:00","description":"Set de Platillos para Tazas de Espresso Pr\u00e1ctico plato para tazas de espresso que recoge con elegancia las migas y las gotas Comb\u00ednalo y crea ideas","breadcrumb":{"@id":"https:\/\/dev6.erresse-shop.it\/es\/shop\/tabla\/tazas\/villeroy-boch-fleur-set-de-6-platillos-para-taza-de-espresso-rosa\/#breadcrumb"},"inLanguage":"es","potentialAction":[{"@type":"ReadAction","target":["https:\/\/dev6.erresse-shop.it\/es\/shop\/tabla\/tazas\/villeroy-boch-fleur-set-de-6-platillos-para-taza-de-espresso-rosa\/"]}]},{"@type":"ImageObject","inLanguage":"es","@id":"https:\/\/dev6.erresse-shop.it\/es\/shop\/tabla\/tazas\/villeroy-boch-fleur-set-de-6-platillos-para-taza-de-espresso-rosa\/#primaryimage","url":"https:\/\/i2.wp.com\/interpim.erresse-shop.it\/wp-content\/uploads\/2025\/04\/VILLEROY-BOCH-Fleur-Set-6-Piattini-per-Tazzine-da-Caffe-Rosa.jpg\/villeroy-boch-fleur-set-6-piattini-per-tazzine-da-caffe-rosa.jpg?ssl=1","contentUrl":"https:\/\/i2.wp.com\/interpim.erresse-shop.it\/wp-content\/uploads\/2025\/04\/VILLEROY-BOCH-Fleur-Set-6-Piattini-per-Tazzine-da-Caffe-Rosa.jpg\/villeroy-boch-fleur-set-6-piattini-per-tazzine-da-caffe-rosa.jpg?ssl=1"},{"@type":"BreadcrumbList","@id":"https:\/\/dev6.erresse-shop.it\/es\/shop\/tabla\/tazas\/villeroy-boch-fleur-set-de-6-platillos-para-taza-de-espresso-rosa\/#breadcrumb","itemListElement":[{"@type":"ListItem","position":1,"name":"Home","item":"https:\/\/dev6.erresse-shop.it\/"},{"@type":"ListItem","position":2,"name":"Tienda","item":"https:\/\/dev6.erresse-shop.it\/shop\/"},{"@type":"ListItem","position":3,"name":"VILLEROY &#038; BOCH Fleur Set de 6 platillos para taza de espresso Rosa"}]},{"@type":"WebSite","@id":"https:\/\/dev6.erresse-shop.it\/#website","url":"https:\/\/dev6.erresse-shop.it\/","name":"Erresse Shop","description":"","publisher":{"@id":"https:\/\/dev6.erresse-shop.it\/#organization"},"potentialAction":[{"@type":"SearchAction","target":{"@type":"EntryPoint","urlTemplate":"https:\/\/dev6.erresse-shop.it\/?s={search_term_string}"},"query-input":{"@type":"PropertyValueSpecification","valueRequired":true,"valueName":"search_term_string"}}],"inLanguage":"es"},{"@type":"Organization","@id":"https:\/\/dev6.erresse-shop.it\/#organization","name":"Erresse Shop","url":"https:\/\/dev6.erresse-shop.it\/","logo":{"@type":"ImageObject","inLanguage":"es","@id":"https:\/\/dev6.erresse-shop.it\/#\/schema\/logo\/image\/","url":"https:\/\/dev6.erresse-shop.it\/wp-content\/uploads\/2025\/01\/LOGO-ERRESSE-CLASSICO.svg","contentUrl":"https:\/\/dev6.erresse-shop.it\/wp-content\/uploads\/2025\/01\/LOGO-ERRESSE-CLASSICO.svg","caption":"Erresse Shop"},"image":{"@id":"https:\/\/dev6.erresse-shop.it\/#\/schema\/logo\/image\/"}}]}},"df_price":"","df_sale_price":"","df_regular_price":"","df_image_link":"https:\/\/i2.wp.com\/interpim.erresse-shop.it\/wp-content\/uploads\/2025\/04\/VILLEROY-BOCH-Fleur-Set-6-Piattini-per-Tazzine-da-Caffe-Rosa.jpg\/villeroy-boch-fleur-set-6-piattini-per-tazzine-da-caffe-rosa.jpg?resize=300,300&ssl=1","fifu_image_url":"https:\/\/interpim.erresse-shop.it\/wp-content\/uploads\/2025\/04\/VILLEROY-BOCH-Fleur-Set-6-Piattini-per-Tazzine-da-Caffe-Rosa.jpg\/villeroy-boch-fleur-set-6-piattini-per-tazzine-da-caffe-rosa.jpg","_links":{"self":[{"href":"https:\/\/dev6.erresse-shop.it\/es\/wp-json\/wp\/v2\/product\/2311421","targetHints":{"allow":["GET"]}}],"collection":[{"href":"https:\/\/dev6.erresse-shop.it\/es\/wp-json\/wp\/v2\/product"}],"about":[{"href":"https:\/\/dev6.erresse-shop.it\/es\/wp-json\/wp\/v2\/types\/product"}],"wp:featuredmedia":[{"embeddable":true,"href":"https:\/\/dev6.erresse-shop.it\/es\/wp-json\/wp\/v2\/media\/6339594"}],"wp:attachment":[{"href":"https:\/\/dev6.erresse-shop.it\/es\/wp-json\/wp\/v2\/media?parent=2311421"}],"wp:term":[{"taxonomy":"product_cat","embeddable":true,"href":"https:\/\/dev6.erresse-shop.it\/es\/wp-json\/wp\/v2\/product_cat?post=2311421"},{"taxonomy":"product_tag","embeddable":true,"href":"https:\/\/dev6.erresse-shop.it\/es\/wp-json\/wp\/v2\/product_tag?post=2311421"}],"curies":[{"name":"wp","href":"https:\/\/api.w.org\/{rel}","templated":true}]}}