{"id":2311405,"date":"2026-04-12T14:43:55","date_gmt":"2026-04-12T12:43:55","guid":{"rendered":"https:\/\/dev6.erresse-shop.it\/shop\/sin%20categor\u00eda\/staub-cocotte-tonda-con-cestello-a-vapore-24-cm-blanco\/"},"modified":"2025-07-05T02:47:00","modified_gmt":"2025-07-05T00:47:00","slug":"staub-cocotte-tonda-con-cestello-a-vapore-24-cm-blanco","status":"publish","type":"product","link":"https:\/\/dev6.erresse-shop.it\/es\/shop\/sartenes-y-ollas\/marmitas-y-cocottes\/staub-cocotte-tonda-con-cestello-a-vapore-24-cm-blanco\/","title":{"rendered":"STAUB Cocotte Tonda con Cestello a Vapore 24 cm Blanco"},"content":{"rendered":"<p>La cocotte, con una cesta de cocci\u00f3n al vapor especial fabricada en acero inoxidable 18\/10 de alta calidad, permite cocinar varios ingredientes al mismo tiempo. Gracias a la gruesa junta de silicona y a los orificios en la superficie de la cesta, el calor se distribuye uniformemente por toda la sart\u00e9n. La cocotte tiene un di\u00e1metro de 24 cm y una capacidad de 3,7 litros. Puedes utilizar la cocotte en todo tipo de fuegos, incluida la inducci\u00f3n, e incluso en el horno. El interior presenta un esmalte negro mate. El material es duradero, f\u00e1cil de limpiar y es apreciado tanto por los grandes chefs como por los novatos de la cocina, gracias a sus excepcionales cualidades. La cocotte permite cocinar a fuego lento los alimentos de forma eficiente y conserva los sabores naturales de los ingredientes. El revestimiento de esmalte retiene el calor y lo libera de forma gradual y uniforme. La estructura especial de \u201chemisferio\u201d dentro de la tapa permite que la condensaci\u00f3n gotee uniformemente sobre los alimentos que se est\u00e1n cocinando, manteni\u00e9ndolos bastante jugosos y tiernos. Una vez retirada la cesta, la cocotte Staub negra se puede utilizar para servir platos con estilo.<\/p>\n<p>\u2013 Ideal para estofar y guisar al mismo tiempo, por ejemplo cocinando el arroz abajo y el pescado arriba<br \/>\n\u2013 Para un resultado de cocci\u00f3n jugoso y tierno gracias a la tapa<br \/>\n\u2013 El esmalte interior negro mate es ideal para cocinar a fuego lento de forma especialmente crujiente y es muy resistente.<br \/>\n\u2013 Apto para todo tipo de fuegos, incluida inducci\u00f3n, tambi\u00e9n se puede colocar en el horno\/grill.<br \/>\n\u2013 Color intenso<\/p>\n<p>Caracter\u00edsticas<\/p>\n<p>\u2013 Resistencia al calor (\u00b0C): 240,00 \u00baC<br \/>\n\u2013 Resistencia al fr\u00edo: -20,00 \u00baC<br \/>\n\u2013 Material: hierro fundido<br \/>\n\u2013 Tapa existente: s\u00ed<br \/>\n\u2013 Inducci\u00f3n: S\u00ed<br \/>\n\u2013 Apto para horno: S\u00ed<br \/>\n\u2013 Apto para congelador: S\u00ed<br \/>\n\u2013 Apto para vitrocer\u00e1mica: S\u00ed<br \/>\n\u2013 Apto para lavavajillas: S\u00ed<\/p>\n<p>Tama\u00f1o<\/p>\n<p>\u2013 Peso neto: 5,5 kg<br \/>\n\u2013 Capacidad: 3,70 l<br \/>\n\u2013 Di\u00e1metro: 24 cm<br \/>\n\u2013 Altura: 22,6 cm<\/p>\n","protected":false},"excerpt":{"rendered":"<p>La cocotte, con una cesta de cocci\u00f3n al vapor especial fabricada en acero inoxidable 18\/10 de alta calidad, permite cocinar varios ingredientes al mismo tiempo. Gracias a la gruesa junta de silicona y a los orificios en la superficie de la cesta, el calor se distribuye uniformemente por toda la sart\u00e9n. La cocotte tiene un [&hellip;]<\/p>\n","protected":false},"featured_media":6381195,"template":"","meta":{"_acf_changed":false},"product_cat":[11892,11883],"product_tag":[],"class_list":{"0":"post-2311405","1":"product","2":"type-product","3":"status-publish","4":"has-post-thumbnail","6":"product_cat-marmitas-y-cocottes","7":"product_cat-sartenes-y-ollas","9":"first","10":"instock","11":"taxable","12":"shipping-taxable","13":"product-type-simple","swatches":"rey-swatches","show_selected":"","stretch_labels":"rey-swatches--stretch-labels"},"acf":[],"yoast_head":"<!-- This site is optimized with the Yoast SEO plugin v25.4 - https:\/\/yoast.com\/wordpress\/plugins\/seo\/ -->\n<title>STAUB Cocotte Tonda con Cestello a Vapore 24 cm Blanco - dev6 Erresse<\/title>\n<meta name=\"description\" content=\"La cocotte, con una cesta de cocci\u00f3n al vapor especial fabricada en acero inoxidable 18\/10 de alta calidad, permite cocinar varios ingredientes al mismo\" \/>\n<meta name=\"robots\" content=\"noindex, follow, max-snippet:-1, max-image-preview:large, max-video-preview:-1\" \/>\n<meta property=\"og:locale\" content=\"es_ES\" \/>\n<meta property=\"og:type\" content=\"article\" \/>\n<meta property=\"og:title\" content=\"STAUB Cocotte Tonda con Cestello a Vapore 24 cm Blanco - dev6 Erresse\" \/>\n<meta property=\"og:description\" content=\"La cocotte, con una cesta de cocci\u00f3n al vapor especial fabricada en acero inoxidable 18\/10 de alta calidad, permite cocinar varios ingredientes al mismo\" \/>\n<meta property=\"og:url\" content=\"https:\/\/dev6.erresse-shop.it\/es\/shop\/sartenes-y-ollas\/marmitas-y-cocottes\/staub-cocotte-tonda-con-cestello-a-vapore-24-cm-blanco\/\" \/>\n<meta property=\"og:site_name\" content=\"dev6 Erresse\" \/>\n<meta property=\"og:image\" content=\"https:\/\/interpim.erresse-shop.it\/wp-content\/uploads\/2025\/04\/STAUB-Cocotte-Tonda-con-Cestello-a-Vapore-24-cm-Bianco.jpg\/staub-cocotte-tonda-con-cestello-a-vapore-24-cm-bianco.jpg\" \/><meta property=\"og:image\" content=\"https:\/\/interpim.erresse-shop.it\/wp-content\/uploads\/2025\/04\/STAUB-Cocotte-Tonda-con-Cestello-a-Vapore-24-cm-Bianco.jpg\/staub-cocotte-tonda-con-cestello-a-vapore-24-cm-bianco.jpg\" \/>\n\t<meta property=\"og:image:width\" content=\"1024\" \/>\n\t<meta property=\"og:image:height\" content=\"1024\" \/>\n\t<meta property=\"og:image:type\" content=\"image\/jpeg\" \/>\n<meta name=\"twitter:card\" content=\"summary_large_image\" \/>\n<meta name=\"twitter:image\" content=\"https:\/\/interpim.erresse-shop.it\/wp-content\/uploads\/2025\/04\/STAUB-Cocotte-Tonda-con-Cestello-a-Vapore-24-cm-Bianco.jpg\/staub-cocotte-tonda-con-cestello-a-vapore-24-cm-bianco.jpg\" \/>\n<script type=\"application\/ld+json\" class=\"yoast-schema-graph\">{\"@context\":\"https:\/\/schema.org\",\"@graph\":[{\"@type\":\"WebPage\",\"@id\":\"https:\/\/dev6.erresse-shop.it\/es\/shop\/sartenes-y-ollas\/marmitas-y-cocottes\/staub-cocotte-tonda-con-cestello-a-vapore-24-cm-blanco\/\",\"url\":\"https:\/\/dev6.erresse-shop.it\/es\/shop\/sartenes-y-ollas\/marmitas-y-cocottes\/staub-cocotte-tonda-con-cestello-a-vapore-24-cm-blanco\/\",\"name\":\"STAUB Cocotte Tonda con Cestello a Vapore 24 cm Blanco - dev6 Erresse\",\"isPartOf\":{\"@id\":\"https:\/\/dev6.erresse-shop.it\/#website\"},\"primaryImageOfPage\":{\"@id\":\"https:\/\/dev6.erresse-shop.it\/es\/shop\/sartenes-y-ollas\/marmitas-y-cocottes\/staub-cocotte-tonda-con-cestello-a-vapore-24-cm-blanco\/#primaryimage\"},\"image\":{\"@id\":\"https:\/\/dev6.erresse-shop.it\/es\/shop\/sartenes-y-ollas\/marmitas-y-cocottes\/staub-cocotte-tonda-con-cestello-a-vapore-24-cm-blanco\/#primaryimage\"},\"thumbnailUrl\":\"https:\/\/i1.wp.com\/interpim.erresse-shop.it\/wp-content\/uploads\/2025\/04\/STAUB-Cocotte-Tonda-con-Cestello-a-Vapore-24-cm-Bianco.jpg\/staub-cocotte-tonda-con-cestello-a-vapore-24-cm-bianco.jpg?ssl=1\",\"datePublished\":\"2026-04-12T12:43:55+00:00\",\"description\":\"La cocotte, con una cesta de cocci\u00f3n al vapor especial fabricada en acero inoxidable 18\/10 de alta calidad, permite cocinar varios ingredientes al mismo\",\"breadcrumb\":{\"@id\":\"https:\/\/dev6.erresse-shop.it\/es\/shop\/sartenes-y-ollas\/marmitas-y-cocottes\/staub-cocotte-tonda-con-cestello-a-vapore-24-cm-blanco\/#breadcrumb\"},\"inLanguage\":\"es\",\"potentialAction\":[{\"@type\":\"ReadAction\",\"target\":[\"https:\/\/dev6.erresse-shop.it\/es\/shop\/sartenes-y-ollas\/marmitas-y-cocottes\/staub-cocotte-tonda-con-cestello-a-vapore-24-cm-blanco\/\"]}]},{\"@type\":\"ImageObject\",\"inLanguage\":\"es\",\"@id\":\"https:\/\/dev6.erresse-shop.it\/es\/shop\/sartenes-y-ollas\/marmitas-y-cocottes\/staub-cocotte-tonda-con-cestello-a-vapore-24-cm-blanco\/#primaryimage\",\"url\":\"https:\/\/i1.wp.com\/interpim.erresse-shop.it\/wp-content\/uploads\/2025\/04\/STAUB-Cocotte-Tonda-con-Cestello-a-Vapore-24-cm-Bianco.jpg\/staub-cocotte-tonda-con-cestello-a-vapore-24-cm-bianco.jpg?ssl=1\",\"contentUrl\":\"https:\/\/i1.wp.com\/interpim.erresse-shop.it\/wp-content\/uploads\/2025\/04\/STAUB-Cocotte-Tonda-con-Cestello-a-Vapore-24-cm-Bianco.jpg\/staub-cocotte-tonda-con-cestello-a-vapore-24-cm-bianco.jpg?ssl=1\"},{\"@type\":\"BreadcrumbList\",\"@id\":\"https:\/\/dev6.erresse-shop.it\/es\/shop\/sartenes-y-ollas\/marmitas-y-cocottes\/staub-cocotte-tonda-con-cestello-a-vapore-24-cm-blanco\/#breadcrumb\",\"itemListElement\":[{\"@type\":\"ListItem\",\"position\":1,\"name\":\"Home\",\"item\":\"https:\/\/dev6.erresse-shop.it\/\"},{\"@type\":\"ListItem\",\"position\":2,\"name\":\"Tienda\",\"item\":\"https:\/\/dev6.erresse-shop.it\/shop\/\"},{\"@type\":\"ListItem\",\"position\":3,\"name\":\"STAUB Cocotte Tonda con Cestello a Vapore 24 cm Blanco\"}]},{\"@type\":\"WebSite\",\"@id\":\"https:\/\/dev6.erresse-shop.it\/#website\",\"url\":\"https:\/\/dev6.erresse-shop.it\/\",\"name\":\"Erresse Shop\",\"description\":\"\",\"publisher\":{\"@id\":\"https:\/\/dev6.erresse-shop.it\/#organization\"},\"potentialAction\":[{\"@type\":\"SearchAction\",\"target\":{\"@type\":\"EntryPoint\",\"urlTemplate\":\"https:\/\/dev6.erresse-shop.it\/?s={search_term_string}\"},\"query-input\":{\"@type\":\"PropertyValueSpecification\",\"valueRequired\":true,\"valueName\":\"search_term_string\"}}],\"inLanguage\":\"es\"},{\"@type\":\"Organization\",\"@id\":\"https:\/\/dev6.erresse-shop.it\/#organization\",\"name\":\"Erresse Shop\",\"url\":\"https:\/\/dev6.erresse-shop.it\/\",\"logo\":{\"@type\":\"ImageObject\",\"inLanguage\":\"es\",\"@id\":\"https:\/\/dev6.erresse-shop.it\/#\/schema\/logo\/image\/\",\"url\":\"https:\/\/dev6.erresse-shop.it\/wp-content\/uploads\/2025\/01\/LOGO-ERRESSE-CLASSICO.svg\",\"contentUrl\":\"https:\/\/dev6.erresse-shop.it\/wp-content\/uploads\/2025\/01\/LOGO-ERRESSE-CLASSICO.svg\",\"caption\":\"Erresse Shop\"},\"image\":{\"@id\":\"https:\/\/dev6.erresse-shop.it\/#\/schema\/logo\/image\/\"}}]}<\/script>\n<!-- \/ Yoast SEO plugin. -->","yoast_head_json":{"title":"STAUB Cocotte Tonda con Cestello a Vapore 24 cm Blanco - dev6 Erresse","description":"La cocotte, con una cesta de cocci\u00f3n al vapor especial fabricada en acero inoxidable 18\/10 de alta calidad, permite cocinar varios ingredientes al mismo","robots":{"index":"noindex","follow":"follow","max-snippet":"max-snippet:-1","max-image-preview":"max-image-preview:large","max-video-preview":"max-video-preview:-1"},"og_locale":"es_ES","og_type":"article","og_title":"STAUB Cocotte Tonda con Cestello a Vapore 24 cm Blanco - dev6 Erresse","og_description":"La cocotte, con una cesta de cocci\u00f3n al vapor especial fabricada en acero inoxidable 18\/10 de alta calidad, permite cocinar varios ingredientes al mismo","og_url":"https:\/\/dev6.erresse-shop.it\/es\/shop\/sartenes-y-ollas\/marmitas-y-cocottes\/staub-cocotte-tonda-con-cestello-a-vapore-24-cm-blanco\/","og_site_name":"dev6 Erresse","og_image":[{"url":"https:\/\/interpim.erresse-shop.it\/wp-content\/uploads\/2025\/04\/STAUB-Cocotte-Tonda-con-Cestello-a-Vapore-24-cm-Bianco.jpg\/staub-cocotte-tonda-con-cestello-a-vapore-24-cm-bianco.jpg","type":"","width":"","height":""},{"url":"https:\/\/interpim.erresse-shop.it\/wp-content\/uploads\/2025\/04\/STAUB-Cocotte-Tonda-con-Cestello-a-Vapore-24-cm-Bianco.jpg\/staub-cocotte-tonda-con-cestello-a-vapore-24-cm-bianco.jpg","width":1024,"height":1024,"type":"image\/jpeg"}],"twitter_card":"summary_large_image","twitter_image":"https:\/\/interpim.erresse-shop.it\/wp-content\/uploads\/2025\/04\/STAUB-Cocotte-Tonda-con-Cestello-a-Vapore-24-cm-Bianco.jpg\/staub-cocotte-tonda-con-cestello-a-vapore-24-cm-bianco.jpg","schema":{"@context":"https:\/\/schema.org","@graph":[{"@type":"WebPage","@id":"https:\/\/dev6.erresse-shop.it\/es\/shop\/sartenes-y-ollas\/marmitas-y-cocottes\/staub-cocotte-tonda-con-cestello-a-vapore-24-cm-blanco\/","url":"https:\/\/dev6.erresse-shop.it\/es\/shop\/sartenes-y-ollas\/marmitas-y-cocottes\/staub-cocotte-tonda-con-cestello-a-vapore-24-cm-blanco\/","name":"STAUB Cocotte Tonda con Cestello a Vapore 24 cm Blanco - dev6 Erresse","isPartOf":{"@id":"https:\/\/dev6.erresse-shop.it\/#website"},"primaryImageOfPage":{"@id":"https:\/\/dev6.erresse-shop.it\/es\/shop\/sartenes-y-ollas\/marmitas-y-cocottes\/staub-cocotte-tonda-con-cestello-a-vapore-24-cm-blanco\/#primaryimage"},"image":{"@id":"https:\/\/dev6.erresse-shop.it\/es\/shop\/sartenes-y-ollas\/marmitas-y-cocottes\/staub-cocotte-tonda-con-cestello-a-vapore-24-cm-blanco\/#primaryimage"},"thumbnailUrl":"https:\/\/i1.wp.com\/interpim.erresse-shop.it\/wp-content\/uploads\/2025\/04\/STAUB-Cocotte-Tonda-con-Cestello-a-Vapore-24-cm-Bianco.jpg\/staub-cocotte-tonda-con-cestello-a-vapore-24-cm-bianco.jpg?ssl=1","datePublished":"2026-04-12T12:43:55+00:00","description":"La cocotte, con una cesta de cocci\u00f3n al vapor especial fabricada en acero inoxidable 18\/10 de alta calidad, permite cocinar varios ingredientes al mismo","breadcrumb":{"@id":"https:\/\/dev6.erresse-shop.it\/es\/shop\/sartenes-y-ollas\/marmitas-y-cocottes\/staub-cocotte-tonda-con-cestello-a-vapore-24-cm-blanco\/#breadcrumb"},"inLanguage":"es","potentialAction":[{"@type":"ReadAction","target":["https:\/\/dev6.erresse-shop.it\/es\/shop\/sartenes-y-ollas\/marmitas-y-cocottes\/staub-cocotte-tonda-con-cestello-a-vapore-24-cm-blanco\/"]}]},{"@type":"ImageObject","inLanguage":"es","@id":"https:\/\/dev6.erresse-shop.it\/es\/shop\/sartenes-y-ollas\/marmitas-y-cocottes\/staub-cocotte-tonda-con-cestello-a-vapore-24-cm-blanco\/#primaryimage","url":"https:\/\/i1.wp.com\/interpim.erresse-shop.it\/wp-content\/uploads\/2025\/04\/STAUB-Cocotte-Tonda-con-Cestello-a-Vapore-24-cm-Bianco.jpg\/staub-cocotte-tonda-con-cestello-a-vapore-24-cm-bianco.jpg?ssl=1","contentUrl":"https:\/\/i1.wp.com\/interpim.erresse-shop.it\/wp-content\/uploads\/2025\/04\/STAUB-Cocotte-Tonda-con-Cestello-a-Vapore-24-cm-Bianco.jpg\/staub-cocotte-tonda-con-cestello-a-vapore-24-cm-bianco.jpg?ssl=1"},{"@type":"BreadcrumbList","@id":"https:\/\/dev6.erresse-shop.it\/es\/shop\/sartenes-y-ollas\/marmitas-y-cocottes\/staub-cocotte-tonda-con-cestello-a-vapore-24-cm-blanco\/#breadcrumb","itemListElement":[{"@type":"ListItem","position":1,"name":"Home","item":"https:\/\/dev6.erresse-shop.it\/"},{"@type":"ListItem","position":2,"name":"Tienda","item":"https:\/\/dev6.erresse-shop.it\/shop\/"},{"@type":"ListItem","position":3,"name":"STAUB Cocotte Tonda con Cestello a Vapore 24 cm Blanco"}]},{"@type":"WebSite","@id":"https:\/\/dev6.erresse-shop.it\/#website","url":"https:\/\/dev6.erresse-shop.it\/","name":"Erresse Shop","description":"","publisher":{"@id":"https:\/\/dev6.erresse-shop.it\/#organization"},"potentialAction":[{"@type":"SearchAction","target":{"@type":"EntryPoint","urlTemplate":"https:\/\/dev6.erresse-shop.it\/?s={search_term_string}"},"query-input":{"@type":"PropertyValueSpecification","valueRequired":true,"valueName":"search_term_string"}}],"inLanguage":"es"},{"@type":"Organization","@id":"https:\/\/dev6.erresse-shop.it\/#organization","name":"Erresse Shop","url":"https:\/\/dev6.erresse-shop.it\/","logo":{"@type":"ImageObject","inLanguage":"es","@id":"https:\/\/dev6.erresse-shop.it\/#\/schema\/logo\/image\/","url":"https:\/\/dev6.erresse-shop.it\/wp-content\/uploads\/2025\/01\/LOGO-ERRESSE-CLASSICO.svg","contentUrl":"https:\/\/dev6.erresse-shop.it\/wp-content\/uploads\/2025\/01\/LOGO-ERRESSE-CLASSICO.svg","caption":"Erresse Shop"},"image":{"@id":"https:\/\/dev6.erresse-shop.it\/#\/schema\/logo\/image\/"}}]}},"df_price":"","df_sale_price":"","df_regular_price":"","df_image_link":"https:\/\/i1.wp.com\/interpim.erresse-shop.it\/wp-content\/uploads\/2025\/04\/STAUB-Cocotte-Tonda-con-Cestello-a-Vapore-24-cm-Bianco.jpg\/staub-cocotte-tonda-con-cestello-a-vapore-24-cm-bianco.jpg?resize=300,300&ssl=1","fifu_image_url":"https:\/\/interpim.erresse-shop.it\/wp-content\/uploads\/2025\/04\/STAUB-Cocotte-Tonda-con-Cestello-a-Vapore-24-cm-Bianco.jpg\/staub-cocotte-tonda-con-cestello-a-vapore-24-cm-bianco.jpg","_links":{"self":[{"href":"https:\/\/dev6.erresse-shop.it\/es\/wp-json\/wp\/v2\/product\/2311405","targetHints":{"allow":["GET"]}}],"collection":[{"href":"https:\/\/dev6.erresse-shop.it\/es\/wp-json\/wp\/v2\/product"}],"about":[{"href":"https:\/\/dev6.erresse-shop.it\/es\/wp-json\/wp\/v2\/types\/product"}],"wp:featuredmedia":[{"embeddable":true,"href":"https:\/\/dev6.erresse-shop.it\/es\/wp-json\/wp\/v2\/media\/6381195"}],"wp:attachment":[{"href":"https:\/\/dev6.erresse-shop.it\/es\/wp-json\/wp\/v2\/media?parent=2311405"}],"wp:term":[{"taxonomy":"product_cat","embeddable":true,"href":"https:\/\/dev6.erresse-shop.it\/es\/wp-json\/wp\/v2\/product_cat?post=2311405"},{"taxonomy":"product_tag","embeddable":true,"href":"https:\/\/dev6.erresse-shop.it\/es\/wp-json\/wp\/v2\/product_tag?post=2311405"}],"curies":[{"name":"wp","href":"https:\/\/api.w.org\/{rel}","templated":true}]}}