{"id":2311399,"date":"2026-04-04T14:41:19","date_gmt":"2026-04-04T12:41:19","guid":{"rendered":"https:\/\/dev6.erresse-shop.it\/shop\/sin%20categor\u00eda\/ken-hom-wok-excellence-antiadherente-35-cm-acero-al-carbono\/"},"modified":"2026-01-21T20:20:50","modified_gmt":"2026-01-21T19:20:50","slug":"ken-hom-wok-excellence-antiadherente-35-cm-acero-al-carbono","status":"publish","type":"product","link":"https:\/\/dev6.erresse-shop.it\/es\/shop\/sartenes-y-ollas\/wok-es\/ken-hom-wok-excellence-antiadherente-35-cm-acero-al-carbono\/","title":{"rendered":"KEN HOM Wok Excellence antiadherente 35 cm Acero al carbono"},"content":{"rendered":"<p>Este wok compatible con inducci\u00f3n permite fre\u00edr en sart\u00e9n de forma r\u00e1pida y sencilla, con la capacidad perfecta para preparar una deliciosa comida para 3 o 4 personas. Ligero y con fondo plano, es f\u00e1cil de usar y se adapta perfectamente a todo tipo de placas, incluida la inducci\u00f3n. Este wok es apto para lavavajillas y tiene 5 a\u00f1os de garant\u00eda.<\/p>\n<p>Wok ligero de acero al carbono con doble revestimiento antiadherente<br \/>\nFabricado en acero al carbono de 1,5 mm de grosor<br \/>\nApto para lavavajillas<br \/>\nCompatible con placas de inducci\u00f3n<br \/>\nLibre de PFOA<br \/>\nLibre de PFAS<br \/>\n5 a\u00f1os de garant\u00eda<\/p>\n<p>Calidad excepcional<\/p>\n<p>Fabricado en acero al carbono de 1,5 mm de grosor, ofrece una excelente conducci\u00f3n del calor, lo que lo hace ideal para cocinar a alta temperatura y a alta velocidad, a la vez que garantiza una temperatura constante. El revestimiento antiadherente es apto para usar con utensilios de metal. El mango largo de fen\u00f3lico facilita su transporte y mantiene un equilibrio perfecto, evitando que se vuelque. Est\u00e1 firmemente fijado al wok con dos remaches, lo que garantiza que no se afloje ni se tambalee con el tiempo.<\/p>\n<p>IMPORTANTE:<\/p>\n<p>Este wok no es compatible con utensilios de metal; es preferible usar utensilios de madera o nailon para evitar rayones.<\/p>\n<p>El wok es apto para todo tipo de placas de cocina, incluida la inducci\u00f3n; sin embargo, se recomienda consultar tambi\u00e9n las instrucciones de uso del fabricante de la placa. No apto para hornos convencionales ni microondas. Si el mango se afloja durante el uso, apri\u00e9telo inmediatamente. Ajuste siempre la base del wok a la zona de cocci\u00f3n donde se vaya a utilizar. A\u00f1ada aceite al wok y cali\u00e9ntelo suavemente hasta que aparezcan peque\u00f1as ondulaciones en la superficie.<\/p>\n<p>Limpieza:<\/p>\n<p>Deje enfriar el wok unos minutos antes de limpiarlo. Para residuos de comida dif\u00edciles, ll\u00e9nelo con agua caliente jabonosa y d\u00e9jelo en remojo. Utilice \u00fanicamente esponjas de limpieza dise\u00f1adas espec\u00edficamente para superficies antiadherentes. No utilice estropajos met\u00e1licos, abrasivos o muy duros, cepillos para platos ni productos abrasivos sobre ninguna superficie.<\/p>\n<p>Dimensiones del wok: 60 x 35.5 x 12 cm<br \/>\nDi\u00e1metro de la base del wok: 17 cm<br \/>\nPeso: 1.6 kg<\/p>\n","protected":false},"excerpt":{"rendered":"<p>Este wok compatible con inducci\u00f3n permite fre\u00edr en sart\u00e9n de forma r\u00e1pida y sencilla, con la capacidad perfecta para preparar una deliciosa comida para 3 o 4 personas. Ligero y con fondo plano, es f\u00e1cil de usar y se adapta perfectamente a todo tipo de placas, incluida la inducci\u00f3n. Este wok es apto para lavavajillas [&hellip;]<\/p>\n","protected":false},"featured_media":6297898,"template":"","meta":{"_acf_changed":false},"product_cat":[11883,11895],"product_tag":[],"class_list":{"0":"post-2311399","1":"product","2":"type-product","3":"status-publish","4":"has-post-thumbnail","6":"product_cat-sartenes-y-ollas","7":"product_cat-wok-es","9":"first","10":"instock","11":"taxable","12":"shipping-taxable","13":"purchasable","14":"product-type-simple","swatches":"rey-swatches","show_selected":"","stretch_labels":"rey-swatches--stretch-labels"},"acf":[],"yoast_head":"<!-- This site is optimized with the Yoast SEO plugin v25.4 - https:\/\/yoast.com\/wordpress\/plugins\/seo\/ -->\n<title>KEN HOM Wok Excellence antiadherente 35 cm Acero al carbono - dev6 Erresse<\/title>\n<meta name=\"description\" content=\"Este wok compatible con inducci\u00f3n permite fre\u00edr en sart\u00e9n de forma r\u00e1pida y sencilla, con la capacidad perfecta para preparar una deliciosa comida para 3\" \/>\n<meta name=\"robots\" content=\"noindex, follow, max-snippet:-1, max-image-preview:large, max-video-preview:-1\" \/>\n<meta property=\"og:locale\" content=\"es_ES\" \/>\n<meta property=\"og:type\" content=\"article\" \/>\n<meta property=\"og:title\" content=\"KEN HOM Wok Excellence antiadherente 35 cm Acero al carbono - dev6 Erresse\" \/>\n<meta property=\"og:description\" content=\"Este wok compatible con inducci\u00f3n permite fre\u00edr en sart\u00e9n de forma r\u00e1pida y sencilla, con la capacidad perfecta para preparar una deliciosa comida para 3\" \/>\n<meta property=\"og:url\" content=\"https:\/\/dev6.erresse-shop.it\/es\/shop\/sartenes-y-ollas\/wok-es\/ken-hom-wok-excellence-antiadherente-35-cm-acero-al-carbono\/\" \/>\n<meta property=\"og:site_name\" content=\"dev6 Erresse\" \/>\n<meta property=\"og:image\" content=\"https:\/\/interpim.erresse-shop.it\/wp-content\/uploads\/2025\/04\/KEN-HOM-Wok-Excellence-Antiaderente-35-cm-Acciaio-al-Carbonio.jpg\/ken-hom-wok-excellence-antiaderente-35-cm-acciaio-al-carbonio.jpg\" \/><meta property=\"og:image\" content=\"https:\/\/interpim.erresse-shop.it\/wp-content\/uploads\/2025\/04\/KEN-HOM-Wok-Excellence-Antiaderente-35-cm-Acciaio-al-Carbonio.jpg\/ken-hom-wok-excellence-antiaderente-35-cm-acciaio-al-carbonio.jpg\" \/>\n\t<meta property=\"og:image:width\" content=\"1024\" \/>\n\t<meta property=\"og:image:height\" content=\"1024\" \/>\n\t<meta property=\"og:image:type\" content=\"image\/jpeg\" \/>\n<meta name=\"twitter:card\" content=\"summary_large_image\" \/>\n<meta name=\"twitter:image\" content=\"https:\/\/interpim.erresse-shop.it\/wp-content\/uploads\/2025\/04\/KEN-HOM-Wok-Excellence-Antiaderente-35-cm-Acciaio-al-Carbonio.jpg\/ken-hom-wok-excellence-antiaderente-35-cm-acciaio-al-carbonio.jpg\" \/>\n<script type=\"application\/ld+json\" class=\"yoast-schema-graph\">{\"@context\":\"https:\/\/schema.org\",\"@graph\":[{\"@type\":\"WebPage\",\"@id\":\"https:\/\/dev6.erresse-shop.it\/es\/shop\/sartenes-y-ollas\/wok-es\/ken-hom-wok-excellence-antiadherente-35-cm-acero-al-carbono\/\",\"url\":\"https:\/\/dev6.erresse-shop.it\/es\/shop\/sartenes-y-ollas\/wok-es\/ken-hom-wok-excellence-antiadherente-35-cm-acero-al-carbono\/\",\"name\":\"KEN HOM Wok Excellence antiadherente 35 cm Acero al carbono - dev6 Erresse\",\"isPartOf\":{\"@id\":\"https:\/\/dev6.erresse-shop.it\/#website\"},\"primaryImageOfPage\":{\"@id\":\"https:\/\/dev6.erresse-shop.it\/es\/shop\/sartenes-y-ollas\/wok-es\/ken-hom-wok-excellence-antiadherente-35-cm-acero-al-carbono\/#primaryimage\"},\"image\":{\"@id\":\"https:\/\/dev6.erresse-shop.it\/es\/shop\/sartenes-y-ollas\/wok-es\/ken-hom-wok-excellence-antiadherente-35-cm-acero-al-carbono\/#primaryimage\"},\"thumbnailUrl\":\"https:\/\/i0.wp.com\/interpim.erresse-shop.it\/wp-content\/uploads\/2025\/04\/KEN-HOM-Wok-Excellence-Antiaderente-35-cm-Acciaio-al-Carbonio.jpg\/ken-hom-wok-excellence-antiaderente-35-cm-acciaio-al-carbonio.jpg?ssl=1\",\"datePublished\":\"2026-04-04T12:41:19+00:00\",\"description\":\"Este wok compatible con inducci\u00f3n permite fre\u00edr en sart\u00e9n de forma r\u00e1pida y sencilla, con la capacidad perfecta para preparar una deliciosa comida para 3\",\"breadcrumb\":{\"@id\":\"https:\/\/dev6.erresse-shop.it\/es\/shop\/sartenes-y-ollas\/wok-es\/ken-hom-wok-excellence-antiadherente-35-cm-acero-al-carbono\/#breadcrumb\"},\"inLanguage\":\"es\",\"potentialAction\":[{\"@type\":\"ReadAction\",\"target\":[\"https:\/\/dev6.erresse-shop.it\/es\/shop\/sartenes-y-ollas\/wok-es\/ken-hom-wok-excellence-antiadherente-35-cm-acero-al-carbono\/\"]}]},{\"@type\":\"ImageObject\",\"inLanguage\":\"es\",\"@id\":\"https:\/\/dev6.erresse-shop.it\/es\/shop\/sartenes-y-ollas\/wok-es\/ken-hom-wok-excellence-antiadherente-35-cm-acero-al-carbono\/#primaryimage\",\"url\":\"https:\/\/i0.wp.com\/interpim.erresse-shop.it\/wp-content\/uploads\/2025\/04\/KEN-HOM-Wok-Excellence-Antiaderente-35-cm-Acciaio-al-Carbonio.jpg\/ken-hom-wok-excellence-antiaderente-35-cm-acciaio-al-carbonio.jpg?ssl=1\",\"contentUrl\":\"https:\/\/i0.wp.com\/interpim.erresse-shop.it\/wp-content\/uploads\/2025\/04\/KEN-HOM-Wok-Excellence-Antiaderente-35-cm-Acciaio-al-Carbonio.jpg\/ken-hom-wok-excellence-antiaderente-35-cm-acciaio-al-carbonio.jpg?ssl=1\"},{\"@type\":\"BreadcrumbList\",\"@id\":\"https:\/\/dev6.erresse-shop.it\/es\/shop\/sartenes-y-ollas\/wok-es\/ken-hom-wok-excellence-antiadherente-35-cm-acero-al-carbono\/#breadcrumb\",\"itemListElement\":[{\"@type\":\"ListItem\",\"position\":1,\"name\":\"Home\",\"item\":\"https:\/\/dev6.erresse-shop.it\/\"},{\"@type\":\"ListItem\",\"position\":2,\"name\":\"Tienda\",\"item\":\"https:\/\/dev6.erresse-shop.it\/shop\/\"},{\"@type\":\"ListItem\",\"position\":3,\"name\":\"KEN HOM Wok Excellence antiadherente 35 cm Acero al carbono\"}]},{\"@type\":\"WebSite\",\"@id\":\"https:\/\/dev6.erresse-shop.it\/#website\",\"url\":\"https:\/\/dev6.erresse-shop.it\/\",\"name\":\"Erresse Shop\",\"description\":\"\",\"publisher\":{\"@id\":\"https:\/\/dev6.erresse-shop.it\/#organization\"},\"potentialAction\":[{\"@type\":\"SearchAction\",\"target\":{\"@type\":\"EntryPoint\",\"urlTemplate\":\"https:\/\/dev6.erresse-shop.it\/?s={search_term_string}\"},\"query-input\":{\"@type\":\"PropertyValueSpecification\",\"valueRequired\":true,\"valueName\":\"search_term_string\"}}],\"inLanguage\":\"es\"},{\"@type\":\"Organization\",\"@id\":\"https:\/\/dev6.erresse-shop.it\/#organization\",\"name\":\"Erresse Shop\",\"url\":\"https:\/\/dev6.erresse-shop.it\/\",\"logo\":{\"@type\":\"ImageObject\",\"inLanguage\":\"es\",\"@id\":\"https:\/\/dev6.erresse-shop.it\/#\/schema\/logo\/image\/\",\"url\":\"https:\/\/dev6.erresse-shop.it\/wp-content\/uploads\/2025\/01\/LOGO-ERRESSE-CLASSICO.svg\",\"contentUrl\":\"https:\/\/dev6.erresse-shop.it\/wp-content\/uploads\/2025\/01\/LOGO-ERRESSE-CLASSICO.svg\",\"caption\":\"Erresse Shop\"},\"image\":{\"@id\":\"https:\/\/dev6.erresse-shop.it\/#\/schema\/logo\/image\/\"}}]}<\/script>\n<!-- \/ Yoast SEO plugin. -->","yoast_head_json":{"title":"KEN HOM Wok Excellence antiadherente 35 cm Acero al carbono - dev6 Erresse","description":"Este wok compatible con inducci\u00f3n permite fre\u00edr en sart\u00e9n de forma r\u00e1pida y sencilla, con la capacidad perfecta para preparar una deliciosa comida para 3","robots":{"index":"noindex","follow":"follow","max-snippet":"max-snippet:-1","max-image-preview":"max-image-preview:large","max-video-preview":"max-video-preview:-1"},"og_locale":"es_ES","og_type":"article","og_title":"KEN HOM Wok Excellence antiadherente 35 cm Acero al carbono - dev6 Erresse","og_description":"Este wok compatible con inducci\u00f3n permite fre\u00edr en sart\u00e9n de forma r\u00e1pida y sencilla, con la capacidad perfecta para preparar una deliciosa comida para 3","og_url":"https:\/\/dev6.erresse-shop.it\/es\/shop\/sartenes-y-ollas\/wok-es\/ken-hom-wok-excellence-antiadherente-35-cm-acero-al-carbono\/","og_site_name":"dev6 Erresse","og_image":[{"url":"https:\/\/interpim.erresse-shop.it\/wp-content\/uploads\/2025\/04\/KEN-HOM-Wok-Excellence-Antiaderente-35-cm-Acciaio-al-Carbonio.jpg\/ken-hom-wok-excellence-antiaderente-35-cm-acciaio-al-carbonio.jpg","type":"","width":"","height":""},{"url":"https:\/\/interpim.erresse-shop.it\/wp-content\/uploads\/2025\/04\/KEN-HOM-Wok-Excellence-Antiaderente-35-cm-Acciaio-al-Carbonio.jpg\/ken-hom-wok-excellence-antiaderente-35-cm-acciaio-al-carbonio.jpg","width":1024,"height":1024,"type":"image\/jpeg"}],"twitter_card":"summary_large_image","twitter_image":"https:\/\/interpim.erresse-shop.it\/wp-content\/uploads\/2025\/04\/KEN-HOM-Wok-Excellence-Antiaderente-35-cm-Acciaio-al-Carbonio.jpg\/ken-hom-wok-excellence-antiaderente-35-cm-acciaio-al-carbonio.jpg","schema":{"@context":"https:\/\/schema.org","@graph":[{"@type":"WebPage","@id":"https:\/\/dev6.erresse-shop.it\/es\/shop\/sartenes-y-ollas\/wok-es\/ken-hom-wok-excellence-antiadherente-35-cm-acero-al-carbono\/","url":"https:\/\/dev6.erresse-shop.it\/es\/shop\/sartenes-y-ollas\/wok-es\/ken-hom-wok-excellence-antiadherente-35-cm-acero-al-carbono\/","name":"KEN HOM Wok Excellence antiadherente 35 cm Acero al carbono - dev6 Erresse","isPartOf":{"@id":"https:\/\/dev6.erresse-shop.it\/#website"},"primaryImageOfPage":{"@id":"https:\/\/dev6.erresse-shop.it\/es\/shop\/sartenes-y-ollas\/wok-es\/ken-hom-wok-excellence-antiadherente-35-cm-acero-al-carbono\/#primaryimage"},"image":{"@id":"https:\/\/dev6.erresse-shop.it\/es\/shop\/sartenes-y-ollas\/wok-es\/ken-hom-wok-excellence-antiadherente-35-cm-acero-al-carbono\/#primaryimage"},"thumbnailUrl":"https:\/\/i0.wp.com\/interpim.erresse-shop.it\/wp-content\/uploads\/2025\/04\/KEN-HOM-Wok-Excellence-Antiaderente-35-cm-Acciaio-al-Carbonio.jpg\/ken-hom-wok-excellence-antiaderente-35-cm-acciaio-al-carbonio.jpg?ssl=1","datePublished":"2026-04-04T12:41:19+00:00","description":"Este wok compatible con inducci\u00f3n permite fre\u00edr en sart\u00e9n de forma r\u00e1pida y sencilla, con la capacidad perfecta para preparar una deliciosa comida para 3","breadcrumb":{"@id":"https:\/\/dev6.erresse-shop.it\/es\/shop\/sartenes-y-ollas\/wok-es\/ken-hom-wok-excellence-antiadherente-35-cm-acero-al-carbono\/#breadcrumb"},"inLanguage":"es","potentialAction":[{"@type":"ReadAction","target":["https:\/\/dev6.erresse-shop.it\/es\/shop\/sartenes-y-ollas\/wok-es\/ken-hom-wok-excellence-antiadherente-35-cm-acero-al-carbono\/"]}]},{"@type":"ImageObject","inLanguage":"es","@id":"https:\/\/dev6.erresse-shop.it\/es\/shop\/sartenes-y-ollas\/wok-es\/ken-hom-wok-excellence-antiadherente-35-cm-acero-al-carbono\/#primaryimage","url":"https:\/\/i0.wp.com\/interpim.erresse-shop.it\/wp-content\/uploads\/2025\/04\/KEN-HOM-Wok-Excellence-Antiaderente-35-cm-Acciaio-al-Carbonio.jpg\/ken-hom-wok-excellence-antiaderente-35-cm-acciaio-al-carbonio.jpg?ssl=1","contentUrl":"https:\/\/i0.wp.com\/interpim.erresse-shop.it\/wp-content\/uploads\/2025\/04\/KEN-HOM-Wok-Excellence-Antiaderente-35-cm-Acciaio-al-Carbonio.jpg\/ken-hom-wok-excellence-antiaderente-35-cm-acciaio-al-carbonio.jpg?ssl=1"},{"@type":"BreadcrumbList","@id":"https:\/\/dev6.erresse-shop.it\/es\/shop\/sartenes-y-ollas\/wok-es\/ken-hom-wok-excellence-antiadherente-35-cm-acero-al-carbono\/#breadcrumb","itemListElement":[{"@type":"ListItem","position":1,"name":"Home","item":"https:\/\/dev6.erresse-shop.it\/"},{"@type":"ListItem","position":2,"name":"Tienda","item":"https:\/\/dev6.erresse-shop.it\/shop\/"},{"@type":"ListItem","position":3,"name":"KEN HOM Wok Excellence antiadherente 35 cm Acero al carbono"}]},{"@type":"WebSite","@id":"https:\/\/dev6.erresse-shop.it\/#website","url":"https:\/\/dev6.erresse-shop.it\/","name":"Erresse Shop","description":"","publisher":{"@id":"https:\/\/dev6.erresse-shop.it\/#organization"},"potentialAction":[{"@type":"SearchAction","target":{"@type":"EntryPoint","urlTemplate":"https:\/\/dev6.erresse-shop.it\/?s={search_term_string}"},"query-input":{"@type":"PropertyValueSpecification","valueRequired":true,"valueName":"search_term_string"}}],"inLanguage":"es"},{"@type":"Organization","@id":"https:\/\/dev6.erresse-shop.it\/#organization","name":"Erresse Shop","url":"https:\/\/dev6.erresse-shop.it\/","logo":{"@type":"ImageObject","inLanguage":"es","@id":"https:\/\/dev6.erresse-shop.it\/#\/schema\/logo\/image\/","url":"https:\/\/dev6.erresse-shop.it\/wp-content\/uploads\/2025\/01\/LOGO-ERRESSE-CLASSICO.svg","contentUrl":"https:\/\/dev6.erresse-shop.it\/wp-content\/uploads\/2025\/01\/LOGO-ERRESSE-CLASSICO.svg","caption":"Erresse Shop"},"image":{"@id":"https:\/\/dev6.erresse-shop.it\/#\/schema\/logo\/image\/"}}]}},"df_price":46.75,"df_sale_price":"","df_regular_price":46.75,"df_image_link":"https:\/\/i0.wp.com\/interpim.erresse-shop.it\/wp-content\/uploads\/2025\/04\/KEN-HOM-Wok-Excellence-Antiaderente-35-cm-Acciaio-al-Carbonio.jpg\/ken-hom-wok-excellence-antiaderente-35-cm-acciaio-al-carbonio.jpg?resize=300,300&ssl=1","fifu_image_url":"https:\/\/interpim.erresse-shop.it\/wp-content\/uploads\/2025\/04\/KEN-HOM-Wok-Excellence-Antiaderente-35-cm-Acciaio-al-Carbonio.jpg\/ken-hom-wok-excellence-antiaderente-35-cm-acciaio-al-carbonio.jpg","_links":{"self":[{"href":"https:\/\/dev6.erresse-shop.it\/es\/wp-json\/wp\/v2\/product\/2311399","targetHints":{"allow":["GET"]}}],"collection":[{"href":"https:\/\/dev6.erresse-shop.it\/es\/wp-json\/wp\/v2\/product"}],"about":[{"href":"https:\/\/dev6.erresse-shop.it\/es\/wp-json\/wp\/v2\/types\/product"}],"wp:featuredmedia":[{"embeddable":true,"href":"https:\/\/dev6.erresse-shop.it\/es\/wp-json\/wp\/v2\/media\/6297898"}],"wp:attachment":[{"href":"https:\/\/dev6.erresse-shop.it\/es\/wp-json\/wp\/v2\/media?parent=2311399"}],"wp:term":[{"taxonomy":"product_cat","embeddable":true,"href":"https:\/\/dev6.erresse-shop.it\/es\/wp-json\/wp\/v2\/product_cat?post=2311399"},{"taxonomy":"product_tag","embeddable":true,"href":"https:\/\/dev6.erresse-shop.it\/es\/wp-json\/wp\/v2\/product_tag?post=2311399"}],"curies":[{"name":"wp","href":"https:\/\/api.w.org\/{rel}","templated":true}]}}