{"id":2311395,"date":"2026-04-04T14:41:19","date_gmt":"2026-04-04T12:41:19","guid":{"rendered":"https:\/\/dev6.erresse-shop.it\/shop\/sin%20categor\u00eda\/vista-alegre-accento-mesa-brillante\/"},"modified":"2025-09-14T10:58:11","modified_gmt":"2025-09-14T08:58:11","slug":"vista-alegre-accento-mesa-brillante","status":"publish","type":"product","link":"https:\/\/dev6.erresse-shop.it\/es\/shop\/mobiliario\/mesas-y-mesitas-bajas\/vista-alegre-accento-mesa-brillante\/","title":{"rendered":"VISTA ALEGRE Accento Mesa brillante"},"content":{"rendered":"<p>La mesa de la colecci\u00f3n Accento de Vista Alegre, creada en colaboraci\u00f3n con Pininfarina, est\u00e1 acabada a mano con materiales nobles como cuero, madera y m\u00e1rmol. Inspirado en los autos deportivos de lujo de los a\u00f1os 60 y 70, es parte de una colecci\u00f3n que celebra el 200 aniversario de Vista Alegre. Muebles como asientos, mesas y aparadores combinan detalles de cer\u00e1mica y dise\u00f1o automotriz, rindiendo homenaje a la herencia de Pininfarina.<\/p>\n<p>Altura: 790 mm<br \/>\nLongitud: 2409 mm<br \/>\nAncho: 1175 mm<\/p>\n<p>Madera de fresno te\u00f1ida en antracita<br \/>\nM\u00e1rmol Negro Marquina (Acabado brillante)<\/p>\n","protected":false},"excerpt":{"rendered":"<p>La mesa de la colecci\u00f3n Accento de Vista Alegre, creada en colaboraci\u00f3n con Pininfarina, est\u00e1 acabada a mano con materiales nobles como cuero, madera y m\u00e1rmol. Inspirado en los autos deportivos de lujo de los a\u00f1os 60 y 70, es parte de una colecci\u00f3n que celebra el 200 aniversario de Vista Alegre. Muebles como asientos, [&hellip;]<\/p>\n","protected":false},"featured_media":6297888,"template":"","meta":{"_acf_changed":false},"product_cat":[11940,11882],"product_tag":[],"class_list":{"0":"post-2311395","1":"product","2":"type-product","3":"status-publish","4":"has-post-thumbnail","6":"product_cat-mesas-y-mesitas-bajas","7":"product_cat-mobiliario","9":"first","10":"instock","11":"taxable","12":"shipping-taxable","13":"purchasable","14":"product-type-simple","swatches":"rey-swatches","show_selected":"","stretch_labels":"rey-swatches--stretch-labels"},"acf":[],"yoast_head":"<!-- This site is optimized with the Yoast SEO plugin v25.4 - https:\/\/yoast.com\/wordpress\/plugins\/seo\/ -->\n<title>VISTA ALEGRE Accento Mesa brillante - dev6 Erresse<\/title>\n<meta name=\"description\" content=\"La mesa de la colecci\u00f3n Accento de Vista Alegre, creada en colaboraci\u00f3n con Pininfarina, est\u00e1 acabada a mano con materiales nobles como cuero, madera y\" \/>\n<meta name=\"robots\" content=\"noindex, follow, max-snippet:-1, max-image-preview:large, max-video-preview:-1\" \/>\n<meta property=\"og:locale\" content=\"es_ES\" \/>\n<meta property=\"og:type\" content=\"article\" \/>\n<meta property=\"og:title\" content=\"VISTA ALEGRE Accento Mesa brillante - dev6 Erresse\" \/>\n<meta property=\"og:description\" content=\"La mesa de la colecci\u00f3n Accento de Vista Alegre, creada en colaboraci\u00f3n con Pininfarina, est\u00e1 acabada a mano con materiales nobles como cuero, madera y\" \/>\n<meta property=\"og:url\" content=\"https:\/\/dev6.erresse-shop.it\/es\/shop\/mobiliario\/mesas-y-mesitas-bajas\/vista-alegre-accento-mesa-brillante\/\" \/>\n<meta property=\"og:site_name\" content=\"dev6 Erresse\" \/>\n<meta property=\"og:image\" content=\"https:\/\/interpim.erresse-shop.it\/wp-content\/uploads\/2025\/04\/VISTA-ALEGRE-Accento-Tavolo-Opaco.jpg\/vista-alegre-accento-tavolo-opaco.jpg\" \/><meta property=\"og:image\" content=\"https:\/\/interpim.erresse-shop.it\/wp-content\/uploads\/2025\/04\/VISTA-ALEGRE-Accento-Tavolo-Opaco.jpg\/vista-alegre-accento-tavolo-opaco.jpg\" \/>\n\t<meta property=\"og:image:width\" content=\"1024\" \/>\n\t<meta property=\"og:image:height\" content=\"1024\" \/>\n\t<meta property=\"og:image:type\" content=\"image\/jpeg\" \/>\n<meta name=\"twitter:card\" content=\"summary_large_image\" \/>\n<meta name=\"twitter:image\" content=\"https:\/\/interpim.erresse-shop.it\/wp-content\/uploads\/2025\/04\/VISTA-ALEGRE-Accento-Tavolo-Opaco.jpg\/vista-alegre-accento-tavolo-opaco.jpg\" \/>\n<script type=\"application\/ld+json\" class=\"yoast-schema-graph\">{\"@context\":\"https:\/\/schema.org\",\"@graph\":[{\"@type\":\"WebPage\",\"@id\":\"https:\/\/dev6.erresse-shop.it\/es\/shop\/mobiliario\/mesas-y-mesitas-bajas\/vista-alegre-accento-mesa-brillante\/\",\"url\":\"https:\/\/dev6.erresse-shop.it\/es\/shop\/mobiliario\/mesas-y-mesitas-bajas\/vista-alegre-accento-mesa-brillante\/\",\"name\":\"VISTA ALEGRE Accento Mesa brillante - dev6 Erresse\",\"isPartOf\":{\"@id\":\"https:\/\/dev6.erresse-shop.it\/#website\"},\"primaryImageOfPage\":{\"@id\":\"https:\/\/dev6.erresse-shop.it\/es\/shop\/mobiliario\/mesas-y-mesitas-bajas\/vista-alegre-accento-mesa-brillante\/#primaryimage\"},\"image\":{\"@id\":\"https:\/\/dev6.erresse-shop.it\/es\/shop\/mobiliario\/mesas-y-mesitas-bajas\/vista-alegre-accento-mesa-brillante\/#primaryimage\"},\"thumbnailUrl\":\"https:\/\/i2.wp.com\/interpim.erresse-shop.it\/wp-content\/uploads\/2025\/04\/VISTA-ALEGRE-Accento-Tavolo-Opaco.jpg\/vista-alegre-accento-tavolo-opaco.jpg?ssl=1\",\"datePublished\":\"2026-04-04T12:41:19+00:00\",\"description\":\"La mesa de la colecci\u00f3n Accento de Vista Alegre, creada en colaboraci\u00f3n con Pininfarina, est\u00e1 acabada a mano con materiales nobles como cuero, madera y\",\"breadcrumb\":{\"@id\":\"https:\/\/dev6.erresse-shop.it\/es\/shop\/mobiliario\/mesas-y-mesitas-bajas\/vista-alegre-accento-mesa-brillante\/#breadcrumb\"},\"inLanguage\":\"es\",\"potentialAction\":[{\"@type\":\"ReadAction\",\"target\":[\"https:\/\/dev6.erresse-shop.it\/es\/shop\/mobiliario\/mesas-y-mesitas-bajas\/vista-alegre-accento-mesa-brillante\/\"]}]},{\"@type\":\"ImageObject\",\"inLanguage\":\"es\",\"@id\":\"https:\/\/dev6.erresse-shop.it\/es\/shop\/mobiliario\/mesas-y-mesitas-bajas\/vista-alegre-accento-mesa-brillante\/#primaryimage\",\"url\":\"https:\/\/i2.wp.com\/interpim.erresse-shop.it\/wp-content\/uploads\/2025\/04\/VISTA-ALEGRE-Accento-Tavolo-Opaco.jpg\/vista-alegre-accento-tavolo-opaco.jpg?ssl=1\",\"contentUrl\":\"https:\/\/i2.wp.com\/interpim.erresse-shop.it\/wp-content\/uploads\/2025\/04\/VISTA-ALEGRE-Accento-Tavolo-Opaco.jpg\/vista-alegre-accento-tavolo-opaco.jpg?ssl=1\"},{\"@type\":\"BreadcrumbList\",\"@id\":\"https:\/\/dev6.erresse-shop.it\/es\/shop\/mobiliario\/mesas-y-mesitas-bajas\/vista-alegre-accento-mesa-brillante\/#breadcrumb\",\"itemListElement\":[{\"@type\":\"ListItem\",\"position\":1,\"name\":\"Home\",\"item\":\"https:\/\/dev6.erresse-shop.it\/\"},{\"@type\":\"ListItem\",\"position\":2,\"name\":\"Tienda\",\"item\":\"https:\/\/dev6.erresse-shop.it\/shop\/\"},{\"@type\":\"ListItem\",\"position\":3,\"name\":\"VISTA ALEGRE Accento Mesa brillante\"}]},{\"@type\":\"WebSite\",\"@id\":\"https:\/\/dev6.erresse-shop.it\/#website\",\"url\":\"https:\/\/dev6.erresse-shop.it\/\",\"name\":\"Erresse Shop\",\"description\":\"\",\"publisher\":{\"@id\":\"https:\/\/dev6.erresse-shop.it\/#organization\"},\"potentialAction\":[{\"@type\":\"SearchAction\",\"target\":{\"@type\":\"EntryPoint\",\"urlTemplate\":\"https:\/\/dev6.erresse-shop.it\/?s={search_term_string}\"},\"query-input\":{\"@type\":\"PropertyValueSpecification\",\"valueRequired\":true,\"valueName\":\"search_term_string\"}}],\"inLanguage\":\"es\"},{\"@type\":\"Organization\",\"@id\":\"https:\/\/dev6.erresse-shop.it\/#organization\",\"name\":\"Erresse Shop\",\"url\":\"https:\/\/dev6.erresse-shop.it\/\",\"logo\":{\"@type\":\"ImageObject\",\"inLanguage\":\"es\",\"@id\":\"https:\/\/dev6.erresse-shop.it\/#\/schema\/logo\/image\/\",\"url\":\"https:\/\/dev6.erresse-shop.it\/wp-content\/uploads\/2025\/01\/LOGO-ERRESSE-CLASSICO.svg\",\"contentUrl\":\"https:\/\/dev6.erresse-shop.it\/wp-content\/uploads\/2025\/01\/LOGO-ERRESSE-CLASSICO.svg\",\"caption\":\"Erresse Shop\"},\"image\":{\"@id\":\"https:\/\/dev6.erresse-shop.it\/#\/schema\/logo\/image\/\"}}]}<\/script>\n<!-- \/ Yoast SEO plugin. -->","yoast_head_json":{"title":"VISTA ALEGRE Accento Mesa brillante - dev6 Erresse","description":"La mesa de la colecci\u00f3n Accento de Vista Alegre, creada en colaboraci\u00f3n con Pininfarina, est\u00e1 acabada a mano con materiales nobles como cuero, madera y","robots":{"index":"noindex","follow":"follow","max-snippet":"max-snippet:-1","max-image-preview":"max-image-preview:large","max-video-preview":"max-video-preview:-1"},"og_locale":"es_ES","og_type":"article","og_title":"VISTA ALEGRE Accento Mesa brillante - dev6 Erresse","og_description":"La mesa de la colecci\u00f3n Accento de Vista Alegre, creada en colaboraci\u00f3n con Pininfarina, est\u00e1 acabada a mano con materiales nobles como cuero, madera y","og_url":"https:\/\/dev6.erresse-shop.it\/es\/shop\/mobiliario\/mesas-y-mesitas-bajas\/vista-alegre-accento-mesa-brillante\/","og_site_name":"dev6 Erresse","og_image":[{"url":"https:\/\/interpim.erresse-shop.it\/wp-content\/uploads\/2025\/04\/VISTA-ALEGRE-Accento-Tavolo-Opaco.jpg\/vista-alegre-accento-tavolo-opaco.jpg","type":"","width":"","height":""},{"url":"https:\/\/interpim.erresse-shop.it\/wp-content\/uploads\/2025\/04\/VISTA-ALEGRE-Accento-Tavolo-Opaco.jpg\/vista-alegre-accento-tavolo-opaco.jpg","width":1024,"height":1024,"type":"image\/jpeg"}],"twitter_card":"summary_large_image","twitter_image":"https:\/\/interpim.erresse-shop.it\/wp-content\/uploads\/2025\/04\/VISTA-ALEGRE-Accento-Tavolo-Opaco.jpg\/vista-alegre-accento-tavolo-opaco.jpg","schema":{"@context":"https:\/\/schema.org","@graph":[{"@type":"WebPage","@id":"https:\/\/dev6.erresse-shop.it\/es\/shop\/mobiliario\/mesas-y-mesitas-bajas\/vista-alegre-accento-mesa-brillante\/","url":"https:\/\/dev6.erresse-shop.it\/es\/shop\/mobiliario\/mesas-y-mesitas-bajas\/vista-alegre-accento-mesa-brillante\/","name":"VISTA ALEGRE Accento Mesa brillante - dev6 Erresse","isPartOf":{"@id":"https:\/\/dev6.erresse-shop.it\/#website"},"primaryImageOfPage":{"@id":"https:\/\/dev6.erresse-shop.it\/es\/shop\/mobiliario\/mesas-y-mesitas-bajas\/vista-alegre-accento-mesa-brillante\/#primaryimage"},"image":{"@id":"https:\/\/dev6.erresse-shop.it\/es\/shop\/mobiliario\/mesas-y-mesitas-bajas\/vista-alegre-accento-mesa-brillante\/#primaryimage"},"thumbnailUrl":"https:\/\/i2.wp.com\/interpim.erresse-shop.it\/wp-content\/uploads\/2025\/04\/VISTA-ALEGRE-Accento-Tavolo-Opaco.jpg\/vista-alegre-accento-tavolo-opaco.jpg?ssl=1","datePublished":"2026-04-04T12:41:19+00:00","description":"La mesa de la colecci\u00f3n Accento de Vista Alegre, creada en colaboraci\u00f3n con Pininfarina, est\u00e1 acabada a mano con materiales nobles como cuero, madera y","breadcrumb":{"@id":"https:\/\/dev6.erresse-shop.it\/es\/shop\/mobiliario\/mesas-y-mesitas-bajas\/vista-alegre-accento-mesa-brillante\/#breadcrumb"},"inLanguage":"es","potentialAction":[{"@type":"ReadAction","target":["https:\/\/dev6.erresse-shop.it\/es\/shop\/mobiliario\/mesas-y-mesitas-bajas\/vista-alegre-accento-mesa-brillante\/"]}]},{"@type":"ImageObject","inLanguage":"es","@id":"https:\/\/dev6.erresse-shop.it\/es\/shop\/mobiliario\/mesas-y-mesitas-bajas\/vista-alegre-accento-mesa-brillante\/#primaryimage","url":"https:\/\/i2.wp.com\/interpim.erresse-shop.it\/wp-content\/uploads\/2025\/04\/VISTA-ALEGRE-Accento-Tavolo-Opaco.jpg\/vista-alegre-accento-tavolo-opaco.jpg?ssl=1","contentUrl":"https:\/\/i2.wp.com\/interpim.erresse-shop.it\/wp-content\/uploads\/2025\/04\/VISTA-ALEGRE-Accento-Tavolo-Opaco.jpg\/vista-alegre-accento-tavolo-opaco.jpg?ssl=1"},{"@type":"BreadcrumbList","@id":"https:\/\/dev6.erresse-shop.it\/es\/shop\/mobiliario\/mesas-y-mesitas-bajas\/vista-alegre-accento-mesa-brillante\/#breadcrumb","itemListElement":[{"@type":"ListItem","position":1,"name":"Home","item":"https:\/\/dev6.erresse-shop.it\/"},{"@type":"ListItem","position":2,"name":"Tienda","item":"https:\/\/dev6.erresse-shop.it\/shop\/"},{"@type":"ListItem","position":3,"name":"VISTA ALEGRE Accento Mesa brillante"}]},{"@type":"WebSite","@id":"https:\/\/dev6.erresse-shop.it\/#website","url":"https:\/\/dev6.erresse-shop.it\/","name":"Erresse Shop","description":"","publisher":{"@id":"https:\/\/dev6.erresse-shop.it\/#organization"},"potentialAction":[{"@type":"SearchAction","target":{"@type":"EntryPoint","urlTemplate":"https:\/\/dev6.erresse-shop.it\/?s={search_term_string}"},"query-input":{"@type":"PropertyValueSpecification","valueRequired":true,"valueName":"search_term_string"}}],"inLanguage":"es"},{"@type":"Organization","@id":"https:\/\/dev6.erresse-shop.it\/#organization","name":"Erresse Shop","url":"https:\/\/dev6.erresse-shop.it\/","logo":{"@type":"ImageObject","inLanguage":"es","@id":"https:\/\/dev6.erresse-shop.it\/#\/schema\/logo\/image\/","url":"https:\/\/dev6.erresse-shop.it\/wp-content\/uploads\/2025\/01\/LOGO-ERRESSE-CLASSICO.svg","contentUrl":"https:\/\/dev6.erresse-shop.it\/wp-content\/uploads\/2025\/01\/LOGO-ERRESSE-CLASSICO.svg","caption":"Erresse Shop"},"image":{"@id":"https:\/\/dev6.erresse-shop.it\/#\/schema\/logo\/image\/"}}]}},"df_price":10655.74,"df_sale_price":"","df_regular_price":10655.74,"df_image_link":"https:\/\/i2.wp.com\/interpim.erresse-shop.it\/wp-content\/uploads\/2025\/04\/VISTA-ALEGRE-Accento-Tavolo-Opaco.jpg\/vista-alegre-accento-tavolo-opaco.jpg?resize=300,300&ssl=1","fifu_image_url":"https:\/\/interpim.erresse-shop.it\/wp-content\/uploads\/2025\/04\/VISTA-ALEGRE-Accento-Tavolo-Opaco.jpg\/vista-alegre-accento-tavolo-opaco.jpg","_links":{"self":[{"href":"https:\/\/dev6.erresse-shop.it\/es\/wp-json\/wp\/v2\/product\/2311395","targetHints":{"allow":["GET"]}}],"collection":[{"href":"https:\/\/dev6.erresse-shop.it\/es\/wp-json\/wp\/v2\/product"}],"about":[{"href":"https:\/\/dev6.erresse-shop.it\/es\/wp-json\/wp\/v2\/types\/product"}],"wp:featuredmedia":[{"embeddable":true,"href":"https:\/\/dev6.erresse-shop.it\/es\/wp-json\/wp\/v2\/media\/6297888"}],"wp:attachment":[{"href":"https:\/\/dev6.erresse-shop.it\/es\/wp-json\/wp\/v2\/media?parent=2311395"}],"wp:term":[{"taxonomy":"product_cat","embeddable":true,"href":"https:\/\/dev6.erresse-shop.it\/es\/wp-json\/wp\/v2\/product_cat?post=2311395"},{"taxonomy":"product_tag","embeddable":true,"href":"https:\/\/dev6.erresse-shop.it\/es\/wp-json\/wp\/v2\/product_tag?post=2311395"}],"curies":[{"name":"wp","href":"https:\/\/api.w.org\/{rel}","templated":true}]}}