{"id":2311371,"date":"2026-04-12T14:40:55","date_gmt":"2026-04-12T12:40:55","guid":{"rendered":"https:\/\/dev6.erresse-shop.it\/shop\/sin%20categor\u00eda\/bamix-gastro-200-negro\/"},"modified":"2025-09-14T10:57:05","modified_gmt":"2025-09-14T08:57:05","slug":"bamix-gastro-200-negro","status":"publish","type":"product","link":"https:\/\/dev6.erresse-shop.it\/es\/shop\/pequenos-electrodomesticos\/licuadoras\/bamix-gastro-200-negro\/","title":{"rendered":"BAMIX Gastro 200 Negro"},"content":{"rendered":"<p>Gastro: el robot de cocina profesional compacto y siempre eficiente<\/p>\n<p>Gastro es la versi\u00f3n profesional del famoso robot de cocina bamix, dise\u00f1ado para garantizar un alto rendimiento incluso en un formato compacto. Equipado con un motor AC de alta calidad, puede alcanzar velocidades entre 12.000 y 17.000 rpm, lo que le permite manejar una amplia variedad de preparaciones con precisi\u00f3n. La varilla de 19 cm de largo es perfecta para uso directo en ollas, lo que hace que cocinar sea m\u00e1s c\u00f3modo y reduce la necesidad de recipientes adicionales.<\/p>\n<p>Cuchilla multiusos: para infinidad de preparaciones<\/p>\n<p>La cuchilla multiusos Gastro es uno de los accesorios clave que hacen que este procesador de alimentos sea tan eficiente. Capaz de picar, cortar y mezclar cualquier tipo de alimento, es especialmente \u00fatil para trabajar con alimentos congelados o cubitos de hielo. Desde la preparaci\u00f3n de sopas y cremas hasta helados, pesto y batidos, la cuchilla multiusos bamix hace que cada preparaci\u00f3n sea m\u00e1s f\u00e1cil y r\u00e1pida.<\/p>\n<p>Batidor perfecto para preparaciones ligeras y esponjosas.<\/p>\n<p>El batidor incluido con el modelo Gastro es perfecto para crear consistencias ligeras y aireadas. Ya sea que est\u00e9 batiendo crema, claras de huevo o preparando mousse y zabaglione, el batidor garantiza resultados suaves y sin grumos.<\/p>\n<p>Batidora para consistencias cremosas y duraderas<\/p>\n<p>Gastro no se detiene en preparaciones ligeras: su mezclador es ideal para emulsiones m\u00e1s espesas y con m\u00e1s cuerpo. Con \u00e9l podr\u00e1s crear pur\u00e9 de patatas perfecto, preparar mayonesa en segundos e incluso mezclar c\u00f3cteles. La batidora permite obtener consistencias suaves, haci\u00e9ndola perfecta para budines, flanes, crepes y mucho m\u00e1s.<\/p>\n<p>Rendimiento profesional para todas las necesidades<\/p>\n<p>Con el modelo Gastro, bamix tambi\u00e9n ofrece una soluci\u00f3n profesional para las cocinas dom\u00e9sticas. Su potencia, versatilidad y facilidad de uso la hacen perfecta para cualquier tipo de preparaci\u00f3n. Con este peque\u00f1o pero potente procesador de alimentos podr\u00e1s explorar nuevos niveles de creatividad culinaria, consiguiendo excelentes resultados tanto en preparaciones cotidianas como en platos m\u00e1s elaborados.<\/p>\n<p>CARACTER\u00cdSTICAS<\/p>\n<p>Material: pl\u00e1stico y acero.<br \/>\nDimensiones: 7 x 6.5 x 40.5 cm<br \/>\nPeso: 950 g<\/p>\n<p>NOT FOR SALE OUTSIDE EUROPE<\/p>\n","protected":false},"excerpt":{"rendered":"<p>Gastro: el robot de cocina profesional compacto y siempre eficiente Gastro es la versi\u00f3n profesional del famoso robot de cocina bamix, dise\u00f1ado para garantizar un alto rendimiento incluso en un formato compacto. Equipado con un motor AC de alta calidad, puede alcanzar velocidades entre 12.000 y 17.000 rpm, lo que le permite manejar una amplia [&hellip;]<\/p>\n","protected":false},"featured_media":6381118,"template":"","meta":{"_acf_changed":false},"product_cat":[11953,11947],"product_tag":[],"class_list":{"0":"post-2311371","1":"product","2":"type-product","3":"status-publish","4":"has-post-thumbnail","6":"product_cat-licuadoras","7":"product_cat-pequenos-electrodomesticos","9":"first","10":"instock","11":"sale","12":"taxable","13":"shipping-taxable","14":"purchasable","15":"product-type-simple","swatches":"rey-swatches","show_selected":"","stretch_labels":"rey-swatches--stretch-labels"},"acf":[],"yoast_head":"<!-- This site is optimized with the Yoast SEO plugin v25.4 - https:\/\/yoast.com\/wordpress\/plugins\/seo\/ -->\n<title>BAMIX Gastro 200 Negro - dev6 Erresse<\/title>\n<meta name=\"description\" content=\"Gastro: el robot de cocina profesional compacto y siempre eficiente Gastro es la versi\u00f3n profesional del famoso robot de cocina bamix, dise\u00f1ado para\" \/>\n<meta name=\"robots\" content=\"noindex, follow, max-snippet:-1, max-image-preview:large, max-video-preview:-1\" \/>\n<meta property=\"og:locale\" content=\"es_ES\" \/>\n<meta property=\"og:type\" content=\"article\" \/>\n<meta property=\"og:title\" content=\"BAMIX Gastro 200 Negro - dev6 Erresse\" \/>\n<meta property=\"og:description\" content=\"Gastro: el robot de cocina profesional compacto y siempre eficiente Gastro es la versi\u00f3n profesional del famoso robot de cocina bamix, dise\u00f1ado para\" \/>\n<meta property=\"og:url\" content=\"https:\/\/dev6.erresse-shop.it\/es\/shop\/pequenos-electrodomesticos\/licuadoras\/bamix-gastro-200-negro\/\" \/>\n<meta property=\"og:site_name\" content=\"dev6 Erresse\" \/>\n<meta property=\"og:image\" content=\"https:\/\/interpim.erresse-shop.it\/wp-content\/uploads\/2025\/04\/BAMIX-Gastro-200-Nero.jpg\/bamix-gastro-200-nero.jpg\" \/><meta property=\"og:image\" content=\"https:\/\/interpim.erresse-shop.it\/wp-content\/uploads\/2025\/04\/BAMIX-Gastro-200-Nero.jpg\/bamix-gastro-200-nero.jpg\" \/>\n\t<meta property=\"og:image:width\" content=\"1024\" \/>\n\t<meta property=\"og:image:height\" content=\"1024\" \/>\n\t<meta property=\"og:image:type\" content=\"image\/jpeg\" \/>\n<meta name=\"twitter:card\" content=\"summary_large_image\" \/>\n<meta name=\"twitter:image\" content=\"https:\/\/interpim.erresse-shop.it\/wp-content\/uploads\/2025\/04\/BAMIX-Gastro-200-Nero.jpg\/bamix-gastro-200-nero.jpg\" \/>\n<script type=\"application\/ld+json\" class=\"yoast-schema-graph\">{\"@context\":\"https:\/\/schema.org\",\"@graph\":[{\"@type\":\"WebPage\",\"@id\":\"https:\/\/dev6.erresse-shop.it\/es\/shop\/pequenos-electrodomesticos\/licuadoras\/bamix-gastro-200-negro\/\",\"url\":\"https:\/\/dev6.erresse-shop.it\/es\/shop\/pequenos-electrodomesticos\/licuadoras\/bamix-gastro-200-negro\/\",\"name\":\"BAMIX Gastro 200 Negro - dev6 Erresse\",\"isPartOf\":{\"@id\":\"https:\/\/dev6.erresse-shop.it\/#website\"},\"primaryImageOfPage\":{\"@id\":\"https:\/\/dev6.erresse-shop.it\/es\/shop\/pequenos-electrodomesticos\/licuadoras\/bamix-gastro-200-negro\/#primaryimage\"},\"image\":{\"@id\":\"https:\/\/dev6.erresse-shop.it\/es\/shop\/pequenos-electrodomesticos\/licuadoras\/bamix-gastro-200-negro\/#primaryimage\"},\"thumbnailUrl\":\"https:\/\/i2.wp.com\/interpim.erresse-shop.it\/wp-content\/uploads\/2025\/04\/BAMIX-Gastro-200-Nero.jpg\/bamix-gastro-200-nero.jpg?ssl=1\",\"datePublished\":\"2026-04-12T12:40:55+00:00\",\"description\":\"Gastro: el robot de cocina profesional compacto y siempre eficiente Gastro es la versi\u00f3n profesional del famoso robot de cocina bamix, dise\u00f1ado para\",\"breadcrumb\":{\"@id\":\"https:\/\/dev6.erresse-shop.it\/es\/shop\/pequenos-electrodomesticos\/licuadoras\/bamix-gastro-200-negro\/#breadcrumb\"},\"inLanguage\":\"es\",\"potentialAction\":[{\"@type\":\"ReadAction\",\"target\":[\"https:\/\/dev6.erresse-shop.it\/es\/shop\/pequenos-electrodomesticos\/licuadoras\/bamix-gastro-200-negro\/\"]}]},{\"@type\":\"ImageObject\",\"inLanguage\":\"es\",\"@id\":\"https:\/\/dev6.erresse-shop.it\/es\/shop\/pequenos-electrodomesticos\/licuadoras\/bamix-gastro-200-negro\/#primaryimage\",\"url\":\"https:\/\/i2.wp.com\/interpim.erresse-shop.it\/wp-content\/uploads\/2025\/04\/BAMIX-Gastro-200-Nero.jpg\/bamix-gastro-200-nero.jpg?ssl=1\",\"contentUrl\":\"https:\/\/i2.wp.com\/interpim.erresse-shop.it\/wp-content\/uploads\/2025\/04\/BAMIX-Gastro-200-Nero.jpg\/bamix-gastro-200-nero.jpg?ssl=1\"},{\"@type\":\"BreadcrumbList\",\"@id\":\"https:\/\/dev6.erresse-shop.it\/es\/shop\/pequenos-electrodomesticos\/licuadoras\/bamix-gastro-200-negro\/#breadcrumb\",\"itemListElement\":[{\"@type\":\"ListItem\",\"position\":1,\"name\":\"Home\",\"item\":\"https:\/\/dev6.erresse-shop.it\/\"},{\"@type\":\"ListItem\",\"position\":2,\"name\":\"Tienda\",\"item\":\"https:\/\/dev6.erresse-shop.it\/shop\/\"},{\"@type\":\"ListItem\",\"position\":3,\"name\":\"BAMIX Gastro 200 Negro\"}]},{\"@type\":\"WebSite\",\"@id\":\"https:\/\/dev6.erresse-shop.it\/#website\",\"url\":\"https:\/\/dev6.erresse-shop.it\/\",\"name\":\"Erresse Shop\",\"description\":\"\",\"publisher\":{\"@id\":\"https:\/\/dev6.erresse-shop.it\/#organization\"},\"potentialAction\":[{\"@type\":\"SearchAction\",\"target\":{\"@type\":\"EntryPoint\",\"urlTemplate\":\"https:\/\/dev6.erresse-shop.it\/?s={search_term_string}\"},\"query-input\":{\"@type\":\"PropertyValueSpecification\",\"valueRequired\":true,\"valueName\":\"search_term_string\"}}],\"inLanguage\":\"es\"},{\"@type\":\"Organization\",\"@id\":\"https:\/\/dev6.erresse-shop.it\/#organization\",\"name\":\"Erresse Shop\",\"url\":\"https:\/\/dev6.erresse-shop.it\/\",\"logo\":{\"@type\":\"ImageObject\",\"inLanguage\":\"es\",\"@id\":\"https:\/\/dev6.erresse-shop.it\/#\/schema\/logo\/image\/\",\"url\":\"https:\/\/dev6.erresse-shop.it\/wp-content\/uploads\/2025\/01\/LOGO-ERRESSE-CLASSICO.svg\",\"contentUrl\":\"https:\/\/dev6.erresse-shop.it\/wp-content\/uploads\/2025\/01\/LOGO-ERRESSE-CLASSICO.svg\",\"caption\":\"Erresse Shop\"},\"image\":{\"@id\":\"https:\/\/dev6.erresse-shop.it\/#\/schema\/logo\/image\/\"}}]}<\/script>\n<!-- \/ Yoast SEO plugin. -->","yoast_head_json":{"title":"BAMIX Gastro 200 Negro - dev6 Erresse","description":"Gastro: el robot de cocina profesional compacto y siempre eficiente Gastro es la versi\u00f3n profesional del famoso robot de cocina bamix, dise\u00f1ado para","robots":{"index":"noindex","follow":"follow","max-snippet":"max-snippet:-1","max-image-preview":"max-image-preview:large","max-video-preview":"max-video-preview:-1"},"og_locale":"es_ES","og_type":"article","og_title":"BAMIX Gastro 200 Negro - dev6 Erresse","og_description":"Gastro: el robot de cocina profesional compacto y siempre eficiente Gastro es la versi\u00f3n profesional del famoso robot de cocina bamix, dise\u00f1ado para","og_url":"https:\/\/dev6.erresse-shop.it\/es\/shop\/pequenos-electrodomesticos\/licuadoras\/bamix-gastro-200-negro\/","og_site_name":"dev6 Erresse","og_image":[{"url":"https:\/\/interpim.erresse-shop.it\/wp-content\/uploads\/2025\/04\/BAMIX-Gastro-200-Nero.jpg\/bamix-gastro-200-nero.jpg","type":"","width":"","height":""},{"url":"https:\/\/interpim.erresse-shop.it\/wp-content\/uploads\/2025\/04\/BAMIX-Gastro-200-Nero.jpg\/bamix-gastro-200-nero.jpg","width":1024,"height":1024,"type":"image\/jpeg"}],"twitter_card":"summary_large_image","twitter_image":"https:\/\/interpim.erresse-shop.it\/wp-content\/uploads\/2025\/04\/BAMIX-Gastro-200-Nero.jpg\/bamix-gastro-200-nero.jpg","schema":{"@context":"https:\/\/schema.org","@graph":[{"@type":"WebPage","@id":"https:\/\/dev6.erresse-shop.it\/es\/shop\/pequenos-electrodomesticos\/licuadoras\/bamix-gastro-200-negro\/","url":"https:\/\/dev6.erresse-shop.it\/es\/shop\/pequenos-electrodomesticos\/licuadoras\/bamix-gastro-200-negro\/","name":"BAMIX Gastro 200 Negro - dev6 Erresse","isPartOf":{"@id":"https:\/\/dev6.erresse-shop.it\/#website"},"primaryImageOfPage":{"@id":"https:\/\/dev6.erresse-shop.it\/es\/shop\/pequenos-electrodomesticos\/licuadoras\/bamix-gastro-200-negro\/#primaryimage"},"image":{"@id":"https:\/\/dev6.erresse-shop.it\/es\/shop\/pequenos-electrodomesticos\/licuadoras\/bamix-gastro-200-negro\/#primaryimage"},"thumbnailUrl":"https:\/\/i2.wp.com\/interpim.erresse-shop.it\/wp-content\/uploads\/2025\/04\/BAMIX-Gastro-200-Nero.jpg\/bamix-gastro-200-nero.jpg?ssl=1","datePublished":"2026-04-12T12:40:55+00:00","description":"Gastro: el robot de cocina profesional compacto y siempre eficiente Gastro es la versi\u00f3n profesional del famoso robot de cocina bamix, dise\u00f1ado para","breadcrumb":{"@id":"https:\/\/dev6.erresse-shop.it\/es\/shop\/pequenos-electrodomesticos\/licuadoras\/bamix-gastro-200-negro\/#breadcrumb"},"inLanguage":"es","potentialAction":[{"@type":"ReadAction","target":["https:\/\/dev6.erresse-shop.it\/es\/shop\/pequenos-electrodomesticos\/licuadoras\/bamix-gastro-200-negro\/"]}]},{"@type":"ImageObject","inLanguage":"es","@id":"https:\/\/dev6.erresse-shop.it\/es\/shop\/pequenos-electrodomesticos\/licuadoras\/bamix-gastro-200-negro\/#primaryimage","url":"https:\/\/i2.wp.com\/interpim.erresse-shop.it\/wp-content\/uploads\/2025\/04\/BAMIX-Gastro-200-Nero.jpg\/bamix-gastro-200-nero.jpg?ssl=1","contentUrl":"https:\/\/i2.wp.com\/interpim.erresse-shop.it\/wp-content\/uploads\/2025\/04\/BAMIX-Gastro-200-Nero.jpg\/bamix-gastro-200-nero.jpg?ssl=1"},{"@type":"BreadcrumbList","@id":"https:\/\/dev6.erresse-shop.it\/es\/shop\/pequenos-electrodomesticos\/licuadoras\/bamix-gastro-200-negro\/#breadcrumb","itemListElement":[{"@type":"ListItem","position":1,"name":"Home","item":"https:\/\/dev6.erresse-shop.it\/"},{"@type":"ListItem","position":2,"name":"Tienda","item":"https:\/\/dev6.erresse-shop.it\/shop\/"},{"@type":"ListItem","position":3,"name":"BAMIX Gastro 200 Negro"}]},{"@type":"WebSite","@id":"https:\/\/dev6.erresse-shop.it\/#website","url":"https:\/\/dev6.erresse-shop.it\/","name":"Erresse Shop","description":"","publisher":{"@id":"https:\/\/dev6.erresse-shop.it\/#organization"},"potentialAction":[{"@type":"SearchAction","target":{"@type":"EntryPoint","urlTemplate":"https:\/\/dev6.erresse-shop.it\/?s={search_term_string}"},"query-input":{"@type":"PropertyValueSpecification","valueRequired":true,"valueName":"search_term_string"}}],"inLanguage":"es"},{"@type":"Organization","@id":"https:\/\/dev6.erresse-shop.it\/#organization","name":"Erresse Shop","url":"https:\/\/dev6.erresse-shop.it\/","logo":{"@type":"ImageObject","inLanguage":"es","@id":"https:\/\/dev6.erresse-shop.it\/#\/schema\/logo\/image\/","url":"https:\/\/dev6.erresse-shop.it\/wp-content\/uploads\/2025\/01\/LOGO-ERRESSE-CLASSICO.svg","contentUrl":"https:\/\/dev6.erresse-shop.it\/wp-content\/uploads\/2025\/01\/LOGO-ERRESSE-CLASSICO.svg","caption":"Erresse Shop"},"image":{"@id":"https:\/\/dev6.erresse-shop.it\/#\/schema\/logo\/image\/"}}]}},"df_price":279,"df_sale_price":279,"df_regular_price":279.9,"df_image_link":"https:\/\/i2.wp.com\/interpim.erresse-shop.it\/wp-content\/uploads\/2025\/04\/BAMIX-Gastro-200-Nero.jpg\/bamix-gastro-200-nero.jpg?resize=300,300&ssl=1","fifu_image_url":"https:\/\/interpim.erresse-shop.it\/wp-content\/uploads\/2025\/04\/BAMIX-Gastro-200-Nero.jpg\/bamix-gastro-200-nero.jpg","_links":{"self":[{"href":"https:\/\/dev6.erresse-shop.it\/es\/wp-json\/wp\/v2\/product\/2311371","targetHints":{"allow":["GET"]}}],"collection":[{"href":"https:\/\/dev6.erresse-shop.it\/es\/wp-json\/wp\/v2\/product"}],"about":[{"href":"https:\/\/dev6.erresse-shop.it\/es\/wp-json\/wp\/v2\/types\/product"}],"wp:featuredmedia":[{"embeddable":true,"href":"https:\/\/dev6.erresse-shop.it\/es\/wp-json\/wp\/v2\/media\/6381118"}],"wp:attachment":[{"href":"https:\/\/dev6.erresse-shop.it\/es\/wp-json\/wp\/v2\/media?parent=2311371"}],"wp:term":[{"taxonomy":"product_cat","embeddable":true,"href":"https:\/\/dev6.erresse-shop.it\/es\/wp-json\/wp\/v2\/product_cat?post=2311371"},{"taxonomy":"product_tag","embeddable":true,"href":"https:\/\/dev6.erresse-shop.it\/es\/wp-json\/wp\/v2\/product_tag?post=2311371"}],"curies":[{"name":"wp","href":"https:\/\/api.w.org\/{rel}","templated":true}]}}