{"id":2311369,"date":"2026-04-10T15:19:38","date_gmt":"2026-04-10T13:19:38","guid":{"rendered":"https:\/\/dev6.erresse-shop.it\/shop\/sin%20categor\u00eda\/bamix-gastro-350-negro\/"},"modified":"2025-09-14T10:57:00","modified_gmt":"2025-09-14T08:57:00","slug":"bamix-gastro-350-negro","status":"publish","type":"product","link":"https:\/\/dev6.erresse-shop.it\/es\/shop\/pequenos-electrodomesticos\/licuadoras\/bamix-gastro-350-negro\/","title":{"rendered":"BAMIX Gastro 350 Negro"},"content":{"rendered":"<p>Gastro: la versi\u00f3n profesional del peque\u00f1o robot de cocina Bamix<\/p>\n<p>Gastro es la versi\u00f3n m\u00e1s avanzada del robot de cocina bamix, dise\u00f1ado para uso profesional. Equipado con un motor AC extremadamente potente, alcanza velocidades de 18.000 y 22.000 rpm, garantizando un alto rendimiento para cada preparaci\u00f3n culinaria. Su varilla de 28,7 cm de largo permite trabajar directamente en las ollas sobre el fuego, sin necesidad de transferir los ingredientes a otros recipientes.<\/p>\n<p>Cuchilla multiusos: La versatilidad de Gastro<\/p>\n<p>Uno de los puntos fuertes de Gastro es su cuchilla multiusos. Esta cuchilla universal es capaz de picar, cortar y mezclar una amplia gama de alimentos, incluidos alimentos congelados y cubitos de hielo. Perfecta para elaborar sopas, cremas, pesto, mermeladas, helados, batidos, malteadas, masa de pizza y masas dulces, la cuchilla multiusos destaca por su versatilidad.<\/p>\n<p>Batidor para preparaciones ligeras y esponjosas<\/p>\n<p>El batidor Gastro es ideal para obtener consistencias ligeras y homog\u00e9neas. Monta nata, leche desnatada y claras de huevo en pocos instantes y es perfecto para preparar mousse, zabaglione, tiramis\u00fa y salsa bechamel. Adem\u00e1s de hacer los postres a\u00fan m\u00e1s suaves, el batidor emulsiona salsas y batidos con gran facilidad, haciendo cada preparaci\u00f3n r\u00e1pida y sin grumos.<\/p>\n<p>Batidora: la soluci\u00f3n para preparaciones cremosas<\/p>\n<p>La batidora Gastro est\u00e1 dise\u00f1ada para crear emulsiones perfectas y mezclas homog\u00e9neas. Desde pur\u00e9 de patatas hasta mayonesa, pasando por budines y flanes, este accesorio es perfecto para preparaciones cremosas y densas. Tambi\u00e9n es ideal para preparar c\u00f3cteles y batidos de forma r\u00e1pida y sencilla.<\/p>\n<p>Innovaci\u00f3n y poder a tu alcance<\/p>\n<p>Gastro by bamix representa la excelencia en el campo de los procesadores de alimentos profesionales. Con su dise\u00f1o ergon\u00f3mico y prestaciones avanzadas, se adapta perfectamente a cualquier necesidad culinaria. Ya sea una cocina dom\u00e9stica o profesional, este procesador de alimentos garantiza un alto rendimiento y resultados impecables en cada preparaci\u00f3n.<\/p>\n<p>CARACTER\u00cdSTICAS<\/p>\n<p>Material: pl\u00e1stico y acero.<br \/>\nDimensiones: 7 x 6,5 x 35,5 cm<br \/>\nPeso: 950 g<\/p>\n<p>NOT FOR SALE OUTSIDE EUROPE<\/p>\n","protected":false},"excerpt":{"rendered":"<p>Gastro: la versi\u00f3n profesional del peque\u00f1o robot de cocina Bamix Gastro es la versi\u00f3n m\u00e1s avanzada del robot de cocina bamix, dise\u00f1ado para uso profesional. Equipado con un motor AC extremadamente potente, alcanza velocidades de 18.000 y 22.000 rpm, garantizando un alto rendimiento para cada preparaci\u00f3n culinaria. Su varilla de 28,7 cm de largo permite [&hellip;]<\/p>\n","protected":false},"featured_media":6339476,"template":"","meta":{"_acf_changed":false},"product_cat":[11953,11947],"product_tag":[],"class_list":{"0":"post-2311369","1":"product","2":"type-product","3":"status-publish","4":"has-post-thumbnail","6":"product_cat-licuadoras","7":"product_cat-pequenos-electrodomesticos","9":"first","10":"instock","11":"sale","12":"taxable","13":"shipping-taxable","14":"purchasable","15":"product-type-simple","swatches":"rey-swatches","show_selected":"","stretch_labels":"rey-swatches--stretch-labels"},"acf":[],"yoast_head":"<!-- This site is optimized with the Yoast SEO plugin v25.4 - https:\/\/yoast.com\/wordpress\/plugins\/seo\/ -->\n<title>BAMIX Gastro 350 Negro - dev6 Erresse<\/title>\n<meta name=\"description\" content=\"Gastro: la versi\u00f3n profesional del peque\u00f1o robot de cocina Bamix Gastro es la versi\u00f3n m\u00e1s avanzada del robot de cocina bamix, dise\u00f1ado para uso\" \/>\n<meta name=\"robots\" content=\"noindex, follow, max-snippet:-1, max-image-preview:large, max-video-preview:-1\" \/>\n<meta property=\"og:locale\" content=\"es_ES\" \/>\n<meta property=\"og:type\" content=\"article\" \/>\n<meta property=\"og:title\" content=\"BAMIX Gastro 350 Negro - dev6 Erresse\" \/>\n<meta property=\"og:description\" content=\"Gastro: la versi\u00f3n profesional del peque\u00f1o robot de cocina Bamix Gastro es la versi\u00f3n m\u00e1s avanzada del robot de cocina bamix, dise\u00f1ado para uso\" \/>\n<meta property=\"og:url\" content=\"https:\/\/dev6.erresse-shop.it\/es\/shop\/pequenos-electrodomesticos\/licuadoras\/bamix-gastro-350-negro\/\" \/>\n<meta property=\"og:site_name\" content=\"dev6 Erresse\" \/>\n<meta property=\"og:image\" content=\"https:\/\/interpim.erresse-shop.it\/wp-content\/uploads\/2025\/04\/BAMIX-Gastro-350-Nero.jpg\/bamix-gastro-350-nero.jpg\" \/><meta property=\"og:image\" content=\"https:\/\/interpim.erresse-shop.it\/wp-content\/uploads\/2025\/04\/BAMIX-Gastro-350-Nero.jpg\/bamix-gastro-350-nero.jpg\" \/>\n\t<meta property=\"og:image:width\" content=\"1024\" \/>\n\t<meta property=\"og:image:height\" content=\"1024\" \/>\n\t<meta property=\"og:image:type\" content=\"image\/jpeg\" \/>\n<meta name=\"twitter:card\" content=\"summary_large_image\" \/>\n<meta name=\"twitter:image\" content=\"https:\/\/interpim.erresse-shop.it\/wp-content\/uploads\/2025\/04\/BAMIX-Gastro-350-Nero.jpg\/bamix-gastro-350-nero.jpg\" \/>\n<script type=\"application\/ld+json\" class=\"yoast-schema-graph\">{\"@context\":\"https:\/\/schema.org\",\"@graph\":[{\"@type\":\"WebPage\",\"@id\":\"https:\/\/dev6.erresse-shop.it\/es\/shop\/pequenos-electrodomesticos\/licuadoras\/bamix-gastro-350-negro\/\",\"url\":\"https:\/\/dev6.erresse-shop.it\/es\/shop\/pequenos-electrodomesticos\/licuadoras\/bamix-gastro-350-negro\/\",\"name\":\"BAMIX Gastro 350 Negro - dev6 Erresse\",\"isPartOf\":{\"@id\":\"https:\/\/dev6.erresse-shop.it\/#website\"},\"primaryImageOfPage\":{\"@id\":\"https:\/\/dev6.erresse-shop.it\/es\/shop\/pequenos-electrodomesticos\/licuadoras\/bamix-gastro-350-negro\/#primaryimage\"},\"image\":{\"@id\":\"https:\/\/dev6.erresse-shop.it\/es\/shop\/pequenos-electrodomesticos\/licuadoras\/bamix-gastro-350-negro\/#primaryimage\"},\"thumbnailUrl\":\"https:\/\/i1.wp.com\/interpim.erresse-shop.it\/wp-content\/uploads\/2025\/04\/BAMIX-Gastro-350-Nero.jpg\/bamix-gastro-350-nero.jpg?ssl=1\",\"datePublished\":\"2026-04-10T13:19:38+00:00\",\"description\":\"Gastro: la versi\u00f3n profesional del peque\u00f1o robot de cocina Bamix Gastro es la versi\u00f3n m\u00e1s avanzada del robot de cocina bamix, dise\u00f1ado para uso\",\"breadcrumb\":{\"@id\":\"https:\/\/dev6.erresse-shop.it\/es\/shop\/pequenos-electrodomesticos\/licuadoras\/bamix-gastro-350-negro\/#breadcrumb\"},\"inLanguage\":\"es\",\"potentialAction\":[{\"@type\":\"ReadAction\",\"target\":[\"https:\/\/dev6.erresse-shop.it\/es\/shop\/pequenos-electrodomesticos\/licuadoras\/bamix-gastro-350-negro\/\"]}]},{\"@type\":\"ImageObject\",\"inLanguage\":\"es\",\"@id\":\"https:\/\/dev6.erresse-shop.it\/es\/shop\/pequenos-electrodomesticos\/licuadoras\/bamix-gastro-350-negro\/#primaryimage\",\"url\":\"https:\/\/i1.wp.com\/interpim.erresse-shop.it\/wp-content\/uploads\/2025\/04\/BAMIX-Gastro-350-Nero.jpg\/bamix-gastro-350-nero.jpg?ssl=1\",\"contentUrl\":\"https:\/\/i1.wp.com\/interpim.erresse-shop.it\/wp-content\/uploads\/2025\/04\/BAMIX-Gastro-350-Nero.jpg\/bamix-gastro-350-nero.jpg?ssl=1\"},{\"@type\":\"BreadcrumbList\",\"@id\":\"https:\/\/dev6.erresse-shop.it\/es\/shop\/pequenos-electrodomesticos\/licuadoras\/bamix-gastro-350-negro\/#breadcrumb\",\"itemListElement\":[{\"@type\":\"ListItem\",\"position\":1,\"name\":\"Home\",\"item\":\"https:\/\/dev6.erresse-shop.it\/\"},{\"@type\":\"ListItem\",\"position\":2,\"name\":\"Tienda\",\"item\":\"https:\/\/dev6.erresse-shop.it\/shop\/\"},{\"@type\":\"ListItem\",\"position\":3,\"name\":\"BAMIX Gastro 350 Negro\"}]},{\"@type\":\"WebSite\",\"@id\":\"https:\/\/dev6.erresse-shop.it\/#website\",\"url\":\"https:\/\/dev6.erresse-shop.it\/\",\"name\":\"Erresse Shop\",\"description\":\"\",\"publisher\":{\"@id\":\"https:\/\/dev6.erresse-shop.it\/#organization\"},\"potentialAction\":[{\"@type\":\"SearchAction\",\"target\":{\"@type\":\"EntryPoint\",\"urlTemplate\":\"https:\/\/dev6.erresse-shop.it\/?s={search_term_string}\"},\"query-input\":{\"@type\":\"PropertyValueSpecification\",\"valueRequired\":true,\"valueName\":\"search_term_string\"}}],\"inLanguage\":\"es\"},{\"@type\":\"Organization\",\"@id\":\"https:\/\/dev6.erresse-shop.it\/#organization\",\"name\":\"Erresse Shop\",\"url\":\"https:\/\/dev6.erresse-shop.it\/\",\"logo\":{\"@type\":\"ImageObject\",\"inLanguage\":\"es\",\"@id\":\"https:\/\/dev6.erresse-shop.it\/#\/schema\/logo\/image\/\",\"url\":\"https:\/\/dev6.erresse-shop.it\/wp-content\/uploads\/2025\/01\/LOGO-ERRESSE-CLASSICO.svg\",\"contentUrl\":\"https:\/\/dev6.erresse-shop.it\/wp-content\/uploads\/2025\/01\/LOGO-ERRESSE-CLASSICO.svg\",\"caption\":\"Erresse Shop\"},\"image\":{\"@id\":\"https:\/\/dev6.erresse-shop.it\/#\/schema\/logo\/image\/\"}}]}<\/script>\n<!-- \/ Yoast SEO plugin. -->","yoast_head_json":{"title":"BAMIX Gastro 350 Negro - dev6 Erresse","description":"Gastro: la versi\u00f3n profesional del peque\u00f1o robot de cocina Bamix Gastro es la versi\u00f3n m\u00e1s avanzada del robot de cocina bamix, dise\u00f1ado para uso","robots":{"index":"noindex","follow":"follow","max-snippet":"max-snippet:-1","max-image-preview":"max-image-preview:large","max-video-preview":"max-video-preview:-1"},"og_locale":"es_ES","og_type":"article","og_title":"BAMIX Gastro 350 Negro - dev6 Erresse","og_description":"Gastro: la versi\u00f3n profesional del peque\u00f1o robot de cocina Bamix Gastro es la versi\u00f3n m\u00e1s avanzada del robot de cocina bamix, dise\u00f1ado para uso","og_url":"https:\/\/dev6.erresse-shop.it\/es\/shop\/pequenos-electrodomesticos\/licuadoras\/bamix-gastro-350-negro\/","og_site_name":"dev6 Erresse","og_image":[{"url":"https:\/\/interpim.erresse-shop.it\/wp-content\/uploads\/2025\/04\/BAMIX-Gastro-350-Nero.jpg\/bamix-gastro-350-nero.jpg","type":"","width":"","height":""},{"url":"https:\/\/interpim.erresse-shop.it\/wp-content\/uploads\/2025\/04\/BAMIX-Gastro-350-Nero.jpg\/bamix-gastro-350-nero.jpg","width":1024,"height":1024,"type":"image\/jpeg"}],"twitter_card":"summary_large_image","twitter_image":"https:\/\/interpim.erresse-shop.it\/wp-content\/uploads\/2025\/04\/BAMIX-Gastro-350-Nero.jpg\/bamix-gastro-350-nero.jpg","schema":{"@context":"https:\/\/schema.org","@graph":[{"@type":"WebPage","@id":"https:\/\/dev6.erresse-shop.it\/es\/shop\/pequenos-electrodomesticos\/licuadoras\/bamix-gastro-350-negro\/","url":"https:\/\/dev6.erresse-shop.it\/es\/shop\/pequenos-electrodomesticos\/licuadoras\/bamix-gastro-350-negro\/","name":"BAMIX Gastro 350 Negro - dev6 Erresse","isPartOf":{"@id":"https:\/\/dev6.erresse-shop.it\/#website"},"primaryImageOfPage":{"@id":"https:\/\/dev6.erresse-shop.it\/es\/shop\/pequenos-electrodomesticos\/licuadoras\/bamix-gastro-350-negro\/#primaryimage"},"image":{"@id":"https:\/\/dev6.erresse-shop.it\/es\/shop\/pequenos-electrodomesticos\/licuadoras\/bamix-gastro-350-negro\/#primaryimage"},"thumbnailUrl":"https:\/\/i1.wp.com\/interpim.erresse-shop.it\/wp-content\/uploads\/2025\/04\/BAMIX-Gastro-350-Nero.jpg\/bamix-gastro-350-nero.jpg?ssl=1","datePublished":"2026-04-10T13:19:38+00:00","description":"Gastro: la versi\u00f3n profesional del peque\u00f1o robot de cocina Bamix Gastro es la versi\u00f3n m\u00e1s avanzada del robot de cocina bamix, dise\u00f1ado para uso","breadcrumb":{"@id":"https:\/\/dev6.erresse-shop.it\/es\/shop\/pequenos-electrodomesticos\/licuadoras\/bamix-gastro-350-negro\/#breadcrumb"},"inLanguage":"es","potentialAction":[{"@type":"ReadAction","target":["https:\/\/dev6.erresse-shop.it\/es\/shop\/pequenos-electrodomesticos\/licuadoras\/bamix-gastro-350-negro\/"]}]},{"@type":"ImageObject","inLanguage":"es","@id":"https:\/\/dev6.erresse-shop.it\/es\/shop\/pequenos-electrodomesticos\/licuadoras\/bamix-gastro-350-negro\/#primaryimage","url":"https:\/\/i1.wp.com\/interpim.erresse-shop.it\/wp-content\/uploads\/2025\/04\/BAMIX-Gastro-350-Nero.jpg\/bamix-gastro-350-nero.jpg?ssl=1","contentUrl":"https:\/\/i1.wp.com\/interpim.erresse-shop.it\/wp-content\/uploads\/2025\/04\/BAMIX-Gastro-350-Nero.jpg\/bamix-gastro-350-nero.jpg?ssl=1"},{"@type":"BreadcrumbList","@id":"https:\/\/dev6.erresse-shop.it\/es\/shop\/pequenos-electrodomesticos\/licuadoras\/bamix-gastro-350-negro\/#breadcrumb","itemListElement":[{"@type":"ListItem","position":1,"name":"Home","item":"https:\/\/dev6.erresse-shop.it\/"},{"@type":"ListItem","position":2,"name":"Tienda","item":"https:\/\/dev6.erresse-shop.it\/shop\/"},{"@type":"ListItem","position":3,"name":"BAMIX Gastro 350 Negro"}]},{"@type":"WebSite","@id":"https:\/\/dev6.erresse-shop.it\/#website","url":"https:\/\/dev6.erresse-shop.it\/","name":"Erresse Shop","description":"","publisher":{"@id":"https:\/\/dev6.erresse-shop.it\/#organization"},"potentialAction":[{"@type":"SearchAction","target":{"@type":"EntryPoint","urlTemplate":"https:\/\/dev6.erresse-shop.it\/?s={search_term_string}"},"query-input":{"@type":"PropertyValueSpecification","valueRequired":true,"valueName":"search_term_string"}}],"inLanguage":"es"},{"@type":"Organization","@id":"https:\/\/dev6.erresse-shop.it\/#organization","name":"Erresse Shop","url":"https:\/\/dev6.erresse-shop.it\/","logo":{"@type":"ImageObject","inLanguage":"es","@id":"https:\/\/dev6.erresse-shop.it\/#\/schema\/logo\/image\/","url":"https:\/\/dev6.erresse-shop.it\/wp-content\/uploads\/2025\/01\/LOGO-ERRESSE-CLASSICO.svg","contentUrl":"https:\/\/dev6.erresse-shop.it\/wp-content\/uploads\/2025\/01\/LOGO-ERRESSE-CLASSICO.svg","caption":"Erresse Shop"},"image":{"@id":"https:\/\/dev6.erresse-shop.it\/#\/schema\/logo\/image\/"}}]}},"df_price":399,"df_sale_price":399,"df_regular_price":399.9,"df_image_link":"https:\/\/i1.wp.com\/interpim.erresse-shop.it\/wp-content\/uploads\/2025\/04\/BAMIX-Gastro-350-Nero.jpg\/bamix-gastro-350-nero.jpg?resize=300,300&ssl=1","fifu_image_url":"https:\/\/interpim.erresse-shop.it\/wp-content\/uploads\/2025\/04\/BAMIX-Gastro-350-Nero.jpg\/bamix-gastro-350-nero.jpg","_links":{"self":[{"href":"https:\/\/dev6.erresse-shop.it\/es\/wp-json\/wp\/v2\/product\/2311369","targetHints":{"allow":["GET"]}}],"collection":[{"href":"https:\/\/dev6.erresse-shop.it\/es\/wp-json\/wp\/v2\/product"}],"about":[{"href":"https:\/\/dev6.erresse-shop.it\/es\/wp-json\/wp\/v2\/types\/product"}],"wp:featuredmedia":[{"embeddable":true,"href":"https:\/\/dev6.erresse-shop.it\/es\/wp-json\/wp\/v2\/media\/6339476"}],"wp:attachment":[{"href":"https:\/\/dev6.erresse-shop.it\/es\/wp-json\/wp\/v2\/media?parent=2311369"}],"wp:term":[{"taxonomy":"product_cat","embeddable":true,"href":"https:\/\/dev6.erresse-shop.it\/es\/wp-json\/wp\/v2\/product_cat?post=2311369"},{"taxonomy":"product_tag","embeddable":true,"href":"https:\/\/dev6.erresse-shop.it\/es\/wp-json\/wp\/v2\/product_tag?post=2311369"}],"curies":[{"name":"wp","href":"https:\/\/api.w.org\/{rel}","templated":true}]}}