{"id":2311367,"date":"2026-04-10T15:19:38","date_gmt":"2026-04-10T13:19:38","guid":{"rendered":"https:\/\/dev6.erresse-shop.it\/shop\/sin%20categor\u00eda\/bamix-cordless-pro-200w-negro\/"},"modified":"2025-09-14T10:56:55","modified_gmt":"2025-09-14T08:56:55","slug":"bamix-cordless-pro-200w-negro","status":"publish","type":"product","link":"https:\/\/dev6.erresse-shop.it\/es\/shop\/pequenos-electrodomesticos\/licuadoras\/bamix-cordless-pro-200w-negro\/","title":{"rendered":"BAMIX Cordless Pro 200W Negro"},"content":{"rendered":"<p>Libertad total y preparativos siempre perfectos.<\/p>\n<p>Con el bamix Cordless Pro 200W, olv\u00eddate de las molestias de los cables y abraza la libertad en la cocina. Gracias a la bater\u00eda de iones de litio incorporada, podr\u00e1s trabajar de forma continua durante hasta 20 minutos, movi\u00e9ndote libremente entre la encimera y la estufa.<\/p>\n<p>Potencia regulable para cada preparaci\u00f3n<\/p>\n<p>El motor de 200W del bamix Cordless Pro ofrece tres niveles de velocidad para satisfacer todas las necesidades culinarias. El modo Paso 1, con 8.000 rpm, es ideal para emulsiones ligeras como salsas y vinagretas. El paso 2 alcanza las 14.000 rpm, perfecto para mezclas espesas o masas, mientras que la funci\u00f3n Booster alcanza las 15.500 rpm, proporcionando potencia extra para procesar ingredientes m\u00e1s duros como nueces o hielo.<\/p>\n<p>Accesorios incluidos para m\u00e1xima versatilidad.<\/p>\n<p>El paquete Bamix Cordless Pro incluye una cuchilla multiusos, un disco plano y un disco perforado, cada uno dise\u00f1ado para preparaciones espec\u00edficas. Desde crear batidos sedosos hasta preparar mezclas esponjosas, estos accesorios transforman su licuadora en una herramienta multifunci\u00f3n. La c\u00f3moda y compacta estaci\u00f3n de carga no solo mantiene su dispositivo listo para usar, sino que tambi\u00e9n agrega un toque de orden a su espacio de trabajo.<\/p>\n<p>Tecnolog\u00eda de vanguardia y carga r\u00e1pida<\/p>\n<p>La licuadora est\u00e1 equipada con una bater\u00eda extra\u00edble de iones de litio, dise\u00f1ada para durar en el tiempo. El sistema de carga r\u00e1pida le permite volver a estar en funcionamiento en poco tiempo, eliminando esperas innecesarias. El indicador LED del estado de la bater\u00eda garantiza un monitoreo constante, para que usted pueda concentrarse en cocinar sin preocuparse por la duraci\u00f3n de la bater\u00eda del dispositivo.<\/p>\n<p>Calidad Bamix garantizada para a\u00f1os de uso.<\/p>\n<p>Como todos los productos Bamix, el Cordless Pro es sin\u00f3nimo de calidad y fiabilidad. Respaldado por una garant\u00eda de producto de 5 a\u00f1os y una garant\u00eda de bater\u00eda de 2 a\u00f1os, ofrece seguridad y durabilidad. Con una varilla de 22,5 cm de largo, est\u00e1 dise\u00f1ado para llegar f\u00e1cilmente incluso a las sartenes m\u00e1s profundas, mientras que el dise\u00f1o ergon\u00f3mico y los materiales resistentes lo convierten en el compa\u00f1ero perfecto para todas tus aventuras culinarias.<\/p>\n<p>CARACTER\u00cdSTICAS<\/p>\n<p>Material: pl\u00e1stico y acero.<br \/>\nGarant\u00eda: 5 a\u00f1os en el producto. 2 a\u00f1os con bater\u00eda<br \/>\nDimensiones: 45 x 30 x 10 cm<br \/>\nPeso: 1530 g<\/p>\n<p>NOT FOR SALE OUTSIDE EUROPE<\/p>\n","protected":false},"excerpt":{"rendered":"<p>Libertad total y preparativos siempre perfectos. Con el bamix Cordless Pro 200W, olv\u00eddate de las molestias de los cables y abraza la libertad en la cocina. Gracias a la bater\u00eda de iones de litio incorporada, podr\u00e1s trabajar de forma continua durante hasta 20 minutos, movi\u00e9ndote libremente entre la encimera y la estufa. Potencia regulable para [&hellip;]<\/p>\n","protected":false},"featured_media":6339471,"template":"","meta":{"_acf_changed":false},"product_cat":[11953,11947],"product_tag":[],"class_list":{"0":"post-2311367","1":"product","2":"type-product","3":"status-publish","4":"has-post-thumbnail","6":"product_cat-licuadoras","7":"product_cat-pequenos-electrodomesticos","9":"first","10":"instock","11":"sale","12":"taxable","13":"shipping-taxable","14":"purchasable","15":"product-type-simple","swatches":"rey-swatches","show_selected":"","stretch_labels":"rey-swatches--stretch-labels"},"acf":[],"yoast_head":"<!-- This site is optimized with the Yoast SEO plugin v25.4 - https:\/\/yoast.com\/wordpress\/plugins\/seo\/ -->\n<title>BAMIX Cordless Pro 200W Negro - dev6 Erresse<\/title>\n<meta name=\"description\" content=\"Libertad total y preparativos siempre perfectos. Con el bamix Cordless Pro 200W, olv\u00eddate de las molestias de los cables y abraza la libertad en la\" \/>\n<meta name=\"robots\" content=\"noindex, follow, max-snippet:-1, max-image-preview:large, max-video-preview:-1\" \/>\n<meta property=\"og:locale\" content=\"es_ES\" \/>\n<meta property=\"og:type\" content=\"article\" \/>\n<meta property=\"og:title\" content=\"BAMIX Cordless Pro 200W Negro - dev6 Erresse\" \/>\n<meta property=\"og:description\" content=\"Libertad total y preparativos siempre perfectos. Con el bamix Cordless Pro 200W, olv\u00eddate de las molestias de los cables y abraza la libertad en la\" \/>\n<meta property=\"og:url\" content=\"https:\/\/dev6.erresse-shop.it\/es\/shop\/pequenos-electrodomesticos\/licuadoras\/bamix-cordless-pro-200w-negro\/\" \/>\n<meta property=\"og:site_name\" content=\"dev6 Erresse\" \/>\n<meta property=\"og:image\" content=\"https:\/\/interpim.erresse-shop.it\/wp-content\/uploads\/2025\/04\/BAMIX-Cordless-Pro-200W-Nero.jpg\/bamix-cordless-pro-200w-nero.jpg\" \/><meta property=\"og:image\" content=\"https:\/\/interpim.erresse-shop.it\/wp-content\/uploads\/2025\/04\/BAMIX-Cordless-Pro-200W-Nero.jpg\/bamix-cordless-pro-200w-nero.jpg\" \/>\n\t<meta property=\"og:image:width\" content=\"1024\" \/>\n\t<meta property=\"og:image:height\" content=\"1024\" \/>\n\t<meta property=\"og:image:type\" content=\"image\/jpeg\" \/>\n<meta name=\"twitter:card\" content=\"summary_large_image\" \/>\n<meta name=\"twitter:image\" content=\"https:\/\/interpim.erresse-shop.it\/wp-content\/uploads\/2025\/04\/BAMIX-Cordless-Pro-200W-Nero.jpg\/bamix-cordless-pro-200w-nero.jpg\" \/>\n<script type=\"application\/ld+json\" class=\"yoast-schema-graph\">{\"@context\":\"https:\/\/schema.org\",\"@graph\":[{\"@type\":\"WebPage\",\"@id\":\"https:\/\/dev6.erresse-shop.it\/es\/shop\/pequenos-electrodomesticos\/licuadoras\/bamix-cordless-pro-200w-negro\/\",\"url\":\"https:\/\/dev6.erresse-shop.it\/es\/shop\/pequenos-electrodomesticos\/licuadoras\/bamix-cordless-pro-200w-negro\/\",\"name\":\"BAMIX Cordless Pro 200W Negro - dev6 Erresse\",\"isPartOf\":{\"@id\":\"https:\/\/dev6.erresse-shop.it\/#website\"},\"primaryImageOfPage\":{\"@id\":\"https:\/\/dev6.erresse-shop.it\/es\/shop\/pequenos-electrodomesticos\/licuadoras\/bamix-cordless-pro-200w-negro\/#primaryimage\"},\"image\":{\"@id\":\"https:\/\/dev6.erresse-shop.it\/es\/shop\/pequenos-electrodomesticos\/licuadoras\/bamix-cordless-pro-200w-negro\/#primaryimage\"},\"thumbnailUrl\":\"https:\/\/i0.wp.com\/interpim.erresse-shop.it\/wp-content\/uploads\/2025\/04\/BAMIX-Cordless-Pro-200W-Nero.jpg\/bamix-cordless-pro-200w-nero.jpg?ssl=1\",\"datePublished\":\"2026-04-10T13:19:38+00:00\",\"description\":\"Libertad total y preparativos siempre perfectos. Con el bamix Cordless Pro 200W, olv\u00eddate de las molestias de los cables y abraza la libertad en la\",\"breadcrumb\":{\"@id\":\"https:\/\/dev6.erresse-shop.it\/es\/shop\/pequenos-electrodomesticos\/licuadoras\/bamix-cordless-pro-200w-negro\/#breadcrumb\"},\"inLanguage\":\"es\",\"potentialAction\":[{\"@type\":\"ReadAction\",\"target\":[\"https:\/\/dev6.erresse-shop.it\/es\/shop\/pequenos-electrodomesticos\/licuadoras\/bamix-cordless-pro-200w-negro\/\"]}]},{\"@type\":\"ImageObject\",\"inLanguage\":\"es\",\"@id\":\"https:\/\/dev6.erresse-shop.it\/es\/shop\/pequenos-electrodomesticos\/licuadoras\/bamix-cordless-pro-200w-negro\/#primaryimage\",\"url\":\"https:\/\/i0.wp.com\/interpim.erresse-shop.it\/wp-content\/uploads\/2025\/04\/BAMIX-Cordless-Pro-200W-Nero.jpg\/bamix-cordless-pro-200w-nero.jpg?ssl=1\",\"contentUrl\":\"https:\/\/i0.wp.com\/interpim.erresse-shop.it\/wp-content\/uploads\/2025\/04\/BAMIX-Cordless-Pro-200W-Nero.jpg\/bamix-cordless-pro-200w-nero.jpg?ssl=1\"},{\"@type\":\"BreadcrumbList\",\"@id\":\"https:\/\/dev6.erresse-shop.it\/es\/shop\/pequenos-electrodomesticos\/licuadoras\/bamix-cordless-pro-200w-negro\/#breadcrumb\",\"itemListElement\":[{\"@type\":\"ListItem\",\"position\":1,\"name\":\"Home\",\"item\":\"https:\/\/dev6.erresse-shop.it\/\"},{\"@type\":\"ListItem\",\"position\":2,\"name\":\"Tienda\",\"item\":\"https:\/\/dev6.erresse-shop.it\/shop\/\"},{\"@type\":\"ListItem\",\"position\":3,\"name\":\"BAMIX Cordless Pro 200W Negro\"}]},{\"@type\":\"WebSite\",\"@id\":\"https:\/\/dev6.erresse-shop.it\/#website\",\"url\":\"https:\/\/dev6.erresse-shop.it\/\",\"name\":\"Erresse Shop\",\"description\":\"\",\"publisher\":{\"@id\":\"https:\/\/dev6.erresse-shop.it\/#organization\"},\"potentialAction\":[{\"@type\":\"SearchAction\",\"target\":{\"@type\":\"EntryPoint\",\"urlTemplate\":\"https:\/\/dev6.erresse-shop.it\/?s={search_term_string}\"},\"query-input\":{\"@type\":\"PropertyValueSpecification\",\"valueRequired\":true,\"valueName\":\"search_term_string\"}}],\"inLanguage\":\"es\"},{\"@type\":\"Organization\",\"@id\":\"https:\/\/dev6.erresse-shop.it\/#organization\",\"name\":\"Erresse Shop\",\"url\":\"https:\/\/dev6.erresse-shop.it\/\",\"logo\":{\"@type\":\"ImageObject\",\"inLanguage\":\"es\",\"@id\":\"https:\/\/dev6.erresse-shop.it\/#\/schema\/logo\/image\/\",\"url\":\"https:\/\/dev6.erresse-shop.it\/wp-content\/uploads\/2025\/01\/LOGO-ERRESSE-CLASSICO.svg\",\"contentUrl\":\"https:\/\/dev6.erresse-shop.it\/wp-content\/uploads\/2025\/01\/LOGO-ERRESSE-CLASSICO.svg\",\"caption\":\"Erresse Shop\"},\"image\":{\"@id\":\"https:\/\/dev6.erresse-shop.it\/#\/schema\/logo\/image\/\"}}]}<\/script>\n<!-- \/ Yoast SEO plugin. -->","yoast_head_json":{"title":"BAMIX Cordless Pro 200W Negro - dev6 Erresse","description":"Libertad total y preparativos siempre perfectos. Con el bamix Cordless Pro 200W, olv\u00eddate de las molestias de los cables y abraza la libertad en la","robots":{"index":"noindex","follow":"follow","max-snippet":"max-snippet:-1","max-image-preview":"max-image-preview:large","max-video-preview":"max-video-preview:-1"},"og_locale":"es_ES","og_type":"article","og_title":"BAMIX Cordless Pro 200W Negro - dev6 Erresse","og_description":"Libertad total y preparativos siempre perfectos. Con el bamix Cordless Pro 200W, olv\u00eddate de las molestias de los cables y abraza la libertad en la","og_url":"https:\/\/dev6.erresse-shop.it\/es\/shop\/pequenos-electrodomesticos\/licuadoras\/bamix-cordless-pro-200w-negro\/","og_site_name":"dev6 Erresse","og_image":[{"url":"https:\/\/interpim.erresse-shop.it\/wp-content\/uploads\/2025\/04\/BAMIX-Cordless-Pro-200W-Nero.jpg\/bamix-cordless-pro-200w-nero.jpg","type":"","width":"","height":""},{"url":"https:\/\/interpim.erresse-shop.it\/wp-content\/uploads\/2025\/04\/BAMIX-Cordless-Pro-200W-Nero.jpg\/bamix-cordless-pro-200w-nero.jpg","width":1024,"height":1024,"type":"image\/jpeg"}],"twitter_card":"summary_large_image","twitter_image":"https:\/\/interpim.erresse-shop.it\/wp-content\/uploads\/2025\/04\/BAMIX-Cordless-Pro-200W-Nero.jpg\/bamix-cordless-pro-200w-nero.jpg","schema":{"@context":"https:\/\/schema.org","@graph":[{"@type":"WebPage","@id":"https:\/\/dev6.erresse-shop.it\/es\/shop\/pequenos-electrodomesticos\/licuadoras\/bamix-cordless-pro-200w-negro\/","url":"https:\/\/dev6.erresse-shop.it\/es\/shop\/pequenos-electrodomesticos\/licuadoras\/bamix-cordless-pro-200w-negro\/","name":"BAMIX Cordless Pro 200W Negro - dev6 Erresse","isPartOf":{"@id":"https:\/\/dev6.erresse-shop.it\/#website"},"primaryImageOfPage":{"@id":"https:\/\/dev6.erresse-shop.it\/es\/shop\/pequenos-electrodomesticos\/licuadoras\/bamix-cordless-pro-200w-negro\/#primaryimage"},"image":{"@id":"https:\/\/dev6.erresse-shop.it\/es\/shop\/pequenos-electrodomesticos\/licuadoras\/bamix-cordless-pro-200w-negro\/#primaryimage"},"thumbnailUrl":"https:\/\/i0.wp.com\/interpim.erresse-shop.it\/wp-content\/uploads\/2025\/04\/BAMIX-Cordless-Pro-200W-Nero.jpg\/bamix-cordless-pro-200w-nero.jpg?ssl=1","datePublished":"2026-04-10T13:19:38+00:00","description":"Libertad total y preparativos siempre perfectos. Con el bamix Cordless Pro 200W, olv\u00eddate de las molestias de los cables y abraza la libertad en la","breadcrumb":{"@id":"https:\/\/dev6.erresse-shop.it\/es\/shop\/pequenos-electrodomesticos\/licuadoras\/bamix-cordless-pro-200w-negro\/#breadcrumb"},"inLanguage":"es","potentialAction":[{"@type":"ReadAction","target":["https:\/\/dev6.erresse-shop.it\/es\/shop\/pequenos-electrodomesticos\/licuadoras\/bamix-cordless-pro-200w-negro\/"]}]},{"@type":"ImageObject","inLanguage":"es","@id":"https:\/\/dev6.erresse-shop.it\/es\/shop\/pequenos-electrodomesticos\/licuadoras\/bamix-cordless-pro-200w-negro\/#primaryimage","url":"https:\/\/i0.wp.com\/interpim.erresse-shop.it\/wp-content\/uploads\/2025\/04\/BAMIX-Cordless-Pro-200W-Nero.jpg\/bamix-cordless-pro-200w-nero.jpg?ssl=1","contentUrl":"https:\/\/i0.wp.com\/interpim.erresse-shop.it\/wp-content\/uploads\/2025\/04\/BAMIX-Cordless-Pro-200W-Nero.jpg\/bamix-cordless-pro-200w-nero.jpg?ssl=1"},{"@type":"BreadcrumbList","@id":"https:\/\/dev6.erresse-shop.it\/es\/shop\/pequenos-electrodomesticos\/licuadoras\/bamix-cordless-pro-200w-negro\/#breadcrumb","itemListElement":[{"@type":"ListItem","position":1,"name":"Home","item":"https:\/\/dev6.erresse-shop.it\/"},{"@type":"ListItem","position":2,"name":"Tienda","item":"https:\/\/dev6.erresse-shop.it\/shop\/"},{"@type":"ListItem","position":3,"name":"BAMIX Cordless Pro 200W Negro"}]},{"@type":"WebSite","@id":"https:\/\/dev6.erresse-shop.it\/#website","url":"https:\/\/dev6.erresse-shop.it\/","name":"Erresse Shop","description":"","publisher":{"@id":"https:\/\/dev6.erresse-shop.it\/#organization"},"potentialAction":[{"@type":"SearchAction","target":{"@type":"EntryPoint","urlTemplate":"https:\/\/dev6.erresse-shop.it\/?s={search_term_string}"},"query-input":{"@type":"PropertyValueSpecification","valueRequired":true,"valueName":"search_term_string"}}],"inLanguage":"es"},{"@type":"Organization","@id":"https:\/\/dev6.erresse-shop.it\/#organization","name":"Erresse Shop","url":"https:\/\/dev6.erresse-shop.it\/","logo":{"@type":"ImageObject","inLanguage":"es","@id":"https:\/\/dev6.erresse-shop.it\/#\/schema\/logo\/image\/","url":"https:\/\/dev6.erresse-shop.it\/wp-content\/uploads\/2025\/01\/LOGO-ERRESSE-CLASSICO.svg","contentUrl":"https:\/\/dev6.erresse-shop.it\/wp-content\/uploads\/2025\/01\/LOGO-ERRESSE-CLASSICO.svg","caption":"Erresse Shop"},"image":{"@id":"https:\/\/dev6.erresse-shop.it\/#\/schema\/logo\/image\/"}}]}},"df_price":299,"df_sale_price":299,"df_regular_price":299.9,"df_image_link":"https:\/\/i0.wp.com\/interpim.erresse-shop.it\/wp-content\/uploads\/2025\/04\/BAMIX-Cordless-Pro-200W-Nero.jpg\/bamix-cordless-pro-200w-nero.jpg?resize=300,300&ssl=1","fifu_image_url":"https:\/\/interpim.erresse-shop.it\/wp-content\/uploads\/2025\/04\/BAMIX-Cordless-Pro-200W-Nero.jpg\/bamix-cordless-pro-200w-nero.jpg","_links":{"self":[{"href":"https:\/\/dev6.erresse-shop.it\/es\/wp-json\/wp\/v2\/product\/2311367","targetHints":{"allow":["GET"]}}],"collection":[{"href":"https:\/\/dev6.erresse-shop.it\/es\/wp-json\/wp\/v2\/product"}],"about":[{"href":"https:\/\/dev6.erresse-shop.it\/es\/wp-json\/wp\/v2\/types\/product"}],"wp:featuredmedia":[{"embeddable":true,"href":"https:\/\/dev6.erresse-shop.it\/es\/wp-json\/wp\/v2\/media\/6339471"}],"wp:attachment":[{"href":"https:\/\/dev6.erresse-shop.it\/es\/wp-json\/wp\/v2\/media?parent=2311367"}],"wp:term":[{"taxonomy":"product_cat","embeddable":true,"href":"https:\/\/dev6.erresse-shop.it\/es\/wp-json\/wp\/v2\/product_cat?post=2311367"},{"taxonomy":"product_tag","embeddable":true,"href":"https:\/\/dev6.erresse-shop.it\/es\/wp-json\/wp\/v2\/product_tag?post=2311367"}],"curies":[{"name":"wp","href":"https:\/\/api.w.org\/{rel}","templated":true}]}}