{"id":2311355,"date":"2026-04-12T14:40:55","date_gmt":"2026-04-12T12:40:55","guid":{"rendered":"https:\/\/dev6.erresse-shop.it\/shop\/sin%20categor\u00eda\/bamix-set-bbq-negro\/"},"modified":"2025-09-14T10:56:23","modified_gmt":"2025-09-14T08:56:23","slug":"bamix-set-bbq-negro","status":"publish","type":"product","link":"https:\/\/dev6.erresse-shop.it\/es\/shop\/pequenos-electrodomesticos\/licuadoras\/bamix-set-bbq-negro\/","title":{"rendered":"BAMIX Set BBQ Negro"},"content":{"rendered":"<p>Descubre un mundo de nuevas recetas con el set de barbacoa Bamix<\/p>\n<p>El procesador de alimentos para barbacoa Bamix es un electrodom\u00e9stico vers\u00e1til y potente, dise\u00f1ado para simplificar su experiencia culinaria. Equipado con un robusto motor AC y doble aislamiento, garantiza seguridad y un excelente rendimiento. La longitud de 14 cm de la varilla la hace manejable y f\u00e1cil de utilizar incluso en las ollas m\u00e1s profundas.<\/p>\n<p>Batidora: perfecta para preparaciones cremosas y espesas<\/p>\n<p>La batidora para barbacoa Bamix es ideal para crear una variedad de preparaciones cremosas y densas. Emulsiona aderezos, cremas y masas para crepes y tortillas en segundos. Es perfecto para hacer mayonesa, pur\u00e9 de patatas, budines, flan e incluso mezclar c\u00f3cteles. Con este accesorio cualquier receta se convierte en un juego de ni\u00f1os.<\/p>\n<p>Cuchilla para carne y verduras: pica y corta sin esfuerzo<\/p>\n<p>La cuchilla para carne y verduras BBQ de Bamix est\u00e1 dise\u00f1ada para picar, trocear y hacer pur\u00e9 de carne, pescado y verduras fibrosas. Ya sea carne cruda o cocida, pescado o verduras fibrosas, esta cuchilla puede manejar cualquier tipo de ingrediente con facilidad, garantizando resultados perfectos en todo momento.<\/p>\n<p>Cuchilla multiusos: perfecta para cualquier tipo de preparaci\u00f3n.<\/p>\n<p>La cuchilla multiusos para barbacoa de Bamix es una soluci\u00f3n universal para picar, cortar y mezclar cualquier ingrediente, incluidos alimentos congelados y cubitos de hielo. Se puede utilizar directamente en ollas sobre la estufa, eliminando la necesidad de otros recipientes. Ideal para sopas, cremas, pesto, mermeladas, helados, batidos, malteadas, masa de pizza y masas dulces.<\/p>\n<p>L\u00e1tigo: Descubre nuevos niveles de ligereza<\/p>\n<p>El batidor de barbacoa Bamix es perfecto para todo lo que necesita ser ligero y esponjoso. Batir crema, leche desnatada, claras de huevo y mousse, y emulsionar salsas y batidos con facilidad. \u00dasalo para preparar crema batida, capuchinos, mousse de chocolate, zabaglione, tiramis\u00fa, claras de huevo a punto de nieve y salsa bechamel.<\/p>\n<p>CARACTER\u00cdSTICAS<\/p>\n<p>Material: pl\u00e1stico y acero.<br \/>\nDimensiones: 7 x 6,5 x 35,5 cm<br \/>\nPeso: 950 g<\/p>\n<p>NOT FOR SALE OUTSIDE EUROPE<\/p>\n","protected":false},"excerpt":{"rendered":"<p>Descubre un mundo de nuevas recetas con el set de barbacoa Bamix El procesador de alimentos para barbacoa Bamix es un electrodom\u00e9stico vers\u00e1til y potente, dise\u00f1ado para simplificar su experiencia culinaria. Equipado con un robusto motor AC y doble aislamiento, garantiza seguridad y un excelente rendimiento. La longitud de 14 cm de la varilla la [&hellip;]<\/p>\n","protected":false},"featured_media":6381073,"template":"","meta":{"_acf_changed":false},"product_cat":[11953,11947],"product_tag":[],"class_list":{"0":"post-2311355","1":"product","2":"type-product","3":"status-publish","4":"has-post-thumbnail","6":"product_cat-licuadoras","7":"product_cat-pequenos-electrodomesticos","9":"first","10":"instock","11":"taxable","12":"shipping-taxable","13":"purchasable","14":"product-type-simple","swatches":"rey-swatches","show_selected":"","stretch_labels":"rey-swatches--stretch-labels"},"acf":[],"yoast_head":"<!-- This site is optimized with the Yoast SEO plugin v25.4 - https:\/\/yoast.com\/wordpress\/plugins\/seo\/ -->\n<title>BAMIX Set BBQ Negro - dev6 Erresse<\/title>\n<meta name=\"description\" content=\"Descubre un mundo de nuevas recetas con el set de barbacoa Bamix El procesador de alimentos para barbacoa Bamix es un electrodom\u00e9stico vers\u00e1til y potente,\" \/>\n<meta name=\"robots\" content=\"noindex, follow, max-snippet:-1, max-image-preview:large, max-video-preview:-1\" \/>\n<meta property=\"og:locale\" content=\"es_ES\" \/>\n<meta property=\"og:type\" content=\"article\" \/>\n<meta property=\"og:title\" content=\"BAMIX Set BBQ Negro - dev6 Erresse\" \/>\n<meta property=\"og:description\" content=\"Descubre un mundo de nuevas recetas con el set de barbacoa Bamix El procesador de alimentos para barbacoa Bamix es un electrodom\u00e9stico vers\u00e1til y potente,\" \/>\n<meta property=\"og:url\" content=\"https:\/\/dev6.erresse-shop.it\/es\/shop\/pequenos-electrodomesticos\/licuadoras\/bamix-set-bbq-negro\/\" \/>\n<meta property=\"og:site_name\" content=\"dev6 Erresse\" \/>\n<meta property=\"og:image\" content=\"https:\/\/interpim.erresse-shop.it\/wp-content\/uploads\/2025\/04\/BAMIX-Set-BBQ-Nero.jpg\/bamix-set-bbq-nero.jpg\" \/><meta property=\"og:image\" content=\"https:\/\/interpim.erresse-shop.it\/wp-content\/uploads\/2025\/04\/BAMIX-Set-BBQ-Nero.jpg\/bamix-set-bbq-nero.jpg\" \/>\n\t<meta property=\"og:image:width\" content=\"1024\" \/>\n\t<meta property=\"og:image:height\" content=\"1024\" \/>\n\t<meta property=\"og:image:type\" content=\"image\/jpeg\" \/>\n<meta name=\"twitter:card\" content=\"summary_large_image\" \/>\n<meta name=\"twitter:image\" content=\"https:\/\/interpim.erresse-shop.it\/wp-content\/uploads\/2025\/04\/BAMIX-Set-BBQ-Nero.jpg\/bamix-set-bbq-nero.jpg\" \/>\n<script type=\"application\/ld+json\" class=\"yoast-schema-graph\">{\"@context\":\"https:\/\/schema.org\",\"@graph\":[{\"@type\":\"WebPage\",\"@id\":\"https:\/\/dev6.erresse-shop.it\/es\/shop\/pequenos-electrodomesticos\/licuadoras\/bamix-set-bbq-negro\/\",\"url\":\"https:\/\/dev6.erresse-shop.it\/es\/shop\/pequenos-electrodomesticos\/licuadoras\/bamix-set-bbq-negro\/\",\"name\":\"BAMIX Set BBQ Negro - dev6 Erresse\",\"isPartOf\":{\"@id\":\"https:\/\/dev6.erresse-shop.it\/#website\"},\"primaryImageOfPage\":{\"@id\":\"https:\/\/dev6.erresse-shop.it\/es\/shop\/pequenos-electrodomesticos\/licuadoras\/bamix-set-bbq-negro\/#primaryimage\"},\"image\":{\"@id\":\"https:\/\/dev6.erresse-shop.it\/es\/shop\/pequenos-electrodomesticos\/licuadoras\/bamix-set-bbq-negro\/#primaryimage\"},\"thumbnailUrl\":\"https:\/\/i3.wp.com\/interpim.erresse-shop.it\/wp-content\/uploads\/2025\/04\/BAMIX-Set-BBQ-Nero.jpg\/bamix-set-bbq-nero.jpg?ssl=1\",\"datePublished\":\"2026-04-12T12:40:55+00:00\",\"description\":\"Descubre un mundo de nuevas recetas con el set de barbacoa Bamix El procesador de alimentos para barbacoa Bamix es un electrodom\u00e9stico vers\u00e1til y potente,\",\"breadcrumb\":{\"@id\":\"https:\/\/dev6.erresse-shop.it\/es\/shop\/pequenos-electrodomesticos\/licuadoras\/bamix-set-bbq-negro\/#breadcrumb\"},\"inLanguage\":\"es\",\"potentialAction\":[{\"@type\":\"ReadAction\",\"target\":[\"https:\/\/dev6.erresse-shop.it\/es\/shop\/pequenos-electrodomesticos\/licuadoras\/bamix-set-bbq-negro\/\"]}]},{\"@type\":\"ImageObject\",\"inLanguage\":\"es\",\"@id\":\"https:\/\/dev6.erresse-shop.it\/es\/shop\/pequenos-electrodomesticos\/licuadoras\/bamix-set-bbq-negro\/#primaryimage\",\"url\":\"https:\/\/i3.wp.com\/interpim.erresse-shop.it\/wp-content\/uploads\/2025\/04\/BAMIX-Set-BBQ-Nero.jpg\/bamix-set-bbq-nero.jpg?ssl=1\",\"contentUrl\":\"https:\/\/i3.wp.com\/interpim.erresse-shop.it\/wp-content\/uploads\/2025\/04\/BAMIX-Set-BBQ-Nero.jpg\/bamix-set-bbq-nero.jpg?ssl=1\"},{\"@type\":\"BreadcrumbList\",\"@id\":\"https:\/\/dev6.erresse-shop.it\/es\/shop\/pequenos-electrodomesticos\/licuadoras\/bamix-set-bbq-negro\/#breadcrumb\",\"itemListElement\":[{\"@type\":\"ListItem\",\"position\":1,\"name\":\"Home\",\"item\":\"https:\/\/dev6.erresse-shop.it\/\"},{\"@type\":\"ListItem\",\"position\":2,\"name\":\"Tienda\",\"item\":\"https:\/\/dev6.erresse-shop.it\/shop\/\"},{\"@type\":\"ListItem\",\"position\":3,\"name\":\"BAMIX Set BBQ Negro\"}]},{\"@type\":\"WebSite\",\"@id\":\"https:\/\/dev6.erresse-shop.it\/#website\",\"url\":\"https:\/\/dev6.erresse-shop.it\/\",\"name\":\"Erresse Shop\",\"description\":\"\",\"publisher\":{\"@id\":\"https:\/\/dev6.erresse-shop.it\/#organization\"},\"potentialAction\":[{\"@type\":\"SearchAction\",\"target\":{\"@type\":\"EntryPoint\",\"urlTemplate\":\"https:\/\/dev6.erresse-shop.it\/?s={search_term_string}\"},\"query-input\":{\"@type\":\"PropertyValueSpecification\",\"valueRequired\":true,\"valueName\":\"search_term_string\"}}],\"inLanguage\":\"es\"},{\"@type\":\"Organization\",\"@id\":\"https:\/\/dev6.erresse-shop.it\/#organization\",\"name\":\"Erresse Shop\",\"url\":\"https:\/\/dev6.erresse-shop.it\/\",\"logo\":{\"@type\":\"ImageObject\",\"inLanguage\":\"es\",\"@id\":\"https:\/\/dev6.erresse-shop.it\/#\/schema\/logo\/image\/\",\"url\":\"https:\/\/dev6.erresse-shop.it\/wp-content\/uploads\/2025\/01\/LOGO-ERRESSE-CLASSICO.svg\",\"contentUrl\":\"https:\/\/dev6.erresse-shop.it\/wp-content\/uploads\/2025\/01\/LOGO-ERRESSE-CLASSICO.svg\",\"caption\":\"Erresse Shop\"},\"image\":{\"@id\":\"https:\/\/dev6.erresse-shop.it\/#\/schema\/logo\/image\/\"}}]}<\/script>\n<!-- \/ Yoast SEO plugin. -->","yoast_head_json":{"title":"BAMIX Set BBQ Negro - dev6 Erresse","description":"Descubre un mundo de nuevas recetas con el set de barbacoa Bamix El procesador de alimentos para barbacoa Bamix es un electrodom\u00e9stico vers\u00e1til y potente,","robots":{"index":"noindex","follow":"follow","max-snippet":"max-snippet:-1","max-image-preview":"max-image-preview:large","max-video-preview":"max-video-preview:-1"},"og_locale":"es_ES","og_type":"article","og_title":"BAMIX Set BBQ Negro - dev6 Erresse","og_description":"Descubre un mundo de nuevas recetas con el set de barbacoa Bamix El procesador de alimentos para barbacoa Bamix es un electrodom\u00e9stico vers\u00e1til y potente,","og_url":"https:\/\/dev6.erresse-shop.it\/es\/shop\/pequenos-electrodomesticos\/licuadoras\/bamix-set-bbq-negro\/","og_site_name":"dev6 Erresse","og_image":[{"url":"https:\/\/interpim.erresse-shop.it\/wp-content\/uploads\/2025\/04\/BAMIX-Set-BBQ-Nero.jpg\/bamix-set-bbq-nero.jpg","type":"","width":"","height":""},{"url":"https:\/\/interpim.erresse-shop.it\/wp-content\/uploads\/2025\/04\/BAMIX-Set-BBQ-Nero.jpg\/bamix-set-bbq-nero.jpg","width":1024,"height":1024,"type":"image\/jpeg"}],"twitter_card":"summary_large_image","twitter_image":"https:\/\/interpim.erresse-shop.it\/wp-content\/uploads\/2025\/04\/BAMIX-Set-BBQ-Nero.jpg\/bamix-set-bbq-nero.jpg","schema":{"@context":"https:\/\/schema.org","@graph":[{"@type":"WebPage","@id":"https:\/\/dev6.erresse-shop.it\/es\/shop\/pequenos-electrodomesticos\/licuadoras\/bamix-set-bbq-negro\/","url":"https:\/\/dev6.erresse-shop.it\/es\/shop\/pequenos-electrodomesticos\/licuadoras\/bamix-set-bbq-negro\/","name":"BAMIX Set BBQ Negro - dev6 Erresse","isPartOf":{"@id":"https:\/\/dev6.erresse-shop.it\/#website"},"primaryImageOfPage":{"@id":"https:\/\/dev6.erresse-shop.it\/es\/shop\/pequenos-electrodomesticos\/licuadoras\/bamix-set-bbq-negro\/#primaryimage"},"image":{"@id":"https:\/\/dev6.erresse-shop.it\/es\/shop\/pequenos-electrodomesticos\/licuadoras\/bamix-set-bbq-negro\/#primaryimage"},"thumbnailUrl":"https:\/\/i3.wp.com\/interpim.erresse-shop.it\/wp-content\/uploads\/2025\/04\/BAMIX-Set-BBQ-Nero.jpg\/bamix-set-bbq-nero.jpg?ssl=1","datePublished":"2026-04-12T12:40:55+00:00","description":"Descubre un mundo de nuevas recetas con el set de barbacoa Bamix El procesador de alimentos para barbacoa Bamix es un electrodom\u00e9stico vers\u00e1til y potente,","breadcrumb":{"@id":"https:\/\/dev6.erresse-shop.it\/es\/shop\/pequenos-electrodomesticos\/licuadoras\/bamix-set-bbq-negro\/#breadcrumb"},"inLanguage":"es","potentialAction":[{"@type":"ReadAction","target":["https:\/\/dev6.erresse-shop.it\/es\/shop\/pequenos-electrodomesticos\/licuadoras\/bamix-set-bbq-negro\/"]}]},{"@type":"ImageObject","inLanguage":"es","@id":"https:\/\/dev6.erresse-shop.it\/es\/shop\/pequenos-electrodomesticos\/licuadoras\/bamix-set-bbq-negro\/#primaryimage","url":"https:\/\/i3.wp.com\/interpim.erresse-shop.it\/wp-content\/uploads\/2025\/04\/BAMIX-Set-BBQ-Nero.jpg\/bamix-set-bbq-nero.jpg?ssl=1","contentUrl":"https:\/\/i3.wp.com\/interpim.erresse-shop.it\/wp-content\/uploads\/2025\/04\/BAMIX-Set-BBQ-Nero.jpg\/bamix-set-bbq-nero.jpg?ssl=1"},{"@type":"BreadcrumbList","@id":"https:\/\/dev6.erresse-shop.it\/es\/shop\/pequenos-electrodomesticos\/licuadoras\/bamix-set-bbq-negro\/#breadcrumb","itemListElement":[{"@type":"ListItem","position":1,"name":"Home","item":"https:\/\/dev6.erresse-shop.it\/"},{"@type":"ListItem","position":2,"name":"Tienda","item":"https:\/\/dev6.erresse-shop.it\/shop\/"},{"@type":"ListItem","position":3,"name":"BAMIX Set BBQ Negro"}]},{"@type":"WebSite","@id":"https:\/\/dev6.erresse-shop.it\/#website","url":"https:\/\/dev6.erresse-shop.it\/","name":"Erresse Shop","description":"","publisher":{"@id":"https:\/\/dev6.erresse-shop.it\/#organization"},"potentialAction":[{"@type":"SearchAction","target":{"@type":"EntryPoint","urlTemplate":"https:\/\/dev6.erresse-shop.it\/?s={search_term_string}"},"query-input":{"@type":"PropertyValueSpecification","valueRequired":true,"valueName":"search_term_string"}}],"inLanguage":"es"},{"@type":"Organization","@id":"https:\/\/dev6.erresse-shop.it\/#organization","name":"Erresse Shop","url":"https:\/\/dev6.erresse-shop.it\/","logo":{"@type":"ImageObject","inLanguage":"es","@id":"https:\/\/dev6.erresse-shop.it\/#\/schema\/logo\/image\/","url":"https:\/\/dev6.erresse-shop.it\/wp-content\/uploads\/2025\/01\/LOGO-ERRESSE-CLASSICO.svg","contentUrl":"https:\/\/dev6.erresse-shop.it\/wp-content\/uploads\/2025\/01\/LOGO-ERRESSE-CLASSICO.svg","caption":"Erresse Shop"},"image":{"@id":"https:\/\/dev6.erresse-shop.it\/#\/schema\/logo\/image\/"}}]}},"df_price":279,"df_sale_price":"","df_regular_price":279,"df_image_link":"https:\/\/i3.wp.com\/interpim.erresse-shop.it\/wp-content\/uploads\/2025\/04\/BAMIX-Set-BBQ-Nero.jpg\/bamix-set-bbq-nero.jpg?resize=300,300&ssl=1","fifu_image_url":"https:\/\/interpim.erresse-shop.it\/wp-content\/uploads\/2025\/04\/BAMIX-Set-BBQ-Nero.jpg\/bamix-set-bbq-nero.jpg","_links":{"self":[{"href":"https:\/\/dev6.erresse-shop.it\/es\/wp-json\/wp\/v2\/product\/2311355","targetHints":{"allow":["GET"]}}],"collection":[{"href":"https:\/\/dev6.erresse-shop.it\/es\/wp-json\/wp\/v2\/product"}],"about":[{"href":"https:\/\/dev6.erresse-shop.it\/es\/wp-json\/wp\/v2\/types\/product"}],"wp:featuredmedia":[{"embeddable":true,"href":"https:\/\/dev6.erresse-shop.it\/es\/wp-json\/wp\/v2\/media\/6381073"}],"wp:attachment":[{"href":"https:\/\/dev6.erresse-shop.it\/es\/wp-json\/wp\/v2\/media?parent=2311355"}],"wp:term":[{"taxonomy":"product_cat","embeddable":true,"href":"https:\/\/dev6.erresse-shop.it\/es\/wp-json\/wp\/v2\/product_cat?post=2311355"},{"taxonomy":"product_tag","embeddable":true,"href":"https:\/\/dev6.erresse-shop.it\/es\/wp-json\/wp\/v2\/product_tag?post=2311355"}],"curies":[{"name":"wp","href":"https:\/\/api.w.org\/{rel}","templated":true}]}}