{"id":2311329,"date":"2026-04-04T14:35:24","date_gmt":"2026-04-04T12:35:24","guid":{"rendered":"https:\/\/dev6.erresse-shop.it\/shop\/sin%20categor\u00eda\/la-pavoni-maquina-de-cafe-europiccola-milano\/"},"modified":"2025-09-14T10:55:15","modified_gmt":"2025-09-14T08:55:15","slug":"la-pavoni-maquina-de-cafe-europiccola-milano","status":"publish","type":"product","link":"https:\/\/dev6.erresse-shop.it\/es\/shop\/pequenos-electrodomesticos\/maquinas-de-cafe\/palanca\/la-pavoni-maquina-de-cafe-europiccola-milano\/","title":{"rendered":"LA PAVONI M\u00e1quina de Caf\u00e9 Europiccola Milano"},"content":{"rendered":"<p>Desde 1961, la m\u00e1quina de palanca por excelencia que no entiende de modas. Un modelo ic\u00f3nico construido con materiales nobles, caldera de 0,8 litros que permite obtener 8 tazas de caf\u00e9 espresso de forma consecutiva. Un objeto de dise\u00f1o inconfundible.<\/p>\n<p>Todos los modelos de palanca La Pavoni de 230 V est\u00e1n certificados por:<\/p>\n<\/p>\n<p>Est\u00e9tica<\/p>\n<p>Est\u00e9tica: Especial<br \/>\nSerie: Europiccola<br \/>\nColor de la carrocer\u00eda: Cromo<br \/>\nMaterial del cuerpo: Lat\u00f3n<br \/>\nColor base: Cromo<br \/>\nMaterial base: Acero<br \/>\nMaterial de la bandeja de goteo: ABS<br \/>\nMaterial de la rejilla del portavasos: Acero inoxidable<br \/>\nMaterial de la boquilla de vapor: Lat\u00f3n cromado<br \/>\nMaterial del grupo dispensador: Lat\u00f3n<br \/>\nColor del grupo dispensador: Cromo<br \/>\nColor de la palanca: Cromo<br \/>\nMaterial de la palanca: Acero<br \/>\nMaterial de la manija de la palanca: Baquelita<br \/>\nMaterial de la perilla de vapor: Baquelita<br \/>\nMaterial de la tapa de la caldera: Baquelita<\/p>\n<p>Funciones<\/p>\n<p>Funci\u00f3n de dispensaci\u00f3n de caf\u00e9: S\u00ed, presi\u00f3n manual<br \/>\nFunci\u00f3n de vapor: S\u00ed<\/p>\n<p>Caracter\u00edsticas t\u00e9cnicas:<\/p>\n<p>Sistema de calefacci\u00f3n: Caldera<br \/>\nCapacidad del tanque de agua: 0,8 l<br \/>\nInterruptor de presi\u00f3n: S\u00ed<br \/>\nIndicador de nivel de agua: S\u00ed<br \/>\nMan\u00f3metro de la caldera: S\u00ed<br \/>\nDi\u00e1metro interior del portafiltros (con filtro): 52 mm<br \/>\nLuz indicadora de temperatura: S\u00ed<br \/>\nBoquilla de vapor: S\u00ed<\/p>\n<p>Accesorios incluidos<\/p>\n<p>Filtros: 1 taza\/ 2 tazas<br \/>\nPressino: S\u00ed<br \/>\nTaza medidora: S\u00ed<br \/>\nPortafiltros: Est\u00e1ndar<br \/>\nLanza de vapor: 3 orificios \u00d8 1,2 mm<\/p>\n<p>Conexi\u00f3n el\u00e9ctrica:<\/p>\n<p>Enchufe: (F;E) Schuko<br \/>\nVoltaje (V): 220-240 V<br \/>\nFrecuencia Hz: 50\/60 Hz<br \/>\nLongitud del cable de alimentaci\u00f3n: 1,5 m<\/p>\n<p>Not for sale outside Europe<\/p>\n","protected":false},"excerpt":{"rendered":"<p>Desde 1961, la m\u00e1quina de palanca por excelencia que no entiende de modas. Un modelo ic\u00f3nico construido con materiales nobles, caldera de 0,8 litros que permite obtener 8 tazas de caf\u00e9 espresso de forma consecutiva. Un objeto de dise\u00f1o inconfundible. Todos los modelos de palanca La Pavoni de 230 V est\u00e1n certificados por: Est\u00e9tica Est\u00e9tica: [&hellip;]<\/p>\n","protected":false},"featured_media":6297740,"template":"","meta":{"_acf_changed":false},"product_cat":[11955,11962,11947],"product_tag":[],"class_list":{"0":"post-2311329","1":"product","2":"type-product","3":"status-publish","4":"has-post-thumbnail","6":"product_cat-maquinas-de-cafe","7":"product_cat-palanca","8":"product_cat-pequenos-electrodomesticos","10":"first","11":"instock","12":"sale","13":"taxable","14":"shipping-taxable","15":"purchasable","16":"product-type-simple","swatches":"rey-swatches","show_selected":"","stretch_labels":"rey-swatches--stretch-labels"},"acf":[],"yoast_head":"<!-- This site is optimized with the Yoast SEO plugin v25.4 - https:\/\/yoast.com\/wordpress\/plugins\/seo\/ -->\n<title>LA PAVONI M\u00e1quina de Caf\u00e9 Europiccola Milano - dev6 Erresse<\/title>\n<meta name=\"description\" content=\"Desde 1961, la m\u00e1quina de palanca por excelencia que no entiende de modas. Un modelo ic\u00f3nico construido con materiales nobles, caldera de 0,8 litros que\" \/>\n<meta name=\"robots\" content=\"noindex, follow, max-snippet:-1, max-image-preview:large, max-video-preview:-1\" \/>\n<meta property=\"og:locale\" content=\"es_ES\" \/>\n<meta property=\"og:type\" content=\"article\" \/>\n<meta property=\"og:title\" content=\"LA PAVONI M\u00e1quina de Caf\u00e9 Europiccola Milano - dev6 Erresse\" \/>\n<meta property=\"og:description\" content=\"Desde 1961, la m\u00e1quina de palanca por excelencia que no entiende de modas. Un modelo ic\u00f3nico construido con materiales nobles, caldera de 0,8 litros que\" \/>\n<meta property=\"og:url\" content=\"https:\/\/dev6.erresse-shop.it\/es\/shop\/pequenos-electrodomesticos\/maquinas-de-cafe\/palanca\/la-pavoni-maquina-de-cafe-europiccola-milano\/\" \/>\n<meta property=\"og:site_name\" content=\"dev6 Erresse\" \/>\n<meta property=\"og:image\" content=\"https:\/\/interpim.erresse-shop.it\/wp-content\/uploads\/2025\/04\/LA-PAVONI-Macchina-da-Caffe-Europiccola-Milano.jpg\/la-pavoni-macchina-da-caffe-europiccola-milano.jpg\" \/><meta property=\"og:image\" content=\"https:\/\/interpim.erresse-shop.it\/wp-content\/uploads\/2025\/04\/LA-PAVONI-Macchina-da-Caffe-Europiccola-Milano.jpg\/la-pavoni-macchina-da-caffe-europiccola-milano.jpg\" \/>\n\t<meta property=\"og:image:width\" content=\"1024\" \/>\n\t<meta property=\"og:image:height\" content=\"1024\" \/>\n\t<meta property=\"og:image:type\" content=\"image\/jpeg\" \/>\n<meta name=\"twitter:card\" content=\"summary_large_image\" \/>\n<meta name=\"twitter:image\" content=\"https:\/\/interpim.erresse-shop.it\/wp-content\/uploads\/2025\/04\/LA-PAVONI-Macchina-da-Caffe-Europiccola-Milano.jpg\/la-pavoni-macchina-da-caffe-europiccola-milano.jpg\" \/>\n<script type=\"application\/ld+json\" class=\"yoast-schema-graph\">{\"@context\":\"https:\/\/schema.org\",\"@graph\":[{\"@type\":\"WebPage\",\"@id\":\"https:\/\/dev6.erresse-shop.it\/es\/shop\/pequenos-electrodomesticos\/maquinas-de-cafe\/palanca\/la-pavoni-maquina-de-cafe-europiccola-milano\/\",\"url\":\"https:\/\/dev6.erresse-shop.it\/es\/shop\/pequenos-electrodomesticos\/maquinas-de-cafe\/palanca\/la-pavoni-maquina-de-cafe-europiccola-milano\/\",\"name\":\"LA PAVONI M\u00e1quina de Caf\u00e9 Europiccola Milano - dev6 Erresse\",\"isPartOf\":{\"@id\":\"https:\/\/dev6.erresse-shop.it\/#website\"},\"primaryImageOfPage\":{\"@id\":\"https:\/\/dev6.erresse-shop.it\/es\/shop\/pequenos-electrodomesticos\/maquinas-de-cafe\/palanca\/la-pavoni-maquina-de-cafe-europiccola-milano\/#primaryimage\"},\"image\":{\"@id\":\"https:\/\/dev6.erresse-shop.it\/es\/shop\/pequenos-electrodomesticos\/maquinas-de-cafe\/palanca\/la-pavoni-maquina-de-cafe-europiccola-milano\/#primaryimage\"},\"thumbnailUrl\":\"https:\/\/i1.wp.com\/interpim.erresse-shop.it\/wp-content\/uploads\/2025\/04\/LA-PAVONI-Macchina-da-Caffe-Europiccola-Milano.jpg\/la-pavoni-macchina-da-caffe-europiccola-milano.jpg?ssl=1\",\"datePublished\":\"2026-04-04T12:35:24+00:00\",\"description\":\"Desde 1961, la m\u00e1quina de palanca por excelencia que no entiende de modas. Un modelo ic\u00f3nico construido con materiales nobles, caldera de 0,8 litros que\",\"breadcrumb\":{\"@id\":\"https:\/\/dev6.erresse-shop.it\/es\/shop\/pequenos-electrodomesticos\/maquinas-de-cafe\/palanca\/la-pavoni-maquina-de-cafe-europiccola-milano\/#breadcrumb\"},\"inLanguage\":\"es\",\"potentialAction\":[{\"@type\":\"ReadAction\",\"target\":[\"https:\/\/dev6.erresse-shop.it\/es\/shop\/pequenos-electrodomesticos\/maquinas-de-cafe\/palanca\/la-pavoni-maquina-de-cafe-europiccola-milano\/\"]}]},{\"@type\":\"ImageObject\",\"inLanguage\":\"es\",\"@id\":\"https:\/\/dev6.erresse-shop.it\/es\/shop\/pequenos-electrodomesticos\/maquinas-de-cafe\/palanca\/la-pavoni-maquina-de-cafe-europiccola-milano\/#primaryimage\",\"url\":\"https:\/\/i1.wp.com\/interpim.erresse-shop.it\/wp-content\/uploads\/2025\/04\/LA-PAVONI-Macchina-da-Caffe-Europiccola-Milano.jpg\/la-pavoni-macchina-da-caffe-europiccola-milano.jpg?ssl=1\",\"contentUrl\":\"https:\/\/i1.wp.com\/interpim.erresse-shop.it\/wp-content\/uploads\/2025\/04\/LA-PAVONI-Macchina-da-Caffe-Europiccola-Milano.jpg\/la-pavoni-macchina-da-caffe-europiccola-milano.jpg?ssl=1\"},{\"@type\":\"BreadcrumbList\",\"@id\":\"https:\/\/dev6.erresse-shop.it\/es\/shop\/pequenos-electrodomesticos\/maquinas-de-cafe\/palanca\/la-pavoni-maquina-de-cafe-europiccola-milano\/#breadcrumb\",\"itemListElement\":[{\"@type\":\"ListItem\",\"position\":1,\"name\":\"Home\",\"item\":\"https:\/\/dev6.erresse-shop.it\/\"},{\"@type\":\"ListItem\",\"position\":2,\"name\":\"Tienda\",\"item\":\"https:\/\/dev6.erresse-shop.it\/shop\/\"},{\"@type\":\"ListItem\",\"position\":3,\"name\":\"LA PAVONI M\u00e1quina de Caf\u00e9 Europiccola Milano\"}]},{\"@type\":\"WebSite\",\"@id\":\"https:\/\/dev6.erresse-shop.it\/#website\",\"url\":\"https:\/\/dev6.erresse-shop.it\/\",\"name\":\"Erresse Shop\",\"description\":\"\",\"publisher\":{\"@id\":\"https:\/\/dev6.erresse-shop.it\/#organization\"},\"potentialAction\":[{\"@type\":\"SearchAction\",\"target\":{\"@type\":\"EntryPoint\",\"urlTemplate\":\"https:\/\/dev6.erresse-shop.it\/?s={search_term_string}\"},\"query-input\":{\"@type\":\"PropertyValueSpecification\",\"valueRequired\":true,\"valueName\":\"search_term_string\"}}],\"inLanguage\":\"es\"},{\"@type\":\"Organization\",\"@id\":\"https:\/\/dev6.erresse-shop.it\/#organization\",\"name\":\"Erresse Shop\",\"url\":\"https:\/\/dev6.erresse-shop.it\/\",\"logo\":{\"@type\":\"ImageObject\",\"inLanguage\":\"es\",\"@id\":\"https:\/\/dev6.erresse-shop.it\/#\/schema\/logo\/image\/\",\"url\":\"https:\/\/dev6.erresse-shop.it\/wp-content\/uploads\/2025\/01\/LOGO-ERRESSE-CLASSICO.svg\",\"contentUrl\":\"https:\/\/dev6.erresse-shop.it\/wp-content\/uploads\/2025\/01\/LOGO-ERRESSE-CLASSICO.svg\",\"caption\":\"Erresse Shop\"},\"image\":{\"@id\":\"https:\/\/dev6.erresse-shop.it\/#\/schema\/logo\/image\/\"}}]}<\/script>\n<!-- \/ Yoast SEO plugin. -->","yoast_head_json":{"title":"LA PAVONI M\u00e1quina de Caf\u00e9 Europiccola Milano - dev6 Erresse","description":"Desde 1961, la m\u00e1quina de palanca por excelencia que no entiende de modas. Un modelo ic\u00f3nico construido con materiales nobles, caldera de 0,8 litros que","robots":{"index":"noindex","follow":"follow","max-snippet":"max-snippet:-1","max-image-preview":"max-image-preview:large","max-video-preview":"max-video-preview:-1"},"og_locale":"es_ES","og_type":"article","og_title":"LA PAVONI M\u00e1quina de Caf\u00e9 Europiccola Milano - dev6 Erresse","og_description":"Desde 1961, la m\u00e1quina de palanca por excelencia que no entiende de modas. Un modelo ic\u00f3nico construido con materiales nobles, caldera de 0,8 litros que","og_url":"https:\/\/dev6.erresse-shop.it\/es\/shop\/pequenos-electrodomesticos\/maquinas-de-cafe\/palanca\/la-pavoni-maquina-de-cafe-europiccola-milano\/","og_site_name":"dev6 Erresse","og_image":[{"url":"https:\/\/interpim.erresse-shop.it\/wp-content\/uploads\/2025\/04\/LA-PAVONI-Macchina-da-Caffe-Europiccola-Milano.jpg\/la-pavoni-macchina-da-caffe-europiccola-milano.jpg","type":"","width":"","height":""},{"url":"https:\/\/interpim.erresse-shop.it\/wp-content\/uploads\/2025\/04\/LA-PAVONI-Macchina-da-Caffe-Europiccola-Milano.jpg\/la-pavoni-macchina-da-caffe-europiccola-milano.jpg","width":1024,"height":1024,"type":"image\/jpeg"}],"twitter_card":"summary_large_image","twitter_image":"https:\/\/interpim.erresse-shop.it\/wp-content\/uploads\/2025\/04\/LA-PAVONI-Macchina-da-Caffe-Europiccola-Milano.jpg\/la-pavoni-macchina-da-caffe-europiccola-milano.jpg","schema":{"@context":"https:\/\/schema.org","@graph":[{"@type":"WebPage","@id":"https:\/\/dev6.erresse-shop.it\/es\/shop\/pequenos-electrodomesticos\/maquinas-de-cafe\/palanca\/la-pavoni-maquina-de-cafe-europiccola-milano\/","url":"https:\/\/dev6.erresse-shop.it\/es\/shop\/pequenos-electrodomesticos\/maquinas-de-cafe\/palanca\/la-pavoni-maquina-de-cafe-europiccola-milano\/","name":"LA PAVONI M\u00e1quina de Caf\u00e9 Europiccola Milano - dev6 Erresse","isPartOf":{"@id":"https:\/\/dev6.erresse-shop.it\/#website"},"primaryImageOfPage":{"@id":"https:\/\/dev6.erresse-shop.it\/es\/shop\/pequenos-electrodomesticos\/maquinas-de-cafe\/palanca\/la-pavoni-maquina-de-cafe-europiccola-milano\/#primaryimage"},"image":{"@id":"https:\/\/dev6.erresse-shop.it\/es\/shop\/pequenos-electrodomesticos\/maquinas-de-cafe\/palanca\/la-pavoni-maquina-de-cafe-europiccola-milano\/#primaryimage"},"thumbnailUrl":"https:\/\/i1.wp.com\/interpim.erresse-shop.it\/wp-content\/uploads\/2025\/04\/LA-PAVONI-Macchina-da-Caffe-Europiccola-Milano.jpg\/la-pavoni-macchina-da-caffe-europiccola-milano.jpg?ssl=1","datePublished":"2026-04-04T12:35:24+00:00","description":"Desde 1961, la m\u00e1quina de palanca por excelencia que no entiende de modas. Un modelo ic\u00f3nico construido con materiales nobles, caldera de 0,8 litros que","breadcrumb":{"@id":"https:\/\/dev6.erresse-shop.it\/es\/shop\/pequenos-electrodomesticos\/maquinas-de-cafe\/palanca\/la-pavoni-maquina-de-cafe-europiccola-milano\/#breadcrumb"},"inLanguage":"es","potentialAction":[{"@type":"ReadAction","target":["https:\/\/dev6.erresse-shop.it\/es\/shop\/pequenos-electrodomesticos\/maquinas-de-cafe\/palanca\/la-pavoni-maquina-de-cafe-europiccola-milano\/"]}]},{"@type":"ImageObject","inLanguage":"es","@id":"https:\/\/dev6.erresse-shop.it\/es\/shop\/pequenos-electrodomesticos\/maquinas-de-cafe\/palanca\/la-pavoni-maquina-de-cafe-europiccola-milano\/#primaryimage","url":"https:\/\/i1.wp.com\/interpim.erresse-shop.it\/wp-content\/uploads\/2025\/04\/LA-PAVONI-Macchina-da-Caffe-Europiccola-Milano.jpg\/la-pavoni-macchina-da-caffe-europiccola-milano.jpg?ssl=1","contentUrl":"https:\/\/i1.wp.com\/interpim.erresse-shop.it\/wp-content\/uploads\/2025\/04\/LA-PAVONI-Macchina-da-Caffe-Europiccola-Milano.jpg\/la-pavoni-macchina-da-caffe-europiccola-milano.jpg?ssl=1"},{"@type":"BreadcrumbList","@id":"https:\/\/dev6.erresse-shop.it\/es\/shop\/pequenos-electrodomesticos\/maquinas-de-cafe\/palanca\/la-pavoni-maquina-de-cafe-europiccola-milano\/#breadcrumb","itemListElement":[{"@type":"ListItem","position":1,"name":"Home","item":"https:\/\/dev6.erresse-shop.it\/"},{"@type":"ListItem","position":2,"name":"Tienda","item":"https:\/\/dev6.erresse-shop.it\/shop\/"},{"@type":"ListItem","position":3,"name":"LA PAVONI M\u00e1quina de Caf\u00e9 Europiccola Milano"}]},{"@type":"WebSite","@id":"https:\/\/dev6.erresse-shop.it\/#website","url":"https:\/\/dev6.erresse-shop.it\/","name":"Erresse Shop","description":"","publisher":{"@id":"https:\/\/dev6.erresse-shop.it\/#organization"},"potentialAction":[{"@type":"SearchAction","target":{"@type":"EntryPoint","urlTemplate":"https:\/\/dev6.erresse-shop.it\/?s={search_term_string}"},"query-input":{"@type":"PropertyValueSpecification","valueRequired":true,"valueName":"search_term_string"}}],"inLanguage":"es"},{"@type":"Organization","@id":"https:\/\/dev6.erresse-shop.it\/#organization","name":"Erresse Shop","url":"https:\/\/dev6.erresse-shop.it\/","logo":{"@type":"ImageObject","inLanguage":"es","@id":"https:\/\/dev6.erresse-shop.it\/#\/schema\/logo\/image\/","url":"https:\/\/dev6.erresse-shop.it\/wp-content\/uploads\/2025\/01\/LOGO-ERRESSE-CLASSICO.svg","contentUrl":"https:\/\/dev6.erresse-shop.it\/wp-content\/uploads\/2025\/01\/LOGO-ERRESSE-CLASSICO.svg","caption":"Erresse Shop"},"image":{"@id":"https:\/\/dev6.erresse-shop.it\/#\/schema\/logo\/image\/"}}]}},"df_price":949,"df_sale_price":949,"df_regular_price":1099,"df_image_link":"https:\/\/i1.wp.com\/interpim.erresse-shop.it\/wp-content\/uploads\/2025\/04\/LA-PAVONI-Macchina-da-Caffe-Europiccola-Milano.jpg\/la-pavoni-macchina-da-caffe-europiccola-milano.jpg?resize=300,300&ssl=1","fifu_image_url":"https:\/\/interpim.erresse-shop.it\/wp-content\/uploads\/2025\/04\/LA-PAVONI-Macchina-da-Caffe-Europiccola-Milano.jpg\/la-pavoni-macchina-da-caffe-europiccola-milano.jpg","_links":{"self":[{"href":"https:\/\/dev6.erresse-shop.it\/es\/wp-json\/wp\/v2\/product\/2311329","targetHints":{"allow":["GET"]}}],"collection":[{"href":"https:\/\/dev6.erresse-shop.it\/es\/wp-json\/wp\/v2\/product"}],"about":[{"href":"https:\/\/dev6.erresse-shop.it\/es\/wp-json\/wp\/v2\/types\/product"}],"wp:featuredmedia":[{"embeddable":true,"href":"https:\/\/dev6.erresse-shop.it\/es\/wp-json\/wp\/v2\/media\/6297740"}],"wp:attachment":[{"href":"https:\/\/dev6.erresse-shop.it\/es\/wp-json\/wp\/v2\/media?parent=2311329"}],"wp:term":[{"taxonomy":"product_cat","embeddable":true,"href":"https:\/\/dev6.erresse-shop.it\/es\/wp-json\/wp\/v2\/product_cat?post=2311329"},{"taxonomy":"product_tag","embeddable":true,"href":"https:\/\/dev6.erresse-shop.it\/es\/wp-json\/wp\/v2\/product_tag?post=2311329"}],"curies":[{"name":"wp","href":"https:\/\/api.w.org\/{rel}","templated":true}]}}