{"id":2311275,"date":"2026-04-12T14:34:59","date_gmt":"2026-04-12T12:34:59","guid":{"rendered":"https:\/\/dev6.erresse-shop.it\/shop\/sin%20categor\u00eda\/joseph-joseph-tota-trio-laundry-basket-90-litros-gris\/"},"modified":"2025-12-08T17:56:15","modified_gmt":"2025-12-08T16:56:15","slug":"joseph-joseph-tota-trio-laundry-basket-90-litros-gris","status":"publish","type":"product","link":"https:\/\/dev6.erresse-shop.it\/es\/shop\/mobiliario\/cuarto-de-bano\/joseph-joseph-tota-trio-laundry-basket-90-litros-gris\/","title":{"rendered":"JOSEPH JOSEPH Tota Trio Laundry Basket 90 litros Gris"},"content":{"rendered":"<p>Nuestro cesto para ropa sucia m\u00e1s vendido se ha actualizado con tres compartimentos para separar la ropa. Las bolsas de lavander\u00eda extra\u00edbles y f\u00e1ciles de transportar facilitan el vaciado, y su vers\u00e1til color crudo se adapta a la perfecci\u00f3n a cualquier espacio. <\/p>\n<p>Tres compartimentos de 30 litros permiten separar f\u00e1cilmente prendas claras, oscuras y de color.<br \/>\nLas bolsas de ropa extra\u00edbles con asas facilitan el transporte de la ropa a la lavadora.<br \/>\nLas asas en la base de las bolsas facilitan el vaciado.<br \/>\nLas bolsas encajan en el espacio del cesto de ropa, lo que facilita su almacenamiento.<br \/>\nLa tapa oculta la ropa sucia, manteniendo la casa organizada.<br \/>\nSu dise\u00f1o compacto es perfecto para dormitorios, ba\u00f1os o lavaderos.<br \/>\nSe entrega desmontado con instrucciones de montaje sencillas y sin herramientas.<\/p>\n<p>Cuidado y uso:<\/p>\n<p>Bolsas de tela: Lavables a m\u00e1quina; consulte la etiqueta del producto para obtener instrucciones.<br \/>\nRetire el pl\u00e1stico antes del lavado.<br \/>\nExterior de la tela: Limpiar solo con un pa\u00f1o, no lavar a m\u00e1quina. Lavar<br \/>\nTapa, bordes y estructura: Limpiar con un pa\u00f1o h\u00famedo<br \/>\nAdvertencia: No se siente ni coloque objetos pesados \u200b\u200bsobre la cesta<br \/>\nNo permita que los ni\u00f1os jueguen con la cesta<\/p>\n<p>Dimensiones:<\/p>\n<p>Alto 71 x Ancho 59,1 x Fondo 39,5 cm (Alto 28 x Ancho 23,3 x Fondo 15,5 pulgadas)<\/p>\n<p>Material:<\/p>\n<p>Bolsas de lona: 100 % algod\u00f3n<br \/>\nExterior: 100 % poli\u00e9ster<\/p>\n","protected":false},"excerpt":{"rendered":"<p>Nuestro cesto para ropa sucia m\u00e1s vendido se ha actualizado con tres compartimentos para separar la ropa. Las bolsas de lavander\u00eda extra\u00edbles y f\u00e1ciles de transportar facilitan el vaciado, y su vers\u00e1til color crudo se adapta a la perfecci\u00f3n a cualquier espacio. Tres compartimentos de 30 litros permiten separar f\u00e1cilmente prendas claras, oscuras y de [&hellip;]<\/p>\n","protected":false},"featured_media":6380854,"template":"","meta":{"_acf_changed":false},"product_cat":[11966,11882],"product_tag":[],"class_list":{"0":"post-2311275","1":"product","2":"type-product","3":"status-publish","4":"has-post-thumbnail","6":"product_cat-cuarto-de-bano","7":"product_cat-mobiliario","9":"first","10":"instock","11":"sale","12":"taxable","13":"shipping-taxable","14":"purchasable","15":"product-type-simple","swatches":"rey-swatches","show_selected":"","stretch_labels":"rey-swatches--stretch-labels"},"acf":[],"yoast_head":"<!-- This site is optimized with the Yoast SEO plugin v25.4 - https:\/\/yoast.com\/wordpress\/plugins\/seo\/ -->\n<title>JOSEPH JOSEPH Tota Trio Laundry Basket 90 litros Gris - dev6 Erresse<\/title>\n<meta name=\"description\" content=\"Nuestro cesto para ropa sucia m\u00e1s vendido se ha actualizado con tres compartimentos para separar la ropa. Las bolsas de lavander\u00eda extra\u00edbles y f\u00e1ciles de\" \/>\n<meta name=\"robots\" content=\"noindex, follow, max-snippet:-1, max-image-preview:large, max-video-preview:-1\" \/>\n<meta property=\"og:locale\" content=\"es_ES\" \/>\n<meta property=\"og:type\" content=\"article\" \/>\n<meta property=\"og:title\" content=\"JOSEPH JOSEPH Tota Trio Laundry Basket 90 litros Gris - dev6 Erresse\" \/>\n<meta property=\"og:description\" content=\"Nuestro cesto para ropa sucia m\u00e1s vendido se ha actualizado con tres compartimentos para separar la ropa. Las bolsas de lavander\u00eda extra\u00edbles y f\u00e1ciles de\" \/>\n<meta property=\"og:url\" content=\"https:\/\/dev6.erresse-shop.it\/es\/shop\/mobiliario\/cuarto-de-bano\/joseph-joseph-tota-trio-laundry-basket-90-litros-gris\/\" \/>\n<meta property=\"og:site_name\" content=\"dev6 Erresse\" \/>\n<meta property=\"og:image\" content=\"https:\/\/interpim.erresse-shop.it\/wp-content\/uploads\/2025\/04\/JOSEPH-JOSEPH-Tota-Trio-Cesto-da-Biancheria-90-litri-Grigio.jpg\/joseph-joseph-tota-trio-cesto-da-biancheria-90-litri-grigio.jpg\" \/><meta property=\"og:image\" content=\"https:\/\/interpim.erresse-shop.it\/wp-content\/uploads\/2025\/04\/JOSEPH-JOSEPH-Tota-Trio-Cesto-da-Biancheria-90-litri-Grigio.jpg\/joseph-joseph-tota-trio-cesto-da-biancheria-90-litri-grigio.jpg\" \/>\n\t<meta property=\"og:image:width\" content=\"1024\" \/>\n\t<meta property=\"og:image:height\" content=\"1024\" \/>\n\t<meta property=\"og:image:type\" content=\"image\/jpeg\" \/>\n<meta name=\"twitter:card\" content=\"summary_large_image\" \/>\n<meta name=\"twitter:image\" content=\"https:\/\/interpim.erresse-shop.it\/wp-content\/uploads\/2025\/04\/JOSEPH-JOSEPH-Tota-Trio-Cesto-da-Biancheria-90-litri-Grigio.jpg\/joseph-joseph-tota-trio-cesto-da-biancheria-90-litri-grigio.jpg\" \/>\n<script type=\"application\/ld+json\" class=\"yoast-schema-graph\">{\"@context\":\"https:\/\/schema.org\",\"@graph\":[{\"@type\":\"WebPage\",\"@id\":\"https:\/\/dev6.erresse-shop.it\/es\/shop\/mobiliario\/cuarto-de-bano\/joseph-joseph-tota-trio-laundry-basket-90-litros-gris\/\",\"url\":\"https:\/\/dev6.erresse-shop.it\/es\/shop\/mobiliario\/cuarto-de-bano\/joseph-joseph-tota-trio-laundry-basket-90-litros-gris\/\",\"name\":\"JOSEPH JOSEPH Tota Trio Laundry Basket 90 litros Gris - dev6 Erresse\",\"isPartOf\":{\"@id\":\"https:\/\/dev6.erresse-shop.it\/#website\"},\"primaryImageOfPage\":{\"@id\":\"https:\/\/dev6.erresse-shop.it\/es\/shop\/mobiliario\/cuarto-de-bano\/joseph-joseph-tota-trio-laundry-basket-90-litros-gris\/#primaryimage\"},\"image\":{\"@id\":\"https:\/\/dev6.erresse-shop.it\/es\/shop\/mobiliario\/cuarto-de-bano\/joseph-joseph-tota-trio-laundry-basket-90-litros-gris\/#primaryimage\"},\"thumbnailUrl\":\"https:\/\/i1.wp.com\/interpim.erresse-shop.it\/wp-content\/uploads\/2025\/04\/JOSEPH-JOSEPH-Tota-Trio-Cesto-da-Biancheria-90-litri-Grigio.jpg\/joseph-joseph-tota-trio-cesto-da-biancheria-90-litri-grigio.jpg?ssl=1\",\"datePublished\":\"2026-04-12T12:34:59+00:00\",\"description\":\"Nuestro cesto para ropa sucia m\u00e1s vendido se ha actualizado con tres compartimentos para separar la ropa. Las bolsas de lavander\u00eda extra\u00edbles y f\u00e1ciles de\",\"breadcrumb\":{\"@id\":\"https:\/\/dev6.erresse-shop.it\/es\/shop\/mobiliario\/cuarto-de-bano\/joseph-joseph-tota-trio-laundry-basket-90-litros-gris\/#breadcrumb\"},\"inLanguage\":\"es\",\"potentialAction\":[{\"@type\":\"ReadAction\",\"target\":[\"https:\/\/dev6.erresse-shop.it\/es\/shop\/mobiliario\/cuarto-de-bano\/joseph-joseph-tota-trio-laundry-basket-90-litros-gris\/\"]}]},{\"@type\":\"ImageObject\",\"inLanguage\":\"es\",\"@id\":\"https:\/\/dev6.erresse-shop.it\/es\/shop\/mobiliario\/cuarto-de-bano\/joseph-joseph-tota-trio-laundry-basket-90-litros-gris\/#primaryimage\",\"url\":\"https:\/\/i1.wp.com\/interpim.erresse-shop.it\/wp-content\/uploads\/2025\/04\/JOSEPH-JOSEPH-Tota-Trio-Cesto-da-Biancheria-90-litri-Grigio.jpg\/joseph-joseph-tota-trio-cesto-da-biancheria-90-litri-grigio.jpg?ssl=1\",\"contentUrl\":\"https:\/\/i1.wp.com\/interpim.erresse-shop.it\/wp-content\/uploads\/2025\/04\/JOSEPH-JOSEPH-Tota-Trio-Cesto-da-Biancheria-90-litri-Grigio.jpg\/joseph-joseph-tota-trio-cesto-da-biancheria-90-litri-grigio.jpg?ssl=1\"},{\"@type\":\"BreadcrumbList\",\"@id\":\"https:\/\/dev6.erresse-shop.it\/es\/shop\/mobiliario\/cuarto-de-bano\/joseph-joseph-tota-trio-laundry-basket-90-litros-gris\/#breadcrumb\",\"itemListElement\":[{\"@type\":\"ListItem\",\"position\":1,\"name\":\"Home\",\"item\":\"https:\/\/dev6.erresse-shop.it\/\"},{\"@type\":\"ListItem\",\"position\":2,\"name\":\"Tienda\",\"item\":\"https:\/\/dev6.erresse-shop.it\/shop\/\"},{\"@type\":\"ListItem\",\"position\":3,\"name\":\"JOSEPH JOSEPH Tota Trio Laundry Basket 90 litros Gris\"}]},{\"@type\":\"WebSite\",\"@id\":\"https:\/\/dev6.erresse-shop.it\/#website\",\"url\":\"https:\/\/dev6.erresse-shop.it\/\",\"name\":\"Erresse Shop\",\"description\":\"\",\"publisher\":{\"@id\":\"https:\/\/dev6.erresse-shop.it\/#organization\"},\"potentialAction\":[{\"@type\":\"SearchAction\",\"target\":{\"@type\":\"EntryPoint\",\"urlTemplate\":\"https:\/\/dev6.erresse-shop.it\/?s={search_term_string}\"},\"query-input\":{\"@type\":\"PropertyValueSpecification\",\"valueRequired\":true,\"valueName\":\"search_term_string\"}}],\"inLanguage\":\"es\"},{\"@type\":\"Organization\",\"@id\":\"https:\/\/dev6.erresse-shop.it\/#organization\",\"name\":\"Erresse Shop\",\"url\":\"https:\/\/dev6.erresse-shop.it\/\",\"logo\":{\"@type\":\"ImageObject\",\"inLanguage\":\"es\",\"@id\":\"https:\/\/dev6.erresse-shop.it\/#\/schema\/logo\/image\/\",\"url\":\"https:\/\/dev6.erresse-shop.it\/wp-content\/uploads\/2025\/01\/LOGO-ERRESSE-CLASSICO.svg\",\"contentUrl\":\"https:\/\/dev6.erresse-shop.it\/wp-content\/uploads\/2025\/01\/LOGO-ERRESSE-CLASSICO.svg\",\"caption\":\"Erresse Shop\"},\"image\":{\"@id\":\"https:\/\/dev6.erresse-shop.it\/#\/schema\/logo\/image\/\"}}]}<\/script>\n<!-- \/ Yoast SEO plugin. -->","yoast_head_json":{"title":"JOSEPH JOSEPH Tota Trio Laundry Basket 90 litros Gris - dev6 Erresse","description":"Nuestro cesto para ropa sucia m\u00e1s vendido se ha actualizado con tres compartimentos para separar la ropa. Las bolsas de lavander\u00eda extra\u00edbles y f\u00e1ciles de","robots":{"index":"noindex","follow":"follow","max-snippet":"max-snippet:-1","max-image-preview":"max-image-preview:large","max-video-preview":"max-video-preview:-1"},"og_locale":"es_ES","og_type":"article","og_title":"JOSEPH JOSEPH Tota Trio Laundry Basket 90 litros Gris - dev6 Erresse","og_description":"Nuestro cesto para ropa sucia m\u00e1s vendido se ha actualizado con tres compartimentos para separar la ropa. Las bolsas de lavander\u00eda extra\u00edbles y f\u00e1ciles de","og_url":"https:\/\/dev6.erresse-shop.it\/es\/shop\/mobiliario\/cuarto-de-bano\/joseph-joseph-tota-trio-laundry-basket-90-litros-gris\/","og_site_name":"dev6 Erresse","og_image":[{"url":"https:\/\/interpim.erresse-shop.it\/wp-content\/uploads\/2025\/04\/JOSEPH-JOSEPH-Tota-Trio-Cesto-da-Biancheria-90-litri-Grigio.jpg\/joseph-joseph-tota-trio-cesto-da-biancheria-90-litri-grigio.jpg","type":"","width":"","height":""},{"url":"https:\/\/interpim.erresse-shop.it\/wp-content\/uploads\/2025\/04\/JOSEPH-JOSEPH-Tota-Trio-Cesto-da-Biancheria-90-litri-Grigio.jpg\/joseph-joseph-tota-trio-cesto-da-biancheria-90-litri-grigio.jpg","width":1024,"height":1024,"type":"image\/jpeg"}],"twitter_card":"summary_large_image","twitter_image":"https:\/\/interpim.erresse-shop.it\/wp-content\/uploads\/2025\/04\/JOSEPH-JOSEPH-Tota-Trio-Cesto-da-Biancheria-90-litri-Grigio.jpg\/joseph-joseph-tota-trio-cesto-da-biancheria-90-litri-grigio.jpg","schema":{"@context":"https:\/\/schema.org","@graph":[{"@type":"WebPage","@id":"https:\/\/dev6.erresse-shop.it\/es\/shop\/mobiliario\/cuarto-de-bano\/joseph-joseph-tota-trio-laundry-basket-90-litros-gris\/","url":"https:\/\/dev6.erresse-shop.it\/es\/shop\/mobiliario\/cuarto-de-bano\/joseph-joseph-tota-trio-laundry-basket-90-litros-gris\/","name":"JOSEPH JOSEPH Tota Trio Laundry Basket 90 litros Gris - dev6 Erresse","isPartOf":{"@id":"https:\/\/dev6.erresse-shop.it\/#website"},"primaryImageOfPage":{"@id":"https:\/\/dev6.erresse-shop.it\/es\/shop\/mobiliario\/cuarto-de-bano\/joseph-joseph-tota-trio-laundry-basket-90-litros-gris\/#primaryimage"},"image":{"@id":"https:\/\/dev6.erresse-shop.it\/es\/shop\/mobiliario\/cuarto-de-bano\/joseph-joseph-tota-trio-laundry-basket-90-litros-gris\/#primaryimage"},"thumbnailUrl":"https:\/\/i1.wp.com\/interpim.erresse-shop.it\/wp-content\/uploads\/2025\/04\/JOSEPH-JOSEPH-Tota-Trio-Cesto-da-Biancheria-90-litri-Grigio.jpg\/joseph-joseph-tota-trio-cesto-da-biancheria-90-litri-grigio.jpg?ssl=1","datePublished":"2026-04-12T12:34:59+00:00","description":"Nuestro cesto para ropa sucia m\u00e1s vendido se ha actualizado con tres compartimentos para separar la ropa. Las bolsas de lavander\u00eda extra\u00edbles y f\u00e1ciles de","breadcrumb":{"@id":"https:\/\/dev6.erresse-shop.it\/es\/shop\/mobiliario\/cuarto-de-bano\/joseph-joseph-tota-trio-laundry-basket-90-litros-gris\/#breadcrumb"},"inLanguage":"es","potentialAction":[{"@type":"ReadAction","target":["https:\/\/dev6.erresse-shop.it\/es\/shop\/mobiliario\/cuarto-de-bano\/joseph-joseph-tota-trio-laundry-basket-90-litros-gris\/"]}]},{"@type":"ImageObject","inLanguage":"es","@id":"https:\/\/dev6.erresse-shop.it\/es\/shop\/mobiliario\/cuarto-de-bano\/joseph-joseph-tota-trio-laundry-basket-90-litros-gris\/#primaryimage","url":"https:\/\/i1.wp.com\/interpim.erresse-shop.it\/wp-content\/uploads\/2025\/04\/JOSEPH-JOSEPH-Tota-Trio-Cesto-da-Biancheria-90-litri-Grigio.jpg\/joseph-joseph-tota-trio-cesto-da-biancheria-90-litri-grigio.jpg?ssl=1","contentUrl":"https:\/\/i1.wp.com\/interpim.erresse-shop.it\/wp-content\/uploads\/2025\/04\/JOSEPH-JOSEPH-Tota-Trio-Cesto-da-Biancheria-90-litri-Grigio.jpg\/joseph-joseph-tota-trio-cesto-da-biancheria-90-litri-grigio.jpg?ssl=1"},{"@type":"BreadcrumbList","@id":"https:\/\/dev6.erresse-shop.it\/es\/shop\/mobiliario\/cuarto-de-bano\/joseph-joseph-tota-trio-laundry-basket-90-litros-gris\/#breadcrumb","itemListElement":[{"@type":"ListItem","position":1,"name":"Home","item":"https:\/\/dev6.erresse-shop.it\/"},{"@type":"ListItem","position":2,"name":"Tienda","item":"https:\/\/dev6.erresse-shop.it\/shop\/"},{"@type":"ListItem","position":3,"name":"JOSEPH JOSEPH Tota Trio Laundry Basket 90 litros Gris"}]},{"@type":"WebSite","@id":"https:\/\/dev6.erresse-shop.it\/#website","url":"https:\/\/dev6.erresse-shop.it\/","name":"Erresse Shop","description":"","publisher":{"@id":"https:\/\/dev6.erresse-shop.it\/#organization"},"potentialAction":[{"@type":"SearchAction","target":{"@type":"EntryPoint","urlTemplate":"https:\/\/dev6.erresse-shop.it\/?s={search_term_string}"},"query-input":{"@type":"PropertyValueSpecification","valueRequired":true,"valueName":"search_term_string"}}],"inLanguage":"es"},{"@type":"Organization","@id":"https:\/\/dev6.erresse-shop.it\/#organization","name":"Erresse Shop","url":"https:\/\/dev6.erresse-shop.it\/","logo":{"@type":"ImageObject","inLanguage":"es","@id":"https:\/\/dev6.erresse-shop.it\/#\/schema\/logo\/image\/","url":"https:\/\/dev6.erresse-shop.it\/wp-content\/uploads\/2025\/01\/LOGO-ERRESSE-CLASSICO.svg","contentUrl":"https:\/\/dev6.erresse-shop.it\/wp-content\/uploads\/2025\/01\/LOGO-ERRESSE-CLASSICO.svg","caption":"Erresse Shop"},"image":{"@id":"https:\/\/dev6.erresse-shop.it\/#\/schema\/logo\/image\/"}}]}},"df_price":124.95,"df_sale_price":124.95,"df_regular_price":149.99,"df_image_link":"https:\/\/i1.wp.com\/interpim.erresse-shop.it\/wp-content\/uploads\/2025\/04\/JOSEPH-JOSEPH-Tota-Trio-Cesto-da-Biancheria-90-litri-Grigio.jpg\/joseph-joseph-tota-trio-cesto-da-biancheria-90-litri-grigio.jpg?resize=300,300&ssl=1","fifu_image_url":"https:\/\/interpim.erresse-shop.it\/wp-content\/uploads\/2025\/04\/JOSEPH-JOSEPH-Tota-Trio-Cesto-da-Biancheria-90-litri-Grigio.jpg\/joseph-joseph-tota-trio-cesto-da-biancheria-90-litri-grigio.jpg","_links":{"self":[{"href":"https:\/\/dev6.erresse-shop.it\/es\/wp-json\/wp\/v2\/product\/2311275","targetHints":{"allow":["GET"]}}],"collection":[{"href":"https:\/\/dev6.erresse-shop.it\/es\/wp-json\/wp\/v2\/product"}],"about":[{"href":"https:\/\/dev6.erresse-shop.it\/es\/wp-json\/wp\/v2\/types\/product"}],"wp:featuredmedia":[{"embeddable":true,"href":"https:\/\/dev6.erresse-shop.it\/es\/wp-json\/wp\/v2\/media\/6380854"}],"wp:attachment":[{"href":"https:\/\/dev6.erresse-shop.it\/es\/wp-json\/wp\/v2\/media?parent=2311275"}],"wp:term":[{"taxonomy":"product_cat","embeddable":true,"href":"https:\/\/dev6.erresse-shop.it\/es\/wp-json\/wp\/v2\/product_cat?post=2311275"},{"taxonomy":"product_tag","embeddable":true,"href":"https:\/\/dev6.erresse-shop.it\/es\/wp-json\/wp\/v2\/product_tag?post=2311275"}],"curies":[{"name":"wp","href":"https:\/\/api.w.org\/{rel}","templated":true}]}}