{"id":2311263,"date":"2026-04-12T14:32:00","date_gmt":"2026-04-12T12:32:00","guid":{"rendered":"https:\/\/dev6.erresse-shop.it\/shop\/sin%20categor\u00eda\/lego-room-copenhagen-storage-head-l-boy\/"},"modified":"2025-09-14T10:52:11","modified_gmt":"2025-09-14T08:52:11","slug":"lego-room-copenhagen-storage-head-l-boy","status":"publish","type":"product","link":"https:\/\/dev6.erresse-shop.it\/es\/shop\/mobiliario\/muebles\/lego-room-copenhagen-storage-head-l-boy\/","title":{"rendered":"LEGO &#8211; ROOM COPENHAGEN Storage Head L Boy"},"content":{"rendered":"<p id=\"ucj-12\" class=\"oBOnKe\">El gran contenedor LEGO con forma de cabeza es la soluci\u00f3n perfecta para aportar orden y diversi\u00f3n a la habitaci\u00f3n de los ni\u00f1os. Con sus simp\u00e1ticas expresiones, disponible en versiones para ni\u00f1os y ni\u00f1as, este contenedor a\u00f1ade un toque l\u00fadico a la organizaci\u00f3n, transformando el orden en un momento creativo y despreocupado.<\/p>\n<p>Vers\u00e1til y espacioso para cada necesidad<\/p>\n<p class=\"oBOnKe\">Adem\u00e1s de almacenar ladrillos LEGO, este contenedor es ideal para guardar otros juguetes, accesorios o incluso fruta. Su gran capacidad permite organizar mejor el espacio, haciendo m\u00e1s f\u00e1cil y divertido encontrar todo lo que necesitas.<\/p>\n<p>Materiales seguros y de alta calidad<\/p>\n<p class=\"oBOnKe\">Fabricado en polipropileno libre de BPA, el contenedor LEGO est\u00e1 dise\u00f1ado para garantizar la seguridad y la durabilidad en el tiempo. Los materiales de alta calidad garantizan un uso duradero, perfecto para acompa\u00f1ar a los m\u00e1s peque\u00f1os en sus aventuras diarias.<\/p>\n<p>El regalo perfecto para los fans de LEGO<\/p>\n<p>Ya sea para un peque\u00f1o constructor o para alguien que ama el dise\u00f1o inspirado en los ladrillos m\u00e1s famosos del mundo, este contenedor es el regalo ideal. Pr\u00e1ctico, seguro y divertido, har\u00e1 que cualquier ambiente sea m\u00e1s organizado y colorido con un toque del aut\u00e9ntico esp\u00edritu LEGO.<\/p>\n<p>Especificaciones del producto:<\/p>\n<p>Capacidad: 8,5 l<br \/>\nMaterial: polipropileno (pp)<br \/>\nGarant\u00eda: 2 a\u00f1os<br \/>\nDimensiones: 24 x 24 x 27,1 cm<br \/>\nPeso: 472 g<\/p>\n","protected":false},"excerpt":{"rendered":"<p>El gran contenedor LEGO con forma de cabeza es la soluci\u00f3n perfecta para aportar orden y diversi\u00f3n a la habitaci\u00f3n de los ni\u00f1os. Con sus simp\u00e1ticas expresiones, disponible en versiones para ni\u00f1os y ni\u00f1as, este contenedor a\u00f1ade un toque l\u00fadico a la organizaci\u00f3n, transformando el orden en un momento creativo y despreocupado. Vers\u00e1til y espacioso [&hellip;]<\/p>\n","protected":false},"featured_media":6380803,"template":"","meta":{"_acf_changed":false},"product_cat":[11882,11926],"product_tag":[],"class_list":{"0":"post-2311263","1":"product","2":"type-product","3":"status-publish","4":"has-post-thumbnail","6":"product_cat-mobiliario","7":"product_cat-muebles","9":"first","10":"instock","11":"taxable","12":"shipping-taxable","13":"purchasable","14":"product-type-simple","swatches":"rey-swatches","show_selected":"","stretch_labels":"rey-swatches--stretch-labels"},"acf":[],"yoast_head":"<!-- This site is optimized with the Yoast SEO plugin v25.4 - https:\/\/yoast.com\/wordpress\/plugins\/seo\/ -->\n<title>LEGO &#8211; ROOM COPENHAGEN Storage Head L Boy - dev6 Erresse<\/title>\n<meta name=\"description\" content=\"El gran contenedor LEGO con forma de cabeza es la soluci\u00f3n perfecta para aportar orden y diversi\u00f3n a la habitaci\u00f3n de los ni\u00f1os. Con sus simp\u00e1ticas\" \/>\n<meta name=\"robots\" content=\"noindex, follow, max-snippet:-1, max-image-preview:large, max-video-preview:-1\" \/>\n<meta property=\"og:locale\" content=\"es_ES\" \/>\n<meta property=\"og:type\" content=\"article\" \/>\n<meta property=\"og:title\" content=\"LEGO &#8211; ROOM COPENHAGEN Storage Head L Boy - dev6 Erresse\" \/>\n<meta property=\"og:description\" content=\"El gran contenedor LEGO con forma de cabeza es la soluci\u00f3n perfecta para aportar orden y diversi\u00f3n a la habitaci\u00f3n de los ni\u00f1os. Con sus simp\u00e1ticas\" \/>\n<meta property=\"og:url\" content=\"https:\/\/dev6.erresse-shop.it\/es\/shop\/mobiliario\/muebles\/lego-room-copenhagen-storage-head-l-boy\/\" \/>\n<meta property=\"og:site_name\" content=\"dev6 Erresse\" \/>\n<meta property=\"og:image\" content=\"https:\/\/interpim.erresse-shop.it\/wp-content\/uploads\/2025\/05\/LEGO-ROOM-COPENHAGEN-Storage-Head-L-Boy.jpg\/lego-room-copenhagen-storage-head-l-boy.jpg\" \/><meta property=\"og:image\" content=\"https:\/\/interpim.erresse-shop.it\/wp-content\/uploads\/2025\/05\/LEGO-ROOM-COPENHAGEN-Storage-Head-L-Boy.jpg\/lego-room-copenhagen-storage-head-l-boy.jpg\" \/>\n\t<meta property=\"og:image:width\" content=\"1024\" \/>\n\t<meta property=\"og:image:height\" content=\"1024\" \/>\n\t<meta property=\"og:image:type\" content=\"image\/jpeg\" \/>\n<meta name=\"twitter:card\" content=\"summary_large_image\" \/>\n<meta name=\"twitter:image\" content=\"https:\/\/interpim.erresse-shop.it\/wp-content\/uploads\/2025\/05\/LEGO-ROOM-COPENHAGEN-Storage-Head-L-Boy.jpg\/lego-room-copenhagen-storage-head-l-boy.jpg\" \/>\n<script type=\"application\/ld+json\" class=\"yoast-schema-graph\">{\"@context\":\"https:\/\/schema.org\",\"@graph\":[{\"@type\":\"WebPage\",\"@id\":\"https:\/\/dev6.erresse-shop.it\/es\/shop\/mobiliario\/muebles\/lego-room-copenhagen-storage-head-l-boy\/\",\"url\":\"https:\/\/dev6.erresse-shop.it\/es\/shop\/mobiliario\/muebles\/lego-room-copenhagen-storage-head-l-boy\/\",\"name\":\"LEGO &#8211; ROOM COPENHAGEN Storage Head L Boy - dev6 Erresse\",\"isPartOf\":{\"@id\":\"https:\/\/dev6.erresse-shop.it\/#website\"},\"primaryImageOfPage\":{\"@id\":\"https:\/\/dev6.erresse-shop.it\/es\/shop\/mobiliario\/muebles\/lego-room-copenhagen-storage-head-l-boy\/#primaryimage\"},\"image\":{\"@id\":\"https:\/\/dev6.erresse-shop.it\/es\/shop\/mobiliario\/muebles\/lego-room-copenhagen-storage-head-l-boy\/#primaryimage\"},\"thumbnailUrl\":\"https:\/\/i2.wp.com\/interpim.erresse-shop.it\/wp-content\/uploads\/2025\/05\/LEGO-ROOM-COPENHAGEN-Storage-Head-L-Boy.jpg\/lego-room-copenhagen-storage-head-l-boy.jpg?ssl=1\",\"datePublished\":\"2026-04-12T12:32:00+00:00\",\"description\":\"El gran contenedor LEGO con forma de cabeza es la soluci\u00f3n perfecta para aportar orden y diversi\u00f3n a la habitaci\u00f3n de los ni\u00f1os. Con sus simp\u00e1ticas\",\"breadcrumb\":{\"@id\":\"https:\/\/dev6.erresse-shop.it\/es\/shop\/mobiliario\/muebles\/lego-room-copenhagen-storage-head-l-boy\/#breadcrumb\"},\"inLanguage\":\"es\",\"potentialAction\":[{\"@type\":\"ReadAction\",\"target\":[\"https:\/\/dev6.erresse-shop.it\/es\/shop\/mobiliario\/muebles\/lego-room-copenhagen-storage-head-l-boy\/\"]}]},{\"@type\":\"ImageObject\",\"inLanguage\":\"es\",\"@id\":\"https:\/\/dev6.erresse-shop.it\/es\/shop\/mobiliario\/muebles\/lego-room-copenhagen-storage-head-l-boy\/#primaryimage\",\"url\":\"https:\/\/i2.wp.com\/interpim.erresse-shop.it\/wp-content\/uploads\/2025\/05\/LEGO-ROOM-COPENHAGEN-Storage-Head-L-Boy.jpg\/lego-room-copenhagen-storage-head-l-boy.jpg?ssl=1\",\"contentUrl\":\"https:\/\/i2.wp.com\/interpim.erresse-shop.it\/wp-content\/uploads\/2025\/05\/LEGO-ROOM-COPENHAGEN-Storage-Head-L-Boy.jpg\/lego-room-copenhagen-storage-head-l-boy.jpg?ssl=1\"},{\"@type\":\"BreadcrumbList\",\"@id\":\"https:\/\/dev6.erresse-shop.it\/es\/shop\/mobiliario\/muebles\/lego-room-copenhagen-storage-head-l-boy\/#breadcrumb\",\"itemListElement\":[{\"@type\":\"ListItem\",\"position\":1,\"name\":\"Home\",\"item\":\"https:\/\/dev6.erresse-shop.it\/\"},{\"@type\":\"ListItem\",\"position\":2,\"name\":\"Tienda\",\"item\":\"https:\/\/dev6.erresse-shop.it\/shop\/\"},{\"@type\":\"ListItem\",\"position\":3,\"name\":\"LEGO &#8211; ROOM COPENHAGEN Storage Head L Boy\"}]},{\"@type\":\"WebSite\",\"@id\":\"https:\/\/dev6.erresse-shop.it\/#website\",\"url\":\"https:\/\/dev6.erresse-shop.it\/\",\"name\":\"Erresse Shop\",\"description\":\"\",\"publisher\":{\"@id\":\"https:\/\/dev6.erresse-shop.it\/#organization\"},\"potentialAction\":[{\"@type\":\"SearchAction\",\"target\":{\"@type\":\"EntryPoint\",\"urlTemplate\":\"https:\/\/dev6.erresse-shop.it\/?s={search_term_string}\"},\"query-input\":{\"@type\":\"PropertyValueSpecification\",\"valueRequired\":true,\"valueName\":\"search_term_string\"}}],\"inLanguage\":\"es\"},{\"@type\":\"Organization\",\"@id\":\"https:\/\/dev6.erresse-shop.it\/#organization\",\"name\":\"Erresse Shop\",\"url\":\"https:\/\/dev6.erresse-shop.it\/\",\"logo\":{\"@type\":\"ImageObject\",\"inLanguage\":\"es\",\"@id\":\"https:\/\/dev6.erresse-shop.it\/#\/schema\/logo\/image\/\",\"url\":\"https:\/\/dev6.erresse-shop.it\/wp-content\/uploads\/2025\/01\/LOGO-ERRESSE-CLASSICO.svg\",\"contentUrl\":\"https:\/\/dev6.erresse-shop.it\/wp-content\/uploads\/2025\/01\/LOGO-ERRESSE-CLASSICO.svg\",\"caption\":\"Erresse Shop\"},\"image\":{\"@id\":\"https:\/\/dev6.erresse-shop.it\/#\/schema\/logo\/image\/\"}}]}<\/script>\n<!-- \/ Yoast SEO plugin. -->","yoast_head_json":{"title":"LEGO &#8211; ROOM COPENHAGEN Storage Head L Boy - dev6 Erresse","description":"El gran contenedor LEGO con forma de cabeza es la soluci\u00f3n perfecta para aportar orden y diversi\u00f3n a la habitaci\u00f3n de los ni\u00f1os. Con sus simp\u00e1ticas","robots":{"index":"noindex","follow":"follow","max-snippet":"max-snippet:-1","max-image-preview":"max-image-preview:large","max-video-preview":"max-video-preview:-1"},"og_locale":"es_ES","og_type":"article","og_title":"LEGO &#8211; ROOM COPENHAGEN Storage Head L Boy - dev6 Erresse","og_description":"El gran contenedor LEGO con forma de cabeza es la soluci\u00f3n perfecta para aportar orden y diversi\u00f3n a la habitaci\u00f3n de los ni\u00f1os. Con sus simp\u00e1ticas","og_url":"https:\/\/dev6.erresse-shop.it\/es\/shop\/mobiliario\/muebles\/lego-room-copenhagen-storage-head-l-boy\/","og_site_name":"dev6 Erresse","og_image":[{"url":"https:\/\/interpim.erresse-shop.it\/wp-content\/uploads\/2025\/05\/LEGO-ROOM-COPENHAGEN-Storage-Head-L-Boy.jpg\/lego-room-copenhagen-storage-head-l-boy.jpg","type":"","width":"","height":""},{"url":"https:\/\/interpim.erresse-shop.it\/wp-content\/uploads\/2025\/05\/LEGO-ROOM-COPENHAGEN-Storage-Head-L-Boy.jpg\/lego-room-copenhagen-storage-head-l-boy.jpg","width":1024,"height":1024,"type":"image\/jpeg"}],"twitter_card":"summary_large_image","twitter_image":"https:\/\/interpim.erresse-shop.it\/wp-content\/uploads\/2025\/05\/LEGO-ROOM-COPENHAGEN-Storage-Head-L-Boy.jpg\/lego-room-copenhagen-storage-head-l-boy.jpg","schema":{"@context":"https:\/\/schema.org","@graph":[{"@type":"WebPage","@id":"https:\/\/dev6.erresse-shop.it\/es\/shop\/mobiliario\/muebles\/lego-room-copenhagen-storage-head-l-boy\/","url":"https:\/\/dev6.erresse-shop.it\/es\/shop\/mobiliario\/muebles\/lego-room-copenhagen-storage-head-l-boy\/","name":"LEGO &#8211; ROOM COPENHAGEN Storage Head L Boy - dev6 Erresse","isPartOf":{"@id":"https:\/\/dev6.erresse-shop.it\/#website"},"primaryImageOfPage":{"@id":"https:\/\/dev6.erresse-shop.it\/es\/shop\/mobiliario\/muebles\/lego-room-copenhagen-storage-head-l-boy\/#primaryimage"},"image":{"@id":"https:\/\/dev6.erresse-shop.it\/es\/shop\/mobiliario\/muebles\/lego-room-copenhagen-storage-head-l-boy\/#primaryimage"},"thumbnailUrl":"https:\/\/i2.wp.com\/interpim.erresse-shop.it\/wp-content\/uploads\/2025\/05\/LEGO-ROOM-COPENHAGEN-Storage-Head-L-Boy.jpg\/lego-room-copenhagen-storage-head-l-boy.jpg?ssl=1","datePublished":"2026-04-12T12:32:00+00:00","description":"El gran contenedor LEGO con forma de cabeza es la soluci\u00f3n perfecta para aportar orden y diversi\u00f3n a la habitaci\u00f3n de los ni\u00f1os. Con sus simp\u00e1ticas","breadcrumb":{"@id":"https:\/\/dev6.erresse-shop.it\/es\/shop\/mobiliario\/muebles\/lego-room-copenhagen-storage-head-l-boy\/#breadcrumb"},"inLanguage":"es","potentialAction":[{"@type":"ReadAction","target":["https:\/\/dev6.erresse-shop.it\/es\/shop\/mobiliario\/muebles\/lego-room-copenhagen-storage-head-l-boy\/"]}]},{"@type":"ImageObject","inLanguage":"es","@id":"https:\/\/dev6.erresse-shop.it\/es\/shop\/mobiliario\/muebles\/lego-room-copenhagen-storage-head-l-boy\/#primaryimage","url":"https:\/\/i2.wp.com\/interpim.erresse-shop.it\/wp-content\/uploads\/2025\/05\/LEGO-ROOM-COPENHAGEN-Storage-Head-L-Boy.jpg\/lego-room-copenhagen-storage-head-l-boy.jpg?ssl=1","contentUrl":"https:\/\/i2.wp.com\/interpim.erresse-shop.it\/wp-content\/uploads\/2025\/05\/LEGO-ROOM-COPENHAGEN-Storage-Head-L-Boy.jpg\/lego-room-copenhagen-storage-head-l-boy.jpg?ssl=1"},{"@type":"BreadcrumbList","@id":"https:\/\/dev6.erresse-shop.it\/es\/shop\/mobiliario\/muebles\/lego-room-copenhagen-storage-head-l-boy\/#breadcrumb","itemListElement":[{"@type":"ListItem","position":1,"name":"Home","item":"https:\/\/dev6.erresse-shop.it\/"},{"@type":"ListItem","position":2,"name":"Tienda","item":"https:\/\/dev6.erresse-shop.it\/shop\/"},{"@type":"ListItem","position":3,"name":"LEGO &#8211; ROOM COPENHAGEN Storage Head L Boy"}]},{"@type":"WebSite","@id":"https:\/\/dev6.erresse-shop.it\/#website","url":"https:\/\/dev6.erresse-shop.it\/","name":"Erresse Shop","description":"","publisher":{"@id":"https:\/\/dev6.erresse-shop.it\/#organization"},"potentialAction":[{"@type":"SearchAction","target":{"@type":"EntryPoint","urlTemplate":"https:\/\/dev6.erresse-shop.it\/?s={search_term_string}"},"query-input":{"@type":"PropertyValueSpecification","valueRequired":true,"valueName":"search_term_string"}}],"inLanguage":"es"},{"@type":"Organization","@id":"https:\/\/dev6.erresse-shop.it\/#organization","name":"Erresse Shop","url":"https:\/\/dev6.erresse-shop.it\/","logo":{"@type":"ImageObject","inLanguage":"es","@id":"https:\/\/dev6.erresse-shop.it\/#\/schema\/logo\/image\/","url":"https:\/\/dev6.erresse-shop.it\/wp-content\/uploads\/2025\/01\/LOGO-ERRESSE-CLASSICO.svg","contentUrl":"https:\/\/dev6.erresse-shop.it\/wp-content\/uploads\/2025\/01\/LOGO-ERRESSE-CLASSICO.svg","caption":"Erresse Shop"},"image":{"@id":"https:\/\/dev6.erresse-shop.it\/#\/schema\/logo\/image\/"}}]}},"df_price":26.99,"df_sale_price":"","df_regular_price":26.99,"df_image_link":"https:\/\/i2.wp.com\/interpim.erresse-shop.it\/wp-content\/uploads\/2025\/05\/LEGO-ROOM-COPENHAGEN-Storage-Head-L-Boy.jpg\/lego-room-copenhagen-storage-head-l-boy.jpg?resize=300,300&ssl=1","fifu_image_url":"https:\/\/interpim.erresse-shop.it\/wp-content\/uploads\/2025\/05\/LEGO-ROOM-COPENHAGEN-Storage-Head-L-Boy.jpg\/lego-room-copenhagen-storage-head-l-boy.jpg","_links":{"self":[{"href":"https:\/\/dev6.erresse-shop.it\/es\/wp-json\/wp\/v2\/product\/2311263","targetHints":{"allow":["GET"]}}],"collection":[{"href":"https:\/\/dev6.erresse-shop.it\/es\/wp-json\/wp\/v2\/product"}],"about":[{"href":"https:\/\/dev6.erresse-shop.it\/es\/wp-json\/wp\/v2\/types\/product"}],"wp:featuredmedia":[{"embeddable":true,"href":"https:\/\/dev6.erresse-shop.it\/es\/wp-json\/wp\/v2\/media\/6380803"}],"wp:attachment":[{"href":"https:\/\/dev6.erresse-shop.it\/es\/wp-json\/wp\/v2\/media?parent=2311263"}],"wp:term":[{"taxonomy":"product_cat","embeddable":true,"href":"https:\/\/dev6.erresse-shop.it\/es\/wp-json\/wp\/v2\/product_cat?post=2311263"},{"taxonomy":"product_tag","embeddable":true,"href":"https:\/\/dev6.erresse-shop.it\/es\/wp-json\/wp\/v2\/product_tag?post=2311263"}],"curies":[{"name":"wp","href":"https:\/\/api.w.org\/{rel}","templated":true}]}}