{"id":2311257,"date":"2026-04-12T14:32:00","date_gmt":"2026-04-12T12:32:00","guid":{"rendered":"https:\/\/dev6.erresse-shop.it\/shop\/sin%20categor\u00eda\/lego-room-copenhagen-brick-drawer-4-naranja\/"},"modified":"2025-09-14T10:51:52","modified_gmt":"2025-09-14T08:51:52","slug":"lego-room-copenhagen-brick-drawer-4-naranja","status":"publish","type":"product","link":"https:\/\/dev6.erresse-shop.it\/es\/shop\/mobiliario\/muebles\/lego-room-copenhagen-brick-drawer-4-naranja\/","title":{"rendered":"LEGO &#8211; ROOM COPENHAGEN Brick Drawer 4 Naranja"},"content":{"rendered":"<p>Los fan\u00e1ticos de LEGO\u00ae pueden guardar sus art\u00edculos con estilo con este ladrillo de almacenamiento LEGO apilable de 4 pernos. La tapa elevable permite un acceso r\u00e1pido y sencillo al contenido: juguetes, piezas LEGO, material de oficina o art\u00edculos para el hogar, por ejemplo. Los ic\u00f3nicos ladrillos vienen en una variedad de colores, por lo que se pueden mezclar y apilar para iluminar cualquier habitaci\u00f3n u oficina.<\/p>\n<p>Pr\u00e1ctico y duradero: este recipiente de pl\u00e1stico duradero, apilable y f\u00e1cil de limpiar con tapa elevable se puede utilizar para almacenar una amplia variedad de art\u00edculos.<br \/>\nAl igual que los ladrillos LEGO\u00ae: con 4 clavijas LEGO de gran tama\u00f1o en la parte superior, cada ladrillo de almacenamiento se puede conectar f\u00e1cilmente con los dem\u00e1s para crear un sistema de almacenamiento apilado.<\/p>\n<p>Especificaciones del producto:<\/p>\n<p>Capacidad: 4,7 l<br \/>\nMaterial: acrilonitrilo butadieno estireno (ABS)<br \/>\nGarant\u00eda: 2 a\u00f1os<br \/>\nDimensiones: 25 x 25 x 18 cm<br \/>\nPeso: 1 kg<\/p>\n","protected":false},"excerpt":{"rendered":"<p>Los fan\u00e1ticos de LEGO\u00ae pueden guardar sus art\u00edculos con estilo con este ladrillo de almacenamiento LEGO apilable de 4 pernos. La tapa elevable permite un acceso r\u00e1pido y sencillo al contenido: juguetes, piezas LEGO, material de oficina o art\u00edculos para el hogar, por ejemplo. Los ic\u00f3nicos ladrillos vienen en una variedad de colores, por lo [&hellip;]<\/p>\n","protected":false},"featured_media":6380794,"template":"","meta":{"_acf_changed":false},"product_cat":[11882,11926],"product_tag":[],"class_list":{"0":"post-2311257","1":"product","2":"type-product","3":"status-publish","4":"has-post-thumbnail","6":"product_cat-mobiliario","7":"product_cat-muebles","9":"first","10":"instock","11":"taxable","12":"shipping-taxable","13":"purchasable","14":"product-type-simple","swatches":"rey-swatches","show_selected":"","stretch_labels":"rey-swatches--stretch-labels"},"acf":[],"yoast_head":"<!-- This site is optimized with the Yoast SEO plugin v25.4 - https:\/\/yoast.com\/wordpress\/plugins\/seo\/ -->\n<title>LEGO &#8211; ROOM COPENHAGEN Brick Drawer 4 Naranja - dev6 Erresse<\/title>\n<meta name=\"description\" content=\"Los fan\u00e1ticos de LEGO\u00ae pueden guardar sus art\u00edculos con estilo con este ladrillo de almacenamiento LEGO apilable de 4 pernos. La tapa elevable permite un\" \/>\n<meta name=\"robots\" content=\"noindex, follow, max-snippet:-1, max-image-preview:large, max-video-preview:-1\" \/>\n<meta property=\"og:locale\" content=\"es_ES\" \/>\n<meta property=\"og:type\" content=\"article\" \/>\n<meta property=\"og:title\" content=\"LEGO &#8211; ROOM COPENHAGEN Brick Drawer 4 Naranja - dev6 Erresse\" \/>\n<meta property=\"og:description\" content=\"Los fan\u00e1ticos de LEGO\u00ae pueden guardar sus art\u00edculos con estilo con este ladrillo de almacenamiento LEGO apilable de 4 pernos. La tapa elevable permite un\" \/>\n<meta property=\"og:url\" content=\"https:\/\/dev6.erresse-shop.it\/es\/shop\/mobiliario\/muebles\/lego-room-copenhagen-brick-drawer-4-naranja\/\" \/>\n<meta property=\"og:site_name\" content=\"dev6 Erresse\" \/>\n<meta property=\"og:image\" content=\"https:\/\/interpim.erresse-shop.it\/wp-content\/uploads\/2025\/05\/LEGO-ROOM-COPENHAGEN-Brick-Drawer-4-Arancione.jpg\/lego-room-copenhagen-brick-drawer-4-arancione.jpg\" \/><meta property=\"og:image\" content=\"https:\/\/interpim.erresse-shop.it\/wp-content\/uploads\/2025\/05\/LEGO-ROOM-COPENHAGEN-Brick-Drawer-4-Arancione.jpg\/lego-room-copenhagen-brick-drawer-4-arancione.jpg\" \/>\n\t<meta property=\"og:image:width\" content=\"1024\" \/>\n\t<meta property=\"og:image:height\" content=\"1024\" \/>\n\t<meta property=\"og:image:type\" content=\"image\/jpeg\" \/>\n<meta name=\"twitter:card\" content=\"summary_large_image\" \/>\n<meta name=\"twitter:image\" content=\"https:\/\/interpim.erresse-shop.it\/wp-content\/uploads\/2025\/05\/LEGO-ROOM-COPENHAGEN-Brick-Drawer-4-Arancione.jpg\/lego-room-copenhagen-brick-drawer-4-arancione.jpg\" \/>\n<script type=\"application\/ld+json\" class=\"yoast-schema-graph\">{\"@context\":\"https:\/\/schema.org\",\"@graph\":[{\"@type\":\"WebPage\",\"@id\":\"https:\/\/dev6.erresse-shop.it\/es\/shop\/mobiliario\/muebles\/lego-room-copenhagen-brick-drawer-4-naranja\/\",\"url\":\"https:\/\/dev6.erresse-shop.it\/es\/shop\/mobiliario\/muebles\/lego-room-copenhagen-brick-drawer-4-naranja\/\",\"name\":\"LEGO &#8211; ROOM COPENHAGEN Brick Drawer 4 Naranja - dev6 Erresse\",\"isPartOf\":{\"@id\":\"https:\/\/dev6.erresse-shop.it\/#website\"},\"primaryImageOfPage\":{\"@id\":\"https:\/\/dev6.erresse-shop.it\/es\/shop\/mobiliario\/muebles\/lego-room-copenhagen-brick-drawer-4-naranja\/#primaryimage\"},\"image\":{\"@id\":\"https:\/\/dev6.erresse-shop.it\/es\/shop\/mobiliario\/muebles\/lego-room-copenhagen-brick-drawer-4-naranja\/#primaryimage\"},\"thumbnailUrl\":\"https:\/\/i1.wp.com\/interpim.erresse-shop.it\/wp-content\/uploads\/2025\/05\/LEGO-ROOM-COPENHAGEN-Brick-Drawer-4-Arancione.jpg\/lego-room-copenhagen-brick-drawer-4-arancione.jpg?ssl=1\",\"datePublished\":\"2026-04-12T12:32:00+00:00\",\"description\":\"Los fan\u00e1ticos de LEGO\u00ae pueden guardar sus art\u00edculos con estilo con este ladrillo de almacenamiento LEGO apilable de 4 pernos. La tapa elevable permite un\",\"breadcrumb\":{\"@id\":\"https:\/\/dev6.erresse-shop.it\/es\/shop\/mobiliario\/muebles\/lego-room-copenhagen-brick-drawer-4-naranja\/#breadcrumb\"},\"inLanguage\":\"es\",\"potentialAction\":[{\"@type\":\"ReadAction\",\"target\":[\"https:\/\/dev6.erresse-shop.it\/es\/shop\/mobiliario\/muebles\/lego-room-copenhagen-brick-drawer-4-naranja\/\"]}]},{\"@type\":\"ImageObject\",\"inLanguage\":\"es\",\"@id\":\"https:\/\/dev6.erresse-shop.it\/es\/shop\/mobiliario\/muebles\/lego-room-copenhagen-brick-drawer-4-naranja\/#primaryimage\",\"url\":\"https:\/\/i1.wp.com\/interpim.erresse-shop.it\/wp-content\/uploads\/2025\/05\/LEGO-ROOM-COPENHAGEN-Brick-Drawer-4-Arancione.jpg\/lego-room-copenhagen-brick-drawer-4-arancione.jpg?ssl=1\",\"contentUrl\":\"https:\/\/i1.wp.com\/interpim.erresse-shop.it\/wp-content\/uploads\/2025\/05\/LEGO-ROOM-COPENHAGEN-Brick-Drawer-4-Arancione.jpg\/lego-room-copenhagen-brick-drawer-4-arancione.jpg?ssl=1\"},{\"@type\":\"BreadcrumbList\",\"@id\":\"https:\/\/dev6.erresse-shop.it\/es\/shop\/mobiliario\/muebles\/lego-room-copenhagen-brick-drawer-4-naranja\/#breadcrumb\",\"itemListElement\":[{\"@type\":\"ListItem\",\"position\":1,\"name\":\"Home\",\"item\":\"https:\/\/dev6.erresse-shop.it\/\"},{\"@type\":\"ListItem\",\"position\":2,\"name\":\"Tienda\",\"item\":\"https:\/\/dev6.erresse-shop.it\/shop\/\"},{\"@type\":\"ListItem\",\"position\":3,\"name\":\"LEGO &#8211; ROOM COPENHAGEN Brick Drawer 4 Naranja\"}]},{\"@type\":\"WebSite\",\"@id\":\"https:\/\/dev6.erresse-shop.it\/#website\",\"url\":\"https:\/\/dev6.erresse-shop.it\/\",\"name\":\"Erresse Shop\",\"description\":\"\",\"publisher\":{\"@id\":\"https:\/\/dev6.erresse-shop.it\/#organization\"},\"potentialAction\":[{\"@type\":\"SearchAction\",\"target\":{\"@type\":\"EntryPoint\",\"urlTemplate\":\"https:\/\/dev6.erresse-shop.it\/?s={search_term_string}\"},\"query-input\":{\"@type\":\"PropertyValueSpecification\",\"valueRequired\":true,\"valueName\":\"search_term_string\"}}],\"inLanguage\":\"es\"},{\"@type\":\"Organization\",\"@id\":\"https:\/\/dev6.erresse-shop.it\/#organization\",\"name\":\"Erresse Shop\",\"url\":\"https:\/\/dev6.erresse-shop.it\/\",\"logo\":{\"@type\":\"ImageObject\",\"inLanguage\":\"es\",\"@id\":\"https:\/\/dev6.erresse-shop.it\/#\/schema\/logo\/image\/\",\"url\":\"https:\/\/dev6.erresse-shop.it\/wp-content\/uploads\/2025\/01\/LOGO-ERRESSE-CLASSICO.svg\",\"contentUrl\":\"https:\/\/dev6.erresse-shop.it\/wp-content\/uploads\/2025\/01\/LOGO-ERRESSE-CLASSICO.svg\",\"caption\":\"Erresse Shop\"},\"image\":{\"@id\":\"https:\/\/dev6.erresse-shop.it\/#\/schema\/logo\/image\/\"}}]}<\/script>\n<!-- \/ Yoast SEO plugin. -->","yoast_head_json":{"title":"LEGO &#8211; ROOM COPENHAGEN Brick Drawer 4 Naranja - dev6 Erresse","description":"Los fan\u00e1ticos de LEGO\u00ae pueden guardar sus art\u00edculos con estilo con este ladrillo de almacenamiento LEGO apilable de 4 pernos. La tapa elevable permite un","robots":{"index":"noindex","follow":"follow","max-snippet":"max-snippet:-1","max-image-preview":"max-image-preview:large","max-video-preview":"max-video-preview:-1"},"og_locale":"es_ES","og_type":"article","og_title":"LEGO &#8211; ROOM COPENHAGEN Brick Drawer 4 Naranja - dev6 Erresse","og_description":"Los fan\u00e1ticos de LEGO\u00ae pueden guardar sus art\u00edculos con estilo con este ladrillo de almacenamiento LEGO apilable de 4 pernos. La tapa elevable permite un","og_url":"https:\/\/dev6.erresse-shop.it\/es\/shop\/mobiliario\/muebles\/lego-room-copenhagen-brick-drawer-4-naranja\/","og_site_name":"dev6 Erresse","og_image":[{"url":"https:\/\/interpim.erresse-shop.it\/wp-content\/uploads\/2025\/05\/LEGO-ROOM-COPENHAGEN-Brick-Drawer-4-Arancione.jpg\/lego-room-copenhagen-brick-drawer-4-arancione.jpg","type":"","width":"","height":""},{"url":"https:\/\/interpim.erresse-shop.it\/wp-content\/uploads\/2025\/05\/LEGO-ROOM-COPENHAGEN-Brick-Drawer-4-Arancione.jpg\/lego-room-copenhagen-brick-drawer-4-arancione.jpg","width":1024,"height":1024,"type":"image\/jpeg"}],"twitter_card":"summary_large_image","twitter_image":"https:\/\/interpim.erresse-shop.it\/wp-content\/uploads\/2025\/05\/LEGO-ROOM-COPENHAGEN-Brick-Drawer-4-Arancione.jpg\/lego-room-copenhagen-brick-drawer-4-arancione.jpg","schema":{"@context":"https:\/\/schema.org","@graph":[{"@type":"WebPage","@id":"https:\/\/dev6.erresse-shop.it\/es\/shop\/mobiliario\/muebles\/lego-room-copenhagen-brick-drawer-4-naranja\/","url":"https:\/\/dev6.erresse-shop.it\/es\/shop\/mobiliario\/muebles\/lego-room-copenhagen-brick-drawer-4-naranja\/","name":"LEGO &#8211; ROOM COPENHAGEN Brick Drawer 4 Naranja - dev6 Erresse","isPartOf":{"@id":"https:\/\/dev6.erresse-shop.it\/#website"},"primaryImageOfPage":{"@id":"https:\/\/dev6.erresse-shop.it\/es\/shop\/mobiliario\/muebles\/lego-room-copenhagen-brick-drawer-4-naranja\/#primaryimage"},"image":{"@id":"https:\/\/dev6.erresse-shop.it\/es\/shop\/mobiliario\/muebles\/lego-room-copenhagen-brick-drawer-4-naranja\/#primaryimage"},"thumbnailUrl":"https:\/\/i1.wp.com\/interpim.erresse-shop.it\/wp-content\/uploads\/2025\/05\/LEGO-ROOM-COPENHAGEN-Brick-Drawer-4-Arancione.jpg\/lego-room-copenhagen-brick-drawer-4-arancione.jpg?ssl=1","datePublished":"2026-04-12T12:32:00+00:00","description":"Los fan\u00e1ticos de LEGO\u00ae pueden guardar sus art\u00edculos con estilo con este ladrillo de almacenamiento LEGO apilable de 4 pernos. La tapa elevable permite un","breadcrumb":{"@id":"https:\/\/dev6.erresse-shop.it\/es\/shop\/mobiliario\/muebles\/lego-room-copenhagen-brick-drawer-4-naranja\/#breadcrumb"},"inLanguage":"es","potentialAction":[{"@type":"ReadAction","target":["https:\/\/dev6.erresse-shop.it\/es\/shop\/mobiliario\/muebles\/lego-room-copenhagen-brick-drawer-4-naranja\/"]}]},{"@type":"ImageObject","inLanguage":"es","@id":"https:\/\/dev6.erresse-shop.it\/es\/shop\/mobiliario\/muebles\/lego-room-copenhagen-brick-drawer-4-naranja\/#primaryimage","url":"https:\/\/i1.wp.com\/interpim.erresse-shop.it\/wp-content\/uploads\/2025\/05\/LEGO-ROOM-COPENHAGEN-Brick-Drawer-4-Arancione.jpg\/lego-room-copenhagen-brick-drawer-4-arancione.jpg?ssl=1","contentUrl":"https:\/\/i1.wp.com\/interpim.erresse-shop.it\/wp-content\/uploads\/2025\/05\/LEGO-ROOM-COPENHAGEN-Brick-Drawer-4-Arancione.jpg\/lego-room-copenhagen-brick-drawer-4-arancione.jpg?ssl=1"},{"@type":"BreadcrumbList","@id":"https:\/\/dev6.erresse-shop.it\/es\/shop\/mobiliario\/muebles\/lego-room-copenhagen-brick-drawer-4-naranja\/#breadcrumb","itemListElement":[{"@type":"ListItem","position":1,"name":"Home","item":"https:\/\/dev6.erresse-shop.it\/"},{"@type":"ListItem","position":2,"name":"Tienda","item":"https:\/\/dev6.erresse-shop.it\/shop\/"},{"@type":"ListItem","position":3,"name":"LEGO &#8211; ROOM COPENHAGEN Brick Drawer 4 Naranja"}]},{"@type":"WebSite","@id":"https:\/\/dev6.erresse-shop.it\/#website","url":"https:\/\/dev6.erresse-shop.it\/","name":"Erresse Shop","description":"","publisher":{"@id":"https:\/\/dev6.erresse-shop.it\/#organization"},"potentialAction":[{"@type":"SearchAction","target":{"@type":"EntryPoint","urlTemplate":"https:\/\/dev6.erresse-shop.it\/?s={search_term_string}"},"query-input":{"@type":"PropertyValueSpecification","valueRequired":true,"valueName":"search_term_string"}}],"inLanguage":"es"},{"@type":"Organization","@id":"https:\/\/dev6.erresse-shop.it\/#organization","name":"Erresse Shop","url":"https:\/\/dev6.erresse-shop.it\/","logo":{"@type":"ImageObject","inLanguage":"es","@id":"https:\/\/dev6.erresse-shop.it\/#\/schema\/logo\/image\/","url":"https:\/\/dev6.erresse-shop.it\/wp-content\/uploads\/2025\/01\/LOGO-ERRESSE-CLASSICO.svg","contentUrl":"https:\/\/dev6.erresse-shop.it\/wp-content\/uploads\/2025\/01\/LOGO-ERRESSE-CLASSICO.svg","caption":"Erresse Shop"},"image":{"@id":"https:\/\/dev6.erresse-shop.it\/#\/schema\/logo\/image\/"}}]}},"df_price":37.99,"df_sale_price":"","df_regular_price":37.99,"df_image_link":"https:\/\/i1.wp.com\/interpim.erresse-shop.it\/wp-content\/uploads\/2025\/05\/LEGO-ROOM-COPENHAGEN-Brick-Drawer-4-Arancione.jpg\/lego-room-copenhagen-brick-drawer-4-arancione.jpg?resize=300,300&ssl=1","fifu_image_url":"https:\/\/interpim.erresse-shop.it\/wp-content\/uploads\/2025\/05\/LEGO-ROOM-COPENHAGEN-Brick-Drawer-4-Arancione.jpg\/lego-room-copenhagen-brick-drawer-4-arancione.jpg","_links":{"self":[{"href":"https:\/\/dev6.erresse-shop.it\/es\/wp-json\/wp\/v2\/product\/2311257","targetHints":{"allow":["GET"]}}],"collection":[{"href":"https:\/\/dev6.erresse-shop.it\/es\/wp-json\/wp\/v2\/product"}],"about":[{"href":"https:\/\/dev6.erresse-shop.it\/es\/wp-json\/wp\/v2\/types\/product"}],"wp:featuredmedia":[{"embeddable":true,"href":"https:\/\/dev6.erresse-shop.it\/es\/wp-json\/wp\/v2\/media\/6380794"}],"wp:attachment":[{"href":"https:\/\/dev6.erresse-shop.it\/es\/wp-json\/wp\/v2\/media?parent=2311257"}],"wp:term":[{"taxonomy":"product_cat","embeddable":true,"href":"https:\/\/dev6.erresse-shop.it\/es\/wp-json\/wp\/v2\/product_cat?post=2311257"},{"taxonomy":"product_tag","embeddable":true,"href":"https:\/\/dev6.erresse-shop.it\/es\/wp-json\/wp\/v2\/product_tag?post=2311257"}],"curies":[{"name":"wp","href":"https:\/\/api.w.org\/{rel}","templated":true}]}}