{"id":2311247,"date":"2026-04-12T14:32:00","date_gmt":"2026-04-12T12:32:00","guid":{"rendered":"https:\/\/dev6.erresse-shop.it\/shop\/sin%20categor\u00eda\/staub-cocotte-redonda-20-cm-azul-oscuro\/"},"modified":"2025-09-17T18:40:33","modified_gmt":"2025-09-17T16:40:33","slug":"staub-cocotte-redonda-20-cm-azul-oscuro","status":"publish","type":"product","link":"https:\/\/dev6.erresse-shop.it\/es\/shop\/sartenes-y-ollas\/marmitas-y-cocottes\/staub-cocotte-redonda-20-cm-azul-oscuro\/","title":{"rendered":"STAUB Cocotte Redonda 20 cm Azul oscuro"},"content":{"rendered":"<p>La cocotte Staub es perfecta para cocinar lentamente carne y verduras, garantizando una cocci\u00f3n uniforme y resultados tiernos. Ideal para guisos y sopas, el hierro fundido retiene el calor y la innovadora tapa con p\u00faas internas roc\u00eda continuamente los alimentos, realzando el sabor. El revestimiento de esmalte negro mate y el dise\u00f1o de la tapa permiten dorar y estofar de forma \u00f3ptima. Adecuado para el uso diario, es elegido por los mejores chefs y puede durar generaciones gracias a su excelente durabilidad.<\/p>\n<p>Ideal para sellar y cocinar lentamente carnes, pescados o verduras<br \/>\nPara un resultado de cocci\u00f3n jugoso y tierno gracias a la tapa<br \/>\nEl esmalte interior negro mate es ideal para dorar de forma especialmente crujiente y es muy resistente<br \/>\nApto para todo tipo de fuegos, incluida inducci\u00f3n, tambi\u00e9n se puede colocar en el horno\/grill<br \/>\nSe puede lavar en el lavavajillas, pero no debe hacerse con regularidad<\/p>\n<p>Caracter\u00edsticas<\/p>\n<p>Resistencia al calor:260 \u00baC<br \/>\nResistencia al fr\u00edo:-20 \u00baC<br \/>\nMaterial:hierro fundido<br \/>\nNombre comercial del recubrimiento:Negro mate<br \/>\nRecubrimiento interno:esmalte<br \/>\nTapa existente:s\u00ed<br \/>\nInducci\u00f3n:S\u00ed<br \/>\nApto para horno:S\u00ed<br \/>\nApto para congelador:S\u00ed<br \/>\nApto para estufa:S\u00ed<br \/>\nApto para lavavajillas:S\u00ed<\/p>\n<p>Tama\u00f1o<\/p>\n<p>Peso neto: 3,60 kg<br \/>\nCapacidad: 2,20 l<br \/>\nLongitud del producto: 26,30 cm<br \/>\nAncho del producto: 20,00 cm<br \/>\nAltura del producto: 14,20 cm<br \/>\nAltura sin tapa: 9,50 cm<br \/>\nDi\u00e1metro superior: 20,00 cm<br \/>\nDi\u00e1metro inferior: 16,10 cm<br \/>\nLongitud del mango: 3,00 cm<\/p>\n","protected":false},"excerpt":{"rendered":"<p>La cocotte Staub es perfecta para cocinar lentamente carne y verduras, garantizando una cocci\u00f3n uniforme y resultados tiernos. Ideal para guisos y sopas, el hierro fundido retiene el calor y la innovadora tapa con p\u00faas internas roc\u00eda continuamente los alimentos, realzando el sabor. El revestimiento de esmalte negro mate y el dise\u00f1o de la tapa [&hellip;]<\/p>\n","protected":false},"featured_media":6380743,"template":"","meta":{"_acf_changed":false},"product_cat":[11892,11883],"product_tag":[],"class_list":{"0":"post-2311247","1":"product","2":"type-product","3":"status-publish","4":"has-post-thumbnail","6":"product_cat-marmitas-y-cocottes","7":"product_cat-sartenes-y-ollas","9":"first","10":"instock","11":"sale","12":"taxable","13":"shipping-taxable","14":"purchasable","15":"product-type-simple","swatches":"rey-swatches","show_selected":"","stretch_labels":"rey-swatches--stretch-labels"},"acf":[],"yoast_head":"<!-- This site is optimized with the Yoast SEO plugin v25.4 - https:\/\/yoast.com\/wordpress\/plugins\/seo\/ -->\n<title>STAUB Cocotte Redonda 20 cm Azul oscuro - dev6 Erresse<\/title>\n<meta name=\"description\" content=\"La cocotte Staub es perfecta para cocinar lentamente carne y verduras, garantizando una cocci\u00f3n uniforme y resultados tiernos. Ideal para guisos y sopas,\" \/>\n<meta name=\"robots\" content=\"noindex, follow, max-snippet:-1, max-image-preview:large, max-video-preview:-1\" \/>\n<meta property=\"og:locale\" content=\"es_ES\" \/>\n<meta property=\"og:type\" content=\"article\" \/>\n<meta property=\"og:title\" content=\"STAUB Cocotte Redonda 20 cm Azul oscuro - dev6 Erresse\" \/>\n<meta property=\"og:description\" content=\"La cocotte Staub es perfecta para cocinar lentamente carne y verduras, garantizando una cocci\u00f3n uniforme y resultados tiernos. Ideal para guisos y sopas,\" \/>\n<meta property=\"og:url\" content=\"https:\/\/dev6.erresse-shop.it\/es\/shop\/sartenes-y-ollas\/marmitas-y-cocottes\/staub-cocotte-redonda-20-cm-azul-oscuro\/\" \/>\n<meta property=\"og:site_name\" content=\"dev6 Erresse\" \/>\n<meta property=\"og:image\" content=\"https:\/\/interpim.erresse-shop.it\/wp-content\/uploads\/2025\/04\/STAUB-Cocotte-Tonda-20-cm-Blu-Scuro.jpg\/staub-cocotte-tonda-20-cm-blu-scuro.jpg\" \/><meta property=\"og:image\" content=\"https:\/\/interpim.erresse-shop.it\/wp-content\/uploads\/2025\/04\/STAUB-Cocotte-Tonda-20-cm-Blu-Scuro.jpg\/staub-cocotte-tonda-20-cm-blu-scuro.jpg\" \/>\n\t<meta property=\"og:image:width\" content=\"1024\" \/>\n\t<meta property=\"og:image:height\" content=\"1024\" \/>\n\t<meta property=\"og:image:type\" content=\"image\/jpeg\" \/>\n<meta name=\"twitter:card\" content=\"summary_large_image\" \/>\n<meta name=\"twitter:image\" content=\"https:\/\/interpim.erresse-shop.it\/wp-content\/uploads\/2025\/04\/STAUB-Cocotte-Tonda-20-cm-Blu-Scuro.jpg\/staub-cocotte-tonda-20-cm-blu-scuro.jpg\" \/>\n<script type=\"application\/ld+json\" class=\"yoast-schema-graph\">{\"@context\":\"https:\/\/schema.org\",\"@graph\":[{\"@type\":\"WebPage\",\"@id\":\"https:\/\/dev6.erresse-shop.it\/es\/shop\/sartenes-y-ollas\/marmitas-y-cocottes\/staub-cocotte-redonda-20-cm-azul-oscuro\/\",\"url\":\"https:\/\/dev6.erresse-shop.it\/es\/shop\/sartenes-y-ollas\/marmitas-y-cocottes\/staub-cocotte-redonda-20-cm-azul-oscuro\/\",\"name\":\"STAUB Cocotte Redonda 20 cm Azul oscuro - dev6 Erresse\",\"isPartOf\":{\"@id\":\"https:\/\/dev6.erresse-shop.it\/#website\"},\"primaryImageOfPage\":{\"@id\":\"https:\/\/dev6.erresse-shop.it\/es\/shop\/sartenes-y-ollas\/marmitas-y-cocottes\/staub-cocotte-redonda-20-cm-azul-oscuro\/#primaryimage\"},\"image\":{\"@id\":\"https:\/\/dev6.erresse-shop.it\/es\/shop\/sartenes-y-ollas\/marmitas-y-cocottes\/staub-cocotte-redonda-20-cm-azul-oscuro\/#primaryimage\"},\"thumbnailUrl\":\"https:\/\/i1.wp.com\/interpim.erresse-shop.it\/wp-content\/uploads\/2025\/04\/STAUB-Cocotte-Tonda-20-cm-Blu-Scuro.jpg\/staub-cocotte-tonda-20-cm-blu-scuro.jpg?ssl=1\",\"datePublished\":\"2026-04-12T12:32:00+00:00\",\"description\":\"La cocotte Staub es perfecta para cocinar lentamente carne y verduras, garantizando una cocci\u00f3n uniforme y resultados tiernos. Ideal para guisos y sopas,\",\"breadcrumb\":{\"@id\":\"https:\/\/dev6.erresse-shop.it\/es\/shop\/sartenes-y-ollas\/marmitas-y-cocottes\/staub-cocotte-redonda-20-cm-azul-oscuro\/#breadcrumb\"},\"inLanguage\":\"es\",\"potentialAction\":[{\"@type\":\"ReadAction\",\"target\":[\"https:\/\/dev6.erresse-shop.it\/es\/shop\/sartenes-y-ollas\/marmitas-y-cocottes\/staub-cocotte-redonda-20-cm-azul-oscuro\/\"]}]},{\"@type\":\"ImageObject\",\"inLanguage\":\"es\",\"@id\":\"https:\/\/dev6.erresse-shop.it\/es\/shop\/sartenes-y-ollas\/marmitas-y-cocottes\/staub-cocotte-redonda-20-cm-azul-oscuro\/#primaryimage\",\"url\":\"https:\/\/i1.wp.com\/interpim.erresse-shop.it\/wp-content\/uploads\/2025\/04\/STAUB-Cocotte-Tonda-20-cm-Blu-Scuro.jpg\/staub-cocotte-tonda-20-cm-blu-scuro.jpg?ssl=1\",\"contentUrl\":\"https:\/\/i1.wp.com\/interpim.erresse-shop.it\/wp-content\/uploads\/2025\/04\/STAUB-Cocotte-Tonda-20-cm-Blu-Scuro.jpg\/staub-cocotte-tonda-20-cm-blu-scuro.jpg?ssl=1\"},{\"@type\":\"BreadcrumbList\",\"@id\":\"https:\/\/dev6.erresse-shop.it\/es\/shop\/sartenes-y-ollas\/marmitas-y-cocottes\/staub-cocotte-redonda-20-cm-azul-oscuro\/#breadcrumb\",\"itemListElement\":[{\"@type\":\"ListItem\",\"position\":1,\"name\":\"Home\",\"item\":\"https:\/\/dev6.erresse-shop.it\/\"},{\"@type\":\"ListItem\",\"position\":2,\"name\":\"Tienda\",\"item\":\"https:\/\/dev6.erresse-shop.it\/shop\/\"},{\"@type\":\"ListItem\",\"position\":3,\"name\":\"STAUB Cocotte Redonda 20 cm Azul oscuro\"}]},{\"@type\":\"WebSite\",\"@id\":\"https:\/\/dev6.erresse-shop.it\/#website\",\"url\":\"https:\/\/dev6.erresse-shop.it\/\",\"name\":\"Erresse Shop\",\"description\":\"\",\"publisher\":{\"@id\":\"https:\/\/dev6.erresse-shop.it\/#organization\"},\"potentialAction\":[{\"@type\":\"SearchAction\",\"target\":{\"@type\":\"EntryPoint\",\"urlTemplate\":\"https:\/\/dev6.erresse-shop.it\/?s={search_term_string}\"},\"query-input\":{\"@type\":\"PropertyValueSpecification\",\"valueRequired\":true,\"valueName\":\"search_term_string\"}}],\"inLanguage\":\"es\"},{\"@type\":\"Organization\",\"@id\":\"https:\/\/dev6.erresse-shop.it\/#organization\",\"name\":\"Erresse Shop\",\"url\":\"https:\/\/dev6.erresse-shop.it\/\",\"logo\":{\"@type\":\"ImageObject\",\"inLanguage\":\"es\",\"@id\":\"https:\/\/dev6.erresse-shop.it\/#\/schema\/logo\/image\/\",\"url\":\"https:\/\/dev6.erresse-shop.it\/wp-content\/uploads\/2025\/01\/LOGO-ERRESSE-CLASSICO.svg\",\"contentUrl\":\"https:\/\/dev6.erresse-shop.it\/wp-content\/uploads\/2025\/01\/LOGO-ERRESSE-CLASSICO.svg\",\"caption\":\"Erresse Shop\"},\"image\":{\"@id\":\"https:\/\/dev6.erresse-shop.it\/#\/schema\/logo\/image\/\"}}]}<\/script>\n<!-- \/ Yoast SEO plugin. -->","yoast_head_json":{"title":"STAUB Cocotte Redonda 20 cm Azul oscuro - dev6 Erresse","description":"La cocotte Staub es perfecta para cocinar lentamente carne y verduras, garantizando una cocci\u00f3n uniforme y resultados tiernos. Ideal para guisos y sopas,","robots":{"index":"noindex","follow":"follow","max-snippet":"max-snippet:-1","max-image-preview":"max-image-preview:large","max-video-preview":"max-video-preview:-1"},"og_locale":"es_ES","og_type":"article","og_title":"STAUB Cocotte Redonda 20 cm Azul oscuro - dev6 Erresse","og_description":"La cocotte Staub es perfecta para cocinar lentamente carne y verduras, garantizando una cocci\u00f3n uniforme y resultados tiernos. Ideal para guisos y sopas,","og_url":"https:\/\/dev6.erresse-shop.it\/es\/shop\/sartenes-y-ollas\/marmitas-y-cocottes\/staub-cocotte-redonda-20-cm-azul-oscuro\/","og_site_name":"dev6 Erresse","og_image":[{"url":"https:\/\/interpim.erresse-shop.it\/wp-content\/uploads\/2025\/04\/STAUB-Cocotte-Tonda-20-cm-Blu-Scuro.jpg\/staub-cocotte-tonda-20-cm-blu-scuro.jpg","type":"","width":"","height":""},{"url":"https:\/\/interpim.erresse-shop.it\/wp-content\/uploads\/2025\/04\/STAUB-Cocotte-Tonda-20-cm-Blu-Scuro.jpg\/staub-cocotte-tonda-20-cm-blu-scuro.jpg","width":1024,"height":1024,"type":"image\/jpeg"}],"twitter_card":"summary_large_image","twitter_image":"https:\/\/interpim.erresse-shop.it\/wp-content\/uploads\/2025\/04\/STAUB-Cocotte-Tonda-20-cm-Blu-Scuro.jpg\/staub-cocotte-tonda-20-cm-blu-scuro.jpg","schema":{"@context":"https:\/\/schema.org","@graph":[{"@type":"WebPage","@id":"https:\/\/dev6.erresse-shop.it\/es\/shop\/sartenes-y-ollas\/marmitas-y-cocottes\/staub-cocotte-redonda-20-cm-azul-oscuro\/","url":"https:\/\/dev6.erresse-shop.it\/es\/shop\/sartenes-y-ollas\/marmitas-y-cocottes\/staub-cocotte-redonda-20-cm-azul-oscuro\/","name":"STAUB Cocotte Redonda 20 cm Azul oscuro - dev6 Erresse","isPartOf":{"@id":"https:\/\/dev6.erresse-shop.it\/#website"},"primaryImageOfPage":{"@id":"https:\/\/dev6.erresse-shop.it\/es\/shop\/sartenes-y-ollas\/marmitas-y-cocottes\/staub-cocotte-redonda-20-cm-azul-oscuro\/#primaryimage"},"image":{"@id":"https:\/\/dev6.erresse-shop.it\/es\/shop\/sartenes-y-ollas\/marmitas-y-cocottes\/staub-cocotte-redonda-20-cm-azul-oscuro\/#primaryimage"},"thumbnailUrl":"https:\/\/i1.wp.com\/interpim.erresse-shop.it\/wp-content\/uploads\/2025\/04\/STAUB-Cocotte-Tonda-20-cm-Blu-Scuro.jpg\/staub-cocotte-tonda-20-cm-blu-scuro.jpg?ssl=1","datePublished":"2026-04-12T12:32:00+00:00","description":"La cocotte Staub es perfecta para cocinar lentamente carne y verduras, garantizando una cocci\u00f3n uniforme y resultados tiernos. Ideal para guisos y sopas,","breadcrumb":{"@id":"https:\/\/dev6.erresse-shop.it\/es\/shop\/sartenes-y-ollas\/marmitas-y-cocottes\/staub-cocotte-redonda-20-cm-azul-oscuro\/#breadcrumb"},"inLanguage":"es","potentialAction":[{"@type":"ReadAction","target":["https:\/\/dev6.erresse-shop.it\/es\/shop\/sartenes-y-ollas\/marmitas-y-cocottes\/staub-cocotte-redonda-20-cm-azul-oscuro\/"]}]},{"@type":"ImageObject","inLanguage":"es","@id":"https:\/\/dev6.erresse-shop.it\/es\/shop\/sartenes-y-ollas\/marmitas-y-cocottes\/staub-cocotte-redonda-20-cm-azul-oscuro\/#primaryimage","url":"https:\/\/i1.wp.com\/interpim.erresse-shop.it\/wp-content\/uploads\/2025\/04\/STAUB-Cocotte-Tonda-20-cm-Blu-Scuro.jpg\/staub-cocotte-tonda-20-cm-blu-scuro.jpg?ssl=1","contentUrl":"https:\/\/i1.wp.com\/interpim.erresse-shop.it\/wp-content\/uploads\/2025\/04\/STAUB-Cocotte-Tonda-20-cm-Blu-Scuro.jpg\/staub-cocotte-tonda-20-cm-blu-scuro.jpg?ssl=1"},{"@type":"BreadcrumbList","@id":"https:\/\/dev6.erresse-shop.it\/es\/shop\/sartenes-y-ollas\/marmitas-y-cocottes\/staub-cocotte-redonda-20-cm-azul-oscuro\/#breadcrumb","itemListElement":[{"@type":"ListItem","position":1,"name":"Home","item":"https:\/\/dev6.erresse-shop.it\/"},{"@type":"ListItem","position":2,"name":"Tienda","item":"https:\/\/dev6.erresse-shop.it\/shop\/"},{"@type":"ListItem","position":3,"name":"STAUB Cocotte Redonda 20 cm Azul oscuro"}]},{"@type":"WebSite","@id":"https:\/\/dev6.erresse-shop.it\/#website","url":"https:\/\/dev6.erresse-shop.it\/","name":"Erresse Shop","description":"","publisher":{"@id":"https:\/\/dev6.erresse-shop.it\/#organization"},"potentialAction":[{"@type":"SearchAction","target":{"@type":"EntryPoint","urlTemplate":"https:\/\/dev6.erresse-shop.it\/?s={search_term_string}"},"query-input":{"@type":"PropertyValueSpecification","valueRequired":true,"valueName":"search_term_string"}}],"inLanguage":"es"},{"@type":"Organization","@id":"https:\/\/dev6.erresse-shop.it\/#organization","name":"Erresse Shop","url":"https:\/\/dev6.erresse-shop.it\/","logo":{"@type":"ImageObject","inLanguage":"es","@id":"https:\/\/dev6.erresse-shop.it\/#\/schema\/logo\/image\/","url":"https:\/\/dev6.erresse-shop.it\/wp-content\/uploads\/2025\/01\/LOGO-ERRESSE-CLASSICO.svg","contentUrl":"https:\/\/dev6.erresse-shop.it\/wp-content\/uploads\/2025\/01\/LOGO-ERRESSE-CLASSICO.svg","caption":"Erresse Shop"},"image":{"@id":"https:\/\/dev6.erresse-shop.it\/#\/schema\/logo\/image\/"}}]}},"df_price":159.95,"df_sale_price":159.95,"df_regular_price":249,"df_image_link":"https:\/\/i1.wp.com\/interpim.erresse-shop.it\/wp-content\/uploads\/2025\/04\/STAUB-Cocotte-Tonda-20-cm-Blu-Scuro.jpg\/staub-cocotte-tonda-20-cm-blu-scuro.jpg?resize=300,300&ssl=1","fifu_image_url":"https:\/\/interpim.erresse-shop.it\/wp-content\/uploads\/2025\/04\/STAUB-Cocotte-Tonda-20-cm-Blu-Scuro.jpg\/staub-cocotte-tonda-20-cm-blu-scuro.jpg","_links":{"self":[{"href":"https:\/\/dev6.erresse-shop.it\/es\/wp-json\/wp\/v2\/product\/2311247","targetHints":{"allow":["GET"]}}],"collection":[{"href":"https:\/\/dev6.erresse-shop.it\/es\/wp-json\/wp\/v2\/product"}],"about":[{"href":"https:\/\/dev6.erresse-shop.it\/es\/wp-json\/wp\/v2\/types\/product"}],"wp:featuredmedia":[{"embeddable":true,"href":"https:\/\/dev6.erresse-shop.it\/es\/wp-json\/wp\/v2\/media\/6380743"}],"wp:attachment":[{"href":"https:\/\/dev6.erresse-shop.it\/es\/wp-json\/wp\/v2\/media?parent=2311247"}],"wp:term":[{"taxonomy":"product_cat","embeddable":true,"href":"https:\/\/dev6.erresse-shop.it\/es\/wp-json\/wp\/v2\/product_cat?post=2311247"},{"taxonomy":"product_tag","embeddable":true,"href":"https:\/\/dev6.erresse-shop.it\/es\/wp-json\/wp\/v2\/product_tag?post=2311247"}],"curies":[{"name":"wp","href":"https:\/\/api.w.org\/{rel}","templated":true}]}}