{"id":2311245,"date":"2026-04-12T14:32:00","date_gmt":"2026-04-12T12:32:00","guid":{"rendered":"https:\/\/dev6.erresse-shop.it\/shop\/sin%20categor\u00eda\/villeroy-boch-artesano-set-de-2-vasos-para-latte-macchiato-250-ml-sin-mango\/"},"modified":"2025-07-05T02:36:37","modified_gmt":"2025-07-05T00:36:37","slug":"villeroy-boch-artesano-set-de-2-vasos-para-latte-macchiato-250-ml-sin-mango","status":"publish","type":"product","link":"https:\/\/dev6.erresse-shop.it\/es\/shop\/tabla\/vasos\/villeroy-boch-artesano-set-de-2-vasos-para-latte-macchiato-250-ml-sin-mango\/","title":{"rendered":"VILLEROY &#038; BOCH Artesano Set de 2 vasos para Latte Macchiato 250 ml Sin mango"},"content":{"rendered":"<p>Artesano Vaso para Latte Macchiato<\/p>\n<p>Material: Vetro Borosilicato<br \/>\nLavabile en lavatoviglie: s\u00ec<br \/>\nAdatto per microonde: s\u00ed<\/p>\n<p>Di\u00e1metro: 90 mm<br \/>\nAltura: 114 mm<br \/>\nVolumen: 250 ml<\/p>\n","protected":false},"excerpt":{"rendered":"<p>Artesano Vaso para Latte Macchiato Material: Vetro Borosilicato Lavabile en lavatoviglie: s\u00ec Adatto per microonde: s\u00ed Di\u00e1metro: 90 mm Altura: 114 mm Volumen: 250 ml<\/p>\n","protected":false},"featured_media":6380736,"template":"","meta":{"_acf_changed":false},"product_cat":[11887,11901],"product_tag":[],"class_list":{"0":"post-2311245","1":"product","2":"type-product","3":"status-publish","4":"has-post-thumbnail","6":"product_cat-tabla","7":"product_cat-vasos","9":"first","10":"instock","11":"taxable","12":"shipping-taxable","13":"product-type-simple","swatches":"rey-swatches","show_selected":"","stretch_labels":"rey-swatches--stretch-labels"},"acf":[],"yoast_head":"<!-- This site is optimized with the Yoast SEO plugin v25.4 - https:\/\/yoast.com\/wordpress\/plugins\/seo\/ -->\n<title>VILLEROY &#038; BOCH Artesano Set de 2 vasos para Latte Macchiato 250 ml Sin mango - dev6 Erresse<\/title>\n<meta name=\"description\" content=\"Artesano Vaso para Latte Macchiato Material: Vetro Borosilicato Lavabile en lavatoviglie: s\u00ec Adatto per microonde: s\u00ed Di\u00e1metro: 90 mm Altura: 114 mm\" \/>\n<meta name=\"robots\" content=\"noindex, follow, max-snippet:-1, max-image-preview:large, max-video-preview:-1\" \/>\n<meta property=\"og:locale\" content=\"es_ES\" \/>\n<meta property=\"og:type\" content=\"article\" \/>\n<meta property=\"og:title\" content=\"VILLEROY &#038; BOCH Artesano Set de 2 vasos para Latte Macchiato 250 ml Sin mango - dev6 Erresse\" \/>\n<meta property=\"og:description\" content=\"Artesano Vaso para Latte Macchiato Material: Vetro Borosilicato Lavabile en lavatoviglie: s\u00ec Adatto per microonde: s\u00ed Di\u00e1metro: 90 mm Altura: 114 mm\" \/>\n<meta property=\"og:url\" content=\"https:\/\/dev6.erresse-shop.it\/es\/shop\/tabla\/vasos\/villeroy-boch-artesano-set-de-2-vasos-para-latte-macchiato-250-ml-sin-mango\/\" \/>\n<meta property=\"og:site_name\" content=\"dev6 Erresse\" \/>\n<meta property=\"og:image\" content=\"https:\/\/interpim.erresse-shop.it\/wp-content\/uploads\/2025\/05\/VILLEROY-BOCH-Artesano-Set-2-Bicchieri-da-Latte-Macchiato-250-ml-Senza-Manico.jpg\/villeroy-boch-artesano-set-2-bicchieri-da-latte-macchiato-250-ml-senza-manico.jpg\" \/><meta property=\"og:image\" content=\"https:\/\/interpim.erresse-shop.it\/wp-content\/uploads\/2025\/05\/VILLEROY-BOCH-Artesano-Set-2-Bicchieri-da-Latte-Macchiato-250-ml-Senza-Manico.jpg\/villeroy-boch-artesano-set-2-bicchieri-da-latte-macchiato-250-ml-senza-manico.jpg\" \/>\n\t<meta property=\"og:image:width\" content=\"1024\" \/>\n\t<meta property=\"og:image:height\" content=\"1024\" \/>\n\t<meta property=\"og:image:type\" content=\"image\/jpeg\" \/>\n<meta name=\"twitter:card\" content=\"summary_large_image\" \/>\n<meta name=\"twitter:image\" content=\"https:\/\/interpim.erresse-shop.it\/wp-content\/uploads\/2025\/05\/VILLEROY-BOCH-Artesano-Set-2-Bicchieri-da-Latte-Macchiato-250-ml-Senza-Manico.jpg\/villeroy-boch-artesano-set-2-bicchieri-da-latte-macchiato-250-ml-senza-manico.jpg\" \/>\n<script type=\"application\/ld+json\" class=\"yoast-schema-graph\">{\"@context\":\"https:\/\/schema.org\",\"@graph\":[{\"@type\":\"WebPage\",\"@id\":\"https:\/\/dev6.erresse-shop.it\/es\/shop\/tabla\/vasos\/villeroy-boch-artesano-set-de-2-vasos-para-latte-macchiato-250-ml-sin-mango\/\",\"url\":\"https:\/\/dev6.erresse-shop.it\/es\/shop\/tabla\/vasos\/villeroy-boch-artesano-set-de-2-vasos-para-latte-macchiato-250-ml-sin-mango\/\",\"name\":\"VILLEROY &#038; BOCH Artesano Set de 2 vasos para Latte Macchiato 250 ml Sin mango - dev6 Erresse\",\"isPartOf\":{\"@id\":\"https:\/\/dev6.erresse-shop.it\/#website\"},\"primaryImageOfPage\":{\"@id\":\"https:\/\/dev6.erresse-shop.it\/es\/shop\/tabla\/vasos\/villeroy-boch-artesano-set-de-2-vasos-para-latte-macchiato-250-ml-sin-mango\/#primaryimage\"},\"image\":{\"@id\":\"https:\/\/dev6.erresse-shop.it\/es\/shop\/tabla\/vasos\/villeroy-boch-artesano-set-de-2-vasos-para-latte-macchiato-250-ml-sin-mango\/#primaryimage\"},\"thumbnailUrl\":\"https:\/\/i2.wp.com\/interpim.erresse-shop.it\/wp-content\/uploads\/2025\/05\/VILLEROY-BOCH-Artesano-Set-2-Bicchieri-da-Latte-Macchiato-250-ml-Senza-Manico.jpg\/villeroy-boch-artesano-set-2-bicchieri-da-latte-macchiato-250-ml-senza-manico.jpg?ssl=1\",\"datePublished\":\"2026-04-12T12:32:00+00:00\",\"description\":\"Artesano Vaso para Latte Macchiato Material: Vetro Borosilicato Lavabile en lavatoviglie: s\u00ec Adatto per microonde: s\u00ed Di\u00e1metro: 90 mm Altura: 114 mm\",\"breadcrumb\":{\"@id\":\"https:\/\/dev6.erresse-shop.it\/es\/shop\/tabla\/vasos\/villeroy-boch-artesano-set-de-2-vasos-para-latte-macchiato-250-ml-sin-mango\/#breadcrumb\"},\"inLanguage\":\"es\",\"potentialAction\":[{\"@type\":\"ReadAction\",\"target\":[\"https:\/\/dev6.erresse-shop.it\/es\/shop\/tabla\/vasos\/villeroy-boch-artesano-set-de-2-vasos-para-latte-macchiato-250-ml-sin-mango\/\"]}]},{\"@type\":\"ImageObject\",\"inLanguage\":\"es\",\"@id\":\"https:\/\/dev6.erresse-shop.it\/es\/shop\/tabla\/vasos\/villeroy-boch-artesano-set-de-2-vasos-para-latte-macchiato-250-ml-sin-mango\/#primaryimage\",\"url\":\"https:\/\/i2.wp.com\/interpim.erresse-shop.it\/wp-content\/uploads\/2025\/05\/VILLEROY-BOCH-Artesano-Set-2-Bicchieri-da-Latte-Macchiato-250-ml-Senza-Manico.jpg\/villeroy-boch-artesano-set-2-bicchieri-da-latte-macchiato-250-ml-senza-manico.jpg?ssl=1\",\"contentUrl\":\"https:\/\/i2.wp.com\/interpim.erresse-shop.it\/wp-content\/uploads\/2025\/05\/VILLEROY-BOCH-Artesano-Set-2-Bicchieri-da-Latte-Macchiato-250-ml-Senza-Manico.jpg\/villeroy-boch-artesano-set-2-bicchieri-da-latte-macchiato-250-ml-senza-manico.jpg?ssl=1\"},{\"@type\":\"BreadcrumbList\",\"@id\":\"https:\/\/dev6.erresse-shop.it\/es\/shop\/tabla\/vasos\/villeroy-boch-artesano-set-de-2-vasos-para-latte-macchiato-250-ml-sin-mango\/#breadcrumb\",\"itemListElement\":[{\"@type\":\"ListItem\",\"position\":1,\"name\":\"Home\",\"item\":\"https:\/\/dev6.erresse-shop.it\/\"},{\"@type\":\"ListItem\",\"position\":2,\"name\":\"Tienda\",\"item\":\"https:\/\/dev6.erresse-shop.it\/shop\/\"},{\"@type\":\"ListItem\",\"position\":3,\"name\":\"VILLEROY &#038; BOCH Artesano Set de 2 vasos para Latte Macchiato 250 ml Sin mango\"}]},{\"@type\":\"WebSite\",\"@id\":\"https:\/\/dev6.erresse-shop.it\/#website\",\"url\":\"https:\/\/dev6.erresse-shop.it\/\",\"name\":\"Erresse Shop\",\"description\":\"\",\"publisher\":{\"@id\":\"https:\/\/dev6.erresse-shop.it\/#organization\"},\"potentialAction\":[{\"@type\":\"SearchAction\",\"target\":{\"@type\":\"EntryPoint\",\"urlTemplate\":\"https:\/\/dev6.erresse-shop.it\/?s={search_term_string}\"},\"query-input\":{\"@type\":\"PropertyValueSpecification\",\"valueRequired\":true,\"valueName\":\"search_term_string\"}}],\"inLanguage\":\"es\"},{\"@type\":\"Organization\",\"@id\":\"https:\/\/dev6.erresse-shop.it\/#organization\",\"name\":\"Erresse Shop\",\"url\":\"https:\/\/dev6.erresse-shop.it\/\",\"logo\":{\"@type\":\"ImageObject\",\"inLanguage\":\"es\",\"@id\":\"https:\/\/dev6.erresse-shop.it\/#\/schema\/logo\/image\/\",\"url\":\"https:\/\/dev6.erresse-shop.it\/wp-content\/uploads\/2025\/01\/LOGO-ERRESSE-CLASSICO.svg\",\"contentUrl\":\"https:\/\/dev6.erresse-shop.it\/wp-content\/uploads\/2025\/01\/LOGO-ERRESSE-CLASSICO.svg\",\"caption\":\"Erresse Shop\"},\"image\":{\"@id\":\"https:\/\/dev6.erresse-shop.it\/#\/schema\/logo\/image\/\"}}]}<\/script>\n<!-- \/ Yoast SEO plugin. -->","yoast_head_json":{"title":"VILLEROY &#038; BOCH Artesano Set de 2 vasos para Latte Macchiato 250 ml Sin mango - dev6 Erresse","description":"Artesano Vaso para Latte Macchiato Material: Vetro Borosilicato Lavabile en lavatoviglie: s\u00ec Adatto per microonde: s\u00ed Di\u00e1metro: 90 mm Altura: 114 mm","robots":{"index":"noindex","follow":"follow","max-snippet":"max-snippet:-1","max-image-preview":"max-image-preview:large","max-video-preview":"max-video-preview:-1"},"og_locale":"es_ES","og_type":"article","og_title":"VILLEROY &#038; BOCH Artesano Set de 2 vasos para Latte Macchiato 250 ml Sin mango - dev6 Erresse","og_description":"Artesano Vaso para Latte Macchiato Material: Vetro Borosilicato Lavabile en lavatoviglie: s\u00ec Adatto per microonde: s\u00ed Di\u00e1metro: 90 mm Altura: 114 mm","og_url":"https:\/\/dev6.erresse-shop.it\/es\/shop\/tabla\/vasos\/villeroy-boch-artesano-set-de-2-vasos-para-latte-macchiato-250-ml-sin-mango\/","og_site_name":"dev6 Erresse","og_image":[{"url":"https:\/\/interpim.erresse-shop.it\/wp-content\/uploads\/2025\/05\/VILLEROY-BOCH-Artesano-Set-2-Bicchieri-da-Latte-Macchiato-250-ml-Senza-Manico.jpg\/villeroy-boch-artesano-set-2-bicchieri-da-latte-macchiato-250-ml-senza-manico.jpg","type":"","width":"","height":""},{"url":"https:\/\/interpim.erresse-shop.it\/wp-content\/uploads\/2025\/05\/VILLEROY-BOCH-Artesano-Set-2-Bicchieri-da-Latte-Macchiato-250-ml-Senza-Manico.jpg\/villeroy-boch-artesano-set-2-bicchieri-da-latte-macchiato-250-ml-senza-manico.jpg","width":1024,"height":1024,"type":"image\/jpeg"}],"twitter_card":"summary_large_image","twitter_image":"https:\/\/interpim.erresse-shop.it\/wp-content\/uploads\/2025\/05\/VILLEROY-BOCH-Artesano-Set-2-Bicchieri-da-Latte-Macchiato-250-ml-Senza-Manico.jpg\/villeroy-boch-artesano-set-2-bicchieri-da-latte-macchiato-250-ml-senza-manico.jpg","schema":{"@context":"https:\/\/schema.org","@graph":[{"@type":"WebPage","@id":"https:\/\/dev6.erresse-shop.it\/es\/shop\/tabla\/vasos\/villeroy-boch-artesano-set-de-2-vasos-para-latte-macchiato-250-ml-sin-mango\/","url":"https:\/\/dev6.erresse-shop.it\/es\/shop\/tabla\/vasos\/villeroy-boch-artesano-set-de-2-vasos-para-latte-macchiato-250-ml-sin-mango\/","name":"VILLEROY &#038; BOCH Artesano Set de 2 vasos para Latte Macchiato 250 ml Sin mango - dev6 Erresse","isPartOf":{"@id":"https:\/\/dev6.erresse-shop.it\/#website"},"primaryImageOfPage":{"@id":"https:\/\/dev6.erresse-shop.it\/es\/shop\/tabla\/vasos\/villeroy-boch-artesano-set-de-2-vasos-para-latte-macchiato-250-ml-sin-mango\/#primaryimage"},"image":{"@id":"https:\/\/dev6.erresse-shop.it\/es\/shop\/tabla\/vasos\/villeroy-boch-artesano-set-de-2-vasos-para-latte-macchiato-250-ml-sin-mango\/#primaryimage"},"thumbnailUrl":"https:\/\/i2.wp.com\/interpim.erresse-shop.it\/wp-content\/uploads\/2025\/05\/VILLEROY-BOCH-Artesano-Set-2-Bicchieri-da-Latte-Macchiato-250-ml-Senza-Manico.jpg\/villeroy-boch-artesano-set-2-bicchieri-da-latte-macchiato-250-ml-senza-manico.jpg?ssl=1","datePublished":"2026-04-12T12:32:00+00:00","description":"Artesano Vaso para Latte Macchiato Material: Vetro Borosilicato Lavabile en lavatoviglie: s\u00ec Adatto per microonde: s\u00ed Di\u00e1metro: 90 mm Altura: 114 mm","breadcrumb":{"@id":"https:\/\/dev6.erresse-shop.it\/es\/shop\/tabla\/vasos\/villeroy-boch-artesano-set-de-2-vasos-para-latte-macchiato-250-ml-sin-mango\/#breadcrumb"},"inLanguage":"es","potentialAction":[{"@type":"ReadAction","target":["https:\/\/dev6.erresse-shop.it\/es\/shop\/tabla\/vasos\/villeroy-boch-artesano-set-de-2-vasos-para-latte-macchiato-250-ml-sin-mango\/"]}]},{"@type":"ImageObject","inLanguage":"es","@id":"https:\/\/dev6.erresse-shop.it\/es\/shop\/tabla\/vasos\/villeroy-boch-artesano-set-de-2-vasos-para-latte-macchiato-250-ml-sin-mango\/#primaryimage","url":"https:\/\/i2.wp.com\/interpim.erresse-shop.it\/wp-content\/uploads\/2025\/05\/VILLEROY-BOCH-Artesano-Set-2-Bicchieri-da-Latte-Macchiato-250-ml-Senza-Manico.jpg\/villeroy-boch-artesano-set-2-bicchieri-da-latte-macchiato-250-ml-senza-manico.jpg?ssl=1","contentUrl":"https:\/\/i2.wp.com\/interpim.erresse-shop.it\/wp-content\/uploads\/2025\/05\/VILLEROY-BOCH-Artesano-Set-2-Bicchieri-da-Latte-Macchiato-250-ml-Senza-Manico.jpg\/villeroy-boch-artesano-set-2-bicchieri-da-latte-macchiato-250-ml-senza-manico.jpg?ssl=1"},{"@type":"BreadcrumbList","@id":"https:\/\/dev6.erresse-shop.it\/es\/shop\/tabla\/vasos\/villeroy-boch-artesano-set-de-2-vasos-para-latte-macchiato-250-ml-sin-mango\/#breadcrumb","itemListElement":[{"@type":"ListItem","position":1,"name":"Home","item":"https:\/\/dev6.erresse-shop.it\/"},{"@type":"ListItem","position":2,"name":"Tienda","item":"https:\/\/dev6.erresse-shop.it\/shop\/"},{"@type":"ListItem","position":3,"name":"VILLEROY &#038; BOCH Artesano Set de 2 vasos para Latte Macchiato 250 ml Sin mango"}]},{"@type":"WebSite","@id":"https:\/\/dev6.erresse-shop.it\/#website","url":"https:\/\/dev6.erresse-shop.it\/","name":"Erresse Shop","description":"","publisher":{"@id":"https:\/\/dev6.erresse-shop.it\/#organization"},"potentialAction":[{"@type":"SearchAction","target":{"@type":"EntryPoint","urlTemplate":"https:\/\/dev6.erresse-shop.it\/?s={search_term_string}"},"query-input":{"@type":"PropertyValueSpecification","valueRequired":true,"valueName":"search_term_string"}}],"inLanguage":"es"},{"@type":"Organization","@id":"https:\/\/dev6.erresse-shop.it\/#organization","name":"Erresse Shop","url":"https:\/\/dev6.erresse-shop.it\/","logo":{"@type":"ImageObject","inLanguage":"es","@id":"https:\/\/dev6.erresse-shop.it\/#\/schema\/logo\/image\/","url":"https:\/\/dev6.erresse-shop.it\/wp-content\/uploads\/2025\/01\/LOGO-ERRESSE-CLASSICO.svg","contentUrl":"https:\/\/dev6.erresse-shop.it\/wp-content\/uploads\/2025\/01\/LOGO-ERRESSE-CLASSICO.svg","caption":"Erresse Shop"},"image":{"@id":"https:\/\/dev6.erresse-shop.it\/#\/schema\/logo\/image\/"}}]}},"df_price":"","df_sale_price":"","df_regular_price":"","df_image_link":"https:\/\/i2.wp.com\/interpim.erresse-shop.it\/wp-content\/uploads\/2025\/05\/VILLEROY-BOCH-Artesano-Set-2-Bicchieri-da-Latte-Macchiato-250-ml-Senza-Manico.jpg\/villeroy-boch-artesano-set-2-bicchieri-da-latte-macchiato-250-ml-senza-manico.jpg?resize=300,300&ssl=1","fifu_image_url":"https:\/\/interpim.erresse-shop.it\/wp-content\/uploads\/2025\/05\/VILLEROY-BOCH-Artesano-Set-2-Bicchieri-da-Latte-Macchiato-250-ml-Senza-Manico.jpg\/villeroy-boch-artesano-set-2-bicchieri-da-latte-macchiato-250-ml-senza-manico.jpg","_links":{"self":[{"href":"https:\/\/dev6.erresse-shop.it\/es\/wp-json\/wp\/v2\/product\/2311245","targetHints":{"allow":["GET"]}}],"collection":[{"href":"https:\/\/dev6.erresse-shop.it\/es\/wp-json\/wp\/v2\/product"}],"about":[{"href":"https:\/\/dev6.erresse-shop.it\/es\/wp-json\/wp\/v2\/types\/product"}],"wp:featuredmedia":[{"embeddable":true,"href":"https:\/\/dev6.erresse-shop.it\/es\/wp-json\/wp\/v2\/media\/6380736"}],"wp:attachment":[{"href":"https:\/\/dev6.erresse-shop.it\/es\/wp-json\/wp\/v2\/media?parent=2311245"}],"wp:term":[{"taxonomy":"product_cat","embeddable":true,"href":"https:\/\/dev6.erresse-shop.it\/es\/wp-json\/wp\/v2\/product_cat?post=2311245"},{"taxonomy":"product_tag","embeddable":true,"href":"https:\/\/dev6.erresse-shop.it\/es\/wp-json\/wp\/v2\/product_tag?post=2311245"}],"curies":[{"name":"wp","href":"https:\/\/api.w.org\/{rel}","templated":true}]}}