{"id":2311167,"date":"2026-04-04T14:23:32","date_gmt":"2026-04-04T12:23:32","guid":{"rendered":"https:\/\/dev6.erresse-shop.it\/shop\/sin%20categor\u00eda\/gastrolux-evo-sarten-alta-induccion-26-cm-mango-extraible\/"},"modified":"2026-02-05T18:40:04","modified_gmt":"2026-02-05T17:40:04","slug":"gastrolux-evo-sarten-alta-induccion-26-cm-mango-extraible","status":"publish","type":"product","link":"https:\/\/dev6.erresse-shop.it\/es\/shop\/sartenes-y-ollas\/gastrolux-evo-sarten-alta-induccion-26-cm-mango-extraible\/","title":{"rendered":"GASTROLUX Evo Sart\u00e9n Alta Inducci\u00f3n 26 cm Mango Extra\u00edble"},"content":{"rendered":"<p>Sartenes Evo: Innovaci\u00f3n, Rendimiento y Seguridad en tu Cocina<\/p>\n<p>Descubra la nueva l\u00ednea Evo, dise\u00f1ada para ofrecer la oportunidad de cocinar con productos de nueva generaci\u00f3n que ya cumplen con los est\u00e1ndares del ma\u00f1ana. Fabricados con orgullo en el coraz\u00f3n de Dinamarca, los utensilios de cocina Evo son el resultado de una innovaci\u00f3n constante, dise\u00f1ados para inspirar el amor por la cocina tanto en chefs aficionados como profesionales. Con Evo, cada plato se convierte en una experiencia \u00fanica, gracias a su calidad superior y funcionalidad avanzada.<\/p>\n<p>Recubrimiento antiadherente EVO sin PFAS<br \/>\nLa superficie de cocci\u00f3n Evo est\u00e1 completamente libre de PFAS, qu\u00edmicos perfluoroalquilos, lo que garantiza una opci\u00f3n segura y ecol\u00f3gica para su cocina. Enriquecida con biominerales, esta tecnolog\u00eda ecol\u00f3gica ofrece una eficiencia duradera, mejorando la experiencia de cocci\u00f3n y simplificando la limpieza.<\/p>\n<p>Apto para horno hasta 400 \u00b0C.<br \/>\nLas sartenes Evo, con mangos desmontables, son aptas para horno hasta 400\u00b0C. Esta versatilidad te permite pasar f\u00e1cilmente de la vitrocer\u00e1mica al horno, ampliando las posibilidades de preparaci\u00f3n de tus platos.<\/p>\n<p>Innovaci\u00f3n y durabilidad<br \/>\nLa base y el innovador revestimiento de las sartenes Evo est\u00e1n dise\u00f1ados para ofrecer una resistencia excepcional, siendo aptas tambi\u00e9n para su uso en el horno hasta 400\u00b0C. La durabilidad y versatilidad duraderas le permiten abordar diferentes t\u00e9cnicas de cocci\u00f3n sin comprometer la seguridad y el rendimiento.<\/p>\n<p>Rendimiento antiadherente inigualable<br \/>\nEvo establece un nuevo est\u00e1ndar en tecnolog\u00eda antiadherente, ofreciendo una cocci\u00f3n sin esfuerzo y una liberaci\u00f3n perfecta de los alimentos. Cada vez, los resultados son sorprendentes y la limpieza es r\u00e1pida y sencilla, para una experiencia de cocina sin estr\u00e9s.<\/p>\n<p>Elige Evo para una cocina saludable, segura e innovadora. Con estas ollas de \u00faltima generaci\u00f3n lleva a tu hogar la excelencia en la preparaci\u00f3n de tus platos.<\/p>\n","protected":false},"excerpt":{"rendered":"<p>Sartenes Evo: Innovaci\u00f3n, Rendimiento y Seguridad en tu Cocina Descubra la nueva l\u00ednea Evo, dise\u00f1ada para ofrecer la oportunidad de cocinar con productos de nueva generaci\u00f3n que ya cumplen con los est\u00e1ndares del ma\u00f1ana. Fabricados con orgullo en el coraz\u00f3n de Dinamarca, los utensilios de cocina Evo son el resultado de una innovaci\u00f3n constante, dise\u00f1ados [&hellip;]<\/p>\n","protected":false},"featured_media":6297267,"template":"","meta":{"_acf_changed":false},"product_cat":[11883],"product_tag":[],"class_list":{"0":"post-2311167","1":"product","2":"type-product","3":"status-publish","4":"has-post-thumbnail","6":"product_cat-sartenes-y-ollas","8":"first","9":"instock","10":"sale","11":"taxable","12":"shipping-taxable","13":"purchasable","14":"product-type-simple","swatches":"rey-swatches","show_selected":"","stretch_labels":"rey-swatches--stretch-labels"},"acf":[],"yoast_head":"<!-- This site is optimized with the Yoast SEO plugin v25.4 - https:\/\/yoast.com\/wordpress\/plugins\/seo\/ -->\n<title>GASTROLUX Evo Sart\u00e9n Alta Inducci\u00f3n 26 cm Mango Extra\u00edble - dev6 Erresse<\/title>\n<meta name=\"description\" content=\"Sartenes Evo: Innovaci\u00f3n, Rendimiento y Seguridad en tu Cocina Descubra la nueva l\u00ednea Evo, dise\u00f1ada para ofrecer la oportunidad de cocinar con productos\" \/>\n<meta name=\"robots\" content=\"noindex, follow, max-snippet:-1, max-image-preview:large, max-video-preview:-1\" \/>\n<meta property=\"og:locale\" content=\"es_ES\" \/>\n<meta property=\"og:type\" content=\"article\" \/>\n<meta property=\"og:title\" content=\"GASTROLUX Evo Sart\u00e9n Alta Inducci\u00f3n 26 cm Mango Extra\u00edble - dev6 Erresse\" \/>\n<meta property=\"og:description\" content=\"Sartenes Evo: Innovaci\u00f3n, Rendimiento y Seguridad en tu Cocina Descubra la nueva l\u00ednea Evo, dise\u00f1ada para ofrecer la oportunidad de cocinar con productos\" \/>\n<meta property=\"og:url\" content=\"https:\/\/dev6.erresse-shop.it\/es\/shop\/sartenes-y-ollas\/gastrolux-evo-sarten-alta-induccion-26-cm-mango-extraible\/\" \/>\n<meta property=\"og:site_name\" content=\"dev6 Erresse\" \/>\n<meta property=\"og:image\" content=\"https:\/\/interpim.erresse-shop.it\/wp-content\/uploads\/2025\/04\/GASTROLUX-Evo-Padella-Alta-Induzione-26-cm-Manico-Rimovibile.jpg\/gastrolux-evo-padella-alta-induzione-26-cm-manico-rimovibile.jpg\" \/><meta property=\"og:image\" content=\"https:\/\/interpim.erresse-shop.it\/wp-content\/uploads\/2025\/04\/GASTROLUX-Evo-Padella-Alta-Induzione-26-cm-Manico-Rimovibile.jpg\/gastrolux-evo-padella-alta-induzione-26-cm-manico-rimovibile.jpg\" \/>\n\t<meta property=\"og:image:width\" content=\"1024\" \/>\n\t<meta property=\"og:image:height\" content=\"1024\" \/>\n\t<meta property=\"og:image:type\" content=\"image\/jpeg\" \/>\n<meta name=\"twitter:card\" content=\"summary_large_image\" \/>\n<meta name=\"twitter:image\" content=\"https:\/\/interpim.erresse-shop.it\/wp-content\/uploads\/2025\/04\/GASTROLUX-Evo-Padella-Alta-Induzione-26-cm-Manico-Rimovibile.jpg\/gastrolux-evo-padella-alta-induzione-26-cm-manico-rimovibile.jpg\" \/>\n<script type=\"application\/ld+json\" class=\"yoast-schema-graph\">{\"@context\":\"https:\/\/schema.org\",\"@graph\":[{\"@type\":\"WebPage\",\"@id\":\"https:\/\/dev6.erresse-shop.it\/es\/shop\/sartenes-y-ollas\/gastrolux-evo-sarten-alta-induccion-26-cm-mango-extraible\/\",\"url\":\"https:\/\/dev6.erresse-shop.it\/es\/shop\/sartenes-y-ollas\/gastrolux-evo-sarten-alta-induccion-26-cm-mango-extraible\/\",\"name\":\"GASTROLUX Evo Sart\u00e9n Alta Inducci\u00f3n 26 cm Mango Extra\u00edble - dev6 Erresse\",\"isPartOf\":{\"@id\":\"https:\/\/dev6.erresse-shop.it\/#website\"},\"primaryImageOfPage\":{\"@id\":\"https:\/\/dev6.erresse-shop.it\/es\/shop\/sartenes-y-ollas\/gastrolux-evo-sarten-alta-induccion-26-cm-mango-extraible\/#primaryimage\"},\"image\":{\"@id\":\"https:\/\/dev6.erresse-shop.it\/es\/shop\/sartenes-y-ollas\/gastrolux-evo-sarten-alta-induccion-26-cm-mango-extraible\/#primaryimage\"},\"thumbnailUrl\":\"https:\/\/i0.wp.com\/interpim.erresse-shop.it\/wp-content\/uploads\/2025\/04\/GASTROLUX-Evo-Padella-Alta-Induzione-26-cm-Manico-Rimovibile.jpg\/gastrolux-evo-padella-alta-induzione-26-cm-manico-rimovibile.jpg?ssl=1\",\"datePublished\":\"2026-04-04T12:23:32+00:00\",\"description\":\"Sartenes Evo: Innovaci\u00f3n, Rendimiento y Seguridad en tu Cocina Descubra la nueva l\u00ednea Evo, dise\u00f1ada para ofrecer la oportunidad de cocinar con productos\",\"breadcrumb\":{\"@id\":\"https:\/\/dev6.erresse-shop.it\/es\/shop\/sartenes-y-ollas\/gastrolux-evo-sarten-alta-induccion-26-cm-mango-extraible\/#breadcrumb\"},\"inLanguage\":\"es\",\"potentialAction\":[{\"@type\":\"ReadAction\",\"target\":[\"https:\/\/dev6.erresse-shop.it\/es\/shop\/sartenes-y-ollas\/gastrolux-evo-sarten-alta-induccion-26-cm-mango-extraible\/\"]}]},{\"@type\":\"ImageObject\",\"inLanguage\":\"es\",\"@id\":\"https:\/\/dev6.erresse-shop.it\/es\/shop\/sartenes-y-ollas\/gastrolux-evo-sarten-alta-induccion-26-cm-mango-extraible\/#primaryimage\",\"url\":\"https:\/\/i0.wp.com\/interpim.erresse-shop.it\/wp-content\/uploads\/2025\/04\/GASTROLUX-Evo-Padella-Alta-Induzione-26-cm-Manico-Rimovibile.jpg\/gastrolux-evo-padella-alta-induzione-26-cm-manico-rimovibile.jpg?ssl=1\",\"contentUrl\":\"https:\/\/i0.wp.com\/interpim.erresse-shop.it\/wp-content\/uploads\/2025\/04\/GASTROLUX-Evo-Padella-Alta-Induzione-26-cm-Manico-Rimovibile.jpg\/gastrolux-evo-padella-alta-induzione-26-cm-manico-rimovibile.jpg?ssl=1\"},{\"@type\":\"BreadcrumbList\",\"@id\":\"https:\/\/dev6.erresse-shop.it\/es\/shop\/sartenes-y-ollas\/gastrolux-evo-sarten-alta-induccion-26-cm-mango-extraible\/#breadcrumb\",\"itemListElement\":[{\"@type\":\"ListItem\",\"position\":1,\"name\":\"Home\",\"item\":\"https:\/\/dev6.erresse-shop.it\/\"},{\"@type\":\"ListItem\",\"position\":2,\"name\":\"Tienda\",\"item\":\"https:\/\/dev6.erresse-shop.it\/shop\/\"},{\"@type\":\"ListItem\",\"position\":3,\"name\":\"GASTROLUX Evo Sart\u00e9n Alta Inducci\u00f3n 26 cm Mango Extra\u00edble\"}]},{\"@type\":\"WebSite\",\"@id\":\"https:\/\/dev6.erresse-shop.it\/#website\",\"url\":\"https:\/\/dev6.erresse-shop.it\/\",\"name\":\"Erresse Shop\",\"description\":\"\",\"publisher\":{\"@id\":\"https:\/\/dev6.erresse-shop.it\/#organization\"},\"potentialAction\":[{\"@type\":\"SearchAction\",\"target\":{\"@type\":\"EntryPoint\",\"urlTemplate\":\"https:\/\/dev6.erresse-shop.it\/?s={search_term_string}\"},\"query-input\":{\"@type\":\"PropertyValueSpecification\",\"valueRequired\":true,\"valueName\":\"search_term_string\"}}],\"inLanguage\":\"es\"},{\"@type\":\"Organization\",\"@id\":\"https:\/\/dev6.erresse-shop.it\/#organization\",\"name\":\"Erresse Shop\",\"url\":\"https:\/\/dev6.erresse-shop.it\/\",\"logo\":{\"@type\":\"ImageObject\",\"inLanguage\":\"es\",\"@id\":\"https:\/\/dev6.erresse-shop.it\/#\/schema\/logo\/image\/\",\"url\":\"https:\/\/dev6.erresse-shop.it\/wp-content\/uploads\/2025\/01\/LOGO-ERRESSE-CLASSICO.svg\",\"contentUrl\":\"https:\/\/dev6.erresse-shop.it\/wp-content\/uploads\/2025\/01\/LOGO-ERRESSE-CLASSICO.svg\",\"caption\":\"Erresse Shop\"},\"image\":{\"@id\":\"https:\/\/dev6.erresse-shop.it\/#\/schema\/logo\/image\/\"}}]}<\/script>\n<!-- \/ Yoast SEO plugin. -->","yoast_head_json":{"title":"GASTROLUX Evo Sart\u00e9n Alta Inducci\u00f3n 26 cm Mango Extra\u00edble - dev6 Erresse","description":"Sartenes Evo: Innovaci\u00f3n, Rendimiento y Seguridad en tu Cocina Descubra la nueva l\u00ednea Evo, dise\u00f1ada para ofrecer la oportunidad de cocinar con productos","robots":{"index":"noindex","follow":"follow","max-snippet":"max-snippet:-1","max-image-preview":"max-image-preview:large","max-video-preview":"max-video-preview:-1"},"og_locale":"es_ES","og_type":"article","og_title":"GASTROLUX Evo Sart\u00e9n Alta Inducci\u00f3n 26 cm Mango Extra\u00edble - dev6 Erresse","og_description":"Sartenes Evo: Innovaci\u00f3n, Rendimiento y Seguridad en tu Cocina Descubra la nueva l\u00ednea Evo, dise\u00f1ada para ofrecer la oportunidad de cocinar con productos","og_url":"https:\/\/dev6.erresse-shop.it\/es\/shop\/sartenes-y-ollas\/gastrolux-evo-sarten-alta-induccion-26-cm-mango-extraible\/","og_site_name":"dev6 Erresse","og_image":[{"url":"https:\/\/interpim.erresse-shop.it\/wp-content\/uploads\/2025\/04\/GASTROLUX-Evo-Padella-Alta-Induzione-26-cm-Manico-Rimovibile.jpg\/gastrolux-evo-padella-alta-induzione-26-cm-manico-rimovibile.jpg","type":"","width":"","height":""},{"url":"https:\/\/interpim.erresse-shop.it\/wp-content\/uploads\/2025\/04\/GASTROLUX-Evo-Padella-Alta-Induzione-26-cm-Manico-Rimovibile.jpg\/gastrolux-evo-padella-alta-induzione-26-cm-manico-rimovibile.jpg","width":1024,"height":1024,"type":"image\/jpeg"}],"twitter_card":"summary_large_image","twitter_image":"https:\/\/interpim.erresse-shop.it\/wp-content\/uploads\/2025\/04\/GASTROLUX-Evo-Padella-Alta-Induzione-26-cm-Manico-Rimovibile.jpg\/gastrolux-evo-padella-alta-induzione-26-cm-manico-rimovibile.jpg","schema":{"@context":"https:\/\/schema.org","@graph":[{"@type":"WebPage","@id":"https:\/\/dev6.erresse-shop.it\/es\/shop\/sartenes-y-ollas\/gastrolux-evo-sarten-alta-induccion-26-cm-mango-extraible\/","url":"https:\/\/dev6.erresse-shop.it\/es\/shop\/sartenes-y-ollas\/gastrolux-evo-sarten-alta-induccion-26-cm-mango-extraible\/","name":"GASTROLUX Evo Sart\u00e9n Alta Inducci\u00f3n 26 cm Mango Extra\u00edble - dev6 Erresse","isPartOf":{"@id":"https:\/\/dev6.erresse-shop.it\/#website"},"primaryImageOfPage":{"@id":"https:\/\/dev6.erresse-shop.it\/es\/shop\/sartenes-y-ollas\/gastrolux-evo-sarten-alta-induccion-26-cm-mango-extraible\/#primaryimage"},"image":{"@id":"https:\/\/dev6.erresse-shop.it\/es\/shop\/sartenes-y-ollas\/gastrolux-evo-sarten-alta-induccion-26-cm-mango-extraible\/#primaryimage"},"thumbnailUrl":"https:\/\/i0.wp.com\/interpim.erresse-shop.it\/wp-content\/uploads\/2025\/04\/GASTROLUX-Evo-Padella-Alta-Induzione-26-cm-Manico-Rimovibile.jpg\/gastrolux-evo-padella-alta-induzione-26-cm-manico-rimovibile.jpg?ssl=1","datePublished":"2026-04-04T12:23:32+00:00","description":"Sartenes Evo: Innovaci\u00f3n, Rendimiento y Seguridad en tu Cocina Descubra la nueva l\u00ednea Evo, dise\u00f1ada para ofrecer la oportunidad de cocinar con productos","breadcrumb":{"@id":"https:\/\/dev6.erresse-shop.it\/es\/shop\/sartenes-y-ollas\/gastrolux-evo-sarten-alta-induccion-26-cm-mango-extraible\/#breadcrumb"},"inLanguage":"es","potentialAction":[{"@type":"ReadAction","target":["https:\/\/dev6.erresse-shop.it\/es\/shop\/sartenes-y-ollas\/gastrolux-evo-sarten-alta-induccion-26-cm-mango-extraible\/"]}]},{"@type":"ImageObject","inLanguage":"es","@id":"https:\/\/dev6.erresse-shop.it\/es\/shop\/sartenes-y-ollas\/gastrolux-evo-sarten-alta-induccion-26-cm-mango-extraible\/#primaryimage","url":"https:\/\/i0.wp.com\/interpim.erresse-shop.it\/wp-content\/uploads\/2025\/04\/GASTROLUX-Evo-Padella-Alta-Induzione-26-cm-Manico-Rimovibile.jpg\/gastrolux-evo-padella-alta-induzione-26-cm-manico-rimovibile.jpg?ssl=1","contentUrl":"https:\/\/i0.wp.com\/interpim.erresse-shop.it\/wp-content\/uploads\/2025\/04\/GASTROLUX-Evo-Padella-Alta-Induzione-26-cm-Manico-Rimovibile.jpg\/gastrolux-evo-padella-alta-induzione-26-cm-manico-rimovibile.jpg?ssl=1"},{"@type":"BreadcrumbList","@id":"https:\/\/dev6.erresse-shop.it\/es\/shop\/sartenes-y-ollas\/gastrolux-evo-sarten-alta-induccion-26-cm-mango-extraible\/#breadcrumb","itemListElement":[{"@type":"ListItem","position":1,"name":"Home","item":"https:\/\/dev6.erresse-shop.it\/"},{"@type":"ListItem","position":2,"name":"Tienda","item":"https:\/\/dev6.erresse-shop.it\/shop\/"},{"@type":"ListItem","position":3,"name":"GASTROLUX Evo Sart\u00e9n Alta Inducci\u00f3n 26 cm Mango Extra\u00edble"}]},{"@type":"WebSite","@id":"https:\/\/dev6.erresse-shop.it\/#website","url":"https:\/\/dev6.erresse-shop.it\/","name":"Erresse Shop","description":"","publisher":{"@id":"https:\/\/dev6.erresse-shop.it\/#organization"},"potentialAction":[{"@type":"SearchAction","target":{"@type":"EntryPoint","urlTemplate":"https:\/\/dev6.erresse-shop.it\/?s={search_term_string}"},"query-input":{"@type":"PropertyValueSpecification","valueRequired":true,"valueName":"search_term_string"}}],"inLanguage":"es"},{"@type":"Organization","@id":"https:\/\/dev6.erresse-shop.it\/#organization","name":"Erresse Shop","url":"https:\/\/dev6.erresse-shop.it\/","logo":{"@type":"ImageObject","inLanguage":"es","@id":"https:\/\/dev6.erresse-shop.it\/#\/schema\/logo\/image\/","url":"https:\/\/dev6.erresse-shop.it\/wp-content\/uploads\/2025\/01\/LOGO-ERRESSE-CLASSICO.svg","contentUrl":"https:\/\/dev6.erresse-shop.it\/wp-content\/uploads\/2025\/01\/LOGO-ERRESSE-CLASSICO.svg","caption":"Erresse Shop"},"image":{"@id":"https:\/\/dev6.erresse-shop.it\/#\/schema\/logo\/image\/"}}]}},"df_price":112.95,"df_sale_price":112.95,"df_regular_price":159,"df_image_link":"https:\/\/i0.wp.com\/interpim.erresse-shop.it\/wp-content\/uploads\/2025\/04\/GASTROLUX-Evo-Padella-Alta-Induzione-26-cm-Manico-Rimovibile.jpg\/gastrolux-evo-padella-alta-induzione-26-cm-manico-rimovibile.jpg?resize=300,300&ssl=1","fifu_image_url":"https:\/\/interpim.erresse-shop.it\/wp-content\/uploads\/2025\/04\/GASTROLUX-Evo-Padella-Alta-Induzione-26-cm-Manico-Rimovibile.jpg\/gastrolux-evo-padella-alta-induzione-26-cm-manico-rimovibile.jpg","_links":{"self":[{"href":"https:\/\/dev6.erresse-shop.it\/es\/wp-json\/wp\/v2\/product\/2311167","targetHints":{"allow":["GET"]}}],"collection":[{"href":"https:\/\/dev6.erresse-shop.it\/es\/wp-json\/wp\/v2\/product"}],"about":[{"href":"https:\/\/dev6.erresse-shop.it\/es\/wp-json\/wp\/v2\/types\/product"}],"wp:featuredmedia":[{"embeddable":true,"href":"https:\/\/dev6.erresse-shop.it\/es\/wp-json\/wp\/v2\/media\/6297267"}],"wp:attachment":[{"href":"https:\/\/dev6.erresse-shop.it\/es\/wp-json\/wp\/v2\/media?parent=2311167"}],"wp:term":[{"taxonomy":"product_cat","embeddable":true,"href":"https:\/\/dev6.erresse-shop.it\/es\/wp-json\/wp\/v2\/product_cat?post=2311167"},{"taxonomy":"product_tag","embeddable":true,"href":"https:\/\/dev6.erresse-shop.it\/es\/wp-json\/wp\/v2\/product_tag?post=2311167"}],"curies":[{"name":"wp","href":"https:\/\/api.w.org\/{rel}","templated":true}]}}