{"id":2311145,"date":"2026-04-12T14:23:10","date_gmt":"2026-04-12T12:23:10","guid":{"rendered":"https:\/\/dev6.erresse-shop.it\/shop\/sin%20categor\u00eda\/villeroy-boch-travertine-bandeja-para-servir-28-cm\/"},"modified":"2025-07-05T02:30:59","modified_gmt":"2025-07-05T00:30:59","slug":"villeroy-boch-travertine-bandeja-para-servir-28-cm","status":"publish","type":"product","link":"https:\/\/dev6.erresse-shop.it\/es\/shop\/tabla\/bandejas\/villeroy-boch-travertine-bandeja-para-servir-28-cm\/","title":{"rendered":"VILLEROY &#038; BOCH Travertine Bandeja para servir 28 cm"},"content":{"rendered":"<p>Bandeja para servir<\/p>\n<p>Con unas dimensiones de 40,5 cm x 28,2 cm, esta bandeja es ideal para servir aperitivos, platos principales o snacks.<br \/>\nPerfecta para socializar: Ideal para servir aperitivos y quesos con estilo en momentos de relax o fiestas.<br \/>\nLa aut\u00e9ntica belleza del travertino: Cada producto es \u00fanico, caracterizado por las caracter\u00edsticas naturales de la piedra y perfeccionado artesanalmente: una aut\u00e9ntica pieza de la naturaleza para detalles especiales.<\/p>\n<p>Material: Terracota<br \/>\nSe recomienda lavar a mano<br \/>\nApto para microondas: no<\/p>\n<p>Dimensiones:<\/p>\n<p>Longitud:405 mm<br \/>\nAncho:282 mm<br \/>\nAltura: 17 mm<br \/>\nPeso: 2790 g<\/p>\n","protected":false},"excerpt":{"rendered":"<p>Bandeja para servir Con unas dimensiones de 40,5 cm x 28,2 cm, esta bandeja es ideal para servir aperitivos, platos principales o snacks. Perfecta para socializar: Ideal para servir aperitivos y quesos con estilo en momentos de relax o fiestas. La aut\u00e9ntica belleza del travertino: Cada producto es \u00fanico, caracterizado por las caracter\u00edsticas naturales de [&hellip;]<\/p>\n","protected":false},"featured_media":6380507,"template":"","meta":{"_acf_changed":false},"product_cat":[11896,11887],"product_tag":[],"class_list":{"0":"post-2311145","1":"product","2":"type-product","3":"status-publish","4":"has-post-thumbnail","6":"product_cat-bandejas","7":"product_cat-tabla","9":"first","10":"instock","11":"taxable","12":"shipping-taxable","13":"product-type-simple","swatches":"rey-swatches","show_selected":"","stretch_labels":"rey-swatches--stretch-labels"},"acf":[],"yoast_head":"<!-- This site is optimized with the Yoast SEO plugin v25.4 - https:\/\/yoast.com\/wordpress\/plugins\/seo\/ -->\n<title>VILLEROY &#038; BOCH Travertine Bandeja para servir 28 cm - dev6 Erresse<\/title>\n<meta name=\"description\" content=\"Bandeja para servir Con unas dimensiones de 40,5 cm x 28,2 cm, esta bandeja es ideal para servir aperitivos, platos principales o snacks. Perfecta para\" \/>\n<meta name=\"robots\" content=\"noindex, follow, max-snippet:-1, max-image-preview:large, max-video-preview:-1\" \/>\n<meta property=\"og:locale\" content=\"es_ES\" \/>\n<meta property=\"og:type\" content=\"article\" \/>\n<meta property=\"og:title\" content=\"VILLEROY &#038; BOCH Travertine Bandeja para servir 28 cm - dev6 Erresse\" \/>\n<meta property=\"og:description\" content=\"Bandeja para servir Con unas dimensiones de 40,5 cm x 28,2 cm, esta bandeja es ideal para servir aperitivos, platos principales o snacks. Perfecta para\" \/>\n<meta property=\"og:url\" content=\"https:\/\/dev6.erresse-shop.it\/es\/shop\/tabla\/bandejas\/villeroy-boch-travertine-bandeja-para-servir-28-cm\/\" \/>\n<meta property=\"og:site_name\" content=\"dev6 Erresse\" \/>\n<meta property=\"og:image\" content=\"https:\/\/interpim.erresse-shop.it\/wp-content\/uploads\/2025\/05\/VILLEROY-BOCH-Travertine-Vassoio-da-Portata-28-cm.jpg\/villeroy-boch-travertine-vassoio-da-portata-28-cm.jpg\" \/><meta property=\"og:image\" content=\"https:\/\/interpim.erresse-shop.it\/wp-content\/uploads\/2025\/05\/VILLEROY-BOCH-Travertine-Vassoio-da-Portata-28-cm.jpg\/villeroy-boch-travertine-vassoio-da-portata-28-cm.jpg\" \/>\n\t<meta property=\"og:image:width\" content=\"1024\" \/>\n\t<meta property=\"og:image:height\" content=\"1024\" \/>\n\t<meta property=\"og:image:type\" content=\"image\/jpeg\" \/>\n<meta name=\"twitter:card\" content=\"summary_large_image\" \/>\n<meta name=\"twitter:image\" content=\"https:\/\/interpim.erresse-shop.it\/wp-content\/uploads\/2025\/05\/VILLEROY-BOCH-Travertine-Vassoio-da-Portata-28-cm.jpg\/villeroy-boch-travertine-vassoio-da-portata-28-cm.jpg\" \/>\n<script type=\"application\/ld+json\" class=\"yoast-schema-graph\">{\"@context\":\"https:\/\/schema.org\",\"@graph\":[{\"@type\":\"WebPage\",\"@id\":\"https:\/\/dev6.erresse-shop.it\/es\/shop\/tabla\/bandejas\/villeroy-boch-travertine-bandeja-para-servir-28-cm\/\",\"url\":\"https:\/\/dev6.erresse-shop.it\/es\/shop\/tabla\/bandejas\/villeroy-boch-travertine-bandeja-para-servir-28-cm\/\",\"name\":\"VILLEROY &#038; BOCH Travertine Bandeja para servir 28 cm - dev6 Erresse\",\"isPartOf\":{\"@id\":\"https:\/\/dev6.erresse-shop.it\/#website\"},\"primaryImageOfPage\":{\"@id\":\"https:\/\/dev6.erresse-shop.it\/es\/shop\/tabla\/bandejas\/villeroy-boch-travertine-bandeja-para-servir-28-cm\/#primaryimage\"},\"image\":{\"@id\":\"https:\/\/dev6.erresse-shop.it\/es\/shop\/tabla\/bandejas\/villeroy-boch-travertine-bandeja-para-servir-28-cm\/#primaryimage\"},\"thumbnailUrl\":\"https:\/\/i2.wp.com\/interpim.erresse-shop.it\/wp-content\/uploads\/2025\/05\/VILLEROY-BOCH-Travertine-Vassoio-da-Portata-28-cm.jpg\/villeroy-boch-travertine-vassoio-da-portata-28-cm.jpg?ssl=1\",\"datePublished\":\"2026-04-12T12:23:10+00:00\",\"description\":\"Bandeja para servir Con unas dimensiones de 40,5 cm x 28,2 cm, esta bandeja es ideal para servir aperitivos, platos principales o snacks. Perfecta para\",\"breadcrumb\":{\"@id\":\"https:\/\/dev6.erresse-shop.it\/es\/shop\/tabla\/bandejas\/villeroy-boch-travertine-bandeja-para-servir-28-cm\/#breadcrumb\"},\"inLanguage\":\"es\",\"potentialAction\":[{\"@type\":\"ReadAction\",\"target\":[\"https:\/\/dev6.erresse-shop.it\/es\/shop\/tabla\/bandejas\/villeroy-boch-travertine-bandeja-para-servir-28-cm\/\"]}]},{\"@type\":\"ImageObject\",\"inLanguage\":\"es\",\"@id\":\"https:\/\/dev6.erresse-shop.it\/es\/shop\/tabla\/bandejas\/villeroy-boch-travertine-bandeja-para-servir-28-cm\/#primaryimage\",\"url\":\"https:\/\/i2.wp.com\/interpim.erresse-shop.it\/wp-content\/uploads\/2025\/05\/VILLEROY-BOCH-Travertine-Vassoio-da-Portata-28-cm.jpg\/villeroy-boch-travertine-vassoio-da-portata-28-cm.jpg?ssl=1\",\"contentUrl\":\"https:\/\/i2.wp.com\/interpim.erresse-shop.it\/wp-content\/uploads\/2025\/05\/VILLEROY-BOCH-Travertine-Vassoio-da-Portata-28-cm.jpg\/villeroy-boch-travertine-vassoio-da-portata-28-cm.jpg?ssl=1\"},{\"@type\":\"BreadcrumbList\",\"@id\":\"https:\/\/dev6.erresse-shop.it\/es\/shop\/tabla\/bandejas\/villeroy-boch-travertine-bandeja-para-servir-28-cm\/#breadcrumb\",\"itemListElement\":[{\"@type\":\"ListItem\",\"position\":1,\"name\":\"Home\",\"item\":\"https:\/\/dev6.erresse-shop.it\/\"},{\"@type\":\"ListItem\",\"position\":2,\"name\":\"Tienda\",\"item\":\"https:\/\/dev6.erresse-shop.it\/shop\/\"},{\"@type\":\"ListItem\",\"position\":3,\"name\":\"VILLEROY &#038; BOCH Travertine Bandeja para servir 28 cm\"}]},{\"@type\":\"WebSite\",\"@id\":\"https:\/\/dev6.erresse-shop.it\/#website\",\"url\":\"https:\/\/dev6.erresse-shop.it\/\",\"name\":\"Erresse Shop\",\"description\":\"\",\"publisher\":{\"@id\":\"https:\/\/dev6.erresse-shop.it\/#organization\"},\"potentialAction\":[{\"@type\":\"SearchAction\",\"target\":{\"@type\":\"EntryPoint\",\"urlTemplate\":\"https:\/\/dev6.erresse-shop.it\/?s={search_term_string}\"},\"query-input\":{\"@type\":\"PropertyValueSpecification\",\"valueRequired\":true,\"valueName\":\"search_term_string\"}}],\"inLanguage\":\"es\"},{\"@type\":\"Organization\",\"@id\":\"https:\/\/dev6.erresse-shop.it\/#organization\",\"name\":\"Erresse Shop\",\"url\":\"https:\/\/dev6.erresse-shop.it\/\",\"logo\":{\"@type\":\"ImageObject\",\"inLanguage\":\"es\",\"@id\":\"https:\/\/dev6.erresse-shop.it\/#\/schema\/logo\/image\/\",\"url\":\"https:\/\/dev6.erresse-shop.it\/wp-content\/uploads\/2025\/01\/LOGO-ERRESSE-CLASSICO.svg\",\"contentUrl\":\"https:\/\/dev6.erresse-shop.it\/wp-content\/uploads\/2025\/01\/LOGO-ERRESSE-CLASSICO.svg\",\"caption\":\"Erresse Shop\"},\"image\":{\"@id\":\"https:\/\/dev6.erresse-shop.it\/#\/schema\/logo\/image\/\"}}]}<\/script>\n<!-- \/ Yoast SEO plugin. -->","yoast_head_json":{"title":"VILLEROY &#038; BOCH Travertine Bandeja para servir 28 cm - dev6 Erresse","description":"Bandeja para servir Con unas dimensiones de 40,5 cm x 28,2 cm, esta bandeja es ideal para servir aperitivos, platos principales o snacks. Perfecta para","robots":{"index":"noindex","follow":"follow","max-snippet":"max-snippet:-1","max-image-preview":"max-image-preview:large","max-video-preview":"max-video-preview:-1"},"og_locale":"es_ES","og_type":"article","og_title":"VILLEROY &#038; BOCH Travertine Bandeja para servir 28 cm - dev6 Erresse","og_description":"Bandeja para servir Con unas dimensiones de 40,5 cm x 28,2 cm, esta bandeja es ideal para servir aperitivos, platos principales o snacks. Perfecta para","og_url":"https:\/\/dev6.erresse-shop.it\/es\/shop\/tabla\/bandejas\/villeroy-boch-travertine-bandeja-para-servir-28-cm\/","og_site_name":"dev6 Erresse","og_image":[{"url":"https:\/\/interpim.erresse-shop.it\/wp-content\/uploads\/2025\/05\/VILLEROY-BOCH-Travertine-Vassoio-da-Portata-28-cm.jpg\/villeroy-boch-travertine-vassoio-da-portata-28-cm.jpg","type":"","width":"","height":""},{"url":"https:\/\/interpim.erresse-shop.it\/wp-content\/uploads\/2025\/05\/VILLEROY-BOCH-Travertine-Vassoio-da-Portata-28-cm.jpg\/villeroy-boch-travertine-vassoio-da-portata-28-cm.jpg","width":1024,"height":1024,"type":"image\/jpeg"}],"twitter_card":"summary_large_image","twitter_image":"https:\/\/interpim.erresse-shop.it\/wp-content\/uploads\/2025\/05\/VILLEROY-BOCH-Travertine-Vassoio-da-Portata-28-cm.jpg\/villeroy-boch-travertine-vassoio-da-portata-28-cm.jpg","schema":{"@context":"https:\/\/schema.org","@graph":[{"@type":"WebPage","@id":"https:\/\/dev6.erresse-shop.it\/es\/shop\/tabla\/bandejas\/villeroy-boch-travertine-bandeja-para-servir-28-cm\/","url":"https:\/\/dev6.erresse-shop.it\/es\/shop\/tabla\/bandejas\/villeroy-boch-travertine-bandeja-para-servir-28-cm\/","name":"VILLEROY &#038; BOCH Travertine Bandeja para servir 28 cm - dev6 Erresse","isPartOf":{"@id":"https:\/\/dev6.erresse-shop.it\/#website"},"primaryImageOfPage":{"@id":"https:\/\/dev6.erresse-shop.it\/es\/shop\/tabla\/bandejas\/villeroy-boch-travertine-bandeja-para-servir-28-cm\/#primaryimage"},"image":{"@id":"https:\/\/dev6.erresse-shop.it\/es\/shop\/tabla\/bandejas\/villeroy-boch-travertine-bandeja-para-servir-28-cm\/#primaryimage"},"thumbnailUrl":"https:\/\/i2.wp.com\/interpim.erresse-shop.it\/wp-content\/uploads\/2025\/05\/VILLEROY-BOCH-Travertine-Vassoio-da-Portata-28-cm.jpg\/villeroy-boch-travertine-vassoio-da-portata-28-cm.jpg?ssl=1","datePublished":"2026-04-12T12:23:10+00:00","description":"Bandeja para servir Con unas dimensiones de 40,5 cm x 28,2 cm, esta bandeja es ideal para servir aperitivos, platos principales o snacks. Perfecta para","breadcrumb":{"@id":"https:\/\/dev6.erresse-shop.it\/es\/shop\/tabla\/bandejas\/villeroy-boch-travertine-bandeja-para-servir-28-cm\/#breadcrumb"},"inLanguage":"es","potentialAction":[{"@type":"ReadAction","target":["https:\/\/dev6.erresse-shop.it\/es\/shop\/tabla\/bandejas\/villeroy-boch-travertine-bandeja-para-servir-28-cm\/"]}]},{"@type":"ImageObject","inLanguage":"es","@id":"https:\/\/dev6.erresse-shop.it\/es\/shop\/tabla\/bandejas\/villeroy-boch-travertine-bandeja-para-servir-28-cm\/#primaryimage","url":"https:\/\/i2.wp.com\/interpim.erresse-shop.it\/wp-content\/uploads\/2025\/05\/VILLEROY-BOCH-Travertine-Vassoio-da-Portata-28-cm.jpg\/villeroy-boch-travertine-vassoio-da-portata-28-cm.jpg?ssl=1","contentUrl":"https:\/\/i2.wp.com\/interpim.erresse-shop.it\/wp-content\/uploads\/2025\/05\/VILLEROY-BOCH-Travertine-Vassoio-da-Portata-28-cm.jpg\/villeroy-boch-travertine-vassoio-da-portata-28-cm.jpg?ssl=1"},{"@type":"BreadcrumbList","@id":"https:\/\/dev6.erresse-shop.it\/es\/shop\/tabla\/bandejas\/villeroy-boch-travertine-bandeja-para-servir-28-cm\/#breadcrumb","itemListElement":[{"@type":"ListItem","position":1,"name":"Home","item":"https:\/\/dev6.erresse-shop.it\/"},{"@type":"ListItem","position":2,"name":"Tienda","item":"https:\/\/dev6.erresse-shop.it\/shop\/"},{"@type":"ListItem","position":3,"name":"VILLEROY &#038; BOCH Travertine Bandeja para servir 28 cm"}]},{"@type":"WebSite","@id":"https:\/\/dev6.erresse-shop.it\/#website","url":"https:\/\/dev6.erresse-shop.it\/","name":"Erresse Shop","description":"","publisher":{"@id":"https:\/\/dev6.erresse-shop.it\/#organization"},"potentialAction":[{"@type":"SearchAction","target":{"@type":"EntryPoint","urlTemplate":"https:\/\/dev6.erresse-shop.it\/?s={search_term_string}"},"query-input":{"@type":"PropertyValueSpecification","valueRequired":true,"valueName":"search_term_string"}}],"inLanguage":"es"},{"@type":"Organization","@id":"https:\/\/dev6.erresse-shop.it\/#organization","name":"Erresse Shop","url":"https:\/\/dev6.erresse-shop.it\/","logo":{"@type":"ImageObject","inLanguage":"es","@id":"https:\/\/dev6.erresse-shop.it\/#\/schema\/logo\/image\/","url":"https:\/\/dev6.erresse-shop.it\/wp-content\/uploads\/2025\/01\/LOGO-ERRESSE-CLASSICO.svg","contentUrl":"https:\/\/dev6.erresse-shop.it\/wp-content\/uploads\/2025\/01\/LOGO-ERRESSE-CLASSICO.svg","caption":"Erresse Shop"},"image":{"@id":"https:\/\/dev6.erresse-shop.it\/#\/schema\/logo\/image\/"}}]}},"df_price":"","df_sale_price":"","df_regular_price":"","df_image_link":"https:\/\/i2.wp.com\/interpim.erresse-shop.it\/wp-content\/uploads\/2025\/05\/VILLEROY-BOCH-Travertine-Vassoio-da-Portata-28-cm.jpg\/villeroy-boch-travertine-vassoio-da-portata-28-cm.jpg?resize=300,300&ssl=1","fifu_image_url":"https:\/\/interpim.erresse-shop.it\/wp-content\/uploads\/2025\/05\/VILLEROY-BOCH-Travertine-Vassoio-da-Portata-28-cm.jpg\/villeroy-boch-travertine-vassoio-da-portata-28-cm.jpg","_links":{"self":[{"href":"https:\/\/dev6.erresse-shop.it\/es\/wp-json\/wp\/v2\/product\/2311145","targetHints":{"allow":["GET"]}}],"collection":[{"href":"https:\/\/dev6.erresse-shop.it\/es\/wp-json\/wp\/v2\/product"}],"about":[{"href":"https:\/\/dev6.erresse-shop.it\/es\/wp-json\/wp\/v2\/types\/product"}],"wp:featuredmedia":[{"embeddable":true,"href":"https:\/\/dev6.erresse-shop.it\/es\/wp-json\/wp\/v2\/media\/6380507"}],"wp:attachment":[{"href":"https:\/\/dev6.erresse-shop.it\/es\/wp-json\/wp\/v2\/media?parent=2311145"}],"wp:term":[{"taxonomy":"product_cat","embeddable":true,"href":"https:\/\/dev6.erresse-shop.it\/es\/wp-json\/wp\/v2\/product_cat?post=2311145"},{"taxonomy":"product_tag","embeddable":true,"href":"https:\/\/dev6.erresse-shop.it\/es\/wp-json\/wp\/v2\/product_tag?post=2311145"}],"curies":[{"name":"wp","href":"https:\/\/api.w.org\/{rel}","templated":true}]}}