{"id":2311125,"date":"2026-04-04T14:20:37","date_gmt":"2026-04-04T12:20:37","guid":{"rendered":"https:\/\/dev6.erresse-shop.it\/shop\/sin%20categor\u00eda\/villeroy-boch-vieux-luxembourg-set-de-6-platillos-para-taza-de-te\/"},"modified":"2026-02-05T18:39:59","modified_gmt":"2026-02-05T17:39:59","slug":"villeroy-boch-vieux-luxembourg-set-de-6-platillos-para-taza-de-te","status":"publish","type":"product","link":"https:\/\/dev6.erresse-shop.it\/es\/shop\/tabla\/tazas\/villeroy-boch-vieux-luxembourg-set-de-6-platillos-para-taza-de-te\/","title":{"rendered":"VILLEROY &#038; BOCH Vieux Luxembourg Set de 6 platillos para taza de t\u00e9"},"content":{"rendered":"<p class=\"p1\">Set de taza y platillo de t\u00e9<br \/>\nA\u00f1ade un toque de elegancia a tu mesa con el set de 6 platillos para taza de t\u00e9 en porcelana blanca premium. Cada platillo est\u00e1 adornado con delicadas decoraciones de refinadas ramitas de flores de color azul cobalto, que le dan un aire de clase y sofisticaci\u00f3n. Fabricados con materiales de alta calidad, estos platos son duraderos e ideales para el uso diario o para ocasiones especiales. Perfectas para acompa\u00f1ar tus tazas de t\u00e9, se adaptan con estilo a cualquier decoraci\u00f3n, haciendo cada momento del t\u00e9 a\u00fan m\u00e1s especial. Una gran idea de regalo para los amantes de la ceremonia del t\u00e9.<\/p>\n<p>Material: Porcelana de primera calidad<br \/>\nDimensiones: \u00d815,8 x H. 2 cm<br \/>\nApto para lavavajillas: s\u00ed<br \/>\nApto para microondas: s\u00ed<\/p>\n","protected":false},"excerpt":{"rendered":"<p>Set de taza y platillo de t\u00e9 A\u00f1ade un toque de elegancia a tu mesa con el set de 6 platillos para taza de t\u00e9 en porcelana blanca premium. Cada platillo est\u00e1 adornado con delicadas decoraciones de refinadas ramitas de flores de color azul cobalto, que le dan un aire de clase y sofisticaci\u00f3n. Fabricados [&hellip;]<\/p>\n","protected":false},"featured_media":6297184,"template":"","meta":{"_acf_changed":false},"product_cat":[11887,11905],"product_tag":[],"class_list":{"0":"post-2311125","1":"product","2":"type-product","3":"status-publish","4":"has-post-thumbnail","6":"product_cat-tabla","7":"product_cat-tazas","9":"first","10":"instock","11":"sale","12":"taxable","13":"shipping-taxable","14":"purchasable","15":"product-type-simple","swatches":"rey-swatches","show_selected":"","stretch_labels":"rey-swatches--stretch-labels"},"acf":[],"yoast_head":"<!-- This site is optimized with the Yoast SEO plugin v25.4 - https:\/\/yoast.com\/wordpress\/plugins\/seo\/ -->\n<title>VILLEROY &#038; BOCH Vieux Luxembourg Set de 6 platillos para taza de t\u00e9 - dev6 Erresse<\/title>\n<meta name=\"description\" content=\"Set de taza y platillo de t\u00e9 A\u00f1ade un toque de elegancia a tu mesa con el set de 6 platillos para taza de t\u00e9 en porcelana blanca premium. Cada platillo\" \/>\n<meta name=\"robots\" content=\"noindex, follow, max-snippet:-1, max-image-preview:large, max-video-preview:-1\" \/>\n<meta property=\"og:locale\" content=\"es_ES\" \/>\n<meta property=\"og:type\" content=\"article\" \/>\n<meta property=\"og:title\" content=\"VILLEROY &#038; BOCH Vieux Luxembourg Set de 6 platillos para taza de t\u00e9 - dev6 Erresse\" \/>\n<meta property=\"og:description\" content=\"Set de taza y platillo de t\u00e9 A\u00f1ade un toque de elegancia a tu mesa con el set de 6 platillos para taza de t\u00e9 en porcelana blanca premium. Cada platillo\" \/>\n<meta property=\"og:url\" content=\"https:\/\/dev6.erresse-shop.it\/es\/shop\/tabla\/tazas\/villeroy-boch-vieux-luxembourg-set-de-6-platillos-para-taza-de-te\/\" \/>\n<meta property=\"og:site_name\" content=\"dev6 Erresse\" \/>\n<meta property=\"og:image\" content=\"https:\/\/interpim.erresse-shop.it\/wp-content\/uploads\/2025\/04\/VILLEROY-BOCH-Vieux-Luxembourg-Set-6-Piattini-per-Tazze-Te.jpg\/villeroy-boch-vieux-luxembourg-set-6-piattini-per-tazze-te.jpg\" \/><meta property=\"og:image\" content=\"https:\/\/interpim.erresse-shop.it\/wp-content\/uploads\/2025\/04\/VILLEROY-BOCH-Vieux-Luxembourg-Set-6-Piattini-per-Tazze-Te.jpg\/villeroy-boch-vieux-luxembourg-set-6-piattini-per-tazze-te.jpg\" \/>\n\t<meta property=\"og:image:width\" content=\"1024\" \/>\n\t<meta property=\"og:image:height\" content=\"1024\" \/>\n\t<meta property=\"og:image:type\" content=\"image\/jpeg\" \/>\n<meta name=\"twitter:card\" content=\"summary_large_image\" \/>\n<meta name=\"twitter:image\" content=\"https:\/\/interpim.erresse-shop.it\/wp-content\/uploads\/2025\/04\/VILLEROY-BOCH-Vieux-Luxembourg-Set-6-Piattini-per-Tazze-Te.jpg\/villeroy-boch-vieux-luxembourg-set-6-piattini-per-tazze-te.jpg\" \/>\n<script type=\"application\/ld+json\" class=\"yoast-schema-graph\">{\"@context\":\"https:\/\/schema.org\",\"@graph\":[{\"@type\":\"WebPage\",\"@id\":\"https:\/\/dev6.erresse-shop.it\/es\/shop\/tabla\/tazas\/villeroy-boch-vieux-luxembourg-set-de-6-platillos-para-taza-de-te\/\",\"url\":\"https:\/\/dev6.erresse-shop.it\/es\/shop\/tabla\/tazas\/villeroy-boch-vieux-luxembourg-set-de-6-platillos-para-taza-de-te\/\",\"name\":\"VILLEROY &#038; BOCH Vieux Luxembourg Set de 6 platillos para taza de t\u00e9 - dev6 Erresse\",\"isPartOf\":{\"@id\":\"https:\/\/dev6.erresse-shop.it\/#website\"},\"primaryImageOfPage\":{\"@id\":\"https:\/\/dev6.erresse-shop.it\/es\/shop\/tabla\/tazas\/villeroy-boch-vieux-luxembourg-set-de-6-platillos-para-taza-de-te\/#primaryimage\"},\"image\":{\"@id\":\"https:\/\/dev6.erresse-shop.it\/es\/shop\/tabla\/tazas\/villeroy-boch-vieux-luxembourg-set-de-6-platillos-para-taza-de-te\/#primaryimage\"},\"thumbnailUrl\":\"https:\/\/i3.wp.com\/interpim.erresse-shop.it\/wp-content\/uploads\/2025\/04\/VILLEROY-BOCH-Vieux-Luxembourg-Set-6-Piattini-per-Tazze-Te.jpg\/villeroy-boch-vieux-luxembourg-set-6-piattini-per-tazze-te.jpg?ssl=1\",\"datePublished\":\"2026-04-04T12:20:37+00:00\",\"description\":\"Set de taza y platillo de t\u00e9 A\u00f1ade un toque de elegancia a tu mesa con el set de 6 platillos para taza de t\u00e9 en porcelana blanca premium. Cada platillo\",\"breadcrumb\":{\"@id\":\"https:\/\/dev6.erresse-shop.it\/es\/shop\/tabla\/tazas\/villeroy-boch-vieux-luxembourg-set-de-6-platillos-para-taza-de-te\/#breadcrumb\"},\"inLanguage\":\"es\",\"potentialAction\":[{\"@type\":\"ReadAction\",\"target\":[\"https:\/\/dev6.erresse-shop.it\/es\/shop\/tabla\/tazas\/villeroy-boch-vieux-luxembourg-set-de-6-platillos-para-taza-de-te\/\"]}]},{\"@type\":\"ImageObject\",\"inLanguage\":\"es\",\"@id\":\"https:\/\/dev6.erresse-shop.it\/es\/shop\/tabla\/tazas\/villeroy-boch-vieux-luxembourg-set-de-6-platillos-para-taza-de-te\/#primaryimage\",\"url\":\"https:\/\/i3.wp.com\/interpim.erresse-shop.it\/wp-content\/uploads\/2025\/04\/VILLEROY-BOCH-Vieux-Luxembourg-Set-6-Piattini-per-Tazze-Te.jpg\/villeroy-boch-vieux-luxembourg-set-6-piattini-per-tazze-te.jpg?ssl=1\",\"contentUrl\":\"https:\/\/i3.wp.com\/interpim.erresse-shop.it\/wp-content\/uploads\/2025\/04\/VILLEROY-BOCH-Vieux-Luxembourg-Set-6-Piattini-per-Tazze-Te.jpg\/villeroy-boch-vieux-luxembourg-set-6-piattini-per-tazze-te.jpg?ssl=1\"},{\"@type\":\"BreadcrumbList\",\"@id\":\"https:\/\/dev6.erresse-shop.it\/es\/shop\/tabla\/tazas\/villeroy-boch-vieux-luxembourg-set-de-6-platillos-para-taza-de-te\/#breadcrumb\",\"itemListElement\":[{\"@type\":\"ListItem\",\"position\":1,\"name\":\"Home\",\"item\":\"https:\/\/dev6.erresse-shop.it\/\"},{\"@type\":\"ListItem\",\"position\":2,\"name\":\"Tienda\",\"item\":\"https:\/\/dev6.erresse-shop.it\/shop\/\"},{\"@type\":\"ListItem\",\"position\":3,\"name\":\"VILLEROY &#038; BOCH Vieux Luxembourg Set de 6 platillos para taza de t\u00e9\"}]},{\"@type\":\"WebSite\",\"@id\":\"https:\/\/dev6.erresse-shop.it\/#website\",\"url\":\"https:\/\/dev6.erresse-shop.it\/\",\"name\":\"Erresse Shop\",\"description\":\"\",\"publisher\":{\"@id\":\"https:\/\/dev6.erresse-shop.it\/#organization\"},\"potentialAction\":[{\"@type\":\"SearchAction\",\"target\":{\"@type\":\"EntryPoint\",\"urlTemplate\":\"https:\/\/dev6.erresse-shop.it\/?s={search_term_string}\"},\"query-input\":{\"@type\":\"PropertyValueSpecification\",\"valueRequired\":true,\"valueName\":\"search_term_string\"}}],\"inLanguage\":\"es\"},{\"@type\":\"Organization\",\"@id\":\"https:\/\/dev6.erresse-shop.it\/#organization\",\"name\":\"Erresse Shop\",\"url\":\"https:\/\/dev6.erresse-shop.it\/\",\"logo\":{\"@type\":\"ImageObject\",\"inLanguage\":\"es\",\"@id\":\"https:\/\/dev6.erresse-shop.it\/#\/schema\/logo\/image\/\",\"url\":\"https:\/\/dev6.erresse-shop.it\/wp-content\/uploads\/2025\/01\/LOGO-ERRESSE-CLASSICO.svg\",\"contentUrl\":\"https:\/\/dev6.erresse-shop.it\/wp-content\/uploads\/2025\/01\/LOGO-ERRESSE-CLASSICO.svg\",\"caption\":\"Erresse Shop\"},\"image\":{\"@id\":\"https:\/\/dev6.erresse-shop.it\/#\/schema\/logo\/image\/\"}}]}<\/script>\n<!-- \/ Yoast SEO plugin. -->","yoast_head_json":{"title":"VILLEROY &#038; BOCH Vieux Luxembourg Set de 6 platillos para taza de t\u00e9 - dev6 Erresse","description":"Set de taza y platillo de t\u00e9 A\u00f1ade un toque de elegancia a tu mesa con el set de 6 platillos para taza de t\u00e9 en porcelana blanca premium. Cada platillo","robots":{"index":"noindex","follow":"follow","max-snippet":"max-snippet:-1","max-image-preview":"max-image-preview:large","max-video-preview":"max-video-preview:-1"},"og_locale":"es_ES","og_type":"article","og_title":"VILLEROY &#038; BOCH Vieux Luxembourg Set de 6 platillos para taza de t\u00e9 - dev6 Erresse","og_description":"Set de taza y platillo de t\u00e9 A\u00f1ade un toque de elegancia a tu mesa con el set de 6 platillos para taza de t\u00e9 en porcelana blanca premium. Cada platillo","og_url":"https:\/\/dev6.erresse-shop.it\/es\/shop\/tabla\/tazas\/villeroy-boch-vieux-luxembourg-set-de-6-platillos-para-taza-de-te\/","og_site_name":"dev6 Erresse","og_image":[{"url":"https:\/\/interpim.erresse-shop.it\/wp-content\/uploads\/2025\/04\/VILLEROY-BOCH-Vieux-Luxembourg-Set-6-Piattini-per-Tazze-Te.jpg\/villeroy-boch-vieux-luxembourg-set-6-piattini-per-tazze-te.jpg","type":"","width":"","height":""},{"url":"https:\/\/interpim.erresse-shop.it\/wp-content\/uploads\/2025\/04\/VILLEROY-BOCH-Vieux-Luxembourg-Set-6-Piattini-per-Tazze-Te.jpg\/villeroy-boch-vieux-luxembourg-set-6-piattini-per-tazze-te.jpg","width":1024,"height":1024,"type":"image\/jpeg"}],"twitter_card":"summary_large_image","twitter_image":"https:\/\/interpim.erresse-shop.it\/wp-content\/uploads\/2025\/04\/VILLEROY-BOCH-Vieux-Luxembourg-Set-6-Piattini-per-Tazze-Te.jpg\/villeroy-boch-vieux-luxembourg-set-6-piattini-per-tazze-te.jpg","schema":{"@context":"https:\/\/schema.org","@graph":[{"@type":"WebPage","@id":"https:\/\/dev6.erresse-shop.it\/es\/shop\/tabla\/tazas\/villeroy-boch-vieux-luxembourg-set-de-6-platillos-para-taza-de-te\/","url":"https:\/\/dev6.erresse-shop.it\/es\/shop\/tabla\/tazas\/villeroy-boch-vieux-luxembourg-set-de-6-platillos-para-taza-de-te\/","name":"VILLEROY &#038; BOCH Vieux Luxembourg Set de 6 platillos para taza de t\u00e9 - dev6 Erresse","isPartOf":{"@id":"https:\/\/dev6.erresse-shop.it\/#website"},"primaryImageOfPage":{"@id":"https:\/\/dev6.erresse-shop.it\/es\/shop\/tabla\/tazas\/villeroy-boch-vieux-luxembourg-set-de-6-platillos-para-taza-de-te\/#primaryimage"},"image":{"@id":"https:\/\/dev6.erresse-shop.it\/es\/shop\/tabla\/tazas\/villeroy-boch-vieux-luxembourg-set-de-6-platillos-para-taza-de-te\/#primaryimage"},"thumbnailUrl":"https:\/\/i3.wp.com\/interpim.erresse-shop.it\/wp-content\/uploads\/2025\/04\/VILLEROY-BOCH-Vieux-Luxembourg-Set-6-Piattini-per-Tazze-Te.jpg\/villeroy-boch-vieux-luxembourg-set-6-piattini-per-tazze-te.jpg?ssl=1","datePublished":"2026-04-04T12:20:37+00:00","description":"Set de taza y platillo de t\u00e9 A\u00f1ade un toque de elegancia a tu mesa con el set de 6 platillos para taza de t\u00e9 en porcelana blanca premium. Cada platillo","breadcrumb":{"@id":"https:\/\/dev6.erresse-shop.it\/es\/shop\/tabla\/tazas\/villeroy-boch-vieux-luxembourg-set-de-6-platillos-para-taza-de-te\/#breadcrumb"},"inLanguage":"es","potentialAction":[{"@type":"ReadAction","target":["https:\/\/dev6.erresse-shop.it\/es\/shop\/tabla\/tazas\/villeroy-boch-vieux-luxembourg-set-de-6-platillos-para-taza-de-te\/"]}]},{"@type":"ImageObject","inLanguage":"es","@id":"https:\/\/dev6.erresse-shop.it\/es\/shop\/tabla\/tazas\/villeroy-boch-vieux-luxembourg-set-de-6-platillos-para-taza-de-te\/#primaryimage","url":"https:\/\/i3.wp.com\/interpim.erresse-shop.it\/wp-content\/uploads\/2025\/04\/VILLEROY-BOCH-Vieux-Luxembourg-Set-6-Piattini-per-Tazze-Te.jpg\/villeroy-boch-vieux-luxembourg-set-6-piattini-per-tazze-te.jpg?ssl=1","contentUrl":"https:\/\/i3.wp.com\/interpim.erresse-shop.it\/wp-content\/uploads\/2025\/04\/VILLEROY-BOCH-Vieux-Luxembourg-Set-6-Piattini-per-Tazze-Te.jpg\/villeroy-boch-vieux-luxembourg-set-6-piattini-per-tazze-te.jpg?ssl=1"},{"@type":"BreadcrumbList","@id":"https:\/\/dev6.erresse-shop.it\/es\/shop\/tabla\/tazas\/villeroy-boch-vieux-luxembourg-set-de-6-platillos-para-taza-de-te\/#breadcrumb","itemListElement":[{"@type":"ListItem","position":1,"name":"Home","item":"https:\/\/dev6.erresse-shop.it\/"},{"@type":"ListItem","position":2,"name":"Tienda","item":"https:\/\/dev6.erresse-shop.it\/shop\/"},{"@type":"ListItem","position":3,"name":"VILLEROY &#038; BOCH Vieux Luxembourg Set de 6 platillos para taza de t\u00e9"}]},{"@type":"WebSite","@id":"https:\/\/dev6.erresse-shop.it\/#website","url":"https:\/\/dev6.erresse-shop.it\/","name":"Erresse Shop","description":"","publisher":{"@id":"https:\/\/dev6.erresse-shop.it\/#organization"},"potentialAction":[{"@type":"SearchAction","target":{"@type":"EntryPoint","urlTemplate":"https:\/\/dev6.erresse-shop.it\/?s={search_term_string}"},"query-input":{"@type":"PropertyValueSpecification","valueRequired":true,"valueName":"search_term_string"}}],"inLanguage":"es"},{"@type":"Organization","@id":"https:\/\/dev6.erresse-shop.it\/#organization","name":"Erresse Shop","url":"https:\/\/dev6.erresse-shop.it\/","logo":{"@type":"ImageObject","inLanguage":"es","@id":"https:\/\/dev6.erresse-shop.it\/#\/schema\/logo\/image\/","url":"https:\/\/dev6.erresse-shop.it\/wp-content\/uploads\/2025\/01\/LOGO-ERRESSE-CLASSICO.svg","contentUrl":"https:\/\/dev6.erresse-shop.it\/wp-content\/uploads\/2025\/01\/LOGO-ERRESSE-CLASSICO.svg","caption":"Erresse Shop"},"image":{"@id":"https:\/\/dev6.erresse-shop.it\/#\/schema\/logo\/image\/"}}]}},"df_price":59.95,"df_sale_price":59.95,"df_regular_price":78,"df_image_link":"https:\/\/i3.wp.com\/interpim.erresse-shop.it\/wp-content\/uploads\/2025\/04\/VILLEROY-BOCH-Vieux-Luxembourg-Set-6-Piattini-per-Tazze-Te.jpg\/villeroy-boch-vieux-luxembourg-set-6-piattini-per-tazze-te.jpg?resize=300,300&ssl=1","fifu_image_url":"https:\/\/interpim.erresse-shop.it\/wp-content\/uploads\/2025\/04\/VILLEROY-BOCH-Vieux-Luxembourg-Set-6-Piattini-per-Tazze-Te.jpg\/villeroy-boch-vieux-luxembourg-set-6-piattini-per-tazze-te.jpg","_links":{"self":[{"href":"https:\/\/dev6.erresse-shop.it\/es\/wp-json\/wp\/v2\/product\/2311125","targetHints":{"allow":["GET"]}}],"collection":[{"href":"https:\/\/dev6.erresse-shop.it\/es\/wp-json\/wp\/v2\/product"}],"about":[{"href":"https:\/\/dev6.erresse-shop.it\/es\/wp-json\/wp\/v2\/types\/product"}],"wp:featuredmedia":[{"embeddable":true,"href":"https:\/\/dev6.erresse-shop.it\/es\/wp-json\/wp\/v2\/media\/6297184"}],"wp:attachment":[{"href":"https:\/\/dev6.erresse-shop.it\/es\/wp-json\/wp\/v2\/media?parent=2311125"}],"wp:term":[{"taxonomy":"product_cat","embeddable":true,"href":"https:\/\/dev6.erresse-shop.it\/es\/wp-json\/wp\/v2\/product_cat?post=2311125"},{"taxonomy":"product_tag","embeddable":true,"href":"https:\/\/dev6.erresse-shop.it\/es\/wp-json\/wp\/v2\/product_tag?post=2311125"}],"curies":[{"name":"wp","href":"https:\/\/api.w.org\/{rel}","templated":true}]}}